{"id":14498,"date":"2023-01-03T12:35:05","date_gmt":"2023-01-03T10:35:05","guid":{"rendered":"https:\/\/www.movacolor.com\/qua-trinh\/ep-phun\/"},"modified":"2023-01-03T12:35:05","modified_gmt":"2023-01-03T10:35:05","slug":"ep-phun","status":"publish","type":"page","link":"https:\/\/www.movacolor.com\/vi\/qua-trinh\/ep-phun\/","title":{"rendered":"\u00e9p phun"},"content":{"rendered":"<p>H\u1ec7 th\u1ed1ng \u0111\u1ecbnh l\u01b0\u1ee3ng th\u1ec3 t\u00edch v\u00e0 tr\u1ecdng l\u01b0\u1ee3ng r\u1ea5t c\u1ea7n thi\u1ebft trong qu\u00e1 tr\u00ecnh \u00e9p phun. Qu\u00e1 tr\u00ecnh s\u1ea3n xu\u1ea5t \u00e9p phun t\u1ea1o ra c\u00e1c b\u1ed9 ph\u1eadn t\u1eeb c\u1ea3 v\u1eadt li\u1ec7u nh\u1ef1a nhi\u1ec7t d\u1ebbo v\u00e0 nh\u1ef1a nhi\u1ec7t r\u1eafn. Do chi ph\u00ed s\u1ea3n xu\u1ea5t khu\u00f4n cao n\u00ean ph\u01b0\u01a1ng ph\u00e1p \u00e9p phun ch\u1ee7 y\u1ebfu \u0111\u01b0\u1ee3c s\u1eed d\u1ee5ng trong s\u1ea3n xu\u1ea5t h\u00e0ng lo\u1ea1t v\u1edbi h\u00e0ng ngh\u00ecn b\u1ed9 ph\u1eadn \u0111\u01b0\u1ee3c s\u1ea3n xu\u1ea5t.<\/p>\n","protected":false},"excerpt":{"rendered":"<p>H\u1ec7 th\u1ed1ng \u0111\u1ecbnh l\u01b0\u1ee3ng th\u1ec3 t\u00edch v\u00e0 tr\u1ecdng l\u01b0\u1ee3ng r\u1ea5t c\u1ea7n thi\u1ebft trong qu\u00e1 tr\u00ecnh \u00e9p phun. Qu\u00e1 tr\u00ecnh s\u1ea3n xu\u1ea5t \u00e9p phun t\u1ea1o ra c\u00e1c b\u1ed9 ph\u1eadn t\u1eeb c\u1ea3 v\u1eadt li\u1ec7u nh\u1ef1a nhi\u1ec7t d\u1ebbo v\u00e0 nh\u1ef1a nhi\u1ec7t r\u1eafn. Do chi ph\u00ed s\u1ea3n xu\u1ea5t khu\u00f4n cao n\u00ean ph\u01b0\u01a1ng ph\u00e1p \u00e9p phun ch\u1ee7 y\u1ebfu \u0111\u01b0\u1ee3c s\u1eed&#8230;<\/p>\n","protected":false},"author":2,"featured_media":14499,"parent":14493,"menu_order":0,"comment_status":"closed","ping_status":"closed","template":"","meta":{"_acf_changed":false,"footnotes":""},"class_list":["post-14498","page","type-page","status-publish","has-post-thumbnail","hentry","us_portfolio_tag-ep-phun"],"acf":[],"yoast_head":"<!-- This site is optimized with the Yoast SEO plugin v26.4 - https:\/\/yoast.com\/wordpress\/plugins\/seo\/ -->\n<title>\u00c9p phun \u00bb Truy c\u1eadp trang web c\u1ee7a ch\u00fang t\u00f4i v\u00e0 \u0111\u1ecdc th\u00eam!<\/title>\n<meta name=\"description\" content=\"B\u1ed9 c\u1ea5p li\u1ec7u theo tr\u1ecdng l\u01b0\u1ee3ng v\u00e0 th\u1ec3 t\u00edch c\u1ee7a ch\u00fang t\u00f4i d\u00e0nh cho ng\u00e0nh \u00e9p phun \u0111\u01b0\u1ee3c thi\u1ebft k\u1ebf \u0111\u1ec3 ph\u00e2n ph\u1ed1i v\u1eadt li\u1ec7u c\u1ee7a b\u1ea1n ch\u00ednh x\u00e1c nh\u1ea5t c\u00f3 th\u1ec3. \u0110\u1ecdc th\u00eam!\" \/>\n<meta name=\"robots\" content=\"index, follow, max-snippet:-1, max-image-preview:large, max-video-preview:-1\" \/>\n<link rel=\"canonical\" href=\"https:\/\/www.movacolor.com\/vi\/qua-trinh\/ep-phun\/\" \/>\n<meta property=\"og:locale\" content=\"vi_VN\" \/>\n<meta property=\"og:type\" content=\"article\" \/>\n<meta property=\"og:title\" content=\"\u00c9p phun \u00bb Truy c\u1eadp trang web c\u1ee7a ch\u00fang t\u00f4i v\u00e0 \u0111\u1ecdc th\u00eam!\" \/>\n<meta property=\"og:description\" content=\"B\u1ed9 c\u1ea5p li\u1ec7u theo tr\u1ecdng l\u01b0\u1ee3ng v\u00e0 th\u1ec3 t\u00edch c\u1ee7a ch\u00fang t\u00f4i d\u00e0nh cho ng\u00e0nh \u00e9p phun \u0111\u01b0\u1ee3c thi\u1ebft k\u1ebf \u0111\u1ec3 ph\u00e2n ph\u1ed1i v\u1eadt li\u1ec7u c\u1ee7a b\u1ea1n ch\u00ednh x\u00e1c nh\u1ea5t c\u00f3 th\u1ec3. \u0110\u1ecdc th\u00eam!\" \/>\n<meta property=\"og:url\" content=\"https:\/\/www.movacolor.com\/vi\/qua-trinh\/ep-phun\/\" \/>\n<meta property=\"og:site_name\" content=\"Movacolor\" \/>\n<meta property=\"og:image\" content=\"https:\/\/www.movacolor.com\/wp-content\/uploads\/2023\/03\/Injection_molding.jpg\" \/>\n\t<meta property=\"og:image:width\" content=\"1920\" \/>\n\t<meta property=\"og:image:height\" content=\"1280\" \/>\n\t<meta property=\"og:image:type\" content=\"image\/jpeg\" \/>\n<meta name=\"twitter:card\" content=\"summary_large_image\" \/>\n<meta name=\"twitter:label1\" content=\"Est. reading time\" \/>\n\t<meta name=\"twitter:data1\" content=\"1 minute\" \/>\n<script type=\"application\/ld+json\" class=\"yoast-schema-graph\">{\"@context\":\"https:\/\/schema.org\",\"@graph\":[{\"@type\":\"WebPage\",\"@id\":\"https:\/\/www.movacolor.com\/vi\/qua-trinh\/ep-phun\/\",\"url\":\"https:\/\/www.movacolor.com\/vi\/qua-trinh\/ep-phun\/\",\"name\":\"\u00c9p phun \u00bb Truy c\u1eadp trang web c\u1ee7a ch\u00fang t\u00f4i v\u00e0 \u0111\u1ecdc th\u00eam!\",\"isPartOf\":{\"@id\":\"https:\/\/www.movacolor.com\/vi\/#website\"},\"primaryImageOfPage\":{\"@id\":\"https:\/\/www.movacolor.com\/vi\/qua-trinh\/ep-phun\/#primaryimage\"},\"image\":{\"@id\":\"https:\/\/www.movacolor.com\/vi\/qua-trinh\/ep-phun\/#primaryimage\"},\"thumbnailUrl\":\"https:\/\/www.movacolor.com\/wp-content\/uploads\/2023\/03\/Injection_molding.jpg\",\"datePublished\":\"2023-01-03T10:35:05+00:00\",\"description\":\"B\u1ed9 c\u1ea5p li\u1ec7u theo tr\u1ecdng l\u01b0\u1ee3ng v\u00e0 th\u1ec3 t\u00edch c\u1ee7a ch\u00fang t\u00f4i d\u00e0nh cho ng\u00e0nh \u00e9p phun \u0111\u01b0\u1ee3c thi\u1ebft k\u1ebf \u0111\u1ec3 ph\u00e2n ph\u1ed1i v\u1eadt li\u1ec7u c\u1ee7a b\u1ea1n ch\u00ednh x\u00e1c nh\u1ea5t c\u00f3 th\u1ec3. \u0110\u1ecdc th\u00eam!\",\"breadcrumb\":{\"@id\":\"https:\/\/www.movacolor.com\/vi\/qua-trinh\/ep-phun\/#breadcrumb\"},\"inLanguage\":\"vi-VN\",\"potentialAction\":[{\"@type\":\"ReadAction\",\"target\":[\"https:\/\/www.movacolor.com\/vi\/qua-trinh\/ep-phun\/\"]}]},{\"@type\":\"ImageObject\",\"inLanguage\":\"vi-VN\",\"@id\":\"https:\/\/www.movacolor.com\/vi\/qua-trinh\/ep-phun\/#primaryimage\",\"url\":\"https:\/\/www.movacolor.com\/wp-content\/uploads\/2023\/03\/Injection_molding.jpg\",\"contentUrl\":\"https:\/\/www.movacolor.com\/wp-content\/uploads\/2023\/03\/Injection_molding.jpg\",\"width\":1920,\"height\":1280,\"caption\":\"Injection Molding\"},{\"@type\":\"BreadcrumbList\",\"@id\":\"https:\/\/www.movacolor.com\/vi\/qua-trinh\/ep-phun\/#breadcrumb\",\"itemListElement\":[{\"@type\":\"ListItem\",\"position\":1,\"name\":\"Home\",\"item\":\"https:\/\/www.movacolor.com\/vi\/\"},{\"@type\":\"ListItem\",\"position\":2,\"name\":\"Qu\u00e1 tr\u00ecnh\",\"item\":\"https:\/\/www.movacolor.com\/vi\/process\/\"},{\"@type\":\"ListItem\",\"position\":3,\"name\":\"\u00e9p phun\"}]},{\"@type\":\"WebSite\",\"@id\":\"https:\/\/www.movacolor.com\/vi\/#website\",\"url\":\"https:\/\/www.movacolor.com\/vi\/\",\"name\":\"Movacolor\",\"description\":\"modular dosing solutions\",\"potentialAction\":[{\"@type\":\"SearchAction\",\"target\":{\"@type\":\"EntryPoint\",\"urlTemplate\":\"https:\/\/www.movacolor.com\/vi\/?s={search_term_string}\"},\"query-input\":{\"@type\":\"PropertyValueSpecification\",\"valueRequired\":true,\"valueName\":\"search_term_string\"}}],\"inLanguage\":\"vi-VN\"}]}<\/script>\n<!-- \/ Yoast SEO plugin. -->","yoast_head_json":{"title":"\u00c9p phun \u00bb Truy c\u1eadp trang web c\u1ee7a ch\u00fang t\u00f4i v\u00e0 \u0111\u1ecdc th\u00eam!","description":"B\u1ed9 c\u1ea5p li\u1ec7u theo tr\u1ecdng l\u01b0\u1ee3ng v\u00e0 th\u1ec3 t\u00edch c\u1ee7a ch\u00fang t\u00f4i d\u00e0nh cho ng\u00e0nh \u00e9p phun \u0111\u01b0\u1ee3c thi\u1ebft k\u1ebf \u0111\u1ec3 ph\u00e2n ph\u1ed1i v\u1eadt li\u1ec7u c\u1ee7a b\u1ea1n ch\u00ednh x\u00e1c nh\u1ea5t c\u00f3 th\u1ec3. \u0110\u1ecdc th\u00eam!","robots":{"index":"index","follow":"follow","max-snippet":"max-snippet:-1","max-image-preview":"max-image-preview:large","max-video-preview":"max-video-preview:-1"},"canonical":"https:\/\/www.movacolor.com\/vi\/qua-trinh\/ep-phun\/","og_locale":"vi_VN","og_type":"article","og_title":"\u00c9p phun \u00bb Truy c\u1eadp trang web c\u1ee7a ch\u00fang t\u00f4i v\u00e0 \u0111\u1ecdc th\u00eam!","og_description":"B\u1ed9 c\u1ea5p li\u1ec7u theo tr\u1ecdng l\u01b0\u1ee3ng v\u00e0 th\u1ec3 t\u00edch c\u1ee7a ch\u00fang t\u00f4i d\u00e0nh cho ng\u00e0nh \u00e9p phun \u0111\u01b0\u1ee3c thi\u1ebft k\u1ebf \u0111\u1ec3 ph\u00e2n ph\u1ed1i v\u1eadt li\u1ec7u c\u1ee7a b\u1ea1n ch\u00ednh x\u00e1c nh\u1ea5t c\u00f3 th\u1ec3. \u0110\u1ecdc th\u00eam!","og_url":"https:\/\/www.movacolor.com\/vi\/qua-trinh\/ep-phun\/","og_site_name":"Movacolor","og_image":[{"width":1920,"height":1280,"url":"https:\/\/www.movacolor.com\/wp-content\/uploads\/2023\/03\/Injection_molding.jpg","type":"image\/jpeg"}],"twitter_card":"summary_large_image","twitter_misc":{"Est. reading time":"1 minute"},"schema":{"@context":"https:\/\/schema.org","@graph":[{"@type":"WebPage","@id":"https:\/\/www.movacolor.com\/vi\/qua-trinh\/ep-phun\/","url":"https:\/\/www.movacolor.com\/vi\/qua-trinh\/ep-phun\/","name":"\u00c9p phun \u00bb Truy c\u1eadp trang web c\u1ee7a ch\u00fang t\u00f4i v\u00e0 \u0111\u1ecdc th\u00eam!","isPartOf":{"@id":"https:\/\/www.movacolor.com\/vi\/#website"},"primaryImageOfPage":{"@id":"https:\/\/www.movacolor.com\/vi\/qua-trinh\/ep-phun\/#primaryimage"},"image":{"@id":"https:\/\/www.movacolor.com\/vi\/qua-trinh\/ep-phun\/#primaryimage"},"thumbnailUrl":"https:\/\/www.movacolor.com\/wp-content\/uploads\/2023\/03\/Injection_molding.jpg","datePublished":"2023-01-03T10:35:05+00:00","description":"B\u1ed9 c\u1ea5p li\u1ec7u theo tr\u1ecdng l\u01b0\u1ee3ng v\u00e0 th\u1ec3 t\u00edch c\u1ee7a ch\u00fang t\u00f4i d\u00e0nh cho ng\u00e0nh \u00e9p phun \u0111\u01b0\u1ee3c thi\u1ebft k\u1ebf \u0111\u1ec3 ph\u00e2n ph\u1ed1i v\u1eadt li\u1ec7u c\u1ee7a b\u1ea1n ch\u00ednh x\u00e1c nh\u1ea5t c\u00f3 th\u1ec3. \u0110\u1ecdc th\u00eam!","breadcrumb":{"@id":"https:\/\/www.movacolor.com\/vi\/qua-trinh\/ep-phun\/#breadcrumb"},"inLanguage":"vi-VN","potentialAction":[{"@type":"ReadAction","target":["https:\/\/www.movacolor.com\/vi\/qua-trinh\/ep-phun\/"]}]},{"@type":"ImageObject","inLanguage":"vi-VN","@id":"https:\/\/www.movacolor.com\/vi\/qua-trinh\/ep-phun\/#primaryimage","url":"https:\/\/www.movacolor.com\/wp-content\/uploads\/2023\/03\/Injection_molding.jpg","contentUrl":"https:\/\/www.movacolor.com\/wp-content\/uploads\/2023\/03\/Injection_molding.jpg","width":1920,"height":1280,"caption":"Injection Molding"},{"@type":"BreadcrumbList","@id":"https:\/\/www.movacolor.com\/vi\/qua-trinh\/ep-phun\/#breadcrumb","itemListElement":[{"@type":"ListItem","position":1,"name":"Home","item":"https:\/\/www.movacolor.com\/vi\/"},{"@type":"ListItem","position":2,"name":"Qu\u00e1 tr\u00ecnh","item":"https:\/\/www.movacolor.com\/vi\/process\/"},{"@type":"ListItem","position":3,"name":"\u00e9p phun"}]},{"@type":"WebSite","@id":"https:\/\/www.movacolor.com\/vi\/#website","url":"https:\/\/www.movacolor.com\/vi\/","name":"Movacolor","description":"modular dosing solutions","potentialAction":[{"@type":"SearchAction","target":{"@type":"EntryPoint","urlTemplate":"https:\/\/www.movacolor.com\/vi\/?s={search_term_string}"},"query-input":{"@type":"PropertyValueSpecification","valueRequired":true,"valueName":"search_term_string"}}],"inLanguage":"vi-VN"}]}},"_links":{"self":[{"href":"https:\/\/www.movacolor.com\/vi\/wp-json\/wp\/v2\/pages\/14498","targetHints":{"allow":["GET"]}}],"collection":[{"href":"https:\/\/www.movacolor.com\/vi\/wp-json\/wp\/v2\/pages"}],"about":[{"href":"https:\/\/www.movacolor.com\/vi\/wp-json\/wp\/v2\/types\/page"}],"author":[{"embeddable":true,"href":"https:\/\/www.movacolor.com\/vi\/wp-json\/wp\/v2\/users\/2"}],"replies":[{"embeddable":true,"href":"https:\/\/www.movacolor.com\/vi\/wp-json\/wp\/v2\/comments?post=14498"}],"version-history":[{"count":0,"href":"https:\/\/www.movacolor.com\/vi\/wp-json\/wp\/v2\/pages\/14498\/revisions"}],"up":[{"embeddable":true,"href":"https:\/\/www.movacolor.com\/vi\/wp-json\/wp\/v2\/pages\/14493"}],"wp:featuredmedia":[{"embeddable":true,"href":"https:\/\/www.movacolor.com\/vi\/wp-json\/wp\/v2\/media\/14499"}],"wp:attachment":[{"href":"https:\/\/www.movacolor.com\/vi\/wp-json\/wp\/v2\/media?parent=14498"}],"curies":[{"name":"wp","href":"https:\/\/api.w.org\/{rel}","templated":true}]}}