{"id":14497,"date":"2023-01-03T12:35:23","date_gmt":"2023-01-03T10:35:23","guid":{"rendered":"https:\/\/www.movacolor.com\/qua-trinh\/phun-ra\/"},"modified":"2023-01-03T12:35:23","modified_gmt":"2023-01-03T10:35:23","slug":"phun-ra","status":"publish","type":"page","link":"https:\/\/www.movacolor.com\/vi\/qua-trinh\/dun\/","title":{"rendered":"Phun ra"},"content":{"rendered":"<section class=\"text-with-image\">\n<div class=\"row\">\n<div class=\"content\">\n<p>Li\u1ec1u l\u01b0\u1ee3ng ch\u00ednh x\u00e1c l\u00e0 r\u1ea5t quan tr\u1ecdng trong qu\u00e1 tr\u00ecnh \u00e9p \u0111\u00f9n. C\u00e1c b\u1ed9 ph\u1eadn \u0111\u01b0\u1ee3c s\u1ea3n xu\u1ea5t b\u1eb1ng m\u00e1y \u0111\u00f9n ph\u1ea3i \u0111\u00e1p \u1ee9ng c\u00e1c y\u00eau c\u1ea7u ch\u1ea5t l\u01b0\u1ee3ng cao nh\u1ea5t. \u0110\u1ec3 nhu\u1ed9m v\u1eadt li\u1ec7u ch\u00ednh th\u00f4ng qua vi\u1ec7c \u0111\u1ecbnh l\u01b0\u1ee3ng ch\u1ea5t ph\u1ee5 gia, n\u00ean ch\u1ecdn h\u1ec7 th\u1ed1ng \u0111\u1ecbnh l\u01b0\u1ee3ng ph\u00f9 h\u1ee3p v\u1edbi quy tr\u00ecnh \u00e9p \u0111\u00f9n.<\/p>\n<h2>B\u1ed9 c\u1ea5p li\u1ec7u tr\u1ecdng l\u01b0\u1ee3ng v\u00e0 th\u1ec3 t\u00edch \u0111\u1ec3 \u00e9p \u0111\u00f9n<\/h2>\n<p>Movacolor ph\u00e1t tri\u1ec3n v\u00e0 ti\u1ebfp th\u1ecb c\u00e1c thi\u1ebft b\u1ecb c\u1ea5p li\u1ec7u theo tr\u1ecdng l\u01b0\u1ee3ng v\u00e0 th\u1ec3 t\u00edch cho b\u1ea5t k\u1ef3 \u1ee9ng d\u1ee5ng \u00e9p \u0111\u00f9n n\u00e0o. Nh\u00e0 s\u1ea3n xu\u1ea5t ch\u1ec9 c\u1ea7n m\u1ed9t h\u1ec7 th\u1ed1ng \u0111\u1ecbnh l\u01b0\u1ee3ng c\u00f3 \u0111\u1ed9 ch\u00ednh x\u00e1c cao \u0111\u1ec3 \u00e9p \u0111\u00f9n, h\u1ec7 th\u1ed1ng n\u00e0y c\u0169ng d\u1ec5 v\u1eadn h\u00e0nh cho m\u1ecdi ng\u01b0\u1eddi l\u00e0m vi\u1ec7c trong khu v\u1ef1c s\u1ea3n xu\u1ea5t c\u1ee7a nh\u00e0 s\u1ea3n xu\u1ea5t nh\u1ef1a. H\u1ec7 th\u1ed1ng \u0111\u1ecbnh l\u01b0\u1ee3ng tr\u1ecdng l\u01b0\u1ee3ng v\u00e0 th\u1ec3 t\u00edch c\u1ee7a ch\u00fang t\u00f4i d\u00e0nh cho qu\u00e1 tr\u00ecnh \u00e9p \u0111\u00f9n ch\u1ea1y r\u1ea5t \u00eam.<\/p>\n<p>M\u1ed9t h\u1ec7 th\u1ed1ng \u0111\u1ecbnh l\u01b0\u1ee3ng s\u1eed d\u1ee5ng thu\u1ed1c nhu\u1ed9m v\u00e0 c\u00e1c ch\u1ea5t ph\u1ee5 gia \u0111\u1eaft ti\u1ec1n kh\u00e1c m\u1ed9t c\u00e1ch ti\u1ebft ki\u1ec7m v\u00e0 do \u0111\u00f3 c\u00f3 th\u1ec3 ti\u1ebft ki\u1ec7m chi ph\u00ed c\u0169ng nh\u01b0 g\u00f3p ph\u1ea7n v\u00e0o qu\u00e1 tr\u00ecnh \u00e9p \u0111\u00f9n li\u00ean t\u1ee5c. Ch\u00ednh x\u00e1c th\u00ec lo\u1ea1i h\u1ec7 th\u1ed1ng \u0111\u1ecbnh l\u01b0\u1ee3ng n\u00e0y l\u00e0 th\u1ee9 m\u00e0 Movacolor cung c\u1ea5p: b\u1ed9 c\u1ea5p li\u1ec7u theo tr\u1ecdng l\u01b0\u1ee3ng v\u00e0 th\u1ec3 t\u00edch c\u00f3 \u0111\u1ed9 ch\u00ednh x\u00e1c cao \u0111\u1ec3 \u00e9p \u0111\u00f9n. M\u00e1y cho \u0103n theo tr\u1ecdng l\u01b0\u1ee3ng c\u00f2n \u0111\u01b0\u1ee3c g\u1ecdi l\u00e0 m\u00e1y cho \u0103n gi\u1ea3m c\u00e2n.<\/p>\n<\/div>\n<\/div>\n<\/section>\n","protected":false},"excerpt":{"rendered":"<p>Li\u1ec1u l\u01b0\u1ee3ng ch\u00ednh x\u00e1c l\u00e0 r\u1ea5t quan tr\u1ecdng trong qu\u00e1 tr\u00ecnh \u00e9p \u0111\u00f9n. C\u00e1c b\u1ed9 ph\u1eadn \u0111\u01b0\u1ee3c s\u1ea3n xu\u1ea5t b\u1eb1ng m\u00e1y \u0111\u00f9n ph\u1ea3i \u0111\u00e1p \u1ee9ng c\u00e1c y\u00eau c\u1ea7u ch\u1ea5t l\u01b0\u1ee3ng cao nh\u1ea5t. \u0110\u1ec3 nhu\u1ed9m v\u1eadt li\u1ec7u ch\u00ednh th\u00f4ng qua vi\u1ec7c \u0111\u1ecbnh l\u01b0\u1ee3ng ch\u1ea5t ph\u1ee5 gia, n\u00ean ch\u1ecdn h\u1ec7 th\u1ed1ng \u0111\u1ecbnh l\u01b0\u1ee3ng ph\u00f9 h\u1ee3p v\u1edbi quy&#8230;<\/p>\n","protected":false},"author":2,"featured_media":0,"parent":14493,"menu_order":0,"comment_status":"closed","ping_status":"closed","template":"","meta":{"_acf_changed":false,"footnotes":""},"class_list":["post-14497","page","type-page","status-publish","hentry","us_portfolio_tag-phun-ra"],"acf":[],"yoast_head":"<!-- This site is optimized with the Yoast SEO plugin v26.4 - https:\/\/yoast.com\/wordpress\/plugins\/seo\/ -->\n<title>\u0110\u00f9n \u00bb Truy c\u1eadp trang web c\u1ee7a ch\u00fang t\u00f4i v\u00e0 \u0111\u1ecdc th\u00eam!<\/title>\n<meta name=\"description\" content=\"Li\u1ec1u l\u01b0\u1ee3ng ch\u00ednh x\u00e1c l\u00e0 r\u1ea5t quan tr\u1ecdng trong qu\u00e1 tr\u00ecnh \u00e9p \u0111\u00f9n. Bi\u1ebft th\u00eam v\u1ec1 \u00e9p \u0111\u00f9n v\u1edbi h\u1ec7 th\u1ed1ng \u0111\u1ecbnh l\u01b0\u1ee3ng c\u00f3 \u0111\u1ed9 ch\u00ednh x\u00e1c cao? Truy c\u1eadp trang web c\u1ee7a ch\u00fang t\u00f4i!\" \/>\n<meta name=\"robots\" content=\"index, follow, max-snippet:-1, max-image-preview:large, max-video-preview:-1\" \/>\n<link rel=\"canonical\" href=\"https:\/\/www.movacolor.com\/vi\/qua-trinh\/dun\/\" \/>\n<meta property=\"og:locale\" content=\"vi_VN\" \/>\n<meta property=\"og:type\" content=\"article\" \/>\n<meta property=\"og:title\" content=\"\u0110\u00f9n \u00bb Truy c\u1eadp trang web c\u1ee7a ch\u00fang t\u00f4i v\u00e0 \u0111\u1ecdc th\u00eam!\" \/>\n<meta property=\"og:description\" content=\"Li\u1ec1u l\u01b0\u1ee3ng ch\u00ednh x\u00e1c l\u00e0 r\u1ea5t quan tr\u1ecdng trong qu\u00e1 tr\u00ecnh \u00e9p \u0111\u00f9n. Bi\u1ebft th\u00eam v\u1ec1 \u00e9p \u0111\u00f9n v\u1edbi h\u1ec7 th\u1ed1ng \u0111\u1ecbnh l\u01b0\u1ee3ng c\u00f3 \u0111\u1ed9 ch\u00ednh x\u00e1c cao? Truy c\u1eadp trang web c\u1ee7a ch\u00fang t\u00f4i!\" \/>\n<meta property=\"og:url\" content=\"https:\/\/www.movacolor.com\/vi\/qua-trinh\/dun\/\" \/>\n<meta property=\"og:site_name\" content=\"Movacolor\" \/>\n<meta name=\"twitter:card\" content=\"summary_large_image\" \/>\n<meta name=\"twitter:label1\" content=\"Est. reading time\" \/>\n\t<meta name=\"twitter:data1\" content=\"2 minutes\" \/>\n<script type=\"application\/ld+json\" class=\"yoast-schema-graph\">{\"@context\":\"https:\/\/schema.org\",\"@graph\":[{\"@type\":\"WebPage\",\"@id\":\"https:\/\/www.movacolor.com\/vi\/qua-trinh\/dun\/\",\"url\":\"https:\/\/www.movacolor.com\/vi\/qua-trinh\/dun\/\",\"name\":\"\u0110\u00f9n \u00bb Truy c\u1eadp trang web c\u1ee7a ch\u00fang t\u00f4i v\u00e0 \u0111\u1ecdc th\u00eam!\",\"isPartOf\":{\"@id\":\"https:\/\/www.movacolor.com\/vi\/#website\"},\"datePublished\":\"2023-01-03T10:35:23+00:00\",\"description\":\"Li\u1ec1u l\u01b0\u1ee3ng ch\u00ednh x\u00e1c l\u00e0 r\u1ea5t quan tr\u1ecdng trong qu\u00e1 tr\u00ecnh \u00e9p \u0111\u00f9n. Bi\u1ebft th\u00eam v\u1ec1 \u00e9p \u0111\u00f9n v\u1edbi h\u1ec7 th\u1ed1ng \u0111\u1ecbnh l\u01b0\u1ee3ng c\u00f3 \u0111\u1ed9 ch\u00ednh x\u00e1c cao? Truy c\u1eadp trang web c\u1ee7a ch\u00fang t\u00f4i!\",\"breadcrumb\":{\"@id\":\"https:\/\/www.movacolor.com\/vi\/qua-trinh\/dun\/#breadcrumb\"},\"inLanguage\":\"vi-VN\",\"potentialAction\":[{\"@type\":\"ReadAction\",\"target\":[\"https:\/\/www.movacolor.com\/vi\/qua-trinh\/dun\/\"]}]},{\"@type\":\"BreadcrumbList\",\"@id\":\"https:\/\/www.movacolor.com\/vi\/qua-trinh\/dun\/#breadcrumb\",\"itemListElement\":[{\"@type\":\"ListItem\",\"position\":1,\"name\":\"Home\",\"item\":\"https:\/\/www.movacolor.com\/vi\/\"},{\"@type\":\"ListItem\",\"position\":2,\"name\":\"Qu\u00e1 tr\u00ecnh\",\"item\":\"https:\/\/www.movacolor.com\/vi\/process\/\"},{\"@type\":\"ListItem\",\"position\":3,\"name\":\"Phun ra\"}]},{\"@type\":\"WebSite\",\"@id\":\"https:\/\/www.movacolor.com\/vi\/#website\",\"url\":\"https:\/\/www.movacolor.com\/vi\/\",\"name\":\"Movacolor\",\"description\":\"modular dosing solutions\",\"potentialAction\":[{\"@type\":\"SearchAction\",\"target\":{\"@type\":\"EntryPoint\",\"urlTemplate\":\"https:\/\/www.movacolor.com\/vi\/?s={search_term_string}\"},\"query-input\":{\"@type\":\"PropertyValueSpecification\",\"valueRequired\":true,\"valueName\":\"search_term_string\"}}],\"inLanguage\":\"vi-VN\"}]}<\/script>\n<!-- \/ Yoast SEO plugin. -->","yoast_head_json":{"title":"\u0110\u00f9n \u00bb Truy c\u1eadp trang web c\u1ee7a ch\u00fang t\u00f4i v\u00e0 \u0111\u1ecdc th\u00eam!","description":"Li\u1ec1u l\u01b0\u1ee3ng ch\u00ednh x\u00e1c l\u00e0 r\u1ea5t quan tr\u1ecdng trong qu\u00e1 tr\u00ecnh \u00e9p \u0111\u00f9n. Bi\u1ebft th\u00eam v\u1ec1 \u00e9p \u0111\u00f9n v\u1edbi h\u1ec7 th\u1ed1ng \u0111\u1ecbnh l\u01b0\u1ee3ng c\u00f3 \u0111\u1ed9 ch\u00ednh x\u00e1c cao? Truy c\u1eadp trang web c\u1ee7a ch\u00fang t\u00f4i!","robots":{"index":"index","follow":"follow","max-snippet":"max-snippet:-1","max-image-preview":"max-image-preview:large","max-video-preview":"max-video-preview:-1"},"canonical":"https:\/\/www.movacolor.com\/vi\/qua-trinh\/dun\/","og_locale":"vi_VN","og_type":"article","og_title":"\u0110\u00f9n \u00bb Truy c\u1eadp trang web c\u1ee7a ch\u00fang t\u00f4i v\u00e0 \u0111\u1ecdc th\u00eam!","og_description":"Li\u1ec1u l\u01b0\u1ee3ng ch\u00ednh x\u00e1c l\u00e0 r\u1ea5t quan tr\u1ecdng trong qu\u00e1 tr\u00ecnh \u00e9p \u0111\u00f9n. Bi\u1ebft th\u00eam v\u1ec1 \u00e9p \u0111\u00f9n v\u1edbi h\u1ec7 th\u1ed1ng \u0111\u1ecbnh l\u01b0\u1ee3ng c\u00f3 \u0111\u1ed9 ch\u00ednh x\u00e1c cao? Truy c\u1eadp trang web c\u1ee7a ch\u00fang t\u00f4i!","og_url":"https:\/\/www.movacolor.com\/vi\/qua-trinh\/dun\/","og_site_name":"Movacolor","twitter_card":"summary_large_image","twitter_misc":{"Est. reading time":"2 minutes"},"schema":{"@context":"https:\/\/schema.org","@graph":[{"@type":"WebPage","@id":"https:\/\/www.movacolor.com\/vi\/qua-trinh\/dun\/","url":"https:\/\/www.movacolor.com\/vi\/qua-trinh\/dun\/","name":"\u0110\u00f9n \u00bb Truy c\u1eadp trang web c\u1ee7a ch\u00fang t\u00f4i v\u00e0 \u0111\u1ecdc th\u00eam!","isPartOf":{"@id":"https:\/\/www.movacolor.com\/vi\/#website"},"datePublished":"2023-01-03T10:35:23+00:00","description":"Li\u1ec1u l\u01b0\u1ee3ng ch\u00ednh x\u00e1c l\u00e0 r\u1ea5t quan tr\u1ecdng trong qu\u00e1 tr\u00ecnh \u00e9p \u0111\u00f9n. Bi\u1ebft th\u00eam v\u1ec1 \u00e9p \u0111\u00f9n v\u1edbi h\u1ec7 th\u1ed1ng \u0111\u1ecbnh l\u01b0\u1ee3ng c\u00f3 \u0111\u1ed9 ch\u00ednh x\u00e1c cao? Truy c\u1eadp trang web c\u1ee7a ch\u00fang t\u00f4i!","breadcrumb":{"@id":"https:\/\/www.movacolor.com\/vi\/qua-trinh\/dun\/#breadcrumb"},"inLanguage":"vi-VN","potentialAction":[{"@type":"ReadAction","target":["https:\/\/www.movacolor.com\/vi\/qua-trinh\/dun\/"]}]},{"@type":"BreadcrumbList","@id":"https:\/\/www.movacolor.com\/vi\/qua-trinh\/dun\/#breadcrumb","itemListElement":[{"@type":"ListItem","position":1,"name":"Home","item":"https:\/\/www.movacolor.com\/vi\/"},{"@type":"ListItem","position":2,"name":"Qu\u00e1 tr\u00ecnh","item":"https:\/\/www.movacolor.com\/vi\/process\/"},{"@type":"ListItem","position":3,"name":"Phun ra"}]},{"@type":"WebSite","@id":"https:\/\/www.movacolor.com\/vi\/#website","url":"https:\/\/www.movacolor.com\/vi\/","name":"Movacolor","description":"modular dosing solutions","potentialAction":[{"@type":"SearchAction","target":{"@type":"EntryPoint","urlTemplate":"https:\/\/www.movacolor.com\/vi\/?s={search_term_string}"},"query-input":{"@type":"PropertyValueSpecification","valueRequired":true,"valueName":"search_term_string"}}],"inLanguage":"vi-VN"}]}},"_links":{"self":[{"href":"https:\/\/www.movacolor.com\/vi\/wp-json\/wp\/v2\/pages\/14497","targetHints":{"allow":["GET"]}}],"collection":[{"href":"https:\/\/www.movacolor.com\/vi\/wp-json\/wp\/v2\/pages"}],"about":[{"href":"https:\/\/www.movacolor.com\/vi\/wp-json\/wp\/v2\/types\/page"}],"author":[{"embeddable":true,"href":"https:\/\/www.movacolor.com\/vi\/wp-json\/wp\/v2\/users\/2"}],"replies":[{"embeddable":true,"href":"https:\/\/www.movacolor.com\/vi\/wp-json\/wp\/v2\/comments?post=14497"}],"version-history":[{"count":0,"href":"https:\/\/www.movacolor.com\/vi\/wp-json\/wp\/v2\/pages\/14497\/revisions"}],"up":[{"embeddable":true,"href":"https:\/\/www.movacolor.com\/vi\/wp-json\/wp\/v2\/pages\/14493"}],"wp:attachment":[{"href":"https:\/\/www.movacolor.com\/vi\/wp-json\/wp\/v2\/media?parent=14497"}],"curies":[{"name":"wp","href":"https:\/\/api.w.org\/{rel}","templated":true}]}}