{"id":14493,"date":"2023-01-03T12:28:03","date_gmt":"2023-01-03T10:28:03","guid":{"rendered":"https:\/\/www.movacolor.com\/qua-trinh\/"},"modified":"2024-01-19T21:31:04","modified_gmt":"2024-01-19T19:31:04","slug":"qua-trinh","status":"publish","type":"page","link":"https:\/\/www.movacolor.com\/vi\/qua-trinh\/","title":{"rendered":"Qu\u00e1 tr\u00ecnh"},"content":{"rendered":"<p>&nbsp;<section class=\"l-section wpb_row us_custom_645e9f38 us_animate_this height_auto\"><div class=\"l-section-h i-cf\"><div class=\"g-cols vc_row via_flex valign_top type_boxes stacking_default\"><div class=\"vc_col-sm-12 wpb_column vc_column_container\"><div class=\"vc_column-inner us_custom_3d831995\"><div class=\"wpb_wrapper\"><div class=\"wpb_text_column\"><div class=\"wpb_wrapper\"><h1>Qu\u00e1 tr\u00ecnh<\/h1>\n<\/div><\/div><\/div><\/div><\/div><\/div><\/div><\/section><section class=\"l-section wpb_row us_custom_b0c8f7d6 height_auto\"><div class=\"l-section-h i-cf\"><div class=\"g-cols vc_row via_flex valign_top type_default stacking_default\"><div class=\"vc_col-sm-12 wpb_column vc_column_container\"><div class=\"vc_column-inner us_custom_f44b38f2\"><div class=\"wpb_wrapper\"><div class=\"w-post-elm post_image us_custom_6eef1e9e us_animate_this stretched\"><img loading=\"lazy\" decoding=\"async\" width=\"1500\" height=\"800\" src=\"https:\/\/www.movacolor.com\/wp-content\/uploads\/2023\/01\/mvc_process-1500x800.jpg\" class=\"attachment-us_1500_800_crop size-us_1500_800_crop wp-post-image\" alt=\"\" \/><\/div><\/div><\/div><\/div><\/div><\/div><\/section><section class=\"l-section wpb_row us_custom_2231b372 height_auto\"><div class=\"l-section-h i-cf\"><div class=\"g-cols vc_row via_flex valign_top type_boxes stacking_default\"><div class=\"vc_col-sm-12 wpb_column vc_column_container\"><div class=\"vc_column-inner\"><div class=\"wpb_wrapper\"><div class=\"w-separator size_custom\" style=\"height:7vmin\" id=\"e42d\"><style>@media(max-width:1499px){ #e42d{height:0rem!important}}@media(max-width:1024px){ #e42d{height:0rem!important}}<\/style><\/div><div class=\"wpb_text_column us_custom_60e9caca us_animate_this\"><div class=\"wpb_wrapper\"><p>C\u00e1c gi\u1ea3i ph\u00e1p c\u1ee7a ch\u00fang t\u00f4i s\u1ebd gi\u00fap b\u1ea1n ti\u1ebft ki\u1ec7m ti\u1ec1n mua nguy\u00ean li\u1ec7u th\u00f4, t\u1ed1i \u01b0u h\u00f3a quy tr\u00ecnh s\u1ea3n xu\u1ea5t v\u00e0 n\u00e2ng cao ch\u1ea5t l\u01b0\u1ee3ng s\u1ea3n ph\u1ea9m cu\u1ed1i c\u00f9ng.<\/p>\n<p>B\u1ea1n lo ng\u1ea1i r\u1eb1ng s\u1ebd kh\u00f4ng c\u00f3 gi\u1ea3i ph\u00e1p \u0111\u1ecbnh l\u01b0\u1ee3ng cho quy tr\u00ecnh s\u1ea3n xu\u1ea5t nh\u1ef1a c\u1ee7a m\u00ecnh? Kh\u00f4ng c\u1ea7n t\u00ecm \u0111\u00e2u xa; C\u00e1c gi\u1ea3i ph\u00e1p m\u00f4-\u0111un c\u1ee7a Movacolor cho ph\u00e9p thi\u1ebft l\u1eadp c\u00f3 th\u1ec3 t\u00f9y ch\u1ec9nh ho\u00e0n to\u00e0n d\u1ef1a tr\u00ean y\u00eau c\u1ea7u c\u1ee7a b\u1ea1n. Chuy\u00ean gia s\u1ea3n ph\u1ea9m c\u1ee7a ch\u00fang t\u00f4i s\u1ebd h\u1ed7 tr\u1ee3 b\u1ea1n x\u00e1c \u0111\u1ecbnh nh\u1eefng g\u00ec c\u1ea7n ph\u1ea3i l\u00e0m \u0111\u1ec3 \u0111\u1ea1t \u0111\u01b0\u1ee3c gi\u1ea3i ph\u00e1p t\u1ed1t nh\u1ea5t c\u00f3 th\u1ec3.<\/p>\n<\/div><\/div><div class=\"w-btn-wrapper align_none\"><a class=\"w-btn us-btn-style_1 us_custom_e177aafb us_animate_this\" href=\"https:\/\/www.movacolor.com\/vi\/danh-muc-san-pham\/\"><span class=\"w-btn-label\">Th\u00eam th\u00f4ng tin<\/span><\/a><\/div><div class=\"w-separator size_custom\" style=\"height:5vmin\" id=\"d86f\"><style>@media(max-width:768px){ #d86f{height:1.5rem!important}}@media(max-width:1024px){ #d86f{height:0rem!important}}<\/style><\/div><\/div><\/div><\/div><\/div><\/div><\/section><section class=\"l-section wpb_row height_medium\"><div class=\"l-section-h i-cf\"><div class=\"g-cols vc_row via_flex valign_top type_boxes stacking_default\"><div class=\"vc_col-sm-12 wpb_column vc_column_container\"><div class=\"vc_column-inner us_custom_5548ed63\"><div class=\"wpb_wrapper\"><div class=\"wpb_text_column us_custom_60e9caca us_animate_this\"><div class=\"wpb_wrapper\"><h1>Qu\u00e1 tr\u00ecnh<\/h1>\n<\/div><\/div><div class=\"w-grid us_grid us_custom_e177aafb us_animate_this type_grid layout_1428 cols_3 preload_style_spinner\" id=\"us_grid_1\" style=\"--columns:3;--gap:0.5rem;\"><style>@media (max-width:1024px){#us_grid_1{--columns:2!important}}@media (max-width:768px){#us_grid_1{--columns:1!important}}.layout_1428 .w-grid-item-h{background:var(--color-content-bg-alt);box-shadow:0 0.08rem 0.15rem rgba(0,0,0,0.1),0 0.25rem 0.75rem rgba(0,0,0,0.1);transition-duration:0.3s}.no-touch .layout_1428 .w-grid-item-h:hover{box-shadow:0 0.03rem 0.06rem rgba(0,0,0,0.1),0 0.1rem 0.3rem rgba(0,0,0,0.15);z-index:4}.layout_1428 .usg_vwrapper_1{height:25vh!important;padding:1.5rem!important}.layout_1428 .usg_btn_1{position:absolute!important;left:1.5rem!important;bottom:1.5rem!important}.layout_1428 .usg_post_custom_field_1{width:3rem!important}@media (min-width:1025px) and (max-width:1280px){.layout_1428 .usg_vwrapper_1{height:15rem!important}}@media (min-width:769px) and (max-width:1024px){.layout_1428 .usg_vwrapper_1{height:15rem!important}}@media (max-width:768px){.layout_1428 .usg_vwrapper_1{height:15rem!important}}<\/style><div class=\"w-grid-list\">\t<article class=\"w-grid-item size_1x1 post-14497 page type-page status-publish hentry us_portfolio_tag-phun-ra\" data-id=\"14497\">\r\n\t\t<div class=\"w-grid-item-h\">\r\n\t\t\t\t\t\t<div class=\"w-vwrapper usg_vwrapper_1 align_left valign_top\"><div class=\"w-post-elm post_custom_field usg_post_custom_field_1 type_image page_icon color_link_inherit\"><img loading=\"lazy\" decoding=\"async\" width=\"1024\" height=\"1024\" src=\"https:\/\/www.movacolor.com\/wp-content\/uploads\/2023\/01\/process-extrusion.svg\" class=\"attachment-large size-large\" alt=\"extrusion\" \/><\/div><h5 class=\"w-post-elm post_title usg_post_title_1 entry-title color_link_inherit\"><a href=\"https:\/\/www.movacolor.com\/vi\/qua-trinh\/dun\/\">Phun ra<\/a><\/h5><a class=\"w-btn us-btn-style_5 usg_btn_1\" href=\"https:\/\/www.movacolor.com\/vi\/qua-trinh\/dun\/\"><span class=\"w-btn-label\">Th\u00eam th\u00f4ng tin<\/span><\/a><\/div>\t\t<\/div>\r\n\t\t\t<\/article>\r\n\t<article class=\"w-grid-item size_1x1 post-14498 page type-page status-publish has-post-thumbnail hentry us_portfolio_tag-ep-phun\" data-id=\"14498\">\r\n\t\t<div class=\"w-grid-item-h\">\r\n\t\t\t\t\t\t<div class=\"w-vwrapper usg_vwrapper_1 align_left valign_top\"><div class=\"w-post-elm post_custom_field usg_post_custom_field_1 type_image page_icon color_link_inherit\"><img loading=\"lazy\" decoding=\"async\" width=\"1024\" height=\"1024\" src=\"https:\/\/www.movacolor.com\/wp-content\/uploads\/2023\/01\/process-injectionmolding.svg\" class=\"attachment-large size-large\" alt=\"injection molding\" \/><\/div><h5 class=\"w-post-elm post_title usg_post_title_1 entry-title color_link_inherit\"><a href=\"https:\/\/www.movacolor.com\/vi\/qua-trinh\/ep-phun\/\">\u00e9p phun<\/a><\/h5><a class=\"w-btn us-btn-style_5 usg_btn_1\" href=\"https:\/\/www.movacolor.com\/vi\/qua-trinh\/ep-phun\/\"><span class=\"w-btn-label\">Th\u00eam th\u00f4ng tin<\/span><\/a><\/div>\t\t<\/div>\r\n\t\t\t<\/article>\r\n\t<article class=\"w-grid-item size_1x1 post-14477 page type-page status-publish has-post-thumbnail hentry us_portfolio_tag-duc-thoi\" data-id=\"14477\">\r\n\t\t<div class=\"w-grid-item-h\">\r\n\t\t\t\t\t\t<div class=\"w-vwrapper usg_vwrapper_1 align_left valign_top\"><div class=\"w-post-elm post_custom_field usg_post_custom_field_1 type_image page_icon color_link_inherit\"><img loading=\"lazy\" decoding=\"async\" width=\"1024\" height=\"1024\" src=\"https:\/\/www.movacolor.com\/wp-content\/uploads\/2023\/01\/process-blowmolding.svg\" class=\"attachment-large size-large\" alt=\"blow molding\" \/><\/div><h5 class=\"w-post-elm post_title usg_post_title_1 entry-title color_link_inherit\"><a href=\"https:\/\/www.movacolor.com\/vi\/qua-trinh\/duc-thoi\/\">\u0110\u00fac th\u1ed5i<\/a><\/h5><a class=\"w-btn us-btn-style_5 usg_btn_1\" href=\"https:\/\/www.movacolor.com\/vi\/qua-trinh\/duc-thoi\/\"><span class=\"w-btn-label\">Th\u00eam th\u00f4ng tin<\/span><\/a><\/div>\t\t<\/div>\r\n\t\t\t<\/article>\r\n<\/div>\t<div class=\"w-grid-preloader\">\r\n\t\t<div class=\"g-preloader type_1\">\r\n\t\t\t<div><\/div>\r\n\t\t<\/div>\r\n\t<\/div>\r\n\t\t<div class=\"w-grid-json hidden\" onclick='return {&quot;action&quot;:&quot;us_ajax_grid&quot;,&quot;infinite_scroll&quot;:0,&quot;max_num_pages&quot;:1,&quot;pagination&quot;:&quot;none&quot;,&quot;template_vars&quot;:{&quot;columns&quot;:&quot;3&quot;,&quot;exclude_items&quot;:&quot;none&quot;,&quot;img_size&quot;:&quot;default&quot;,&quot;ignore_items_size&quot;:0,&quot;items_layout&quot;:&quot;1428&quot;,&quot;items_offset&quot;:&quot;1&quot;,&quot;load_animation&quot;:&quot;none&quot;,&quot;overriding_link&quot;:&quot;{\\&quot;url\\&quot;:\\&quot;\\&quot;}&quot;,&quot;post_id&quot;:0,&quot;query_args&quot;:{&quot;ignore_sticky_posts&quot;:1,&quot;post_type&quot;:&quot;any&quot;,&quot;post__in&quot;:[&quot;120&quot;,&quot;118&quot;,&quot;124&quot;],&quot;posts_per_page&quot;:&quot;999&quot;},&quot;orderby_query_args&quot;:{&quot;orderby&quot;:{&quot;post__in&quot;:&quot;ASC&quot;},&quot;order&quot;:&quot;ASC&quot;},&quot;type&quot;:&quot;grid&quot;,&quot;us_grid_post_type&quot;:&quot;ids&quot;,&quot;us_grid_ajax_index&quot;:1,&quot;us_grid_filter_query_string&quot;:null,&quot;us_grid_index&quot;:1,&quot;page_args&quot;:[],&quot;lang&quot;:&quot;vi&quot;}}'><\/div>\r\n\t<\/div><\/div><\/div><\/div><\/div><\/div><\/section><section class=\"l-section wpb_row height_medium\"><div class=\"l-section-h i-cf\"><div class=\"g-cols vc_row via_flex valign_top type_default stacking_default\"><div class=\"vc_col-sm-12 wpb_column vc_column_container\"><div class=\"vc_column-inner\"><div class=\"wpb_wrapper\"><\/div><\/div><\/div><\/div><\/div><\/section>&nbsp;<\/p>\n","protected":false},"excerpt":{"rendered":"<p>&nbsp;&nbsp;<\/p>\n","protected":false},"author":6,"featured_media":14494,"parent":0,"menu_order":0,"comment_status":"closed","ping_status":"closed","template":"","meta":{"_acf_changed":false,"footnotes":""},"class_list":["post-14493","page","type-page","status-publish","has-post-thumbnail","hentry"],"acf":[],"yoast_head":"<!-- This site is optimized with the Yoast SEO plugin v26.4 - https:\/\/yoast.com\/wordpress\/plugins\/seo\/ -->\n<title>Qu\u00e1 tr\u00ecnh - Movacolor<\/title>\n<meta name=\"description\" content=\"B\u1ea1n \u0111ang t\u00ecm ki\u1ebfm gi\u1ea3i ph\u00e1p ti\u1ebft ki\u1ec7m chi ph\u00ed nguy\u00ean li\u1ec7u th\u00f4, quy tr\u00ecnh s\u1ea3n xu\u1ea5t \u1ed5n \u0111\u1ecbnh h\u01a1n, c\u1ed1 g\u1eafng t\u0103ng hi\u1ec7u qu\u1ea3 ho\u1eb7c c\u1ea3i thi\u1ec7n ch\u1ea5t l\u01b0\u1ee3ng? Kh\u00e1m ph\u00e1 c\u00e1c gi\u1ea3i ph\u00e1p \u0111\u1ecbnh l\u01b0\u1ee3ng c\u1ee7a ch\u00fang t\u00f4i ngay b\u00e2y gi\u1edd!\" \/>\n<meta name=\"robots\" content=\"index, follow, max-snippet:-1, max-image-preview:large, max-video-preview:-1\" \/>\n<link rel=\"canonical\" href=\"https:\/\/www.movacolor.com\/vi\/qua-trinh\/\" \/>\n<meta property=\"og:locale\" content=\"vi_VN\" \/>\n<meta property=\"og:type\" content=\"article\" \/>\n<meta property=\"og:title\" content=\"Qu\u00e1 tr\u00ecnh - Movacolor\" \/>\n<meta property=\"og:description\" content=\"B\u1ea1n \u0111ang t\u00ecm ki\u1ebfm gi\u1ea3i ph\u00e1p ti\u1ebft ki\u1ec7m chi ph\u00ed nguy\u00ean li\u1ec7u th\u00f4, quy tr\u00ecnh s\u1ea3n xu\u1ea5t \u1ed5n \u0111\u1ecbnh h\u01a1n, c\u1ed1 g\u1eafng t\u0103ng hi\u1ec7u qu\u1ea3 ho\u1eb7c c\u1ea3i thi\u1ec7n ch\u1ea5t l\u01b0\u1ee3ng? Kh\u00e1m ph\u00e1 c\u00e1c gi\u1ea3i ph\u00e1p \u0111\u1ecbnh l\u01b0\u1ee3ng c\u1ee7a ch\u00fang t\u00f4i ngay b\u00e2y gi\u1edd!\" \/>\n<meta property=\"og:url\" content=\"https:\/\/www.movacolor.com\/vi\/qua-trinh\/\" \/>\n<meta property=\"og:site_name\" content=\"Movacolor\" \/>\n<meta property=\"article:modified_time\" content=\"2024-01-19T19:31:04+00:00\" \/>\n<meta property=\"og:image\" content=\"https:\/\/www.movacolor.com\/wp-content\/uploads\/2023\/01\/mvc_process.jpg\" \/>\n\t<meta property=\"og:image:width\" content=\"1920\" \/>\n\t<meta property=\"og:image:height\" content=\"1280\" \/>\n\t<meta property=\"og:image:type\" content=\"image\/jpeg\" \/>\n<meta name=\"twitter:card\" content=\"summary_large_image\" \/>\n<meta name=\"twitter:label1\" content=\"Est. reading time\" \/>\n\t<meta name=\"twitter:data1\" content=\"3 minutes\" \/>\n<script type=\"application\/ld+json\" class=\"yoast-schema-graph\">{\"@context\":\"https:\/\/schema.org\",\"@graph\":[{\"@type\":\"WebPage\",\"@id\":\"https:\/\/www.movacolor.com\/vi\/qua-trinh\/\",\"url\":\"https:\/\/www.movacolor.com\/vi\/qua-trinh\/\",\"name\":\"Qu\u00e1 tr\u00ecnh - Movacolor\",\"isPartOf\":{\"@id\":\"https:\/\/www.movacolor.com\/vi\/#website\"},\"primaryImageOfPage\":{\"@id\":\"https:\/\/www.movacolor.com\/vi\/qua-trinh\/#primaryimage\"},\"image\":{\"@id\":\"https:\/\/www.movacolor.com\/vi\/qua-trinh\/#primaryimage\"},\"thumbnailUrl\":\"https:\/\/www.movacolor.com\/wp-content\/uploads\/2023\/01\/mvc_process.jpg\",\"datePublished\":\"2023-01-03T10:28:03+00:00\",\"dateModified\":\"2024-01-19T19:31:04+00:00\",\"description\":\"B\u1ea1n \u0111ang t\u00ecm ki\u1ebfm gi\u1ea3i ph\u00e1p ti\u1ebft ki\u1ec7m chi ph\u00ed nguy\u00ean li\u1ec7u th\u00f4, quy tr\u00ecnh s\u1ea3n xu\u1ea5t \u1ed5n \u0111\u1ecbnh h\u01a1n, c\u1ed1 g\u1eafng t\u0103ng hi\u1ec7u qu\u1ea3 ho\u1eb7c c\u1ea3i thi\u1ec7n ch\u1ea5t l\u01b0\u1ee3ng? Kh\u00e1m ph\u00e1 c\u00e1c gi\u1ea3i ph\u00e1p \u0111\u1ecbnh l\u01b0\u1ee3ng c\u1ee7a ch\u00fang t\u00f4i ngay b\u00e2y gi\u1edd!\",\"breadcrumb\":{\"@id\":\"https:\/\/www.movacolor.com\/vi\/qua-trinh\/#breadcrumb\"},\"inLanguage\":\"vi-VN\",\"potentialAction\":[{\"@type\":\"ReadAction\",\"target\":[\"https:\/\/www.movacolor.com\/vi\/qua-trinh\/\"]}]},{\"@type\":\"ImageObject\",\"inLanguage\":\"vi-VN\",\"@id\":\"https:\/\/www.movacolor.com\/vi\/qua-trinh\/#primaryimage\",\"url\":\"https:\/\/www.movacolor.com\/wp-content\/uploads\/2023\/01\/mvc_process.jpg\",\"contentUrl\":\"https:\/\/www.movacolor.com\/wp-content\/uploads\/2023\/01\/mvc_process.jpg\",\"width\":1920,\"height\":1280},{\"@type\":\"BreadcrumbList\",\"@id\":\"https:\/\/www.movacolor.com\/vi\/qua-trinh\/#breadcrumb\",\"itemListElement\":[{\"@type\":\"ListItem\",\"position\":1,\"name\":\"Home\",\"item\":\"https:\/\/www.movacolor.com\/vi\/\"},{\"@type\":\"ListItem\",\"position\":2,\"name\":\"Qu\u00e1 tr\u00ecnh\"}]},{\"@type\":\"WebSite\",\"@id\":\"https:\/\/www.movacolor.com\/vi\/#website\",\"url\":\"https:\/\/www.movacolor.com\/vi\/\",\"name\":\"Movacolor\",\"description\":\"modular dosing solutions\",\"potentialAction\":[{\"@type\":\"SearchAction\",\"target\":{\"@type\":\"EntryPoint\",\"urlTemplate\":\"https:\/\/www.movacolor.com\/vi\/?s={search_term_string}\"},\"query-input\":{\"@type\":\"PropertyValueSpecification\",\"valueRequired\":true,\"valueName\":\"search_term_string\"}}],\"inLanguage\":\"vi-VN\"}]}<\/script>\n<!-- \/ Yoast SEO plugin. -->","yoast_head_json":{"title":"Qu\u00e1 tr\u00ecnh - Movacolor","description":"B\u1ea1n \u0111ang t\u00ecm ki\u1ebfm gi\u1ea3i ph\u00e1p ti\u1ebft ki\u1ec7m chi ph\u00ed nguy\u00ean li\u1ec7u th\u00f4, quy tr\u00ecnh s\u1ea3n xu\u1ea5t \u1ed5n \u0111\u1ecbnh h\u01a1n, c\u1ed1 g\u1eafng t\u0103ng hi\u1ec7u qu\u1ea3 ho\u1eb7c c\u1ea3i thi\u1ec7n ch\u1ea5t l\u01b0\u1ee3ng? Kh\u00e1m ph\u00e1 c\u00e1c gi\u1ea3i ph\u00e1p \u0111\u1ecbnh l\u01b0\u1ee3ng c\u1ee7a ch\u00fang t\u00f4i ngay b\u00e2y gi\u1edd!","robots":{"index":"index","follow":"follow","max-snippet":"max-snippet:-1","max-image-preview":"max-image-preview:large","max-video-preview":"max-video-preview:-1"},"canonical":"https:\/\/www.movacolor.com\/vi\/qua-trinh\/","og_locale":"vi_VN","og_type":"article","og_title":"Qu\u00e1 tr\u00ecnh - Movacolor","og_description":"B\u1ea1n \u0111ang t\u00ecm ki\u1ebfm gi\u1ea3i ph\u00e1p ti\u1ebft ki\u1ec7m chi ph\u00ed nguy\u00ean li\u1ec7u th\u00f4, quy tr\u00ecnh s\u1ea3n xu\u1ea5t \u1ed5n \u0111\u1ecbnh h\u01a1n, c\u1ed1 g\u1eafng t\u0103ng hi\u1ec7u qu\u1ea3 ho\u1eb7c c\u1ea3i thi\u1ec7n ch\u1ea5t l\u01b0\u1ee3ng? Kh\u00e1m ph\u00e1 c\u00e1c gi\u1ea3i ph\u00e1p \u0111\u1ecbnh l\u01b0\u1ee3ng c\u1ee7a ch\u00fang t\u00f4i ngay b\u00e2y gi\u1edd!","og_url":"https:\/\/www.movacolor.com\/vi\/qua-trinh\/","og_site_name":"Movacolor","article_modified_time":"2024-01-19T19:31:04+00:00","og_image":[{"width":1920,"height":1280,"url":"https:\/\/www.movacolor.com\/wp-content\/uploads\/2023\/01\/mvc_process.jpg","type":"image\/jpeg"}],"twitter_card":"summary_large_image","twitter_misc":{"Est. reading time":"3 minutes"},"schema":{"@context":"https:\/\/schema.org","@graph":[{"@type":"WebPage","@id":"https:\/\/www.movacolor.com\/vi\/qua-trinh\/","url":"https:\/\/www.movacolor.com\/vi\/qua-trinh\/","name":"Qu\u00e1 tr\u00ecnh - Movacolor","isPartOf":{"@id":"https:\/\/www.movacolor.com\/vi\/#website"},"primaryImageOfPage":{"@id":"https:\/\/www.movacolor.com\/vi\/qua-trinh\/#primaryimage"},"image":{"@id":"https:\/\/www.movacolor.com\/vi\/qua-trinh\/#primaryimage"},"thumbnailUrl":"https:\/\/www.movacolor.com\/wp-content\/uploads\/2023\/01\/mvc_process.jpg","datePublished":"2023-01-03T10:28:03+00:00","dateModified":"2024-01-19T19:31:04+00:00","description":"B\u1ea1n \u0111ang t\u00ecm ki\u1ebfm gi\u1ea3i ph\u00e1p ti\u1ebft ki\u1ec7m chi ph\u00ed nguy\u00ean li\u1ec7u th\u00f4, quy tr\u00ecnh s\u1ea3n xu\u1ea5t \u1ed5n \u0111\u1ecbnh h\u01a1n, c\u1ed1 g\u1eafng t\u0103ng hi\u1ec7u qu\u1ea3 ho\u1eb7c c\u1ea3i thi\u1ec7n ch\u1ea5t l\u01b0\u1ee3ng? Kh\u00e1m ph\u00e1 c\u00e1c gi\u1ea3i ph\u00e1p \u0111\u1ecbnh l\u01b0\u1ee3ng c\u1ee7a ch\u00fang t\u00f4i ngay b\u00e2y gi\u1edd!","breadcrumb":{"@id":"https:\/\/www.movacolor.com\/vi\/qua-trinh\/#breadcrumb"},"inLanguage":"vi-VN","potentialAction":[{"@type":"ReadAction","target":["https:\/\/www.movacolor.com\/vi\/qua-trinh\/"]}]},{"@type":"ImageObject","inLanguage":"vi-VN","@id":"https:\/\/www.movacolor.com\/vi\/qua-trinh\/#primaryimage","url":"https:\/\/www.movacolor.com\/wp-content\/uploads\/2023\/01\/mvc_process.jpg","contentUrl":"https:\/\/www.movacolor.com\/wp-content\/uploads\/2023\/01\/mvc_process.jpg","width":1920,"height":1280},{"@type":"BreadcrumbList","@id":"https:\/\/www.movacolor.com\/vi\/qua-trinh\/#breadcrumb","itemListElement":[{"@type":"ListItem","position":1,"name":"Home","item":"https:\/\/www.movacolor.com\/vi\/"},{"@type":"ListItem","position":2,"name":"Qu\u00e1 tr\u00ecnh"}]},{"@type":"WebSite","@id":"https:\/\/www.movacolor.com\/vi\/#website","url":"https:\/\/www.movacolor.com\/vi\/","name":"Movacolor","description":"modular dosing solutions","potentialAction":[{"@type":"SearchAction","target":{"@type":"EntryPoint","urlTemplate":"https:\/\/www.movacolor.com\/vi\/?s={search_term_string}"},"query-input":{"@type":"PropertyValueSpecification","valueRequired":true,"valueName":"search_term_string"}}],"inLanguage":"vi-VN"}]}},"_links":{"self":[{"href":"https:\/\/www.movacolor.com\/vi\/wp-json\/wp\/v2\/pages\/14493","targetHints":{"allow":["GET"]}}],"collection":[{"href":"https:\/\/www.movacolor.com\/vi\/wp-json\/wp\/v2\/pages"}],"about":[{"href":"https:\/\/www.movacolor.com\/vi\/wp-json\/wp\/v2\/types\/page"}],"author":[{"embeddable":true,"href":"https:\/\/www.movacolor.com\/vi\/wp-json\/wp\/v2\/users\/6"}],"replies":[{"embeddable":true,"href":"https:\/\/www.movacolor.com\/vi\/wp-json\/wp\/v2\/comments?post=14493"}],"version-history":[{"count":2,"href":"https:\/\/www.movacolor.com\/vi\/wp-json\/wp\/v2\/pages\/14493\/revisions"}],"predecessor-version":[{"id":14496,"href":"https:\/\/www.movacolor.com\/vi\/wp-json\/wp\/v2\/pages\/14493\/revisions\/14496"}],"wp:featuredmedia":[{"embeddable":true,"href":"https:\/\/www.movacolor.com\/vi\/wp-json\/wp\/v2\/media\/14494"}],"wp:attachment":[{"href":"https:\/\/www.movacolor.com\/vi\/wp-json\/wp\/v2\/media?parent=14493"}],"curies":[{"name":"wp","href":"https:\/\/api.w.org\/{rel}","templated":true}]}}