{"id":14491,"date":"2023-01-03T12:35:54","date_gmt":"2023-01-03T10:35:54","guid":{"rendered":"https:\/\/www.movacolor.com\/vat-lieu\/xay-lai\/"},"modified":"2023-01-03T12:35:54","modified_gmt":"2023-01-03T10:35:54","slug":"xay-lai","status":"publish","type":"page","link":"https:\/\/www.movacolor.com\/vi\/nguyen-lieu\/nghien-lai\/","title":{"rendered":"Xay l\u1ea1i"},"content":{"rendered":"<p>Trong ng\u00e0nh nh\u1ef1a, ti\u1ebft ki\u1ec7m \u0111i \u0111\u00f4i v\u1edbi quy tr\u00ecnh s\u1ea3n xu\u1ea5t \u1ed5n \u0111\u1ecbnh, b\u1ec1n v\u1eefng. Movacolor \u0111\u00e3 y\u00eau c\u1ea7u c\u00e1c k\u1ef9 s\u01b0 c\u1ee7a m\u00ecnh ph\u00e1t tri\u1ec3n m\u1ed9t m\u00e1y \u0111\u1ecbnh l\u01b0\u1ee3ng c\u00f3 th\u1ec3 \u0111\u1ecbnh l\u01b0\u1ee3ng ph\u1ebf li\u1ec7u v\u00e0 ch\u1ea5t th\u1ea3i tr\u1ef1c ti\u1ebfp d\u01b0\u1edbi d\u1ea1ng nghi\u1ec1n l\u1ea1i c\u00f9ng v\u1edbi masterbatch ho\u1eb7c b\u1ed9t ch\u1ea3y t\u1ef1 do v\u00e0 t\u01b0\u01a1ng quan tr\u1ef1c ti\u1ebfp gi\u1eefa l\u01b0\u1ee3ng m\u00e0u v\u1edbi l\u01b0\u1ee3ng nghi\u1ec1n l\u1ea1i. C\u00e1c k\u1ef9 s\u01b0 \u0111\u00e3 tr\u1ea3 l\u1eddi b\u1eb1ng MCS Regrind, MDS HO Balance v\u00e0 MBS Blender 3-series.<\/p>\n<h2>Thi\u1ebft b\u1ecb \u0111\u1ecbnh l\u01b0\u1ee3ng \u0111\u1ed3ng th\u1eddi masterbatch v\u00e0 regrind<\/h2>\n<p>B\u1ed9 \u0111\u1ecbnh l\u01b0\u1ee3ng MCS Regrind \u0111\u01b0\u1ee3c ph\u00e1t tri\u1ec3n \u0111\u1eb7c bi\u1ec7t \u0111\u1ec3 x\u1eed l\u00fd nghi\u1ec1n l\u1ea1i v\u00e0 bao g\u1ed3m hai b\u1ed9 c\u00e2n b\u1eb1ng MDS c\u00e2n b\u1eb1ng tr\u1ecdng l\u01b0\u1ee3ng. T\u00f9y v\u00e0o s\u1ed1 l\u01b0\u1ee3ng xay l\u1ea1i m\u00e0 Masterbatch \u0111\u01b0\u1ee3c th\u00eam v\u00e0o t\u01b0\u01a1ng \u1ee9ng. Nghi\u1ec1n l\u1ea1i nhi\u1ec1u h\u01a1n c\u00f3 ngh\u0129a l\u00e0 \u00edt h\u1ea1t nh\u1ef1a h\u01a1n, v\u00e0 nhi\u1ec1u h\u1ea1t nh\u1ef1a h\u01a1n c\u00f3 ngh\u0129a l\u00e0 \u00edt h\u1ea1t nh\u1ef1a \u0111\u01b0\u1ee3c nghi\u1ec1n l\u1ea1i. Trong th\u1ef1c t\u1ebf, h\u1ec7 th\u1ed1ng \u0111\u1ecbnh l\u01b0\u1ee3ng \u0111\u1eb7c bi\u1ec7t, r\u1ea5t ch\u00ednh x\u00e1c n\u00e0y \u0111\u1ec3 nghi\u1ec1n l\u1ea1i gi\u00fap ti\u1ebft ki\u1ec7m \u0111\u00e1ng k\u1ec3 h\u1ea1t nh\u1ef1a v\u00e0 s\u1eed d\u1ee5ng h\u1ee3p l\u00fd ph\u1ebf ph\u1ea9m v\u00e0 ch\u1ea5t th\u1ea3i.<\/p>\n","protected":false},"excerpt":{"rendered":"<p>Trong ng\u00e0nh nh\u1ef1a, ti\u1ebft ki\u1ec7m \u0111i \u0111\u00f4i v\u1edbi quy tr\u00ecnh s\u1ea3n xu\u1ea5t \u1ed5n \u0111\u1ecbnh, b\u1ec1n v\u1eefng. Movacolor \u0111\u00e3 y\u00eau c\u1ea7u c\u00e1c k\u1ef9 s\u01b0 c\u1ee7a m\u00ecnh ph\u00e1t tri\u1ec3n m\u1ed9t m\u00e1y \u0111\u1ecbnh l\u01b0\u1ee3ng c\u00f3 th\u1ec3 \u0111\u1ecbnh l\u01b0\u1ee3ng ph\u1ebf li\u1ec7u v\u00e0 ch\u1ea5t th\u1ea3i tr\u1ef1c ti\u1ebfp d\u01b0\u1edbi d\u1ea1ng nghi\u1ec1n l\u1ea1i c\u00f9ng v\u1edbi masterbatch ho\u1eb7c b\u1ed9t ch\u1ea3y t\u1ef1 do v\u00e0&#8230;<\/p>\n","protected":false},"author":2,"featured_media":14492,"parent":14486,"menu_order":0,"comment_status":"closed","ping_status":"closed","template":"","meta":{"_acf_changed":false,"footnotes":""},"class_list":["post-14491","page","type-page","status-publish","has-post-thumbnail","hentry","us_portfolio_tag-regrind-vi"],"acf":[],"yoast_head":"<!-- This site is optimized with the Yoast SEO plugin v26.4 - https:\/\/yoast.com\/wordpress\/plugins\/seo\/ -->\n<title>Xay l\u1ea1i - Movacolor<\/title>\n<meta name=\"description\" content=\"T\u00ecm hi\u1ec3u c\u00e1ch c\u00e1c \u0111\u01a1n v\u1ecb \u0111o tr\u1ecdng l\u01b0\u1ee3ng c\u1ee7a ch\u00fang t\u00f4i cho ph\u00e9p b\u1ea1n x\u1eed l\u00fd v\u1eadt li\u1ec7u nghi\u1ec1n l\u1ea1i \u0111\u1ec3 ti\u1ebft ki\u1ec7m chi ph\u00ed v\u00e0 gi\u1ea3m ch\u1ea5t th\u1ea3i \u0111\u00e1ng k\u1ec3.\" \/>\n<meta name=\"robots\" content=\"index, follow, max-snippet:-1, max-image-preview:large, max-video-preview:-1\" \/>\n<link rel=\"canonical\" href=\"https:\/\/www.movacolor.com\/vi\/nguyen-lieu\/nghien-lai\/\" \/>\n<meta property=\"og:locale\" content=\"vi_VN\" \/>\n<meta property=\"og:type\" content=\"article\" \/>\n<meta property=\"og:title\" content=\"Xay l\u1ea1i - Movacolor\" \/>\n<meta property=\"og:description\" content=\"T\u00ecm hi\u1ec3u c\u00e1ch c\u00e1c \u0111\u01a1n v\u1ecb \u0111o tr\u1ecdng l\u01b0\u1ee3ng c\u1ee7a ch\u00fang t\u00f4i cho ph\u00e9p b\u1ea1n x\u1eed l\u00fd v\u1eadt li\u1ec7u nghi\u1ec1n l\u1ea1i \u0111\u1ec3 ti\u1ebft ki\u1ec7m chi ph\u00ed v\u00e0 gi\u1ea3m ch\u1ea5t th\u1ea3i \u0111\u00e1ng k\u1ec3.\" \/>\n<meta property=\"og:url\" content=\"https:\/\/www.movacolor.com\/vi\/nguyen-lieu\/nghien-lai\/\" \/>\n<meta property=\"og:site_name\" content=\"Movacolor\" \/>\n<meta property=\"og:image\" content=\"https:\/\/www.movacolor.com\/wp-content\/uploads\/2023\/03\/Regrind.jpg\" \/>\n\t<meta property=\"og:image:width\" content=\"1920\" \/>\n\t<meta property=\"og:image:height\" content=\"1282\" \/>\n\t<meta property=\"og:image:type\" content=\"image\/jpeg\" \/>\n<meta name=\"twitter:card\" content=\"summary_large_image\" \/>\n<meta name=\"twitter:label1\" content=\"Est. reading time\" \/>\n\t<meta name=\"twitter:data1\" content=\"1 minute\" \/>\n<script type=\"application\/ld+json\" class=\"yoast-schema-graph\">{\"@context\":\"https:\/\/schema.org\",\"@graph\":[{\"@type\":\"WebPage\",\"@id\":\"https:\/\/www.movacolor.com\/vi\/nguyen-lieu\/nghien-lai\/\",\"url\":\"https:\/\/www.movacolor.com\/vi\/nguyen-lieu\/nghien-lai\/\",\"name\":\"Xay l\u1ea1i - Movacolor\",\"isPartOf\":{\"@id\":\"https:\/\/www.movacolor.com\/vi\/#website\"},\"primaryImageOfPage\":{\"@id\":\"https:\/\/www.movacolor.com\/vi\/nguyen-lieu\/nghien-lai\/#primaryimage\"},\"image\":{\"@id\":\"https:\/\/www.movacolor.com\/vi\/nguyen-lieu\/nghien-lai\/#primaryimage\"},\"thumbnailUrl\":\"https:\/\/www.movacolor.com\/wp-content\/uploads\/2023\/03\/Regrind.jpg\",\"datePublished\":\"2023-01-03T10:35:54+00:00\",\"description\":\"T\u00ecm hi\u1ec3u c\u00e1ch c\u00e1c \u0111\u01a1n v\u1ecb \u0111o tr\u1ecdng l\u01b0\u1ee3ng c\u1ee7a ch\u00fang t\u00f4i cho ph\u00e9p b\u1ea1n x\u1eed l\u00fd v\u1eadt li\u1ec7u nghi\u1ec1n l\u1ea1i \u0111\u1ec3 ti\u1ebft ki\u1ec7m chi ph\u00ed v\u00e0 gi\u1ea3m ch\u1ea5t th\u1ea3i \u0111\u00e1ng k\u1ec3.\",\"breadcrumb\":{\"@id\":\"https:\/\/www.movacolor.com\/vi\/nguyen-lieu\/nghien-lai\/#breadcrumb\"},\"inLanguage\":\"vi-VN\",\"potentialAction\":[{\"@type\":\"ReadAction\",\"target\":[\"https:\/\/www.movacolor.com\/vi\/nguyen-lieu\/nghien-lai\/\"]}]},{\"@type\":\"ImageObject\",\"inLanguage\":\"vi-VN\",\"@id\":\"https:\/\/www.movacolor.com\/vi\/nguyen-lieu\/nghien-lai\/#primaryimage\",\"url\":\"https:\/\/www.movacolor.com\/wp-content\/uploads\/2023\/03\/Regrind.jpg\",\"contentUrl\":\"https:\/\/www.movacolor.com\/wp-content\/uploads\/2023\/03\/Regrind.jpg\",\"width\":1920,\"height\":1282,\"caption\":\"Regrind\"},{\"@type\":\"BreadcrumbList\",\"@id\":\"https:\/\/www.movacolor.com\/vi\/nguyen-lieu\/nghien-lai\/#breadcrumb\",\"itemListElement\":[{\"@type\":\"ListItem\",\"position\":1,\"name\":\"Home\",\"item\":\"https:\/\/www.movacolor.com\/vi\/\"},{\"@type\":\"ListItem\",\"position\":2,\"name\":\"V\u1eadt li\u1ec7u\",\"item\":\"https:\/\/www.movacolor.com\/vi\/material\/\"},{\"@type\":\"ListItem\",\"position\":3,\"name\":\"Xay l\u1ea1i\"}]},{\"@type\":\"WebSite\",\"@id\":\"https:\/\/www.movacolor.com\/vi\/#website\",\"url\":\"https:\/\/www.movacolor.com\/vi\/\",\"name\":\"Movacolor\",\"description\":\"modular dosing solutions\",\"potentialAction\":[{\"@type\":\"SearchAction\",\"target\":{\"@type\":\"EntryPoint\",\"urlTemplate\":\"https:\/\/www.movacolor.com\/vi\/?s={search_term_string}\"},\"query-input\":{\"@type\":\"PropertyValueSpecification\",\"valueRequired\":true,\"valueName\":\"search_term_string\"}}],\"inLanguage\":\"vi-VN\"}]}<\/script>\n<!-- \/ Yoast SEO plugin. -->","yoast_head_json":{"title":"Xay l\u1ea1i - Movacolor","description":"T\u00ecm hi\u1ec3u c\u00e1ch c\u00e1c \u0111\u01a1n v\u1ecb \u0111o tr\u1ecdng l\u01b0\u1ee3ng c\u1ee7a ch\u00fang t\u00f4i cho ph\u00e9p b\u1ea1n x\u1eed l\u00fd v\u1eadt li\u1ec7u nghi\u1ec1n l\u1ea1i \u0111\u1ec3 ti\u1ebft ki\u1ec7m chi ph\u00ed v\u00e0 gi\u1ea3m ch\u1ea5t th\u1ea3i \u0111\u00e1ng k\u1ec3.","robots":{"index":"index","follow":"follow","max-snippet":"max-snippet:-1","max-image-preview":"max-image-preview:large","max-video-preview":"max-video-preview:-1"},"canonical":"https:\/\/www.movacolor.com\/vi\/nguyen-lieu\/nghien-lai\/","og_locale":"vi_VN","og_type":"article","og_title":"Xay l\u1ea1i - Movacolor","og_description":"T\u00ecm hi\u1ec3u c\u00e1ch c\u00e1c \u0111\u01a1n v\u1ecb \u0111o tr\u1ecdng l\u01b0\u1ee3ng c\u1ee7a ch\u00fang t\u00f4i cho ph\u00e9p b\u1ea1n x\u1eed l\u00fd v\u1eadt li\u1ec7u nghi\u1ec1n l\u1ea1i \u0111\u1ec3 ti\u1ebft ki\u1ec7m chi ph\u00ed v\u00e0 gi\u1ea3m ch\u1ea5t th\u1ea3i \u0111\u00e1ng k\u1ec3.","og_url":"https:\/\/www.movacolor.com\/vi\/nguyen-lieu\/nghien-lai\/","og_site_name":"Movacolor","og_image":[{"width":1920,"height":1282,"url":"https:\/\/www.movacolor.com\/wp-content\/uploads\/2023\/03\/Regrind.jpg","type":"image\/jpeg"}],"twitter_card":"summary_large_image","twitter_misc":{"Est. reading time":"1 minute"},"schema":{"@context":"https:\/\/schema.org","@graph":[{"@type":"WebPage","@id":"https:\/\/www.movacolor.com\/vi\/nguyen-lieu\/nghien-lai\/","url":"https:\/\/www.movacolor.com\/vi\/nguyen-lieu\/nghien-lai\/","name":"Xay l\u1ea1i - Movacolor","isPartOf":{"@id":"https:\/\/www.movacolor.com\/vi\/#website"},"primaryImageOfPage":{"@id":"https:\/\/www.movacolor.com\/vi\/nguyen-lieu\/nghien-lai\/#primaryimage"},"image":{"@id":"https:\/\/www.movacolor.com\/vi\/nguyen-lieu\/nghien-lai\/#primaryimage"},"thumbnailUrl":"https:\/\/www.movacolor.com\/wp-content\/uploads\/2023\/03\/Regrind.jpg","datePublished":"2023-01-03T10:35:54+00:00","description":"T\u00ecm hi\u1ec3u c\u00e1ch c\u00e1c \u0111\u01a1n v\u1ecb \u0111o tr\u1ecdng l\u01b0\u1ee3ng c\u1ee7a ch\u00fang t\u00f4i cho ph\u00e9p b\u1ea1n x\u1eed l\u00fd v\u1eadt li\u1ec7u nghi\u1ec1n l\u1ea1i \u0111\u1ec3 ti\u1ebft ki\u1ec7m chi ph\u00ed v\u00e0 gi\u1ea3m ch\u1ea5t th\u1ea3i \u0111\u00e1ng k\u1ec3.","breadcrumb":{"@id":"https:\/\/www.movacolor.com\/vi\/nguyen-lieu\/nghien-lai\/#breadcrumb"},"inLanguage":"vi-VN","potentialAction":[{"@type":"ReadAction","target":["https:\/\/www.movacolor.com\/vi\/nguyen-lieu\/nghien-lai\/"]}]},{"@type":"ImageObject","inLanguage":"vi-VN","@id":"https:\/\/www.movacolor.com\/vi\/nguyen-lieu\/nghien-lai\/#primaryimage","url":"https:\/\/www.movacolor.com\/wp-content\/uploads\/2023\/03\/Regrind.jpg","contentUrl":"https:\/\/www.movacolor.com\/wp-content\/uploads\/2023\/03\/Regrind.jpg","width":1920,"height":1282,"caption":"Regrind"},{"@type":"BreadcrumbList","@id":"https:\/\/www.movacolor.com\/vi\/nguyen-lieu\/nghien-lai\/#breadcrumb","itemListElement":[{"@type":"ListItem","position":1,"name":"Home","item":"https:\/\/www.movacolor.com\/vi\/"},{"@type":"ListItem","position":2,"name":"V\u1eadt li\u1ec7u","item":"https:\/\/www.movacolor.com\/vi\/material\/"},{"@type":"ListItem","position":3,"name":"Xay l\u1ea1i"}]},{"@type":"WebSite","@id":"https:\/\/www.movacolor.com\/vi\/#website","url":"https:\/\/www.movacolor.com\/vi\/","name":"Movacolor","description":"modular dosing solutions","potentialAction":[{"@type":"SearchAction","target":{"@type":"EntryPoint","urlTemplate":"https:\/\/www.movacolor.com\/vi\/?s={search_term_string}"},"query-input":{"@type":"PropertyValueSpecification","valueRequired":true,"valueName":"search_term_string"}}],"inLanguage":"vi-VN"}]}},"_links":{"self":[{"href":"https:\/\/www.movacolor.com\/vi\/wp-json\/wp\/v2\/pages\/14491","targetHints":{"allow":["GET"]}}],"collection":[{"href":"https:\/\/www.movacolor.com\/vi\/wp-json\/wp\/v2\/pages"}],"about":[{"href":"https:\/\/www.movacolor.com\/vi\/wp-json\/wp\/v2\/types\/page"}],"author":[{"embeddable":true,"href":"https:\/\/www.movacolor.com\/vi\/wp-json\/wp\/v2\/users\/2"}],"replies":[{"embeddable":true,"href":"https:\/\/www.movacolor.com\/vi\/wp-json\/wp\/v2\/comments?post=14491"}],"version-history":[{"count":0,"href":"https:\/\/www.movacolor.com\/vi\/wp-json\/wp\/v2\/pages\/14491\/revisions"}],"up":[{"embeddable":true,"href":"https:\/\/www.movacolor.com\/vi\/wp-json\/wp\/v2\/pages\/14486"}],"wp:featuredmedia":[{"embeddable":true,"href":"https:\/\/www.movacolor.com\/vi\/wp-json\/wp\/v2\/media\/14492"}],"wp:attachment":[{"href":"https:\/\/www.movacolor.com\/vi\/wp-json\/wp\/v2\/media?parent=14491"}],"curies":[{"name":"wp","href":"https:\/\/api.w.org\/{rel}","templated":true}]}}