{"id":14489,"date":"2023-01-03T12:37:26","date_gmt":"2023-01-03T10:37:26","guid":{"rendered":"https:\/\/www.movacolor.com\/vat-lieu\/chat-long\/"},"modified":"2023-01-03T12:37:26","modified_gmt":"2023-01-03T10:37:26","slug":"chat-long","status":"publish","type":"page","link":"https:\/\/www.movacolor.com\/vi\/vat-lieu\/chat-long\/","title":{"rendered":"Ch\u1ea5t l\u1ecfng"},"content":{"rendered":"<p>Movacolor gi\u00fap \u0111\u1ecbnh l\u01b0\u1ee3ng ch\u1ea5t l\u1ecfng b\u1eb1ng h\u1ec7 th\u1ed1ng \u0111\u1ecbnh l\u01b0\u1ee3ng ch\u1ea5t l\u1ecfng MDS Balance liquid. Ch\u1ea5t l\u1ecfng MDS Balance\u00a0l\u00e0 vi\u1ebft t\u1eaft c\u1ee7a vi\u1ec7c \u0111\u1ecbnh l\u01b0\u1ee3ng ch\u00ednh x\u00e1c ch\u1ea5t t\u1ea1o m\u00e0u d\u1ea1ng l\u1ecfng trong c\u00e1c \u1ee9ng d\u1ee5ng \u00e9p phun ho\u1eb7c \u00e9p \u0111\u00f9n. H\u1ec7 th\u1ed1ng \u0111\u1ecbnh l\u01b0\u1ee3ng tr\u1ecdng l\u01b0\u1ee3ng n\u00e0y ch\u1ee9ng minh r\u1eb1ng c\u00e1ch t\u1ea1o m\u00e0u hi\u1ec7u qu\u1ea3 b\u1eb1ng ch\u1ea5t t\u1ea1o m\u00e0u d\u1ea1ng l\u1ecfng c\u00f3 t\u00e1c \u0111\u1ed9ng t\u00edch c\u1ef1c \u0111\u1ebfn quy tr\u00ecnh s\u1ea3n xu\u1ea5t ch\u1ea5t l\u01b0\u1ee3ng cao v\u00e0 \u1ed5n \u0111\u1ecbnh. K\u1ebft qu\u1ea3: ti\u1ebft ki\u1ec7m \u0111\u01b0\u1ee3c nhi\u1ec1u ch\u1ea5t m\u00e0u d\u1ea1ng l\u1ecfng v\u00e0 t\u1ea1o ra s\u1ea3n ph\u1ea9m cu\u1ed1i c\u00f9ng cao c\u1ea5p.<\/p>\n<p>H\u1ec7 th\u1ed1ng \u0111\u1ecbnh l\u01b0\u1ee3ng ch\u1ea5t l\u1ecfng v\u1edbi hi\u1ec7u chu\u1ea9n t\u1ef1 \u0111\u1ed9ng<\/p>\n<p>M\u1ed9t trong nh\u1eefng l\u00fd do khi\u1ebfn c\u00e1c nh\u00e0 s\u1ea3n xu\u1ea5t nh\u1ef1a ch\u1ecdn h\u1ec7 th\u1ed1ng \u0111\u1ecbnh l\u01b0\u1ee3ng ch\u1ea5t l\u1ecfng\u00a0ch\u1ea5t l\u1ecfng MDS Balance\u00a0l\u00e0 ch\u1ee9c n\u0103ng hi\u1ec7u chu\u1ea9n t\u1ef1 \u0111\u1ed9ng. Vi\u1ec7c \u0111o tr\u1ecdng l\u01b0\u1ee3ng gi\u1ea3m li\u00ean t\u1ee5c s\u1ebd t\u1ef1 \u0111\u1ed9ng b\u00f9 \u0111\u1eafp cho nh\u1eefng thay \u0111\u1ed5i v\u1ec1 \u0111\u1ed9 nh\u1edbt ho\u1eb7c nh\u1eefng thay \u0111\u1ed5i trong quy tr\u00ecnh.<\/p>\n<p>H\u1ec7 th\u1ed1ng \u0111\u1ecbnh l\u01b0\u1ee3ng ch\u1ea5t l\u1ecfng gi\u00fap ki\u1ec3m so\u00e1t ch\u1ea5t l\u01b0\u1ee3ng t\u1ed1i \u0111a. Th\u1eadt d\u1ec5 d\u00e0ng k\u1ebft n\u1ed1i v\u1edbi ph\u1ea7n m\u1ec1m th\u00f4ng minh c\u1ee7a ch\u00fang t\u00f4i \u0111\u1ec3 ghi d\u1eef li\u1ec7u, gi\u00e1m s\u00e1t v\u00e0 qu\u1ea3n l\u00fd v\u1eadt li\u1ec7u li\u00ean t\u1ee5c.<\/p>\n","protected":false},"excerpt":{"rendered":"<p>Movacolor gi\u00fap \u0111\u1ecbnh l\u01b0\u1ee3ng ch\u1ea5t l\u1ecfng b\u1eb1ng h\u1ec7 th\u1ed1ng \u0111\u1ecbnh l\u01b0\u1ee3ng ch\u1ea5t l\u1ecfng MDS Balance liquid. Ch\u1ea5t l\u1ecfng MDS Balance\u00a0l\u00e0 vi\u1ebft t\u1eaft c\u1ee7a vi\u1ec7c \u0111\u1ecbnh l\u01b0\u1ee3ng ch\u00ednh x\u00e1c ch\u1ea5t t\u1ea1o m\u00e0u d\u1ea1ng l\u1ecfng trong c\u00e1c \u1ee9ng d\u1ee5ng \u00e9p phun ho\u1eb7c \u00e9p \u0111\u00f9n. H\u1ec7 th\u1ed1ng \u0111\u1ecbnh l\u01b0\u1ee3ng tr\u1ecdng l\u01b0\u1ee3ng n\u00e0y ch\u1ee9ng minh r\u1eb1ng c\u00e1ch t\u1ea1o m\u00e0u&#8230;<\/p>\n","protected":false},"author":2,"featured_media":14490,"parent":14486,"menu_order":0,"comment_status":"closed","ping_status":"closed","template":"","meta":{"_acf_changed":false,"footnotes":""},"class_list":["post-14489","page","type-page","status-publish","has-post-thumbnail","hentry","us_portfolio_tag-chat-long"],"acf":[],"yoast_head":"<!-- This site is optimized with the Yoast SEO plugin v26.4 - https:\/\/yoast.com\/wordpress\/plugins\/seo\/ -->\n<title>Ch\u1ea5t l\u1ecfng - Movacolor<\/title>\n<meta name=\"description\" content=\"Movacolor c\u00f3 th\u1ec3 th\u1ef1c hi\u1ec7n vi\u1ec7c \u0111\u1ecbnh l\u01b0\u1ee3ng ch\u1ea5t l\u1ecfng b\u1eb1ng h\u1ec7 th\u1ed1ng \u0111\u1ecbnh l\u01b0\u1ee3ng ch\u1ea5t l\u1ecfng MDS Balance liquid. \u0110\u1ecdc th\u00eam v\u1ec1 c\u00e1c kh\u1ea3 n\u0103ng s\u1ea3n xu\u1ea5t c\u1ee7a b\u1ea1n.\" \/>\n<meta name=\"robots\" content=\"index, follow, max-snippet:-1, max-image-preview:large, max-video-preview:-1\" \/>\n<link rel=\"canonical\" href=\"https:\/\/www.movacolor.com\/vi\/vat-lieu\/chat-long\/\" \/>\n<meta property=\"og:locale\" content=\"vi_VN\" \/>\n<meta property=\"og:type\" content=\"article\" \/>\n<meta property=\"og:title\" content=\"Ch\u1ea5t l\u1ecfng - Movacolor\" \/>\n<meta property=\"og:description\" content=\"Movacolor c\u00f3 th\u1ec3 th\u1ef1c hi\u1ec7n vi\u1ec7c \u0111\u1ecbnh l\u01b0\u1ee3ng ch\u1ea5t l\u1ecfng b\u1eb1ng h\u1ec7 th\u1ed1ng \u0111\u1ecbnh l\u01b0\u1ee3ng ch\u1ea5t l\u1ecfng MDS Balance liquid. \u0110\u1ecdc th\u00eam v\u1ec1 c\u00e1c kh\u1ea3 n\u0103ng s\u1ea3n xu\u1ea5t c\u1ee7a b\u1ea1n.\" \/>\n<meta property=\"og:url\" content=\"https:\/\/www.movacolor.com\/vi\/vat-lieu\/chat-long\/\" \/>\n<meta property=\"og:site_name\" content=\"Movacolor\" \/>\n<meta property=\"og:image\" content=\"https:\/\/www.movacolor.com\/wp-content\/uploads\/2023\/03\/Liquid.jpg\" \/>\n\t<meta property=\"og:image:width\" content=\"1920\" \/>\n\t<meta property=\"og:image:height\" content=\"1860\" \/>\n\t<meta property=\"og:image:type\" content=\"image\/jpeg\" \/>\n<meta name=\"twitter:card\" content=\"summary_large_image\" \/>\n<meta name=\"twitter:label1\" content=\"Est. reading time\" \/>\n\t<meta name=\"twitter:data1\" content=\"2 minutes\" \/>\n<script type=\"application\/ld+json\" class=\"yoast-schema-graph\">{\"@context\":\"https:\/\/schema.org\",\"@graph\":[{\"@type\":\"WebPage\",\"@id\":\"https:\/\/www.movacolor.com\/vi\/vat-lieu\/chat-long\/\",\"url\":\"https:\/\/www.movacolor.com\/vi\/vat-lieu\/chat-long\/\",\"name\":\"Ch\u1ea5t l\u1ecfng - Movacolor\",\"isPartOf\":{\"@id\":\"https:\/\/www.movacolor.com\/vi\/#website\"},\"primaryImageOfPage\":{\"@id\":\"https:\/\/www.movacolor.com\/vi\/vat-lieu\/chat-long\/#primaryimage\"},\"image\":{\"@id\":\"https:\/\/www.movacolor.com\/vi\/vat-lieu\/chat-long\/#primaryimage\"},\"thumbnailUrl\":\"https:\/\/www.movacolor.com\/wp-content\/uploads\/2023\/03\/Liquid.jpg\",\"datePublished\":\"2023-01-03T10:37:26+00:00\",\"description\":\"Movacolor c\u00f3 th\u1ec3 th\u1ef1c hi\u1ec7n vi\u1ec7c \u0111\u1ecbnh l\u01b0\u1ee3ng ch\u1ea5t l\u1ecfng b\u1eb1ng h\u1ec7 th\u1ed1ng \u0111\u1ecbnh l\u01b0\u1ee3ng ch\u1ea5t l\u1ecfng MDS Balance liquid. \u0110\u1ecdc th\u00eam v\u1ec1 c\u00e1c kh\u1ea3 n\u0103ng s\u1ea3n xu\u1ea5t c\u1ee7a b\u1ea1n.\",\"breadcrumb\":{\"@id\":\"https:\/\/www.movacolor.com\/vi\/vat-lieu\/chat-long\/#breadcrumb\"},\"inLanguage\":\"vi-VN\",\"potentialAction\":[{\"@type\":\"ReadAction\",\"target\":[\"https:\/\/www.movacolor.com\/vi\/vat-lieu\/chat-long\/\"]}]},{\"@type\":\"ImageObject\",\"inLanguage\":\"vi-VN\",\"@id\":\"https:\/\/www.movacolor.com\/vi\/vat-lieu\/chat-long\/#primaryimage\",\"url\":\"https:\/\/www.movacolor.com\/wp-content\/uploads\/2023\/03\/Liquid.jpg\",\"contentUrl\":\"https:\/\/www.movacolor.com\/wp-content\/uploads\/2023\/03\/Liquid.jpg\",\"width\":1920,\"height\":1860,\"caption\":\"Liquid colorant\"},{\"@type\":\"BreadcrumbList\",\"@id\":\"https:\/\/www.movacolor.com\/vi\/vat-lieu\/chat-long\/#breadcrumb\",\"itemListElement\":[{\"@type\":\"ListItem\",\"position\":1,\"name\":\"Home\",\"item\":\"https:\/\/www.movacolor.com\/vi\/\"},{\"@type\":\"ListItem\",\"position\":2,\"name\":\"V\u1eadt li\u1ec7u\",\"item\":\"https:\/\/www.movacolor.com\/vi\/material\/\"},{\"@type\":\"ListItem\",\"position\":3,\"name\":\"Ch\u1ea5t l\u1ecfng\"}]},{\"@type\":\"WebSite\",\"@id\":\"https:\/\/www.movacolor.com\/vi\/#website\",\"url\":\"https:\/\/www.movacolor.com\/vi\/\",\"name\":\"Movacolor\",\"description\":\"modular dosing solutions\",\"potentialAction\":[{\"@type\":\"SearchAction\",\"target\":{\"@type\":\"EntryPoint\",\"urlTemplate\":\"https:\/\/www.movacolor.com\/vi\/?s={search_term_string}\"},\"query-input\":{\"@type\":\"PropertyValueSpecification\",\"valueRequired\":true,\"valueName\":\"search_term_string\"}}],\"inLanguage\":\"vi-VN\"}]}<\/script>\n<!-- \/ Yoast SEO plugin. -->","yoast_head_json":{"title":"Ch\u1ea5t l\u1ecfng - Movacolor","description":"Movacolor c\u00f3 th\u1ec3 th\u1ef1c hi\u1ec7n vi\u1ec7c \u0111\u1ecbnh l\u01b0\u1ee3ng ch\u1ea5t l\u1ecfng b\u1eb1ng h\u1ec7 th\u1ed1ng \u0111\u1ecbnh l\u01b0\u1ee3ng ch\u1ea5t l\u1ecfng MDS Balance liquid. \u0110\u1ecdc th\u00eam v\u1ec1 c\u00e1c kh\u1ea3 n\u0103ng s\u1ea3n xu\u1ea5t c\u1ee7a b\u1ea1n.","robots":{"index":"index","follow":"follow","max-snippet":"max-snippet:-1","max-image-preview":"max-image-preview:large","max-video-preview":"max-video-preview:-1"},"canonical":"https:\/\/www.movacolor.com\/vi\/vat-lieu\/chat-long\/","og_locale":"vi_VN","og_type":"article","og_title":"Ch\u1ea5t l\u1ecfng - Movacolor","og_description":"Movacolor c\u00f3 th\u1ec3 th\u1ef1c hi\u1ec7n vi\u1ec7c \u0111\u1ecbnh l\u01b0\u1ee3ng ch\u1ea5t l\u1ecfng b\u1eb1ng h\u1ec7 th\u1ed1ng \u0111\u1ecbnh l\u01b0\u1ee3ng ch\u1ea5t l\u1ecfng MDS Balance liquid. \u0110\u1ecdc th\u00eam v\u1ec1 c\u00e1c kh\u1ea3 n\u0103ng s\u1ea3n xu\u1ea5t c\u1ee7a b\u1ea1n.","og_url":"https:\/\/www.movacolor.com\/vi\/vat-lieu\/chat-long\/","og_site_name":"Movacolor","og_image":[{"width":1920,"height":1860,"url":"https:\/\/www.movacolor.com\/wp-content\/uploads\/2023\/03\/Liquid.jpg","type":"image\/jpeg"}],"twitter_card":"summary_large_image","twitter_misc":{"Est. reading time":"2 minutes"},"schema":{"@context":"https:\/\/schema.org","@graph":[{"@type":"WebPage","@id":"https:\/\/www.movacolor.com\/vi\/vat-lieu\/chat-long\/","url":"https:\/\/www.movacolor.com\/vi\/vat-lieu\/chat-long\/","name":"Ch\u1ea5t l\u1ecfng - Movacolor","isPartOf":{"@id":"https:\/\/www.movacolor.com\/vi\/#website"},"primaryImageOfPage":{"@id":"https:\/\/www.movacolor.com\/vi\/vat-lieu\/chat-long\/#primaryimage"},"image":{"@id":"https:\/\/www.movacolor.com\/vi\/vat-lieu\/chat-long\/#primaryimage"},"thumbnailUrl":"https:\/\/www.movacolor.com\/wp-content\/uploads\/2023\/03\/Liquid.jpg","datePublished":"2023-01-03T10:37:26+00:00","description":"Movacolor c\u00f3 th\u1ec3 th\u1ef1c hi\u1ec7n vi\u1ec7c \u0111\u1ecbnh l\u01b0\u1ee3ng ch\u1ea5t l\u1ecfng b\u1eb1ng h\u1ec7 th\u1ed1ng \u0111\u1ecbnh l\u01b0\u1ee3ng ch\u1ea5t l\u1ecfng MDS Balance liquid. \u0110\u1ecdc th\u00eam v\u1ec1 c\u00e1c kh\u1ea3 n\u0103ng s\u1ea3n xu\u1ea5t c\u1ee7a b\u1ea1n.","breadcrumb":{"@id":"https:\/\/www.movacolor.com\/vi\/vat-lieu\/chat-long\/#breadcrumb"},"inLanguage":"vi-VN","potentialAction":[{"@type":"ReadAction","target":["https:\/\/www.movacolor.com\/vi\/vat-lieu\/chat-long\/"]}]},{"@type":"ImageObject","inLanguage":"vi-VN","@id":"https:\/\/www.movacolor.com\/vi\/vat-lieu\/chat-long\/#primaryimage","url":"https:\/\/www.movacolor.com\/wp-content\/uploads\/2023\/03\/Liquid.jpg","contentUrl":"https:\/\/www.movacolor.com\/wp-content\/uploads\/2023\/03\/Liquid.jpg","width":1920,"height":1860,"caption":"Liquid colorant"},{"@type":"BreadcrumbList","@id":"https:\/\/www.movacolor.com\/vi\/vat-lieu\/chat-long\/#breadcrumb","itemListElement":[{"@type":"ListItem","position":1,"name":"Home","item":"https:\/\/www.movacolor.com\/vi\/"},{"@type":"ListItem","position":2,"name":"V\u1eadt li\u1ec7u","item":"https:\/\/www.movacolor.com\/vi\/material\/"},{"@type":"ListItem","position":3,"name":"Ch\u1ea5t l\u1ecfng"}]},{"@type":"WebSite","@id":"https:\/\/www.movacolor.com\/vi\/#website","url":"https:\/\/www.movacolor.com\/vi\/","name":"Movacolor","description":"modular dosing solutions","potentialAction":[{"@type":"SearchAction","target":{"@type":"EntryPoint","urlTemplate":"https:\/\/www.movacolor.com\/vi\/?s={search_term_string}"},"query-input":{"@type":"PropertyValueSpecification","valueRequired":true,"valueName":"search_term_string"}}],"inLanguage":"vi-VN"}]}},"_links":{"self":[{"href":"https:\/\/www.movacolor.com\/vi\/wp-json\/wp\/v2\/pages\/14489","targetHints":{"allow":["GET"]}}],"collection":[{"href":"https:\/\/www.movacolor.com\/vi\/wp-json\/wp\/v2\/pages"}],"about":[{"href":"https:\/\/www.movacolor.com\/vi\/wp-json\/wp\/v2\/types\/page"}],"author":[{"embeddable":true,"href":"https:\/\/www.movacolor.com\/vi\/wp-json\/wp\/v2\/users\/2"}],"replies":[{"embeddable":true,"href":"https:\/\/www.movacolor.com\/vi\/wp-json\/wp\/v2\/comments?post=14489"}],"version-history":[{"count":0,"href":"https:\/\/www.movacolor.com\/vi\/wp-json\/wp\/v2\/pages\/14489\/revisions"}],"up":[{"embeddable":true,"href":"https:\/\/www.movacolor.com\/vi\/wp-json\/wp\/v2\/pages\/14486"}],"wp:featuredmedia":[{"embeddable":true,"href":"https:\/\/www.movacolor.com\/vi\/wp-json\/wp\/v2\/media\/14490"}],"wp:attachment":[{"href":"https:\/\/www.movacolor.com\/vi\/wp-json\/wp\/v2\/media?parent=14489"}],"curies":[{"name":"wp","href":"https:\/\/api.w.org\/{rel}","templated":true}]}}