{"id":14485,"date":"2023-01-03T12:29:20","date_gmt":"2023-01-03T10:29:20","guid":{"rendered":"https:\/\/www.movacolor.com\/cong-nghe\/trong-luc\/"},"modified":"2023-01-03T12:29:20","modified_gmt":"2023-01-03T10:29:20","slug":"trong-luc","status":"publish","type":"page","link":"https:\/\/www.movacolor.com\/vi\/cong-nghe\/trong-luc\/","title":{"rendered":"tr\u1ecdng l\u1ef1c"},"content":{"rendered":"<p>B\u1ea1n \u0111ang t\u00ecm ki\u1ebfm m\u1ed9t m\u00e1y c\u1ea5p li\u1ec7u theo tr\u1ecdng l\u01b0\u1ee3ng cho ph\u00e9p b\u1ea1n kh\u00f4ng ch\u1ec9 ph\u00e2n ph\u1ed1i ph\u1ee5 gia m\u1ed9t c\u00e1ch ch\u00ednh x\u00e1c m\u00e0 c\u00f2n \u0111o t\u1ed5ng l\u01b0\u1ee3ng ph\u1ee5 gia ti\u00eau th\u1ee5 trong quy tr\u00ecnh s\u1ea3n xu\u1ea5t c\u1ee7a b\u1ea1n?<\/p>\n<p>T\u1ea1i Movacolor, ch\u00fang t\u00f4i cung c\u1ea5p nhi\u1ec1u lo\u1ea1i m\u00e1y c\u1ea5p li\u1ec7u \u0111o tr\u1ecdng l\u01b0\u1ee3ng, cho d\u00f9 b\u1ea1n \u0111ang x\u1eed l\u00fd b\u1ed9t, ch\u1ea5t l\u1ecfng hay v\u1eadt li\u1ec7u d\u1ea1ng h\u1ea1t. Kh\u00e1m ph\u00e1 C\u00e2n MDS c\u1ee7a ch\u00fang t\u00f4i, m\u1ed9t thi\u1ebft b\u1ecb c\u1ea5p li\u1ec7u theo tr\u1ecdng l\u01b0\u1ee3ng v\u1edbi h\u01a1n 30 n\u0103m ph\u00e1t tri\u1ec3n t\u00edch c\u1ef1c, c\u00f3 kh\u1ea3 n\u0103ng ph\u00e2n ph\u1ed1i nguy\u00ean li\u1ec7u v\u1edbi \u0111\u1ed9 ch\u00ednh x\u00e1c l\u00ean t\u1edbi 0,05%.<\/p>\n<h2>C\u1ea7n c\u00e2n nh\u1eafc \u0111i\u1ec1u g\u00ec khi mua m\u00e1y c\u1ea5p li\u1ec7u \u0111o tr\u1ecdng l\u1ef1c?<\/h2>\n<p>\u0110\u1ecbnh l\u01b0\u1ee3ng tr\u1ecdng l\u01b0\u1ee3ng l\u00e0 m\u1ed9t ph\u01b0\u01a1ng ph\u00e1p \u0111\u01b0\u1ee3c s\u1eed d\u1ee5ng trong nhi\u1ec1u l\u0129nh v\u1ef1c kh\u00e1c nhau, \u0111\u1eb7c bi\u1ec7t l\u00e0 trong ng\u00e0nh nh\u1ef1a, \u0111\u1ec3 \u0111o v\u00e0 ph\u00e2n ph\u1ed1i ch\u00ednh x\u00e1c v\u1eadt li\u1ec7u d\u1ef1a tr\u00ean tr\u1ecdng l\u01b0\u1ee3ng c\u1ee7a ch\u00fang.<\/p>\n<p>\u0110\u1ecbnh l\u01b0\u1ee3ng tr\u1ecdng l\u01b0\u1ee3ng bao g\u1ed3m vi\u1ec7c \u0111o kh\u1ed1i l\u01b0\u1ee3ng tr\u1ecdng l\u01b0\u1ee3ng c\u1ee7a m\u1ed9t ch\u1ea5t v\u00e0 s\u1eed d\u1ee5ng c\u00f4ng ngh\u1ec7 gi\u1ea3m tr\u1ecdng l\u01b0\u1ee3ng \u0111\u1ec3 ki\u1ec3m so\u00e1t s\u1ef1 ph\u00e2n t\u00e1n v\u1eadt li\u1ec7u. N\u00f3 cung c\u1ea5p m\u1ee9c \u0111\u1ed9 ch\u00ednh x\u00e1c v\u00e0 kh\u1ea3 n\u0103ng ki\u1ec3m so\u00e1t cao so v\u1edbi c\u00e1c ph\u01b0\u01a1ng ph\u00e1p \u0111\u1ecbnh l\u01b0\u1ee3ng th\u1ec3 t\u00edch, v\u00ed d\u1ee5 ch\u1ec9 d\u1ef1a v\u00e0o vi\u1ec7c \u0111o th\u1ec3 t\u00edch.<\/p>\n<p><strong>Trong \u0111\u1ecbnh l\u01b0\u1ee3ng tr\u1ecdng l\u01b0\u1ee3ng, quy tr\u00ecnh th\u01b0\u1eddng bao g\u1ed3m c\u00e1c b\u01b0\u1edbc sau: <\/strong><\/p>\n<ol>\n<li data-leveltext=\"%1.\" data-font=\"Calibri\" data-listid=\"1\" data-list-defn-props=\"{&quot;335552541&quot;:0,&quot;335559683&quot;:0,&quot;335559684&quot;:-1,&quot;335559685&quot;:720,&quot;335559991&quot;:360,&quot;469769242&quot;:[65533,0,46],&quot;469777803&quot;:&quot;left&quot;,&quot;469777804&quot;:&quot;%1.&quot;,&quot;469777815&quot;:&quot;hybridMultilevel&quot;}\" aria-setsize=\"-1\" data-aria-posinset=\"1\" data-aria-level=\"1\">C\u00e2n &#8211; Ch\u1ea5t c\u1ea7n \u0111\u1ecbnh l\u01b0\u1ee3ng \u0111\u01b0\u1ee3c \u0111\u1eb7t tr\u00ean m\u1ed9t chi\u1ebfc c\u00e2n ch\u00ednh x\u00e1c v\u00e0 kh\u1ed1i l\u01b0\u1ee3ng c\u1ee7a n\u00f3 \u0111\u01b0\u1ee3c \u0111o v\u1edbi \u0111\u1ed9 ch\u00ednh x\u00e1c cao. Ph\u00e9p \u0111o n\u00e0y c\u00f3 th\u1ec3 \u0111\u01b0\u1ee3c th\u1ef1c hi\u1ec7n b\u1eb1ng nhi\u1ec1u lo\u1ea1i thi\u1ebft b\u1ecb c\u00e2n kh\u00e1c nhau, ch\u1eb3ng h\u1ea1n nh\u01b0 c\u1ea3m bi\u1ebfn t\u1ea3i tr\u1ecdng.\n<p>&nbsp;<\/li>\n<li data-leveltext=\"%1.\" data-font=\"Calibri\" data-listid=\"1\" data-list-defn-props=\"{&quot;335552541&quot;:0,&quot;335559683&quot;:0,&quot;335559684&quot;:-1,&quot;335559685&quot;:720,&quot;335559991&quot;:360,&quot;469769242&quot;:[65533,0,46],&quot;469777803&quot;:&quot;left&quot;,&quot;469777804&quot;:&quot;%1.&quot;,&quot;469777815&quot;:&quot;hybridMultilevel&quot;}\" aria-setsize=\"-1\" data-aria-posinset=\"1\" data-aria-level=\"1\">Ph\u00e2n ph\u1ed1i &#8211; D\u1ef1a tr\u00ean li\u1ec1u l\u01b0\u1ee3ng mong mu\u1ed1n v\u00e0 tr\u1ecdng l\u01b0\u1ee3ng \u0111o \u0111\u01b0\u1ee3c c\u1ee7a ch\u1ea5t, h\u1ec7 th\u1ed1ng \u0111\u1ecbnh l\u01b0\u1ee3ng s\u1ebd ph\u00e2n ph\u1ed1i l\u01b0\u1ee3ng v\u1eadt li\u1ec7u c\u1ea7n thi\u1ebft b\u1eb1ng c\u00e1ch s\u1eed d\u1ee5ng m\u0169i khoan v\u00e0 xi lanh \u0111\u1ecbnh l\u01b0\u1ee3ng.\n<p>&nbsp;<\/li>\n<li data-leveltext=\"%1.\" data-font=\"Calibri\" data-listid=\"1\" data-list-defn-props=\"{&quot;335552541&quot;:0,&quot;335559683&quot;:0,&quot;335559684&quot;:-1,&quot;335559685&quot;:720,&quot;335559991&quot;:360,&quot;469769242&quot;:[65533,0,46],&quot;469777803&quot;:&quot;left&quot;,&quot;469777804&quot;:&quot;%1.&quot;,&quot;469777815&quot;:&quot;hybridMultilevel&quot;}\" aria-setsize=\"-1\" data-aria-posinset=\"1\" data-aria-level=\"1\">Ki\u1ec3m so\u00e1t ph\u1ea3n h\u1ed3i &#8211; Trong su\u1ed1t qu\u00e1 tr\u00ecnh \u0111\u1ecbnh l\u01b0\u1ee3ng, h\u1ec7 th\u1ed1ng ki\u1ec3m so\u00e1t li\u00ean t\u1ee5c theo d\u00f5i tr\u1ecdng l\u01b0\u1ee3ng c\u1ee7a v\u1eadt li\u1ec7u \u0111\u01b0\u1ee3c ph\u00e2n ph\u1ed1i. N\u1ebfu c\u00f3 b\u1ea5t k\u1ef3 sai l\u1ec7ch n\u00e0o so v\u1edbi li\u1ec1u l\u01b0\u1ee3ng mong mu\u1ed1n, h\u1ec7 th\u1ed1ng \u0111i\u1ec1u khi\u1ec3n s\u1ebd t\u1ef1 \u0111\u1ed9ng \u0111i\u1ec1u ch\u1ec9nh t\u1ef7 l\u1ec7 \u0111\u1ecbnh l\u01b0\u1ee3ng \u0111\u1ec3 duy tr\u00ec \u0111\u1ed9 ch\u00ednh x\u00e1c.<\/li>\n<\/ol>\n<p><strong>\u0110\u1ecbnh l\u01b0\u1ee3ng tr\u1ecdng l\u01b0\u1ee3ng mang l\u1ea1i m\u1ed9t s\u1ed1 l\u1ee3i \u00edch cho qu\u00e1 tr\u00ecnh s\u1ea3n xu\u1ea5t c\u1ee7a b\u1ea1n:<\/strong><\/p>\n<ol>\n<li>\u0110\u1ed9 ch\u00ednh x\u00e1c &#8211; V\u00ec d\u1ef1a tr\u00ean c\u00e1c ph\u00e9p \u0111o kh\u1ed1i l\u01b0\u1ee3ng th\u1ef1c t\u1ebf n\u00ean vi\u1ec7c \u0111\u1ecbnh l\u01b0\u1ee3ng theo tr\u1ecdng l\u01b0\u1ee3ng c\u00f3 \u0111\u1ed9 ch\u00ednh x\u00e1c cao v\u00e0 \u00edt b\u1ecb \u1ea3nh h\u01b0\u1edfng b\u1edfi s\u1ef1 thay \u0111\u1ed5i v\u1ec1 m\u1eadt \u0111\u1ed9 v\u1eadt li\u1ec7u, nhi\u1ec7t \u0111\u1ed9 ho\u1eb7c c\u00e1c y\u1ebfu t\u1ed1 kh\u00e1c c\u00f3 th\u1ec3 \u1ea3nh h\u01b0\u1edfng \u0111\u1ebfn c\u00e1c ph\u00e9p \u0111o d\u1ef1a tr\u00ean th\u1ec3 t\u00edch.<\/li>\n<li>T\u00ednh linh ho\u1ea1t &#8211; \u0110\u1ecbnh l\u01b0\u1ee3ng tr\u1ecdng l\u01b0\u1ee3ng c\u00f3 th\u1ec3 \u0111\u01b0\u1ee3c s\u1eed d\u1ee5ng cho nhi\u1ec1u lo\u1ea1i v\u1eadt li\u1ec7u, t\u1eeb b\u1ed9t v\u00e0 h\u1ea1t \u0111\u1ebfn ch\u1ea5t l\u1ecfng, mi\u1ec5n l\u00e0 ch\u00fang c\u00f3 th\u1ec3 \u0111\u01b0\u1ee3c c\u00e2n m\u1ed9t c\u00e1ch \u0111\u00e1ng tin c\u1eady.<\/li>\n<li>T\u00ednh nh\u1ea5t qu\u00e1n &#8211; Vi\u1ec7c ki\u1ec3m so\u00e1t ch\u00ednh x\u00e1c \u0111\u01b0\u1ee3c cung c\u1ea5p b\u1edfi vi\u1ec7c \u0111\u1ecbnh l\u01b0\u1ee3ng tr\u1ecdng l\u01b0\u1ee3ng \u0111\u1ea3m b\u1ea3o r\u1eb1ng m\u1ed7i li\u1ec1u \u0111\u1ec1u nh\u1ea5t qu\u00e1n, \u0111i\u1ec1u n\u00e0y r\u1ea5t quan tr\u1ecdng trong c\u00e1c ng\u00e0nh m\u00e0 ch\u1ea5t l\u01b0\u1ee3ng v\u00e0 t\u00ednh \u0111\u1ed3ng nh\u1ea5t c\u1ee7a s\u1ea3n ph\u1ea9m l\u00e0 r\u1ea5t c\u1ea7n thi\u1ebft.<\/li>\n<li>T\u1ed1i \u01b0u h\u00f3a quy tr\u00ecnh &#8211; H\u1ec7 th\u1ed1ng \u0111\u1ecbnh l\u01b0\u1ee3ng tr\u1ecdng l\u01b0\u1ee3ng c\u00f3 th\u1ec3 \u0111\u01b0\u1ee3c t\u00edch h\u1ee3p v\u00e0o d\u00e2y chuy\u1ec1n s\u1ea3n xu\u1ea5t t\u1ef1 \u0111\u1ed9ng, cho ph\u00e9p th\u1ef1c hi\u1ec7n c\u00e1c quy tr\u00ecnh s\u1ea3n xu\u1ea5t hi\u1ec7u qu\u1ea3 v\u00e0 t\u1ed1i \u01b0u h\u00f3a, v\u1edbi th\u1eddi gian ng\u1eebng ho\u1ea1t \u0111\u1ed9ng \u00edt nh\u1ea5t c\u00f3 th\u1ec3.<\/li>\n<li>i\u1ea3m ch\u1ea5t th\u1ea3i &#8211; \u0110\u1ecbnh l\u01b0\u1ee3ng ch\u00ednh x\u00e1c gi\u00fap gi\u1ea3m l\u00e3ng ph\u00ed nguy\u00ean li\u1ec7u v\u00e0 g\u00f3p ph\u1ea7n ti\u1ebft ki\u1ec7m chi ph\u00ed.<\/li>\n<\/ol>\n<h2>H\u1ea1n ch\u1ebf l\u00e3ng ph\u00ed, gi\u1ea3m chi ph\u00ed v\u00e0 t\u0103ng ch\u1ea5t l\u01b0\u1ee3ng s\u1ea3n ph\u1ea9m v\u1edbi c\u00e1c gi\u1ea3i ph\u00e1p pha tr\u1ed9n v\u00e0 \u0111\u1ecbnh l\u01b0\u1ee3ng tr\u1ecdng l\u01b0\u1ee3ng t\u1eeb Movacolor<\/h2>\n<p>Trong nh\u1eefng n\u0103m qua, ch\u00fang t\u00f4i \u0111\u00e3 ph\u00e1t tri\u1ec3n nhi\u1ec1u h\u1ec7 th\u1ed1ng pha tr\u1ed9n v\u00e0 \u0111\u1ecbnh l\u01b0\u1ee3ng tr\u1ecdng l\u01b0\u1ee3ng m\u00f4-\u0111un c\u00f3 \u0111\u1ed9 ch\u00ednh x\u00e1c cao cho c\u00e1c nh\u00e0 s\u1ea3n xu\u1ea5t nh\u1ef1a tr\u00ean to\u00e0n th\u1ebf gi\u1edbi, \u0111\u00e1p \u1ee9ng m\u1ecdi \u1ee9ng d\u1ee5ng. D\u00f9 b\u1ea1n \u0111ang t\u00ecm ki\u1ebfm m\u00e1y c\u1ea5p li\u1ec7u gi\u1ea3m tr\u1ecdng l\u01b0\u1ee3ng\u00a0hay m\u00e1y xay theo m\u1ebb theo tr\u1ecdng l\u01b0\u1ee3ng, ch\u00fang t\u00f4i \u0111\u1ec1u c\u00f3 th\u1ec3 \u0111\u00e1p \u1ee9ng nhu c\u1ea7u c\u1ee7a b\u1ea1n. C\u00e1c gi\u1ea3i ph\u00e1p \u0111o tr\u1ecdng l\u01b0\u1ee3ng c\u1ee7a ch\u00fang t\u00f4i \u0111\u01b0\u1ee3c thi\u1ebft k\u1ebf \u0111\u1ec3 cung c\u1ea5p cho b\u1ea1n kh\u1ea3 n\u0103ng ki\u1ec3m so\u00e1t ho\u00e0n to\u00e0n v\u00e0 d\u1ec5 d\u00e0ng th\u00edch \u1ee9ng v\u1edbi m\u1ecdi quy tr\u00ecnh, cho d\u00f9 \u0111\u00f3 l\u00e0 \u00e9p \u0111\u00f9n, \u00e9p phun hay \u0111\u00fac th\u1ed5i. B\u1eb1ng c\u00e1ch ch\u1ecdn gi\u1ea3i ph\u00e1p \u0111\u1ecbnh l\u01b0\u1ee3ng tr\u1ecdng l\u01b0\u1ee3ng t\u1eeb Movacolor, b\u1ea1n c\u00f3 th\u1ec3 gi\u1ea3m chi ph\u00ed, gi\u1ea3m l\u00e3ng ph\u00ed v\u00e0 t\u1ed1i \u0111a h\u00f3a hi\u1ec7u qu\u1ea3 s\u1ea3n xu\u1ea5t.<\/p>\n<p>M\u00e1y c\u1ea5p li\u1ec7u theo tr\u1ecdng l\u01b0\u1ee3ng c\u1ee7a ch\u00fang t\u00f4i t\u00edch h\u1ee3p v\u1edbi C\u00f4ng ngh\u1ec7 c\u00e2n b\u1eb1ng c\u1ee7a ch\u00fang t\u00f4i, gi\u00fap \u0111o l\u01b0\u1eddng s\u1ef1 hao h\u1ee5t tr\u1ecdng l\u01b0\u1ee3ng c\u1ee7a n\u1ed9i dung trong ph\u1ec5u c\u1ee7a b\u1ea1n. Trong khi ph\u00e2n ph\u1ed1i, b\u1ed9 c\u1ea5p li\u1ec7u tr\u1ecdng l\u01b0\u1ee3ng c\u1ee7a ch\u00fang t\u00f4i t\u1ef1 \u0111\u1ed9ng \u0111i\u1ec1u ch\u1ec9nh t\u1ed1c \u0111\u1ed9 c\u1ea5p li\u1ec7u c\u1ee7a xi lanh \u0111\u1ecbnh l\u01b0\u1ee3ng c\u1ee7a b\u1ea1n \u0111\u1ec3 lo\u1ea1i tr\u1eeb b\u1ea5t k\u1ef3 sai l\u1ec7ch n\u00e0o do rung \u0111\u1ed9ng ho\u1eb7c c\u00e1c bi\u1ebfn s\u1ed1 s\u1ea3n xu\u1ea5t kh\u00e1c g\u00e2y ra. N\u1ebfu m\u00e1y c\u1ea5p li\u1ec7u tr\u1ecdng l\u01b0\u1ee3ng c\u1ee7a b\u1ea1n \u0111ang g\u1eb7p v\u1ea5n \u0111\u1ec1 v\u1ec1 \u0111\u1ed9 ch\u00ednh x\u00e1c do rung \u0111\u1ed9ng, th\u00ec vi\u1ec7c \u0111\u1ecbnh l\u01b0\u1ee3ng ngo\u1ea1i tuy\u1ebfn MCS l\u00e0 m\u1ed9t gi\u1ea3i ph\u00e1p thay th\u1ebf tuy\u1ec7t v\u1eddi \u0111\u1ec3 c\u1ea5p nguy\u00ean li\u1ec7u ch\u00ednh x\u00e1c trong m\u00f4i tr\u01b0\u1eddng s\u1ea3n xu\u1ea5t c\u00f3 \u0111\u1ed9 rung cao.<\/p>\n<p>Kh\u00e1i ni\u1ec7m \u0111\u1ecbnh l\u01b0\u1ee3ng m\u00f4-\u0111un c\u1ee7a ch\u00fang t\u00f4i cho ph\u00e9p b\u1ea1n t\u00f9y ch\u1ec9nh thi\u1ebft l\u1eadp v\u00e0\/ho\u1eb7c k\u1ebft h\u1ee3p nhi\u1ec1u thi\u1ebft b\u1ecb, \u0111\u1ea3m b\u1ea3o b\u1ea1n c\u00f3 h\u1ec7 th\u1ed1ng \u0111\u1ecbnh l\u01b0\u1ee3ng ph\u00f9 h\u1ee3p v\u1edbi y\u00eau c\u1ea7u s\u1ea3n xu\u1ea5t c\u1ee7a m\u00ecnh. N\u1ebfu b\u1ea1n \u0111ang loay hoay t\u00ecm gi\u1ea3i ph\u00e1p ph\u00f9 h\u1ee3p cho quy tr\u00ecnh s\u1ea3n xu\u1ea5t c\u1ee7a m\u00ecnh, vui l\u00f2ng \u0111\u1ec3 l\u1ea1i th\u00f4ng tin li\u00ean h\u1ec7 c\u1ee7a b\u1ea1n theo m\u1eabu b\u00ean d\u01b0\u1edbi \u0111\u1ec3 li\u00ean h\u1ec7 v\u1edbi m\u1ed9t trong nh\u1eefng chuy\u00ean gia v\u1ec1 \u0111\u1ecbnh l\u01b0\u1ee3ng c\u1ee7a ch\u00fang t\u00f4i. Ch\u00fang t\u00f4i r\u1ea5t vui \u0111\u01b0\u1ee3c cung c\u1ea5p cho b\u1ea1n l\u1eddi khuy\u00ean mi\u1ec5n ph\u00ed!<\/p>\n","protected":false},"excerpt":{"rendered":"<p>B\u1ea1n \u0111ang t\u00ecm ki\u1ebfm m\u1ed9t m\u00e1y c\u1ea5p li\u1ec7u theo tr\u1ecdng l\u01b0\u1ee3ng cho ph\u00e9p b\u1ea1n kh\u00f4ng ch\u1ec9 ph\u00e2n ph\u1ed1i ph\u1ee5 gia m\u1ed9t c\u00e1ch ch\u00ednh x\u00e1c m\u00e0 c\u00f2n \u0111o t\u1ed5ng l\u01b0\u1ee3ng ph\u1ee5 gia ti\u00eau th\u1ee5 trong quy tr\u00ecnh s\u1ea3n xu\u1ea5t c\u1ee7a b\u1ea1n? T\u1ea1i Movacolor, ch\u00fang t\u00f4i cung c\u1ea5p nhi\u1ec1u lo\u1ea1i m\u00e1y c\u1ea5p li\u1ec7u \u0111o tr\u1ecdng l\u01b0\u1ee3ng, cho&#8230;<\/p>\n","protected":false},"author":2,"featured_media":12940,"parent":14472,"menu_order":0,"comment_status":"closed","ping_status":"closed","template":"","meta":{"_acf_changed":false,"footnotes":""},"class_list":["post-14485","page","type-page","status-publish","has-post-thumbnail","hentry","us_portfolio_tag-trong-luc"],"acf":[],"yoast_head":"<!-- This site is optimized with the Yoast SEO plugin v26.4 - https:\/\/yoast.com\/wordpress\/plugins\/seo\/ -->\n<title>H\u1ea1n ch\u1ebf l\u00e3ng ph\u00ed | C\u1eaft gi\u1ea3m chi ph\u00ed | C\u1ea3i thi\u1ec7n ch\u1ea5t l\u01b0\u1ee3ng b\u1eb1ng c\u00e1ch \u0111\u1ecbnh l\u01b0\u1ee3ng tr\u1ecdng l\u01b0\u1ee3ng<\/title>\n<meta name=\"description\" content=\"N\u00e2ng c\u1ea5p quy tr\u00ecnh s\u1ea3n xu\u1ea5t nh\u1ef1a c\u1ee7a b\u1ea1n v\u1edbi h\u1ec7 th\u1ed1ng \u0111\u1ecbnh l\u01b0\u1ee3ng tr\u1ecdng l\u01b0\u1ee3ng m\u00f4-\u0111un c\u00f3 \u0111\u1ed9 ch\u00ednh x\u00e1c cao c\u1ee7a ch\u00fang t\u00f4i. T\u00ecm hi\u1ec3u th\u00eam v\u1ec1 l\u1ee3i \u00edch c\u1ee7a c\u00e1c gi\u1ea3i ph\u00e1p c\u1ee7a ch\u00fang t\u00f4i ngay h\u00f4m nay!\" \/>\n<meta name=\"robots\" content=\"index, follow, max-snippet:-1, max-image-preview:large, max-video-preview:-1\" \/>\n<link rel=\"canonical\" href=\"https:\/\/www.movacolor.com\/vi\/cong-nghe\/trong-luc\/\" \/>\n<meta property=\"og:locale\" content=\"vi_VN\" \/>\n<meta property=\"og:type\" content=\"article\" \/>\n<meta property=\"og:title\" content=\"H\u1ea1n ch\u1ebf l\u00e3ng ph\u00ed | C\u1eaft gi\u1ea3m chi ph\u00ed | C\u1ea3i thi\u1ec7n ch\u1ea5t l\u01b0\u1ee3ng b\u1eb1ng c\u00e1ch \u0111\u1ecbnh l\u01b0\u1ee3ng tr\u1ecdng l\u01b0\u1ee3ng\" \/>\n<meta property=\"og:description\" content=\"N\u00e2ng c\u1ea5p quy tr\u00ecnh s\u1ea3n xu\u1ea5t nh\u1ef1a c\u1ee7a b\u1ea1n v\u1edbi h\u1ec7 th\u1ed1ng \u0111\u1ecbnh l\u01b0\u1ee3ng tr\u1ecdng l\u01b0\u1ee3ng m\u00f4-\u0111un c\u00f3 \u0111\u1ed9 ch\u00ednh x\u00e1c cao c\u1ee7a ch\u00fang t\u00f4i. T\u00ecm hi\u1ec3u th\u00eam v\u1ec1 l\u1ee3i \u00edch c\u1ee7a c\u00e1c gi\u1ea3i ph\u00e1p c\u1ee7a ch\u00fang t\u00f4i ngay h\u00f4m nay!\" \/>\n<meta property=\"og:url\" content=\"https:\/\/www.movacolor.com\/vi\/cong-nghe\/trong-luc\/\" \/>\n<meta property=\"og:site_name\" content=\"Movacolor\" \/>\n<meta property=\"og:image\" content=\"https:\/\/www.movacolor.com\/wp-content\/uploads\/2023\/01\/Working-in-a-cleanroom-is-balancing-between-the-highest-standards.jpg\" \/>\n\t<meta property=\"og:image:width\" content=\"1500\" \/>\n\t<meta property=\"og:image:height\" content=\"843\" \/>\n\t<meta property=\"og:image:type\" content=\"image\/jpeg\" \/>\n<meta name=\"twitter:card\" content=\"summary_large_image\" \/>\n<meta name=\"twitter:label1\" content=\"Est. reading time\" \/>\n\t<meta name=\"twitter:data1\" content=\"8 minutes\" \/>\n<script type=\"application\/ld+json\" class=\"yoast-schema-graph\">{\"@context\":\"https:\/\/schema.org\",\"@graph\":[{\"@type\":\"WebPage\",\"@id\":\"https:\/\/www.movacolor.com\/vi\/cong-nghe\/trong-luc\/\",\"url\":\"https:\/\/www.movacolor.com\/vi\/cong-nghe\/trong-luc\/\",\"name\":\"H\u1ea1n ch\u1ebf l\u00e3ng ph\u00ed | C\u1eaft gi\u1ea3m chi ph\u00ed | C\u1ea3i thi\u1ec7n ch\u1ea5t l\u01b0\u1ee3ng b\u1eb1ng c\u00e1ch \u0111\u1ecbnh l\u01b0\u1ee3ng tr\u1ecdng l\u01b0\u1ee3ng\",\"isPartOf\":{\"@id\":\"https:\/\/www.movacolor.com\/vi\/#website\"},\"primaryImageOfPage\":{\"@id\":\"https:\/\/www.movacolor.com\/vi\/cong-nghe\/trong-luc\/#primaryimage\"},\"image\":{\"@id\":\"https:\/\/www.movacolor.com\/vi\/cong-nghe\/trong-luc\/#primaryimage\"},\"thumbnailUrl\":\"https:\/\/www.movacolor.com\/wp-content\/uploads\/2023\/01\/Working-in-a-cleanroom-is-balancing-between-the-highest-standards.jpg\",\"datePublished\":\"2023-01-03T10:29:20+00:00\",\"description\":\"N\u00e2ng c\u1ea5p quy tr\u00ecnh s\u1ea3n xu\u1ea5t nh\u1ef1a c\u1ee7a b\u1ea1n v\u1edbi h\u1ec7 th\u1ed1ng \u0111\u1ecbnh l\u01b0\u1ee3ng tr\u1ecdng l\u01b0\u1ee3ng m\u00f4-\u0111un c\u00f3 \u0111\u1ed9 ch\u00ednh x\u00e1c cao c\u1ee7a ch\u00fang t\u00f4i. T\u00ecm hi\u1ec3u th\u00eam v\u1ec1 l\u1ee3i \u00edch c\u1ee7a c\u00e1c gi\u1ea3i ph\u00e1p c\u1ee7a ch\u00fang t\u00f4i ngay h\u00f4m nay!\",\"breadcrumb\":{\"@id\":\"https:\/\/www.movacolor.com\/vi\/cong-nghe\/trong-luc\/#breadcrumb\"},\"inLanguage\":\"vi-VN\",\"potentialAction\":[{\"@type\":\"ReadAction\",\"target\":[\"https:\/\/www.movacolor.com\/vi\/cong-nghe\/trong-luc\/\"]}]},{\"@type\":\"ImageObject\",\"inLanguage\":\"vi-VN\",\"@id\":\"https:\/\/www.movacolor.com\/vi\/cong-nghe\/trong-luc\/#primaryimage\",\"url\":\"https:\/\/www.movacolor.com\/wp-content\/uploads\/2023\/01\/Working-in-a-cleanroom-is-balancing-between-the-highest-standards.jpg\",\"contentUrl\":\"https:\/\/www.movacolor.com\/wp-content\/uploads\/2023\/01\/Working-in-a-cleanroom-is-balancing-between-the-highest-standards.jpg\",\"width\":1500,\"height\":843},{\"@type\":\"BreadcrumbList\",\"@id\":\"https:\/\/www.movacolor.com\/vi\/cong-nghe\/trong-luc\/#breadcrumb\",\"itemListElement\":[{\"@type\":\"ListItem\",\"position\":1,\"name\":\"Home\",\"item\":\"https:\/\/www.movacolor.com\/vi\/\"},{\"@type\":\"ListItem\",\"position\":2,\"name\":\"C\u00f4ng ngh\u1ec7\",\"item\":\"https:\/\/www.movacolor.com\/vi\/technology\/\"},{\"@type\":\"ListItem\",\"position\":3,\"name\":\"tr\u1ecdng l\u1ef1c\"}]},{\"@type\":\"WebSite\",\"@id\":\"https:\/\/www.movacolor.com\/vi\/#website\",\"url\":\"https:\/\/www.movacolor.com\/vi\/\",\"name\":\"Movacolor\",\"description\":\"modular dosing solutions\",\"potentialAction\":[{\"@type\":\"SearchAction\",\"target\":{\"@type\":\"EntryPoint\",\"urlTemplate\":\"https:\/\/www.movacolor.com\/vi\/?s={search_term_string}\"},\"query-input\":{\"@type\":\"PropertyValueSpecification\",\"valueRequired\":true,\"valueName\":\"search_term_string\"}}],\"inLanguage\":\"vi-VN\"}]}<\/script>\n<!-- \/ Yoast SEO plugin. -->","yoast_head_json":{"title":"H\u1ea1n ch\u1ebf l\u00e3ng ph\u00ed | C\u1eaft gi\u1ea3m chi ph\u00ed | C\u1ea3i thi\u1ec7n ch\u1ea5t l\u01b0\u1ee3ng b\u1eb1ng c\u00e1ch \u0111\u1ecbnh l\u01b0\u1ee3ng tr\u1ecdng l\u01b0\u1ee3ng","description":"N\u00e2ng c\u1ea5p quy tr\u00ecnh s\u1ea3n xu\u1ea5t nh\u1ef1a c\u1ee7a b\u1ea1n v\u1edbi h\u1ec7 th\u1ed1ng \u0111\u1ecbnh l\u01b0\u1ee3ng tr\u1ecdng l\u01b0\u1ee3ng m\u00f4-\u0111un c\u00f3 \u0111\u1ed9 ch\u00ednh x\u00e1c cao c\u1ee7a ch\u00fang t\u00f4i. T\u00ecm hi\u1ec3u th\u00eam v\u1ec1 l\u1ee3i \u00edch c\u1ee7a c\u00e1c gi\u1ea3i ph\u00e1p c\u1ee7a ch\u00fang t\u00f4i ngay h\u00f4m nay!","robots":{"index":"index","follow":"follow","max-snippet":"max-snippet:-1","max-image-preview":"max-image-preview:large","max-video-preview":"max-video-preview:-1"},"canonical":"https:\/\/www.movacolor.com\/vi\/cong-nghe\/trong-luc\/","og_locale":"vi_VN","og_type":"article","og_title":"H\u1ea1n ch\u1ebf l\u00e3ng ph\u00ed | C\u1eaft gi\u1ea3m chi ph\u00ed | C\u1ea3i thi\u1ec7n ch\u1ea5t l\u01b0\u1ee3ng b\u1eb1ng c\u00e1ch \u0111\u1ecbnh l\u01b0\u1ee3ng tr\u1ecdng l\u01b0\u1ee3ng","og_description":"N\u00e2ng c\u1ea5p quy tr\u00ecnh s\u1ea3n xu\u1ea5t nh\u1ef1a c\u1ee7a b\u1ea1n v\u1edbi h\u1ec7 th\u1ed1ng \u0111\u1ecbnh l\u01b0\u1ee3ng tr\u1ecdng l\u01b0\u1ee3ng m\u00f4-\u0111un c\u00f3 \u0111\u1ed9 ch\u00ednh x\u00e1c cao c\u1ee7a ch\u00fang t\u00f4i. T\u00ecm hi\u1ec3u th\u00eam v\u1ec1 l\u1ee3i \u00edch c\u1ee7a c\u00e1c gi\u1ea3i ph\u00e1p c\u1ee7a ch\u00fang t\u00f4i ngay h\u00f4m nay!","og_url":"https:\/\/www.movacolor.com\/vi\/cong-nghe\/trong-luc\/","og_site_name":"Movacolor","og_image":[{"width":1500,"height":843,"url":"https:\/\/www.movacolor.com\/wp-content\/uploads\/2023\/01\/Working-in-a-cleanroom-is-balancing-between-the-highest-standards.jpg","type":"image\/jpeg"}],"twitter_card":"summary_large_image","twitter_misc":{"Est. reading time":"8 minutes"},"schema":{"@context":"https:\/\/schema.org","@graph":[{"@type":"WebPage","@id":"https:\/\/www.movacolor.com\/vi\/cong-nghe\/trong-luc\/","url":"https:\/\/www.movacolor.com\/vi\/cong-nghe\/trong-luc\/","name":"H\u1ea1n ch\u1ebf l\u00e3ng ph\u00ed | C\u1eaft gi\u1ea3m chi ph\u00ed | C\u1ea3i thi\u1ec7n ch\u1ea5t l\u01b0\u1ee3ng b\u1eb1ng c\u00e1ch \u0111\u1ecbnh l\u01b0\u1ee3ng tr\u1ecdng l\u01b0\u1ee3ng","isPartOf":{"@id":"https:\/\/www.movacolor.com\/vi\/#website"},"primaryImageOfPage":{"@id":"https:\/\/www.movacolor.com\/vi\/cong-nghe\/trong-luc\/#primaryimage"},"image":{"@id":"https:\/\/www.movacolor.com\/vi\/cong-nghe\/trong-luc\/#primaryimage"},"thumbnailUrl":"https:\/\/www.movacolor.com\/wp-content\/uploads\/2023\/01\/Working-in-a-cleanroom-is-balancing-between-the-highest-standards.jpg","datePublished":"2023-01-03T10:29:20+00:00","description":"N\u00e2ng c\u1ea5p quy tr\u00ecnh s\u1ea3n xu\u1ea5t nh\u1ef1a c\u1ee7a b\u1ea1n v\u1edbi h\u1ec7 th\u1ed1ng \u0111\u1ecbnh l\u01b0\u1ee3ng tr\u1ecdng l\u01b0\u1ee3ng m\u00f4-\u0111un c\u00f3 \u0111\u1ed9 ch\u00ednh x\u00e1c cao c\u1ee7a ch\u00fang t\u00f4i. T\u00ecm hi\u1ec3u th\u00eam v\u1ec1 l\u1ee3i \u00edch c\u1ee7a c\u00e1c gi\u1ea3i ph\u00e1p c\u1ee7a ch\u00fang t\u00f4i ngay h\u00f4m nay!","breadcrumb":{"@id":"https:\/\/www.movacolor.com\/vi\/cong-nghe\/trong-luc\/#breadcrumb"},"inLanguage":"vi-VN","potentialAction":[{"@type":"ReadAction","target":["https:\/\/www.movacolor.com\/vi\/cong-nghe\/trong-luc\/"]}]},{"@type":"ImageObject","inLanguage":"vi-VN","@id":"https:\/\/www.movacolor.com\/vi\/cong-nghe\/trong-luc\/#primaryimage","url":"https:\/\/www.movacolor.com\/wp-content\/uploads\/2023\/01\/Working-in-a-cleanroom-is-balancing-between-the-highest-standards.jpg","contentUrl":"https:\/\/www.movacolor.com\/wp-content\/uploads\/2023\/01\/Working-in-a-cleanroom-is-balancing-between-the-highest-standards.jpg","width":1500,"height":843},{"@type":"BreadcrumbList","@id":"https:\/\/www.movacolor.com\/vi\/cong-nghe\/trong-luc\/#breadcrumb","itemListElement":[{"@type":"ListItem","position":1,"name":"Home","item":"https:\/\/www.movacolor.com\/vi\/"},{"@type":"ListItem","position":2,"name":"C\u00f4ng ngh\u1ec7","item":"https:\/\/www.movacolor.com\/vi\/technology\/"},{"@type":"ListItem","position":3,"name":"tr\u1ecdng l\u1ef1c"}]},{"@type":"WebSite","@id":"https:\/\/www.movacolor.com\/vi\/#website","url":"https:\/\/www.movacolor.com\/vi\/","name":"Movacolor","description":"modular dosing solutions","potentialAction":[{"@type":"SearchAction","target":{"@type":"EntryPoint","urlTemplate":"https:\/\/www.movacolor.com\/vi\/?s={search_term_string}"},"query-input":{"@type":"PropertyValueSpecification","valueRequired":true,"valueName":"search_term_string"}}],"inLanguage":"vi-VN"}]}},"_links":{"self":[{"href":"https:\/\/www.movacolor.com\/vi\/wp-json\/wp\/v2\/pages\/14485","targetHints":{"allow":["GET"]}}],"collection":[{"href":"https:\/\/www.movacolor.com\/vi\/wp-json\/wp\/v2\/pages"}],"about":[{"href":"https:\/\/www.movacolor.com\/vi\/wp-json\/wp\/v2\/types\/page"}],"author":[{"embeddable":true,"href":"https:\/\/www.movacolor.com\/vi\/wp-json\/wp\/v2\/users\/2"}],"replies":[{"embeddable":true,"href":"https:\/\/www.movacolor.com\/vi\/wp-json\/wp\/v2\/comments?post=14485"}],"version-history":[{"count":0,"href":"https:\/\/www.movacolor.com\/vi\/wp-json\/wp\/v2\/pages\/14485\/revisions"}],"up":[{"embeddable":true,"href":"https:\/\/www.movacolor.com\/vi\/wp-json\/wp\/v2\/pages\/14472"}],"wp:featuredmedia":[{"embeddable":true,"href":"https:\/\/www.movacolor.com\/vi\/wp-json\/wp\/v2\/media\/12940"}],"wp:attachment":[{"href":"https:\/\/www.movacolor.com\/vi\/wp-json\/wp\/v2\/media?parent=14485"}],"curies":[{"name":"wp","href":"https:\/\/api.w.org\/{rel}","templated":true}]}}