{"id":14483,"date":"2023-01-03T12:33:35","date_gmt":"2023-01-03T10:33:35","guid":{"rendered":"https:\/\/www.movacolor.com\/cong-nghe\/the-tich\/"},"modified":"2023-01-03T12:33:35","modified_gmt":"2023-01-03T10:33:35","slug":"the-tich","status":"publish","type":"page","link":"https:\/\/www.movacolor.com\/vi\/cong-nghe\/khoi-luong\/","title":{"rendered":"th\u1ec3 t\u00edch"},"content":{"rendered":"<p>\u0110\u1ecbnh l\u01b0\u1ee3ng theo th\u1ec3 t\u00edch l\u00e0 m\u1ed9t k\u1ef9 thu\u1eadt ph\u1ed5 bi\u1ebfn \u0111\u01b0\u1ee3c s\u1eed d\u1ee5ng trong nhi\u1ec1u ng\u00e0nh c\u00f4ng nghi\u1ec7p kh\u00e1c nhau \u0111\u1ec3 ph\u00e2n ph\u1ed1i nguy\u00ean li\u1ec7u d\u1ef1a tr\u00ean th\u1ec3 t\u00edch v\u00e0 s\u1ed1 v\u00f2ng quay m\u1ed7i ph\u00fat. Kh\u00f4ng gi\u1ed1ng nh\u01b0 vi\u1ec7c \u0111\u1ecbnh l\u01b0\u1ee3ng b\u1eb1ng tr\u1ecdng l\u01b0\u1ee3ng d\u1ef1a tr\u00ean vi\u1ec7c \u0111o tr\u1ecdng l\u01b0\u1ee3ng, b\u1ed9 c\u1ea5p li\u1ec7u th\u1ec3 t\u00edch s\u1ebd ph\u00e2n ph\u1ed1i m\u1ed9t l\u01b0\u1ee3ng v\u1eadt li\u1ec7u d\u1ef1a tr\u00ean s\u1ed1 v\u00f2ng quay m\u1ed7i ph\u00fat. M\u1eb7c d\u00f9 n\u00f3 c\u00f3 th\u1ec3 kh\u00f4ng cung c\u1ea5p m\u1ee9c \u0111\u1ed9 ch\u00ednh x\u00e1c t\u01b0\u01a1ng t\u1ef1 nh\u01b0 c\u00e1c ph\u01b0\u01a1ng ph\u00e1p \u0111o tr\u1ecdng l\u01b0\u1ee3ng, nh\u01b0ng b\u1ed9 n\u1ea1p th\u1ec3 t\u00edch v\u1eabn l\u00e0 m\u1ed9t l\u1ef1a ch\u1ecdn th\u1ef1c t\u1ebf trong c\u00e1c t\u00ecnh hu\u1ed1ng m\u00e0 \u0111\u1ed9 ch\u00ednh x\u00e1c c\u00f3 th\u1ec3 kh\u00f4ng quan tr\u1ecdng b\u1eb1ng.<\/p>\n<p><strong>Qu\u00e1 tr\u00ecnh \u0111\u1ecbnh l\u01b0\u1ee3ng th\u1ec3 t\u00edch th\u01b0\u1eddng bao g\u1ed3m nh\u1eefng \u0111i\u1ec1u sau:<\/strong><\/p>\n<ol>\n<li>Hi\u1ec7u chu\u1ea9n &#8211; Hi\u1ec7u chu\u1ea9n trong \u0111\u1ecbnh l\u01b0\u1ee3ng th\u1ec3 t\u00edch l\u00e0 vi\u1ec7c x\u00e1c \u0111\u1ecbnh kh\u1ed1i l\u01b0\u1ee3ng v\u1eadt li\u1ec7u c\u1ea7n \u0111\u1ecbnh l\u01b0\u1ee3ng, d\u1ef1a tr\u00ean t\u1ed1c \u0111\u1ed9 quay c\u1ee7a d\u1ee5ng c\u1ee5 \u0111\u1ecbnh l\u01b0\u1ee3ng k\u1ebft h\u1ee3p v\u1edbi th\u1eddi gian \u0111\u1ecbnh l\u01b0\u1ee3ng. B\u1eb1ng c\u00e1ch hi\u1ec7u chu\u1ea9n hi\u1ec7u qu\u1ea3, \u1edf m\u1ed9t m\u1ee9c \u0111\u1ed9 n\u00e0o \u0111\u00f3, c\u00e1c nh\u00e0 s\u1ea3n xu\u1ea5t c\u00f3 th\u1ec3 \u0111\u1ea1t \u0111\u01b0\u1ee3c hi\u1ec7u su\u1ea5t \u1ed5n \u0111\u1ecbnh v\u00e0 \u0111\u00e1ng tin c\u1eady, gi\u1ea3m nguy c\u01a1 d\u00f9ng qu\u00e1 li\u1ec1u ho\u1eb7c thi\u1ebfu li\u1ec1u l\u01b0\u1ee3ng.<\/li>\n<li>\u0110\u1ecbnh l\u01b0\u1ee3ng &#8211; D\u1ef1a tr\u00ean s\u1ed1 v\u00f2ng quay m\u1ed7i ph\u00fat \u0111\u01b0\u1ee3c thi\u1ebft l\u1eadp tr\u01b0\u1edbc v\u00e0 th\u1eddi gian \u0111\u1ecbnh l\u01b0\u1ee3ng, nguy\u00ean li\u1ec7u \u0111\u01b0\u1ee3c ph\u00e2n ph\u1ed1i v\u00e0o quy tr\u00ecnh s\u1ea3n xu\u1ea5t.<\/li>\n<\/ol>\n<p><strong>\u0110\u1ecbnh l\u01b0\u1ee3ng theo th\u1ec3 t\u00edch mang l\u1ea1i m\u1ed9t s\u1ed1 l\u1ee3i \u00edch:<\/strong><\/p>\n<ol>\n<li>\u0110\u01a1n gi\u1ea3n &#8211; H\u1ec7 th\u1ed1ng \u0111\u1ecbnh l\u01b0\u1ee3ng theo th\u1ec3 t\u00edch th\u01b0\u1eddng kh\u00f4ng ph\u1ee9c t\u1ea1p l\u1eafm n\u00ean d\u1ec5 th\u1ef1c hi\u1ec7n v\u00e0 b\u1ea3o tr\u00ec.<\/li>\n<li>Hi\u1ec7u qu\u1ea3 chi ph\u00ed &#8211; Thi\u1ebft l\u1eadp \u0111\u1ecbnh l\u01b0\u1ee3ng theo th\u1ec3 t\u00edch th\u01b0\u1eddng ti\u1ebft ki\u1ec7m chi ph\u00ed h\u01a1n \u0111\u1ed1i v\u1edbi chi ph\u00ed ban \u0111\u1ea7u, \u0111i\u1ec1u n\u00e0y c\u00f3 th\u1ec3 thu\u1eadn l\u1ee3i cho c\u00e1c nh\u00e0 s\u1ea3n xu\u1ea5t \u01b0u ti\u00ean c\u00e2n nh\u1eafc kinh t\u1ebf h\u01a1n \u0111\u1ed9 ch\u00ednh x\u00e1c.<\/li>\n<li>Kh\u1ea3 n\u0103ng t\u01b0\u01a1ng th\u00edch v\u1eadt li\u1ec7u &#8211; \u0110\u1ecbnh l\u01b0\u1ee3ng theo th\u1ec3 t\u00edch ph\u00f9 h\u1ee3p v\u1edbi nhi\u1ec1u lo\u1ea1i v\u1eadt li\u1ec7u, ch\u1eb3ng h\u1ea1n nh\u01b0 ch\u1ea5t l\u1ecfng, b\u1ed9t v\u00e0 h\u1ea1t.<\/li>\n<\/ol>\n<p>\u0110\u1ecbnh l\u01b0\u1ee3ng theo th\u1ec3 t\u00edch, so v\u1edbi c\u00e1c ph\u01b0\u01a1ng ph\u00e1p \u0111o tr\u1ecdng l\u01b0\u1ee3ng, cho th\u1ea5y nh\u1eefng h\u1ea1n ch\u1ebf nh\u1ea5t \u0111\u1ecbnh v\u1ec1 \u0111\u1ed9 ch\u00ednh x\u00e1c. \u0110i\u1ec1u n\u00e0y l\u00e0 do t\u1ed1c \u0111\u1ed9 n\u1ea1p v\u00e0 th\u1eddi gian c\u1ee7a d\u1ee5ng c\u1ee5 \u0111\u1ecbnh l\u01b0\u1ee3ng kh\u00f4ng \u0111\u01b0\u1ee3c \u0111i\u1ec1u ch\u1ec9nh t\u1ef1 \u0111\u1ed9ng khi c\u00f3 nh\u1eefng thay \u0111\u1ed5i v\u1ec1 m\u1eadt \u0111\u1ed9 v\u1eadt li\u1ec7u, \u0111\u1ed9 nh\u1edbt ho\u1eb7c \u0111i\u1ec1u ki\u1ec7n m\u00f4i tr\u01b0\u1eddng. Nh\u1eefng \u0111i\u1ec1u n\u00e0y c\u00f3 th\u1ec3 g\u00e2y ra s\u1ef1 thi\u1ebfu ch\u00ednh x\u00e1c trong vi\u1ec7c \u0111\u1ecbnh l\u01b0\u1ee3ng d\u1ef1a tr\u00ean th\u1ec3 t\u00edch, trong khi c\u00f4ng ngh\u1ec7 c\u00e2n b\u1eb1ng tr\u1ecdng l\u01b0\u1ee3ng c\u1ee7a ch\u00fang t\u00f4i t\u1ef1 \u0111\u1ed9ng lo\u1ea1i tr\u1eeb nh\u1eefng y\u1ebfu t\u1ed1 n\u00e0y th\u00f4ng qua ph\u1ea7n m\u1ec1m ti\u00ean ti\u1ebfn.<\/p>\n<h2>N\u00e2ng cao hi\u1ec7u qu\u1ea3 v\u1edbi B\u1ed9 n\u1ea1p th\u1ec3 t\u00edch t\u1eeb Movacolor<\/h2>\n<p>D\u00f2ng s\u1ea3n ph\u1ea9m m\u00e1y c\u1ea5p li\u1ec7u th\u1ec3 t\u00edch n\u1ed9i tuy\u1ebfn c\u1ee7a ch\u00fang t\u00f4i ph\u1ee5c v\u1ee5 cho c\u00e1c \u1ee9ng d\u1ee5ng \u00e9p phun v\u00e0 \u00e9p \u0111\u00f9n \u0111a d\u1ea1ng. Vi\u1ec7c l\u1ef1a ch\u1ecdn c\u00e1c gi\u1ea3i ph\u00e1p \u0111\u1ecbnh l\u01b0\u1ee3ng th\u1ec3 t\u00edch n\u1ed9i tuy\u1ebfn c\u1ee7a ch\u00fang t\u00f4i c\u00f3 th\u1ec3 h\u1ee3p l\u00fd h\u00f3a quy tr\u00ecnh c\u1ee7a b\u1ea1n, c\u00f3 kh\u1ea3 n\u0103ng gi\u1ea3m chi ph\u00ed v\u00e0 n\u00e2ng cao hi\u1ec7u qu\u1ea3 s\u1ea3n xu\u1ea5t, \u0111\u1eb7c bi\u1ec7t khi b\u1ea1n v\u1eabn tr\u1ed9n nguy\u00ean li\u1ec7u b\u1eb1ng tay. T\u1ea5t c\u1ea3 c\u00e1c h\u1ec7 th\u1ed1ng \u0111\u1ecbnh l\u01b0\u1ee3ng th\u1ec3 t\u00edch c\u1ee7a ch\u00fang t\u00f4i \u0111\u1ec1u c\u00f3 th\u1ec3 \u0111\u01b0\u1ee3c trang b\u1ecb xi lanh \u0111\u1ecbnh l\u01b0\u1ee3ng c\u00f3 \u0111\u1ed9 ch\u00ednh x\u00e1c cao \u0111\u1ed9c \u0111\u00e1o c\u1ee7a ch\u00fang t\u00f4i. Xi lanh \u0111\u1ecbnh l\u01b0\u1ee3ng n\u00e0y \u0111\u1ecbnh l\u01b0\u1ee3ng ph\u1ee5 gia theo d\u00f2ng \u1ed5n \u0111\u1ecbnh tr\u1ef1c ti\u1ebfp v\u00e0o d\u00f2ng nguy\u00ean li\u1ec7u ch\u00ednh m\u00e0 kh\u00f4ng c\u00f3 b\u1ea5t k\u1ef3 xung \u0111\u1ed9ng ho\u1eb7c gi\u00e1n \u0111o\u1ea1n n\u00e0o, \u0111\u1ea3m b\u1ea3o \u0111\u1ecbnh l\u01b0\u1ee3ng ch\u00ednh x\u00e1c h\u01a1n nhi\u1ec1u so v\u1edbi c\u00e1c k\u1ef9 thu\u1eadt \u0111\u1ecbnh l\u01b0\u1ee3ng th\u1ec3 t\u00edch kh\u00e1c s\u1eed d\u1ee5ng m\u00e1y khoan truy\u1ec1n th\u1ed1ng.<\/p>\n<p>Kh\u00e1i ni\u1ec7m \u0111\u1ecbnh l\u01b0\u1ee3ng m\u00f4-\u0111un c\u1ea3i ti\u1ebfn c\u1ee7a ch\u00fang t\u00f4i cho ph\u00e9p b\u1ea1n \u0111i\u1ec1u ch\u1ec9nh thi\u1ebft l\u1eadp c\u1ee7a m\u00ecnh v\u00e0 th\u1eadm ch\u00ed k\u1ebft h\u1ee3p nhi\u1ec1u thi\u1ebft b\u1ecb kh\u00e1c nhau, \u0111\u1ea3m b\u1ea3o h\u1ec7 th\u1ed1ng \u0111\u1ecbnh l\u01b0\u1ee3ng ph\u00f9 h\u1ee3p ho\u00e0n h\u1ea3o v\u1edbi nhu c\u1ea7u s\u1ea3n xu\u1ea5t c\u1ee7a b\u1ea1n. N\u1ebfu b\u1ea1n \u0111ang g\u1eb7p kh\u00f3 kh\u0103n trong vi\u1ec7c x\u00e1c \u0111\u1ecbnh gi\u1ea3i ph\u00e1p t\u1ed1i \u01b0u cho quy tr\u00ecnh s\u1ea3n xu\u1ea5t c\u1ee7a m\u00ecnh, vui l\u00f2ng chia s\u1ebb th\u00f4ng tin li\u00ean h\u1ec7 c\u1ee7a b\u1ea1n theo bi\u1ec3u m\u1eabu \u0111\u01b0\u1ee3c cung c\u1ea5p b\u00ean d\u01b0\u1edbi.<\/p>\n<p>B\u1ea1n c\u00f3 t\u00f2 m\u00f2 v\u1ec1 t\u1ea5t c\u1ea3 c\u00e1c chi ti\u1ebft c\u1ee7a B\u1ed9 n\u1ea1p th\u1ec3 t\u00edch MDS c\u1ee7a ch\u00fang t\u00f4i kh\u00f4ng? \u0110\u1ed9i ng\u0169 chuy\u00ean gia v\u1ec1 li\u1ec1u l\u01b0\u1ee3ng c\u1ee7a ch\u00fang t\u00f4i s\u1ebd s\u1eb5n l\u00f2ng li\u00ean h\u1ec7 v\u1edbi b\u1ea1n!<\/p>\n","protected":false},"excerpt":{"rendered":"<p>\u0110\u1ecbnh l\u01b0\u1ee3ng theo th\u1ec3 t\u00edch l\u00e0 m\u1ed9t k\u1ef9 thu\u1eadt ph\u1ed5 bi\u1ebfn \u0111\u01b0\u1ee3c s\u1eed d\u1ee5ng trong nhi\u1ec1u ng\u00e0nh c\u00f4ng nghi\u1ec7p kh\u00e1c nhau \u0111\u1ec3 ph\u00e2n ph\u1ed1i nguy\u00ean li\u1ec7u d\u1ef1a tr\u00ean th\u1ec3 t\u00edch v\u00e0 s\u1ed1 v\u00f2ng quay m\u1ed7i ph\u00fat. Kh\u00f4ng gi\u1ed1ng nh\u01b0 vi\u1ec7c \u0111\u1ecbnh l\u01b0\u1ee3ng b\u1eb1ng tr\u1ecdng l\u01b0\u1ee3ng d\u1ef1a tr\u00ean vi\u1ec7c \u0111o tr\u1ecdng l\u01b0\u1ee3ng, b\u1ed9 c\u1ea5p li\u1ec7u th\u1ec3&#8230;<\/p>\n","protected":false},"author":2,"featured_media":14484,"parent":14472,"menu_order":0,"comment_status":"closed","ping_status":"closed","template":"","meta":{"_acf_changed":false,"footnotes":""},"class_list":["post-14483","page","type-page","status-publish","has-post-thumbnail","hentry","us_portfolio_tag-the-tich"],"acf":[],"yoast_head":"<!-- This site is optimized with the Yoast SEO plugin v26.4 - https:\/\/yoast.com\/wordpress\/plugins\/seo\/ -->\n<title>H\u1ec7 th\u1ed1ng \u0111\u1ecbnh l\u01b0\u1ee3ng th\u1ec3 t\u00edch cho \u00e9p phun v\u00e0 \u00e9p \u0111\u00f9n<\/title>\n<meta name=\"description\" content=\"Kh\u00e1m ph\u00e1 h\u1ec7 th\u1ed1ng \u0111\u1ecbnh l\u01b0\u1ee3ng th\u1ec3 t\u00edch m\u00f4-\u0111un c\u1ee7a ch\u00fang t\u00f4i d\u00e0nh cho \u00e9p phun v\u00e0 \u00e9p \u0111\u00f9n. T\u00ecm hi\u1ec3u th\u00eam v\u1ec1 l\u1ee3i \u00edch cho ho\u1ea1t \u0111\u1ed9ng s\u1ea3n xu\u1ea5t c\u1ee7a b\u1ea1n.\" \/>\n<meta name=\"robots\" content=\"index, follow, max-snippet:-1, max-image-preview:large, max-video-preview:-1\" \/>\n<link rel=\"canonical\" href=\"https:\/\/www.movacolor.com\/vi\/cong-nghe\/khoi-luong\/\" \/>\n<meta property=\"og:locale\" content=\"vi_VN\" \/>\n<meta property=\"og:type\" content=\"article\" \/>\n<meta property=\"og:title\" content=\"H\u1ec7 th\u1ed1ng \u0111\u1ecbnh l\u01b0\u1ee3ng th\u1ec3 t\u00edch cho \u00e9p phun v\u00e0 \u00e9p \u0111\u00f9n\" \/>\n<meta property=\"og:description\" content=\"Kh\u00e1m ph\u00e1 h\u1ec7 th\u1ed1ng \u0111\u1ecbnh l\u01b0\u1ee3ng th\u1ec3 t\u00edch m\u00f4-\u0111un c\u1ee7a ch\u00fang t\u00f4i d\u00e0nh cho \u00e9p phun v\u00e0 \u00e9p \u0111\u00f9n. T\u00ecm hi\u1ec3u th\u00eam v\u1ec1 l\u1ee3i \u00edch cho ho\u1ea1t \u0111\u1ed9ng s\u1ea3n xu\u1ea5t c\u1ee7a b\u1ea1n.\" \/>\n<meta property=\"og:url\" content=\"https:\/\/www.movacolor.com\/vi\/cong-nghe\/khoi-luong\/\" \/>\n<meta property=\"og:site_name\" content=\"Movacolor\" \/>\n<meta property=\"og:image\" content=\"https:\/\/www.movacolor.com\/wp-content\/uploads\/2023\/03\/Assembly-1-scaled.jpg\" \/>\n\t<meta property=\"og:image:width\" content=\"2560\" \/>\n\t<meta property=\"og:image:height\" content=\"1707\" \/>\n\t<meta property=\"og:image:type\" content=\"image\/jpeg\" \/>\n<meta name=\"twitter:card\" content=\"summary_large_image\" \/>\n<meta name=\"twitter:label1\" content=\"Est. reading time\" \/>\n\t<meta name=\"twitter:data1\" content=\"6 minutes\" \/>\n<script type=\"application\/ld+json\" class=\"yoast-schema-graph\">{\"@context\":\"https:\/\/schema.org\",\"@graph\":[{\"@type\":\"WebPage\",\"@id\":\"https:\/\/www.movacolor.com\/vi\/cong-nghe\/khoi-luong\/\",\"url\":\"https:\/\/www.movacolor.com\/vi\/cong-nghe\/khoi-luong\/\",\"name\":\"H\u1ec7 th\u1ed1ng \u0111\u1ecbnh l\u01b0\u1ee3ng th\u1ec3 t\u00edch cho \u00e9p phun v\u00e0 \u00e9p \u0111\u00f9n\",\"isPartOf\":{\"@id\":\"https:\/\/www.movacolor.com\/vi\/#website\"},\"primaryImageOfPage\":{\"@id\":\"https:\/\/www.movacolor.com\/vi\/cong-nghe\/khoi-luong\/#primaryimage\"},\"image\":{\"@id\":\"https:\/\/www.movacolor.com\/vi\/cong-nghe\/khoi-luong\/#primaryimage\"},\"thumbnailUrl\":\"https:\/\/www.movacolor.com\/wp-content\/uploads\/2023\/03\/Assembly-1-scaled.jpg\",\"datePublished\":\"2023-01-03T10:33:35+00:00\",\"description\":\"Kh\u00e1m ph\u00e1 h\u1ec7 th\u1ed1ng \u0111\u1ecbnh l\u01b0\u1ee3ng th\u1ec3 t\u00edch m\u00f4-\u0111un c\u1ee7a ch\u00fang t\u00f4i d\u00e0nh cho \u00e9p phun v\u00e0 \u00e9p \u0111\u00f9n. T\u00ecm hi\u1ec3u th\u00eam v\u1ec1 l\u1ee3i \u00edch cho ho\u1ea1t \u0111\u1ed9ng s\u1ea3n xu\u1ea5t c\u1ee7a b\u1ea1n.\",\"breadcrumb\":{\"@id\":\"https:\/\/www.movacolor.com\/vi\/cong-nghe\/khoi-luong\/#breadcrumb\"},\"inLanguage\":\"vi-VN\",\"potentialAction\":[{\"@type\":\"ReadAction\",\"target\":[\"https:\/\/www.movacolor.com\/vi\/cong-nghe\/khoi-luong\/\"]}]},{\"@type\":\"ImageObject\",\"inLanguage\":\"vi-VN\",\"@id\":\"https:\/\/www.movacolor.com\/vi\/cong-nghe\/khoi-luong\/#primaryimage\",\"url\":\"https:\/\/www.movacolor.com\/wp-content\/uploads\/2023\/03\/Assembly-1-scaled.jpg\",\"contentUrl\":\"https:\/\/www.movacolor.com\/wp-content\/uploads\/2023\/03\/Assembly-1-scaled.jpg\",\"width\":2560,\"height\":1707},{\"@type\":\"BreadcrumbList\",\"@id\":\"https:\/\/www.movacolor.com\/vi\/cong-nghe\/khoi-luong\/#breadcrumb\",\"itemListElement\":[{\"@type\":\"ListItem\",\"position\":1,\"name\":\"Home\",\"item\":\"https:\/\/www.movacolor.com\/vi\/\"},{\"@type\":\"ListItem\",\"position\":2,\"name\":\"C\u00f4ng ngh\u1ec7\",\"item\":\"https:\/\/www.movacolor.com\/vi\/technology\/\"},{\"@type\":\"ListItem\",\"position\":3,\"name\":\"th\u1ec3 t\u00edch\"}]},{\"@type\":\"WebSite\",\"@id\":\"https:\/\/www.movacolor.com\/vi\/#website\",\"url\":\"https:\/\/www.movacolor.com\/vi\/\",\"name\":\"Movacolor\",\"description\":\"modular dosing solutions\",\"potentialAction\":[{\"@type\":\"SearchAction\",\"target\":{\"@type\":\"EntryPoint\",\"urlTemplate\":\"https:\/\/www.movacolor.com\/vi\/?s={search_term_string}\"},\"query-input\":{\"@type\":\"PropertyValueSpecification\",\"valueRequired\":true,\"valueName\":\"search_term_string\"}}],\"inLanguage\":\"vi-VN\"}]}<\/script>\n<!-- \/ Yoast SEO plugin. -->","yoast_head_json":{"title":"H\u1ec7 th\u1ed1ng \u0111\u1ecbnh l\u01b0\u1ee3ng th\u1ec3 t\u00edch cho \u00e9p phun v\u00e0 \u00e9p \u0111\u00f9n","description":"Kh\u00e1m ph\u00e1 h\u1ec7 th\u1ed1ng \u0111\u1ecbnh l\u01b0\u1ee3ng th\u1ec3 t\u00edch m\u00f4-\u0111un c\u1ee7a ch\u00fang t\u00f4i d\u00e0nh cho \u00e9p phun v\u00e0 \u00e9p \u0111\u00f9n. T\u00ecm hi\u1ec3u th\u00eam v\u1ec1 l\u1ee3i \u00edch cho ho\u1ea1t \u0111\u1ed9ng s\u1ea3n xu\u1ea5t c\u1ee7a b\u1ea1n.","robots":{"index":"index","follow":"follow","max-snippet":"max-snippet:-1","max-image-preview":"max-image-preview:large","max-video-preview":"max-video-preview:-1"},"canonical":"https:\/\/www.movacolor.com\/vi\/cong-nghe\/khoi-luong\/","og_locale":"vi_VN","og_type":"article","og_title":"H\u1ec7 th\u1ed1ng \u0111\u1ecbnh l\u01b0\u1ee3ng th\u1ec3 t\u00edch cho \u00e9p phun v\u00e0 \u00e9p \u0111\u00f9n","og_description":"Kh\u00e1m ph\u00e1 h\u1ec7 th\u1ed1ng \u0111\u1ecbnh l\u01b0\u1ee3ng th\u1ec3 t\u00edch m\u00f4-\u0111un c\u1ee7a ch\u00fang t\u00f4i d\u00e0nh cho \u00e9p phun v\u00e0 \u00e9p \u0111\u00f9n. T\u00ecm hi\u1ec3u th\u00eam v\u1ec1 l\u1ee3i \u00edch cho ho\u1ea1t \u0111\u1ed9ng s\u1ea3n xu\u1ea5t c\u1ee7a b\u1ea1n.","og_url":"https:\/\/www.movacolor.com\/vi\/cong-nghe\/khoi-luong\/","og_site_name":"Movacolor","og_image":[{"width":2560,"height":1707,"url":"https:\/\/www.movacolor.com\/wp-content\/uploads\/2023\/03\/Assembly-1-scaled.jpg","type":"image\/jpeg"}],"twitter_card":"summary_large_image","twitter_misc":{"Est. reading time":"6 minutes"},"schema":{"@context":"https:\/\/schema.org","@graph":[{"@type":"WebPage","@id":"https:\/\/www.movacolor.com\/vi\/cong-nghe\/khoi-luong\/","url":"https:\/\/www.movacolor.com\/vi\/cong-nghe\/khoi-luong\/","name":"H\u1ec7 th\u1ed1ng \u0111\u1ecbnh l\u01b0\u1ee3ng th\u1ec3 t\u00edch cho \u00e9p phun v\u00e0 \u00e9p \u0111\u00f9n","isPartOf":{"@id":"https:\/\/www.movacolor.com\/vi\/#website"},"primaryImageOfPage":{"@id":"https:\/\/www.movacolor.com\/vi\/cong-nghe\/khoi-luong\/#primaryimage"},"image":{"@id":"https:\/\/www.movacolor.com\/vi\/cong-nghe\/khoi-luong\/#primaryimage"},"thumbnailUrl":"https:\/\/www.movacolor.com\/wp-content\/uploads\/2023\/03\/Assembly-1-scaled.jpg","datePublished":"2023-01-03T10:33:35+00:00","description":"Kh\u00e1m ph\u00e1 h\u1ec7 th\u1ed1ng \u0111\u1ecbnh l\u01b0\u1ee3ng th\u1ec3 t\u00edch m\u00f4-\u0111un c\u1ee7a ch\u00fang t\u00f4i d\u00e0nh cho \u00e9p phun v\u00e0 \u00e9p \u0111\u00f9n. T\u00ecm hi\u1ec3u th\u00eam v\u1ec1 l\u1ee3i \u00edch cho ho\u1ea1t \u0111\u1ed9ng s\u1ea3n xu\u1ea5t c\u1ee7a b\u1ea1n.","breadcrumb":{"@id":"https:\/\/www.movacolor.com\/vi\/cong-nghe\/khoi-luong\/#breadcrumb"},"inLanguage":"vi-VN","potentialAction":[{"@type":"ReadAction","target":["https:\/\/www.movacolor.com\/vi\/cong-nghe\/khoi-luong\/"]}]},{"@type":"ImageObject","inLanguage":"vi-VN","@id":"https:\/\/www.movacolor.com\/vi\/cong-nghe\/khoi-luong\/#primaryimage","url":"https:\/\/www.movacolor.com\/wp-content\/uploads\/2023\/03\/Assembly-1-scaled.jpg","contentUrl":"https:\/\/www.movacolor.com\/wp-content\/uploads\/2023\/03\/Assembly-1-scaled.jpg","width":2560,"height":1707},{"@type":"BreadcrumbList","@id":"https:\/\/www.movacolor.com\/vi\/cong-nghe\/khoi-luong\/#breadcrumb","itemListElement":[{"@type":"ListItem","position":1,"name":"Home","item":"https:\/\/www.movacolor.com\/vi\/"},{"@type":"ListItem","position":2,"name":"C\u00f4ng ngh\u1ec7","item":"https:\/\/www.movacolor.com\/vi\/technology\/"},{"@type":"ListItem","position":3,"name":"th\u1ec3 t\u00edch"}]},{"@type":"WebSite","@id":"https:\/\/www.movacolor.com\/vi\/#website","url":"https:\/\/www.movacolor.com\/vi\/","name":"Movacolor","description":"modular dosing solutions","potentialAction":[{"@type":"SearchAction","target":{"@type":"EntryPoint","urlTemplate":"https:\/\/www.movacolor.com\/vi\/?s={search_term_string}"},"query-input":{"@type":"PropertyValueSpecification","valueRequired":true,"valueName":"search_term_string"}}],"inLanguage":"vi-VN"}]}},"_links":{"self":[{"href":"https:\/\/www.movacolor.com\/vi\/wp-json\/wp\/v2\/pages\/14483","targetHints":{"allow":["GET"]}}],"collection":[{"href":"https:\/\/www.movacolor.com\/vi\/wp-json\/wp\/v2\/pages"}],"about":[{"href":"https:\/\/www.movacolor.com\/vi\/wp-json\/wp\/v2\/types\/page"}],"author":[{"embeddable":true,"href":"https:\/\/www.movacolor.com\/vi\/wp-json\/wp\/v2\/users\/2"}],"replies":[{"embeddable":true,"href":"https:\/\/www.movacolor.com\/vi\/wp-json\/wp\/v2\/comments?post=14483"}],"version-history":[{"count":0,"href":"https:\/\/www.movacolor.com\/vi\/wp-json\/wp\/v2\/pages\/14483\/revisions"}],"up":[{"embeddable":true,"href":"https:\/\/www.movacolor.com\/vi\/wp-json\/wp\/v2\/pages\/14472"}],"wp:featuredmedia":[{"embeddable":true,"href":"https:\/\/www.movacolor.com\/vi\/wp-json\/wp\/v2\/media\/14484"}],"wp:attachment":[{"href":"https:\/\/www.movacolor.com\/vi\/wp-json\/wp\/v2\/media?parent=14483"}],"curies":[{"name":"wp","href":"https:\/\/api.w.org\/{rel}","templated":true}]}}