{"id":14481,"date":"2023-01-03T12:36:44","date_gmt":"2023-01-03T10:36:44","guid":{"rendered":"https:\/\/www.movacolor.com\/bot\/"},"modified":"2023-01-03T12:36:44","modified_gmt":"2023-01-03T10:36:44","slug":"bot","status":"publish","type":"page","link":"https:\/\/www.movacolor.com\/vi\/vat-lieu\/bot\/","title":{"rendered":"b\u1ed9t"},"content":{"rendered":"<p>\u0110\u1ecbnh l\u01b0\u1ee3ng b\u1ed9t trong c\u00e1c \u1ee9ng d\u1ee5ng \u00e9p phun ho\u1eb7c \u00e9p \u0111\u00f9n l\u00e0 m\u1ed9t c\u00f4ng vi\u1ec7c r\u1ea5t chuy\u00ean bi\u1ec7t. Ch\u00fang t\u00f4i \u0111\u00e3 k\u1ebft h\u1ee3p th\u00e0nh c\u00f4ng kinh nghi\u1ec7m c\u1ee7a c\u00e1c nh\u00e0 s\u1ea3n xu\u1ea5t b\u1ed9t v\u00e0 nh\u00e0 s\u1ea3n xu\u1ea5t nh\u1ef1a tr\u00ean to\u00e0n th\u1ebf gi\u1edbi v\u00e0o qu\u00e1 tr\u00ecnh ph\u00e1t tri\u1ec3n s\u1ea3n ph\u1ea9m h\u1ec7 th\u1ed1ng \u0111\u1ecbnh l\u01b0\u1ee3ng b\u1ed9t c\u1ee7a m\u00ecnh. V\u1edbi h\u1ec7 th\u1ed1ng \u0111\u1ecbnh l\u01b0\u1ee3ng b\u1ed9t Movacolor, c\u00e1c nh\u00e0 s\u1ea3n xu\u1ea5t nh\u1ef1a c\u00f3 th\u1ec3 ti\u1ebft ki\u1ec7m t\u1edbi 50% chi ph\u00ed ph\u1ee5 gia b\u1ed9t \u0111\u1eaft ti\u1ec1n.<\/p>\n<h2>\u0110\u1ecbnh l\u01b0\u1ee3ng b\u1ed9t b\u1eb1ng thi\u1ebft b\u1ecb \u0111\u1ecbnh l\u01b0\u1ee3ng theo tr\u1ecdng l\u01b0\u1ee3ng ho\u1eb7c th\u1ec3 t\u00edch<\/h2>\n<p>B\u1ed9t kh\u00f4ng ch\u1ea3y v\u00e0 b\u1ed9t n\u1eb7ng c\u00f3 th\u1ec3 \u0111\u01b0\u1ee3c \u0111\u1ecbnh l\u01b0\u1ee3ng m\u1ed9t c\u00e1ch d\u1ec5 d\u00e0ng b\u1eb1ng b\u1ed9 n\u1ea1p Movacolor \u0111o tr\u1ecdng l\u01b0\u1ee3ng ho\u1eb7c th\u1ec3 t\u00edch. Quy\u1ebft \u0111\u1ecbnh ch\u1ecdn m\u00e1y c\u1ea5p li\u1ec7u n\u00e0o l\u00e0 b\u1ea1n quy\u1ebft \u0111\u1ecbnh \u0111\u1ea7u t\u01b0 m\u1ed9t kho\u1ea3n nh\u1ecf v\u00e0 ch\u1ecdn m\u00e1y c\u1ea5p li\u1ec7u theo th\u1ec3 t\u00edch hay ti\u1ebft ki\u1ec7m ti\u1ec1n v\u1ec1 l\u00e2u d\u00e0i v\u00e0 ch\u1ecdn m\u00e1y c\u1ea5p li\u1ec7u \u0111o tr\u1ecdng l\u01b0\u1ee3ng c\u00f3 \u0111\u1ed9 ch\u00ednh x\u00e1c cao.<\/p>\n<p>V\u00f2ng kh\u00e9p k\u00edn v\u00e0 c\u00f4ng ngh\u1ec7 gi\u1ea3m tr\u1ecdng l\u01b0\u1ee3ng c\u1ee7a m\u00e1y c\u1ea5p li\u1ec7u tr\u1ecdng l\u01b0\u1ee3ng mang l\u1ea1i hi\u1ec7u qu\u1ea3 v\u00e0 ti\u1ebft ki\u1ec7m t\u1ed1i \u0111a khi \u0111\u1ecbnh l\u01b0\u1ee3ng b\u1ed9t. C\u1ea3 hai m\u00e1y c\u1ea5p li\u1ec7u tr\u1ecdng l\u01b0\u1ee3ng v\u00e0 th\u1ec3 t\u00edch c\u1ee7a Movacolor \u0111\u1ec3 \u0111\u1ecbnh l\u01b0\u1ee3ng b\u1ed9t \u0111\u1ec1u \u0111\u01b0\u1ee3c trang b\u1ecb m\u1ed9t ho\u1eb7c hai \u0111\u01b0\u1eddng xo\u1eafn \u1ed1c v\u00e0 \u0111\u01b0\u1ee3c \u0111i\u1ec1u khi\u1ec3n b\u1edfi m\u1ed9t \u0111\u1ed9ng c\u01a1 b\u01b0\u1edbc. \u0110i\u1ec1u n\u00e0y, c\u00f9ng v\u1edbi s\u1ef1 k\u00edch th\u00edch li\u00ean t\u1ee5c trong ph\u1ec5u \u0111\u00e1nh b\u00f3ng cao c\u1ea5p c\u1ee7a h\u1ec7 th\u1ed1ng \u0111\u1ecbnh l\u01b0\u1ee3ng b\u1ed9t, \u0111\u1ea3m b\u1ea3o d\u00f2ng b\u1ed9t \u1ed5n \u0111\u1ecbnh v\u00e0o d\u00f2ng nguy\u00ean li\u1ec7u ch\u00ednh.<\/p>\n<p>H\u1ea7u h\u1ebft c\u00e1c m\u00e1y c\u1ea5p li\u1ec7u th\u1ec3 t\u00edch c\u1ee7a ch\u00fang t\u00f4i \u0111\u1ec1u y\u00eau c\u1ea7u hi\u1ec7u chu\u1ea9n th\u1ee7 c\u00f4ng. \u0110i\u1ec1u n\u00e0y tr\u00e1i ng\u01b0\u1ee3c v\u1edbi c\u00e1c m\u00e1y c\u1ea5p li\u1ec7u tr\u1ecdng l\u01b0\u1ee3ng c\u1ee7a ch\u00fang t\u00f4i, t\u1ea5t c\u1ea3 \u0111\u1ec1u \u0111\u01b0\u1ee3c trang b\u1ecb ch\u1ee9c n\u0103ng hi\u1ec7u chu\u1ea9n t\u1ef1 \u0111\u1ed9ng. B\u1ed9 n\u1ea1p th\u1ec3 t\u00edch \/ b\u1ed9 \u0111\u1ecbnh l\u01b0\u1ee3ng MDS c\u1ee7a Movacolor l\u00e0 m\u1ed9t ngo\u1ea1i l\u1ec7 tr\u00ean c\u00e1c b\u1ed9 n\u1ea1p th\u1ec3 t\u00edch kh\u00e1c v\u00e0 c\u00f3 th\u1ec3 \u0111\u01b0\u1ee3c hi\u1ec7u chu\u1ea9n tr\u01b0\u1edbc \u0111\u1ec3 \u0111\u1ecbnh l\u01b0\u1ee3ng theo t\u1ef7 l\u1ec7 ph\u1ea7n tr\u0103m.<\/p>\n","protected":false},"excerpt":{"rendered":"<p>\u0110\u1ecbnh l\u01b0\u1ee3ng b\u1ed9t trong c\u00e1c \u1ee9ng d\u1ee5ng \u00e9p phun ho\u1eb7c \u00e9p \u0111\u00f9n l\u00e0 m\u1ed9t c\u00f4ng vi\u1ec7c r\u1ea5t chuy\u00ean bi\u1ec7t. Ch\u00fang t\u00f4i \u0111\u00e3 k\u1ebft h\u1ee3p th\u00e0nh c\u00f4ng kinh nghi\u1ec7m c\u1ee7a c\u00e1c nh\u00e0 s\u1ea3n xu\u1ea5t b\u1ed9t v\u00e0 nh\u00e0 s\u1ea3n xu\u1ea5t nh\u1ef1a tr\u00ean to\u00e0n th\u1ebf gi\u1edbi v\u00e0o qu\u00e1 tr\u00ecnh ph\u00e1t tri\u1ec3n s\u1ea3n ph\u1ea9m h\u1ec7 th\u1ed1ng \u0111\u1ecbnh l\u01b0\u1ee3ng b\u1ed9t&#8230;<\/p>\n","protected":false},"author":2,"featured_media":14482,"parent":14486,"menu_order":0,"comment_status":"closed","ping_status":"closed","template":"","meta":{"_acf_changed":false,"footnotes":""},"class_list":["post-14481","page","type-page","status-publish","has-post-thumbnail","hentry","us_portfolio_tag-bot"],"acf":[],"yoast_head":"<!-- This site is optimized with the Yoast SEO plugin v26.4 - https:\/\/yoast.com\/wordpress\/plugins\/seo\/ -->\n<title>\u0110\u1ecbnh l\u01b0\u1ee3ng b\u1ed9t b\u1eb1ng thi\u1ebft b\u1ecb \u0111\u1ecbnh l\u01b0\u1ee3ng theo tr\u1ecdng l\u01b0\u1ee3ng ho\u1eb7c th\u1ec3 t\u00edch<\/title>\n<meta name=\"description\" content=\"\u0110\u1ecdc c\u00e1ch kh\u00e1i ni\u1ec7m \u0111\u1ecbnh l\u01b0\u1ee3ng m\u00f4-\u0111un c\u1ee7a ch\u00fang t\u00f4i cho ph\u00e9p t\u1ea5t c\u1ea3 c\u00e1c lo\u1ea1i k\u1ebft h\u1ee3p v\u00e0 s\u1eeda \u0111\u1ed5i tr\u00ean h\u1ec7 th\u1ed1ng \u0111\u1ecbnh l\u01b0\u1ee3ng b\u1ed9t c\u1ee7a b\u1ea1n \u0111\u1ec3 \u0111\u00e1p \u1ee9ng nhu c\u1ea7u c\u1ee5 th\u1ec3 c\u1ee7a b\u1ea1n\" \/>\n<meta name=\"robots\" content=\"index, follow, max-snippet:-1, max-image-preview:large, max-video-preview:-1\" \/>\n<link rel=\"canonical\" href=\"https:\/\/www.movacolor.com\/vi\/vat-lieu\/bot\/\" \/>\n<meta property=\"og:locale\" content=\"vi_VN\" \/>\n<meta property=\"og:type\" content=\"article\" \/>\n<meta property=\"og:title\" content=\"\u0110\u1ecbnh l\u01b0\u1ee3ng b\u1ed9t b\u1eb1ng thi\u1ebft b\u1ecb \u0111\u1ecbnh l\u01b0\u1ee3ng theo tr\u1ecdng l\u01b0\u1ee3ng ho\u1eb7c th\u1ec3 t\u00edch\" \/>\n<meta property=\"og:description\" content=\"\u0110\u1ecdc c\u00e1ch kh\u00e1i ni\u1ec7m \u0111\u1ecbnh l\u01b0\u1ee3ng m\u00f4-\u0111un c\u1ee7a ch\u00fang t\u00f4i cho ph\u00e9p t\u1ea5t c\u1ea3 c\u00e1c lo\u1ea1i k\u1ebft h\u1ee3p v\u00e0 s\u1eeda \u0111\u1ed5i tr\u00ean h\u1ec7 th\u1ed1ng \u0111\u1ecbnh l\u01b0\u1ee3ng b\u1ed9t c\u1ee7a b\u1ea1n \u0111\u1ec3 \u0111\u00e1p \u1ee9ng nhu c\u1ea7u c\u1ee5 th\u1ec3 c\u1ee7a b\u1ea1n\" \/>\n<meta property=\"og:url\" content=\"https:\/\/www.movacolor.com\/vi\/vat-lieu\/bot\/\" \/>\n<meta property=\"og:site_name\" content=\"Movacolor\" \/>\n<meta property=\"og:image\" content=\"https:\/\/www.movacolor.com\/wp-content\/uploads\/2023\/03\/Powder.jpg\" \/>\n\t<meta property=\"og:image:width\" content=\"1920\" \/>\n\t<meta property=\"og:image:height\" content=\"1280\" \/>\n\t<meta property=\"og:image:type\" content=\"image\/jpeg\" \/>\n<meta name=\"twitter:card\" content=\"summary_large_image\" \/>\n<meta name=\"twitter:label1\" content=\"Est. reading time\" \/>\n\t<meta name=\"twitter:data1\" content=\"3 minutes\" \/>\n<script type=\"application\/ld+json\" class=\"yoast-schema-graph\">{\"@context\":\"https:\/\/schema.org\",\"@graph\":[{\"@type\":\"WebPage\",\"@id\":\"https:\/\/www.movacolor.com\/vi\/vat-lieu\/bot\/\",\"url\":\"https:\/\/www.movacolor.com\/vi\/vat-lieu\/bot\/\",\"name\":\"\u0110\u1ecbnh l\u01b0\u1ee3ng b\u1ed9t b\u1eb1ng thi\u1ebft b\u1ecb \u0111\u1ecbnh l\u01b0\u1ee3ng theo tr\u1ecdng l\u01b0\u1ee3ng ho\u1eb7c th\u1ec3 t\u00edch\",\"isPartOf\":{\"@id\":\"https:\/\/www.movacolor.com\/vi\/#website\"},\"primaryImageOfPage\":{\"@id\":\"https:\/\/www.movacolor.com\/vi\/vat-lieu\/bot\/#primaryimage\"},\"image\":{\"@id\":\"https:\/\/www.movacolor.com\/vi\/vat-lieu\/bot\/#primaryimage\"},\"thumbnailUrl\":\"https:\/\/www.movacolor.com\/wp-content\/uploads\/2023\/03\/Powder.jpg\",\"datePublished\":\"2023-01-03T10:36:44+00:00\",\"description\":\"\u0110\u1ecdc c\u00e1ch kh\u00e1i ni\u1ec7m \u0111\u1ecbnh l\u01b0\u1ee3ng m\u00f4-\u0111un c\u1ee7a ch\u00fang t\u00f4i cho ph\u00e9p t\u1ea5t c\u1ea3 c\u00e1c lo\u1ea1i k\u1ebft h\u1ee3p v\u00e0 s\u1eeda \u0111\u1ed5i tr\u00ean h\u1ec7 th\u1ed1ng \u0111\u1ecbnh l\u01b0\u1ee3ng b\u1ed9t c\u1ee7a b\u1ea1n \u0111\u1ec3 \u0111\u00e1p \u1ee9ng nhu c\u1ea7u c\u1ee5 th\u1ec3 c\u1ee7a b\u1ea1n\",\"breadcrumb\":{\"@id\":\"https:\/\/www.movacolor.com\/vi\/vat-lieu\/bot\/#breadcrumb\"},\"inLanguage\":\"vi-VN\",\"potentialAction\":[{\"@type\":\"ReadAction\",\"target\":[\"https:\/\/www.movacolor.com\/vi\/vat-lieu\/bot\/\"]}]},{\"@type\":\"ImageObject\",\"inLanguage\":\"vi-VN\",\"@id\":\"https:\/\/www.movacolor.com\/vi\/vat-lieu\/bot\/#primaryimage\",\"url\":\"https:\/\/www.movacolor.com\/wp-content\/uploads\/2023\/03\/Powder.jpg\",\"contentUrl\":\"https:\/\/www.movacolor.com\/wp-content\/uploads\/2023\/03\/Powder.jpg\",\"width\":1920,\"height\":1280,\"caption\":\"Powder\"},{\"@type\":\"BreadcrumbList\",\"@id\":\"https:\/\/www.movacolor.com\/vi\/vat-lieu\/bot\/#breadcrumb\",\"itemListElement\":[{\"@type\":\"ListItem\",\"position\":1,\"name\":\"Home\",\"item\":\"https:\/\/www.movacolor.com\/vi\/\"},{\"@type\":\"ListItem\",\"position\":2,\"name\":\"b\u1ed9t\"}]},{\"@type\":\"WebSite\",\"@id\":\"https:\/\/www.movacolor.com\/vi\/#website\",\"url\":\"https:\/\/www.movacolor.com\/vi\/\",\"name\":\"Movacolor\",\"description\":\"modular dosing solutions\",\"potentialAction\":[{\"@type\":\"SearchAction\",\"target\":{\"@type\":\"EntryPoint\",\"urlTemplate\":\"https:\/\/www.movacolor.com\/vi\/?s={search_term_string}\"},\"query-input\":{\"@type\":\"PropertyValueSpecification\",\"valueRequired\":true,\"valueName\":\"search_term_string\"}}],\"inLanguage\":\"vi-VN\"}]}<\/script>\n<!-- \/ Yoast SEO plugin. -->","yoast_head_json":{"title":"\u0110\u1ecbnh l\u01b0\u1ee3ng b\u1ed9t b\u1eb1ng thi\u1ebft b\u1ecb \u0111\u1ecbnh l\u01b0\u1ee3ng theo tr\u1ecdng l\u01b0\u1ee3ng ho\u1eb7c th\u1ec3 t\u00edch","description":"\u0110\u1ecdc c\u00e1ch kh\u00e1i ni\u1ec7m \u0111\u1ecbnh l\u01b0\u1ee3ng m\u00f4-\u0111un c\u1ee7a ch\u00fang t\u00f4i cho ph\u00e9p t\u1ea5t c\u1ea3 c\u00e1c lo\u1ea1i k\u1ebft h\u1ee3p v\u00e0 s\u1eeda \u0111\u1ed5i tr\u00ean h\u1ec7 th\u1ed1ng \u0111\u1ecbnh l\u01b0\u1ee3ng b\u1ed9t c\u1ee7a b\u1ea1n \u0111\u1ec3 \u0111\u00e1p \u1ee9ng nhu c\u1ea7u c\u1ee5 th\u1ec3 c\u1ee7a b\u1ea1n","robots":{"index":"index","follow":"follow","max-snippet":"max-snippet:-1","max-image-preview":"max-image-preview:large","max-video-preview":"max-video-preview:-1"},"canonical":"https:\/\/www.movacolor.com\/vi\/vat-lieu\/bot\/","og_locale":"vi_VN","og_type":"article","og_title":"\u0110\u1ecbnh l\u01b0\u1ee3ng b\u1ed9t b\u1eb1ng thi\u1ebft b\u1ecb \u0111\u1ecbnh l\u01b0\u1ee3ng theo tr\u1ecdng l\u01b0\u1ee3ng ho\u1eb7c th\u1ec3 t\u00edch","og_description":"\u0110\u1ecdc c\u00e1ch kh\u00e1i ni\u1ec7m \u0111\u1ecbnh l\u01b0\u1ee3ng m\u00f4-\u0111un c\u1ee7a ch\u00fang t\u00f4i cho ph\u00e9p t\u1ea5t c\u1ea3 c\u00e1c lo\u1ea1i k\u1ebft h\u1ee3p v\u00e0 s\u1eeda \u0111\u1ed5i tr\u00ean h\u1ec7 th\u1ed1ng \u0111\u1ecbnh l\u01b0\u1ee3ng b\u1ed9t c\u1ee7a b\u1ea1n \u0111\u1ec3 \u0111\u00e1p \u1ee9ng nhu c\u1ea7u c\u1ee5 th\u1ec3 c\u1ee7a b\u1ea1n","og_url":"https:\/\/www.movacolor.com\/vi\/vat-lieu\/bot\/","og_site_name":"Movacolor","og_image":[{"width":1920,"height":1280,"url":"https:\/\/www.movacolor.com\/wp-content\/uploads\/2023\/03\/Powder.jpg","type":"image\/jpeg"}],"twitter_card":"summary_large_image","twitter_misc":{"Est. reading time":"3 minutes"},"schema":{"@context":"https:\/\/schema.org","@graph":[{"@type":"WebPage","@id":"https:\/\/www.movacolor.com\/vi\/vat-lieu\/bot\/","url":"https:\/\/www.movacolor.com\/vi\/vat-lieu\/bot\/","name":"\u0110\u1ecbnh l\u01b0\u1ee3ng b\u1ed9t b\u1eb1ng thi\u1ebft b\u1ecb \u0111\u1ecbnh l\u01b0\u1ee3ng theo tr\u1ecdng l\u01b0\u1ee3ng ho\u1eb7c th\u1ec3 t\u00edch","isPartOf":{"@id":"https:\/\/www.movacolor.com\/vi\/#website"},"primaryImageOfPage":{"@id":"https:\/\/www.movacolor.com\/vi\/vat-lieu\/bot\/#primaryimage"},"image":{"@id":"https:\/\/www.movacolor.com\/vi\/vat-lieu\/bot\/#primaryimage"},"thumbnailUrl":"https:\/\/www.movacolor.com\/wp-content\/uploads\/2023\/03\/Powder.jpg","datePublished":"2023-01-03T10:36:44+00:00","description":"\u0110\u1ecdc c\u00e1ch kh\u00e1i ni\u1ec7m \u0111\u1ecbnh l\u01b0\u1ee3ng m\u00f4-\u0111un c\u1ee7a ch\u00fang t\u00f4i cho ph\u00e9p t\u1ea5t c\u1ea3 c\u00e1c lo\u1ea1i k\u1ebft h\u1ee3p v\u00e0 s\u1eeda \u0111\u1ed5i tr\u00ean h\u1ec7 th\u1ed1ng \u0111\u1ecbnh l\u01b0\u1ee3ng b\u1ed9t c\u1ee7a b\u1ea1n \u0111\u1ec3 \u0111\u00e1p \u1ee9ng nhu c\u1ea7u c\u1ee5 th\u1ec3 c\u1ee7a b\u1ea1n","breadcrumb":{"@id":"https:\/\/www.movacolor.com\/vi\/vat-lieu\/bot\/#breadcrumb"},"inLanguage":"vi-VN","potentialAction":[{"@type":"ReadAction","target":["https:\/\/www.movacolor.com\/vi\/vat-lieu\/bot\/"]}]},{"@type":"ImageObject","inLanguage":"vi-VN","@id":"https:\/\/www.movacolor.com\/vi\/vat-lieu\/bot\/#primaryimage","url":"https:\/\/www.movacolor.com\/wp-content\/uploads\/2023\/03\/Powder.jpg","contentUrl":"https:\/\/www.movacolor.com\/wp-content\/uploads\/2023\/03\/Powder.jpg","width":1920,"height":1280,"caption":"Powder"},{"@type":"BreadcrumbList","@id":"https:\/\/www.movacolor.com\/vi\/vat-lieu\/bot\/#breadcrumb","itemListElement":[{"@type":"ListItem","position":1,"name":"Home","item":"https:\/\/www.movacolor.com\/vi\/"},{"@type":"ListItem","position":2,"name":"b\u1ed9t"}]},{"@type":"WebSite","@id":"https:\/\/www.movacolor.com\/vi\/#website","url":"https:\/\/www.movacolor.com\/vi\/","name":"Movacolor","description":"modular dosing solutions","potentialAction":[{"@type":"SearchAction","target":{"@type":"EntryPoint","urlTemplate":"https:\/\/www.movacolor.com\/vi\/?s={search_term_string}"},"query-input":{"@type":"PropertyValueSpecification","valueRequired":true,"valueName":"search_term_string"}}],"inLanguage":"vi-VN"}]}},"_links":{"self":[{"href":"https:\/\/www.movacolor.com\/vi\/wp-json\/wp\/v2\/pages\/14481","targetHints":{"allow":["GET"]}}],"collection":[{"href":"https:\/\/www.movacolor.com\/vi\/wp-json\/wp\/v2\/pages"}],"about":[{"href":"https:\/\/www.movacolor.com\/vi\/wp-json\/wp\/v2\/types\/page"}],"author":[{"embeddable":true,"href":"https:\/\/www.movacolor.com\/vi\/wp-json\/wp\/v2\/users\/2"}],"replies":[{"embeddable":true,"href":"https:\/\/www.movacolor.com\/vi\/wp-json\/wp\/v2\/comments?post=14481"}],"version-history":[{"count":0,"href":"https:\/\/www.movacolor.com\/vi\/wp-json\/wp\/v2\/pages\/14481\/revisions"}],"up":[{"embeddable":true,"href":"https:\/\/www.movacolor.com\/vi\/wp-json\/wp\/v2\/pages\/14486"}],"wp:featuredmedia":[{"embeddable":true,"href":"https:\/\/www.movacolor.com\/vi\/wp-json\/wp\/v2\/media\/14482"}],"wp:attachment":[{"href":"https:\/\/www.movacolor.com\/vi\/wp-json\/wp\/v2\/media?parent=14481"}],"curies":[{"name":"wp","href":"https:\/\/api.w.org\/{rel}","templated":true}]}}