{"id":14477,"date":"2023-01-03T12:36:24","date_gmt":"2023-01-03T10:36:24","guid":{"rendered":"https:\/\/www.movacolor.com\/duc-thoi\/"},"modified":"2024-01-19T21:17:15","modified_gmt":"2024-01-19T19:17:15","slug":"duc-thoi","status":"publish","type":"page","link":"https:\/\/www.movacolor.com\/vi\/qua-trinh\/duc-thoi\/","title":{"rendered":"\u0110\u00fac th\u1ed5i"},"content":{"rendered":"<section class=\"l-section wpb_row height_medium\"><div class=\"l-section-h i-cf\"><div class=\"g-cols vc_row via_flex valign_top type_default stacking_default\"><div class=\"vc_col-sm-12 wpb_column vc_column_container\"><div class=\"vc_column-inner\"><div class=\"wpb_wrapper\"><div class=\"wpb_text_column\"><div class=\"wpb_wrapper\"><h2>B\u1ed9 n\u1ea1p tr\u1ecdng l\u01b0\u1ee3ng v\u00e0 th\u1ec3 t\u00edch cho khu\u00f4n th\u1ed5i<\/h2>\n<p>Movacolor chuy\u00ean cung c\u1ea5p c\u00e1c gi\u1ea3i ph\u00e1p \u0111\u1ecbnh l\u01b0\u1ee3ng ch\u00ednh x\u00e1c ph\u00f9 h\u1ee3p cho c\u00e1c \u1ee9ng d\u1ee5ng \u0111\u00fac th\u1ed5i. Chuy\u00ean m\u00f4n c\u1ee7a ch\u00fang t\u00f4i n\u1eb1m \u1edf vi\u1ec7c ph\u00e1t tri\u1ec3n v\u00e0 cung c\u1ea5p c\u00e1c m\u00e1y c\u1ea5p li\u1ec7u tr\u1ecdng l\u01b0\u1ee3ng v\u00e0 th\u1ec3 t\u00edch \u0111\u00e1ng tin c\u1eady, g\u00f3p ph\u1ea7n n\u00e2ng cao ch\u1ea5t l\u01b0\u1ee3ng s\u1ea3n xu\u1ea5t c\u00e1c b\u1ed9 ph\u1eadn nh\u1ef1a trong khu\u00f4n th\u1ed5i. C\u00e1c k\u1ef9 s\u01b0 c\u1ee7a ch\u00fang t\u00f4i li\u00ean t\u1ee5c c\u1ea3i ti\u1ebfn k\u1ef9 thu\u1eadt \u0111\u1ecbnh l\u01b0\u1ee3ng \u0111\u1ec3 \u0111\u1ea3m b\u1ea3o hi\u1ec7u su\u1ea5t t\u1ed1i \u01b0u.<\/p>\n<p>Ph\u01b0\u01a1ng ph\u00e1p \u0111\u1ecbnh l\u01b0\u1ee3ng h\u1ea1t nh\u1ef1a, b\u1ed9t v\u00e0 nghi\u1ec1n l\u1ea1i c\u1ee7a ch\u00fang t\u00f4i t\u1eadp trung v\u00e0o tr\u1ee5 \u0111\u1ecbnh l\u01b0\u1ee3ng \u0111\u1eb7c bi\u1ec7t c\u1ee7a ch\u00fang t\u00f4i. Vi\u1ec7c k\u1ebft h\u1ee3p xi lanh n\u00e0y \u0111\u1ea3m b\u1ea3o vi\u1ec7c \u0111\u1ecbnh l\u01b0\u1ee3ng c\u00f3 \u0111\u1ed9 ch\u00ednh x\u00e1c cao, cho d\u00f9 \u0111\u00f3 l\u00e0 b\u1ed9 c\u1ea5p li\u1ec7u theo tr\u1ecdng l\u01b0\u1ee3ng hay th\u1ec3 t\u00edch. Xi lanh \u0111\u1ecbnh l\u01b0\u1ee3ng gi\u1ea3i ph\u00f3ng c\u00e1c ch\u1ea5t ph\u1ee5 gia m\u1ed9t c\u00e1ch li\u1ec1n m\u1ea1ch v\u00e0o v\u1eadt li\u1ec7u ch\u00ednh, \u0111\u1ea3m b\u1ea3o d\u00f2ng ch\u1ea3y \u1ed5n \u0111\u1ecbnh m\u00e0 kh\u00f4ng b\u1ecb rung ho\u1eb7c gi\u00e1n \u0111o\u1ea1n, thi\u1ebft l\u1eadp m\u1ed9t ti\u00eau chu\u1ea9n m\u1edbi v\u1ec1 \u0111\u1ed9 ch\u00ednh x\u00e1c trong qu\u00e1 tr\u00ecnh \u0111\u00fac th\u1ed5i.<\/p>\n<p>Bao g\u1ed3m m\u1ed9t \u0111\u1ed9ng c\u01a1 b\u01b0\u1edbc trong b\u1ed9 c\u1ea5p li\u1ec7u c\u1ee7a ch\u00fang t\u00f4i \u0111\u1ea3m b\u1ea3o \u0111i\u1ec1u khi\u1ec3n ch\u00ednh x\u00e1c m\u00e0 kh\u00f4ng b\u1ecb d\u1eebng ho\u1eb7c xung. Ph\u01b0\u01a1ng ph\u00e1p \u0111\u1ecbnh l\u01b0\u1ee3ng n\u00e0y, t\u1eadp trung v\u00e0o xi lanh \u0111\u1ecbnh l\u01b0\u1ee3ng, v\u01b0\u1ee3t tr\u1ed9i h\u01a1n c\u00e1c k\u1ef9 thu\u1eadt thay th\u1ebf nh\u01b0 pha tr\u1ed9n, \u0111\u1ecbnh l\u01b0\u1ee3ng d\u1ef1a tr\u00ean tr\u1ee5c v\u00edt, d\u1ef1a tr\u00ean \u0111\u0129a ho\u1eb7c d\u1ef1a tr\u00ean d\u00e2y \u0111ai c\u1ea5p li\u1ec7u. \u01afu \u0111i\u1ec3m n\u00e0y \u0111\u1eb7c bi\u1ec7t c\u00f3 gi\u00e1 tr\u1ecb trong c\u00e1c m\u00e1y \u0111\u00fac th\u1ed5i hi\u1ec7n \u0111\u1ea1i \u0111\u00f2i h\u1ecfi chu k\u1ef3 s\u1ea3n xu\u1ea5t ng\u1eafn.<\/p>\n<h2>\u1ee8ng d\u1ee5ng \u0111\u00fac th\u1ed5i v\u1edbi c\u00f4ng ngh\u1ec7 \u0111\u1ecbnh l\u01b0\u1ee3ng tr\u1ecdng l\u1ef1c<\/h2>\n<p>M\u00e1y c\u1ea5p li\u1ec7u theo tr\u1ecdng l\u01b0\u1ee3ng c\u1ee7a ch\u00fang t\u00f4i, \u0111\u01b0\u1ee3c c\u00f4ng nh\u1eadn l\u00e0 m\u00e1y c\u1ea5p li\u1ec7u gi\u1ea3m c\u00e2n, \u0111\u01b0\u1ee3c bi\u1ebft \u0111\u1ebfn v\u1edbi \u0111\u1ed9 ch\u00ednh x\u00e1c \u0111\u1eb7c bi\u1ec7t nh\u1edd c\u00f4ng ngh\u1ec7 \u0111\u1ecbnh l\u01b0\u1ee3ng theo tr\u1ecdng l\u01b0\u1ee3ng \u0111\u1ed9c \u0111\u00e1o c\u1ee7a ch\u00fang t\u00f4i. M\u00e1y c\u1ea5p li\u1ec7u theo tr\u1ecdng l\u1ef1c c\u1ee7a ch\u00fang t\u00f4i t\u1ecfa s\u00e1ng trong quy tr\u00ecnh \u0111\u00fac th\u1ed5i, trong \u0111\u00f3 t\u00ednh nh\u1ea5t qu\u00e1n l\u00e0 \u0111i\u1ec1u t\u1ed1i quan tr\u1ecdng. \u0110\u01b0\u1ee3c trang b\u1ecb c\u1ea3m bi\u1ebfn t\u1ea3i tr\u1ecdng, nh\u1eefng m\u00e1y c\u1ea5p li\u1ec7u n\u00e0y \u0111o ch\u00ednh x\u00e1c tr\u1ecdng l\u01b0\u1ee3ng c\u1ee7a c\u00e1c ch\u1ea5t ph\u1ee5 gia \u0111\u01b0\u1ee3c th\u00eam v\u00e0o d\u00f2ng nguy\u00ean li\u1ec7u ch\u00ednh, \u0111\u1ea3m b\u1ea3o \u0111\u1ea7u ra c\u00f3 ch\u1ea5t l\u01b0\u1ee3ng cao \u0111\u1ed3ng nh\u1ea5t t\u1eeb m\u00e1y \u0111\u00fac th\u1ed5i.<\/p>\n<h2>M\u1ed9t h\u1ec7 th\u1ed1ng \u0111\u1ecbnh l\u01b0\u1ee3ng m\u00f4-\u0111un cho khu\u00f4n th\u1ed5i<\/h2>\n<p>M\u00e1y c\u1ea5p li\u1ec7u theo tr\u1ecdng l\u01b0\u1ee3ng v\u00e0 th\u1ec3 t\u00edch c\u1ee7a ch\u00fang t\u00f4i, \u0111\u01b0\u1ee3c thi\u1ebft k\u1ebf chu \u0111\u00e1o cho ng\u00e0nh c\u00f4ng nghi\u1ec7p \u0111\u00fac th\u1ed5i, \u01b0u ti\u00ean s\u1ef1 th\u00e2n thi\u1ec7n v\u00e0 linh ho\u1ea1t cho ng\u01b0\u1eddi d\u00f9ng. Thi\u1ebft k\u1ebf m\u00f4-\u0111un cho ph\u00e9p ng\u01b0\u1eddi v\u1eadn h\u00e0nh trong ng\u00e0nh nh\u1ef1a ch\u1ebf t\u1ea1o m\u1ed9t \u0111\u01a1n v\u1ecb \u0111\u1ecbnh l\u01b0\u1ee3ng ph\u00f9 h\u1ee3p, ph\u00f9 h\u1ee3p li\u1ec1n m\u1ea1ch v\u1edbi c\u00e1c y\u00eau c\u1ea7u s\u1ea3n xu\u1ea5t c\u1ee5 th\u1ec3 c\u1ee7a h\u1ecd. Kh\u1ea3 n\u0103ng \u0111i\u1ec1u ch\u1ec9nh, m\u1edf r\u1ed9ng v\u00e0 n\u00e2ng c\u1ea5p c\u1ee7a thi\u1ebft b\u1ecb \u0111\u1ecbnh l\u01b0\u1ee3ng mang l\u1ea1i s\u1ef1 linh ho\u1ea1t cho c\u00e1c quy tr\u00ecnh s\u1ea3n xu\u1ea5t \u0111a d\u1ea1ng.<\/p>\n<\/div><\/div><\/div><\/div><\/div><\/div><\/div><\/section>\n","protected":false},"excerpt":{"rendered":"B\u1ed9 n\u1ea1p tr\u1ecdng l\u01b0\u1ee3ng v\u00e0 th\u1ec3 t\u00edch cho khu\u00f4n th\u1ed5i Movacolor chuy\u00ean cung c\u1ea5p c\u00e1c gi\u1ea3i ph\u00e1p \u0111\u1ecbnh l\u01b0\u1ee3ng ch\u00ednh x\u00e1c ph\u00f9 h\u1ee3p cho c\u00e1c \u1ee9ng d\u1ee5ng \u0111\u00fac th\u1ed5i. Chuy\u00ean m\u00f4n c\u1ee7a ch\u00fang t\u00f4i n\u1eb1m \u1edf vi\u1ec7c ph\u00e1t tri\u1ec3n v\u00e0 cung c\u1ea5p c\u00e1c m\u00e1y c\u1ea5p li\u1ec7u tr\u1ecdng l\u01b0\u1ee3ng v\u00e0 th\u1ec3 t\u00edch \u0111\u00e1ng tin c\u1eady, g\u00f3p...","protected":false},"author":2,"featured_media":14478,"parent":14493,"menu_order":0,"comment_status":"closed","ping_status":"closed","template":"","meta":{"_acf_changed":false,"footnotes":""},"class_list":["post-14477","page","type-page","status-publish","has-post-thumbnail","hentry","us_portfolio_tag-duc-thoi"],"acf":[],"yoast_head":"<!-- This site is optimized with the Yoast SEO plugin v26.4 - https:\/\/yoast.com\/wordpress\/plugins\/seo\/ -->\n<title>\u0110\u00fac th\u1ed5i - Movacolor<\/title>\n<meta name=\"description\" content=\"Kh\u00e1m ph\u00e1 \u0111\u1ecbnh l\u01b0\u1ee3ng c\u1ee7a Movacolor \u2013 \u0111\u1ed1i v\u1edbi b\u1ea5t k\u1ef3 v\u1eadt li\u1ec7u nh\u1ef1a n\u00e0o, b\u1ed9 c\u1ea5p li\u1ec7u theo tr\u1ecdng l\u01b0\u1ee3ng v\u00e0 th\u1ec3 t\u00edch c\u1ee7a ch\u00fang t\u00f4i \u0111\u1eb7t ra ti\u00eau chu\u1ea9n m\u1edbi v\u1ec1 \u0111\u1ed9 ch\u00ednh x\u00e1c c\u1ee7a khu\u00f4n th\u1ed5i.\" \/>\n<meta name=\"robots\" content=\"noindex, follow\" \/>\n<meta property=\"og:locale\" content=\"vi_VN\" \/>\n<meta property=\"og:type\" content=\"article\" \/>\n<meta property=\"og:title\" content=\"\u0110\u00fac th\u1ed5i - Movacolor\" \/>\n<meta property=\"og:description\" content=\"Kh\u00e1m ph\u00e1 \u0111\u1ecbnh l\u01b0\u1ee3ng c\u1ee7a Movacolor \u2013 \u0111\u1ed1i v\u1edbi b\u1ea5t k\u1ef3 v\u1eadt li\u1ec7u nh\u1ef1a n\u00e0o, b\u1ed9 c\u1ea5p li\u1ec7u theo tr\u1ecdng l\u01b0\u1ee3ng v\u00e0 th\u1ec3 t\u00edch c\u1ee7a ch\u00fang t\u00f4i \u0111\u1eb7t ra ti\u00eau chu\u1ea9n m\u1edbi v\u1ec1 \u0111\u1ed9 ch\u00ednh x\u00e1c c\u1ee7a khu\u00f4n th\u1ed5i.\" \/>\n<meta property=\"og:url\" content=\"https:\/\/www.movacolor.com\/vi\/qua-trinh\/duc-thoi\/\" \/>\n<meta property=\"og:site_name\" content=\"Movacolor\" \/>\n<meta property=\"article:modified_time\" content=\"2024-01-19T19:17:15+00:00\" \/>\n<meta property=\"og:image\" content=\"https:\/\/www.movacolor.com\/wp-content\/uploads\/2023\/03\/Blow_molding.jpg\" \/>\n\t<meta property=\"og:image:width\" content=\"1920\" \/>\n\t<meta property=\"og:image:height\" content=\"1280\" \/>\n\t<meta property=\"og:image:type\" content=\"image\/jpeg\" \/>\n<meta name=\"twitter:card\" content=\"summary_large_image\" \/>\n<meta name=\"twitter:label1\" content=\"Est. reading time\" \/>\n\t<meta name=\"twitter:data1\" content=\"4 minutes\" \/>\n<script type=\"application\/ld+json\" class=\"yoast-schema-graph\">{\"@context\":\"https:\/\/schema.org\",\"@graph\":[{\"@type\":\"WebPage\",\"@id\":\"https:\/\/www.movacolor.com\/vi\/qua-trinh\/duc-thoi\/\",\"url\":\"https:\/\/www.movacolor.com\/vi\/qua-trinh\/duc-thoi\/\",\"name\":\"\u0110\u00fac th\u1ed5i - Movacolor\",\"isPartOf\":{\"@id\":\"https:\/\/www.movacolor.com\/vi\/#website\"},\"primaryImageOfPage\":{\"@id\":\"https:\/\/www.movacolor.com\/vi\/qua-trinh\/duc-thoi\/#primaryimage\"},\"image\":{\"@id\":\"https:\/\/www.movacolor.com\/vi\/qua-trinh\/duc-thoi\/#primaryimage\"},\"thumbnailUrl\":\"https:\/\/www.movacolor.com\/wp-content\/uploads\/2023\/03\/Blow_molding.jpg\",\"datePublished\":\"2023-01-03T10:36:24+00:00\",\"dateModified\":\"2024-01-19T19:17:15+00:00\",\"description\":\"Kh\u00e1m ph\u00e1 \u0111\u1ecbnh l\u01b0\u1ee3ng c\u1ee7a Movacolor \u2013 \u0111\u1ed1i v\u1edbi b\u1ea5t k\u1ef3 v\u1eadt li\u1ec7u nh\u1ef1a n\u00e0o, b\u1ed9 c\u1ea5p li\u1ec7u theo tr\u1ecdng l\u01b0\u1ee3ng v\u00e0 th\u1ec3 t\u00edch c\u1ee7a ch\u00fang t\u00f4i \u0111\u1eb7t ra ti\u00eau chu\u1ea9n m\u1edbi v\u1ec1 \u0111\u1ed9 ch\u00ednh x\u00e1c c\u1ee7a khu\u00f4n th\u1ed5i.\",\"breadcrumb\":{\"@id\":\"https:\/\/www.movacolor.com\/vi\/qua-trinh\/duc-thoi\/#breadcrumb\"},\"inLanguage\":\"vi-VN\",\"potentialAction\":[{\"@type\":\"ReadAction\",\"target\":[\"https:\/\/www.movacolor.com\/vi\/qua-trinh\/duc-thoi\/\"]}]},{\"@type\":\"ImageObject\",\"inLanguage\":\"vi-VN\",\"@id\":\"https:\/\/www.movacolor.com\/vi\/qua-trinh\/duc-thoi\/#primaryimage\",\"url\":\"https:\/\/www.movacolor.com\/wp-content\/uploads\/2023\/03\/Blow_molding.jpg\",\"contentUrl\":\"https:\/\/www.movacolor.com\/wp-content\/uploads\/2023\/03\/Blow_molding.jpg\",\"width\":1920,\"height\":1280,\"caption\":\"Blow molding\"},{\"@type\":\"BreadcrumbList\",\"@id\":\"https:\/\/www.movacolor.com\/vi\/qua-trinh\/duc-thoi\/#breadcrumb\",\"itemListElement\":[{\"@type\":\"ListItem\",\"position\":1,\"name\":\"Home\",\"item\":\"https:\/\/www.movacolor.com\/vi\/\"},{\"@type\":\"ListItem\",\"position\":2,\"name\":\"\u0110\u00fac th\u1ed5i\"}]},{\"@type\":\"WebSite\",\"@id\":\"https:\/\/www.movacolor.com\/vi\/#website\",\"url\":\"https:\/\/www.movacolor.com\/vi\/\",\"name\":\"Movacolor\",\"description\":\"modular dosing solutions\",\"potentialAction\":[{\"@type\":\"SearchAction\",\"target\":{\"@type\":\"EntryPoint\",\"urlTemplate\":\"https:\/\/www.movacolor.com\/vi\/?s={search_term_string}\"},\"query-input\":{\"@type\":\"PropertyValueSpecification\",\"valueRequired\":true,\"valueName\":\"search_term_string\"}}],\"inLanguage\":\"vi-VN\"}]}<\/script>\n<!-- \/ Yoast SEO plugin. -->","yoast_head_json":{"title":"\u0110\u00fac th\u1ed5i - Movacolor","description":"Kh\u00e1m ph\u00e1 \u0111\u1ecbnh l\u01b0\u1ee3ng c\u1ee7a Movacolor \u2013 \u0111\u1ed1i v\u1edbi b\u1ea5t k\u1ef3 v\u1eadt li\u1ec7u nh\u1ef1a n\u00e0o, b\u1ed9 c\u1ea5p li\u1ec7u theo tr\u1ecdng l\u01b0\u1ee3ng v\u00e0 th\u1ec3 t\u00edch c\u1ee7a ch\u00fang t\u00f4i \u0111\u1eb7t ra ti\u00eau chu\u1ea9n m\u1edbi v\u1ec1 \u0111\u1ed9 ch\u00ednh x\u00e1c c\u1ee7a khu\u00f4n th\u1ed5i.","robots":{"index":"noindex","follow":"follow"},"og_locale":"vi_VN","og_type":"article","og_title":"\u0110\u00fac th\u1ed5i - Movacolor","og_description":"Kh\u00e1m ph\u00e1 \u0111\u1ecbnh l\u01b0\u1ee3ng c\u1ee7a Movacolor \u2013 \u0111\u1ed1i v\u1edbi b\u1ea5t k\u1ef3 v\u1eadt li\u1ec7u nh\u1ef1a n\u00e0o, b\u1ed9 c\u1ea5p li\u1ec7u theo tr\u1ecdng l\u01b0\u1ee3ng v\u00e0 th\u1ec3 t\u00edch c\u1ee7a ch\u00fang t\u00f4i \u0111\u1eb7t ra ti\u00eau chu\u1ea9n m\u1edbi v\u1ec1 \u0111\u1ed9 ch\u00ednh x\u00e1c c\u1ee7a khu\u00f4n th\u1ed5i.","og_url":"https:\/\/www.movacolor.com\/vi\/qua-trinh\/duc-thoi\/","og_site_name":"Movacolor","article_modified_time":"2024-01-19T19:17:15+00:00","og_image":[{"width":1920,"height":1280,"url":"https:\/\/www.movacolor.com\/wp-content\/uploads\/2023\/03\/Blow_molding.jpg","type":"image\/jpeg"}],"twitter_card":"summary_large_image","twitter_misc":{"Est. reading time":"4 minutes"},"schema":{"@context":"https:\/\/schema.org","@graph":[{"@type":"WebPage","@id":"https:\/\/www.movacolor.com\/vi\/qua-trinh\/duc-thoi\/","url":"https:\/\/www.movacolor.com\/vi\/qua-trinh\/duc-thoi\/","name":"\u0110\u00fac th\u1ed5i - Movacolor","isPartOf":{"@id":"https:\/\/www.movacolor.com\/vi\/#website"},"primaryImageOfPage":{"@id":"https:\/\/www.movacolor.com\/vi\/qua-trinh\/duc-thoi\/#primaryimage"},"image":{"@id":"https:\/\/www.movacolor.com\/vi\/qua-trinh\/duc-thoi\/#primaryimage"},"thumbnailUrl":"https:\/\/www.movacolor.com\/wp-content\/uploads\/2023\/03\/Blow_molding.jpg","datePublished":"2023-01-03T10:36:24+00:00","dateModified":"2024-01-19T19:17:15+00:00","description":"Kh\u00e1m ph\u00e1 \u0111\u1ecbnh l\u01b0\u1ee3ng c\u1ee7a Movacolor \u2013 \u0111\u1ed1i v\u1edbi b\u1ea5t k\u1ef3 v\u1eadt li\u1ec7u nh\u1ef1a n\u00e0o, b\u1ed9 c\u1ea5p li\u1ec7u theo tr\u1ecdng l\u01b0\u1ee3ng v\u00e0 th\u1ec3 t\u00edch c\u1ee7a ch\u00fang t\u00f4i \u0111\u1eb7t ra ti\u00eau chu\u1ea9n m\u1edbi v\u1ec1 \u0111\u1ed9 ch\u00ednh x\u00e1c c\u1ee7a khu\u00f4n th\u1ed5i.","breadcrumb":{"@id":"https:\/\/www.movacolor.com\/vi\/qua-trinh\/duc-thoi\/#breadcrumb"},"inLanguage":"vi-VN","potentialAction":[{"@type":"ReadAction","target":["https:\/\/www.movacolor.com\/vi\/qua-trinh\/duc-thoi\/"]}]},{"@type":"ImageObject","inLanguage":"vi-VN","@id":"https:\/\/www.movacolor.com\/vi\/qua-trinh\/duc-thoi\/#primaryimage","url":"https:\/\/www.movacolor.com\/wp-content\/uploads\/2023\/03\/Blow_molding.jpg","contentUrl":"https:\/\/www.movacolor.com\/wp-content\/uploads\/2023\/03\/Blow_molding.jpg","width":1920,"height":1280,"caption":"Blow molding"},{"@type":"BreadcrumbList","@id":"https:\/\/www.movacolor.com\/vi\/qua-trinh\/duc-thoi\/#breadcrumb","itemListElement":[{"@type":"ListItem","position":1,"name":"Home","item":"https:\/\/www.movacolor.com\/vi\/"},{"@type":"ListItem","position":2,"name":"\u0110\u00fac th\u1ed5i"}]},{"@type":"WebSite","@id":"https:\/\/www.movacolor.com\/vi\/#website","url":"https:\/\/www.movacolor.com\/vi\/","name":"Movacolor","description":"modular dosing solutions","potentialAction":[{"@type":"SearchAction","target":{"@type":"EntryPoint","urlTemplate":"https:\/\/www.movacolor.com\/vi\/?s={search_term_string}"},"query-input":{"@type":"PropertyValueSpecification","valueRequired":true,"valueName":"search_term_string"}}],"inLanguage":"vi-VN"}]}},"_links":{"self":[{"href":"https:\/\/www.movacolor.com\/vi\/wp-json\/wp\/v2\/pages\/14477","targetHints":{"allow":["GET"]}}],"collection":[{"href":"https:\/\/www.movacolor.com\/vi\/wp-json\/wp\/v2\/pages"}],"about":[{"href":"https:\/\/www.movacolor.com\/vi\/wp-json\/wp\/v2\/types\/page"}],"author":[{"embeddable":true,"href":"https:\/\/www.movacolor.com\/vi\/wp-json\/wp\/v2\/users\/2"}],"replies":[{"embeddable":true,"href":"https:\/\/www.movacolor.com\/vi\/wp-json\/wp\/v2\/comments?post=14477"}],"version-history":[{"count":2,"href":"https:\/\/www.movacolor.com\/vi\/wp-json\/wp\/v2\/pages\/14477\/revisions"}],"predecessor-version":[{"id":14480,"href":"https:\/\/www.movacolor.com\/vi\/wp-json\/wp\/v2\/pages\/14477\/revisions\/14480"}],"up":[{"embeddable":true,"href":"https:\/\/www.movacolor.com\/vi\/wp-json\/wp\/v2\/pages\/14493"}],"wp:featuredmedia":[{"embeddable":true,"href":"https:\/\/www.movacolor.com\/vi\/wp-json\/wp\/v2\/media\/14478"}],"wp:attachment":[{"href":"https:\/\/www.movacolor.com\/vi\/wp-json\/wp\/v2\/media?parent=14477"}],"curies":[{"name":"wp","href":"https:\/\/api.w.org\/{rel}","templated":true}]}}