{"id":14476,"date":"2023-01-03T12:37:09","date_gmt":"2023-01-03T10:37:09","guid":{"rendered":"https:\/\/www.movacolor.com\/masterbatch\/"},"modified":"2023-01-03T12:37:09","modified_gmt":"2023-01-03T10:37:09","slug":"masterbatch","status":"publish","type":"page","link":"https:\/\/www.movacolor.com\/vi\/vat-lieu\/masterbatch\/","title":{"rendered":"Masterbatch"},"content":{"rendered":"<p>C\u00e1c nh\u00e0 s\u1ea3n xu\u1ea5t s\u1ea3n ph\u1ea9m nh\u1ef1a t\u1eeb kh\u1eafp n\u01a1i tr\u00ean th\u1ebf gi\u1edbi \u0111ang tham gia v\u00e0o vi\u1ec7c ph\u00e1t tri\u1ec3n h\u1ec7 th\u1ed1ng \u0111\u1ecbnh l\u01b0\u1ee3ng masterbatch c\u00f3 \u0111\u1ed9 ch\u00ednh x\u00e1c cao c\u1ee7a Movacolor. Kinh nghi\u1ec7m c\u1ee7a h\u1ecd v\u1edbi ch\u1ea5t t\u1ea1o m\u00e0u v\u00e0 mong mu\u1ed1n c\u00f3 \u0111\u01b0\u1ee3c quy tr\u00ecnh s\u1ea3n xu\u1ea5t \u1ed5n \u0111\u1ecbnh, hi\u1ec7u qu\u1ea3 cao v\u00e0 ti\u1ebft ki\u1ec7m l\u00e0 \u0111i\u1ec3m kh\u1edfi \u0111\u1ea7u cho nh\u1eefng \u0111\u1ed5i m\u1edbi c\u1ee7a Movacolor trong c\u00f4ng ngh\u1ec7 \u0111\u1ecbnh l\u01b0\u1ee3ng.<\/p>\n<h2>H\u1ec7 th\u1ed1ng \u0111\u1ecbnh l\u01b0\u1ee3ng Masterbatch v\u1edbi kh\u1ea3 n\u0103ng ki\u1ec3m so\u00e1t ch\u00ednh x\u00e1c<\/h2>\n<p>H\u1ec7 th\u1ed1ng \u0111\u1ecbnh l\u01b0\u1ee3ng masterbatch n\u1ed9i tuy\u1ebfn theo tr\u1ecdng l\u01b0\u1ee3ng\u00a0MDS Balance\u00a0\u0111\u1ea3m b\u1ea3o ph\u00e9p \u0111o t\u1ed1i \u01b0u trong quy tr\u00ecnh \u0111\u1ecbnh l\u01b0\u1ee3ng trong c\u00e1c \u1ee9ng d\u1ee5ng \u00e9p \u0111\u00f9n v\u00e0 \u00e9p phun. C\u00e2n MDS c\u00f3 th\u1ec3 \u0111\u01b0\u1ee3c n\u00e2ng c\u1ea5p l\u00ean h\u1ec7 th\u1ed1ng \u0111\u1ecbnh l\u01b0\u1ee3ng nhi\u1ec1u th\u00e0nh ph\u1ea7n \u0111\u1ec3 \u0111\u1ecbnh l\u01b0\u1ee3ng t\u1ed1i \u0111a s\u00e1u ch\u1ea5t ph\u1ee5 gia c\u00f9ng m\u1ed9t l\u00fac.<\/p>\n<p>\u0110\u1ec3 c\u00f3 c\u00e1c quy tr\u00ecnh s\u1ea3n l\u01b0\u1ee3ng cao, b\u1ed9 ph\u1eadn k\u1ef9 thu\u1eadt c\u1ee7a Movacolor \u0111\u00e3 ph\u00e1t tri\u1ec3n C\u00e2n MDS HO. H\u1ec7 th\u1ed1ng \u0111\u1ecbnh l\u01b0\u1ee3ng masterbatch c\u1ee5 th\u1ec3 n\u00e0y c\u00f3 c\u00f4ng su\u1ea5t t\u1eeb 50 kg\/h \u0111\u1ebfn 1.000 kg\/h. T\u1ea5t nhi\u00ean, v\u1edbi \u0111\u1ed9 ch\u00ednh x\u00e1c cao khi \u0111\u1ecbnh l\u01b0\u1ee3ng masterbatch \u0111\u01b0\u1ee3c \u0111\u1ea3m b\u1ea3o.<\/p>\n<p>C\u00f4ng su\u1ea5t h\u1ea1t nh\u1ef1a nh\u1ecf nh\u1ea5t c\u00f3 th\u1ec3 \u0111\u01b0\u1ee3c \u0111\u1ecbnh l\u01b0\u1ee3ng b\u1eb1ng m\u00e1y c\u1ea5p li\u1ec7u n\u1ed9i tuy\u1ebfn c\u1ee7a Movacolor kh\u00f4ng d\u01b0\u1edbi 0,1 kg\/h. H\u1ec7 th\u1ed1ng \u0111\u1ecbnh l\u01b0\u1ee3ng c\u00f3 th\u1ec3 \u0111\u1ecbnh l\u01b0\u1ee3ng m\u1ed9t l\u01b0\u1ee3ng nh\u1ecf nh\u01b0 v\u1eady l\u00e0\u00a0MDS Nexus.<\/p>\n","protected":false},"excerpt":{"rendered":"<p>C\u00e1c nh\u00e0 s\u1ea3n xu\u1ea5t s\u1ea3n ph\u1ea9m nh\u1ef1a t\u1eeb kh\u1eafp n\u01a1i tr\u00ean th\u1ebf gi\u1edbi \u0111ang tham gia v\u00e0o vi\u1ec7c ph\u00e1t tri\u1ec3n h\u1ec7 th\u1ed1ng \u0111\u1ecbnh l\u01b0\u1ee3ng masterbatch c\u00f3 \u0111\u1ed9 ch\u00ednh x\u00e1c cao c\u1ee7a Movacolor. Kinh nghi\u1ec7m c\u1ee7a h\u1ecd v\u1edbi ch\u1ea5t t\u1ea1o m\u00e0u v\u00e0 mong mu\u1ed1n c\u00f3 \u0111\u01b0\u1ee3c quy tr\u00ecnh s\u1ea3n xu\u1ea5t \u1ed5n \u0111\u1ecbnh, hi\u1ec7u qu\u1ea3 cao v\u00e0&#8230;<\/p>\n","protected":false},"author":2,"featured_media":0,"parent":14486,"menu_order":0,"comment_status":"closed","ping_status":"closed","template":"","meta":{"_acf_changed":false,"footnotes":""},"class_list":["post-14476","page","type-page","status-publish","hentry","us_portfolio_tag-masterbatch-vi"],"acf":[],"yoast_head":"<!-- This site is optimized with the Yoast SEO plugin v26.4 - https:\/\/yoast.com\/wordpress\/plugins\/seo\/ -->\n<title>Masterbatch - Movacolor<\/title>\n<meta name=\"description\" content=\"Kh\u00e1m ph\u00e1 c\u00e1c Gi\u1ea3i ph\u00e1p \u0111\u1ecbnh l\u01b0\u1ee3ng v\u00e0 pha tr\u1ed9n theo m\u00f4-\u0111un c\u1ee7a ch\u00fang t\u00f4i d\u00e0nh cho qu\u00e1 tr\u00ecnh s\u1ea3n xu\u1ea5t h\u1ea1t nh\u1ef1a c\u1ee7a b\u1ea1n. B\u1ea5t k\u1ec3 ng\u00e0nh ngh\u1ec1 c\u1ee7a b\u1ea1n l\u00e0 g\u00ec, ch\u00fang t\u00f4i \u0111\u1ec1u c\u00f3 \u0111\u01a1n v\u1ecb ph\u00f9 h\u1ee3p v\u1edbi quy tr\u00ecnh s\u1ea3n xu\u1ea5t c\u1ee7a b\u1ea1n.\" \/>\n<meta name=\"robots\" content=\"index, follow, max-snippet:-1, max-image-preview:large, max-video-preview:-1\" \/>\n<link rel=\"canonical\" href=\"https:\/\/www.movacolor.com\/vi\/vat-lieu\/masterbatch\/\" \/>\n<meta property=\"og:locale\" content=\"vi_VN\" \/>\n<meta property=\"og:type\" content=\"article\" \/>\n<meta property=\"og:title\" content=\"Masterbatch - Movacolor\" \/>\n<meta property=\"og:description\" content=\"Kh\u00e1m ph\u00e1 c\u00e1c Gi\u1ea3i ph\u00e1p \u0111\u1ecbnh l\u01b0\u1ee3ng v\u00e0 pha tr\u1ed9n theo m\u00f4-\u0111un c\u1ee7a ch\u00fang t\u00f4i d\u00e0nh cho qu\u00e1 tr\u00ecnh s\u1ea3n xu\u1ea5t h\u1ea1t nh\u1ef1a c\u1ee7a b\u1ea1n. B\u1ea5t k\u1ec3 ng\u00e0nh ngh\u1ec1 c\u1ee7a b\u1ea1n l\u00e0 g\u00ec, ch\u00fang t\u00f4i \u0111\u1ec1u c\u00f3 \u0111\u01a1n v\u1ecb ph\u00f9 h\u1ee3p v\u1edbi quy tr\u00ecnh s\u1ea3n xu\u1ea5t c\u1ee7a b\u1ea1n.\" \/>\n<meta property=\"og:url\" content=\"https:\/\/www.movacolor.com\/vi\/vat-lieu\/masterbatch\/\" \/>\n<meta property=\"og:site_name\" content=\"Movacolor\" \/>\n<meta name=\"twitter:card\" content=\"summary_large_image\" \/>\n<meta name=\"twitter:label1\" content=\"Est. reading time\" \/>\n\t<meta name=\"twitter:data1\" content=\"2 minutes\" \/>\n<script type=\"application\/ld+json\" class=\"yoast-schema-graph\">{\"@context\":\"https:\/\/schema.org\",\"@graph\":[{\"@type\":\"WebPage\",\"@id\":\"https:\/\/www.movacolor.com\/vi\/vat-lieu\/masterbatch\/\",\"url\":\"https:\/\/www.movacolor.com\/vi\/vat-lieu\/masterbatch\/\",\"name\":\"Masterbatch - Movacolor\",\"isPartOf\":{\"@id\":\"https:\/\/www.movacolor.com\/vi\/#website\"},\"datePublished\":\"2023-01-03T10:37:09+00:00\",\"description\":\"Kh\u00e1m ph\u00e1 c\u00e1c Gi\u1ea3i ph\u00e1p \u0111\u1ecbnh l\u01b0\u1ee3ng v\u00e0 pha tr\u1ed9n theo m\u00f4-\u0111un c\u1ee7a ch\u00fang t\u00f4i d\u00e0nh cho qu\u00e1 tr\u00ecnh s\u1ea3n xu\u1ea5t h\u1ea1t nh\u1ef1a c\u1ee7a b\u1ea1n. B\u1ea5t k\u1ec3 ng\u00e0nh ngh\u1ec1 c\u1ee7a b\u1ea1n l\u00e0 g\u00ec, ch\u00fang t\u00f4i \u0111\u1ec1u c\u00f3 \u0111\u01a1n v\u1ecb ph\u00f9 h\u1ee3p v\u1edbi quy tr\u00ecnh s\u1ea3n xu\u1ea5t c\u1ee7a b\u1ea1n.\",\"breadcrumb\":{\"@id\":\"https:\/\/www.movacolor.com\/vi\/vat-lieu\/masterbatch\/#breadcrumb\"},\"inLanguage\":\"vi-VN\",\"potentialAction\":[{\"@type\":\"ReadAction\",\"target\":[\"https:\/\/www.movacolor.com\/vi\/vat-lieu\/masterbatch\/\"]}]},{\"@type\":\"BreadcrumbList\",\"@id\":\"https:\/\/www.movacolor.com\/vi\/vat-lieu\/masterbatch\/#breadcrumb\",\"itemListElement\":[{\"@type\":\"ListItem\",\"position\":1,\"name\":\"Home\",\"item\":\"https:\/\/www.movacolor.com\/vi\/\"},{\"@type\":\"ListItem\",\"position\":2,\"name\":\"Masterbatch\"}]},{\"@type\":\"WebSite\",\"@id\":\"https:\/\/www.movacolor.com\/vi\/#website\",\"url\":\"https:\/\/www.movacolor.com\/vi\/\",\"name\":\"Movacolor\",\"description\":\"modular dosing solutions\",\"potentialAction\":[{\"@type\":\"SearchAction\",\"target\":{\"@type\":\"EntryPoint\",\"urlTemplate\":\"https:\/\/www.movacolor.com\/vi\/?s={search_term_string}\"},\"query-input\":{\"@type\":\"PropertyValueSpecification\",\"valueRequired\":true,\"valueName\":\"search_term_string\"}}],\"inLanguage\":\"vi-VN\"}]}<\/script>\n<!-- \/ Yoast SEO plugin. -->","yoast_head_json":{"title":"Masterbatch - Movacolor","description":"Kh\u00e1m ph\u00e1 c\u00e1c Gi\u1ea3i ph\u00e1p \u0111\u1ecbnh l\u01b0\u1ee3ng v\u00e0 pha tr\u1ed9n theo m\u00f4-\u0111un c\u1ee7a ch\u00fang t\u00f4i d\u00e0nh cho qu\u00e1 tr\u00ecnh s\u1ea3n xu\u1ea5t h\u1ea1t nh\u1ef1a c\u1ee7a b\u1ea1n. B\u1ea5t k\u1ec3 ng\u00e0nh ngh\u1ec1 c\u1ee7a b\u1ea1n l\u00e0 g\u00ec, ch\u00fang t\u00f4i \u0111\u1ec1u c\u00f3 \u0111\u01a1n v\u1ecb ph\u00f9 h\u1ee3p v\u1edbi quy tr\u00ecnh s\u1ea3n xu\u1ea5t c\u1ee7a b\u1ea1n.","robots":{"index":"index","follow":"follow","max-snippet":"max-snippet:-1","max-image-preview":"max-image-preview:large","max-video-preview":"max-video-preview:-1"},"canonical":"https:\/\/www.movacolor.com\/vi\/vat-lieu\/masterbatch\/","og_locale":"vi_VN","og_type":"article","og_title":"Masterbatch - Movacolor","og_description":"Kh\u00e1m ph\u00e1 c\u00e1c Gi\u1ea3i ph\u00e1p \u0111\u1ecbnh l\u01b0\u1ee3ng v\u00e0 pha tr\u1ed9n theo m\u00f4-\u0111un c\u1ee7a ch\u00fang t\u00f4i d\u00e0nh cho qu\u00e1 tr\u00ecnh s\u1ea3n xu\u1ea5t h\u1ea1t nh\u1ef1a c\u1ee7a b\u1ea1n. B\u1ea5t k\u1ec3 ng\u00e0nh ngh\u1ec1 c\u1ee7a b\u1ea1n l\u00e0 g\u00ec, ch\u00fang t\u00f4i \u0111\u1ec1u c\u00f3 \u0111\u01a1n v\u1ecb ph\u00f9 h\u1ee3p v\u1edbi quy tr\u00ecnh s\u1ea3n xu\u1ea5t c\u1ee7a b\u1ea1n.","og_url":"https:\/\/www.movacolor.com\/vi\/vat-lieu\/masterbatch\/","og_site_name":"Movacolor","twitter_card":"summary_large_image","twitter_misc":{"Est. reading time":"2 minutes"},"schema":{"@context":"https:\/\/schema.org","@graph":[{"@type":"WebPage","@id":"https:\/\/www.movacolor.com\/vi\/vat-lieu\/masterbatch\/","url":"https:\/\/www.movacolor.com\/vi\/vat-lieu\/masterbatch\/","name":"Masterbatch - Movacolor","isPartOf":{"@id":"https:\/\/www.movacolor.com\/vi\/#website"},"datePublished":"2023-01-03T10:37:09+00:00","description":"Kh\u00e1m ph\u00e1 c\u00e1c Gi\u1ea3i ph\u00e1p \u0111\u1ecbnh l\u01b0\u1ee3ng v\u00e0 pha tr\u1ed9n theo m\u00f4-\u0111un c\u1ee7a ch\u00fang t\u00f4i d\u00e0nh cho qu\u00e1 tr\u00ecnh s\u1ea3n xu\u1ea5t h\u1ea1t nh\u1ef1a c\u1ee7a b\u1ea1n. B\u1ea5t k\u1ec3 ng\u00e0nh ngh\u1ec1 c\u1ee7a b\u1ea1n l\u00e0 g\u00ec, ch\u00fang t\u00f4i \u0111\u1ec1u c\u00f3 \u0111\u01a1n v\u1ecb ph\u00f9 h\u1ee3p v\u1edbi quy tr\u00ecnh s\u1ea3n xu\u1ea5t c\u1ee7a b\u1ea1n.","breadcrumb":{"@id":"https:\/\/www.movacolor.com\/vi\/vat-lieu\/masterbatch\/#breadcrumb"},"inLanguage":"vi-VN","potentialAction":[{"@type":"ReadAction","target":["https:\/\/www.movacolor.com\/vi\/vat-lieu\/masterbatch\/"]}]},{"@type":"BreadcrumbList","@id":"https:\/\/www.movacolor.com\/vi\/vat-lieu\/masterbatch\/#breadcrumb","itemListElement":[{"@type":"ListItem","position":1,"name":"Home","item":"https:\/\/www.movacolor.com\/vi\/"},{"@type":"ListItem","position":2,"name":"Masterbatch"}]},{"@type":"WebSite","@id":"https:\/\/www.movacolor.com\/vi\/#website","url":"https:\/\/www.movacolor.com\/vi\/","name":"Movacolor","description":"modular dosing solutions","potentialAction":[{"@type":"SearchAction","target":{"@type":"EntryPoint","urlTemplate":"https:\/\/www.movacolor.com\/vi\/?s={search_term_string}"},"query-input":{"@type":"PropertyValueSpecification","valueRequired":true,"valueName":"search_term_string"}}],"inLanguage":"vi-VN"}]}},"_links":{"self":[{"href":"https:\/\/www.movacolor.com\/vi\/wp-json\/wp\/v2\/pages\/14476","targetHints":{"allow":["GET"]}}],"collection":[{"href":"https:\/\/www.movacolor.com\/vi\/wp-json\/wp\/v2\/pages"}],"about":[{"href":"https:\/\/www.movacolor.com\/vi\/wp-json\/wp\/v2\/types\/page"}],"author":[{"embeddable":true,"href":"https:\/\/www.movacolor.com\/vi\/wp-json\/wp\/v2\/users\/2"}],"replies":[{"embeddable":true,"href":"https:\/\/www.movacolor.com\/vi\/wp-json\/wp\/v2\/comments?post=14476"}],"version-history":[{"count":0,"href":"https:\/\/www.movacolor.com\/vi\/wp-json\/wp\/v2\/pages\/14476\/revisions"}],"up":[{"embeddable":true,"href":"https:\/\/www.movacolor.com\/vi\/wp-json\/wp\/v2\/pages\/14486"}],"wp:attachment":[{"href":"https:\/\/www.movacolor.com\/vi\/wp-json\/wp\/v2\/media?parent=14476"}],"curies":[{"name":"wp","href":"https:\/\/api.w.org\/{rel}","templated":true}]}}