{"id":14472,"date":"2023-01-03T12:28:31","date_gmt":"2023-01-03T10:28:31","guid":{"rendered":"https:\/\/www.movacolor.com\/cong-nghe\/"},"modified":"2024-01-19T21:13:55","modified_gmt":"2024-01-19T19:13:55","slug":"cong-nghe","status":"publish","type":"page","link":"https:\/\/www.movacolor.com\/vi\/cong-nghe\/","title":{"rendered":"C\u00f4ng ngh\u1ec7"},"content":{"rendered":"<section class=\"l-section wpb_row height_medium\"><div class=\"l-section-h i-cf\"><div class=\"g-cols vc_row via_flex valign_top type_default stacking_default\"><div class=\"vc_col-sm-12 wpb_column vc_column_container\"><div class=\"vc_column-inner\"><div class=\"wpb_wrapper\"><div class=\"wpb_text_column\"><div class=\"wpb_wrapper\"><h1>C\u00f4ng ngh\u1ec7<\/h1>\n<\/div><\/div><\/div><\/div><\/div><\/div><\/div><\/section><section class=\"l-section wpb_row us_custom_645e9f38 us_animate_this height_auto\"><div class=\"l-section-h i-cf\"><div class=\"g-cols vc_row via_flex valign_top type_boxes stacking_default\"><div class=\"vc_col-sm-12 wpb_column vc_column_container\"><div class=\"vc_column-inner us_custom_3d831995\"><div class=\"wpb_wrapper\"><div class=\"wpb_text_column\"><div class=\"wpb_wrapper\"><h2>T\u00ecm c\u00f4ng ngh\u1ec7 \u0111\u1ec3 \u0111\u1ea1t \u0111\u01b0\u1ee3c s\u1ef1 c\u00e2n b\u1eb1ng l\u00fd t\u01b0\u1edfng gi\u1eefa chi ph\u00ed, t\u00ednh b\u1ec1n v\u1eefng v\u00e0 \u0111\u1ed9 ch\u00ednh x\u00e1c.<\/h2>\n<p>Y\u1ebfu t\u1ed1 n\u00e0o l\u00e0 quan tr\u1ecdng nh\u1ea5t v\u00e0 b\u1ea1n th\u00edch d\u00f9ng li\u1ec1u l\u01b0\u1ee3ng nh\u01b0 th\u1ebf n\u00e0o? Ch\u00fang t\u00f4i r\u1ea5t vui \u0111\u01b0\u1ee3c t\u01b0 v\u1ea5n v\u1edbi b\u1ea1n v\u00e0 cung c\u1ea5p b\u1ea5t k\u1ef3 k\u1ef9 thu\u1eadt n\u00e0o b\u1ea1n y\u00eau c\u1ea7u \u0111\u1ec3 t\u00ecm ra k\u1ef9 thu\u1eadt ph\u00f9 h\u1ee3p nh\u1ea5t v\u1edbi b\u1ea1n v\u00e0 quy tr\u00ecnh s\u1ea3n xu\u1ea5t c\u1ee7a b\u1ea1n.<\/p>\n<p>B\u1ea5t k\u1ec3 ng\u00e0nh ngh\u1ec1 ho\u1eb7c \u1ee9ng d\u1ee5ng c\u1ee7a b\u1ea1n l\u00e0 g\u00ec, ch\u00fang t\u00f4i \u0111\u1ec1u c\u00f3 th\u1ec3 cung c\u1ea5p cho b\u1ea1n c\u00f4ng ngh\u1ec7 ph\u00f9 h\u1ee3p \u0111\u1ec3 \u0111\u1ea1t \u0111\u01b0\u1ee3c m\u1ee5c ti\u00eau kinh doanh c\u1ee7a b\u1ea1n.<\/p>\n<\/div><\/div><\/div><\/div><\/div><\/div><\/div><\/section><section class=\"l-section wpb_row us_custom_b0c8f7d6 height_auto\"><div class=\"l-section-h i-cf\"><div class=\"g-cols vc_row via_flex valign_top type_default stacking_default\"><div class=\"vc_col-sm-12 wpb_column vc_column_container\"><div class=\"vc_column-inner us_custom_f44b38f2\"><div class=\"wpb_wrapper\"><div class=\"w-post-elm post_image us_custom_6eef1e9e us_animate_this stretched\"><img loading=\"lazy\" decoding=\"async\" width=\"1500\" height=\"800\" src=\"https:\/\/www.movacolor.com\/wp-content\/uploads\/2023\/01\/mvc_technology-1500x800.jpg\" class=\"attachment-us_1500_800_crop size-us_1500_800_crop wp-post-image\" alt=\"\" \/><\/div><\/div><\/div><\/div><\/div><\/div><\/section><section class=\"l-section wpb_row height_medium\"><div class=\"l-section-h i-cf\"><div class=\"g-cols vc_row via_flex valign_top type_boxes stacking_default\"><div class=\"vc_col-sm-12 wpb_column vc_column_container\"><div class=\"vc_column-inner us_custom_5548ed63\"><div class=\"wpb_wrapper\"><div class=\"wpb_text_column us_custom_60e9caca us_animate_this\"><div class=\"wpb_wrapper\"><h1>C\u00f4ng ngh\u1ec7<\/h1>\n<\/div><\/div><div class=\"w-grid us_grid us_custom_e177aafb us_animate_this type_grid layout_1428 cols_3 preload_style_spinner\" id=\"us_grid_1\" style=\"--columns:3;--gap:0.5rem;\"><style>@media (max-width:1024px){#us_grid_1{--columns:2!important}}@media (max-width:768px){#us_grid_1{--columns:1!important}}.layout_1428 .w-grid-item-h{background:var(--color-content-bg-alt);box-shadow:0 0.08rem 0.15rem rgba(0,0,0,0.1),0 0.25rem 0.75rem rgba(0,0,0,0.1);transition-duration:0.3s}.no-touch .layout_1428 .w-grid-item-h:hover{box-shadow:0 0.03rem 0.06rem rgba(0,0,0,0.1),0 0.1rem 0.3rem rgba(0,0,0,0.15);z-index:4}.layout_1428 .usg_vwrapper_1{height:25vh!important;padding:1.5rem!important}.layout_1428 .usg_btn_1{position:absolute!important;left:1.5rem!important;bottom:1.5rem!important}.layout_1428 .usg_post_custom_field_1{width:3rem!important}@media (min-width:1025px) and (max-width:1280px){.layout_1428 .usg_vwrapper_1{height:15rem!important}}@media (min-width:769px) and (max-width:1024px){.layout_1428 .usg_vwrapper_1{height:15rem!important}}@media (max-width:768px){.layout_1428 .usg_vwrapper_1{height:15rem!important}}<\/style><div class=\"w-grid-list\">\t<article class=\"w-grid-item size_1x1 post-14485 page type-page status-publish has-post-thumbnail hentry us_portfolio_tag-trong-luc\" data-id=\"14485\">\r\n\t\t<div class=\"w-grid-item-h\">\r\n\t\t\t\t\t\t<div class=\"w-vwrapper usg_vwrapper_1 align_left valign_top\"><div class=\"w-post-elm post_custom_field usg_post_custom_field_1 type_image page_icon color_link_inherit\"><img loading=\"lazy\" decoding=\"async\" width=\"1024\" height=\"1024\" src=\"https:\/\/www.movacolor.com\/wp-content\/uploads\/2023\/01\/tech-gravimetric.svg\" class=\"attachment-large size-large\" alt=\"gravimetric\" \/><\/div><h5 class=\"w-post-elm post_title usg_post_title_1 entry-title color_link_inherit\"><a href=\"https:\/\/www.movacolor.com\/vi\/cong-nghe\/trong-luc\/\">tr\u1ecdng l\u1ef1c<\/a><\/h5><a class=\"w-btn us-btn-style_5 usg_btn_1\" href=\"https:\/\/www.movacolor.com\/vi\/cong-nghe\/trong-luc\/\"><span class=\"w-btn-label\">Th\u00eam th\u00f4ng tin<\/span><\/a><\/div>\t\t<\/div>\r\n\t\t\t<\/article>\r\n\t<article class=\"w-grid-item size_1x1 post-14483 page type-page status-publish has-post-thumbnail hentry us_portfolio_tag-the-tich\" data-id=\"14483\">\r\n\t\t<div class=\"w-grid-item-h\">\r\n\t\t\t\t\t\t<div class=\"w-vwrapper usg_vwrapper_1 align_left valign_top\"><div class=\"w-post-elm post_custom_field usg_post_custom_field_1 type_image page_icon color_link_inherit\"><img loading=\"lazy\" decoding=\"async\" width=\"1024\" height=\"1024\" src=\"https:\/\/www.movacolor.com\/wp-content\/uploads\/2023\/01\/tech-volumetric.svg\" class=\"attachment-large size-large\" alt=\"volumetric\" \/><\/div><h5 class=\"w-post-elm post_title usg_post_title_1 entry-title color_link_inherit\"><a href=\"https:\/\/www.movacolor.com\/vi\/cong-nghe\/khoi-luong\/\">th\u1ec3 t\u00edch<\/a><\/h5><a class=\"w-btn us-btn-style_5 usg_btn_1\" href=\"https:\/\/www.movacolor.com\/vi\/cong-nghe\/khoi-luong\/\"><span class=\"w-btn-label\">Th\u00eam th\u00f4ng tin<\/span><\/a><\/div>\t\t<\/div>\r\n\t\t\t<\/article>\r\n\t<article class=\"w-grid-item size_1x1 post-14464 page type-page status-publish has-post-thumbnail hentry us_portfolio_tag-do-thi-luc\" data-id=\"14464\">\r\n\t\t<div class=\"w-grid-item-h\">\r\n\t\t\t\t\t\t<div class=\"w-vwrapper usg_vwrapper_1 align_left valign_top\"><div class=\"w-post-elm post_custom_field usg_post_custom_field_1 type_image page_icon color_link_inherit\"><img loading=\"lazy\" decoding=\"async\" width=\"1024\" height=\"1024\" src=\"https:\/\/www.movacolor.com\/wp-content\/uploads\/2023\/01\/tech-optometric.svg\" class=\"attachment-large size-large\" alt=\"optometric\" \/><\/div><h5 class=\"w-post-elm post_title usg_post_title_1 entry-title color_link_inherit\"><a href=\"https:\/\/www.movacolor.com\/vi\/cong-nghe\/quang-hoc\/\">\u0111o th\u1ecb l\u1ef1c<\/a><\/h5><a class=\"w-btn us-btn-style_5 usg_btn_1\" href=\"https:\/\/www.movacolor.com\/vi\/cong-nghe\/quang-hoc\/\"><span class=\"w-btn-label\">Th\u00eam th\u00f4ng tin<\/span><\/a><\/div>\t\t<\/div>\r\n\t\t\t<\/article>\r\n<\/div>\t<div class=\"w-grid-preloader\">\r\n\t\t<div class=\"g-preloader type_1\">\r\n\t\t\t<div><\/div>\r\n\t\t<\/div>\r\n\t<\/div>\r\n\t\t<div class=\"w-grid-json hidden\" onclick='return {&quot;action&quot;:&quot;us_ajax_grid&quot;,&quot;infinite_scroll&quot;:0,&quot;max_num_pages&quot;:1,&quot;pagination&quot;:&quot;none&quot;,&quot;template_vars&quot;:{&quot;columns&quot;:&quot;3&quot;,&quot;exclude_items&quot;:&quot;none&quot;,&quot;img_size&quot;:&quot;default&quot;,&quot;ignore_items_size&quot;:0,&quot;items_layout&quot;:&quot;1428&quot;,&quot;items_offset&quot;:&quot;1&quot;,&quot;load_animation&quot;:&quot;none&quot;,&quot;overriding_link&quot;:&quot;{\\&quot;url\\&quot;:\\&quot;\\&quot;}&quot;,&quot;post_id&quot;:0,&quot;query_args&quot;:{&quot;ignore_sticky_posts&quot;:1,&quot;post_type&quot;:&quot;any&quot;,&quot;post__in&quot;:[&quot;91&quot;,&quot;113&quot;,&quot;116&quot;],&quot;posts_per_page&quot;:&quot;999&quot;},&quot;orderby_query_args&quot;:{&quot;orderby&quot;:{&quot;post__in&quot;:&quot;ASC&quot;},&quot;order&quot;:&quot;ASC&quot;},&quot;type&quot;:&quot;grid&quot;,&quot;us_grid_post_type&quot;:&quot;ids&quot;,&quot;us_grid_ajax_index&quot;:1,&quot;us_grid_filter_query_string&quot;:null,&quot;us_grid_index&quot;:1,&quot;page_args&quot;:[],&quot;lang&quot;:&quot;vi&quot;}}'><\/div>\r\n\t<\/div><\/div><\/div><\/div><\/div><\/div><\/section><section class=\"l-section wpb_row us_custom_c70c97eb height_medium\"><div class=\"l-section-h i-cf\"><div class=\"g-cols vc_row via_flex valign_top type_boxes stacking_default\"><div class=\"vc_col-sm-12 wpb_column vc_column_container\"><div class=\"vc_column-inner us_custom_5548ed63\"><div class=\"wpb_wrapper\"><section class=\"l-section wpb_row height_auto width_full\"><div class=\"l-section-h i-cf\"><div class=\"g-cols vc_row via_flex valign_top type_default stacking_default\"><div class=\"vc_col-sm-12 wpb_column vc_column_container\"><div class=\"vc_column-inner us_custom_5548ed63\"><div class=\"wpb_wrapper\"><div class=\"wpb_text_column us_custom_60e9caca us_animate_this\"><div class=\"wpb_wrapper\"><h2 class=\"p1\">B\u1ea1n mu\u1ed1n bi\u1ebft th\u00eam? Li\u00ean h\u1ec7 ch\u00fang t\u00f4i.<\/h2>\n<\/div><\/div><div class=\"g-cols wpb_row us_custom_e177aafb shadow-banner us_animate_this via_flex valign_top type_boxes stacking_default\" style=\"--additional-gap:0.5rem;\"><div class=\"vc_col-sm-6 wpb_column vc_column_container  has_bg_color\"><div class=\"vc_column-inner us_custom_d96e306f us_animate_this\"><div class=\"wpb_wrapper\"><div class=\"wpb_text_column\"><div class=\"wpb_wrapper\"><h4>Li\u00ean h\u1ec7<\/h4>\n<p>Is your question not listed here? Please feel free to contact us.<\/p>\n<\/div><\/div><div class=\"w-separator size_custom\" style=\"height:5rem\"><\/div><div class=\"w-btn-wrapper align_none\"><a class=\"w-btn us-btn-style_5 us_custom_f1b98e29 icon_atleft\" title=\"Li\u00ean h\u1ec7\" href=\"\/service\/contact\/\"><i class=\"far fa-phone\"><\/i><span class=\"w-btn-label\">To contact<\/span><\/a><\/div><\/div><\/div><\/div><div class=\"vc_col-sm-6 wpb_column vc_column_container  has_bg_color\"><div class=\"vc_column-inner us_custom_82d545e0 us_animate_this\"><div class=\"wpb_wrapper\"><div class=\"wpb_text_column\"><div class=\"wpb_wrapper\"><h4>T\u00ecm nh\u00e0 ph\u00e2n ph\u1ed1i<\/h4>\n<p>You can chat with us via the chatbot. We are available to you on weekdays from 7 a.m. to 4:30 p.m.<\/p>\n<\/div><\/div><div class=\"w-separator size_custom\" style=\"height:5rem\"><\/div><div class=\"w-btn-wrapper align_none\"><a class=\"w-btn us-btn-style_5 us_custom_f1b98e29\" href=\"https:\/\/wa.me\/+31615311281?text=I have a question about:\"><span class=\"w-btn-label\">Start conversation<\/span><\/a><\/div><\/div><\/div><\/div><\/div><\/div><\/div><\/div><\/div><\/div><\/section>\n<\/div><\/div><\/div><\/div><\/div><\/section>\n","protected":false},"excerpt":{"rendered":"\u0110o th\u1ecb l\u1ef1c,\u00a0l\u1ea7n \u0111\u1ea7u ti\u00ean \u0111\u01b0\u1ee3c\u00a0gi\u1edbi thi\u1ec7u\u00a0b\u1edfi\u00a0Movacolor\u00a0v\u00e0o\u00a0n\u0103m\u00a02016, l\u00e0 m\u1ed9t ph\u01b0\u01a1ng ph\u00e1p\u00a0hi\u1ec7n \u0111\u1ea1i\u00a0\u0111\u1ec3\u00a0\u0111o\u00a0v\u00e0\u00a0ph\u00e2n ph\u1ed1i\u00a0v\u1eadt li\u1ec7u nh\u1ef1a\u00a0s\u1eed d\u1ee5ng\u00a0c\u00f4ng ngh\u1ec7 laser\u00a0ch\u00ednh x\u00e1c. K\u1ef9 thu\u1eadt\u00a0n\u00e0y\u00a0\u0111\u01b0\u1ee3c\u00a0s\u1eed d\u1ee5ng\u00a0ph\u1ed5 bi\u1ebfn\u00a0trong c\u00e1c \u1ee9ng d\u1ee5ng s\u1ea3n xu\u1ea5t nh\u1ef1a\u00a0c\u00f3 \u0111\u1ed9 ch\u00ednh x\u00e1c cao\u00a0nh\u01b0\u00a0ch\u0103m s\u00f3c s\u1ee9c kh\u1ecfe\u00a0v\u00e0\u00a0\u00f4 t\u00f4. \u0110o th\u1ecb l\u1ef1c\u00a0\u0111\u1ecbnh l\u01b0\u1ee3ng\u00a0bao g\u1ed3m\u00a0m\u1ed9t\u00a0\u0111\u0129a \u0111\u1ecbnh l\u01b0\u1ee3ng\u00a0v\u00e0\u00a0m\u1ed9t c\u1ea3m bi\u1ebfn quang h\u1ecdc\u00a0\u0111\u1ec3\u00a0\u0111\u1ebfm\u00a0c\u00e1c h\u1ea1t nh\u1ef1a\u00a0ri\u00eang l\u1ebb,\u00a0\u0111\u1ea3m b\u1ea3o\u00a0t\u1ef7 l\u1ec7\u00a0\u0111\u1ed9 ch\u00ednh x\u00e1c\u00a0\u0111\u00e1ng...","protected":false},"author":2,"featured_media":14473,"parent":0,"menu_order":0,"comment_status":"closed","ping_status":"closed","template":"","meta":{"_acf_changed":false,"footnotes":""},"class_list":["post-14472","page","type-page","status-publish","has-post-thumbnail","hentry"],"acf":[],"yoast_head":"<!-- This site is optimized with the Yoast SEO plugin v26.4 - https:\/\/yoast.com\/wordpress\/plugins\/seo\/ -->\n<title>C\u00f4ng ngh\u1ec7 - Movacolor<\/title>\n<meta name=\"description\" content=\"T\u00ecm c\u00f4ng ngh\u1ec7 \u0111\u1ec3 \u0111\u1ea1t \u0111\u01b0\u1ee3c s\u1ef1 c\u00e2n b\u1eb1ng l\u00fd t\u01b0\u1edfng gi\u1eefa chi ph\u00ed, t\u00ednh b\u1ec1n v\u1eefng v\u00e0 \u0111\u1ed9 ch\u00ednh x\u00e1c v\u1edbi kh\u00e1i ni\u1ec7m Pha tr\u1ed9n v\u00e0 \u0110\u1ecbnh l\u01b0\u1ee3ng theo M\u00f4-\u0111un c\u1ee7a ch\u00fang t\u00f4i.\" \/>\n<meta name=\"robots\" content=\"index, follow, max-snippet:-1, max-image-preview:large, max-video-preview:-1\" \/>\n<link rel=\"canonical\" href=\"https:\/\/www.movacolor.com\/vi\/cong-nghe\/\" \/>\n<meta property=\"og:locale\" content=\"vi_VN\" \/>\n<meta property=\"og:type\" content=\"article\" \/>\n<meta property=\"og:title\" content=\"C\u00f4ng ngh\u1ec7 - Movacolor\" \/>\n<meta property=\"og:description\" content=\"T\u00ecm c\u00f4ng ngh\u1ec7 \u0111\u1ec3 \u0111\u1ea1t \u0111\u01b0\u1ee3c s\u1ef1 c\u00e2n b\u1eb1ng l\u00fd t\u01b0\u1edfng gi\u1eefa chi ph\u00ed, t\u00ednh b\u1ec1n v\u1eefng v\u00e0 \u0111\u1ed9 ch\u00ednh x\u00e1c v\u1edbi kh\u00e1i ni\u1ec7m Pha tr\u1ed9n v\u00e0 \u0110\u1ecbnh l\u01b0\u1ee3ng theo M\u00f4-\u0111un c\u1ee7a ch\u00fang t\u00f4i.\" \/>\n<meta property=\"og:url\" content=\"https:\/\/www.movacolor.com\/vi\/cong-nghe\/\" \/>\n<meta property=\"og:site_name\" content=\"Movacolor\" \/>\n<meta property=\"article:modified_time\" content=\"2024-01-19T19:13:55+00:00\" \/>\n<meta property=\"og:image\" content=\"https:\/\/www.movacolor.com\/wp-content\/uploads\/2023\/01\/mvc_technology.jpg\" \/>\n\t<meta property=\"og:image:width\" content=\"1920\" \/>\n\t<meta property=\"og:image:height\" content=\"1280\" \/>\n\t<meta property=\"og:image:type\" content=\"image\/jpeg\" \/>\n<meta name=\"twitter:card\" content=\"summary_large_image\" \/>\n<meta name=\"twitter:label1\" content=\"Est. reading time\" \/>\n\t<meta name=\"twitter:data1\" content=\"2 minutes\" \/>\n<script type=\"application\/ld+json\" class=\"yoast-schema-graph\">{\"@context\":\"https:\/\/schema.org\",\"@graph\":[{\"@type\":\"WebPage\",\"@id\":\"https:\/\/www.movacolor.com\/vi\/cong-nghe\/\",\"url\":\"https:\/\/www.movacolor.com\/vi\/cong-nghe\/\",\"name\":\"C\u00f4ng ngh\u1ec7 - Movacolor\",\"isPartOf\":{\"@id\":\"https:\/\/www.movacolor.com\/vi\/#website\"},\"primaryImageOfPage\":{\"@id\":\"https:\/\/www.movacolor.com\/vi\/cong-nghe\/#primaryimage\"},\"image\":{\"@id\":\"https:\/\/www.movacolor.com\/vi\/cong-nghe\/#primaryimage\"},\"thumbnailUrl\":\"https:\/\/www.movacolor.com\/wp-content\/uploads\/2023\/01\/mvc_technology.jpg\",\"datePublished\":\"2023-01-03T10:28:31+00:00\",\"dateModified\":\"2024-01-19T19:13:55+00:00\",\"description\":\"T\u00ecm c\u00f4ng ngh\u1ec7 \u0111\u1ec3 \u0111\u1ea1t \u0111\u01b0\u1ee3c s\u1ef1 c\u00e2n b\u1eb1ng l\u00fd t\u01b0\u1edfng gi\u1eefa chi ph\u00ed, t\u00ednh b\u1ec1n v\u1eefng v\u00e0 \u0111\u1ed9 ch\u00ednh x\u00e1c v\u1edbi kh\u00e1i ni\u1ec7m Pha tr\u1ed9n v\u00e0 \u0110\u1ecbnh l\u01b0\u1ee3ng theo M\u00f4-\u0111un c\u1ee7a ch\u00fang t\u00f4i.\",\"breadcrumb\":{\"@id\":\"https:\/\/www.movacolor.com\/vi\/cong-nghe\/#breadcrumb\"},\"inLanguage\":\"vi-VN\",\"potentialAction\":[{\"@type\":\"ReadAction\",\"target\":[\"https:\/\/www.movacolor.com\/vi\/cong-nghe\/\"]}]},{\"@type\":\"ImageObject\",\"inLanguage\":\"vi-VN\",\"@id\":\"https:\/\/www.movacolor.com\/vi\/cong-nghe\/#primaryimage\",\"url\":\"https:\/\/www.movacolor.com\/wp-content\/uploads\/2023\/01\/mvc_technology.jpg\",\"contentUrl\":\"https:\/\/www.movacolor.com\/wp-content\/uploads\/2023\/01\/mvc_technology.jpg\",\"width\":1920,\"height\":1280},{\"@type\":\"BreadcrumbList\",\"@id\":\"https:\/\/www.movacolor.com\/vi\/cong-nghe\/#breadcrumb\",\"itemListElement\":[{\"@type\":\"ListItem\",\"position\":1,\"name\":\"Home\",\"item\":\"https:\/\/www.movacolor.com\/vi\/\"},{\"@type\":\"ListItem\",\"position\":2,\"name\":\"C\u00f4ng ngh\u1ec7\"}]},{\"@type\":\"WebSite\",\"@id\":\"https:\/\/www.movacolor.com\/vi\/#website\",\"url\":\"https:\/\/www.movacolor.com\/vi\/\",\"name\":\"Movacolor\",\"description\":\"modular dosing solutions\",\"potentialAction\":[{\"@type\":\"SearchAction\",\"target\":{\"@type\":\"EntryPoint\",\"urlTemplate\":\"https:\/\/www.movacolor.com\/vi\/?s={search_term_string}\"},\"query-input\":{\"@type\":\"PropertyValueSpecification\",\"valueRequired\":true,\"valueName\":\"search_term_string\"}}],\"inLanguage\":\"vi-VN\"}]}<\/script>\n<!-- \/ Yoast SEO plugin. -->","yoast_head_json":{"title":"C\u00f4ng ngh\u1ec7 - Movacolor","description":"T\u00ecm c\u00f4ng ngh\u1ec7 \u0111\u1ec3 \u0111\u1ea1t \u0111\u01b0\u1ee3c s\u1ef1 c\u00e2n b\u1eb1ng l\u00fd t\u01b0\u1edfng gi\u1eefa chi ph\u00ed, t\u00ednh b\u1ec1n v\u1eefng v\u00e0 \u0111\u1ed9 ch\u00ednh x\u00e1c v\u1edbi kh\u00e1i ni\u1ec7m Pha tr\u1ed9n v\u00e0 \u0110\u1ecbnh l\u01b0\u1ee3ng theo M\u00f4-\u0111un c\u1ee7a ch\u00fang t\u00f4i.","robots":{"index":"index","follow":"follow","max-snippet":"max-snippet:-1","max-image-preview":"max-image-preview:large","max-video-preview":"max-video-preview:-1"},"canonical":"https:\/\/www.movacolor.com\/vi\/cong-nghe\/","og_locale":"vi_VN","og_type":"article","og_title":"C\u00f4ng ngh\u1ec7 - Movacolor","og_description":"T\u00ecm c\u00f4ng ngh\u1ec7 \u0111\u1ec3 \u0111\u1ea1t \u0111\u01b0\u1ee3c s\u1ef1 c\u00e2n b\u1eb1ng l\u00fd t\u01b0\u1edfng gi\u1eefa chi ph\u00ed, t\u00ednh b\u1ec1n v\u1eefng v\u00e0 \u0111\u1ed9 ch\u00ednh x\u00e1c v\u1edbi kh\u00e1i ni\u1ec7m Pha tr\u1ed9n v\u00e0 \u0110\u1ecbnh l\u01b0\u1ee3ng theo M\u00f4-\u0111un c\u1ee7a ch\u00fang t\u00f4i.","og_url":"https:\/\/www.movacolor.com\/vi\/cong-nghe\/","og_site_name":"Movacolor","article_modified_time":"2024-01-19T19:13:55+00:00","og_image":[{"width":1920,"height":1280,"url":"https:\/\/www.movacolor.com\/wp-content\/uploads\/2023\/01\/mvc_technology.jpg","type":"image\/jpeg"}],"twitter_card":"summary_large_image","twitter_misc":{"Est. reading time":"2 minutes"},"schema":{"@context":"https:\/\/schema.org","@graph":[{"@type":"WebPage","@id":"https:\/\/www.movacolor.com\/vi\/cong-nghe\/","url":"https:\/\/www.movacolor.com\/vi\/cong-nghe\/","name":"C\u00f4ng ngh\u1ec7 - Movacolor","isPartOf":{"@id":"https:\/\/www.movacolor.com\/vi\/#website"},"primaryImageOfPage":{"@id":"https:\/\/www.movacolor.com\/vi\/cong-nghe\/#primaryimage"},"image":{"@id":"https:\/\/www.movacolor.com\/vi\/cong-nghe\/#primaryimage"},"thumbnailUrl":"https:\/\/www.movacolor.com\/wp-content\/uploads\/2023\/01\/mvc_technology.jpg","datePublished":"2023-01-03T10:28:31+00:00","dateModified":"2024-01-19T19:13:55+00:00","description":"T\u00ecm c\u00f4ng ngh\u1ec7 \u0111\u1ec3 \u0111\u1ea1t \u0111\u01b0\u1ee3c s\u1ef1 c\u00e2n b\u1eb1ng l\u00fd t\u01b0\u1edfng gi\u1eefa chi ph\u00ed, t\u00ednh b\u1ec1n v\u1eefng v\u00e0 \u0111\u1ed9 ch\u00ednh x\u00e1c v\u1edbi kh\u00e1i ni\u1ec7m Pha tr\u1ed9n v\u00e0 \u0110\u1ecbnh l\u01b0\u1ee3ng theo M\u00f4-\u0111un c\u1ee7a ch\u00fang t\u00f4i.","breadcrumb":{"@id":"https:\/\/www.movacolor.com\/vi\/cong-nghe\/#breadcrumb"},"inLanguage":"vi-VN","potentialAction":[{"@type":"ReadAction","target":["https:\/\/www.movacolor.com\/vi\/cong-nghe\/"]}]},{"@type":"ImageObject","inLanguage":"vi-VN","@id":"https:\/\/www.movacolor.com\/vi\/cong-nghe\/#primaryimage","url":"https:\/\/www.movacolor.com\/wp-content\/uploads\/2023\/01\/mvc_technology.jpg","contentUrl":"https:\/\/www.movacolor.com\/wp-content\/uploads\/2023\/01\/mvc_technology.jpg","width":1920,"height":1280},{"@type":"BreadcrumbList","@id":"https:\/\/www.movacolor.com\/vi\/cong-nghe\/#breadcrumb","itemListElement":[{"@type":"ListItem","position":1,"name":"Home","item":"https:\/\/www.movacolor.com\/vi\/"},{"@type":"ListItem","position":2,"name":"C\u00f4ng ngh\u1ec7"}]},{"@type":"WebSite","@id":"https:\/\/www.movacolor.com\/vi\/#website","url":"https:\/\/www.movacolor.com\/vi\/","name":"Movacolor","description":"modular dosing solutions","potentialAction":[{"@type":"SearchAction","target":{"@type":"EntryPoint","urlTemplate":"https:\/\/www.movacolor.com\/vi\/?s={search_term_string}"},"query-input":{"@type":"PropertyValueSpecification","valueRequired":true,"valueName":"search_term_string"}}],"inLanguage":"vi-VN"}]}},"_links":{"self":[{"href":"https:\/\/www.movacolor.com\/vi\/wp-json\/wp\/v2\/pages\/14472","targetHints":{"allow":["GET"]}}],"collection":[{"href":"https:\/\/www.movacolor.com\/vi\/wp-json\/wp\/v2\/pages"}],"about":[{"href":"https:\/\/www.movacolor.com\/vi\/wp-json\/wp\/v2\/types\/page"}],"author":[{"embeddable":true,"href":"https:\/\/www.movacolor.com\/vi\/wp-json\/wp\/v2\/users\/2"}],"replies":[{"embeddable":true,"href":"https:\/\/www.movacolor.com\/vi\/wp-json\/wp\/v2\/comments?post=14472"}],"version-history":[{"count":2,"href":"https:\/\/www.movacolor.com\/vi\/wp-json\/wp\/v2\/pages\/14472\/revisions"}],"predecessor-version":[{"id":14475,"href":"https:\/\/www.movacolor.com\/vi\/wp-json\/wp\/v2\/pages\/14472\/revisions\/14475"}],"wp:featuredmedia":[{"embeddable":true,"href":"https:\/\/www.movacolor.com\/vi\/wp-json\/wp\/v2\/media\/14473"}],"wp:attachment":[{"href":"https:\/\/www.movacolor.com\/vi\/wp-json\/wp\/v2\/media?parent=14472"}],"curies":[{"name":"wp","href":"https:\/\/api.w.org\/{rel}","templated":true}]}}