{"id":14470,"date":"2023-01-03T12:38:44","date_gmt":"2023-01-03T10:38:44","guid":{"rendered":"https:\/\/www.movacolor.com\/nganh-cong-nghiep\/o-to\/"},"modified":"2023-01-03T12:38:44","modified_gmt":"2023-01-03T10:38:44","slug":"o-to","status":"publish","type":"page","link":"https:\/\/www.movacolor.com\/vi\/cong-nghiep\/o-to\/","title":{"rendered":"\u00f4 t\u00f4"},"content":{"rendered":"<p>B\u1ea1n c\u00f3 c\u1ea7n ch\u1ea5t l\u01b0\u1ee3ng m\u00e0u cao khi t\u00f4 m\u00e0u c\u00e1c s\u1ea3n ph\u1ea9m nh\u1ef1a \u00f4 t\u00f4 kh\u00f4ng? C\u00e1c h\u1ec7 th\u1ed1ng \u0111o tr\u1ecdng l\u01b0\u1ee3ng, \u0111o th\u1ecb l\u1ef1c v\u00e0 \u0111o th\u1ec3 t\u00edch Movacolor d\u00e0nh cho \u00e9p phun v\u00e0 \u00e9p \u0111\u00f9n l\u00e0 c\u00e2u tr\u1ea3 l\u1eddi. T\u1eeb c\u00e1c b\u1ed9 ph\u1eadn \u00f4 t\u00f4 l\u1edbn nh\u1ea5t \u0111\u1ebfn nh\u1ecf nh\u1ea5t, b\u1ea1n c\u1ea7n c\u00f3 s\u1ef1 \u0111\u1ea3m b\u1ea3o v\u1ec1 ch\u1ea5t l\u01b0\u1ee3ng cao nh\u1ea5t khi \u0111\u1ecbnh l\u01b0\u1ee3ng masterbatch, b\u1ed9t, nghi\u1ec1n l\u1ea1i ho\u1eb7c ch\u1ea5t t\u1ea1o m\u00e0u d\u1ea1ng l\u1ecfng.<\/p>\n","protected":false},"excerpt":{"rendered":"<p>B\u1ea1n c\u00f3 c\u1ea7n ch\u1ea5t l\u01b0\u1ee3ng m\u00e0u cao khi t\u00f4 m\u00e0u c\u00e1c s\u1ea3n ph\u1ea9m nh\u1ef1a \u00f4 t\u00f4 kh\u00f4ng? C\u00e1c h\u1ec7 th\u1ed1ng \u0111o tr\u1ecdng l\u01b0\u1ee3ng, \u0111o th\u1ecb l\u1ef1c v\u00e0 \u0111o th\u1ec3 t\u00edch Movacolor d\u00e0nh cho \u00e9p phun v\u00e0 \u00e9p \u0111\u00f9n l\u00e0 c\u00e2u tr\u1ea3 l\u1eddi. T\u1eeb c\u00e1c b\u1ed9 ph\u1eadn \u00f4 t\u00f4 l\u1edbn nh\u1ea5t \u0111\u1ebfn nh\u1ecf nh\u1ea5t, b\u1ea1n c\u1ea7n&#8230;<\/p>\n","protected":false},"author":2,"featured_media":14471,"parent":14445,"menu_order":0,"comment_status":"closed","ping_status":"closed","template":"","meta":{"_acf_changed":false,"footnotes":""},"class_list":["post-14470","page","type-page","status-publish","has-post-thumbnail","hentry","us_portfolio_tag-o-to"],"acf":[],"yoast_head":"<!-- This site is optimized with the Yoast SEO plugin v26.4 - https:\/\/yoast.com\/wordpress\/plugins\/seo\/ -->\n<title>\u00f4 t\u00f4 - Movacolor<\/title>\n<meta name=\"description\" content=\"B\u1ea1n c\u00f3 c\u1ea7n ch\u1ea5t l\u01b0\u1ee3ng m\u00e0u cao khi t\u00f4 m\u00e0u c\u00e1c s\u1ea3n ph\u1ea9m nh\u1ef1a \u00f4 t\u00f4 kh\u00f4ng? Kh\u00e1m ph\u00e1 c\u00e1c h\u1ec7 th\u1ed1ng \u0111\u1ecbnh l\u01b0\u1ee3ng tr\u1ecdng l\u01b0\u1ee3ng, quang h\u1ecdc v\u00e0 th\u1ec3 t\u00edch c\u1ee7a ch\u00fang t\u00f4i d\u00e0nh cho \u00e9p phun v\u00e0 \u00e9p \u0111\u00f9n.\" \/>\n<meta name=\"robots\" content=\"index, follow, max-snippet:-1, max-image-preview:large, max-video-preview:-1\" \/>\n<link rel=\"canonical\" href=\"https:\/\/www.movacolor.com\/vi\/cong-nghiep\/o-to\/\" \/>\n<meta property=\"og:locale\" content=\"vi_VN\" \/>\n<meta property=\"og:type\" content=\"article\" \/>\n<meta property=\"og:title\" content=\"\u00f4 t\u00f4 - Movacolor\" \/>\n<meta property=\"og:description\" content=\"B\u1ea1n c\u00f3 c\u1ea7n ch\u1ea5t l\u01b0\u1ee3ng m\u00e0u cao khi t\u00f4 m\u00e0u c\u00e1c s\u1ea3n ph\u1ea9m nh\u1ef1a \u00f4 t\u00f4 kh\u00f4ng? Kh\u00e1m ph\u00e1 c\u00e1c h\u1ec7 th\u1ed1ng \u0111\u1ecbnh l\u01b0\u1ee3ng tr\u1ecdng l\u01b0\u1ee3ng, quang h\u1ecdc v\u00e0 th\u1ec3 t\u00edch c\u1ee7a ch\u00fang t\u00f4i d\u00e0nh cho \u00e9p phun v\u00e0 \u00e9p \u0111\u00f9n.\" \/>\n<meta property=\"og:url\" content=\"https:\/\/www.movacolor.com\/vi\/cong-nghiep\/o-to\/\" \/>\n<meta property=\"og:site_name\" content=\"Movacolor\" \/>\n<meta property=\"og:image\" content=\"https:\/\/www.movacolor.com\/wp-content\/uploads\/2023\/03\/Automotive.jpg\" \/>\n\t<meta property=\"og:image:width\" content=\"600\" \/>\n\t<meta property=\"og:image:height\" content=\"400\" \/>\n\t<meta property=\"og:image:type\" content=\"image\/jpeg\" \/>\n<meta name=\"twitter:card\" content=\"summary_large_image\" \/>\n<meta name=\"twitter:label1\" content=\"Est. reading time\" \/>\n\t<meta name=\"twitter:data1\" content=\"1 minute\" \/>\n<script type=\"application\/ld+json\" class=\"yoast-schema-graph\">{\"@context\":\"https:\/\/schema.org\",\"@graph\":[{\"@type\":\"WebPage\",\"@id\":\"https:\/\/www.movacolor.com\/vi\/cong-nghiep\/o-to\/\",\"url\":\"https:\/\/www.movacolor.com\/vi\/cong-nghiep\/o-to\/\",\"name\":\"\u00f4 t\u00f4 - Movacolor\",\"isPartOf\":{\"@id\":\"https:\/\/www.movacolor.com\/vi\/#website\"},\"primaryImageOfPage\":{\"@id\":\"https:\/\/www.movacolor.com\/vi\/cong-nghiep\/o-to\/#primaryimage\"},\"image\":{\"@id\":\"https:\/\/www.movacolor.com\/vi\/cong-nghiep\/o-to\/#primaryimage\"},\"thumbnailUrl\":\"https:\/\/www.movacolor.com\/wp-content\/uploads\/2023\/03\/Automotive.jpg\",\"datePublished\":\"2023-01-03T10:38:44+00:00\",\"description\":\"B\u1ea1n c\u00f3 c\u1ea7n ch\u1ea5t l\u01b0\u1ee3ng m\u00e0u cao khi t\u00f4 m\u00e0u c\u00e1c s\u1ea3n ph\u1ea9m nh\u1ef1a \u00f4 t\u00f4 kh\u00f4ng? Kh\u00e1m ph\u00e1 c\u00e1c h\u1ec7 th\u1ed1ng \u0111\u1ecbnh l\u01b0\u1ee3ng tr\u1ecdng l\u01b0\u1ee3ng, quang h\u1ecdc v\u00e0 th\u1ec3 t\u00edch c\u1ee7a ch\u00fang t\u00f4i d\u00e0nh cho \u00e9p phun v\u00e0 \u00e9p \u0111\u00f9n.\",\"breadcrumb\":{\"@id\":\"https:\/\/www.movacolor.com\/vi\/cong-nghiep\/o-to\/#breadcrumb\"},\"inLanguage\":\"vi-VN\",\"potentialAction\":[{\"@type\":\"ReadAction\",\"target\":[\"https:\/\/www.movacolor.com\/vi\/cong-nghiep\/o-to\/\"]}]},{\"@type\":\"ImageObject\",\"inLanguage\":\"vi-VN\",\"@id\":\"https:\/\/www.movacolor.com\/vi\/cong-nghiep\/o-to\/#primaryimage\",\"url\":\"https:\/\/www.movacolor.com\/wp-content\/uploads\/2023\/03\/Automotive.jpg\",\"contentUrl\":\"https:\/\/www.movacolor.com\/wp-content\/uploads\/2023\/03\/Automotive.jpg\",\"width\":600,\"height\":400},{\"@type\":\"BreadcrumbList\",\"@id\":\"https:\/\/www.movacolor.com\/vi\/cong-nghiep\/o-to\/#breadcrumb\",\"itemListElement\":[{\"@type\":\"ListItem\",\"position\":1,\"name\":\"Home\",\"item\":\"https:\/\/www.movacolor.com\/vi\/\"},{\"@type\":\"ListItem\",\"position\":2,\"name\":\"Ng\u00e0nh c\u00f4ng nghi\u1ec7p\",\"item\":\"https:\/\/www.movacolor.com\/vi\/industry\/\"},{\"@type\":\"ListItem\",\"position\":3,\"name\":\"\u00f4 t\u00f4\"}]},{\"@type\":\"WebSite\",\"@id\":\"https:\/\/www.movacolor.com\/vi\/#website\",\"url\":\"https:\/\/www.movacolor.com\/vi\/\",\"name\":\"Movacolor\",\"description\":\"modular dosing solutions\",\"potentialAction\":[{\"@type\":\"SearchAction\",\"target\":{\"@type\":\"EntryPoint\",\"urlTemplate\":\"https:\/\/www.movacolor.com\/vi\/?s={search_term_string}\"},\"query-input\":{\"@type\":\"PropertyValueSpecification\",\"valueRequired\":true,\"valueName\":\"search_term_string\"}}],\"inLanguage\":\"vi-VN\"}]}<\/script>\n<!-- \/ Yoast SEO plugin. -->","yoast_head_json":{"title":"\u00f4 t\u00f4 - Movacolor","description":"B\u1ea1n c\u00f3 c\u1ea7n ch\u1ea5t l\u01b0\u1ee3ng m\u00e0u cao khi t\u00f4 m\u00e0u c\u00e1c s\u1ea3n ph\u1ea9m nh\u1ef1a \u00f4 t\u00f4 kh\u00f4ng? Kh\u00e1m ph\u00e1 c\u00e1c h\u1ec7 th\u1ed1ng \u0111\u1ecbnh l\u01b0\u1ee3ng tr\u1ecdng l\u01b0\u1ee3ng, quang h\u1ecdc v\u00e0 th\u1ec3 t\u00edch c\u1ee7a ch\u00fang t\u00f4i d\u00e0nh cho \u00e9p phun v\u00e0 \u00e9p \u0111\u00f9n.","robots":{"index":"index","follow":"follow","max-snippet":"max-snippet:-1","max-image-preview":"max-image-preview:large","max-video-preview":"max-video-preview:-1"},"canonical":"https:\/\/www.movacolor.com\/vi\/cong-nghiep\/o-to\/","og_locale":"vi_VN","og_type":"article","og_title":"\u00f4 t\u00f4 - Movacolor","og_description":"B\u1ea1n c\u00f3 c\u1ea7n ch\u1ea5t l\u01b0\u1ee3ng m\u00e0u cao khi t\u00f4 m\u00e0u c\u00e1c s\u1ea3n ph\u1ea9m nh\u1ef1a \u00f4 t\u00f4 kh\u00f4ng? Kh\u00e1m ph\u00e1 c\u00e1c h\u1ec7 th\u1ed1ng \u0111\u1ecbnh l\u01b0\u1ee3ng tr\u1ecdng l\u01b0\u1ee3ng, quang h\u1ecdc v\u00e0 th\u1ec3 t\u00edch c\u1ee7a ch\u00fang t\u00f4i d\u00e0nh cho \u00e9p phun v\u00e0 \u00e9p \u0111\u00f9n.","og_url":"https:\/\/www.movacolor.com\/vi\/cong-nghiep\/o-to\/","og_site_name":"Movacolor","og_image":[{"width":600,"height":400,"url":"https:\/\/www.movacolor.com\/wp-content\/uploads\/2023\/03\/Automotive.jpg","type":"image\/jpeg"}],"twitter_card":"summary_large_image","twitter_misc":{"Est. reading time":"1 minute"},"schema":{"@context":"https:\/\/schema.org","@graph":[{"@type":"WebPage","@id":"https:\/\/www.movacolor.com\/vi\/cong-nghiep\/o-to\/","url":"https:\/\/www.movacolor.com\/vi\/cong-nghiep\/o-to\/","name":"\u00f4 t\u00f4 - Movacolor","isPartOf":{"@id":"https:\/\/www.movacolor.com\/vi\/#website"},"primaryImageOfPage":{"@id":"https:\/\/www.movacolor.com\/vi\/cong-nghiep\/o-to\/#primaryimage"},"image":{"@id":"https:\/\/www.movacolor.com\/vi\/cong-nghiep\/o-to\/#primaryimage"},"thumbnailUrl":"https:\/\/www.movacolor.com\/wp-content\/uploads\/2023\/03\/Automotive.jpg","datePublished":"2023-01-03T10:38:44+00:00","description":"B\u1ea1n c\u00f3 c\u1ea7n ch\u1ea5t l\u01b0\u1ee3ng m\u00e0u cao khi t\u00f4 m\u00e0u c\u00e1c s\u1ea3n ph\u1ea9m nh\u1ef1a \u00f4 t\u00f4 kh\u00f4ng? Kh\u00e1m ph\u00e1 c\u00e1c h\u1ec7 th\u1ed1ng \u0111\u1ecbnh l\u01b0\u1ee3ng tr\u1ecdng l\u01b0\u1ee3ng, quang h\u1ecdc v\u00e0 th\u1ec3 t\u00edch c\u1ee7a ch\u00fang t\u00f4i d\u00e0nh cho \u00e9p phun v\u00e0 \u00e9p \u0111\u00f9n.","breadcrumb":{"@id":"https:\/\/www.movacolor.com\/vi\/cong-nghiep\/o-to\/#breadcrumb"},"inLanguage":"vi-VN","potentialAction":[{"@type":"ReadAction","target":["https:\/\/www.movacolor.com\/vi\/cong-nghiep\/o-to\/"]}]},{"@type":"ImageObject","inLanguage":"vi-VN","@id":"https:\/\/www.movacolor.com\/vi\/cong-nghiep\/o-to\/#primaryimage","url":"https:\/\/www.movacolor.com\/wp-content\/uploads\/2023\/03\/Automotive.jpg","contentUrl":"https:\/\/www.movacolor.com\/wp-content\/uploads\/2023\/03\/Automotive.jpg","width":600,"height":400},{"@type":"BreadcrumbList","@id":"https:\/\/www.movacolor.com\/vi\/cong-nghiep\/o-to\/#breadcrumb","itemListElement":[{"@type":"ListItem","position":1,"name":"Home","item":"https:\/\/www.movacolor.com\/vi\/"},{"@type":"ListItem","position":2,"name":"Ng\u00e0nh c\u00f4ng nghi\u1ec7p","item":"https:\/\/www.movacolor.com\/vi\/industry\/"},{"@type":"ListItem","position":3,"name":"\u00f4 t\u00f4"}]},{"@type":"WebSite","@id":"https:\/\/www.movacolor.com\/vi\/#website","url":"https:\/\/www.movacolor.com\/vi\/","name":"Movacolor","description":"modular dosing solutions","potentialAction":[{"@type":"SearchAction","target":{"@type":"EntryPoint","urlTemplate":"https:\/\/www.movacolor.com\/vi\/?s={search_term_string}"},"query-input":{"@type":"PropertyValueSpecification","valueRequired":true,"valueName":"search_term_string"}}],"inLanguage":"vi-VN"}]}},"_links":{"self":[{"href":"https:\/\/www.movacolor.com\/vi\/wp-json\/wp\/v2\/pages\/14470","targetHints":{"allow":["GET"]}}],"collection":[{"href":"https:\/\/www.movacolor.com\/vi\/wp-json\/wp\/v2\/pages"}],"about":[{"href":"https:\/\/www.movacolor.com\/vi\/wp-json\/wp\/v2\/types\/page"}],"author":[{"embeddable":true,"href":"https:\/\/www.movacolor.com\/vi\/wp-json\/wp\/v2\/users\/2"}],"replies":[{"embeddable":true,"href":"https:\/\/www.movacolor.com\/vi\/wp-json\/wp\/v2\/comments?post=14470"}],"version-history":[{"count":0,"href":"https:\/\/www.movacolor.com\/vi\/wp-json\/wp\/v2\/pages\/14470\/revisions"}],"up":[{"embeddable":true,"href":"https:\/\/www.movacolor.com\/vi\/wp-json\/wp\/v2\/pages\/14445"}],"wp:featuredmedia":[{"embeddable":true,"href":"https:\/\/www.movacolor.com\/vi\/wp-json\/wp\/v2\/media\/14471"}],"wp:attachment":[{"href":"https:\/\/www.movacolor.com\/vi\/wp-json\/wp\/v2\/media?parent=14470"}],"curies":[{"name":"wp","href":"https:\/\/api.w.org\/{rel}","templated":true}]}}