{"id":14464,"date":"2023-01-03T12:34:06","date_gmt":"2023-01-03T10:34:06","guid":{"rendered":"https:\/\/www.movacolor.com\/do-thi-luc\/"},"modified":"2023-01-03T12:34:06","modified_gmt":"2023-01-03T10:34:06","slug":"do-thi-luc","status":"publish","type":"page","link":"https:\/\/www.movacolor.com\/vi\/cong-nghe\/quang-hoc\/","title":{"rendered":"\u0111o th\u1ecb l\u1ef1c"},"content":{"rendered":"<p>\u0110o th\u1ecb l\u1ef1c,\u00a0l\u1ea7n \u0111\u1ea7u ti\u00ean \u0111\u01b0\u1ee3c\u00a0gi\u1edbi thi\u1ec7u\u00a0b\u1edfi\u00a0Movacolor\u00a0v\u00e0o\u00a0n\u0103m\u00a02016, l\u00e0 m\u1ed9t ph\u01b0\u01a1ng ph\u00e1p\u00a0hi\u1ec7n \u0111\u1ea1i\u00a0\u0111\u1ec3\u00a0\u0111o\u00a0v\u00e0\u00a0ph\u00e2n ph\u1ed1i\u00a0v\u1eadt li\u1ec7u nh\u1ef1a\u00a0s\u1eed d\u1ee5ng\u00a0c\u00f4ng ngh\u1ec7 laser\u00a0ch\u00ednh x\u00e1c. K\u1ef9 thu\u1eadt\u00a0n\u00e0y\u00a0\u0111\u01b0\u1ee3c\u00a0s\u1eed d\u1ee5ng\u00a0ph\u1ed5 bi\u1ebfn\u00a0trong c\u00e1c \u1ee9ng d\u1ee5ng s\u1ea3n xu\u1ea5t nh\u1ef1a\u00a0c\u00f3 \u0111\u1ed9 ch\u00ednh x\u00e1c cao\u00a0nh\u01b0\u00a0ch\u0103m s\u00f3c s\u1ee9c kh\u1ecfe\u00a0v\u00e0\u00a0\u00f4 t\u00f4. \u0110o th\u1ecb l\u1ef1c\u00a0\u0111\u1ecbnh l\u01b0\u1ee3ng\u00a0bao g\u1ed3m\u00a0m\u1ed9t\u00a0\u0111\u0129a \u0111\u1ecbnh l\u01b0\u1ee3ng\u00a0v\u00e0\u00a0m\u1ed9t c\u1ea3m bi\u1ebfn quang h\u1ecdc\u00a0\u0111\u1ec3\u00a0\u0111\u1ebfm\u00a0c\u00e1c h\u1ea1t nh\u1ef1a\u00a0ri\u00eang l\u1ebb,\u00a0\u0111\u1ea3m b\u1ea3o\u00a0t\u1ef7 l\u1ec7\u00a0\u0111\u1ed9 ch\u00ednh x\u00e1c\u00a0\u0111\u00e1ng ch\u00fa \u00fd\u00a0l\u00e0 100%\u00a0v\u00e0\u00a0cung c\u1ea5p\u00a0quy\u1ec1n ki\u1ec3m so\u00e1t ho\u00e0n to\u00e0n\u00a0qu\u00e1 tr\u00ecnh\u00a0\u0111\u1ecbnh l\u01b0\u1ee3ng\u00a0.<\/p>\n<h2 aria-level=\"2\">Li\u1ec1u l\u01b0\u1ee3ng quang h\u1ecdc ho\u1ea1t \u0111\u1ed9ng nh\u01b0 th\u1ebf n\u00e0o?<\/h2>\n<p>C\u00f4ng ngh\u1ec7 \u0111\u1ecbnh l\u01b0\u1ee3ng quang h\u1ecdc l\u00e0 duy nh\u1ea5t trong th\u1ebf gi\u1edbi \u0111\u1ecbnh l\u01b0\u1ee3ng. Nh\u01b0ng l\u00e0m th\u1ebf n\u00e0o n\u00f3 ho\u1ea1t \u0111\u1ed9ng? M\u1ed9t h\u1ed9p kh\u00ed t\u1ea1o ra ch\u00e2n kh\u00f4ng ph\u00eda sau m\u1ed9t \u0111\u0129a c\u00f3 l\u1ed7 nh\u1ecf. \u0110\u0129a quay v\u00e0 g\u1eafp c\u00e1c h\u1ea1t masterbatch. C\u1ea3m bi\u1ebfn quang h\u1ecdc ph\u00e1t hi\u1ec7n c\u00e1c vi\u00ean masterbatch khi t\u00edn hi\u1ec7u c\u1ea3m bi\u1ebfn b\u1ecb ch\u1eb7n. V\u1edbi k\u1ef9 thu\u1eadt n\u00e0y, ph\u1ea7n m\u1ec1m c\u1ee7a ch\u00fang t\u00f4i c\u00f3 th\u1ec3 \u0111\u1ebfm t\u1eebng vi\u00ean masterbatch. N\u1ebfu h\u1ed9p kh\u00ed nh\u1ecf thi\u1ebfu m\u1ed9t vi\u00ean masterbatch tr\u1edf l\u00ean, c\u1ea3m bi\u1ebfn c\u1ee7a h\u1ec7 th\u1ed1ng \u0111\u1ecbnh l\u01b0\u1ee3ng quang h\u1ecdc s\u1ebd ph\u00e1t hi\u1ec7n v\u00e0 \u0111\u0129a \u0111\u1ecbnh l\u01b0\u1ee3ng s\u1ebd \u0111i\u1ec1u ch\u1ec9nh nh\u1eefng vi\u00ean c\u00f2n thi\u1ebfu b\u1eb1ng c\u00e1ch quay nhanh h\u01a1n m\u1ed9t ch\u00fat.<\/p>\n<h2>H\u1ec7 th\u1ed1ng \u0111\u1ecbnh l\u01b0\u1ee3ng quang h\u1ecdc cho c\u00e1c s\u1ea3n ph\u1ea9m cu\u1ed1i c\u00f9ng nh\u1ecf c\u00f3 \u0111\u1ed9 ch\u00ednh x\u00e1c cao<\/h2>\n<p>C\u00f4ng ngh\u1ec7 \u0111\u1ecbnh l\u01b0\u1ee3ng quang h\u1ecdc \u0111\u00e3 \u0111\u01b0\u1ee3c ph\u00e1t tri\u1ec3n cho c\u00e1c nh\u00e0 s\u1ea3n xu\u1ea5t s\u1ea3n xu\u1ea5t c\u00e1c s\u1ea3n ph\u1ea9m cu\u1ed1i c\u00f9ng c\u00f3 \u0111\u1ed9 ch\u00ednh x\u00e1c cao tr\u00ean m\u00e1y phun vi m\u00f4 v\u00e0\/ho\u1eb7c m\u00e1y \u0111\u00f9n vi m\u00f4. Ngay c\u1ea3 v\u1edbi tr\u1ecdng l\u01b0\u1ee3ng b\u1eafn d\u01b0\u1edbi 1 gram, c\u00f4ng ngh\u1ec7 n\u00e0y v\u1eabn hi\u1ec7u qu\u1ea3. B\u1edfi v\u00ec c\u00e1c lo\u1ea1i m\u00e1y \u00e9p phun v\u00e0 m\u00e1y \u0111\u00f9n n\u00e0y c\u00f3 kh\u1ea3 n\u0103ng tr\u1ed9n h\u1ea1n ch\u1ebf v\u00e0 s\u1ea3n ph\u1ea9m cu\u1ed1i c\u00f9ng y\u00eau c\u1ea7u dung sai r\u1ea5t ch\u00ednh x\u00e1c n\u00ean v\u1eadt li\u1ec7u tr\u1ed9n s\u1eb5n th\u01b0\u1eddng \u0111\u01b0\u1ee3c s\u1eed d\u1ee5ng cho c\u00e1c \u1ee9ng d\u1ee5ng n\u00e0y. Tuy nhi\u00ean, vi\u1ec7c s\u1ea3n xu\u1ea5t c\u00e1c lo\u1ea1i v\u1eadt li\u1ec7u ti\u1ec1n ph\u1ee9c h\u1ee3p chuy\u00ean d\u1ee5ng n\u00e0y kh\u00e1 t\u1ed1n k\u00e9m do s\u1ed1 l\u01b0\u1ee3ng s\u1ea3n xu\u1ea5t nh\u1ecf. \u0110\u1ec3 gi\u1ea3i quy\u1ebft v\u1ea5n \u0111\u1ec1 n\u00e0y, c\u00e1c k\u1ef9 s\u01b0 c\u1ee7a ch\u00fang t\u00f4i \u0111\u00e3 ngh\u0129 ra c\u00f4ng ngh\u1ec7 \u0111\u1ecbnh l\u01b0\u1ee3ng quang h\u1ecdc. Nh\u1eefng h\u1ec7 th\u1ed1ng \u0111\u1ecbnh l\u01b0\u1ee3ng c\u1ef1c k\u1ef3 ch\u00ednh x\u00e1c n\u00e0y mang l\u1ea1i l\u1ee3i th\u1ebf gi\u1ea3m chi ph\u00ed \u0111\u00e1ng k\u1ec3 b\u1eb1ng c\u00e1ch cho ph\u00e9p s\u1eed d\u1ee5ng nguy\u00ean li\u1ec7u th\u00f4 ti\u00eau chu\u1ea9n k\u1ebft h\u1ee3p v\u1edbi \u0111\u1ecbnh l\u01b0\u1ee3ng masterbatch ho\u1eb7c ph\u1ee5 gia.<\/p>\n<p>Ph\u01b0\u01a1ng ph\u00e1p\u00a0\u0111\u1ecbnh l\u01b0\u1ee3ng\u00a0c\u00f3 th\u1ec3 th\u00edch \u1ee9ng c\u1ee7a ch\u00fang t\u00f4i cho ph\u00e9p b\u1ea1n\u00a0c\u00e1 nh\u00e2n h\u00f3a\u00a0c\u1ea5u h\u00ecnh\u00a0v\u00e0\/ho\u1eb7c\u00a0h\u1ee3p nh\u1ea5t\u00a0nhi\u1ec1u \u0111\u01a1n v\u1ecb,\u00a0\u0111\u1ea3m b\u1ea3o\u00a0m\u1ed9t h\u1ec7 th\u1ed1ng \u0111\u1ecbnh l\u01b0\u1ee3ng\u00a0ho\u00e0n to\u00e0n\u00a0ph\u00f9 h\u1ee3p\u00a0v\u1edbi\u00a0nhu c\u1ea7u\u00a0s\u1ea3n xu\u1ea5t c\u1ee7a b\u1ea1n. N\u1ebfu\u00a0b\u1ea1n\u00a0g\u1eb7p\u00a0kh\u00f3 kh\u0103n\u00a0trong vi\u1ec7c kh\u00e1m ph\u00e1\u00a0gi\u1ea3i ph\u00e1p\u00a0t\u1ed1i \u01b0u cho\u00a0quy tr\u00ecnh\u00a0s\u1ea3n xu\u1ea5t\u00a0c\u1ee7a m\u00ecnh,\u00a0vui l\u00f2ng\u00a0chia s\u1ebb\u00a0th\u00f4ng tin li\u00ean h\u1ec7\u00a0c\u1ee7a b\u1ea1n trong bi\u1ec3u m\u1eabu\u00a0\u0111\u01b0\u1ee3c cung c\u1ea5p b\u00ean d\u01b0\u1edbi. Nh\u00f3m chuy\u00ean gia v\u1ec1 li\u1ec1u l\u01b0\u1ee3ng c\u1ee7a ch\u00fang t\u00f4i s\u1eb5n s\u00e0ng cung c\u1ea5p cho b\u1ea1n l\u1eddi khuy\u00ean mi\u1ec5n ph\u00ed!<\/p>\n","protected":false},"excerpt":{"rendered":"<p>\u0110o th\u1ecb l\u1ef1c,\u00a0l\u1ea7n \u0111\u1ea7u ti\u00ean \u0111\u01b0\u1ee3c\u00a0gi\u1edbi thi\u1ec7u\u00a0b\u1edfi\u00a0Movacolor\u00a0v\u00e0o\u00a0n\u0103m\u00a02016, l\u00e0 m\u1ed9t ph\u01b0\u01a1ng ph\u00e1p\u00a0hi\u1ec7n \u0111\u1ea1i\u00a0\u0111\u1ec3\u00a0\u0111o\u00a0v\u00e0\u00a0ph\u00e2n ph\u1ed1i\u00a0v\u1eadt li\u1ec7u nh\u1ef1a\u00a0s\u1eed d\u1ee5ng\u00a0c\u00f4ng ngh\u1ec7 laser\u00a0ch\u00ednh x\u00e1c. K\u1ef9 thu\u1eadt\u00a0n\u00e0y\u00a0\u0111\u01b0\u1ee3c\u00a0s\u1eed d\u1ee5ng\u00a0ph\u1ed5 bi\u1ebfn\u00a0trong c\u00e1c \u1ee9ng d\u1ee5ng s\u1ea3n xu\u1ea5t nh\u1ef1a\u00a0c\u00f3 \u0111\u1ed9 ch\u00ednh x\u00e1c cao\u00a0nh\u01b0\u00a0ch\u0103m s\u00f3c s\u1ee9c kh\u1ecfe\u00a0v\u00e0\u00a0\u00f4 t\u00f4. \u0110o th\u1ecb l\u1ef1c\u00a0\u0111\u1ecbnh l\u01b0\u1ee3ng\u00a0bao g\u1ed3m\u00a0m\u1ed9t\u00a0\u0111\u0129a \u0111\u1ecbnh l\u01b0\u1ee3ng\u00a0v\u00e0\u00a0m\u1ed9t c\u1ea3m bi\u1ebfn quang h\u1ecdc\u00a0\u0111\u1ec3\u00a0\u0111\u1ebfm\u00a0c\u00e1c h\u1ea1t nh\u1ef1a\u00a0ri\u00eang l\u1ebb,\u00a0\u0111\u1ea3m b\u1ea3o\u00a0t\u1ef7 l\u1ec7\u00a0\u0111\u1ed9 ch\u00ednh x\u00e1c\u00a0\u0111\u00e1ng&#8230;<\/p>\n","protected":false},"author":2,"featured_media":14465,"parent":14472,"menu_order":0,"comment_status":"closed","ping_status":"closed","template":"","meta":{"_acf_changed":false,"footnotes":""},"class_list":["post-14464","page","type-page","status-publish","has-post-thumbnail","hentry","us_portfolio_tag-do-thi-luc"],"acf":[],"yoast_head":"<!-- This site is optimized with the Yoast SEO plugin v26.4 - https:\/\/yoast.com\/wordpress\/plugins\/seo\/ -->\n<title>\u0110\u1ecbnh l\u01b0\u1ee3ng quang h\u1ecdc \u0111\u1ec3 \u00e9p phun v\u00e0 \u00e9p phun vi m\u00f4 ch\u00ednh x\u00e1c<\/title>\n<meta name=\"description\" content=\"Kh\u00e1m ph\u00e1 h\u1ec7 th\u1ed1ng \u0111\u1ecbnh l\u01b0\u1ee3ng quang h\u1ecdc m\u00f4-\u0111un c\u1ee7a ch\u00fang t\u00f4i d\u00e0nh cho \u00e9p phun v\u00e0 \u00e9p phun vi m\u00f4. T\u00ecm hi\u1ec3u th\u00eam v\u1ec1 l\u1ee3i \u00edch cho ho\u1ea1t \u0111\u1ed9ng s\u1ea3n xu\u1ea5t c\u1ee7a b\u1ea1n.\" \/>\n<meta name=\"robots\" content=\"index, follow, max-snippet:-1, max-image-preview:large, max-video-preview:-1\" \/>\n<link rel=\"canonical\" href=\"https:\/\/www.movacolor.com\/vi\/cong-nghe\/quang-hoc\/\" \/>\n<meta property=\"og:locale\" content=\"vi_VN\" \/>\n<meta property=\"og:type\" content=\"article\" \/>\n<meta property=\"og:title\" content=\"\u0110\u1ecbnh l\u01b0\u1ee3ng quang h\u1ecdc \u0111\u1ec3 \u00e9p phun v\u00e0 \u00e9p phun vi m\u00f4 ch\u00ednh x\u00e1c\" \/>\n<meta property=\"og:description\" content=\"Kh\u00e1m ph\u00e1 h\u1ec7 th\u1ed1ng \u0111\u1ecbnh l\u01b0\u1ee3ng quang h\u1ecdc m\u00f4-\u0111un c\u1ee7a ch\u00fang t\u00f4i d\u00e0nh cho \u00e9p phun v\u00e0 \u00e9p phun vi m\u00f4. T\u00ecm hi\u1ec3u th\u00eam v\u1ec1 l\u1ee3i \u00edch cho ho\u1ea1t \u0111\u1ed9ng s\u1ea3n xu\u1ea5t c\u1ee7a b\u1ea1n.\" \/>\n<meta property=\"og:url\" content=\"https:\/\/www.movacolor.com\/vi\/cong-nghe\/quang-hoc\/\" \/>\n<meta property=\"og:site_name\" content=\"Movacolor\" \/>\n<meta property=\"og:image\" content=\"https:\/\/www.movacolor.com\/wp-content\/uploads\/2023\/03\/Assembly-3-scaled.jpg\" \/>\n\t<meta property=\"og:image:width\" content=\"2560\" \/>\n\t<meta property=\"og:image:height\" content=\"1707\" \/>\n\t<meta property=\"og:image:type\" content=\"image\/jpeg\" \/>\n<meta name=\"twitter:card\" content=\"summary_large_image\" \/>\n<meta name=\"twitter:label1\" content=\"Est. reading time\" \/>\n\t<meta name=\"twitter:data1\" content=\"4 minutes\" \/>\n<script type=\"application\/ld+json\" class=\"yoast-schema-graph\">{\"@context\":\"https:\/\/schema.org\",\"@graph\":[{\"@type\":\"WebPage\",\"@id\":\"https:\/\/www.movacolor.com\/vi\/cong-nghe\/quang-hoc\/\",\"url\":\"https:\/\/www.movacolor.com\/vi\/cong-nghe\/quang-hoc\/\",\"name\":\"\u0110\u1ecbnh l\u01b0\u1ee3ng quang h\u1ecdc \u0111\u1ec3 \u00e9p phun v\u00e0 \u00e9p phun vi m\u00f4 ch\u00ednh x\u00e1c\",\"isPartOf\":{\"@id\":\"https:\/\/www.movacolor.com\/vi\/#website\"},\"primaryImageOfPage\":{\"@id\":\"https:\/\/www.movacolor.com\/vi\/cong-nghe\/quang-hoc\/#primaryimage\"},\"image\":{\"@id\":\"https:\/\/www.movacolor.com\/vi\/cong-nghe\/quang-hoc\/#primaryimage\"},\"thumbnailUrl\":\"https:\/\/www.movacolor.com\/wp-content\/uploads\/2023\/03\/Assembly-3-scaled.jpg\",\"datePublished\":\"2023-01-03T10:34:06+00:00\",\"description\":\"Kh\u00e1m ph\u00e1 h\u1ec7 th\u1ed1ng \u0111\u1ecbnh l\u01b0\u1ee3ng quang h\u1ecdc m\u00f4-\u0111un c\u1ee7a ch\u00fang t\u00f4i d\u00e0nh cho \u00e9p phun v\u00e0 \u00e9p phun vi m\u00f4. T\u00ecm hi\u1ec3u th\u00eam v\u1ec1 l\u1ee3i \u00edch cho ho\u1ea1t \u0111\u1ed9ng s\u1ea3n xu\u1ea5t c\u1ee7a b\u1ea1n.\",\"breadcrumb\":{\"@id\":\"https:\/\/www.movacolor.com\/vi\/cong-nghe\/quang-hoc\/#breadcrumb\"},\"inLanguage\":\"vi-VN\",\"potentialAction\":[{\"@type\":\"ReadAction\",\"target\":[\"https:\/\/www.movacolor.com\/vi\/cong-nghe\/quang-hoc\/\"]}]},{\"@type\":\"ImageObject\",\"inLanguage\":\"vi-VN\",\"@id\":\"https:\/\/www.movacolor.com\/vi\/cong-nghe\/quang-hoc\/#primaryimage\",\"url\":\"https:\/\/www.movacolor.com\/wp-content\/uploads\/2023\/03\/Assembly-3-scaled.jpg\",\"contentUrl\":\"https:\/\/www.movacolor.com\/wp-content\/uploads\/2023\/03\/Assembly-3-scaled.jpg\",\"width\":2560,\"height\":1707},{\"@type\":\"BreadcrumbList\",\"@id\":\"https:\/\/www.movacolor.com\/vi\/cong-nghe\/quang-hoc\/#breadcrumb\",\"itemListElement\":[{\"@type\":\"ListItem\",\"position\":1,\"name\":\"Home\",\"item\":\"https:\/\/www.movacolor.com\/vi\/\"},{\"@type\":\"ListItem\",\"position\":2,\"name\":\"\u0111o th\u1ecb l\u1ef1c\"}]},{\"@type\":\"WebSite\",\"@id\":\"https:\/\/www.movacolor.com\/vi\/#website\",\"url\":\"https:\/\/www.movacolor.com\/vi\/\",\"name\":\"Movacolor\",\"description\":\"modular dosing solutions\",\"potentialAction\":[{\"@type\":\"SearchAction\",\"target\":{\"@type\":\"EntryPoint\",\"urlTemplate\":\"https:\/\/www.movacolor.com\/vi\/?s={search_term_string}\"},\"query-input\":{\"@type\":\"PropertyValueSpecification\",\"valueRequired\":true,\"valueName\":\"search_term_string\"}}],\"inLanguage\":\"vi-VN\"}]}<\/script>\n<!-- \/ Yoast SEO plugin. -->","yoast_head_json":{"title":"\u0110\u1ecbnh l\u01b0\u1ee3ng quang h\u1ecdc \u0111\u1ec3 \u00e9p phun v\u00e0 \u00e9p phun vi m\u00f4 ch\u00ednh x\u00e1c","description":"Kh\u00e1m ph\u00e1 h\u1ec7 th\u1ed1ng \u0111\u1ecbnh l\u01b0\u1ee3ng quang h\u1ecdc m\u00f4-\u0111un c\u1ee7a ch\u00fang t\u00f4i d\u00e0nh cho \u00e9p phun v\u00e0 \u00e9p phun vi m\u00f4. T\u00ecm hi\u1ec3u th\u00eam v\u1ec1 l\u1ee3i \u00edch cho ho\u1ea1t \u0111\u1ed9ng s\u1ea3n xu\u1ea5t c\u1ee7a b\u1ea1n.","robots":{"index":"index","follow":"follow","max-snippet":"max-snippet:-1","max-image-preview":"max-image-preview:large","max-video-preview":"max-video-preview:-1"},"canonical":"https:\/\/www.movacolor.com\/vi\/cong-nghe\/quang-hoc\/","og_locale":"vi_VN","og_type":"article","og_title":"\u0110\u1ecbnh l\u01b0\u1ee3ng quang h\u1ecdc \u0111\u1ec3 \u00e9p phun v\u00e0 \u00e9p phun vi m\u00f4 ch\u00ednh x\u00e1c","og_description":"Kh\u00e1m ph\u00e1 h\u1ec7 th\u1ed1ng \u0111\u1ecbnh l\u01b0\u1ee3ng quang h\u1ecdc m\u00f4-\u0111un c\u1ee7a ch\u00fang t\u00f4i d\u00e0nh cho \u00e9p phun v\u00e0 \u00e9p phun vi m\u00f4. T\u00ecm hi\u1ec3u th\u00eam v\u1ec1 l\u1ee3i \u00edch cho ho\u1ea1t \u0111\u1ed9ng s\u1ea3n xu\u1ea5t c\u1ee7a b\u1ea1n.","og_url":"https:\/\/www.movacolor.com\/vi\/cong-nghe\/quang-hoc\/","og_site_name":"Movacolor","og_image":[{"width":2560,"height":1707,"url":"https:\/\/www.movacolor.com\/wp-content\/uploads\/2023\/03\/Assembly-3-scaled.jpg","type":"image\/jpeg"}],"twitter_card":"summary_large_image","twitter_misc":{"Est. reading time":"4 minutes"},"schema":{"@context":"https:\/\/schema.org","@graph":[{"@type":"WebPage","@id":"https:\/\/www.movacolor.com\/vi\/cong-nghe\/quang-hoc\/","url":"https:\/\/www.movacolor.com\/vi\/cong-nghe\/quang-hoc\/","name":"\u0110\u1ecbnh l\u01b0\u1ee3ng quang h\u1ecdc \u0111\u1ec3 \u00e9p phun v\u00e0 \u00e9p phun vi m\u00f4 ch\u00ednh x\u00e1c","isPartOf":{"@id":"https:\/\/www.movacolor.com\/vi\/#website"},"primaryImageOfPage":{"@id":"https:\/\/www.movacolor.com\/vi\/cong-nghe\/quang-hoc\/#primaryimage"},"image":{"@id":"https:\/\/www.movacolor.com\/vi\/cong-nghe\/quang-hoc\/#primaryimage"},"thumbnailUrl":"https:\/\/www.movacolor.com\/wp-content\/uploads\/2023\/03\/Assembly-3-scaled.jpg","datePublished":"2023-01-03T10:34:06+00:00","description":"Kh\u00e1m ph\u00e1 h\u1ec7 th\u1ed1ng \u0111\u1ecbnh l\u01b0\u1ee3ng quang h\u1ecdc m\u00f4-\u0111un c\u1ee7a ch\u00fang t\u00f4i d\u00e0nh cho \u00e9p phun v\u00e0 \u00e9p phun vi m\u00f4. T\u00ecm hi\u1ec3u th\u00eam v\u1ec1 l\u1ee3i \u00edch cho ho\u1ea1t \u0111\u1ed9ng s\u1ea3n xu\u1ea5t c\u1ee7a b\u1ea1n.","breadcrumb":{"@id":"https:\/\/www.movacolor.com\/vi\/cong-nghe\/quang-hoc\/#breadcrumb"},"inLanguage":"vi-VN","potentialAction":[{"@type":"ReadAction","target":["https:\/\/www.movacolor.com\/vi\/cong-nghe\/quang-hoc\/"]}]},{"@type":"ImageObject","inLanguage":"vi-VN","@id":"https:\/\/www.movacolor.com\/vi\/cong-nghe\/quang-hoc\/#primaryimage","url":"https:\/\/www.movacolor.com\/wp-content\/uploads\/2023\/03\/Assembly-3-scaled.jpg","contentUrl":"https:\/\/www.movacolor.com\/wp-content\/uploads\/2023\/03\/Assembly-3-scaled.jpg","width":2560,"height":1707},{"@type":"BreadcrumbList","@id":"https:\/\/www.movacolor.com\/vi\/cong-nghe\/quang-hoc\/#breadcrumb","itemListElement":[{"@type":"ListItem","position":1,"name":"Home","item":"https:\/\/www.movacolor.com\/vi\/"},{"@type":"ListItem","position":2,"name":"\u0111o th\u1ecb l\u1ef1c"}]},{"@type":"WebSite","@id":"https:\/\/www.movacolor.com\/vi\/#website","url":"https:\/\/www.movacolor.com\/vi\/","name":"Movacolor","description":"modular dosing solutions","potentialAction":[{"@type":"SearchAction","target":{"@type":"EntryPoint","urlTemplate":"https:\/\/www.movacolor.com\/vi\/?s={search_term_string}"},"query-input":{"@type":"PropertyValueSpecification","valueRequired":true,"valueName":"search_term_string"}}],"inLanguage":"vi-VN"}]}},"_links":{"self":[{"href":"https:\/\/www.movacolor.com\/vi\/wp-json\/wp\/v2\/pages\/14464","targetHints":{"allow":["GET"]}}],"collection":[{"href":"https:\/\/www.movacolor.com\/vi\/wp-json\/wp\/v2\/pages"}],"about":[{"href":"https:\/\/www.movacolor.com\/vi\/wp-json\/wp\/v2\/types\/page"}],"author":[{"embeddable":true,"href":"https:\/\/www.movacolor.com\/vi\/wp-json\/wp\/v2\/users\/2"}],"replies":[{"embeddable":true,"href":"https:\/\/www.movacolor.com\/vi\/wp-json\/wp\/v2\/comments?post=14464"}],"version-history":[{"count":0,"href":"https:\/\/www.movacolor.com\/vi\/wp-json\/wp\/v2\/pages\/14464\/revisions"}],"up":[{"embeddable":true,"href":"https:\/\/www.movacolor.com\/vi\/wp-json\/wp\/v2\/pages\/14472"}],"wp:featuredmedia":[{"embeddable":true,"href":"https:\/\/www.movacolor.com\/vi\/wp-json\/wp\/v2\/media\/14465"}],"wp:attachment":[{"href":"https:\/\/www.movacolor.com\/vi\/wp-json\/wp\/v2\/media?parent=14464"}],"curies":[{"name":"wp","href":"https:\/\/api.w.org\/{rel}","templated":true}]}}