{"id":14459,"date":"2023-01-13T15:32:34","date_gmt":"2023-01-13T13:32:34","guid":{"rendered":"https:\/\/www.movacolor.com\/nganh-cong-nghiep\/thuoc-ve-y-hoc\/"},"modified":"2023-01-13T15:32:34","modified_gmt":"2023-01-13T13:32:34","slug":"thuoc-ve-y-hoc","status":"publish","type":"page","link":"https:\/\/www.movacolor.com\/vi\/cong-nghiep\/yte\/","title":{"rendered":"Thu\u1ed9c v\u1ec1 y h\u1ecdc"},"content":{"rendered":"<p>S\u1ea3n ph\u1ea9m nh\u1ef1a y t\u1ebf \u0111\u01b0\u1ee3c s\u1ea3n xu\u1ea5t b\u1eb1ng c\u1ea3 ph\u01b0\u01a1ng ph\u00e1p \u00e9p phun v\u00e0 \u00e9p \u0111\u00f9n. C\u00e1c s\u1ea3n ph\u1ea9m y t\u1ebf ph\u1ea3i \u0111\u00e1p \u1ee9ng c\u00e1c ti\u00eau chu\u1ea9n ch\u1ea5t l\u01b0\u1ee3ng cao nh\u1ea5t v\u00ec m\u1ea1ng s\u1ed1ng c\u00f3 th\u1ec3 ph\u1ee5 thu\u1ed9c v\u00e0o ch\u00fang. \u0110\u1ecbnh l\u01b0\u1ee3ng ph\u1ee5 gia l\u00e0 m\u1ed9t ph\u1ea7n quan tr\u1ecdng c\u1ee7a qu\u00e1 tr\u00ecnh s\u1ea3n xu\u1ea5t v\u00ec nh\u00e2n vi\u00ean y t\u1ebf nh\u1eadn bi\u1ebft c\u00e1c b\u1ed9 ph\u1eadn b\u1eb1ng c\u1ea3 h\u00ecnh th\u1ee9c v\u00e0 m\u00e0u s\u1eafc.<\/p>\n","protected":false},"excerpt":{"rendered":"<p>S\u1ea3n ph\u1ea9m nh\u1ef1a y t\u1ebf \u0111\u01b0\u1ee3c s\u1ea3n xu\u1ea5t b\u1eb1ng c\u1ea3 ph\u01b0\u01a1ng ph\u00e1p \u00e9p phun v\u00e0 \u00e9p \u0111\u00f9n. C\u00e1c s\u1ea3n ph\u1ea9m y t\u1ebf ph\u1ea3i \u0111\u00e1p \u1ee9ng c\u00e1c ti\u00eau chu\u1ea9n ch\u1ea5t l\u01b0\u1ee3ng cao nh\u1ea5t v\u00ec m\u1ea1ng s\u1ed1ng c\u00f3 th\u1ec3 ph\u1ee5 thu\u1ed9c v\u00e0o ch\u00fang. \u0110\u1ecbnh l\u01b0\u1ee3ng ph\u1ee5 gia l\u00e0 m\u1ed9t ph\u1ea7n quan tr\u1ecdng c\u1ee7a qu\u00e1 tr\u00ecnh s\u1ea3n xu\u1ea5t&#8230;<\/p>\n","protected":false},"author":2,"featured_media":14225,"parent":14445,"menu_order":0,"comment_status":"closed","ping_status":"closed","template":"","meta":{"_acf_changed":false,"footnotes":""},"class_list":["post-14459","page","type-page","status-publish","has-post-thumbnail","hentry","us_portfolio_tag-thuoc-ve-y-hoc"],"acf":[],"yoast_head":"<!-- This site is optimized with the Yoast SEO plugin v26.4 - https:\/\/yoast.com\/wordpress\/plugins\/seo\/ -->\n<title>Thu\u1ed9c v\u1ec1 y h\u1ecdc - Movacolor<\/title>\n<meta name=\"description\" content=\"Kh\u00e1m ph\u00e1 c\u00e1c gi\u1ea3i ph\u00e1p \u0111\u1ecbnh l\u01b0\u1ee3ng ch\u00ednh x\u00e1c nh\u1ea5t c\u1ee7a ch\u00fang t\u00f4i \u0111\u1ec3 \u0111\u1ea3m b\u1ea3o ki\u1ec3m so\u00e1t ch\u1ea5t l\u01b0\u1ee3ng trong quy tr\u00ecnh s\u1ea3n xu\u1ea5t nh\u1ef1a y t\u1ebf c\u1ee7a b\u1ea1n. \u0110\u1ecdc th\u00eam v\u1ec1 Kh\u00e1i ni\u1ec7m \u0111\u1ecbnh l\u01b0\u1ee3ng m\u00f4-\u0111un c\u1ee7a ch\u00fang t\u00f4i.\" \/>\n<meta name=\"robots\" content=\"index, follow, max-snippet:-1, max-image-preview:large, max-video-preview:-1\" \/>\n<link rel=\"canonical\" href=\"https:\/\/www.movacolor.com\/vi\/cong-nghiep\/yte\/\" \/>\n<meta property=\"og:locale\" content=\"vi_VN\" \/>\n<meta property=\"og:type\" content=\"article\" \/>\n<meta property=\"og:title\" content=\"Thu\u1ed9c v\u1ec1 y h\u1ecdc - Movacolor\" \/>\n<meta property=\"og:description\" content=\"Kh\u00e1m ph\u00e1 c\u00e1c gi\u1ea3i ph\u00e1p \u0111\u1ecbnh l\u01b0\u1ee3ng ch\u00ednh x\u00e1c nh\u1ea5t c\u1ee7a ch\u00fang t\u00f4i \u0111\u1ec3 \u0111\u1ea3m b\u1ea3o ki\u1ec3m so\u00e1t ch\u1ea5t l\u01b0\u1ee3ng trong quy tr\u00ecnh s\u1ea3n xu\u1ea5t nh\u1ef1a y t\u1ebf c\u1ee7a b\u1ea1n. \u0110\u1ecdc th\u00eam v\u1ec1 Kh\u00e1i ni\u1ec7m \u0111\u1ecbnh l\u01b0\u1ee3ng m\u00f4-\u0111un c\u1ee7a ch\u00fang t\u00f4i.\" \/>\n<meta property=\"og:url\" content=\"https:\/\/www.movacolor.com\/vi\/cong-nghiep\/yte\/\" \/>\n<meta property=\"og:site_name\" content=\"Movacolor\" \/>\n<meta property=\"og:image\" content=\"https:\/\/www.movacolor.com\/wp-content\/uploads\/2023\/03\/4-Medical.jpg\" \/>\n\t<meta property=\"og:image:width\" content=\"816\" \/>\n\t<meta property=\"og:image:height\" content=\"588\" \/>\n\t<meta property=\"og:image:type\" content=\"image\/jpeg\" \/>\n<meta name=\"twitter:card\" content=\"summary_large_image\" \/>\n<meta name=\"twitter:label1\" content=\"Est. reading time\" \/>\n\t<meta name=\"twitter:data1\" content=\"1 minute\" \/>\n<script type=\"application\/ld+json\" class=\"yoast-schema-graph\">{\"@context\":\"https:\/\/schema.org\",\"@graph\":[{\"@type\":\"WebPage\",\"@id\":\"https:\/\/www.movacolor.com\/vi\/cong-nghiep\/yte\/\",\"url\":\"https:\/\/www.movacolor.com\/vi\/cong-nghiep\/yte\/\",\"name\":\"Thu\u1ed9c v\u1ec1 y h\u1ecdc - Movacolor\",\"isPartOf\":{\"@id\":\"https:\/\/www.movacolor.com\/vi\/#website\"},\"primaryImageOfPage\":{\"@id\":\"https:\/\/www.movacolor.com\/vi\/cong-nghiep\/yte\/#primaryimage\"},\"image\":{\"@id\":\"https:\/\/www.movacolor.com\/vi\/cong-nghiep\/yte\/#primaryimage\"},\"thumbnailUrl\":\"https:\/\/www.movacolor.com\/wp-content\/uploads\/2023\/03\/4-Medical.jpg\",\"datePublished\":\"2023-01-13T13:32:34+00:00\",\"description\":\"Kh\u00e1m ph\u00e1 c\u00e1c gi\u1ea3i ph\u00e1p \u0111\u1ecbnh l\u01b0\u1ee3ng ch\u00ednh x\u00e1c nh\u1ea5t c\u1ee7a ch\u00fang t\u00f4i \u0111\u1ec3 \u0111\u1ea3m b\u1ea3o ki\u1ec3m so\u00e1t ch\u1ea5t l\u01b0\u1ee3ng trong quy tr\u00ecnh s\u1ea3n xu\u1ea5t nh\u1ef1a y t\u1ebf c\u1ee7a b\u1ea1n. \u0110\u1ecdc th\u00eam v\u1ec1 Kh\u00e1i ni\u1ec7m \u0111\u1ecbnh l\u01b0\u1ee3ng m\u00f4-\u0111un c\u1ee7a ch\u00fang t\u00f4i.\",\"breadcrumb\":{\"@id\":\"https:\/\/www.movacolor.com\/vi\/cong-nghiep\/yte\/#breadcrumb\"},\"inLanguage\":\"vi-VN\",\"potentialAction\":[{\"@type\":\"ReadAction\",\"target\":[\"https:\/\/www.movacolor.com\/vi\/cong-nghiep\/yte\/\"]}]},{\"@type\":\"ImageObject\",\"inLanguage\":\"vi-VN\",\"@id\":\"https:\/\/www.movacolor.com\/vi\/cong-nghiep\/yte\/#primaryimage\",\"url\":\"https:\/\/www.movacolor.com\/wp-content\/uploads\/2023\/03\/4-Medical.jpg\",\"contentUrl\":\"https:\/\/www.movacolor.com\/wp-content\/uploads\/2023\/03\/4-Medical.jpg\",\"width\":816,\"height\":588},{\"@type\":\"BreadcrumbList\",\"@id\":\"https:\/\/www.movacolor.com\/vi\/cong-nghiep\/yte\/#breadcrumb\",\"itemListElement\":[{\"@type\":\"ListItem\",\"position\":1,\"name\":\"Home\",\"item\":\"https:\/\/www.movacolor.com\/vi\/\"},{\"@type\":\"ListItem\",\"position\":2,\"name\":\"Ng\u00e0nh c\u00f4ng nghi\u1ec7p\",\"item\":\"https:\/\/www.movacolor.com\/vi\/industry\/\"},{\"@type\":\"ListItem\",\"position\":3,\"name\":\"Thu\u1ed9c v\u1ec1 y h\u1ecdc\"}]},{\"@type\":\"WebSite\",\"@id\":\"https:\/\/www.movacolor.com\/vi\/#website\",\"url\":\"https:\/\/www.movacolor.com\/vi\/\",\"name\":\"Movacolor\",\"description\":\"modular dosing solutions\",\"potentialAction\":[{\"@type\":\"SearchAction\",\"target\":{\"@type\":\"EntryPoint\",\"urlTemplate\":\"https:\/\/www.movacolor.com\/vi\/?s={search_term_string}\"},\"query-input\":{\"@type\":\"PropertyValueSpecification\",\"valueRequired\":true,\"valueName\":\"search_term_string\"}}],\"inLanguage\":\"vi-VN\"}]}<\/script>\n<!-- \/ Yoast SEO plugin. -->","yoast_head_json":{"title":"Thu\u1ed9c v\u1ec1 y h\u1ecdc - Movacolor","description":"Kh\u00e1m ph\u00e1 c\u00e1c gi\u1ea3i ph\u00e1p \u0111\u1ecbnh l\u01b0\u1ee3ng ch\u00ednh x\u00e1c nh\u1ea5t c\u1ee7a ch\u00fang t\u00f4i \u0111\u1ec3 \u0111\u1ea3m b\u1ea3o ki\u1ec3m so\u00e1t ch\u1ea5t l\u01b0\u1ee3ng trong quy tr\u00ecnh s\u1ea3n xu\u1ea5t nh\u1ef1a y t\u1ebf c\u1ee7a b\u1ea1n. \u0110\u1ecdc th\u00eam v\u1ec1 Kh\u00e1i ni\u1ec7m \u0111\u1ecbnh l\u01b0\u1ee3ng m\u00f4-\u0111un c\u1ee7a ch\u00fang t\u00f4i.","robots":{"index":"index","follow":"follow","max-snippet":"max-snippet:-1","max-image-preview":"max-image-preview:large","max-video-preview":"max-video-preview:-1"},"canonical":"https:\/\/www.movacolor.com\/vi\/cong-nghiep\/yte\/","og_locale":"vi_VN","og_type":"article","og_title":"Thu\u1ed9c v\u1ec1 y h\u1ecdc - Movacolor","og_description":"Kh\u00e1m ph\u00e1 c\u00e1c gi\u1ea3i ph\u00e1p \u0111\u1ecbnh l\u01b0\u1ee3ng ch\u00ednh x\u00e1c nh\u1ea5t c\u1ee7a ch\u00fang t\u00f4i \u0111\u1ec3 \u0111\u1ea3m b\u1ea3o ki\u1ec3m so\u00e1t ch\u1ea5t l\u01b0\u1ee3ng trong quy tr\u00ecnh s\u1ea3n xu\u1ea5t nh\u1ef1a y t\u1ebf c\u1ee7a b\u1ea1n. \u0110\u1ecdc th\u00eam v\u1ec1 Kh\u00e1i ni\u1ec7m \u0111\u1ecbnh l\u01b0\u1ee3ng m\u00f4-\u0111un c\u1ee7a ch\u00fang t\u00f4i.","og_url":"https:\/\/www.movacolor.com\/vi\/cong-nghiep\/yte\/","og_site_name":"Movacolor","og_image":[{"width":816,"height":588,"url":"https:\/\/www.movacolor.com\/wp-content\/uploads\/2023\/03\/4-Medical.jpg","type":"image\/jpeg"}],"twitter_card":"summary_large_image","twitter_misc":{"Est. reading time":"1 minute"},"schema":{"@context":"https:\/\/schema.org","@graph":[{"@type":"WebPage","@id":"https:\/\/www.movacolor.com\/vi\/cong-nghiep\/yte\/","url":"https:\/\/www.movacolor.com\/vi\/cong-nghiep\/yte\/","name":"Thu\u1ed9c v\u1ec1 y h\u1ecdc - Movacolor","isPartOf":{"@id":"https:\/\/www.movacolor.com\/vi\/#website"},"primaryImageOfPage":{"@id":"https:\/\/www.movacolor.com\/vi\/cong-nghiep\/yte\/#primaryimage"},"image":{"@id":"https:\/\/www.movacolor.com\/vi\/cong-nghiep\/yte\/#primaryimage"},"thumbnailUrl":"https:\/\/www.movacolor.com\/wp-content\/uploads\/2023\/03\/4-Medical.jpg","datePublished":"2023-01-13T13:32:34+00:00","description":"Kh\u00e1m ph\u00e1 c\u00e1c gi\u1ea3i ph\u00e1p \u0111\u1ecbnh l\u01b0\u1ee3ng ch\u00ednh x\u00e1c nh\u1ea5t c\u1ee7a ch\u00fang t\u00f4i \u0111\u1ec3 \u0111\u1ea3m b\u1ea3o ki\u1ec3m so\u00e1t ch\u1ea5t l\u01b0\u1ee3ng trong quy tr\u00ecnh s\u1ea3n xu\u1ea5t nh\u1ef1a y t\u1ebf c\u1ee7a b\u1ea1n. \u0110\u1ecdc th\u00eam v\u1ec1 Kh\u00e1i ni\u1ec7m \u0111\u1ecbnh l\u01b0\u1ee3ng m\u00f4-\u0111un c\u1ee7a ch\u00fang t\u00f4i.","breadcrumb":{"@id":"https:\/\/www.movacolor.com\/vi\/cong-nghiep\/yte\/#breadcrumb"},"inLanguage":"vi-VN","potentialAction":[{"@type":"ReadAction","target":["https:\/\/www.movacolor.com\/vi\/cong-nghiep\/yte\/"]}]},{"@type":"ImageObject","inLanguage":"vi-VN","@id":"https:\/\/www.movacolor.com\/vi\/cong-nghiep\/yte\/#primaryimage","url":"https:\/\/www.movacolor.com\/wp-content\/uploads\/2023\/03\/4-Medical.jpg","contentUrl":"https:\/\/www.movacolor.com\/wp-content\/uploads\/2023\/03\/4-Medical.jpg","width":816,"height":588},{"@type":"BreadcrumbList","@id":"https:\/\/www.movacolor.com\/vi\/cong-nghiep\/yte\/#breadcrumb","itemListElement":[{"@type":"ListItem","position":1,"name":"Home","item":"https:\/\/www.movacolor.com\/vi\/"},{"@type":"ListItem","position":2,"name":"Ng\u00e0nh c\u00f4ng nghi\u1ec7p","item":"https:\/\/www.movacolor.com\/vi\/industry\/"},{"@type":"ListItem","position":3,"name":"Thu\u1ed9c v\u1ec1 y h\u1ecdc"}]},{"@type":"WebSite","@id":"https:\/\/www.movacolor.com\/vi\/#website","url":"https:\/\/www.movacolor.com\/vi\/","name":"Movacolor","description":"modular dosing solutions","potentialAction":[{"@type":"SearchAction","target":{"@type":"EntryPoint","urlTemplate":"https:\/\/www.movacolor.com\/vi\/?s={search_term_string}"},"query-input":{"@type":"PropertyValueSpecification","valueRequired":true,"valueName":"search_term_string"}}],"inLanguage":"vi-VN"}]}},"_links":{"self":[{"href":"https:\/\/www.movacolor.com\/vi\/wp-json\/wp\/v2\/pages\/14459","targetHints":{"allow":["GET"]}}],"collection":[{"href":"https:\/\/www.movacolor.com\/vi\/wp-json\/wp\/v2\/pages"}],"about":[{"href":"https:\/\/www.movacolor.com\/vi\/wp-json\/wp\/v2\/types\/page"}],"author":[{"embeddable":true,"href":"https:\/\/www.movacolor.com\/vi\/wp-json\/wp\/v2\/users\/2"}],"replies":[{"embeddable":true,"href":"https:\/\/www.movacolor.com\/vi\/wp-json\/wp\/v2\/comments?post=14459"}],"version-history":[{"count":0,"href":"https:\/\/www.movacolor.com\/vi\/wp-json\/wp\/v2\/pages\/14459\/revisions"}],"up":[{"embeddable":true,"href":"https:\/\/www.movacolor.com\/vi\/wp-json\/wp\/v2\/pages\/14445"}],"wp:featuredmedia":[{"embeddable":true,"href":"https:\/\/www.movacolor.com\/vi\/wp-json\/wp\/v2\/media\/14225"}],"wp:attachment":[{"href":"https:\/\/www.movacolor.com\/vi\/wp-json\/wp\/v2\/media?parent=14459"}],"curies":[{"name":"wp","href":"https:\/\/api.w.org\/{rel}","templated":true}]}}