{"id":14458,"date":"2023-01-13T15:32:21","date_gmt":"2023-01-13T13:32:21","guid":{"rendered":"https:\/\/www.movacolor.com\/nganh-cong-nghiep\/day-cap\/"},"modified":"2023-01-13T15:32:21","modified_gmt":"2023-01-13T13:32:21","slug":"day-cap","status":"publish","type":"page","link":"https:\/\/www.movacolor.com\/vi\/cong-nghiep\/day-cap\/","title":{"rendered":"D\u00e2y &#038; c\u00e1p"},"content":{"rendered":"<p>\u0110\u1ec3 \u0111\u1ecbnh l\u01b0\u1ee3ng nguy\u00ean li\u1ec7u th\u00f4 nh\u01b0 b\u1ed9t ho\u1eb7c h\u1ea1t trong quy tr\u00ecnh \u00e9p \u0111\u00f9n d\u00e2y v\u00e0 c\u00e1p, c\u00f4ng ngh\u1ec7 \u0111\u1ecbnh l\u01b0\u1ee3ng t\u1ea1o n\u00ean s\u1ef1 kh\u00e1c bi\u1ec7t v\u1ec1 ch\u1ea5t l\u01b0\u1ee3ng, t\u00ednh nh\u1ea5t qu\u00e1n v\u00e0 ti\u1ebft ki\u1ec7m. Vi\u1ec7c \u0111\u1ecbnh l\u01b0\u1ee3ng b\u1ed9t ho\u1eb7c h\u1ea1t li\u00ean t\u1ee5c c\u0169ng r\u1ea5t quan tr\u1ecdng \u0111\u1ed1i v\u1edbi \u0111\u1ed9 d\u00e0y th\u00e0nh c\u1ee7a l\u1edbp c\u00e1ch nhi\u1ec7t v\u00e0 \u0111\u00f3ng vai tr\u00f2 quan tr\u1ecdng trong vi\u1ec7c ng\u0103n ng\u1eeba c\u00e1c v\u1ea5n \u0111\u1ec1. Movacolor cung c\u1ea5p \u0111\u1ea7y \u0111\u1ee7 c\u00e1c h\u1ec7 th\u1ed1ng \u0111\u1ecbnh l\u01b0\u1ee3ng theo th\u1ec3 t\u00edch v\u00e0 tr\u1ecdng l\u01b0\u1ee3ng mang l\u1ea1i kh\u1ea3 n\u0103ng ki\u1ec3m so\u00e1t t\u1ed1i \u01b0u.<\/p>\n","protected":false},"excerpt":{"rendered":"<p>\u0110\u1ec3 \u0111\u1ecbnh l\u01b0\u1ee3ng nguy\u00ean li\u1ec7u th\u00f4 nh\u01b0 b\u1ed9t ho\u1eb7c h\u1ea1t trong quy tr\u00ecnh \u00e9p \u0111\u00f9n d\u00e2y v\u00e0 c\u00e1p, c\u00f4ng ngh\u1ec7 \u0111\u1ecbnh l\u01b0\u1ee3ng t\u1ea1o n\u00ean s\u1ef1 kh\u00e1c bi\u1ec7t v\u1ec1 ch\u1ea5t l\u01b0\u1ee3ng, t\u00ednh nh\u1ea5t qu\u00e1n v\u00e0 ti\u1ebft ki\u1ec7m. Vi\u1ec7c \u0111\u1ecbnh l\u01b0\u1ee3ng b\u1ed9t ho\u1eb7c h\u1ea1t li\u00ean t\u1ee5c c\u0169ng r\u1ea5t quan tr\u1ecdng \u0111\u1ed1i v\u1edbi \u0111\u1ed9 d\u00e0y th\u00e0nh c\u1ee7a l\u1edbp&#8230;<\/p>\n","protected":false},"author":2,"featured_media":14216,"parent":14445,"menu_order":0,"comment_status":"closed","ping_status":"closed","template":"","meta":{"_acf_changed":false,"footnotes":""},"class_list":["post-14458","page","type-page","status-publish","has-post-thumbnail","hentry","us_portfolio_tag-cap","us_portfolio_tag-day-dien"],"acf":[],"yoast_head":"<!-- This site is optimized with the Yoast SEO plugin v26.4 - https:\/\/yoast.com\/wordpress\/plugins\/seo\/ -->\n<title>D\u00e2y &amp; c\u00e1p - Movacolor<\/title>\n<meta name=\"description\" content=\"Movacolor cung c\u1ea5p \u0111\u1ea7y \u0111\u1ee7 c\u00e1c h\u1ec7 th\u1ed1ng \u0111\u1ecbnh l\u01b0\u1ee3ng th\u1ec3 t\u00edch v\u00e0 tr\u1ecdng l\u01b0\u1ee3ng gi\u00fap ki\u1ec3m so\u00e1t t\u1ed1i \u01b0u trong s\u1ea3n xu\u1ea5t c\u00e1p, b\u1ea5t k\u1ec3 \u1ee9ng d\u1ee5ng c\u1ee7a b\u1ea1n l\u00e0 g\u00ec.\" \/>\n<meta name=\"robots\" content=\"index, follow, max-snippet:-1, max-image-preview:large, max-video-preview:-1\" \/>\n<link rel=\"canonical\" href=\"https:\/\/www.movacolor.com\/vi\/cong-nghiep\/day-cap\/\" \/>\n<meta property=\"og:locale\" content=\"vi_VN\" \/>\n<meta property=\"og:type\" content=\"article\" \/>\n<meta property=\"og:title\" content=\"D\u00e2y &amp; c\u00e1p - Movacolor\" \/>\n<meta property=\"og:description\" content=\"Movacolor cung c\u1ea5p \u0111\u1ea7y \u0111\u1ee7 c\u00e1c h\u1ec7 th\u1ed1ng \u0111\u1ecbnh l\u01b0\u1ee3ng th\u1ec3 t\u00edch v\u00e0 tr\u1ecdng l\u01b0\u1ee3ng gi\u00fap ki\u1ec3m so\u00e1t t\u1ed1i \u01b0u trong s\u1ea3n xu\u1ea5t c\u00e1p, b\u1ea5t k\u1ec3 \u1ee9ng d\u1ee5ng c\u1ee7a b\u1ea1n l\u00e0 g\u00ec.\" \/>\n<meta property=\"og:url\" content=\"https:\/\/www.movacolor.com\/vi\/cong-nghiep\/day-cap\/\" \/>\n<meta property=\"og:site_name\" content=\"Movacolor\" \/>\n<meta property=\"og:image\" content=\"https:\/\/www.movacolor.com\/wp-content\/uploads\/2023\/03\/8-cables.jpg\" \/>\n\t<meta property=\"og:image:width\" content=\"567\" \/>\n\t<meta property=\"og:image:height\" content=\"847\" \/>\n\t<meta property=\"og:image:type\" content=\"image\/jpeg\" \/>\n<meta name=\"twitter:card\" content=\"summary_large_image\" \/>\n<meta name=\"twitter:label1\" content=\"Est. reading time\" \/>\n\t<meta name=\"twitter:data1\" content=\"1 minute\" \/>\n<script type=\"application\/ld+json\" class=\"yoast-schema-graph\">{\"@context\":\"https:\/\/schema.org\",\"@graph\":[{\"@type\":\"WebPage\",\"@id\":\"https:\/\/www.movacolor.com\/vi\/cong-nghiep\/day-cap\/\",\"url\":\"https:\/\/www.movacolor.com\/vi\/cong-nghiep\/day-cap\/\",\"name\":\"D\u00e2y & c\u00e1p - Movacolor\",\"isPartOf\":{\"@id\":\"https:\/\/www.movacolor.com\/vi\/#website\"},\"primaryImageOfPage\":{\"@id\":\"https:\/\/www.movacolor.com\/vi\/cong-nghiep\/day-cap\/#primaryimage\"},\"image\":{\"@id\":\"https:\/\/www.movacolor.com\/vi\/cong-nghiep\/day-cap\/#primaryimage\"},\"thumbnailUrl\":\"https:\/\/www.movacolor.com\/wp-content\/uploads\/2023\/03\/8-cables.jpg\",\"datePublished\":\"2023-01-13T13:32:21+00:00\",\"description\":\"Movacolor cung c\u1ea5p \u0111\u1ea7y \u0111\u1ee7 c\u00e1c h\u1ec7 th\u1ed1ng \u0111\u1ecbnh l\u01b0\u1ee3ng th\u1ec3 t\u00edch v\u00e0 tr\u1ecdng l\u01b0\u1ee3ng gi\u00fap ki\u1ec3m so\u00e1t t\u1ed1i \u01b0u trong s\u1ea3n xu\u1ea5t c\u00e1p, b\u1ea5t k\u1ec3 \u1ee9ng d\u1ee5ng c\u1ee7a b\u1ea1n l\u00e0 g\u00ec.\",\"breadcrumb\":{\"@id\":\"https:\/\/www.movacolor.com\/vi\/cong-nghiep\/day-cap\/#breadcrumb\"},\"inLanguage\":\"vi-VN\",\"potentialAction\":[{\"@type\":\"ReadAction\",\"target\":[\"https:\/\/www.movacolor.com\/vi\/cong-nghiep\/day-cap\/\"]}]},{\"@type\":\"ImageObject\",\"inLanguage\":\"vi-VN\",\"@id\":\"https:\/\/www.movacolor.com\/vi\/cong-nghiep\/day-cap\/#primaryimage\",\"url\":\"https:\/\/www.movacolor.com\/wp-content\/uploads\/2023\/03\/8-cables.jpg\",\"contentUrl\":\"https:\/\/www.movacolor.com\/wp-content\/uploads\/2023\/03\/8-cables.jpg\",\"width\":567,\"height\":847},{\"@type\":\"BreadcrumbList\",\"@id\":\"https:\/\/www.movacolor.com\/vi\/cong-nghiep\/day-cap\/#breadcrumb\",\"itemListElement\":[{\"@type\":\"ListItem\",\"position\":1,\"name\":\"Home\",\"item\":\"https:\/\/www.movacolor.com\/vi\/\"},{\"@type\":\"ListItem\",\"position\":2,\"name\":\"Ng\u00e0nh c\u00f4ng nghi\u1ec7p\",\"item\":\"https:\/\/www.movacolor.com\/vi\/industry\/\"},{\"@type\":\"ListItem\",\"position\":3,\"name\":\"D\u00e2y &#038; c\u00e1p\"}]},{\"@type\":\"WebSite\",\"@id\":\"https:\/\/www.movacolor.com\/vi\/#website\",\"url\":\"https:\/\/www.movacolor.com\/vi\/\",\"name\":\"Movacolor\",\"description\":\"modular dosing solutions\",\"potentialAction\":[{\"@type\":\"SearchAction\",\"target\":{\"@type\":\"EntryPoint\",\"urlTemplate\":\"https:\/\/www.movacolor.com\/vi\/?s={search_term_string}\"},\"query-input\":{\"@type\":\"PropertyValueSpecification\",\"valueRequired\":true,\"valueName\":\"search_term_string\"}}],\"inLanguage\":\"vi-VN\"}]}<\/script>\n<!-- \/ Yoast SEO plugin. -->","yoast_head_json":{"title":"D\u00e2y & c\u00e1p - Movacolor","description":"Movacolor cung c\u1ea5p \u0111\u1ea7y \u0111\u1ee7 c\u00e1c h\u1ec7 th\u1ed1ng \u0111\u1ecbnh l\u01b0\u1ee3ng th\u1ec3 t\u00edch v\u00e0 tr\u1ecdng l\u01b0\u1ee3ng gi\u00fap ki\u1ec3m so\u00e1t t\u1ed1i \u01b0u trong s\u1ea3n xu\u1ea5t c\u00e1p, b\u1ea5t k\u1ec3 \u1ee9ng d\u1ee5ng c\u1ee7a b\u1ea1n l\u00e0 g\u00ec.","robots":{"index":"index","follow":"follow","max-snippet":"max-snippet:-1","max-image-preview":"max-image-preview:large","max-video-preview":"max-video-preview:-1"},"canonical":"https:\/\/www.movacolor.com\/vi\/cong-nghiep\/day-cap\/","og_locale":"vi_VN","og_type":"article","og_title":"D\u00e2y & c\u00e1p - Movacolor","og_description":"Movacolor cung c\u1ea5p \u0111\u1ea7y \u0111\u1ee7 c\u00e1c h\u1ec7 th\u1ed1ng \u0111\u1ecbnh l\u01b0\u1ee3ng th\u1ec3 t\u00edch v\u00e0 tr\u1ecdng l\u01b0\u1ee3ng gi\u00fap ki\u1ec3m so\u00e1t t\u1ed1i \u01b0u trong s\u1ea3n xu\u1ea5t c\u00e1p, b\u1ea5t k\u1ec3 \u1ee9ng d\u1ee5ng c\u1ee7a b\u1ea1n l\u00e0 g\u00ec.","og_url":"https:\/\/www.movacolor.com\/vi\/cong-nghiep\/day-cap\/","og_site_name":"Movacolor","og_image":[{"width":567,"height":847,"url":"https:\/\/www.movacolor.com\/wp-content\/uploads\/2023\/03\/8-cables.jpg","type":"image\/jpeg"}],"twitter_card":"summary_large_image","twitter_misc":{"Est. reading time":"1 minute"},"schema":{"@context":"https:\/\/schema.org","@graph":[{"@type":"WebPage","@id":"https:\/\/www.movacolor.com\/vi\/cong-nghiep\/day-cap\/","url":"https:\/\/www.movacolor.com\/vi\/cong-nghiep\/day-cap\/","name":"D\u00e2y & c\u00e1p - Movacolor","isPartOf":{"@id":"https:\/\/www.movacolor.com\/vi\/#website"},"primaryImageOfPage":{"@id":"https:\/\/www.movacolor.com\/vi\/cong-nghiep\/day-cap\/#primaryimage"},"image":{"@id":"https:\/\/www.movacolor.com\/vi\/cong-nghiep\/day-cap\/#primaryimage"},"thumbnailUrl":"https:\/\/www.movacolor.com\/wp-content\/uploads\/2023\/03\/8-cables.jpg","datePublished":"2023-01-13T13:32:21+00:00","description":"Movacolor cung c\u1ea5p \u0111\u1ea7y \u0111\u1ee7 c\u00e1c h\u1ec7 th\u1ed1ng \u0111\u1ecbnh l\u01b0\u1ee3ng th\u1ec3 t\u00edch v\u00e0 tr\u1ecdng l\u01b0\u1ee3ng gi\u00fap ki\u1ec3m so\u00e1t t\u1ed1i \u01b0u trong s\u1ea3n xu\u1ea5t c\u00e1p, b\u1ea5t k\u1ec3 \u1ee9ng d\u1ee5ng c\u1ee7a b\u1ea1n l\u00e0 g\u00ec.","breadcrumb":{"@id":"https:\/\/www.movacolor.com\/vi\/cong-nghiep\/day-cap\/#breadcrumb"},"inLanguage":"vi-VN","potentialAction":[{"@type":"ReadAction","target":["https:\/\/www.movacolor.com\/vi\/cong-nghiep\/day-cap\/"]}]},{"@type":"ImageObject","inLanguage":"vi-VN","@id":"https:\/\/www.movacolor.com\/vi\/cong-nghiep\/day-cap\/#primaryimage","url":"https:\/\/www.movacolor.com\/wp-content\/uploads\/2023\/03\/8-cables.jpg","contentUrl":"https:\/\/www.movacolor.com\/wp-content\/uploads\/2023\/03\/8-cables.jpg","width":567,"height":847},{"@type":"BreadcrumbList","@id":"https:\/\/www.movacolor.com\/vi\/cong-nghiep\/day-cap\/#breadcrumb","itemListElement":[{"@type":"ListItem","position":1,"name":"Home","item":"https:\/\/www.movacolor.com\/vi\/"},{"@type":"ListItem","position":2,"name":"Ng\u00e0nh c\u00f4ng nghi\u1ec7p","item":"https:\/\/www.movacolor.com\/vi\/industry\/"},{"@type":"ListItem","position":3,"name":"D\u00e2y &#038; c\u00e1p"}]},{"@type":"WebSite","@id":"https:\/\/www.movacolor.com\/vi\/#website","url":"https:\/\/www.movacolor.com\/vi\/","name":"Movacolor","description":"modular dosing solutions","potentialAction":[{"@type":"SearchAction","target":{"@type":"EntryPoint","urlTemplate":"https:\/\/www.movacolor.com\/vi\/?s={search_term_string}"},"query-input":{"@type":"PropertyValueSpecification","valueRequired":true,"valueName":"search_term_string"}}],"inLanguage":"vi-VN"}]}},"_links":{"self":[{"href":"https:\/\/www.movacolor.com\/vi\/wp-json\/wp\/v2\/pages\/14458","targetHints":{"allow":["GET"]}}],"collection":[{"href":"https:\/\/www.movacolor.com\/vi\/wp-json\/wp\/v2\/pages"}],"about":[{"href":"https:\/\/www.movacolor.com\/vi\/wp-json\/wp\/v2\/types\/page"}],"author":[{"embeddable":true,"href":"https:\/\/www.movacolor.com\/vi\/wp-json\/wp\/v2\/users\/2"}],"replies":[{"embeddable":true,"href":"https:\/\/www.movacolor.com\/vi\/wp-json\/wp\/v2\/comments?post=14458"}],"version-history":[{"count":0,"href":"https:\/\/www.movacolor.com\/vi\/wp-json\/wp\/v2\/pages\/14458\/revisions"}],"up":[{"embeddable":true,"href":"https:\/\/www.movacolor.com\/vi\/wp-json\/wp\/v2\/pages\/14445"}],"wp:featuredmedia":[{"embeddable":true,"href":"https:\/\/www.movacolor.com\/vi\/wp-json\/wp\/v2\/media\/14216"}],"wp:attachment":[{"href":"https:\/\/www.movacolor.com\/vi\/wp-json\/wp\/v2\/media?parent=14458"}],"curies":[{"name":"wp","href":"https:\/\/api.w.org\/{rel}","templated":true}]}}