{"id":14457,"date":"2023-01-13T15:32:49","date_gmt":"2023-01-13T13:32:49","guid":{"rendered":"https:\/\/www.movacolor.com\/nganh-cong-nghiep\/mu-dong-cua\/"},"modified":"2023-01-13T15:32:49","modified_gmt":"2023-01-13T13:32:49","slug":"mu-dong-cua","status":"publish","type":"page","link":"https:\/\/www.movacolor.com\/vi\/nganh\/caps-dong-cua\/","title":{"rendered":"M\u0169 &#038; \u0111\u00f3ng c\u1eeda"},"content":{"rendered":"<p>Th\u1eddi gian l\u00e0 ti\u1ec1n b\u1ea1c khi s\u1ea3n xu\u1ea5t m\u0169 v\u00e0 \u0111\u00f3ng c\u1eeda. \u1ede t\u1ed1c \u0111\u1ed9 cao, m\u00e1y \u00e9p phun ho\u1eb7c m\u00e1y \u0111\u00f9n t\u1ea1o ra h\u00e0ng ngh\u00ecn n\u1eafp v\u00e0 n\u1eafp. Do \u0111\u00f3, vi\u1ec7c \u0111\u1ecbnh l\u01b0\u1ee3ng ch\u1ea5t l\u01b0\u1ee3ng cao v\u00e0 ch\u00ednh x\u00e1c l\u00e0 v\u00f4 c\u00f9ng quan tr\u1ecdng.<\/p>\n","protected":false},"excerpt":{"rendered":"<p>Th\u1eddi gian l\u00e0 ti\u1ec1n b\u1ea1c khi s\u1ea3n xu\u1ea5t m\u0169 v\u00e0 \u0111\u00f3ng c\u1eeda. \u1ede t\u1ed1c \u0111\u1ed9 cao, m\u00e1y \u00e9p phun ho\u1eb7c m\u00e1y \u0111\u00f9n t\u1ea1o ra h\u00e0ng ngh\u00ecn n\u1eafp v\u00e0 n\u1eafp. Do \u0111\u00f3, vi\u1ec7c \u0111\u1ecbnh l\u01b0\u1ee3ng ch\u1ea5t l\u01b0\u1ee3ng cao v\u00e0 ch\u00ednh x\u00e1c l\u00e0 v\u00f4 c\u00f9ng quan tr\u1ecdng.<\/p>\n","protected":false},"author":2,"featured_media":14277,"parent":14445,"menu_order":0,"comment_status":"closed","ping_status":"closed","template":"","meta":{"_acf_changed":false,"footnotes":""},"class_list":["post-14457","page","type-page","status-publish","has-post-thumbnail","hentry","us_portfolio_tag-dong-cua","us_portfolio_tag-mu"],"acf":[],"yoast_head":"<!-- This site is optimized with the Yoast SEO plugin v26.4 - https:\/\/yoast.com\/wordpress\/plugins\/seo\/ -->\n<title>M\u0169 &amp; \u0111\u00f3ng c\u1eeda - Movacolor<\/title>\n<meta name=\"description\" content=\"H\u1ec7 th\u1ed1ng \u0111\u1ecbnh l\u01b0\u1ee3ng Movacolor d\u00e0nh cho n\u1eafp v\u00e0 n\u1eafp m\u00e0u c\u00f3 th\u1ec3 x\u1eed l\u00fd c\u00e1c lo\u1ea1i ph\u1ee5 gia kh\u00e1c nhau nh\u01b0 masterbatch, b\u1ed9t, nghi\u1ec1n l\u1ea1i v\u00e0 ph\u1ee5 gia tr\u01b0\u1ee3t. T\u00ecm hi\u1ec3u l\u00e0m th\u1ebf n\u00e0o!\" \/>\n<meta name=\"robots\" content=\"index, follow, max-snippet:-1, max-image-preview:large, max-video-preview:-1\" \/>\n<link rel=\"canonical\" href=\"https:\/\/www.movacolor.com\/vi\/nganh\/caps-dong-cua\/\" \/>\n<meta property=\"og:locale\" content=\"vi_VN\" \/>\n<meta property=\"og:type\" content=\"article\" \/>\n<meta property=\"og:title\" content=\"M\u0169 &amp; \u0111\u00f3ng c\u1eeda - Movacolor\" \/>\n<meta property=\"og:description\" content=\"H\u1ec7 th\u1ed1ng \u0111\u1ecbnh l\u01b0\u1ee3ng Movacolor d\u00e0nh cho n\u1eafp v\u00e0 n\u1eafp m\u00e0u c\u00f3 th\u1ec3 x\u1eed l\u00fd c\u00e1c lo\u1ea1i ph\u1ee5 gia kh\u00e1c nhau nh\u01b0 masterbatch, b\u1ed9t, nghi\u1ec1n l\u1ea1i v\u00e0 ph\u1ee5 gia tr\u01b0\u1ee3t. T\u00ecm hi\u1ec3u l\u00e0m th\u1ebf n\u00e0o!\" \/>\n<meta property=\"og:url\" content=\"https:\/\/www.movacolor.com\/vi\/nganh\/caps-dong-cua\/\" \/>\n<meta property=\"og:site_name\" content=\"Movacolor\" \/>\n<meta property=\"og:image\" content=\"https:\/\/www.movacolor.com\/wp-content\/uploads\/2023\/03\/5-Caps-and-closures.jpg\" \/>\n\t<meta property=\"og:image:width\" content=\"851\" \/>\n\t<meta property=\"og:image:height\" content=\"564\" \/>\n\t<meta property=\"og:image:type\" content=\"image\/jpeg\" \/>\n<meta name=\"twitter:card\" content=\"summary_large_image\" \/>\n<script type=\"application\/ld+json\" class=\"yoast-schema-graph\">{\"@context\":\"https:\/\/schema.org\",\"@graph\":[{\"@type\":\"WebPage\",\"@id\":\"https:\/\/www.movacolor.com\/vi\/nganh\/caps-dong-cua\/\",\"url\":\"https:\/\/www.movacolor.com\/vi\/nganh\/caps-dong-cua\/\",\"name\":\"M\u0169 & \u0111\u00f3ng c\u1eeda - Movacolor\",\"isPartOf\":{\"@id\":\"https:\/\/www.movacolor.com\/vi\/#website\"},\"primaryImageOfPage\":{\"@id\":\"https:\/\/www.movacolor.com\/vi\/nganh\/caps-dong-cua\/#primaryimage\"},\"image\":{\"@id\":\"https:\/\/www.movacolor.com\/vi\/nganh\/caps-dong-cua\/#primaryimage\"},\"thumbnailUrl\":\"https:\/\/www.movacolor.com\/wp-content\/uploads\/2023\/03\/5-Caps-and-closures.jpg\",\"datePublished\":\"2023-01-13T13:32:49+00:00\",\"description\":\"H\u1ec7 th\u1ed1ng \u0111\u1ecbnh l\u01b0\u1ee3ng Movacolor d\u00e0nh cho n\u1eafp v\u00e0 n\u1eafp m\u00e0u c\u00f3 th\u1ec3 x\u1eed l\u00fd c\u00e1c lo\u1ea1i ph\u1ee5 gia kh\u00e1c nhau nh\u01b0 masterbatch, b\u1ed9t, nghi\u1ec1n l\u1ea1i v\u00e0 ph\u1ee5 gia tr\u01b0\u1ee3t. T\u00ecm hi\u1ec3u l\u00e0m th\u1ebf n\u00e0o!\",\"breadcrumb\":{\"@id\":\"https:\/\/www.movacolor.com\/vi\/nganh\/caps-dong-cua\/#breadcrumb\"},\"inLanguage\":\"vi-VN\",\"potentialAction\":[{\"@type\":\"ReadAction\",\"target\":[\"https:\/\/www.movacolor.com\/vi\/nganh\/caps-dong-cua\/\"]}]},{\"@type\":\"ImageObject\",\"inLanguage\":\"vi-VN\",\"@id\":\"https:\/\/www.movacolor.com\/vi\/nganh\/caps-dong-cua\/#primaryimage\",\"url\":\"https:\/\/www.movacolor.com\/wp-content\/uploads\/2023\/03\/5-Caps-and-closures.jpg\",\"contentUrl\":\"https:\/\/www.movacolor.com\/wp-content\/uploads\/2023\/03\/5-Caps-and-closures.jpg\",\"width\":851,\"height\":564},{\"@type\":\"BreadcrumbList\",\"@id\":\"https:\/\/www.movacolor.com\/vi\/nganh\/caps-dong-cua\/#breadcrumb\",\"itemListElement\":[{\"@type\":\"ListItem\",\"position\":1,\"name\":\"Home\",\"item\":\"https:\/\/www.movacolor.com\/vi\/\"},{\"@type\":\"ListItem\",\"position\":2,\"name\":\"Ng\u00e0nh c\u00f4ng nghi\u1ec7p\",\"item\":\"https:\/\/www.movacolor.com\/vi\/industry\/\"},{\"@type\":\"ListItem\",\"position\":3,\"name\":\"M\u0169 &#038; \u0111\u00f3ng c\u1eeda\"}]},{\"@type\":\"WebSite\",\"@id\":\"https:\/\/www.movacolor.com\/vi\/#website\",\"url\":\"https:\/\/www.movacolor.com\/vi\/\",\"name\":\"Movacolor\",\"description\":\"modular dosing solutions\",\"potentialAction\":[{\"@type\":\"SearchAction\",\"target\":{\"@type\":\"EntryPoint\",\"urlTemplate\":\"https:\/\/www.movacolor.com\/vi\/?s={search_term_string}\"},\"query-input\":{\"@type\":\"PropertyValueSpecification\",\"valueRequired\":true,\"valueName\":\"search_term_string\"}}],\"inLanguage\":\"vi-VN\"}]}<\/script>\n<!-- \/ Yoast SEO plugin. -->","yoast_head_json":{"title":"M\u0169 & \u0111\u00f3ng c\u1eeda - Movacolor","description":"H\u1ec7 th\u1ed1ng \u0111\u1ecbnh l\u01b0\u1ee3ng Movacolor d\u00e0nh cho n\u1eafp v\u00e0 n\u1eafp m\u00e0u c\u00f3 th\u1ec3 x\u1eed l\u00fd c\u00e1c lo\u1ea1i ph\u1ee5 gia kh\u00e1c nhau nh\u01b0 masterbatch, b\u1ed9t, nghi\u1ec1n l\u1ea1i v\u00e0 ph\u1ee5 gia tr\u01b0\u1ee3t. T\u00ecm hi\u1ec3u l\u00e0m th\u1ebf n\u00e0o!","robots":{"index":"index","follow":"follow","max-snippet":"max-snippet:-1","max-image-preview":"max-image-preview:large","max-video-preview":"max-video-preview:-1"},"canonical":"https:\/\/www.movacolor.com\/vi\/nganh\/caps-dong-cua\/","og_locale":"vi_VN","og_type":"article","og_title":"M\u0169 & \u0111\u00f3ng c\u1eeda - Movacolor","og_description":"H\u1ec7 th\u1ed1ng \u0111\u1ecbnh l\u01b0\u1ee3ng Movacolor d\u00e0nh cho n\u1eafp v\u00e0 n\u1eafp m\u00e0u c\u00f3 th\u1ec3 x\u1eed l\u00fd c\u00e1c lo\u1ea1i ph\u1ee5 gia kh\u00e1c nhau nh\u01b0 masterbatch, b\u1ed9t, nghi\u1ec1n l\u1ea1i v\u00e0 ph\u1ee5 gia tr\u01b0\u1ee3t. T\u00ecm hi\u1ec3u l\u00e0m th\u1ebf n\u00e0o!","og_url":"https:\/\/www.movacolor.com\/vi\/nganh\/caps-dong-cua\/","og_site_name":"Movacolor","og_image":[{"width":851,"height":564,"url":"https:\/\/www.movacolor.com\/wp-content\/uploads\/2023\/03\/5-Caps-and-closures.jpg","type":"image\/jpeg"}],"twitter_card":"summary_large_image","schema":{"@context":"https:\/\/schema.org","@graph":[{"@type":"WebPage","@id":"https:\/\/www.movacolor.com\/vi\/nganh\/caps-dong-cua\/","url":"https:\/\/www.movacolor.com\/vi\/nganh\/caps-dong-cua\/","name":"M\u0169 & \u0111\u00f3ng c\u1eeda - Movacolor","isPartOf":{"@id":"https:\/\/www.movacolor.com\/vi\/#website"},"primaryImageOfPage":{"@id":"https:\/\/www.movacolor.com\/vi\/nganh\/caps-dong-cua\/#primaryimage"},"image":{"@id":"https:\/\/www.movacolor.com\/vi\/nganh\/caps-dong-cua\/#primaryimage"},"thumbnailUrl":"https:\/\/www.movacolor.com\/wp-content\/uploads\/2023\/03\/5-Caps-and-closures.jpg","datePublished":"2023-01-13T13:32:49+00:00","description":"H\u1ec7 th\u1ed1ng \u0111\u1ecbnh l\u01b0\u1ee3ng Movacolor d\u00e0nh cho n\u1eafp v\u00e0 n\u1eafp m\u00e0u c\u00f3 th\u1ec3 x\u1eed l\u00fd c\u00e1c lo\u1ea1i ph\u1ee5 gia kh\u00e1c nhau nh\u01b0 masterbatch, b\u1ed9t, nghi\u1ec1n l\u1ea1i v\u00e0 ph\u1ee5 gia tr\u01b0\u1ee3t. T\u00ecm hi\u1ec3u l\u00e0m th\u1ebf n\u00e0o!","breadcrumb":{"@id":"https:\/\/www.movacolor.com\/vi\/nganh\/caps-dong-cua\/#breadcrumb"},"inLanguage":"vi-VN","potentialAction":[{"@type":"ReadAction","target":["https:\/\/www.movacolor.com\/vi\/nganh\/caps-dong-cua\/"]}]},{"@type":"ImageObject","inLanguage":"vi-VN","@id":"https:\/\/www.movacolor.com\/vi\/nganh\/caps-dong-cua\/#primaryimage","url":"https:\/\/www.movacolor.com\/wp-content\/uploads\/2023\/03\/5-Caps-and-closures.jpg","contentUrl":"https:\/\/www.movacolor.com\/wp-content\/uploads\/2023\/03\/5-Caps-and-closures.jpg","width":851,"height":564},{"@type":"BreadcrumbList","@id":"https:\/\/www.movacolor.com\/vi\/nganh\/caps-dong-cua\/#breadcrumb","itemListElement":[{"@type":"ListItem","position":1,"name":"Home","item":"https:\/\/www.movacolor.com\/vi\/"},{"@type":"ListItem","position":2,"name":"Ng\u00e0nh c\u00f4ng nghi\u1ec7p","item":"https:\/\/www.movacolor.com\/vi\/industry\/"},{"@type":"ListItem","position":3,"name":"M\u0169 &#038; \u0111\u00f3ng c\u1eeda"}]},{"@type":"WebSite","@id":"https:\/\/www.movacolor.com\/vi\/#website","url":"https:\/\/www.movacolor.com\/vi\/","name":"Movacolor","description":"modular dosing solutions","potentialAction":[{"@type":"SearchAction","target":{"@type":"EntryPoint","urlTemplate":"https:\/\/www.movacolor.com\/vi\/?s={search_term_string}"},"query-input":{"@type":"PropertyValueSpecification","valueRequired":true,"valueName":"search_term_string"}}],"inLanguage":"vi-VN"}]}},"_links":{"self":[{"href":"https:\/\/www.movacolor.com\/vi\/wp-json\/wp\/v2\/pages\/14457","targetHints":{"allow":["GET"]}}],"collection":[{"href":"https:\/\/www.movacolor.com\/vi\/wp-json\/wp\/v2\/pages"}],"about":[{"href":"https:\/\/www.movacolor.com\/vi\/wp-json\/wp\/v2\/types\/page"}],"author":[{"embeddable":true,"href":"https:\/\/www.movacolor.com\/vi\/wp-json\/wp\/v2\/users\/2"}],"replies":[{"embeddable":true,"href":"https:\/\/www.movacolor.com\/vi\/wp-json\/wp\/v2\/comments?post=14457"}],"version-history":[{"count":0,"href":"https:\/\/www.movacolor.com\/vi\/wp-json\/wp\/v2\/pages\/14457\/revisions"}],"up":[{"embeddable":true,"href":"https:\/\/www.movacolor.com\/vi\/wp-json\/wp\/v2\/pages\/14445"}],"wp:featuredmedia":[{"embeddable":true,"href":"https:\/\/www.movacolor.com\/vi\/wp-json\/wp\/v2\/media\/14277"}],"wp:attachment":[{"href":"https:\/\/www.movacolor.com\/vi\/wp-json\/wp\/v2\/media?parent=14457"}],"curies":[{"name":"wp","href":"https:\/\/api.w.org\/{rel}","templated":true}]}}