{"id":14455,"date":"2023-01-03T12:38:08","date_gmt":"2023-01-03T10:38:08","guid":{"rendered":"https:\/\/www.movacolor.com\/nganh-cong-nghiep\/ho-gia-dinh\/"},"modified":"2023-01-03T12:38:08","modified_gmt":"2023-01-03T10:38:08","slug":"ho-gia-dinh","status":"publish","type":"page","link":"https:\/\/www.movacolor.com\/vi\/cong-nghiep\/ho-gia-dinh\/","title":{"rendered":"H\u1ed9 gia \u0111\u00ecnh"},"content":{"rendered":"<p>B\u1ea1n s\u1ea3n xu\u1ea5t c\u00e1c s\u1ea3n ph\u1ea9m gia d\u1ee5ng b\u1eb1ng m\u00e1y \u00e9p phun ho\u1eb7c m\u00e1y \u0111\u00f9n m\u00e0ng th\u1ed5i? V\u1eady th\u00ec b\u1ea1n \u0111\u00e3 bi\u1ebft r\u1eb1ng b\u1ea1n c\u1ea7n m\u1ed9t h\u1ec7 th\u1ed1ng \u0111\u1ecbnh l\u01b0\u1ee3ng \u1ed5n \u0111\u1ecbnh \u0111\u1ec3 \u0111\u1ecbnh l\u01b0\u1ee3ng masterbatch, b\u1ed9t, nghi\u1ec1n l\u1ea1i ho\u1eb7c ch\u1ea5t l\u1ecfng th\u1eadt ch\u00ednh x\u00e1c. Ch\u1ea5t l\u01b0\u1ee3ng cao nh\u1ea5t qu\u00e1n c\u1ee7a s\u1ea3n ph\u1ea9m cu\u1ed1i c\u00f9ng l\u00e0 \u0111i\u1ec1u b\u1eaft bu\u1ed9c \u0111\u1ed1i v\u1edbi c\u00e1c nh\u00e0 s\u1ea3n xu\u1ea5t s\u1ea3n ph\u1ea9m nh\u1ef1a gia d\u1ee5ng tr\u00ean to\u00e0n th\u1ebf gi\u1edbi.<\/p>\n","protected":false},"excerpt":{"rendered":"<p>B\u1ea1n s\u1ea3n xu\u1ea5t c\u00e1c s\u1ea3n ph\u1ea9m gia d\u1ee5ng b\u1eb1ng m\u00e1y \u00e9p phun ho\u1eb7c m\u00e1y \u0111\u00f9n m\u00e0ng th\u1ed5i? V\u1eady th\u00ec b\u1ea1n \u0111\u00e3 bi\u1ebft r\u1eb1ng b\u1ea1n c\u1ea7n m\u1ed9t h\u1ec7 th\u1ed1ng \u0111\u1ecbnh l\u01b0\u1ee3ng \u1ed5n \u0111\u1ecbnh \u0111\u1ec3 \u0111\u1ecbnh l\u01b0\u1ee3ng masterbatch, b\u1ed9t, nghi\u1ec1n l\u1ea1i ho\u1eb7c ch\u1ea5t l\u1ecfng th\u1eadt ch\u00ednh x\u00e1c. Ch\u1ea5t l\u01b0\u1ee3ng cao nh\u1ea5t qu\u00e1n c\u1ee7a s\u1ea3n ph\u1ea9m cu\u1ed1i c\u00f9ng&#8230;<\/p>\n","protected":false},"author":2,"featured_media":14456,"parent":14445,"menu_order":0,"comment_status":"closed","ping_status":"closed","template":"","meta":{"_acf_changed":false,"footnotes":""},"class_list":["post-14455","page","type-page","status-publish","has-post-thumbnail","hentry","us_portfolio_tag-ho-gia-dinh"],"acf":[],"yoast_head":"<!-- This site is optimized with the Yoast SEO plugin v26.4 - https:\/\/yoast.com\/wordpress\/plugins\/seo\/ -->\n<title>H\u1ed9 gia \u0111\u00ecnh - Movacolor<\/title>\n<meta name=\"description\" content=\"Kh\u00e1m ph\u00e1 Gravimetric c\u1ee7a ch\u00fang t\u00f4i \u0111\u1ec3 s\u1ea3n xu\u1ea5t nh\u1ef1a cho thi\u1ebft b\u1ecb gia d\u1ee5ng. \u0110\u01b0\u1ee3c x\u00e2y d\u1ef1ng \u0111\u1ec3 gi\u1ea3m th\u1eddi gian ng\u1eebng ho\u1ea1t \u0111\u1ed9ng, chi ph\u00ed v\u1eadt li\u1ec7u v\u00e0 ho\u1ea1t \u0111\u1ed9ng k\u00e9m hi\u1ec7u qu\u1ea3.\" \/>\n<meta name=\"robots\" content=\"index, follow, max-snippet:-1, max-image-preview:large, max-video-preview:-1\" \/>\n<link rel=\"canonical\" href=\"https:\/\/www.movacolor.com\/vi\/cong-nghiep\/ho-gia-dinh\/\" \/>\n<meta property=\"og:locale\" content=\"vi_VN\" \/>\n<meta property=\"og:type\" content=\"article\" \/>\n<meta property=\"og:title\" content=\"H\u1ed9 gia \u0111\u00ecnh - Movacolor\" \/>\n<meta property=\"og:description\" content=\"Kh\u00e1m ph\u00e1 Gravimetric c\u1ee7a ch\u00fang t\u00f4i \u0111\u1ec3 s\u1ea3n xu\u1ea5t nh\u1ef1a cho thi\u1ebft b\u1ecb gia d\u1ee5ng. \u0110\u01b0\u1ee3c x\u00e2y d\u1ef1ng \u0111\u1ec3 gi\u1ea3m th\u1eddi gian ng\u1eebng ho\u1ea1t \u0111\u1ed9ng, chi ph\u00ed v\u1eadt li\u1ec7u v\u00e0 ho\u1ea1t \u0111\u1ed9ng k\u00e9m hi\u1ec7u qu\u1ea3.\" \/>\n<meta property=\"og:url\" content=\"https:\/\/www.movacolor.com\/vi\/cong-nghiep\/ho-gia-dinh\/\" \/>\n<meta property=\"og:site_name\" content=\"Movacolor\" \/>\n<meta property=\"og:image\" content=\"https:\/\/www.movacolor.com\/wp-content\/uploads\/2023\/03\/Household.jpg\" \/>\n\t<meta property=\"og:image:width\" content=\"723\" \/>\n\t<meta property=\"og:image:height\" content=\"664\" \/>\n\t<meta property=\"og:image:type\" content=\"image\/jpeg\" \/>\n<meta name=\"twitter:card\" content=\"summary_large_image\" \/>\n<meta name=\"twitter:label1\" content=\"Est. reading time\" \/>\n\t<meta name=\"twitter:data1\" content=\"1 minute\" \/>\n<script type=\"application\/ld+json\" class=\"yoast-schema-graph\">{\"@context\":\"https:\/\/schema.org\",\"@graph\":[{\"@type\":\"WebPage\",\"@id\":\"https:\/\/www.movacolor.com\/vi\/cong-nghiep\/ho-gia-dinh\/\",\"url\":\"https:\/\/www.movacolor.com\/vi\/cong-nghiep\/ho-gia-dinh\/\",\"name\":\"H\u1ed9 gia \u0111\u00ecnh - Movacolor\",\"isPartOf\":{\"@id\":\"https:\/\/www.movacolor.com\/vi\/#website\"},\"primaryImageOfPage\":{\"@id\":\"https:\/\/www.movacolor.com\/vi\/cong-nghiep\/ho-gia-dinh\/#primaryimage\"},\"image\":{\"@id\":\"https:\/\/www.movacolor.com\/vi\/cong-nghiep\/ho-gia-dinh\/#primaryimage\"},\"thumbnailUrl\":\"https:\/\/www.movacolor.com\/wp-content\/uploads\/2023\/03\/Household.jpg\",\"datePublished\":\"2023-01-03T10:38:08+00:00\",\"description\":\"Kh\u00e1m ph\u00e1 Gravimetric c\u1ee7a ch\u00fang t\u00f4i \u0111\u1ec3 s\u1ea3n xu\u1ea5t nh\u1ef1a cho thi\u1ebft b\u1ecb gia d\u1ee5ng. \u0110\u01b0\u1ee3c x\u00e2y d\u1ef1ng \u0111\u1ec3 gi\u1ea3m th\u1eddi gian ng\u1eebng ho\u1ea1t \u0111\u1ed9ng, chi ph\u00ed v\u1eadt li\u1ec7u v\u00e0 ho\u1ea1t \u0111\u1ed9ng k\u00e9m hi\u1ec7u qu\u1ea3.\",\"breadcrumb\":{\"@id\":\"https:\/\/www.movacolor.com\/vi\/cong-nghiep\/ho-gia-dinh\/#breadcrumb\"},\"inLanguage\":\"vi-VN\",\"potentialAction\":[{\"@type\":\"ReadAction\",\"target\":[\"https:\/\/www.movacolor.com\/vi\/cong-nghiep\/ho-gia-dinh\/\"]}]},{\"@type\":\"ImageObject\",\"inLanguage\":\"vi-VN\",\"@id\":\"https:\/\/www.movacolor.com\/vi\/cong-nghiep\/ho-gia-dinh\/#primaryimage\",\"url\":\"https:\/\/www.movacolor.com\/wp-content\/uploads\/2023\/03\/Household.jpg\",\"contentUrl\":\"https:\/\/www.movacolor.com\/wp-content\/uploads\/2023\/03\/Household.jpg\",\"width\":723,\"height\":664},{\"@type\":\"BreadcrumbList\",\"@id\":\"https:\/\/www.movacolor.com\/vi\/cong-nghiep\/ho-gia-dinh\/#breadcrumb\",\"itemListElement\":[{\"@type\":\"ListItem\",\"position\":1,\"name\":\"Home\",\"item\":\"https:\/\/www.movacolor.com\/vi\/\"},{\"@type\":\"ListItem\",\"position\":2,\"name\":\"Ng\u00e0nh c\u00f4ng nghi\u1ec7p\",\"item\":\"https:\/\/www.movacolor.com\/vi\/industry\/\"},{\"@type\":\"ListItem\",\"position\":3,\"name\":\"H\u1ed9 gia \u0111\u00ecnh\"}]},{\"@type\":\"WebSite\",\"@id\":\"https:\/\/www.movacolor.com\/vi\/#website\",\"url\":\"https:\/\/www.movacolor.com\/vi\/\",\"name\":\"Movacolor\",\"description\":\"modular dosing solutions\",\"potentialAction\":[{\"@type\":\"SearchAction\",\"target\":{\"@type\":\"EntryPoint\",\"urlTemplate\":\"https:\/\/www.movacolor.com\/vi\/?s={search_term_string}\"},\"query-input\":{\"@type\":\"PropertyValueSpecification\",\"valueRequired\":true,\"valueName\":\"search_term_string\"}}],\"inLanguage\":\"vi-VN\"}]}<\/script>\n<!-- \/ Yoast SEO plugin. -->","yoast_head_json":{"title":"H\u1ed9 gia \u0111\u00ecnh - Movacolor","description":"Kh\u00e1m ph\u00e1 Gravimetric c\u1ee7a ch\u00fang t\u00f4i \u0111\u1ec3 s\u1ea3n xu\u1ea5t nh\u1ef1a cho thi\u1ebft b\u1ecb gia d\u1ee5ng. \u0110\u01b0\u1ee3c x\u00e2y d\u1ef1ng \u0111\u1ec3 gi\u1ea3m th\u1eddi gian ng\u1eebng ho\u1ea1t \u0111\u1ed9ng, chi ph\u00ed v\u1eadt li\u1ec7u v\u00e0 ho\u1ea1t \u0111\u1ed9ng k\u00e9m hi\u1ec7u qu\u1ea3.","robots":{"index":"index","follow":"follow","max-snippet":"max-snippet:-1","max-image-preview":"max-image-preview:large","max-video-preview":"max-video-preview:-1"},"canonical":"https:\/\/www.movacolor.com\/vi\/cong-nghiep\/ho-gia-dinh\/","og_locale":"vi_VN","og_type":"article","og_title":"H\u1ed9 gia \u0111\u00ecnh - Movacolor","og_description":"Kh\u00e1m ph\u00e1 Gravimetric c\u1ee7a ch\u00fang t\u00f4i \u0111\u1ec3 s\u1ea3n xu\u1ea5t nh\u1ef1a cho thi\u1ebft b\u1ecb gia d\u1ee5ng. \u0110\u01b0\u1ee3c x\u00e2y d\u1ef1ng \u0111\u1ec3 gi\u1ea3m th\u1eddi gian ng\u1eebng ho\u1ea1t \u0111\u1ed9ng, chi ph\u00ed v\u1eadt li\u1ec7u v\u00e0 ho\u1ea1t \u0111\u1ed9ng k\u00e9m hi\u1ec7u qu\u1ea3.","og_url":"https:\/\/www.movacolor.com\/vi\/cong-nghiep\/ho-gia-dinh\/","og_site_name":"Movacolor","og_image":[{"width":723,"height":664,"url":"https:\/\/www.movacolor.com\/wp-content\/uploads\/2023\/03\/Household.jpg","type":"image\/jpeg"}],"twitter_card":"summary_large_image","twitter_misc":{"Est. reading time":"1 minute"},"schema":{"@context":"https:\/\/schema.org","@graph":[{"@type":"WebPage","@id":"https:\/\/www.movacolor.com\/vi\/cong-nghiep\/ho-gia-dinh\/","url":"https:\/\/www.movacolor.com\/vi\/cong-nghiep\/ho-gia-dinh\/","name":"H\u1ed9 gia \u0111\u00ecnh - Movacolor","isPartOf":{"@id":"https:\/\/www.movacolor.com\/vi\/#website"},"primaryImageOfPage":{"@id":"https:\/\/www.movacolor.com\/vi\/cong-nghiep\/ho-gia-dinh\/#primaryimage"},"image":{"@id":"https:\/\/www.movacolor.com\/vi\/cong-nghiep\/ho-gia-dinh\/#primaryimage"},"thumbnailUrl":"https:\/\/www.movacolor.com\/wp-content\/uploads\/2023\/03\/Household.jpg","datePublished":"2023-01-03T10:38:08+00:00","description":"Kh\u00e1m ph\u00e1 Gravimetric c\u1ee7a ch\u00fang t\u00f4i \u0111\u1ec3 s\u1ea3n xu\u1ea5t nh\u1ef1a cho thi\u1ebft b\u1ecb gia d\u1ee5ng. \u0110\u01b0\u1ee3c x\u00e2y d\u1ef1ng \u0111\u1ec3 gi\u1ea3m th\u1eddi gian ng\u1eebng ho\u1ea1t \u0111\u1ed9ng, chi ph\u00ed v\u1eadt li\u1ec7u v\u00e0 ho\u1ea1t \u0111\u1ed9ng k\u00e9m hi\u1ec7u qu\u1ea3.","breadcrumb":{"@id":"https:\/\/www.movacolor.com\/vi\/cong-nghiep\/ho-gia-dinh\/#breadcrumb"},"inLanguage":"vi-VN","potentialAction":[{"@type":"ReadAction","target":["https:\/\/www.movacolor.com\/vi\/cong-nghiep\/ho-gia-dinh\/"]}]},{"@type":"ImageObject","inLanguage":"vi-VN","@id":"https:\/\/www.movacolor.com\/vi\/cong-nghiep\/ho-gia-dinh\/#primaryimage","url":"https:\/\/www.movacolor.com\/wp-content\/uploads\/2023\/03\/Household.jpg","contentUrl":"https:\/\/www.movacolor.com\/wp-content\/uploads\/2023\/03\/Household.jpg","width":723,"height":664},{"@type":"BreadcrumbList","@id":"https:\/\/www.movacolor.com\/vi\/cong-nghiep\/ho-gia-dinh\/#breadcrumb","itemListElement":[{"@type":"ListItem","position":1,"name":"Home","item":"https:\/\/www.movacolor.com\/vi\/"},{"@type":"ListItem","position":2,"name":"Ng\u00e0nh c\u00f4ng nghi\u1ec7p","item":"https:\/\/www.movacolor.com\/vi\/industry\/"},{"@type":"ListItem","position":3,"name":"H\u1ed9 gia \u0111\u00ecnh"}]},{"@type":"WebSite","@id":"https:\/\/www.movacolor.com\/vi\/#website","url":"https:\/\/www.movacolor.com\/vi\/","name":"Movacolor","description":"modular dosing solutions","potentialAction":[{"@type":"SearchAction","target":{"@type":"EntryPoint","urlTemplate":"https:\/\/www.movacolor.com\/vi\/?s={search_term_string}"},"query-input":{"@type":"PropertyValueSpecification","valueRequired":true,"valueName":"search_term_string"}}],"inLanguage":"vi-VN"}]}},"_links":{"self":[{"href":"https:\/\/www.movacolor.com\/vi\/wp-json\/wp\/v2\/pages\/14455","targetHints":{"allow":["GET"]}}],"collection":[{"href":"https:\/\/www.movacolor.com\/vi\/wp-json\/wp\/v2\/pages"}],"about":[{"href":"https:\/\/www.movacolor.com\/vi\/wp-json\/wp\/v2\/types\/page"}],"author":[{"embeddable":true,"href":"https:\/\/www.movacolor.com\/vi\/wp-json\/wp\/v2\/users\/2"}],"replies":[{"embeddable":true,"href":"https:\/\/www.movacolor.com\/vi\/wp-json\/wp\/v2\/comments?post=14455"}],"version-history":[{"count":0,"href":"https:\/\/www.movacolor.com\/vi\/wp-json\/wp\/v2\/pages\/14455\/revisions"}],"up":[{"embeddable":true,"href":"https:\/\/www.movacolor.com\/vi\/wp-json\/wp\/v2\/pages\/14445"}],"wp:featuredmedia":[{"embeddable":true,"href":"https:\/\/www.movacolor.com\/vi\/wp-json\/wp\/v2\/media\/14456"}],"wp:attachment":[{"href":"https:\/\/www.movacolor.com\/vi\/wp-json\/wp\/v2\/media?parent=14455"}],"curies":[{"name":"wp","href":"https:\/\/api.w.org\/{rel}","templated":true}]}}