{"id":14454,"date":"2023-01-19T10:53:27","date_gmt":"2023-01-19T08:53:27","guid":{"rendered":"https:\/\/www.movacolor.com\/nganh-cong-nghiep\/phim-anh\/"},"modified":"2023-01-19T10:53:27","modified_gmt":"2023-01-19T08:53:27","slug":"phim-anh","status":"publish","type":"page","link":"https:\/\/www.movacolor.com\/vi\/nganh\/phim\/","title":{"rendered":"Phim \u1ea3nh"},"content":{"rendered":"<p>Ch\u1ec9 c\u00f3 ch\u1ea5t l\u01b0\u1ee3ng cao nh\u1ea5t m\u1edbi \u0111\u1ee7 t\u1ed1t trong qu\u00e1 tr\u00ecnh \u00e9p \u0111\u00f9n s\u1ea3n xu\u1ea5t m\u00e0ng nh\u1ef1a. Nh\u01b0ng l\u00e0m th\u1ebf n\u00e0o \u0111\u1ec3 \u0111\u1ea3m b\u1ea3o quy tr\u00ecnh s\u1ea3n xu\u1ea5t \u1ed5n \u0111\u1ecbnh, ch\u1ea5t l\u01b0\u1ee3ng, \u0111\u1ed3ng th\u1eddi ti\u1ebft ki\u1ec7m chi ph\u00ed h\u1ea1t ho\u1eb7c b\u1ed9t? B\u1eb1ng c\u00e1ch s\u1eed d\u1ee5ng h\u1ec7 th\u1ed1ng \u0111\u1ecbnh l\u01b0\u1ee3ng theo tr\u1ecdng l\u01b0\u1ee3ng ho\u1eb7c th\u1ec3 t\u00edch \u0111\u00e3 \u0111\u01b0\u1ee3c ch\u1ee9ng minh trong l\u0129nh v\u1ef1c \u00e9p \u0111\u00f9n tr\u00ean to\u00e0n th\u1ebf gi\u1edbi.<\/p>\n","protected":false},"excerpt":{"rendered":"<p>Ch\u1ec9 c\u00f3 ch\u1ea5t l\u01b0\u1ee3ng cao nh\u1ea5t m\u1edbi \u0111\u1ee7 t\u1ed1t trong qu\u00e1 tr\u00ecnh \u00e9p \u0111\u00f9n s\u1ea3n xu\u1ea5t m\u00e0ng nh\u1ef1a. Nh\u01b0ng l\u00e0m th\u1ebf n\u00e0o \u0111\u1ec3 \u0111\u1ea3m b\u1ea3o quy tr\u00ecnh s\u1ea3n xu\u1ea5t \u1ed5n \u0111\u1ecbnh, ch\u1ea5t l\u01b0\u1ee3ng, \u0111\u1ed3ng th\u1eddi ti\u1ebft ki\u1ec7m chi ph\u00ed h\u1ea1t ho\u1eb7c b\u1ed9t? B\u1eb1ng c\u00e1ch s\u1eed d\u1ee5ng h\u1ec7 th\u1ed1ng \u0111\u1ecbnh l\u01b0\u1ee3ng theo tr\u1ecdng l\u01b0\u1ee3ng ho\u1eb7c th\u1ec3&#8230;<\/p>\n","protected":false},"author":2,"featured_media":14206,"parent":14445,"menu_order":0,"comment_status":"closed","ping_status":"closed","template":"","meta":{"_acf_changed":false,"footnotes":""},"class_list":["post-14454","page","type-page","status-publish","has-post-thumbnail","hentry","us_portfolio_tag-phim-anh"],"acf":[],"yoast_head":"<!-- This site is optimized with the Yoast SEO plugin v26.4 - https:\/\/yoast.com\/wordpress\/plugins\/seo\/ -->\n<title>Phim \u1ea3nh - Movacolor<\/title>\n<meta name=\"description\" content=\"Kh\u00e1m ph\u00e1 c\u00f4ng ngh\u1ec7 \u0111\u1ecbnh l\u01b0\u1ee3ng Movacolor d\u00e0nh cho ng\u00e0nh c\u00f4ng nghi\u1ec7p phim \u1ea3nh, \u0111\u01b0\u1ee3c thi\u1ebft k\u1ebf \u0111\u1ec3 t\u0103ng \u0111\u1ed9 ch\u00ednh x\u00e1c cho vi\u1ec7c \u0111\u1ecbnh l\u01b0\u1ee3ng ph\u1ee5 gia, b\u1ea5t k\u1ec3 v\u1eadt li\u1ec7u b\u1ea1n \u0111ang s\u1eed d\u1ee5ng trong qu\u00e1 tr\u00ecnh s\u1ea3n xu\u1ea5t c\u1ee7a m\u00ecnh l\u00e0 g\u00ec.\" \/>\n<meta name=\"robots\" content=\"index, follow, max-snippet:-1, max-image-preview:large, max-video-preview:-1\" \/>\n<link rel=\"canonical\" href=\"https:\/\/www.movacolor.com\/vi\/nganh\/phim\/\" \/>\n<meta property=\"og:locale\" content=\"vi_VN\" \/>\n<meta property=\"og:type\" content=\"article\" \/>\n<meta property=\"og:title\" content=\"Phim \u1ea3nh - Movacolor\" \/>\n<meta property=\"og:description\" content=\"Kh\u00e1m ph\u00e1 c\u00f4ng ngh\u1ec7 \u0111\u1ecbnh l\u01b0\u1ee3ng Movacolor d\u00e0nh cho ng\u00e0nh c\u00f4ng nghi\u1ec7p phim \u1ea3nh, \u0111\u01b0\u1ee3c thi\u1ebft k\u1ebf \u0111\u1ec3 t\u0103ng \u0111\u1ed9 ch\u00ednh x\u00e1c cho vi\u1ec7c \u0111\u1ecbnh l\u01b0\u1ee3ng ph\u1ee5 gia, b\u1ea5t k\u1ec3 v\u1eadt li\u1ec7u b\u1ea1n \u0111ang s\u1eed d\u1ee5ng trong qu\u00e1 tr\u00ecnh s\u1ea3n xu\u1ea5t c\u1ee7a m\u00ecnh l\u00e0 g\u00ec.\" \/>\n<meta property=\"og:url\" content=\"https:\/\/www.movacolor.com\/vi\/nganh\/phim\/\" \/>\n<meta property=\"og:site_name\" content=\"Movacolor\" \/>\n<meta property=\"og:image\" content=\"https:\/\/www.movacolor.com\/wp-content\/uploads\/2023\/03\/12-film.jpg\" \/>\n\t<meta property=\"og:image:width\" content=\"289\" \/>\n\t<meta property=\"og:image:height\" content=\"415\" \/>\n\t<meta property=\"og:image:type\" content=\"image\/jpeg\" \/>\n<meta name=\"twitter:card\" content=\"summary_large_image\" \/>\n<meta name=\"twitter:label1\" content=\"Est. reading time\" \/>\n\t<meta name=\"twitter:data1\" content=\"1 minute\" \/>\n<script type=\"application\/ld+json\" class=\"yoast-schema-graph\">{\"@context\":\"https:\/\/schema.org\",\"@graph\":[{\"@type\":\"WebPage\",\"@id\":\"https:\/\/www.movacolor.com\/vi\/nganh\/phim\/\",\"url\":\"https:\/\/www.movacolor.com\/vi\/nganh\/phim\/\",\"name\":\"Phim \u1ea3nh - Movacolor\",\"isPartOf\":{\"@id\":\"https:\/\/www.movacolor.com\/vi\/#website\"},\"primaryImageOfPage\":{\"@id\":\"https:\/\/www.movacolor.com\/vi\/nganh\/phim\/#primaryimage\"},\"image\":{\"@id\":\"https:\/\/www.movacolor.com\/vi\/nganh\/phim\/#primaryimage\"},\"thumbnailUrl\":\"https:\/\/www.movacolor.com\/wp-content\/uploads\/2023\/03\/12-film.jpg\",\"datePublished\":\"2023-01-19T08:53:27+00:00\",\"description\":\"Kh\u00e1m ph\u00e1 c\u00f4ng ngh\u1ec7 \u0111\u1ecbnh l\u01b0\u1ee3ng Movacolor d\u00e0nh cho ng\u00e0nh c\u00f4ng nghi\u1ec7p phim \u1ea3nh, \u0111\u01b0\u1ee3c thi\u1ebft k\u1ebf \u0111\u1ec3 t\u0103ng \u0111\u1ed9 ch\u00ednh x\u00e1c cho vi\u1ec7c \u0111\u1ecbnh l\u01b0\u1ee3ng ph\u1ee5 gia, b\u1ea5t k\u1ec3 v\u1eadt li\u1ec7u b\u1ea1n \u0111ang s\u1eed d\u1ee5ng trong qu\u00e1 tr\u00ecnh s\u1ea3n xu\u1ea5t c\u1ee7a m\u00ecnh l\u00e0 g\u00ec.\",\"breadcrumb\":{\"@id\":\"https:\/\/www.movacolor.com\/vi\/nganh\/phim\/#breadcrumb\"},\"inLanguage\":\"vi-VN\",\"potentialAction\":[{\"@type\":\"ReadAction\",\"target\":[\"https:\/\/www.movacolor.com\/vi\/nganh\/phim\/\"]}]},{\"@type\":\"ImageObject\",\"inLanguage\":\"vi-VN\",\"@id\":\"https:\/\/www.movacolor.com\/vi\/nganh\/phim\/#primaryimage\",\"url\":\"https:\/\/www.movacolor.com\/wp-content\/uploads\/2023\/03\/12-film.jpg\",\"contentUrl\":\"https:\/\/www.movacolor.com\/wp-content\/uploads\/2023\/03\/12-film.jpg\",\"width\":289,\"height\":415},{\"@type\":\"BreadcrumbList\",\"@id\":\"https:\/\/www.movacolor.com\/vi\/nganh\/phim\/#breadcrumb\",\"itemListElement\":[{\"@type\":\"ListItem\",\"position\":1,\"name\":\"Home\",\"item\":\"https:\/\/www.movacolor.com\/vi\/\"},{\"@type\":\"ListItem\",\"position\":2,\"name\":\"Ng\u00e0nh c\u00f4ng nghi\u1ec7p\",\"item\":\"https:\/\/www.movacolor.com\/vi\/industry\/\"},{\"@type\":\"ListItem\",\"position\":3,\"name\":\"Phim \u1ea3nh\"}]},{\"@type\":\"WebSite\",\"@id\":\"https:\/\/www.movacolor.com\/vi\/#website\",\"url\":\"https:\/\/www.movacolor.com\/vi\/\",\"name\":\"Movacolor\",\"description\":\"modular dosing solutions\",\"potentialAction\":[{\"@type\":\"SearchAction\",\"target\":{\"@type\":\"EntryPoint\",\"urlTemplate\":\"https:\/\/www.movacolor.com\/vi\/?s={search_term_string}\"},\"query-input\":{\"@type\":\"PropertyValueSpecification\",\"valueRequired\":true,\"valueName\":\"search_term_string\"}}],\"inLanguage\":\"vi-VN\"}]}<\/script>\n<!-- \/ Yoast SEO plugin. -->","yoast_head_json":{"title":"Phim \u1ea3nh - Movacolor","description":"Kh\u00e1m ph\u00e1 c\u00f4ng ngh\u1ec7 \u0111\u1ecbnh l\u01b0\u1ee3ng Movacolor d\u00e0nh cho ng\u00e0nh c\u00f4ng nghi\u1ec7p phim \u1ea3nh, \u0111\u01b0\u1ee3c thi\u1ebft k\u1ebf \u0111\u1ec3 t\u0103ng \u0111\u1ed9 ch\u00ednh x\u00e1c cho vi\u1ec7c \u0111\u1ecbnh l\u01b0\u1ee3ng ph\u1ee5 gia, b\u1ea5t k\u1ec3 v\u1eadt li\u1ec7u b\u1ea1n \u0111ang s\u1eed d\u1ee5ng trong qu\u00e1 tr\u00ecnh s\u1ea3n xu\u1ea5t c\u1ee7a m\u00ecnh l\u00e0 g\u00ec.","robots":{"index":"index","follow":"follow","max-snippet":"max-snippet:-1","max-image-preview":"max-image-preview:large","max-video-preview":"max-video-preview:-1"},"canonical":"https:\/\/www.movacolor.com\/vi\/nganh\/phim\/","og_locale":"vi_VN","og_type":"article","og_title":"Phim \u1ea3nh - Movacolor","og_description":"Kh\u00e1m ph\u00e1 c\u00f4ng ngh\u1ec7 \u0111\u1ecbnh l\u01b0\u1ee3ng Movacolor d\u00e0nh cho ng\u00e0nh c\u00f4ng nghi\u1ec7p phim \u1ea3nh, \u0111\u01b0\u1ee3c thi\u1ebft k\u1ebf \u0111\u1ec3 t\u0103ng \u0111\u1ed9 ch\u00ednh x\u00e1c cho vi\u1ec7c \u0111\u1ecbnh l\u01b0\u1ee3ng ph\u1ee5 gia, b\u1ea5t k\u1ec3 v\u1eadt li\u1ec7u b\u1ea1n \u0111ang s\u1eed d\u1ee5ng trong qu\u00e1 tr\u00ecnh s\u1ea3n xu\u1ea5t c\u1ee7a m\u00ecnh l\u00e0 g\u00ec.","og_url":"https:\/\/www.movacolor.com\/vi\/nganh\/phim\/","og_site_name":"Movacolor","og_image":[{"width":289,"height":415,"url":"https:\/\/www.movacolor.com\/wp-content\/uploads\/2023\/03\/12-film.jpg","type":"image\/jpeg"}],"twitter_card":"summary_large_image","twitter_misc":{"Est. reading time":"1 minute"},"schema":{"@context":"https:\/\/schema.org","@graph":[{"@type":"WebPage","@id":"https:\/\/www.movacolor.com\/vi\/nganh\/phim\/","url":"https:\/\/www.movacolor.com\/vi\/nganh\/phim\/","name":"Phim \u1ea3nh - Movacolor","isPartOf":{"@id":"https:\/\/www.movacolor.com\/vi\/#website"},"primaryImageOfPage":{"@id":"https:\/\/www.movacolor.com\/vi\/nganh\/phim\/#primaryimage"},"image":{"@id":"https:\/\/www.movacolor.com\/vi\/nganh\/phim\/#primaryimage"},"thumbnailUrl":"https:\/\/www.movacolor.com\/wp-content\/uploads\/2023\/03\/12-film.jpg","datePublished":"2023-01-19T08:53:27+00:00","description":"Kh\u00e1m ph\u00e1 c\u00f4ng ngh\u1ec7 \u0111\u1ecbnh l\u01b0\u1ee3ng Movacolor d\u00e0nh cho ng\u00e0nh c\u00f4ng nghi\u1ec7p phim \u1ea3nh, \u0111\u01b0\u1ee3c thi\u1ebft k\u1ebf \u0111\u1ec3 t\u0103ng \u0111\u1ed9 ch\u00ednh x\u00e1c cho vi\u1ec7c \u0111\u1ecbnh l\u01b0\u1ee3ng ph\u1ee5 gia, b\u1ea5t k\u1ec3 v\u1eadt li\u1ec7u b\u1ea1n \u0111ang s\u1eed d\u1ee5ng trong qu\u00e1 tr\u00ecnh s\u1ea3n xu\u1ea5t c\u1ee7a m\u00ecnh l\u00e0 g\u00ec.","breadcrumb":{"@id":"https:\/\/www.movacolor.com\/vi\/nganh\/phim\/#breadcrumb"},"inLanguage":"vi-VN","potentialAction":[{"@type":"ReadAction","target":["https:\/\/www.movacolor.com\/vi\/nganh\/phim\/"]}]},{"@type":"ImageObject","inLanguage":"vi-VN","@id":"https:\/\/www.movacolor.com\/vi\/nganh\/phim\/#primaryimage","url":"https:\/\/www.movacolor.com\/wp-content\/uploads\/2023\/03\/12-film.jpg","contentUrl":"https:\/\/www.movacolor.com\/wp-content\/uploads\/2023\/03\/12-film.jpg","width":289,"height":415},{"@type":"BreadcrumbList","@id":"https:\/\/www.movacolor.com\/vi\/nganh\/phim\/#breadcrumb","itemListElement":[{"@type":"ListItem","position":1,"name":"Home","item":"https:\/\/www.movacolor.com\/vi\/"},{"@type":"ListItem","position":2,"name":"Ng\u00e0nh c\u00f4ng nghi\u1ec7p","item":"https:\/\/www.movacolor.com\/vi\/industry\/"},{"@type":"ListItem","position":3,"name":"Phim \u1ea3nh"}]},{"@type":"WebSite","@id":"https:\/\/www.movacolor.com\/vi\/#website","url":"https:\/\/www.movacolor.com\/vi\/","name":"Movacolor","description":"modular dosing solutions","potentialAction":[{"@type":"SearchAction","target":{"@type":"EntryPoint","urlTemplate":"https:\/\/www.movacolor.com\/vi\/?s={search_term_string}"},"query-input":{"@type":"PropertyValueSpecification","valueRequired":true,"valueName":"search_term_string"}}],"inLanguage":"vi-VN"}]}},"_links":{"self":[{"href":"https:\/\/www.movacolor.com\/vi\/wp-json\/wp\/v2\/pages\/14454","targetHints":{"allow":["GET"]}}],"collection":[{"href":"https:\/\/www.movacolor.com\/vi\/wp-json\/wp\/v2\/pages"}],"about":[{"href":"https:\/\/www.movacolor.com\/vi\/wp-json\/wp\/v2\/types\/page"}],"author":[{"embeddable":true,"href":"https:\/\/www.movacolor.com\/vi\/wp-json\/wp\/v2\/users\/2"}],"replies":[{"embeddable":true,"href":"https:\/\/www.movacolor.com\/vi\/wp-json\/wp\/v2\/comments?post=14454"}],"version-history":[{"count":0,"href":"https:\/\/www.movacolor.com\/vi\/wp-json\/wp\/v2\/pages\/14454\/revisions"}],"up":[{"embeddable":true,"href":"https:\/\/www.movacolor.com\/vi\/wp-json\/wp\/v2\/pages\/14445"}],"wp:featuredmedia":[{"embeddable":true,"href":"https:\/\/www.movacolor.com\/vi\/wp-json\/wp\/v2\/media\/14206"}],"wp:attachment":[{"href":"https:\/\/www.movacolor.com\/vi\/wp-json\/wp\/v2\/media?parent=14454"}],"curies":[{"name":"wp","href":"https:\/\/api.w.org\/{rel}","templated":true}]}}