{"id":14453,"date":"2023-01-19T10:53:49","date_gmt":"2023-01-19T08:53:49","guid":{"rendered":"https:\/\/www.movacolor.com\/nganh-cong-nghiep\/phoi-pet\/"},"modified":"2023-01-19T10:53:49","modified_gmt":"2023-01-19T08:53:49","slug":"phoi-pet","status":"publish","type":"page","link":"https:\/\/www.movacolor.com\/vi\/cong-nghiep\/phoi-thu-cung\/","title":{"rendered":"ph\u00f4i PET"},"content":{"rendered":"<p>Ph\u00f4i PET l\u00e0 m\u1ed9t ng\u00e0nh trong \u0111\u00f3 ch\u1ea5t l\u01b0\u1ee3ng l\u00e0 \u0111i\u1ec1u c\u1ea7n thi\u1ebft. S\u1ef1 thay \u0111\u1ed5i m\u00e0u s\u1eafc c\u1ee5c b\u1ed9 v\u00e0 t\u1ef7 l\u1ec7 m\u00e0u c\u1ef1c th\u1ea5p l\u00e0 m\u1ed9t trong nh\u1eefng v\u1ea5n \u0111\u1ec1 m\u00e0 ng\u00e0nh c\u00f4ng nghi\u1ec7p t\u1ea1o ph\u00f4i PET g\u1eb7p ph\u1ea3i. V\u00e0 tr\u00ean h\u1ebft m\u00e0u n\u00e0y ph\u1ea3i \u0111\u01b0\u1ee3c \u0111\u1ecbnh l\u01b0\u1ee3ng trong d\u00f2ng nguy\u00ean li\u1ec7u ch\u00ednh \u0111\u01b0\u1ee3c s\u1ea5y kh\u00f4 \u1edf nhi\u1ec7t \u0111\u1ed9 tr\u00ean 160\u00b0C.<\/p>\n","protected":false},"excerpt":{"rendered":"<p>Ph\u00f4i PET l\u00e0 m\u1ed9t ng\u00e0nh trong \u0111\u00f3 ch\u1ea5t l\u01b0\u1ee3ng l\u00e0 \u0111i\u1ec1u c\u1ea7n thi\u1ebft. S\u1ef1 thay \u0111\u1ed5i m\u00e0u s\u1eafc c\u1ee5c b\u1ed9 v\u00e0 t\u1ef7 l\u1ec7 m\u00e0u c\u1ef1c th\u1ea5p l\u00e0 m\u1ed9t trong nh\u1eefng v\u1ea5n \u0111\u1ec1 m\u00e0 ng\u00e0nh c\u00f4ng nghi\u1ec7p t\u1ea1o ph\u00f4i PET g\u1eb7p ph\u1ea3i. V\u00e0 tr\u00ean h\u1ebft m\u00e0u n\u00e0y ph\u1ea3i \u0111\u01b0\u1ee3c \u0111\u1ecbnh l\u01b0\u1ee3ng trong d\u00f2ng nguy\u00ean li\u1ec7u ch\u00ednh&#8230;<\/p>\n","protected":false},"author":2,"featured_media":14197,"parent":14445,"menu_order":0,"comment_status":"closed","ping_status":"closed","template":"","meta":{"_acf_changed":false,"footnotes":""},"class_list":["post-14453","page","type-page","status-publish","has-post-thumbnail","hentry","us_portfolio_tag-thu-cung"],"acf":[],"yoast_head":"<!-- This site is optimized with the Yoast SEO plugin v26.4 - https:\/\/yoast.com\/wordpress\/plugins\/seo\/ -->\n<title>ph\u00f4i PET - Movacolor<\/title>\n<meta name=\"description\" content=\"Thi\u1ebft k\u1ebf m\u00f4-\u0111un c\u1ee7a Movacolor cho ph\u00e9p c\u00e1c nh\u00e0 s\u1ea3n xu\u1ea5t ph\u00f4i PET l\u1ef1a ch\u1ecdn thi\u1ebft b\u1ecb \u0111\u1ecbnh l\u01b0\u1ee3ng \u0111\u01b0\u1ee3c thi\u1ebft k\u1ebf ri\u00eang ph\u00f9 h\u1ee3p ho\u00e0n h\u1ea3o v\u1edbi lo\u1ea1i h\u00ecnh s\u1ea3n xu\u1ea5t c\u1ee5 th\u1ec3 c\u1ee7a h\u1ecd.\" \/>\n<meta name=\"robots\" content=\"index, follow, max-snippet:-1, max-image-preview:large, max-video-preview:-1\" \/>\n<link rel=\"canonical\" href=\"https:\/\/www.movacolor.com\/vi\/cong-nghiep\/phoi-thu-cung\/\" \/>\n<meta property=\"og:locale\" content=\"vi_VN\" \/>\n<meta property=\"og:type\" content=\"article\" \/>\n<meta property=\"og:title\" content=\"ph\u00f4i PET - Movacolor\" \/>\n<meta property=\"og:description\" content=\"Thi\u1ebft k\u1ebf m\u00f4-\u0111un c\u1ee7a Movacolor cho ph\u00e9p c\u00e1c nh\u00e0 s\u1ea3n xu\u1ea5t ph\u00f4i PET l\u1ef1a ch\u1ecdn thi\u1ebft b\u1ecb \u0111\u1ecbnh l\u01b0\u1ee3ng \u0111\u01b0\u1ee3c thi\u1ebft k\u1ebf ri\u00eang ph\u00f9 h\u1ee3p ho\u00e0n h\u1ea3o v\u1edbi lo\u1ea1i h\u00ecnh s\u1ea3n xu\u1ea5t c\u1ee5 th\u1ec3 c\u1ee7a h\u1ecd.\" \/>\n<meta property=\"og:url\" content=\"https:\/\/www.movacolor.com\/vi\/cong-nghiep\/phoi-thu-cung\/\" \/>\n<meta property=\"og:site_name\" content=\"Movacolor\" \/>\n<meta property=\"og:image\" content=\"https:\/\/www.movacolor.com\/wp-content\/uploads\/2023\/03\/PET_Preforms2.jpg\" \/>\n\t<meta property=\"og:image:width\" content=\"1920\" \/>\n\t<meta property=\"og:image:height\" content=\"1278\" \/>\n\t<meta property=\"og:image:type\" content=\"image\/jpeg\" \/>\n<meta name=\"twitter:card\" content=\"summary_large_image\" \/>\n<script type=\"application\/ld+json\" class=\"yoast-schema-graph\">{\"@context\":\"https:\/\/schema.org\",\"@graph\":[{\"@type\":\"WebPage\",\"@id\":\"https:\/\/www.movacolor.com\/vi\/cong-nghiep\/phoi-thu-cung\/\",\"url\":\"https:\/\/www.movacolor.com\/vi\/cong-nghiep\/phoi-thu-cung\/\",\"name\":\"ph\u00f4i PET - Movacolor\",\"isPartOf\":{\"@id\":\"https:\/\/www.movacolor.com\/vi\/#website\"},\"primaryImageOfPage\":{\"@id\":\"https:\/\/www.movacolor.com\/vi\/cong-nghiep\/phoi-thu-cung\/#primaryimage\"},\"image\":{\"@id\":\"https:\/\/www.movacolor.com\/vi\/cong-nghiep\/phoi-thu-cung\/#primaryimage\"},\"thumbnailUrl\":\"https:\/\/www.movacolor.com\/wp-content\/uploads\/2023\/03\/PET_Preforms2.jpg\",\"datePublished\":\"2023-01-19T08:53:49+00:00\",\"description\":\"Thi\u1ebft k\u1ebf m\u00f4-\u0111un c\u1ee7a Movacolor cho ph\u00e9p c\u00e1c nh\u00e0 s\u1ea3n xu\u1ea5t ph\u00f4i PET l\u1ef1a ch\u1ecdn thi\u1ebft b\u1ecb \u0111\u1ecbnh l\u01b0\u1ee3ng \u0111\u01b0\u1ee3c thi\u1ebft k\u1ebf ri\u00eang ph\u00f9 h\u1ee3p ho\u00e0n h\u1ea3o v\u1edbi lo\u1ea1i h\u00ecnh s\u1ea3n xu\u1ea5t c\u1ee5 th\u1ec3 c\u1ee7a h\u1ecd.\",\"breadcrumb\":{\"@id\":\"https:\/\/www.movacolor.com\/vi\/cong-nghiep\/phoi-thu-cung\/#breadcrumb\"},\"inLanguage\":\"vi-VN\",\"potentialAction\":[{\"@type\":\"ReadAction\",\"target\":[\"https:\/\/www.movacolor.com\/vi\/cong-nghiep\/phoi-thu-cung\/\"]}]},{\"@type\":\"ImageObject\",\"inLanguage\":\"vi-VN\",\"@id\":\"https:\/\/www.movacolor.com\/vi\/cong-nghiep\/phoi-thu-cung\/#primaryimage\",\"url\":\"https:\/\/www.movacolor.com\/wp-content\/uploads\/2023\/03\/PET_Preforms2.jpg\",\"contentUrl\":\"https:\/\/www.movacolor.com\/wp-content\/uploads\/2023\/03\/PET_Preforms2.jpg\",\"width\":1920,\"height\":1278,\"caption\":\"PET Preforms\"},{\"@type\":\"BreadcrumbList\",\"@id\":\"https:\/\/www.movacolor.com\/vi\/cong-nghiep\/phoi-thu-cung\/#breadcrumb\",\"itemListElement\":[{\"@type\":\"ListItem\",\"position\":1,\"name\":\"Home\",\"item\":\"https:\/\/www.movacolor.com\/vi\/\"},{\"@type\":\"ListItem\",\"position\":2,\"name\":\"Ng\u00e0nh c\u00f4ng nghi\u1ec7p\",\"item\":\"https:\/\/www.movacolor.com\/vi\/industry\/\"},{\"@type\":\"ListItem\",\"position\":3,\"name\":\"ph\u00f4i PET\"}]},{\"@type\":\"WebSite\",\"@id\":\"https:\/\/www.movacolor.com\/vi\/#website\",\"url\":\"https:\/\/www.movacolor.com\/vi\/\",\"name\":\"Movacolor\",\"description\":\"modular dosing solutions\",\"potentialAction\":[{\"@type\":\"SearchAction\",\"target\":{\"@type\":\"EntryPoint\",\"urlTemplate\":\"https:\/\/www.movacolor.com\/vi\/?s={search_term_string}\"},\"query-input\":{\"@type\":\"PropertyValueSpecification\",\"valueRequired\":true,\"valueName\":\"search_term_string\"}}],\"inLanguage\":\"vi-VN\"}]}<\/script>\n<!-- \/ Yoast SEO plugin. -->","yoast_head_json":{"title":"ph\u00f4i PET - Movacolor","description":"Thi\u1ebft k\u1ebf m\u00f4-\u0111un c\u1ee7a Movacolor cho ph\u00e9p c\u00e1c nh\u00e0 s\u1ea3n xu\u1ea5t ph\u00f4i PET l\u1ef1a ch\u1ecdn thi\u1ebft b\u1ecb \u0111\u1ecbnh l\u01b0\u1ee3ng \u0111\u01b0\u1ee3c thi\u1ebft k\u1ebf ri\u00eang ph\u00f9 h\u1ee3p ho\u00e0n h\u1ea3o v\u1edbi lo\u1ea1i h\u00ecnh s\u1ea3n xu\u1ea5t c\u1ee5 th\u1ec3 c\u1ee7a h\u1ecd.","robots":{"index":"index","follow":"follow","max-snippet":"max-snippet:-1","max-image-preview":"max-image-preview:large","max-video-preview":"max-video-preview:-1"},"canonical":"https:\/\/www.movacolor.com\/vi\/cong-nghiep\/phoi-thu-cung\/","og_locale":"vi_VN","og_type":"article","og_title":"ph\u00f4i PET - Movacolor","og_description":"Thi\u1ebft k\u1ebf m\u00f4-\u0111un c\u1ee7a Movacolor cho ph\u00e9p c\u00e1c nh\u00e0 s\u1ea3n xu\u1ea5t ph\u00f4i PET l\u1ef1a ch\u1ecdn thi\u1ebft b\u1ecb \u0111\u1ecbnh l\u01b0\u1ee3ng \u0111\u01b0\u1ee3c thi\u1ebft k\u1ebf ri\u00eang ph\u00f9 h\u1ee3p ho\u00e0n h\u1ea3o v\u1edbi lo\u1ea1i h\u00ecnh s\u1ea3n xu\u1ea5t c\u1ee5 th\u1ec3 c\u1ee7a h\u1ecd.","og_url":"https:\/\/www.movacolor.com\/vi\/cong-nghiep\/phoi-thu-cung\/","og_site_name":"Movacolor","og_image":[{"width":1920,"height":1278,"url":"https:\/\/www.movacolor.com\/wp-content\/uploads\/2023\/03\/PET_Preforms2.jpg","type":"image\/jpeg"}],"twitter_card":"summary_large_image","schema":{"@context":"https:\/\/schema.org","@graph":[{"@type":"WebPage","@id":"https:\/\/www.movacolor.com\/vi\/cong-nghiep\/phoi-thu-cung\/","url":"https:\/\/www.movacolor.com\/vi\/cong-nghiep\/phoi-thu-cung\/","name":"ph\u00f4i PET - Movacolor","isPartOf":{"@id":"https:\/\/www.movacolor.com\/vi\/#website"},"primaryImageOfPage":{"@id":"https:\/\/www.movacolor.com\/vi\/cong-nghiep\/phoi-thu-cung\/#primaryimage"},"image":{"@id":"https:\/\/www.movacolor.com\/vi\/cong-nghiep\/phoi-thu-cung\/#primaryimage"},"thumbnailUrl":"https:\/\/www.movacolor.com\/wp-content\/uploads\/2023\/03\/PET_Preforms2.jpg","datePublished":"2023-01-19T08:53:49+00:00","description":"Thi\u1ebft k\u1ebf m\u00f4-\u0111un c\u1ee7a Movacolor cho ph\u00e9p c\u00e1c nh\u00e0 s\u1ea3n xu\u1ea5t ph\u00f4i PET l\u1ef1a ch\u1ecdn thi\u1ebft b\u1ecb \u0111\u1ecbnh l\u01b0\u1ee3ng \u0111\u01b0\u1ee3c thi\u1ebft k\u1ebf ri\u00eang ph\u00f9 h\u1ee3p ho\u00e0n h\u1ea3o v\u1edbi lo\u1ea1i h\u00ecnh s\u1ea3n xu\u1ea5t c\u1ee5 th\u1ec3 c\u1ee7a h\u1ecd.","breadcrumb":{"@id":"https:\/\/www.movacolor.com\/vi\/cong-nghiep\/phoi-thu-cung\/#breadcrumb"},"inLanguage":"vi-VN","potentialAction":[{"@type":"ReadAction","target":["https:\/\/www.movacolor.com\/vi\/cong-nghiep\/phoi-thu-cung\/"]}]},{"@type":"ImageObject","inLanguage":"vi-VN","@id":"https:\/\/www.movacolor.com\/vi\/cong-nghiep\/phoi-thu-cung\/#primaryimage","url":"https:\/\/www.movacolor.com\/wp-content\/uploads\/2023\/03\/PET_Preforms2.jpg","contentUrl":"https:\/\/www.movacolor.com\/wp-content\/uploads\/2023\/03\/PET_Preforms2.jpg","width":1920,"height":1278,"caption":"PET Preforms"},{"@type":"BreadcrumbList","@id":"https:\/\/www.movacolor.com\/vi\/cong-nghiep\/phoi-thu-cung\/#breadcrumb","itemListElement":[{"@type":"ListItem","position":1,"name":"Home","item":"https:\/\/www.movacolor.com\/vi\/"},{"@type":"ListItem","position":2,"name":"Ng\u00e0nh c\u00f4ng nghi\u1ec7p","item":"https:\/\/www.movacolor.com\/vi\/industry\/"},{"@type":"ListItem","position":3,"name":"ph\u00f4i PET"}]},{"@type":"WebSite","@id":"https:\/\/www.movacolor.com\/vi\/#website","url":"https:\/\/www.movacolor.com\/vi\/","name":"Movacolor","description":"modular dosing solutions","potentialAction":[{"@type":"SearchAction","target":{"@type":"EntryPoint","urlTemplate":"https:\/\/www.movacolor.com\/vi\/?s={search_term_string}"},"query-input":{"@type":"PropertyValueSpecification","valueRequired":true,"valueName":"search_term_string"}}],"inLanguage":"vi-VN"}]}},"_links":{"self":[{"href":"https:\/\/www.movacolor.com\/vi\/wp-json\/wp\/v2\/pages\/14453","targetHints":{"allow":["GET"]}}],"collection":[{"href":"https:\/\/www.movacolor.com\/vi\/wp-json\/wp\/v2\/pages"}],"about":[{"href":"https:\/\/www.movacolor.com\/vi\/wp-json\/wp\/v2\/types\/page"}],"author":[{"embeddable":true,"href":"https:\/\/www.movacolor.com\/vi\/wp-json\/wp\/v2\/users\/2"}],"replies":[{"embeddable":true,"href":"https:\/\/www.movacolor.com\/vi\/wp-json\/wp\/v2\/comments?post=14453"}],"version-history":[{"count":0,"href":"https:\/\/www.movacolor.com\/vi\/wp-json\/wp\/v2\/pages\/14453\/revisions"}],"up":[{"embeddable":true,"href":"https:\/\/www.movacolor.com\/vi\/wp-json\/wp\/v2\/pages\/14445"}],"wp:featuredmedia":[{"embeddable":true,"href":"https:\/\/www.movacolor.com\/vi\/wp-json\/wp\/v2\/media\/14197"}],"wp:attachment":[{"href":"https:\/\/www.movacolor.com\/vi\/wp-json\/wp\/v2\/media?parent=14453"}],"curies":[{"name":"wp","href":"https:\/\/api.w.org\/{rel}","templated":true}]}}