{"id":14452,"date":"2023-03-22T13:57:30","date_gmt":"2023-03-22T11:57:30","guid":{"rendered":"https:\/\/www.movacolor.com\/nganh-cong-nghiep\/ong-ho-so\/"},"modified":"2023-03-22T13:57:30","modified_gmt":"2023-03-22T11:57:30","slug":"ong-ho-so","status":"publish","type":"page","link":"https:\/\/www.movacolor.com\/vi\/ho-so-cong-nghiep\/ong\/","title":{"rendered":"\u1ed0ng &#038; h\u1ed3 s\u01a1"},"content":{"rendered":"<p>B\u1ea1n c\u00f3 mu\u1ed1n s\u1ef1 \u1ed5n \u0111\u1ecbnh h\u01a1n trong qu\u00e1 tr\u00ecnh s\u1ea3n xu\u1ea5t \u00e9p \u0111\u00f9n? Hi\u1ec7u qu\u1ea3 cao h\u01a1n v\u00e0 ti\u1ebft ki\u1ec7m ph\u1ee5 gia \u0111\u1eaft ti\u1ec1n? Gi\u1ea3m t\u1ef7 l\u1ec7 ph\u1ebf li\u1ec7u? T\u1ea5t c\u1ea3 nh\u1eefng mong \u0111\u1ee3i n\u00e0y c\u00f3 th\u1ec3 \u0111\u01b0\u1ee3c \u0111\u00e1p \u1ee9ng b\u1eb1ng h\u1ec7 th\u1ed1ng \u0111\u1ecbnh l\u01b0\u1ee3ng th\u1ec3 t\u00edch ho\u1eb7c tr\u1ecdng l\u01b0\u1ee3ng c\u1ee7a Movacolor. B\u1eb1ng c\u00e1ch s\u1eed d\u1ee5ng c\u00e1c \u0111\u01a1n v\u1ecb \u0111\u1ecbnh l\u01b0\u1ee3ng ch\u1ea5t l\u01b0\u1ee3ng cao, b\u1ea1n c\u0169ng c\u00f3 th\u1ec3 d\u1ec5 d\u00e0ng ng\u0103n ch\u1eb7n s\u1ef1 thay \u0111\u1ed5i \u0111\u1ed9 d\u00e0y th\u00e0nh \u1ed1ng, s\u1ef1 thay \u0111\u1ed5i m\u00e0u s\u1eafc v\u00e0 c\u00e1c v\u1ebft \u0111\u1ed1m trong s\u1ea3n xu\u1ea5t \u1ed1ng.<\/p>\n","protected":false},"excerpt":{"rendered":"<p>B\u1ea1n c\u00f3 mu\u1ed1n s\u1ef1 \u1ed5n \u0111\u1ecbnh h\u01a1n trong qu\u00e1 tr\u00ecnh s\u1ea3n xu\u1ea5t \u00e9p \u0111\u00f9n? Hi\u1ec7u qu\u1ea3 cao h\u01a1n v\u00e0 ti\u1ebft ki\u1ec7m ph\u1ee5 gia \u0111\u1eaft ti\u1ec1n? Gi\u1ea3m t\u1ef7 l\u1ec7 ph\u1ebf li\u1ec7u? T\u1ea5t c\u1ea3 nh\u1eefng mong \u0111\u1ee3i n\u00e0y c\u00f3 th\u1ec3 \u0111\u01b0\u1ee3c \u0111\u00e1p \u1ee9ng b\u1eb1ng h\u1ec7 th\u1ed1ng \u0111\u1ecbnh l\u01b0\u1ee3ng th\u1ec3 t\u00edch ho\u1eb7c tr\u1ecdng l\u01b0\u1ee3ng c\u1ee7a Movacolor. B\u1eb1ng c\u00e1ch&#8230;<\/p>\n","protected":false},"author":6,"featured_media":14180,"parent":14445,"menu_order":0,"comment_status":"closed","ping_status":"closed","template":"","meta":{"_acf_changed":false,"footnotes":""},"class_list":["post-14452","page","type-page","status-publish","has-post-thumbnail","hentry","us_portfolio_tag-ho-so","us_portfolio_tag-ong"],"acf":[],"yoast_head":"<!-- This site is optimized with the Yoast SEO plugin v26.4 - https:\/\/yoast.com\/wordpress\/plugins\/seo\/ -->\n<title>\u1ed0ng &amp; h\u1ed3 s\u01a1 - Movacolor<\/title>\n<meta name=\"description\" content=\"B\u1ea1n c\u00f3 mu\u1ed1n quy tr\u00ecnh s\u1ea3n xu\u1ea5t \u00e9p \u0111\u00f9n \u1ed5n \u0111\u1ecbnh h\u01a1n, \u0111\u1ed9 ch\u00ednh x\u00e1c cao h\u01a1n v\u00e0 t\u1ef7 l\u1ec7 ph\u1ebf li\u1ec7u th\u1ea5p h\u01a1n kh\u00f4ng? Kh\u00e1m ph\u00e1 c\u00e1c gi\u1ea3i ph\u00e1p c\u1ee7a ch\u00fang t\u00f4i \u0111\u1ec3 t\u00ecm hi\u1ec3u l\u00e0m th\u1ebf n\u00e0o!\" \/>\n<meta name=\"robots\" content=\"index, follow, max-snippet:-1, max-image-preview:large, max-video-preview:-1\" \/>\n<link rel=\"canonical\" href=\"https:\/\/www.movacolor.com\/vi\/ho-so-cong-nghiep\/ong\/\" \/>\n<meta property=\"og:locale\" content=\"vi_VN\" \/>\n<meta property=\"og:type\" content=\"article\" \/>\n<meta property=\"og:title\" content=\"\u1ed0ng &amp; h\u1ed3 s\u01a1 - Movacolor\" \/>\n<meta property=\"og:description\" content=\"B\u1ea1n c\u00f3 mu\u1ed1n quy tr\u00ecnh s\u1ea3n xu\u1ea5t \u00e9p \u0111\u00f9n \u1ed5n \u0111\u1ecbnh h\u01a1n, \u0111\u1ed9 ch\u00ednh x\u00e1c cao h\u01a1n v\u00e0 t\u1ef7 l\u1ec7 ph\u1ebf li\u1ec7u th\u1ea5p h\u01a1n kh\u00f4ng? Kh\u00e1m ph\u00e1 c\u00e1c gi\u1ea3i ph\u00e1p c\u1ee7a ch\u00fang t\u00f4i \u0111\u1ec3 t\u00ecm hi\u1ec3u l\u00e0m th\u1ebf n\u00e0o!\" \/>\n<meta property=\"og:url\" content=\"https:\/\/www.movacolor.com\/vi\/ho-so-cong-nghiep\/ong\/\" \/>\n<meta property=\"og:site_name\" content=\"Movacolor\" \/>\n<meta property=\"og:image\" content=\"https:\/\/www.movacolor.com\/wp-content\/uploads\/2023\/03\/10-pipes.jpg\" \/>\n\t<meta property=\"og:image:width\" content=\"727\" \/>\n\t<meta property=\"og:image:height\" content=\"660\" \/>\n\t<meta property=\"og:image:type\" content=\"image\/jpeg\" \/>\n<meta name=\"twitter:card\" content=\"summary_large_image\" \/>\n<meta name=\"twitter:label1\" content=\"Est. reading time\" \/>\n\t<meta name=\"twitter:data1\" content=\"1 minute\" \/>\n<script type=\"application\/ld+json\" class=\"yoast-schema-graph\">{\"@context\":\"https:\/\/schema.org\",\"@graph\":[{\"@type\":\"WebPage\",\"@id\":\"https:\/\/www.movacolor.com\/vi\/ho-so-cong-nghiep\/ong\/\",\"url\":\"https:\/\/www.movacolor.com\/vi\/ho-so-cong-nghiep\/ong\/\",\"name\":\"\u1ed0ng & h\u1ed3 s\u01a1 - Movacolor\",\"isPartOf\":{\"@id\":\"https:\/\/www.movacolor.com\/vi\/#website\"},\"primaryImageOfPage\":{\"@id\":\"https:\/\/www.movacolor.com\/vi\/ho-so-cong-nghiep\/ong\/#primaryimage\"},\"image\":{\"@id\":\"https:\/\/www.movacolor.com\/vi\/ho-so-cong-nghiep\/ong\/#primaryimage\"},\"thumbnailUrl\":\"https:\/\/www.movacolor.com\/wp-content\/uploads\/2023\/03\/10-pipes.jpg\",\"datePublished\":\"2023-03-22T11:57:30+00:00\",\"description\":\"B\u1ea1n c\u00f3 mu\u1ed1n quy tr\u00ecnh s\u1ea3n xu\u1ea5t \u00e9p \u0111\u00f9n \u1ed5n \u0111\u1ecbnh h\u01a1n, \u0111\u1ed9 ch\u00ednh x\u00e1c cao h\u01a1n v\u00e0 t\u1ef7 l\u1ec7 ph\u1ebf li\u1ec7u th\u1ea5p h\u01a1n kh\u00f4ng? Kh\u00e1m ph\u00e1 c\u00e1c gi\u1ea3i ph\u00e1p c\u1ee7a ch\u00fang t\u00f4i \u0111\u1ec3 t\u00ecm hi\u1ec3u l\u00e0m th\u1ebf n\u00e0o!\",\"breadcrumb\":{\"@id\":\"https:\/\/www.movacolor.com\/vi\/ho-so-cong-nghiep\/ong\/#breadcrumb\"},\"inLanguage\":\"vi-VN\",\"potentialAction\":[{\"@type\":\"ReadAction\",\"target\":[\"https:\/\/www.movacolor.com\/vi\/ho-so-cong-nghiep\/ong\/\"]}]},{\"@type\":\"ImageObject\",\"inLanguage\":\"vi-VN\",\"@id\":\"https:\/\/www.movacolor.com\/vi\/ho-so-cong-nghiep\/ong\/#primaryimage\",\"url\":\"https:\/\/www.movacolor.com\/wp-content\/uploads\/2023\/03\/10-pipes.jpg\",\"contentUrl\":\"https:\/\/www.movacolor.com\/wp-content\/uploads\/2023\/03\/10-pipes.jpg\",\"width\":727,\"height\":660},{\"@type\":\"BreadcrumbList\",\"@id\":\"https:\/\/www.movacolor.com\/vi\/ho-so-cong-nghiep\/ong\/#breadcrumb\",\"itemListElement\":[{\"@type\":\"ListItem\",\"position\":1,\"name\":\"Home\",\"item\":\"https:\/\/www.movacolor.com\/vi\/\"},{\"@type\":\"ListItem\",\"position\":2,\"name\":\"Ng\u00e0nh c\u00f4ng nghi\u1ec7p\",\"item\":\"https:\/\/www.movacolor.com\/vi\/industry\/\"},{\"@type\":\"ListItem\",\"position\":3,\"name\":\"\u1ed0ng &#038; h\u1ed3 s\u01a1\"}]},{\"@type\":\"WebSite\",\"@id\":\"https:\/\/www.movacolor.com\/vi\/#website\",\"url\":\"https:\/\/www.movacolor.com\/vi\/\",\"name\":\"Movacolor\",\"description\":\"modular dosing solutions\",\"potentialAction\":[{\"@type\":\"SearchAction\",\"target\":{\"@type\":\"EntryPoint\",\"urlTemplate\":\"https:\/\/www.movacolor.com\/vi\/?s={search_term_string}\"},\"query-input\":{\"@type\":\"PropertyValueSpecification\",\"valueRequired\":true,\"valueName\":\"search_term_string\"}}],\"inLanguage\":\"vi-VN\"}]}<\/script>\n<!-- \/ Yoast SEO plugin. -->","yoast_head_json":{"title":"\u1ed0ng & h\u1ed3 s\u01a1 - Movacolor","description":"B\u1ea1n c\u00f3 mu\u1ed1n quy tr\u00ecnh s\u1ea3n xu\u1ea5t \u00e9p \u0111\u00f9n \u1ed5n \u0111\u1ecbnh h\u01a1n, \u0111\u1ed9 ch\u00ednh x\u00e1c cao h\u01a1n v\u00e0 t\u1ef7 l\u1ec7 ph\u1ebf li\u1ec7u th\u1ea5p h\u01a1n kh\u00f4ng? Kh\u00e1m ph\u00e1 c\u00e1c gi\u1ea3i ph\u00e1p c\u1ee7a ch\u00fang t\u00f4i \u0111\u1ec3 t\u00ecm hi\u1ec3u l\u00e0m th\u1ebf n\u00e0o!","robots":{"index":"index","follow":"follow","max-snippet":"max-snippet:-1","max-image-preview":"max-image-preview:large","max-video-preview":"max-video-preview:-1"},"canonical":"https:\/\/www.movacolor.com\/vi\/ho-so-cong-nghiep\/ong\/","og_locale":"vi_VN","og_type":"article","og_title":"\u1ed0ng & h\u1ed3 s\u01a1 - Movacolor","og_description":"B\u1ea1n c\u00f3 mu\u1ed1n quy tr\u00ecnh s\u1ea3n xu\u1ea5t \u00e9p \u0111\u00f9n \u1ed5n \u0111\u1ecbnh h\u01a1n, \u0111\u1ed9 ch\u00ednh x\u00e1c cao h\u01a1n v\u00e0 t\u1ef7 l\u1ec7 ph\u1ebf li\u1ec7u th\u1ea5p h\u01a1n kh\u00f4ng? Kh\u00e1m ph\u00e1 c\u00e1c gi\u1ea3i ph\u00e1p c\u1ee7a ch\u00fang t\u00f4i \u0111\u1ec3 t\u00ecm hi\u1ec3u l\u00e0m th\u1ebf n\u00e0o!","og_url":"https:\/\/www.movacolor.com\/vi\/ho-so-cong-nghiep\/ong\/","og_site_name":"Movacolor","og_image":[{"width":727,"height":660,"url":"https:\/\/www.movacolor.com\/wp-content\/uploads\/2023\/03\/10-pipes.jpg","type":"image\/jpeg"}],"twitter_card":"summary_large_image","twitter_misc":{"Est. reading time":"1 minute"},"schema":{"@context":"https:\/\/schema.org","@graph":[{"@type":"WebPage","@id":"https:\/\/www.movacolor.com\/vi\/ho-so-cong-nghiep\/ong\/","url":"https:\/\/www.movacolor.com\/vi\/ho-so-cong-nghiep\/ong\/","name":"\u1ed0ng & h\u1ed3 s\u01a1 - Movacolor","isPartOf":{"@id":"https:\/\/www.movacolor.com\/vi\/#website"},"primaryImageOfPage":{"@id":"https:\/\/www.movacolor.com\/vi\/ho-so-cong-nghiep\/ong\/#primaryimage"},"image":{"@id":"https:\/\/www.movacolor.com\/vi\/ho-so-cong-nghiep\/ong\/#primaryimage"},"thumbnailUrl":"https:\/\/www.movacolor.com\/wp-content\/uploads\/2023\/03\/10-pipes.jpg","datePublished":"2023-03-22T11:57:30+00:00","description":"B\u1ea1n c\u00f3 mu\u1ed1n quy tr\u00ecnh s\u1ea3n xu\u1ea5t \u00e9p \u0111\u00f9n \u1ed5n \u0111\u1ecbnh h\u01a1n, \u0111\u1ed9 ch\u00ednh x\u00e1c cao h\u01a1n v\u00e0 t\u1ef7 l\u1ec7 ph\u1ebf li\u1ec7u th\u1ea5p h\u01a1n kh\u00f4ng? Kh\u00e1m ph\u00e1 c\u00e1c gi\u1ea3i ph\u00e1p c\u1ee7a ch\u00fang t\u00f4i \u0111\u1ec3 t\u00ecm hi\u1ec3u l\u00e0m th\u1ebf n\u00e0o!","breadcrumb":{"@id":"https:\/\/www.movacolor.com\/vi\/ho-so-cong-nghiep\/ong\/#breadcrumb"},"inLanguage":"vi-VN","potentialAction":[{"@type":"ReadAction","target":["https:\/\/www.movacolor.com\/vi\/ho-so-cong-nghiep\/ong\/"]}]},{"@type":"ImageObject","inLanguage":"vi-VN","@id":"https:\/\/www.movacolor.com\/vi\/ho-so-cong-nghiep\/ong\/#primaryimage","url":"https:\/\/www.movacolor.com\/wp-content\/uploads\/2023\/03\/10-pipes.jpg","contentUrl":"https:\/\/www.movacolor.com\/wp-content\/uploads\/2023\/03\/10-pipes.jpg","width":727,"height":660},{"@type":"BreadcrumbList","@id":"https:\/\/www.movacolor.com\/vi\/ho-so-cong-nghiep\/ong\/#breadcrumb","itemListElement":[{"@type":"ListItem","position":1,"name":"Home","item":"https:\/\/www.movacolor.com\/vi\/"},{"@type":"ListItem","position":2,"name":"Ng\u00e0nh c\u00f4ng nghi\u1ec7p","item":"https:\/\/www.movacolor.com\/vi\/industry\/"},{"@type":"ListItem","position":3,"name":"\u1ed0ng &#038; h\u1ed3 s\u01a1"}]},{"@type":"WebSite","@id":"https:\/\/www.movacolor.com\/vi\/#website","url":"https:\/\/www.movacolor.com\/vi\/","name":"Movacolor","description":"modular dosing solutions","potentialAction":[{"@type":"SearchAction","target":{"@type":"EntryPoint","urlTemplate":"https:\/\/www.movacolor.com\/vi\/?s={search_term_string}"},"query-input":{"@type":"PropertyValueSpecification","valueRequired":true,"valueName":"search_term_string"}}],"inLanguage":"vi-VN"}]}},"_links":{"self":[{"href":"https:\/\/www.movacolor.com\/vi\/wp-json\/wp\/v2\/pages\/14452","targetHints":{"allow":["GET"]}}],"collection":[{"href":"https:\/\/www.movacolor.com\/vi\/wp-json\/wp\/v2\/pages"}],"about":[{"href":"https:\/\/www.movacolor.com\/vi\/wp-json\/wp\/v2\/types\/page"}],"author":[{"embeddable":true,"href":"https:\/\/www.movacolor.com\/vi\/wp-json\/wp\/v2\/users\/6"}],"replies":[{"embeddable":true,"href":"https:\/\/www.movacolor.com\/vi\/wp-json\/wp\/v2\/comments?post=14452"}],"version-history":[{"count":0,"href":"https:\/\/www.movacolor.com\/vi\/wp-json\/wp\/v2\/pages\/14452\/revisions"}],"up":[{"embeddable":true,"href":"https:\/\/www.movacolor.com\/vi\/wp-json\/wp\/v2\/pages\/14445"}],"wp:featuredmedia":[{"embeddable":true,"href":"https:\/\/www.movacolor.com\/vi\/wp-json\/wp\/v2\/media\/14180"}],"wp:attachment":[{"href":"https:\/\/www.movacolor.com\/vi\/wp-json\/wp\/v2\/media?parent=14452"}],"curies":[{"name":"wp","href":"https:\/\/api.w.org\/{rel}","templated":true}]}}