{"id":14451,"date":"2023-03-22T13:58:47","date_gmt":"2023-03-22T11:58:47","guid":{"rendered":"https:\/\/www.movacolor.com\/nganh-cong-nghiep\/bao-bi\/"},"modified":"2023-03-22T13:58:47","modified_gmt":"2023-03-22T11:58:47","slug":"bao-bi","status":"publish","type":"page","link":"https:\/\/www.movacolor.com\/vi\/cong-nghiep\/bao-bi\/","title":{"rendered":"Bao b\u00ec"},"content":{"rendered":"<p>S\u1ef1 bi\u1ebfn \u0111\u1ed5i v\u1ec1 m\u00e0u s\u1eafc ho\u1eb7c ch\u1ea5t l\u01b0\u1ee3ng l\u00e0 m\u1ed9t v\u1ea5n \u0111\u1ec1 kh\u00e1 ph\u1ed5 bi\u1ebfn trong bao b\u00ec nh\u1ef1a. Movacolor c\u00f3 gi\u1ea3i ph\u00e1p. Ch\u00fang t\u00f4i c\u00f3 h\u01a1n hai m\u01b0\u01a1i n\u0103m kinh nghi\u1ec7m ph\u00e1t tri\u1ec3n v\u00e0 s\u1ea3n xu\u1ea5t c\u00e1c h\u1ec7 th\u1ed1ng \u0111\u1ecbnh l\u01b0\u1ee3ng tr\u1ecdng l\u01b0\u1ee3ng v\u00e0 th\u1ec3 t\u00edch nh\u1eb1m ng\u0103n ch\u1eb7n s\u1ef1 bi\u1ebfn \u0111\u1ed5i v\u1ec1 m\u00e0u s\u1eafc. Ki\u1ec3m so\u00e1t tr\u1ecdng l\u01b0\u1ee3ng cung c\u1ea5p kh\u1ea3 n\u0103ng ki\u1ec3m so\u00e1t t\u1ed1i \u0111a \u1edf t\u1ef7 l\u1ec7 ph\u1ea7n tr\u0103m li\u1ec1u l\u01b0\u1ee3ng c\u1ef1c th\u1ea5p l\u00e0 0,01%.<\/p>\n","protected":false},"excerpt":{"rendered":"<p>S\u1ef1 bi\u1ebfn \u0111\u1ed5i v\u1ec1 m\u00e0u s\u1eafc ho\u1eb7c ch\u1ea5t l\u01b0\u1ee3ng l\u00e0 m\u1ed9t v\u1ea5n \u0111\u1ec1 kh\u00e1 ph\u1ed5 bi\u1ebfn trong bao b\u00ec nh\u1ef1a. Movacolor c\u00f3 gi\u1ea3i ph\u00e1p. Ch\u00fang t\u00f4i c\u00f3 h\u01a1n hai m\u01b0\u01a1i n\u0103m kinh nghi\u1ec7m ph\u00e1t tri\u1ec3n v\u00e0 s\u1ea3n xu\u1ea5t c\u00e1c h\u1ec7 th\u1ed1ng \u0111\u1ecbnh l\u01b0\u1ee3ng tr\u1ecdng l\u01b0\u1ee3ng v\u00e0 th\u1ec3 t\u00edch nh\u1eb1m ng\u0103n ch\u1eb7n s\u1ef1 bi\u1ebfn \u0111\u1ed5i v\u1ec1&#8230;<\/p>\n","protected":false},"author":6,"featured_media":14175,"parent":14445,"menu_order":0,"comment_status":"closed","ping_status":"closed","template":"","meta":{"_acf_changed":false,"footnotes":""},"class_list":["post-14451","page","type-page","status-publish","has-post-thumbnail","hentry","us_portfolio_tag-bao-bi"],"acf":[],"yoast_head":"<!-- This site is optimized with the Yoast SEO plugin v26.4 - https:\/\/yoast.com\/wordpress\/plugins\/seo\/ -->\n<title>Bao b\u00ec - Movacolor<\/title>\n<meta name=\"description\" content=\"Movacolor \u0111\u00e3 ph\u00e1t tri\u1ec3n c\u00e1c h\u1ec7 th\u1ed1ng \u0111\u1ecbnh l\u01b0\u1ee3ng tr\u1ecdng l\u01b0\u1ee3ng v\u00e0 \u0111\u1ecbnh l\u01b0\u1ee3ng th\u1ec3 t\u00edch c\u00f3 kh\u1ea3 n\u0103ng \u0111\u00e1p \u1ee9ng c\u00e1c ti\u00eau chu\u1ea9n cao nh\u1ea5t c\u1ee7a c\u00e1c nh\u00e0 s\u1ea3n xu\u1ea5t bao b\u00ec nh\u1ef1a.\" \/>\n<meta name=\"robots\" content=\"index, follow, max-snippet:-1, max-image-preview:large, max-video-preview:-1\" \/>\n<link rel=\"canonical\" href=\"https:\/\/www.movacolor.com\/vi\/cong-nghiep\/bao-bi\/\" \/>\n<meta property=\"og:locale\" content=\"vi_VN\" \/>\n<meta property=\"og:type\" content=\"article\" \/>\n<meta property=\"og:title\" content=\"Bao b\u00ec - Movacolor\" \/>\n<meta property=\"og:description\" content=\"Movacolor \u0111\u00e3 ph\u00e1t tri\u1ec3n c\u00e1c h\u1ec7 th\u1ed1ng \u0111\u1ecbnh l\u01b0\u1ee3ng tr\u1ecdng l\u01b0\u1ee3ng v\u00e0 \u0111\u1ecbnh l\u01b0\u1ee3ng th\u1ec3 t\u00edch c\u00f3 kh\u1ea3 n\u0103ng \u0111\u00e1p \u1ee9ng c\u00e1c ti\u00eau chu\u1ea9n cao nh\u1ea5t c\u1ee7a c\u00e1c nh\u00e0 s\u1ea3n xu\u1ea5t bao b\u00ec nh\u1ef1a.\" \/>\n<meta property=\"og:url\" content=\"https:\/\/www.movacolor.com\/vi\/cong-nghiep\/bao-bi\/\" \/>\n<meta property=\"og:site_name\" content=\"Movacolor\" \/>\n<meta property=\"og:image\" content=\"https:\/\/www.movacolor.com\/wp-content\/uploads\/2023\/03\/7-packaging.jpg\" \/>\n\t<meta property=\"og:image:width\" content=\"849\" \/>\n\t<meta property=\"og:image:height\" content=\"565\" \/>\n\t<meta property=\"og:image:type\" content=\"image\/jpeg\" \/>\n<meta name=\"twitter:card\" content=\"summary_large_image\" \/>\n<meta name=\"twitter:label1\" content=\"Est. reading time\" \/>\n\t<meta name=\"twitter:data1\" content=\"1 minute\" \/>\n<script type=\"application\/ld+json\" class=\"yoast-schema-graph\">{\"@context\":\"https:\/\/schema.org\",\"@graph\":[{\"@type\":\"WebPage\",\"@id\":\"https:\/\/www.movacolor.com\/vi\/cong-nghiep\/bao-bi\/\",\"url\":\"https:\/\/www.movacolor.com\/vi\/cong-nghiep\/bao-bi\/\",\"name\":\"Bao b\u00ec - Movacolor\",\"isPartOf\":{\"@id\":\"https:\/\/www.movacolor.com\/vi\/#website\"},\"primaryImageOfPage\":{\"@id\":\"https:\/\/www.movacolor.com\/vi\/cong-nghiep\/bao-bi\/#primaryimage\"},\"image\":{\"@id\":\"https:\/\/www.movacolor.com\/vi\/cong-nghiep\/bao-bi\/#primaryimage\"},\"thumbnailUrl\":\"https:\/\/www.movacolor.com\/wp-content\/uploads\/2023\/03\/7-packaging.jpg\",\"datePublished\":\"2023-03-22T11:58:47+00:00\",\"description\":\"Movacolor \u0111\u00e3 ph\u00e1t tri\u1ec3n c\u00e1c h\u1ec7 th\u1ed1ng \u0111\u1ecbnh l\u01b0\u1ee3ng tr\u1ecdng l\u01b0\u1ee3ng v\u00e0 \u0111\u1ecbnh l\u01b0\u1ee3ng th\u1ec3 t\u00edch c\u00f3 kh\u1ea3 n\u0103ng \u0111\u00e1p \u1ee9ng c\u00e1c ti\u00eau chu\u1ea9n cao nh\u1ea5t c\u1ee7a c\u00e1c nh\u00e0 s\u1ea3n xu\u1ea5t bao b\u00ec nh\u1ef1a.\",\"breadcrumb\":{\"@id\":\"https:\/\/www.movacolor.com\/vi\/cong-nghiep\/bao-bi\/#breadcrumb\"},\"inLanguage\":\"vi-VN\",\"potentialAction\":[{\"@type\":\"ReadAction\",\"target\":[\"https:\/\/www.movacolor.com\/vi\/cong-nghiep\/bao-bi\/\"]}]},{\"@type\":\"ImageObject\",\"inLanguage\":\"vi-VN\",\"@id\":\"https:\/\/www.movacolor.com\/vi\/cong-nghiep\/bao-bi\/#primaryimage\",\"url\":\"https:\/\/www.movacolor.com\/wp-content\/uploads\/2023\/03\/7-packaging.jpg\",\"contentUrl\":\"https:\/\/www.movacolor.com\/wp-content\/uploads\/2023\/03\/7-packaging.jpg\",\"width\":849,\"height\":565},{\"@type\":\"BreadcrumbList\",\"@id\":\"https:\/\/www.movacolor.com\/vi\/cong-nghiep\/bao-bi\/#breadcrumb\",\"itemListElement\":[{\"@type\":\"ListItem\",\"position\":1,\"name\":\"Home\",\"item\":\"https:\/\/www.movacolor.com\/vi\/\"},{\"@type\":\"ListItem\",\"position\":2,\"name\":\"Ng\u00e0nh c\u00f4ng nghi\u1ec7p\",\"item\":\"https:\/\/www.movacolor.com\/vi\/industry\/\"},{\"@type\":\"ListItem\",\"position\":3,\"name\":\"Bao b\u00ec\"}]},{\"@type\":\"WebSite\",\"@id\":\"https:\/\/www.movacolor.com\/vi\/#website\",\"url\":\"https:\/\/www.movacolor.com\/vi\/\",\"name\":\"Movacolor\",\"description\":\"modular dosing solutions\",\"potentialAction\":[{\"@type\":\"SearchAction\",\"target\":{\"@type\":\"EntryPoint\",\"urlTemplate\":\"https:\/\/www.movacolor.com\/vi\/?s={search_term_string}\"},\"query-input\":{\"@type\":\"PropertyValueSpecification\",\"valueRequired\":true,\"valueName\":\"search_term_string\"}}],\"inLanguage\":\"vi-VN\"}]}<\/script>\n<!-- \/ Yoast SEO plugin. -->","yoast_head_json":{"title":"Bao b\u00ec - Movacolor","description":"Movacolor \u0111\u00e3 ph\u00e1t tri\u1ec3n c\u00e1c h\u1ec7 th\u1ed1ng \u0111\u1ecbnh l\u01b0\u1ee3ng tr\u1ecdng l\u01b0\u1ee3ng v\u00e0 \u0111\u1ecbnh l\u01b0\u1ee3ng th\u1ec3 t\u00edch c\u00f3 kh\u1ea3 n\u0103ng \u0111\u00e1p \u1ee9ng c\u00e1c ti\u00eau chu\u1ea9n cao nh\u1ea5t c\u1ee7a c\u00e1c nh\u00e0 s\u1ea3n xu\u1ea5t bao b\u00ec nh\u1ef1a.","robots":{"index":"index","follow":"follow","max-snippet":"max-snippet:-1","max-image-preview":"max-image-preview:large","max-video-preview":"max-video-preview:-1"},"canonical":"https:\/\/www.movacolor.com\/vi\/cong-nghiep\/bao-bi\/","og_locale":"vi_VN","og_type":"article","og_title":"Bao b\u00ec - Movacolor","og_description":"Movacolor \u0111\u00e3 ph\u00e1t tri\u1ec3n c\u00e1c h\u1ec7 th\u1ed1ng \u0111\u1ecbnh l\u01b0\u1ee3ng tr\u1ecdng l\u01b0\u1ee3ng v\u00e0 \u0111\u1ecbnh l\u01b0\u1ee3ng th\u1ec3 t\u00edch c\u00f3 kh\u1ea3 n\u0103ng \u0111\u00e1p \u1ee9ng c\u00e1c ti\u00eau chu\u1ea9n cao nh\u1ea5t c\u1ee7a c\u00e1c nh\u00e0 s\u1ea3n xu\u1ea5t bao b\u00ec nh\u1ef1a.","og_url":"https:\/\/www.movacolor.com\/vi\/cong-nghiep\/bao-bi\/","og_site_name":"Movacolor","og_image":[{"width":849,"height":565,"url":"https:\/\/www.movacolor.com\/wp-content\/uploads\/2023\/03\/7-packaging.jpg","type":"image\/jpeg"}],"twitter_card":"summary_large_image","twitter_misc":{"Est. reading time":"1 minute"},"schema":{"@context":"https:\/\/schema.org","@graph":[{"@type":"WebPage","@id":"https:\/\/www.movacolor.com\/vi\/cong-nghiep\/bao-bi\/","url":"https:\/\/www.movacolor.com\/vi\/cong-nghiep\/bao-bi\/","name":"Bao b\u00ec - Movacolor","isPartOf":{"@id":"https:\/\/www.movacolor.com\/vi\/#website"},"primaryImageOfPage":{"@id":"https:\/\/www.movacolor.com\/vi\/cong-nghiep\/bao-bi\/#primaryimage"},"image":{"@id":"https:\/\/www.movacolor.com\/vi\/cong-nghiep\/bao-bi\/#primaryimage"},"thumbnailUrl":"https:\/\/www.movacolor.com\/wp-content\/uploads\/2023\/03\/7-packaging.jpg","datePublished":"2023-03-22T11:58:47+00:00","description":"Movacolor \u0111\u00e3 ph\u00e1t tri\u1ec3n c\u00e1c h\u1ec7 th\u1ed1ng \u0111\u1ecbnh l\u01b0\u1ee3ng tr\u1ecdng l\u01b0\u1ee3ng v\u00e0 \u0111\u1ecbnh l\u01b0\u1ee3ng th\u1ec3 t\u00edch c\u00f3 kh\u1ea3 n\u0103ng \u0111\u00e1p \u1ee9ng c\u00e1c ti\u00eau chu\u1ea9n cao nh\u1ea5t c\u1ee7a c\u00e1c nh\u00e0 s\u1ea3n xu\u1ea5t bao b\u00ec nh\u1ef1a.","breadcrumb":{"@id":"https:\/\/www.movacolor.com\/vi\/cong-nghiep\/bao-bi\/#breadcrumb"},"inLanguage":"vi-VN","potentialAction":[{"@type":"ReadAction","target":["https:\/\/www.movacolor.com\/vi\/cong-nghiep\/bao-bi\/"]}]},{"@type":"ImageObject","inLanguage":"vi-VN","@id":"https:\/\/www.movacolor.com\/vi\/cong-nghiep\/bao-bi\/#primaryimage","url":"https:\/\/www.movacolor.com\/wp-content\/uploads\/2023\/03\/7-packaging.jpg","contentUrl":"https:\/\/www.movacolor.com\/wp-content\/uploads\/2023\/03\/7-packaging.jpg","width":849,"height":565},{"@type":"BreadcrumbList","@id":"https:\/\/www.movacolor.com\/vi\/cong-nghiep\/bao-bi\/#breadcrumb","itemListElement":[{"@type":"ListItem","position":1,"name":"Home","item":"https:\/\/www.movacolor.com\/vi\/"},{"@type":"ListItem","position":2,"name":"Ng\u00e0nh c\u00f4ng nghi\u1ec7p","item":"https:\/\/www.movacolor.com\/vi\/industry\/"},{"@type":"ListItem","position":3,"name":"Bao b\u00ec"}]},{"@type":"WebSite","@id":"https:\/\/www.movacolor.com\/vi\/#website","url":"https:\/\/www.movacolor.com\/vi\/","name":"Movacolor","description":"modular dosing solutions","potentialAction":[{"@type":"SearchAction","target":{"@type":"EntryPoint","urlTemplate":"https:\/\/www.movacolor.com\/vi\/?s={search_term_string}"},"query-input":{"@type":"PropertyValueSpecification","valueRequired":true,"valueName":"search_term_string"}}],"inLanguage":"vi-VN"}]}},"_links":{"self":[{"href":"https:\/\/www.movacolor.com\/vi\/wp-json\/wp\/v2\/pages\/14451","targetHints":{"allow":["GET"]}}],"collection":[{"href":"https:\/\/www.movacolor.com\/vi\/wp-json\/wp\/v2\/pages"}],"about":[{"href":"https:\/\/www.movacolor.com\/vi\/wp-json\/wp\/v2\/types\/page"}],"author":[{"embeddable":true,"href":"https:\/\/www.movacolor.com\/vi\/wp-json\/wp\/v2\/users\/6"}],"replies":[{"embeddable":true,"href":"https:\/\/www.movacolor.com\/vi\/wp-json\/wp\/v2\/comments?post=14451"}],"version-history":[{"count":0,"href":"https:\/\/www.movacolor.com\/vi\/wp-json\/wp\/v2\/pages\/14451\/revisions"}],"up":[{"embeddable":true,"href":"https:\/\/www.movacolor.com\/vi\/wp-json\/wp\/v2\/pages\/14445"}],"wp:featuredmedia":[{"embeddable":true,"href":"https:\/\/www.movacolor.com\/vi\/wp-json\/wp\/v2\/media\/14175"}],"wp:attachment":[{"href":"https:\/\/www.movacolor.com\/vi\/wp-json\/wp\/v2\/media?parent=14451"}],"curies":[{"name":"wp","href":"https:\/\/api.w.org\/{rel}","templated":true}]}}