{"id":14450,"date":"2023-03-22T14:02:50","date_gmt":"2023-03-22T12:02:50","guid":{"rendered":"https:\/\/www.movacolor.com\/nganh-cong-nghiep\/trang-tinh\/"},"modified":"2023-03-22T14:02:50","modified_gmt":"2023-03-22T12:02:50","slug":"trang-tinh","status":"publish","type":"page","link":"https:\/\/www.movacolor.com\/vi\/nganh\/to\/","title":{"rendered":"Trang t\u00ednh"},"content":{"rendered":"<p>Movacolor ph\u00e1t tri\u1ec3n v\u00e0 ti\u1ebfp th\u1ecb c\u00e1c h\u1ec7 th\u1ed1ng c\u1ea5p li\u1ec7u cho quy tr\u00ecnh \u00e9p \u0111\u00f9n \u0111\u1ec3 s\u1ea3n xu\u1ea5t t\u1ea5m. T\u1ea5t c\u1ea3 c\u00e1c thi\u1ebft b\u1ecb \u0111\u1ecbnh l\u01b0\u1ee3ng tr\u1ecdng l\u01b0\u1ee3ng v\u00e0 th\u1ec3 t\u00edch c\u1ee7a ch\u00fang t\u00f4i \u0111\u1ec1u d\u1ec5 v\u1eadn h\u00e0nh. Thi\u1ebft k\u1ebf m\u00f4-\u0111un gi\u00fap nh\u00e0 s\u1ea3n xu\u1ea5t d\u1ec5 d\u00e0ng \u0111i\u1ec1u ch\u1ec9nh ho\u1eb7c n\u00e2ng c\u1ea5p h\u1ec7 th\u1ed1ng \u0111\u1ecbnh l\u01b0\u1ee3ng cho qu\u00e1 tr\u00ecnh \u00e9p \u0111\u00f9n t\u1ea5m.<\/p>\n","protected":false},"excerpt":{"rendered":"<p>Movacolor ph\u00e1t tri\u1ec3n v\u00e0 ti\u1ebfp th\u1ecb c\u00e1c h\u1ec7 th\u1ed1ng c\u1ea5p li\u1ec7u cho quy tr\u00ecnh \u00e9p \u0111\u00f9n \u0111\u1ec3 s\u1ea3n xu\u1ea5t t\u1ea5m. T\u1ea5t c\u1ea3 c\u00e1c thi\u1ebft b\u1ecb \u0111\u1ecbnh l\u01b0\u1ee3ng tr\u1ecdng l\u01b0\u1ee3ng v\u00e0 th\u1ec3 t\u00edch c\u1ee7a ch\u00fang t\u00f4i \u0111\u1ec1u d\u1ec5 v\u1eadn h\u00e0nh. Thi\u1ebft k\u1ebf m\u00f4-\u0111un gi\u00fap nh\u00e0 s\u1ea3n xu\u1ea5t d\u1ec5 d\u00e0ng \u0111i\u1ec1u ch\u1ec9nh ho\u1eb7c n\u00e2ng c\u1ea5p h\u1ec7 th\u1ed1ng&#8230;<\/p>\n","protected":false},"author":6,"featured_media":14166,"parent":14445,"menu_order":0,"comment_status":"closed","ping_status":"closed","template":"","meta":{"_acf_changed":false,"footnotes":""},"class_list":["post-14450","page","type-page","status-publish","has-post-thumbnail","hentry","us_portfolio_tag-trang-tinh"],"acf":[],"yoast_head":"<!-- This site is optimized with the Yoast SEO plugin v26.4 - https:\/\/yoast.com\/wordpress\/plugins\/seo\/ -->\n<title>Trang t\u00ednh - Movacolor<\/title>\n<meta name=\"description\" content=\"H\u1ec7 th\u1ed1ng \u0111\u1ecbnh l\u01b0\u1ee3ng tr\u1ecdng l\u01b0\u1ee3ng c\u1ee7a ch\u00fang t\u00f4i mang l\u1ea1i l\u1ee3i th\u1ebf trong s\u1ea3n xu\u1ea5t t\u1ea5m v\u1edbi hi\u1ec7u qu\u1ea3 v\u00e0 ti\u1ebft ki\u1ec7m cao h\u01a1n th\u00f4ng qua vi\u1ec7c \u0111o l\u01b0\u1eddng t\u1ed5n th\u1ea5t tr\u1ecdng l\u01b0\u1ee3ng li\u00ean t\u1ee5c.\" \/>\n<meta name=\"robots\" content=\"index, follow, max-snippet:-1, max-image-preview:large, max-video-preview:-1\" \/>\n<link rel=\"canonical\" href=\"https:\/\/www.movacolor.com\/vi\/nganh\/to\/\" \/>\n<meta property=\"og:locale\" content=\"vi_VN\" \/>\n<meta property=\"og:type\" content=\"article\" \/>\n<meta property=\"og:title\" content=\"Trang t\u00ednh - Movacolor\" \/>\n<meta property=\"og:description\" content=\"H\u1ec7 th\u1ed1ng \u0111\u1ecbnh l\u01b0\u1ee3ng tr\u1ecdng l\u01b0\u1ee3ng c\u1ee7a ch\u00fang t\u00f4i mang l\u1ea1i l\u1ee3i th\u1ebf trong s\u1ea3n xu\u1ea5t t\u1ea5m v\u1edbi hi\u1ec7u qu\u1ea3 v\u00e0 ti\u1ebft ki\u1ec7m cao h\u01a1n th\u00f4ng qua vi\u1ec7c \u0111o l\u01b0\u1eddng t\u1ed5n th\u1ea5t tr\u1ecdng l\u01b0\u1ee3ng li\u00ean t\u1ee5c.\" \/>\n<meta property=\"og:url\" content=\"https:\/\/www.movacolor.com\/vi\/nganh\/to\/\" \/>\n<meta property=\"og:site_name\" content=\"Movacolor\" \/>\n<meta property=\"og:image\" content=\"https:\/\/www.movacolor.com\/wp-content\/uploads\/2023\/03\/Sheets.jpg\" \/>\n\t<meta property=\"og:image:width\" content=\"863\" \/>\n\t<meta property=\"og:image:height\" content=\"556\" \/>\n\t<meta property=\"og:image:type\" content=\"image\/jpeg\" \/>\n<meta name=\"twitter:card\" content=\"summary_large_image\" \/>\n<meta name=\"twitter:label1\" content=\"Est. reading time\" \/>\n\t<meta name=\"twitter:data1\" content=\"1 minute\" \/>\n<script type=\"application\/ld+json\" class=\"yoast-schema-graph\">{\"@context\":\"https:\/\/schema.org\",\"@graph\":[{\"@type\":\"WebPage\",\"@id\":\"https:\/\/www.movacolor.com\/vi\/nganh\/to\/\",\"url\":\"https:\/\/www.movacolor.com\/vi\/nganh\/to\/\",\"name\":\"Trang t\u00ednh - Movacolor\",\"isPartOf\":{\"@id\":\"https:\/\/www.movacolor.com\/vi\/#website\"},\"primaryImageOfPage\":{\"@id\":\"https:\/\/www.movacolor.com\/vi\/nganh\/to\/#primaryimage\"},\"image\":{\"@id\":\"https:\/\/www.movacolor.com\/vi\/nganh\/to\/#primaryimage\"},\"thumbnailUrl\":\"https:\/\/www.movacolor.com\/wp-content\/uploads\/2023\/03\/Sheets.jpg\",\"datePublished\":\"2023-03-22T12:02:50+00:00\",\"description\":\"H\u1ec7 th\u1ed1ng \u0111\u1ecbnh l\u01b0\u1ee3ng tr\u1ecdng l\u01b0\u1ee3ng c\u1ee7a ch\u00fang t\u00f4i mang l\u1ea1i l\u1ee3i th\u1ebf trong s\u1ea3n xu\u1ea5t t\u1ea5m v\u1edbi hi\u1ec7u qu\u1ea3 v\u00e0 ti\u1ebft ki\u1ec7m cao h\u01a1n th\u00f4ng qua vi\u1ec7c \u0111o l\u01b0\u1eddng t\u1ed5n th\u1ea5t tr\u1ecdng l\u01b0\u1ee3ng li\u00ean t\u1ee5c.\",\"breadcrumb\":{\"@id\":\"https:\/\/www.movacolor.com\/vi\/nganh\/to\/#breadcrumb\"},\"inLanguage\":\"vi-VN\",\"potentialAction\":[{\"@type\":\"ReadAction\",\"target\":[\"https:\/\/www.movacolor.com\/vi\/nganh\/to\/\"]}]},{\"@type\":\"ImageObject\",\"inLanguage\":\"vi-VN\",\"@id\":\"https:\/\/www.movacolor.com\/vi\/nganh\/to\/#primaryimage\",\"url\":\"https:\/\/www.movacolor.com\/wp-content\/uploads\/2023\/03\/Sheets.jpg\",\"contentUrl\":\"https:\/\/www.movacolor.com\/wp-content\/uploads\/2023\/03\/Sheets.jpg\",\"width\":863,\"height\":556},{\"@type\":\"BreadcrumbList\",\"@id\":\"https:\/\/www.movacolor.com\/vi\/nganh\/to\/#breadcrumb\",\"itemListElement\":[{\"@type\":\"ListItem\",\"position\":1,\"name\":\"Home\",\"item\":\"https:\/\/www.movacolor.com\/vi\/\"},{\"@type\":\"ListItem\",\"position\":2,\"name\":\"Ng\u00e0nh c\u00f4ng nghi\u1ec7p\",\"item\":\"https:\/\/www.movacolor.com\/vi\/industry\/\"},{\"@type\":\"ListItem\",\"position\":3,\"name\":\"Trang t\u00ednh\"}]},{\"@type\":\"WebSite\",\"@id\":\"https:\/\/www.movacolor.com\/vi\/#website\",\"url\":\"https:\/\/www.movacolor.com\/vi\/\",\"name\":\"Movacolor\",\"description\":\"modular dosing solutions\",\"potentialAction\":[{\"@type\":\"SearchAction\",\"target\":{\"@type\":\"EntryPoint\",\"urlTemplate\":\"https:\/\/www.movacolor.com\/vi\/?s={search_term_string}\"},\"query-input\":{\"@type\":\"PropertyValueSpecification\",\"valueRequired\":true,\"valueName\":\"search_term_string\"}}],\"inLanguage\":\"vi-VN\"}]}<\/script>\n<!-- \/ Yoast SEO plugin. -->","yoast_head_json":{"title":"Trang t\u00ednh - Movacolor","description":"H\u1ec7 th\u1ed1ng \u0111\u1ecbnh l\u01b0\u1ee3ng tr\u1ecdng l\u01b0\u1ee3ng c\u1ee7a ch\u00fang t\u00f4i mang l\u1ea1i l\u1ee3i th\u1ebf trong s\u1ea3n xu\u1ea5t t\u1ea5m v\u1edbi hi\u1ec7u qu\u1ea3 v\u00e0 ti\u1ebft ki\u1ec7m cao h\u01a1n th\u00f4ng qua vi\u1ec7c \u0111o l\u01b0\u1eddng t\u1ed5n th\u1ea5t tr\u1ecdng l\u01b0\u1ee3ng li\u00ean t\u1ee5c.","robots":{"index":"index","follow":"follow","max-snippet":"max-snippet:-1","max-image-preview":"max-image-preview:large","max-video-preview":"max-video-preview:-1"},"canonical":"https:\/\/www.movacolor.com\/vi\/nganh\/to\/","og_locale":"vi_VN","og_type":"article","og_title":"Trang t\u00ednh - Movacolor","og_description":"H\u1ec7 th\u1ed1ng \u0111\u1ecbnh l\u01b0\u1ee3ng tr\u1ecdng l\u01b0\u1ee3ng c\u1ee7a ch\u00fang t\u00f4i mang l\u1ea1i l\u1ee3i th\u1ebf trong s\u1ea3n xu\u1ea5t t\u1ea5m v\u1edbi hi\u1ec7u qu\u1ea3 v\u00e0 ti\u1ebft ki\u1ec7m cao h\u01a1n th\u00f4ng qua vi\u1ec7c \u0111o l\u01b0\u1eddng t\u1ed5n th\u1ea5t tr\u1ecdng l\u01b0\u1ee3ng li\u00ean t\u1ee5c.","og_url":"https:\/\/www.movacolor.com\/vi\/nganh\/to\/","og_site_name":"Movacolor","og_image":[{"width":863,"height":556,"url":"https:\/\/www.movacolor.com\/wp-content\/uploads\/2023\/03\/Sheets.jpg","type":"image\/jpeg"}],"twitter_card":"summary_large_image","twitter_misc":{"Est. reading time":"1 minute"},"schema":{"@context":"https:\/\/schema.org","@graph":[{"@type":"WebPage","@id":"https:\/\/www.movacolor.com\/vi\/nganh\/to\/","url":"https:\/\/www.movacolor.com\/vi\/nganh\/to\/","name":"Trang t\u00ednh - Movacolor","isPartOf":{"@id":"https:\/\/www.movacolor.com\/vi\/#website"},"primaryImageOfPage":{"@id":"https:\/\/www.movacolor.com\/vi\/nganh\/to\/#primaryimage"},"image":{"@id":"https:\/\/www.movacolor.com\/vi\/nganh\/to\/#primaryimage"},"thumbnailUrl":"https:\/\/www.movacolor.com\/wp-content\/uploads\/2023\/03\/Sheets.jpg","datePublished":"2023-03-22T12:02:50+00:00","description":"H\u1ec7 th\u1ed1ng \u0111\u1ecbnh l\u01b0\u1ee3ng tr\u1ecdng l\u01b0\u1ee3ng c\u1ee7a ch\u00fang t\u00f4i mang l\u1ea1i l\u1ee3i th\u1ebf trong s\u1ea3n xu\u1ea5t t\u1ea5m v\u1edbi hi\u1ec7u qu\u1ea3 v\u00e0 ti\u1ebft ki\u1ec7m cao h\u01a1n th\u00f4ng qua vi\u1ec7c \u0111o l\u01b0\u1eddng t\u1ed5n th\u1ea5t tr\u1ecdng l\u01b0\u1ee3ng li\u00ean t\u1ee5c.","breadcrumb":{"@id":"https:\/\/www.movacolor.com\/vi\/nganh\/to\/#breadcrumb"},"inLanguage":"vi-VN","potentialAction":[{"@type":"ReadAction","target":["https:\/\/www.movacolor.com\/vi\/nganh\/to\/"]}]},{"@type":"ImageObject","inLanguage":"vi-VN","@id":"https:\/\/www.movacolor.com\/vi\/nganh\/to\/#primaryimage","url":"https:\/\/www.movacolor.com\/wp-content\/uploads\/2023\/03\/Sheets.jpg","contentUrl":"https:\/\/www.movacolor.com\/wp-content\/uploads\/2023\/03\/Sheets.jpg","width":863,"height":556},{"@type":"BreadcrumbList","@id":"https:\/\/www.movacolor.com\/vi\/nganh\/to\/#breadcrumb","itemListElement":[{"@type":"ListItem","position":1,"name":"Home","item":"https:\/\/www.movacolor.com\/vi\/"},{"@type":"ListItem","position":2,"name":"Ng\u00e0nh c\u00f4ng nghi\u1ec7p","item":"https:\/\/www.movacolor.com\/vi\/industry\/"},{"@type":"ListItem","position":3,"name":"Trang t\u00ednh"}]},{"@type":"WebSite","@id":"https:\/\/www.movacolor.com\/vi\/#website","url":"https:\/\/www.movacolor.com\/vi\/","name":"Movacolor","description":"modular dosing solutions","potentialAction":[{"@type":"SearchAction","target":{"@type":"EntryPoint","urlTemplate":"https:\/\/www.movacolor.com\/vi\/?s={search_term_string}"},"query-input":{"@type":"PropertyValueSpecification","valueRequired":true,"valueName":"search_term_string"}}],"inLanguage":"vi-VN"}]}},"_links":{"self":[{"href":"https:\/\/www.movacolor.com\/vi\/wp-json\/wp\/v2\/pages\/14450","targetHints":{"allow":["GET"]}}],"collection":[{"href":"https:\/\/www.movacolor.com\/vi\/wp-json\/wp\/v2\/pages"}],"about":[{"href":"https:\/\/www.movacolor.com\/vi\/wp-json\/wp\/v2\/types\/page"}],"author":[{"embeddable":true,"href":"https:\/\/www.movacolor.com\/vi\/wp-json\/wp\/v2\/users\/6"}],"replies":[{"embeddable":true,"href":"https:\/\/www.movacolor.com\/vi\/wp-json\/wp\/v2\/comments?post=14450"}],"version-history":[{"count":0,"href":"https:\/\/www.movacolor.com\/vi\/wp-json\/wp\/v2\/pages\/14450\/revisions"}],"up":[{"embeddable":true,"href":"https:\/\/www.movacolor.com\/vi\/wp-json\/wp\/v2\/pages\/14445"}],"wp:featuredmedia":[{"embeddable":true,"href":"https:\/\/www.movacolor.com\/vi\/wp-json\/wp\/v2\/media\/14166"}],"wp:attachment":[{"href":"https:\/\/www.movacolor.com\/vi\/wp-json\/wp\/v2\/media?parent=14450"}],"curies":[{"name":"wp","href":"https:\/\/api.w.org\/{rel}","templated":true}]}}