{"id":14449,"date":"2023-03-22T14:13:56","date_gmt":"2023-03-22T12:13:56","guid":{"rendered":"https:\/\/www.movacolor.com\/nganh-cong-nghiep\/do-choi\/"},"modified":"2023-03-22T14:13:56","modified_gmt":"2023-03-22T12:13:56","slug":"do-choi","status":"publish","type":"page","link":"https:\/\/www.movacolor.com\/vi\/cong-nghiep\/do-choi\/","title":{"rendered":"\u0110\u1ed3 ch\u01a1i"},"content":{"rendered":"<p>C\u00e1c nh\u00e0 s\u1ea3n xu\u1ea5t \u0111\u1ed3 ch\u01a1i c\u1ea7n \u0111\u1ed9 ch\u00ednh x\u00e1c cao v\u1ec1 li\u1ec1u l\u01b0\u1ee3ng v\u00e0 \u0111\u1ed9 \u1ed5n \u0111\u1ecbnh. T\u1eeb nh\u1eefng b\u1ed9 ph\u1eadn nh\u1ecf nh\u1ea5t \u0111\u1ebfn nh\u1eefng \u0111\u1ed3 ch\u01a1i l\u1edbn nh\u1ea5t ch\u00fang c\u1ea7n thay \u0111\u1ed5i m\u00e0u s\u1eafc m\u1ed9t c\u00e1ch nhanh ch\u00f3ng. V\u1edbi h\u1ec7 th\u1ed1ng \u0111o tr\u1ecdng l\u01b0\u1ee3ng, \u0111o th\u1ecb l\u1ef1c ho\u1eb7c \u0111o th\u1ec3 t\u00edch, ng\u01b0\u1eddi ta c\u00f3 th\u1ec3 thay \u0111\u1ed5i m\u00e0u s\u1eafc trong v\u00f2ng 60 gi\u00e2y.<\/p>\n","protected":false},"excerpt":{"rendered":"<p>C\u00e1c nh\u00e0 s\u1ea3n xu\u1ea5t \u0111\u1ed3 ch\u01a1i c\u1ea7n \u0111\u1ed9 ch\u00ednh x\u00e1c cao v\u1ec1 li\u1ec1u l\u01b0\u1ee3ng v\u00e0 \u0111\u1ed9 \u1ed5n \u0111\u1ecbnh. T\u1eeb nh\u1eefng b\u1ed9 ph\u1eadn nh\u1ecf nh\u1ea5t \u0111\u1ebfn nh\u1eefng \u0111\u1ed3 ch\u01a1i l\u1edbn nh\u1ea5t ch\u00fang c\u1ea7n thay \u0111\u1ed5i m\u00e0u s\u1eafc m\u1ed9t c\u00e1ch nhanh ch\u00f3ng. V\u1edbi h\u1ec7 th\u1ed1ng \u0111o tr\u1ecdng l\u01b0\u1ee3ng, \u0111o th\u1ecb l\u1ef1c ho\u1eb7c \u0111o th\u1ec3 t\u00edch, ng\u01b0\u1eddi ta&#8230;<\/p>\n","protected":false},"author":6,"featured_media":14161,"parent":14445,"menu_order":0,"comment_status":"closed","ping_status":"closed","template":"","meta":{"_acf_changed":false,"footnotes":""},"class_list":["post-14449","page","type-page","status-publish","has-post-thumbnail","hentry","us_portfolio_tag-do-choi"],"acf":[],"yoast_head":"<!-- This site is optimized with the Yoast SEO plugin v26.4 - https:\/\/yoast.com\/wordpress\/plugins\/seo\/ -->\n<title>\u0110\u1ed3 ch\u01a1i - Movacolor<\/title>\n<meta name=\"description\" content=\"Kh\u00e1m ph\u00e1 c\u00e1ch c\u00f4ng ngh\u1ec7 \u0111\u1ecbnh l\u01b0\u1ee3ng tr\u1ecdng l\u01b0\u1ee3ng c\u1ee7a ch\u00fang t\u00f4i g\u00f3p ph\u1ea7n gi\u1ea3m ch\u1ea5t th\u1ea3i v\u00e0 ti\u1ebft ki\u1ec7m chi ph\u00ed trong ng\u00e0nh \u0111\u1ed3 ch\u01a1i. B\u1eaft \u0111\u1ea7u ph\u00e2n ph\u1ed1i ph\u1ee5 gia ch\u00ednh x\u00e1c h\u01a1n v\u00e0 ti\u1ebft ki\u1ec7m chi ph\u00ed \u0111\u00e1ng k\u1ec3!\" \/>\n<meta name=\"robots\" content=\"index, follow, max-snippet:-1, max-image-preview:large, max-video-preview:-1\" \/>\n<link rel=\"canonical\" href=\"https:\/\/www.movacolor.com\/vi\/cong-nghiep\/do-choi\/\" \/>\n<meta property=\"og:locale\" content=\"vi_VN\" \/>\n<meta property=\"og:type\" content=\"article\" \/>\n<meta property=\"og:title\" content=\"\u0110\u1ed3 ch\u01a1i - Movacolor\" \/>\n<meta property=\"og:description\" content=\"Kh\u00e1m ph\u00e1 c\u00e1ch c\u00f4ng ngh\u1ec7 \u0111\u1ecbnh l\u01b0\u1ee3ng tr\u1ecdng l\u01b0\u1ee3ng c\u1ee7a ch\u00fang t\u00f4i g\u00f3p ph\u1ea7n gi\u1ea3m ch\u1ea5t th\u1ea3i v\u00e0 ti\u1ebft ki\u1ec7m chi ph\u00ed trong ng\u00e0nh \u0111\u1ed3 ch\u01a1i. B\u1eaft \u0111\u1ea7u ph\u00e2n ph\u1ed1i ph\u1ee5 gia ch\u00ednh x\u00e1c h\u01a1n v\u00e0 ti\u1ebft ki\u1ec7m chi ph\u00ed \u0111\u00e1ng k\u1ec3!\" \/>\n<meta property=\"og:url\" content=\"https:\/\/www.movacolor.com\/vi\/cong-nghiep\/do-choi\/\" \/>\n<meta property=\"og:site_name\" content=\"Movacolor\" \/>\n<meta property=\"og:image\" content=\"https:\/\/www.movacolor.com\/wp-content\/uploads\/2023\/03\/Playmobil-aquarium.jpg\" \/>\n\t<meta property=\"og:image:width\" content=\"1160\" \/>\n\t<meta property=\"og:image:height\" content=\"1160\" \/>\n\t<meta property=\"og:image:type\" content=\"image\/jpeg\" \/>\n<meta name=\"twitter:card\" content=\"summary_large_image\" \/>\n<script type=\"application\/ld+json\" class=\"yoast-schema-graph\">{\"@context\":\"https:\/\/schema.org\",\"@graph\":[{\"@type\":\"WebPage\",\"@id\":\"https:\/\/www.movacolor.com\/vi\/cong-nghiep\/do-choi\/\",\"url\":\"https:\/\/www.movacolor.com\/vi\/cong-nghiep\/do-choi\/\",\"name\":\"\u0110\u1ed3 ch\u01a1i - Movacolor\",\"isPartOf\":{\"@id\":\"https:\/\/www.movacolor.com\/vi\/#website\"},\"primaryImageOfPage\":{\"@id\":\"https:\/\/www.movacolor.com\/vi\/cong-nghiep\/do-choi\/#primaryimage\"},\"image\":{\"@id\":\"https:\/\/www.movacolor.com\/vi\/cong-nghiep\/do-choi\/#primaryimage\"},\"thumbnailUrl\":\"https:\/\/www.movacolor.com\/wp-content\/uploads\/2023\/03\/Playmobil-aquarium.jpg\",\"datePublished\":\"2023-03-22T12:13:56+00:00\",\"description\":\"Kh\u00e1m ph\u00e1 c\u00e1ch c\u00f4ng ngh\u1ec7 \u0111\u1ecbnh l\u01b0\u1ee3ng tr\u1ecdng l\u01b0\u1ee3ng c\u1ee7a ch\u00fang t\u00f4i g\u00f3p ph\u1ea7n gi\u1ea3m ch\u1ea5t th\u1ea3i v\u00e0 ti\u1ebft ki\u1ec7m chi ph\u00ed trong ng\u00e0nh \u0111\u1ed3 ch\u01a1i. B\u1eaft \u0111\u1ea7u ph\u00e2n ph\u1ed1i ph\u1ee5 gia ch\u00ednh x\u00e1c h\u01a1n v\u00e0 ti\u1ebft ki\u1ec7m chi ph\u00ed \u0111\u00e1ng k\u1ec3!\",\"breadcrumb\":{\"@id\":\"https:\/\/www.movacolor.com\/vi\/cong-nghiep\/do-choi\/#breadcrumb\"},\"inLanguage\":\"vi-VN\",\"potentialAction\":[{\"@type\":\"ReadAction\",\"target\":[\"https:\/\/www.movacolor.com\/vi\/cong-nghiep\/do-choi\/\"]}]},{\"@type\":\"ImageObject\",\"inLanguage\":\"vi-VN\",\"@id\":\"https:\/\/www.movacolor.com\/vi\/cong-nghiep\/do-choi\/#primaryimage\",\"url\":\"https:\/\/www.movacolor.com\/wp-content\/uploads\/2023\/03\/Playmobil-aquarium.jpg\",\"contentUrl\":\"https:\/\/www.movacolor.com\/wp-content\/uploads\/2023\/03\/Playmobil-aquarium.jpg\",\"width\":1160,\"height\":1160},{\"@type\":\"BreadcrumbList\",\"@id\":\"https:\/\/www.movacolor.com\/vi\/cong-nghiep\/do-choi\/#breadcrumb\",\"itemListElement\":[{\"@type\":\"ListItem\",\"position\":1,\"name\":\"Home\",\"item\":\"https:\/\/www.movacolor.com\/vi\/\"},{\"@type\":\"ListItem\",\"position\":2,\"name\":\"Ng\u00e0nh c\u00f4ng nghi\u1ec7p\",\"item\":\"https:\/\/www.movacolor.com\/vi\/industry\/\"},{\"@type\":\"ListItem\",\"position\":3,\"name\":\"\u0110\u1ed3 ch\u01a1i\"}]},{\"@type\":\"WebSite\",\"@id\":\"https:\/\/www.movacolor.com\/vi\/#website\",\"url\":\"https:\/\/www.movacolor.com\/vi\/\",\"name\":\"Movacolor\",\"description\":\"modular dosing solutions\",\"potentialAction\":[{\"@type\":\"SearchAction\",\"target\":{\"@type\":\"EntryPoint\",\"urlTemplate\":\"https:\/\/www.movacolor.com\/vi\/?s={search_term_string}\"},\"query-input\":{\"@type\":\"PropertyValueSpecification\",\"valueRequired\":true,\"valueName\":\"search_term_string\"}}],\"inLanguage\":\"vi-VN\"}]}<\/script>\n<!-- \/ Yoast SEO plugin. -->","yoast_head_json":{"title":"\u0110\u1ed3 ch\u01a1i - Movacolor","description":"Kh\u00e1m ph\u00e1 c\u00e1ch c\u00f4ng ngh\u1ec7 \u0111\u1ecbnh l\u01b0\u1ee3ng tr\u1ecdng l\u01b0\u1ee3ng c\u1ee7a ch\u00fang t\u00f4i g\u00f3p ph\u1ea7n gi\u1ea3m ch\u1ea5t th\u1ea3i v\u00e0 ti\u1ebft ki\u1ec7m chi ph\u00ed trong ng\u00e0nh \u0111\u1ed3 ch\u01a1i. B\u1eaft \u0111\u1ea7u ph\u00e2n ph\u1ed1i ph\u1ee5 gia ch\u00ednh x\u00e1c h\u01a1n v\u00e0 ti\u1ebft ki\u1ec7m chi ph\u00ed \u0111\u00e1ng k\u1ec3!","robots":{"index":"index","follow":"follow","max-snippet":"max-snippet:-1","max-image-preview":"max-image-preview:large","max-video-preview":"max-video-preview:-1"},"canonical":"https:\/\/www.movacolor.com\/vi\/cong-nghiep\/do-choi\/","og_locale":"vi_VN","og_type":"article","og_title":"\u0110\u1ed3 ch\u01a1i - Movacolor","og_description":"Kh\u00e1m ph\u00e1 c\u00e1ch c\u00f4ng ngh\u1ec7 \u0111\u1ecbnh l\u01b0\u1ee3ng tr\u1ecdng l\u01b0\u1ee3ng c\u1ee7a ch\u00fang t\u00f4i g\u00f3p ph\u1ea7n gi\u1ea3m ch\u1ea5t th\u1ea3i v\u00e0 ti\u1ebft ki\u1ec7m chi ph\u00ed trong ng\u00e0nh \u0111\u1ed3 ch\u01a1i. B\u1eaft \u0111\u1ea7u ph\u00e2n ph\u1ed1i ph\u1ee5 gia ch\u00ednh x\u00e1c h\u01a1n v\u00e0 ti\u1ebft ki\u1ec7m chi ph\u00ed \u0111\u00e1ng k\u1ec3!","og_url":"https:\/\/www.movacolor.com\/vi\/cong-nghiep\/do-choi\/","og_site_name":"Movacolor","og_image":[{"width":1160,"height":1160,"url":"https:\/\/www.movacolor.com\/wp-content\/uploads\/2023\/03\/Playmobil-aquarium.jpg","type":"image\/jpeg"}],"twitter_card":"summary_large_image","schema":{"@context":"https:\/\/schema.org","@graph":[{"@type":"WebPage","@id":"https:\/\/www.movacolor.com\/vi\/cong-nghiep\/do-choi\/","url":"https:\/\/www.movacolor.com\/vi\/cong-nghiep\/do-choi\/","name":"\u0110\u1ed3 ch\u01a1i - Movacolor","isPartOf":{"@id":"https:\/\/www.movacolor.com\/vi\/#website"},"primaryImageOfPage":{"@id":"https:\/\/www.movacolor.com\/vi\/cong-nghiep\/do-choi\/#primaryimage"},"image":{"@id":"https:\/\/www.movacolor.com\/vi\/cong-nghiep\/do-choi\/#primaryimage"},"thumbnailUrl":"https:\/\/www.movacolor.com\/wp-content\/uploads\/2023\/03\/Playmobil-aquarium.jpg","datePublished":"2023-03-22T12:13:56+00:00","description":"Kh\u00e1m ph\u00e1 c\u00e1ch c\u00f4ng ngh\u1ec7 \u0111\u1ecbnh l\u01b0\u1ee3ng tr\u1ecdng l\u01b0\u1ee3ng c\u1ee7a ch\u00fang t\u00f4i g\u00f3p ph\u1ea7n gi\u1ea3m ch\u1ea5t th\u1ea3i v\u00e0 ti\u1ebft ki\u1ec7m chi ph\u00ed trong ng\u00e0nh \u0111\u1ed3 ch\u01a1i. B\u1eaft \u0111\u1ea7u ph\u00e2n ph\u1ed1i ph\u1ee5 gia ch\u00ednh x\u00e1c h\u01a1n v\u00e0 ti\u1ebft ki\u1ec7m chi ph\u00ed \u0111\u00e1ng k\u1ec3!","breadcrumb":{"@id":"https:\/\/www.movacolor.com\/vi\/cong-nghiep\/do-choi\/#breadcrumb"},"inLanguage":"vi-VN","potentialAction":[{"@type":"ReadAction","target":["https:\/\/www.movacolor.com\/vi\/cong-nghiep\/do-choi\/"]}]},{"@type":"ImageObject","inLanguage":"vi-VN","@id":"https:\/\/www.movacolor.com\/vi\/cong-nghiep\/do-choi\/#primaryimage","url":"https:\/\/www.movacolor.com\/wp-content\/uploads\/2023\/03\/Playmobil-aquarium.jpg","contentUrl":"https:\/\/www.movacolor.com\/wp-content\/uploads\/2023\/03\/Playmobil-aquarium.jpg","width":1160,"height":1160},{"@type":"BreadcrumbList","@id":"https:\/\/www.movacolor.com\/vi\/cong-nghiep\/do-choi\/#breadcrumb","itemListElement":[{"@type":"ListItem","position":1,"name":"Home","item":"https:\/\/www.movacolor.com\/vi\/"},{"@type":"ListItem","position":2,"name":"Ng\u00e0nh c\u00f4ng nghi\u1ec7p","item":"https:\/\/www.movacolor.com\/vi\/industry\/"},{"@type":"ListItem","position":3,"name":"\u0110\u1ed3 ch\u01a1i"}]},{"@type":"WebSite","@id":"https:\/\/www.movacolor.com\/vi\/#website","url":"https:\/\/www.movacolor.com\/vi\/","name":"Movacolor","description":"modular dosing solutions","potentialAction":[{"@type":"SearchAction","target":{"@type":"EntryPoint","urlTemplate":"https:\/\/www.movacolor.com\/vi\/?s={search_term_string}"},"query-input":{"@type":"PropertyValueSpecification","valueRequired":true,"valueName":"search_term_string"}}],"inLanguage":"vi-VN"}]}},"_links":{"self":[{"href":"https:\/\/www.movacolor.com\/vi\/wp-json\/wp\/v2\/pages\/14449","targetHints":{"allow":["GET"]}}],"collection":[{"href":"https:\/\/www.movacolor.com\/vi\/wp-json\/wp\/v2\/pages"}],"about":[{"href":"https:\/\/www.movacolor.com\/vi\/wp-json\/wp\/v2\/types\/page"}],"author":[{"embeddable":true,"href":"https:\/\/www.movacolor.com\/vi\/wp-json\/wp\/v2\/users\/6"}],"replies":[{"embeddable":true,"href":"https:\/\/www.movacolor.com\/vi\/wp-json\/wp\/v2\/comments?post=14449"}],"version-history":[{"count":0,"href":"https:\/\/www.movacolor.com\/vi\/wp-json\/wp\/v2\/pages\/14449\/revisions"}],"up":[{"embeddable":true,"href":"https:\/\/www.movacolor.com\/vi\/wp-json\/wp\/v2\/pages\/14445"}],"wp:featuredmedia":[{"embeddable":true,"href":"https:\/\/www.movacolor.com\/vi\/wp-json\/wp\/v2\/media\/14161"}],"wp:attachment":[{"href":"https:\/\/www.movacolor.com\/vi\/wp-json\/wp\/v2\/media?parent=14449"}],"curies":[{"name":"wp","href":"https:\/\/api.w.org\/{rel}","templated":true}]}}