{"id":13065,"date":"2023-01-04T15:27:52","date_gmt":"2023-01-04T13:27:52","guid":{"rendered":"https:\/\/www.movacolor.com\/ve-chung-toi\/"},"modified":"2024-01-15T09:42:33","modified_gmt":"2024-01-15T07:42:33","slug":"ve-chung-toi","status":"publish","type":"page","link":"https:\/\/www.movacolor.com\/vi\/about-us\/","title":{"rendered":"V\u1ec1 ch\u00fang t\u00f4i"},"content":{"rendered":"<section class=\"l-section wpb_row height_auto\"><div class=\"l-section-h i-cf\"><div class=\"g-cols vc_row via_flex valign_top type_boxes stacking_default\"><div class=\"vc_col-sm-12 wpb_column vc_column_container\"><div class=\"vc_column-inner\"><div class=\"wpb_wrapper\"><h2 class=\"w-post-elm post_title entry-title color_link_inherit\">V\u1ec1 ch\u00fang t\u00f4i<\/h2><div class=\"g-cols wpb_row via_flex valign_top type_default stacking_default\"><div class=\"vc_col-sm-12 wpb_column vc_column_container\"><div class=\"vc_column-inner\"><div class=\"wpb_wrapper\"><div class=\"wpb_text_column\"><div class=\"wpb_wrapper\"><p>Movacolor l\u00e0 s\u1ef1 l\u1ef1a ch\u1ecdn \u0111\u1ea7u ti\u00ean c\u1ee7a c\u00e1c nh\u00e0 s\u1ea3n xu\u1ea5t nh\u1ef1a tr\u00ean to\u00e0n th\u1ebf gi\u1edbi \u0111ang ph\u1ea5n \u0111\u1ea5u \u0111\u1ea1t \u0111\u01b0\u1ee3c s\u1ef1 xu\u1ea5t s\u1eafc trong l\u0129nh v\u1ef1c \u00e9p phun v\u00e0 \u00e9p \u0111\u00f9n. S\u1ef1 d\u1eabn \u0111\u1ea7u c\u1ee7a Movacolor trong c\u00f4ng ngh\u1ec7 \u0111\u1ecbnh l\u01b0\u1ee3ng d\u1ef1a tr\u00ean g\u1ea7n 30 n\u0103m h\u1ee3p t\u00e1c v\u1edbi c\u00e1c nh\u00e0 s\u1ea3n xu\u1ea5t nh\u1ef1a tr\u00ean to\u00e0n th\u1ebf gi\u1edbi. Ch\u00fang t\u00f4i hi\u1ec3u r\u1eb1ng c\u00e1c v\u1ea5n \u0111\u1ec1 ph\u1ed5 bi\u1ebfn nh\u1ea5t trong c\u00e1c \u1ee9ng d\u1ee5ng \u00e9p phun v\u00e0 \u00e9p \u0111\u00f9n l\u00e0 s\u1ef1 thay \u0111\u1ed5i v\u1ec1 m\u00e0u s\u1eafc v\u00e0 \u0111\u1ed9 d\u00e0y th\u00e0nh.<\/p>\n<p>C\u00f4ng ngh\u1ec7 \u0111\u1ecbnh l\u01b0\u1ee3ng c\u1ee7a Movacolor d\u1ef1a tr\u00ean vi\u1ec7c \u0111\u1ecbnh l\u01b0\u1ee3ng tr\u1ef1c ti\u1ebfp masterbatch, b\u1ed9t, ch\u1ea5t m\u00e0u nghi\u1ec1n l\u1ea1i ho\u1eb7c ch\u1ea5t m\u00e0u d\u1ea1ng l\u1ecfng v\u00e0o nguy\u00ean li\u1ec7u th\u00f4. Ch\u00fang t\u00f4i k\u1ebft h\u1ee3p xi lanh \u0111\u1ecbnh l\u01b0\u1ee3ng Movacolor \u0111\u1ed9c \u0111\u00e1o v\u1edbi \u0111\u1ed9ng c\u01a1 b\u01b0\u1edbc \u0111\u1ec3 \u0111\u1ea3m b\u1ea3o d\u00f2ng ch\u1ea3y \u1ed5n \u0111\u1ecbnh mang l\u1ea1i m\u00e0u s\u1eafc \u0111\u00e1ng tin c\u1eady.<\/p>\n<\/div><\/div><\/div><\/div><\/div><\/div><\/div><\/div><\/div><\/div><\/div><\/section><section class=\"l-section wpb_row us_custom_adaa8e22 height_medium\"><div class=\"l-section-h i-cf\"><div class=\"g-cols vc_row via_flex valign_top type_default stacking_default\"><div class=\"vc_col-sm-12 wpb_column vc_column_container\"><div class=\"vc_column-inner\"><div class=\"wpb_wrapper\"><div class=\"w-video align_none ratio_16x9 has_iframe\"><div class=\"w-video-h\"><iframe title=\"Youtube video player\" src=\"\/\/www.youtube.com\/embed\/XGiDiLlmQLk?autoplay=0&controls=1&origin=https:\/\/www.movacolor.com\/vi\/&loop=0&mute=0\" allowfullscreen=\"1\" loading=\"lazy\"><\/iframe><\/div><\/div><\/div><\/div><\/div><\/div><\/div><\/section><section class=\"l-section wpb_row height_medium\"><div class=\"l-section-h i-cf\"><div class=\"g-cols vc_row via_flex valign_top type_default stacking_default\"><div class=\"vc_col-sm-4 wpb_column vc_column_container\"><div class=\"vc_column-inner\"><div class=\"wpb_wrapper\"><div class=\"wpb_text_column\"><div class=\"wpb_wrapper\"><h2>C\u00f4ng ngh\u1ec7 \u0111\u1ecbnh l\u01b0\u1ee3ng<\/h2>\n<p>C\u00e1c c\u00f4ng ty s\u1ea3n xu\u1ea5t nh\u1ef1a \u0111ang t\u00ecm ki\u1ebfm t\u1ea5t c\u1ea3 c\u00e1c \u0111\u1eb7c t\u00ednh trong\u00a0<a href=\"https:\/\/www.movacolor.com\/about-us\/dosing-technology\">c\u00f4ng ngh\u1ec7 \u0111\u1ecbnh l\u01b0\u1ee3ng<\/a>. M\u1ed9t s\u1ed1 \u0111ang t\u00ecm c\u00e1ch gi\u1ea3m chi ph\u00ed cho ch\u1ea5t t\u1ea1o m\u00e0u. M\u1ed9t s\u1ed1 t\u00ecm ki\u1ebfm m\u1ed9t quy tr\u00ecnh s\u1ea3n xu\u1ea5t \u1ed5n \u0111\u1ecbnh h\u01a1n. Nh\u1eefng ng\u01b0\u1eddi kh\u00e1c \u0111ang c\u1ed1 g\u1eafng t\u0103ng hi\u1ec7u qu\u1ea3 ho\u1eb7c c\u1ea3i thi\u1ec7n ch\u1ea5t l\u01b0\u1ee3ng. T\u1ea5t c\u1ea3 c\u00e1c h\u1ec7 th\u1ed1ng \u0111\u1ecbnh l\u01b0\u1ee3ng c\u1ee7a Movacolor \u0111\u1ec1u c\u00f3 nh\u1eefng l\u1ee3i \u00edch c\u1ee5 th\u1ec3 n\u00e0y trong h\u1ec7 th\u1ed1ng \u0111\u1ecbnh l\u01b0\u1ee3ng m\u00f4-\u0111un t\u00edch h\u1ee3p cho c\u00e1c \u1ee9ng d\u1ee5ng \u00e9p phun v\u00e0 \u00e9p \u0111\u00f9n.<\/p>\n<\/div><\/div><\/div><\/div><\/div><div class=\"vc_col-sm-4 wpb_column vc_column_container\"><div class=\"vc_column-inner\"><div class=\"wpb_wrapper\"><div class=\"wpb_text_column\"><div class=\"wpb_wrapper\"><h2>H\u1ec7 th\u1ed1ng \u0111\u1ecbnh l\u01b0\u1ee3ng<\/h2>\n<p>Movacolor ph\u00e1t tri\u1ec3n v\u00e0 ti\u1ebfp th\u1ecb c\u00e1c h\u1ec7 th\u1ed1ng \u0111\u1ecbnh l\u01b0\u1ee3ng tr\u1ecdng l\u01b0\u1ee3ng, \u0111o th\u1ecb l\u1ef1c v\u00e0 \u0111o th\u1ec3 t\u00edch c\u0169ng nh\u01b0 m\u00e1y tr\u1ed9n n\u1ed9i tuy\u1ebfn li\u00ean t\u1ee5c \u0111\u1ec3 \u00e9p phun v\u00e0 \u00e9p \u0111\u00f9n. C\u00e1c h\u1ec7 th\u1ed1ng \u0111\u1ecbnh l\u01b0\u1ee3ng n\u00e0y \u0111\u00e1p \u1ee9ng nhu c\u1ea7u v\u1ec1 kh\u1ed1i l\u01b0\u1ee3ng, ch\u1ea5t l\u01b0\u1ee3ng v\u00e0 \u0111\u1ed9 tin c\u1eady cao trong vi\u1ec7c \u0111\u1ecbnh l\u01b0\u1ee3ng t\u1ea5t c\u1ea3 c\u00e1c lo\u1ea1i\u00a0<a href=\"https:\/\/www.movacolor.com\/materials\/\">v\u1eadt li\u1ec7u<\/a>, nh\u01b0 masterbatch, b\u1ed9t, nghi\u1ec1n l\u1ea1i v\u00e0 ch\u1ea5t l\u1ecfng cho c\u00e1c nh\u00e0 s\u1ea3n xu\u1ea5t nh\u1ef1a tr\u00ean to\u00e0n th\u1ebf gi\u1edbi.<\/p>\n<\/div><\/div><\/div><\/div><\/div><div class=\"vc_col-sm-4 wpb_column vc_column_container\"><div class=\"vc_column-inner\"><div class=\"wpb_wrapper\"><div class=\"wpb_text_column\"><div class=\"wpb_wrapper\"><h2>G\u00f3i s\u1ea3n ph\u1ea9m<\/h2>\n<p>Trong\u00a0<a href=\"https:\/\/www.movacolor.com\/product-categories\/\" target=\"_blank\" rel=\"noopener\">g\u00f3i s\u1ea3n ph\u1ea9m<\/a> c\u1ee7a ch\u00fang t\u00f4i, b\u1ea1n c\u00f3 th\u1ec3 t\u00ecm th\u1ea5y th\u00f4ng tin t\u1ed5ng quan v\u1ec1 d\u00f2ng s\u1ea3n ph\u1ea9m Movacolor ho\u00e0n ch\u1ec9nh . D\u00f2ng s\u1ea3n ph\u1ea9m Movacolor bao g\u1ed3m c\u00e1c h\u1ec7 th\u1ed1ng \u0111\u1ecbnh l\u01b0\u1ee3ng tr\u1ecdng l\u01b0\u1ee3ng, \u0111o th\u1ecb l\u1ef1c v\u00e0 \u0111o th\u1ec3 t\u00edch c\u00f9ng c\u00e1c ph\u1ee5 ki\u1ec7n \u0111i k\u00e8m. B\u1eb1ng c\u00e1ch x\u00e1c \u0111\u1ecbnh v\u1eadt li\u1ec7u c\u1ee7a b\u1ea1n v\u00e0 l\u00e0m theo c\u00e1c v\u1ea1ch m\u00e0u, b\u1ea1n s\u1ebd t\u00ecm th\u1ea5y h\u1ec7 th\u1ed1ng \u0111\u1ecbnh l\u01b0\u1ee3ng n\u00e0o ph\u00f9 h\u1ee3p nh\u1ea5t cho v\u1eadt li\u1ec7u c\u1ee5 th\u1ec3 m\u00e0 b\u1ea1n mu\u1ed1n \u0111\u1ecbnh l\u01b0\u1ee3ng trong \u1ee9ng d\u1ee5ng \u00e9p phun ho\u1eb7c \u00e9p \u0111\u00f9n c\u1ee7a m\u00ecnh.<\/p>\n<\/div><\/div><\/div><\/div><\/div><\/div><\/div><\/section><section class=\"l-section wpb_row height_medium\"><div class=\"l-section-h i-cf\"><div class=\"g-cols vc_row via_flex valign_top type_default stacking_default\"><div class=\"vc_col-sm-4 wpb_column vc_column_container\"><div class=\"vc_column-inner\"><div class=\"wpb_wrapper\"><div class=\"wpb_text_column\"><div class=\"wpb_wrapper\"><h2>B\u1ea3o h\u00e0nh 5 n\u0103m<\/h2>\n<p>Ch\u00fang t\u00f4i, v\u1edbi t\u01b0 c\u00e1ch l\u00e0 Movacolor, t\u1ef1 h\u00e0o v\u1ec1 c\u00e1c h\u1ec7 th\u1ed1ng \u0111o tr\u1ecdng l\u01b0\u1ee3ng, quang h\u1ecdc v\u00e0 th\u1ec3 t\u00edch m\u1ea1nh m\u1ebd, ch\u1ea5t l\u01b0\u1ee3ng cao\u00a0<a href=\"https:\/\/www.movacolor.com\/product-categories\/\">h\u1ec7 th\u1ed1ng \u0111\u1ecbnh l\u01b0\u1ee3ng<\/a>\u00a0m\u00e0 ch\u00fang t\u00f4i ph\u00e1t tri\u1ec3n v\u00e0 ti\u1ebfp th\u1ecb cho t\u1ea5t c\u1ea3 c\u00e1c nh\u00e0 s\u1ea3n xu\u1ea5t nh\u1ef1a tr\u00ean to\u00e0n th\u1ebf gi\u1edbi h\u00e0ng ng\u00e0y. \u0110\u00f3 l\u00e0 l\u00fd do t\u1ea1i sao ch\u00fang t\u00f4i cung c\u1ea5p cho c\u00e1c nh\u00e0 s\u1ea3n xu\u1ea5t nh\u1ef1a tr\u00ean to\u00e0n th\u1ebf gi\u1edbi ch\u1ebf \u0111\u1ed9 b\u1ea3o h\u00e0nh ti\u00eau chu\u1ea9n 5 n\u0103m\u00a0\u0111\u1ed1i v\u1edbi c\u00e1c b\u1ed9 ph\u1eadn kh\u00f4ng b\u1ecb m\u00e0i m\u00f2n v\u00e0 r\u00e1ch c\u1ee7a t\u1ea5t c\u1ea3 c\u00e1c h\u1ec7 th\u1ed1ng \u0111\u1ecbnh l\u01b0\u1ee3ng Movacolor.<\/p>\n<\/div><\/div><\/div><\/div><\/div><div class=\"vc_col-sm-4 wpb_column vc_column_container\"><div class=\"vc_column-inner\"><div class=\"wpb_wrapper\"><div class=\"wpb_text_column\"><div class=\"wpb_wrapper\"><h2>M\u1ea1ng l\u01b0\u1edbi ph\u00e2n ph\u1ed1i to\u00e0n c\u1ea7u<\/h2>\n<p>Movacolor c\u00f3 m\u1ea1ng l\u01b0\u1edbi to\u00e0n c\u1ea7u g\u1ed3m h\u01a1n 70\u00a0<a href=\"https:\/\/www.movacolor.com\/contact\/distributors\/\">nh\u00e0 ph\u00e2n ph\u1ed1i<\/a>, nh\u1eefng ng\u01b0\u1eddi c\u00f3 nhi\u1ec1u kinh nghi\u1ec7m trong l\u0129nh v\u1ef1c \u00e9p phun v\u00e0 \u00e9p \u0111\u00f9n. M\u1ed7i nh\u00e0 ph\u00e2n ph\u1ed1i \u0111\u1ec1u chuy\u00ean v\u1ec1 c\u00e1c \u1ee9ng d\u1ee5ng c\u1ee7a h\u1ec7 th\u1ed1ng \u0111\u1ecbnh l\u01b0\u1ee3ng Movacolor v\u00e0 c\u00e1c y\u00eau c\u1ea7u v\u1ec1 \u0111\u1ecbnh l\u01b0\u1ee3ng c\u1ee7a c\u00e1c nh\u00e0 s\u1ea3n xu\u1ea5t nh\u1ef1a. Cho d\u00f9 h\u1ecd \u0111ang s\u1eed d\u1ee5ng masterbatch, b\u1ed9t, nghi\u1ec1n l\u1ea1i hay d\u1ea1ng l\u1ecfng. C\u00e1c nh\u00e0 ph\u00e2n ph\u1ed1i c\u1ee7a ch\u00fang t\u00f4i lu\u00f4n c\u00f3 th\u1ec3 tin t\u01b0\u1edfng v\u00e0o chuy\u00ean m\u00f4n c\u1ee7a c\u00e1c k\u1ef9 s\u01b0 c\u1ee7a Movacolor, ngay c\u1ea3 khi c\u1ea7n thi\u1ebft k\u1ebf c\u00e1c gi\u1ea3i ph\u00e1p t\u00f9y ch\u1ec9nh cho c\u00e1c nh\u00e0 s\u1ea3n xu\u1ea5t nh\u1ef1a c\u00f3 y\u00eau c\u1ea7u kh\u00e1c th\u01b0\u1eddng ho\u1eb7c th\u1eadm ch\u00ed l\u00e0 duy nh\u1ea5t.<\/p>\n<\/div><\/div><\/div><\/div><\/div><div class=\"vc_col-sm-4 wpb_column vc_column_container\"><div class=\"vc_column-inner\"><div class=\"wpb_wrapper\"><div class=\"wpb_text_column\"><div class=\"wpb_wrapper\"><h2>C\u01a1 h\u1ed9i vi\u1ec7c l\u00e0m<\/h2>\n<p>B\u1ea1n \u0111ang t\u00ecm ki\u1ebfm m\u1ed9t c\u00f4ng vi\u1ec7c th\u00fa v\u1ecb trong m\u1ed9t c\u00f4ng ty qu\u1ed1c t\u1ebf vui v\u1ebb v\u00e0 ti\u1ebfn b\u1ed9? V\u1eady th\u00ec h\u00e3y \u0111\u1ebfn v\u00e0 l\u00e0m vi\u1ec7c t\u1ea1i Movacolor \u1edf Sneek! V\u1edbi \u0111\u1ed9i ng\u0169 tr\u1ebb v\u00e0 nhi\u1ec7t huy\u1ebft, ch\u00fang t\u00f4i ph\u00e1t tri\u1ec3n v\u00e0 ti\u1ebfp th\u1ecb c\u00e1c h\u1ec7 th\u1ed1ng \u0111\u1ecbnh l\u01b0\u1ee3ng cho ng\u00e0nh nh\u1ef1a. T\u00ecm hi\u1ec3u th\u00eam v\u1ec1 c\u00e1c c\u01a1 h\u1ed9i\u00a0<a href=\"https:\/\/www.movacolor.com\/about-us\/careers\/\">ngh\u1ec1 nghi\u1ec7p<\/a>\u00a0hi\u1ec7n t\u1ea1i c\u1ee7a ch\u00fang t\u00f4i.<\/p>\n<\/div><\/div><\/div><\/div><\/div><\/div><\/div><\/section>\n","protected":false},"excerpt":{"rendered":"V\u1ec1 ch\u00fang t\u00f4iMovacolor l\u00e0 s\u1ef1 l\u1ef1a ch\u1ecdn \u0111\u1ea7u ti\u00ean c\u1ee7a c\u00e1c nh\u00e0 s\u1ea3n xu\u1ea5t nh\u1ef1a tr\u00ean to\u00e0n th\u1ebf gi\u1edbi \u0111ang ph\u1ea5n \u0111\u1ea5u \u0111\u1ea1t \u0111\u01b0\u1ee3c s\u1ef1 xu\u1ea5t s\u1eafc trong l\u0129nh v\u1ef1c \u00e9p phun v\u00e0 \u00e9p \u0111\u00f9n. S\u1ef1 d\u1eabn \u0111\u1ea7u c\u1ee7a Movacolor trong c\u00f4ng ngh\u1ec7 \u0111\u1ecbnh l\u01b0\u1ee3ng d\u1ef1a tr\u00ean g\u1ea7n 30 n\u0103m h\u1ee3p t\u00e1c v\u1edbi c\u00e1c nh\u00e0...","protected":false},"author":2,"featured_media":0,"parent":0,"menu_order":0,"comment_status":"closed","ping_status":"closed","template":"","meta":{"_acf_changed":false,"footnotes":""},"class_list":["post-13065","page","type-page","status-publish","hentry"],"acf":[],"yoast_head":"<!-- This site is optimized with the Yoast SEO plugin v26.4 - https:\/\/yoast.com\/wordpress\/plugins\/seo\/ -->\n<title>V\u1ec1 ch\u00fang t\u00f4i - Movacolor<\/title>\n<meta name=\"description\" content=\"V\u1edbi s\u1ef1 t\u1eadp trung cao \u0111\u1ed9 v\u00e0o t\u00ednh m\u00f4-\u0111un, c\u00f4ng ngh\u1ec7 \u0111\u1ecbnh l\u01b0\u1ee3ng v\u00e0 pha tr\u1ed9n c\u1ee7a ch\u00fang t\u00f4i cho ph\u00e9p c\u00e1c nh\u00e0 s\u1ea3n xu\u1ea5t nh\u1ef1a x\u1eed l\u00fd v\u1eadt li\u1ec7u t\u00e1i ch\u1ebf, gi\u1ea3m ch\u1ea5t th\u1ea3i v\u00e0 ti\u1ebft ki\u1ec7m chi ph\u00ed.\" \/>\n<meta name=\"robots\" content=\"index, follow, max-snippet:-1, max-image-preview:large, max-video-preview:-1\" \/>\n<link rel=\"canonical\" href=\"https:\/\/www.movacolor.com\/vi\/about-us\/\" \/>\n<meta property=\"og:locale\" content=\"vi_VN\" \/>\n<meta property=\"og:type\" content=\"article\" \/>\n<meta property=\"og:title\" content=\"V\u1ec1 ch\u00fang t\u00f4i - Movacolor\" \/>\n<meta property=\"og:description\" content=\"V\u1edbi s\u1ef1 t\u1eadp trung cao \u0111\u1ed9 v\u00e0o t\u00ednh m\u00f4-\u0111un, c\u00f4ng ngh\u1ec7 \u0111\u1ecbnh l\u01b0\u1ee3ng v\u00e0 pha tr\u1ed9n c\u1ee7a ch\u00fang t\u00f4i cho ph\u00e9p c\u00e1c nh\u00e0 s\u1ea3n xu\u1ea5t nh\u1ef1a x\u1eed l\u00fd v\u1eadt li\u1ec7u t\u00e1i ch\u1ebf, gi\u1ea3m ch\u1ea5t th\u1ea3i v\u00e0 ti\u1ebft ki\u1ec7m chi ph\u00ed.\" \/>\n<meta property=\"og:url\" content=\"https:\/\/www.movacolor.com\/vi\/about-us\/\" \/>\n<meta property=\"og:site_name\" content=\"Movacolor\" \/>\n<meta property=\"article:modified_time\" content=\"2024-01-15T07:42:33+00:00\" \/>\n<meta name=\"twitter:card\" content=\"summary_large_image\" \/>\n<meta name=\"twitter:label1\" content=\"Est. reading time\" \/>\n\t<meta name=\"twitter:data1\" content=\"6 minutes\" \/>\n<script type=\"application\/ld+json\" class=\"yoast-schema-graph\">{\"@context\":\"https:\/\/schema.org\",\"@graph\":[{\"@type\":\"WebPage\",\"@id\":\"https:\/\/www.movacolor.com\/vi\/about-us\/\",\"url\":\"https:\/\/www.movacolor.com\/vi\/about-us\/\",\"name\":\"V\u1ec1 ch\u00fang t\u00f4i - Movacolor\",\"isPartOf\":{\"@id\":\"https:\/\/www.movacolor.com\/vi\/#website\"},\"datePublished\":\"2023-01-04T13:27:52+00:00\",\"dateModified\":\"2024-01-15T07:42:33+00:00\",\"description\":\"V\u1edbi s\u1ef1 t\u1eadp trung cao \u0111\u1ed9 v\u00e0o t\u00ednh m\u00f4-\u0111un, c\u00f4ng ngh\u1ec7 \u0111\u1ecbnh l\u01b0\u1ee3ng v\u00e0 pha tr\u1ed9n c\u1ee7a ch\u00fang t\u00f4i cho ph\u00e9p c\u00e1c nh\u00e0 s\u1ea3n xu\u1ea5t nh\u1ef1a x\u1eed l\u00fd v\u1eadt li\u1ec7u t\u00e1i ch\u1ebf, gi\u1ea3m ch\u1ea5t th\u1ea3i v\u00e0 ti\u1ebft ki\u1ec7m chi ph\u00ed.\",\"breadcrumb\":{\"@id\":\"https:\/\/www.movacolor.com\/vi\/about-us\/#breadcrumb\"},\"inLanguage\":\"vi-VN\",\"potentialAction\":[{\"@type\":\"ReadAction\",\"target\":[\"https:\/\/www.movacolor.com\/vi\/about-us\/\"]}]},{\"@type\":\"BreadcrumbList\",\"@id\":\"https:\/\/www.movacolor.com\/vi\/about-us\/#breadcrumb\",\"itemListElement\":[{\"@type\":\"ListItem\",\"position\":1,\"name\":\"Home\",\"item\":\"https:\/\/www.movacolor.com\/vi\/\"},{\"@type\":\"ListItem\",\"position\":2,\"name\":\"V\u1ec1 ch\u00fang t\u00f4i\"}]},{\"@type\":\"WebSite\",\"@id\":\"https:\/\/www.movacolor.com\/vi\/#website\",\"url\":\"https:\/\/www.movacolor.com\/vi\/\",\"name\":\"Movacolor\",\"description\":\"modular dosing solutions\",\"potentialAction\":[{\"@type\":\"SearchAction\",\"target\":{\"@type\":\"EntryPoint\",\"urlTemplate\":\"https:\/\/www.movacolor.com\/vi\/?s={search_term_string}\"},\"query-input\":{\"@type\":\"PropertyValueSpecification\",\"valueRequired\":true,\"valueName\":\"search_term_string\"}}],\"inLanguage\":\"vi-VN\"}]}<\/script>\n<!-- \/ Yoast SEO plugin. -->","yoast_head_json":{"title":"V\u1ec1 ch\u00fang t\u00f4i - Movacolor","description":"V\u1edbi s\u1ef1 t\u1eadp trung cao \u0111\u1ed9 v\u00e0o t\u00ednh m\u00f4-\u0111un, c\u00f4ng ngh\u1ec7 \u0111\u1ecbnh l\u01b0\u1ee3ng v\u00e0 pha tr\u1ed9n c\u1ee7a ch\u00fang t\u00f4i cho ph\u00e9p c\u00e1c nh\u00e0 s\u1ea3n xu\u1ea5t nh\u1ef1a x\u1eed l\u00fd v\u1eadt li\u1ec7u t\u00e1i ch\u1ebf, gi\u1ea3m ch\u1ea5t th\u1ea3i v\u00e0 ti\u1ebft ki\u1ec7m chi ph\u00ed.","robots":{"index":"index","follow":"follow","max-snippet":"max-snippet:-1","max-image-preview":"max-image-preview:large","max-video-preview":"max-video-preview:-1"},"canonical":"https:\/\/www.movacolor.com\/vi\/about-us\/","og_locale":"vi_VN","og_type":"article","og_title":"V\u1ec1 ch\u00fang t\u00f4i - Movacolor","og_description":"V\u1edbi s\u1ef1 t\u1eadp trung cao \u0111\u1ed9 v\u00e0o t\u00ednh m\u00f4-\u0111un, c\u00f4ng ngh\u1ec7 \u0111\u1ecbnh l\u01b0\u1ee3ng v\u00e0 pha tr\u1ed9n c\u1ee7a ch\u00fang t\u00f4i cho ph\u00e9p c\u00e1c nh\u00e0 s\u1ea3n xu\u1ea5t nh\u1ef1a x\u1eed l\u00fd v\u1eadt li\u1ec7u t\u00e1i ch\u1ebf, gi\u1ea3m ch\u1ea5t th\u1ea3i v\u00e0 ti\u1ebft ki\u1ec7m chi ph\u00ed.","og_url":"https:\/\/www.movacolor.com\/vi\/about-us\/","og_site_name":"Movacolor","article_modified_time":"2024-01-15T07:42:33+00:00","twitter_card":"summary_large_image","twitter_misc":{"Est. reading time":"6 minutes"},"schema":{"@context":"https:\/\/schema.org","@graph":[{"@type":"WebPage","@id":"https:\/\/www.movacolor.com\/vi\/about-us\/","url":"https:\/\/www.movacolor.com\/vi\/about-us\/","name":"V\u1ec1 ch\u00fang t\u00f4i - Movacolor","isPartOf":{"@id":"https:\/\/www.movacolor.com\/vi\/#website"},"datePublished":"2023-01-04T13:27:52+00:00","dateModified":"2024-01-15T07:42:33+00:00","description":"V\u1edbi s\u1ef1 t\u1eadp trung cao \u0111\u1ed9 v\u00e0o t\u00ednh m\u00f4-\u0111un, c\u00f4ng ngh\u1ec7 \u0111\u1ecbnh l\u01b0\u1ee3ng v\u00e0 pha tr\u1ed9n c\u1ee7a ch\u00fang t\u00f4i cho ph\u00e9p c\u00e1c nh\u00e0 s\u1ea3n xu\u1ea5t nh\u1ef1a x\u1eed l\u00fd v\u1eadt li\u1ec7u t\u00e1i ch\u1ebf, gi\u1ea3m ch\u1ea5t th\u1ea3i v\u00e0 ti\u1ebft ki\u1ec7m chi ph\u00ed.","breadcrumb":{"@id":"https:\/\/www.movacolor.com\/vi\/about-us\/#breadcrumb"},"inLanguage":"vi-VN","potentialAction":[{"@type":"ReadAction","target":["https:\/\/www.movacolor.com\/vi\/about-us\/"]}]},{"@type":"BreadcrumbList","@id":"https:\/\/www.movacolor.com\/vi\/about-us\/#breadcrumb","itemListElement":[{"@type":"ListItem","position":1,"name":"Home","item":"https:\/\/www.movacolor.com\/vi\/"},{"@type":"ListItem","position":2,"name":"V\u1ec1 ch\u00fang t\u00f4i"}]},{"@type":"WebSite","@id":"https:\/\/www.movacolor.com\/vi\/#website","url":"https:\/\/www.movacolor.com\/vi\/","name":"Movacolor","description":"modular dosing solutions","potentialAction":[{"@type":"SearchAction","target":{"@type":"EntryPoint","urlTemplate":"https:\/\/www.movacolor.com\/vi\/?s={search_term_string}"},"query-input":{"@type":"PropertyValueSpecification","valueRequired":true,"valueName":"search_term_string"}}],"inLanguage":"vi-VN"}]}},"_links":{"self":[{"href":"https:\/\/www.movacolor.com\/vi\/wp-json\/wp\/v2\/pages\/13065","targetHints":{"allow":["GET"]}}],"collection":[{"href":"https:\/\/www.movacolor.com\/vi\/wp-json\/wp\/v2\/pages"}],"about":[{"href":"https:\/\/www.movacolor.com\/vi\/wp-json\/wp\/v2\/types\/page"}],"author":[{"embeddable":true,"href":"https:\/\/www.movacolor.com\/vi\/wp-json\/wp\/v2\/users\/2"}],"replies":[{"embeddable":true,"href":"https:\/\/www.movacolor.com\/vi\/wp-json\/wp\/v2\/comments?post=13065"}],"version-history":[{"count":2,"href":"https:\/\/www.movacolor.com\/vi\/wp-json\/wp\/v2\/pages\/13065\/revisions"}],"predecessor-version":[{"id":13067,"href":"https:\/\/www.movacolor.com\/vi\/wp-json\/wp\/v2\/pages\/13065\/revisions\/13067"}],"wp:attachment":[{"href":"https:\/\/www.movacolor.com\/vi\/wp-json\/wp\/v2\/media?parent=13065"}],"curies":[{"name":"wp","href":"https:\/\/api.w.org\/{rel}","templated":true}]}}