{"id":13056,"date":"2023-01-11T09:00:18","date_gmt":"2023-01-11T07:00:18","guid":{"rendered":"https:\/\/www.movacolor.com\/lien-he\/nha-phan-phoi-dai-ly\/"},"modified":"2024-01-15T09:29:10","modified_gmt":"2024-01-15T07:29:10","slug":"nha-phan-phoi-dai-ly","status":"publish","type":"page","link":"https:\/\/www.movacolor.com\/vi\/contact\/distributors-agents\/","title":{"rendered":"Nh\u00e0 ph\u00e2n ph\u1ed1i &#038; \u0110\u1ea1i l\u00fd"},"content":{"rendered":"<section class=\"l-section wpb_row us_custom_60e9caca us_animate_this height_auto\"><div class=\"l-section-h i-cf\"><div class=\"g-cols vc_row via_flex valign_top type_boxes stacking_default\"><div class=\"vc_col-sm-12 wpb_column vc_column_container\"><div class=\"vc_column-inner us_custom_3d831995\"><div class=\"wpb_wrapper\"><div class=\"wpb_text_column\"><div class=\"wpb_wrapper\"><h1>Nh\u00e0 ph\u00e2n ph\u1ed1i &amp; \u0110\u1ea1i l\u00fd<\/h1>\n<p>Ch\u00fang t\u00f4i c\u00f3 m\u1ed9t m\u1ea1ng l\u01b0\u1edbi c\u00e1c nh\u00e0 ph\u00e2n ph\u1ed1i v\u00e0 \u0111\u1ea1i l\u00fd tr\u00ean to\u00e0n th\u1ebf gi\u1edbi, nh\u1eefng ng\u01b0\u1eddi c\u00f3 nhi\u1ec1u kinh nghi\u1ec7m trong l\u0129nh v\u1ef1c \u00e9p phun v\u00e0 \u00e9p \u0111\u00f9n. M\u1ed7i \u0111\u1ea1i di\u1ec7n \u0111\u1ec1u chuy\u00ean v\u1ec1 c\u00e1c \u1ee9ng d\u1ee5ng c\u1ee7a h\u1ec7 th\u1ed1ng \u0111\u1ecbnh l\u01b0\u1ee3ng Movacolor v\u00e0 c\u00e1c y\u00eau c\u1ea7u v\u1ec1 \u0111\u1ecbnh l\u01b0\u1ee3ng c\u1ee7a c\u00e1c nh\u00e0 s\u1ea3n xu\u1ea5t nh\u1ef1a.<\/p>\n<\/div><\/div><\/div><\/div><\/div><\/div><\/div><\/section><section class=\"l-section wpb_row us_custom_c70c97eb height_auto width_full\"><div class=\"l-section-h i-cf\"><div class=\"g-cols vc_row via_flex valign_top type_boxes stacking_default\"><div class=\"vc_col-sm-12 wpb_column vc_column_container\"><div class=\"vc_column-inner\"><div class=\"wpb_wrapper\"><div class=\"w-html\"><div id=\"wpsl-wrap\">\r\n\t\t<\/div>\r\n\t<\/div>\r\n\t<div id=\"wpsl-gmap\" class=\"wpsl-gmap-canvas\"><\/div>\r\n\t<div id=\"wpsl-result-list\">\r\n\t\t\t<form autocomplete=\"off\">\r\n\t\t\t<div class=\"wpsl-input\">\r\n\t<div class=\"legend-mob\"><div class=\"w-hwrapper align_none valign_top wpsl-cat-wrapper\"><div class=\"w-iconbox iconpos_left style_default color_primary align_left no_text icontype_img\"><div class=\"w-iconbox-icon\" style=\"font-size:2rem;\"><img decoding=\"async\" src=\"https:\/\/www.movacolor.com\/wp-content\/uploads\/2025\/02\/Location-point-store-locator-website-.png\" alt=\"\u0110\u1ed1i t\u00e1c kinh doanh\"><\/div><div class=\"w-iconbox-meta\"><div class=\"w-iconbox-title\">\u0110\u1ed1i t\u00e1c kinh doanh<\/div><\/div><\/div><div class=\"w-iconbox iconpos_left style_default color_primary align_left no_text icontype_img\"><div class=\"w-iconbox-icon\" style=\"font-size:2rem;\"><img decoding=\"async\" src=\"https:\/\/www.movacolor.com\/wp-content\/uploads\/2025\/02\/Movacolor-kantoor-aanwijzer-store-locator-.png\" alt=\"V\u0103n ph\u00f2ng Movacolor\"><\/div><div class=\"w-iconbox-meta\"><div class=\"w-iconbox-title\">V\u0103n ph\u00f2ng Movacolor<\/div><\/div><\/div><\/div><\/div>\r\n\t\t\t\t<div><h5><label for=\"wpsl-search-input\">Find your local Channel Partner<\/label><\/h5><\/div>\r\n\t\t\t<div class=\"wpsl-search-wrapper\">\r\n\t\t\t\t<input id=\"wpsl-search-input\" class=\"wpsl-input-field\" type=\"text\" value=\"\" name=\"wpsl-search-input\" placeholder=\"Your location\" aria-required=\"true\" \/>\r\n\t\t\t\t<input id=\"wpsl-search-btn\" class=\"wpsl-btn fa-input\" type=\"submit\" value=\"&#xf002;\">\r\n\t\t\t<\/div>\r\n\t\t<\/form>\r\n\t\t\t<\/div>\r\n\t\t<div id=\"wpsl-stores\" >\r\n\t\t\t<ul><\/ul>\r\n\t\t<\/div>\r\n\t\t<div id=\"wpsl-direction-details\">\r\n\t\t\t<ul><\/ul>\r\n\t\t<\/div>\r\n\t<\/div>\r\n\t<div class=\"legend\"><div class=\"w-hwrapper align_none valign_top wpsl-cat-wrapper\"><div class=\"w-iconbox iconpos_left style_default color_primary align_left no_text icontype_img\"><div class=\"w-iconbox-icon\" style=\"font-size:2rem;\"><img decoding=\"async\" src=\"https:\/\/www.movacolor.com\/wp-content\/uploads\/2025\/02\/Location-point-store-locator-website-.png\" alt=\"\u0110\u1ed1i t\u00e1c kinh doanh\"><\/div><div class=\"w-iconbox-meta\"><div class=\"w-iconbox-title\">\u0110\u1ed1i t\u00e1c kinh doanh<\/div><\/div><\/div><div class=\"w-iconbox iconpos_left style_default color_primary align_left no_text icontype_img\"><div class=\"w-iconbox-icon\" style=\"font-size:2rem;\"><img decoding=\"async\" src=\"https:\/\/www.movacolor.com\/wp-content\/uploads\/2025\/02\/Movacolor-kantoor-aanwijzer-store-locator-.png\" alt=\"V\u0103n ph\u00f2ng Movacolor\"><\/div><div class=\"w-iconbox-meta\"><div class=\"w-iconbox-title\">V\u0103n ph\u00f2ng Movacolor<\/div><\/div><\/div><\/div><\/div>\r\n<\/div>\r\n<\/div><\/div><\/div><\/div><\/div><\/div><\/section>\n","protected":false},"excerpt":{"rendered":"Nh\u00e0 ph\u00e2n ph\u1ed1i &amp; \u0110\u1ea1i l\u00fd Ch\u00fang t\u00f4i c\u00f3 m\u1ed9t m\u1ea1ng l\u01b0\u1edbi c\u00e1c nh\u00e0 ph\u00e2n ph\u1ed1i v\u00e0 \u0111\u1ea1i l\u00fd tr\u00ean to\u00e0n th\u1ebf gi\u1edbi, nh\u1eefng ng\u01b0\u1eddi c\u00f3 nhi\u1ec1u kinh nghi\u1ec7m trong l\u0129nh v\u1ef1c \u00e9p phun v\u00e0 \u00e9p \u0111\u00f9n. M\u1ed7i \u0111\u1ea1i di\u1ec7n \u0111\u1ec1u chuy\u00ean v\u1ec1 c\u00e1c \u1ee9ng d\u1ee5ng c\u1ee7a h\u1ec7 th\u1ed1ng \u0111\u1ecbnh l\u01b0\u1ee3ng Movacolor v\u00e0 c\u00e1c y\u00eau...","protected":false},"author":2,"featured_media":0,"parent":13025,"menu_order":0,"comment_status":"closed","ping_status":"closed","template":"","meta":{"_acf_changed":false,"footnotes":""},"class_list":["post-13056","page","type-page","status-publish","hentry"],"acf":[],"yoast_head":"<!-- This site is optimized with the Yoast SEO plugin v26.4 - https:\/\/yoast.com\/wordpress\/plugins\/seo\/ -->\n<title>Nh\u00e0 ph\u00e2n ph\u1ed1i &amp; \u0110\u1ea1i l\u00fd - Movacolor<\/title>\n<meta name=\"description\" content=\"H\u00e3y li\u00ean h\u1ec7 v\u1edbi nh\u00e0 ph\u00e2n ph\u1ed1i ho\u1eb7c \u0111\u1ea1i l\u00fd Movacolor t\u1ea1i \u0111\u1ecba ph\u01b0\u01a1ng c\u1ee7a b\u1ea1n ngay h\u00f4m nay!\" \/>\n<meta name=\"robots\" content=\"index, follow, max-snippet:-1, max-image-preview:large, max-video-preview:-1\" \/>\n<link rel=\"canonical\" href=\"https:\/\/www.movacolor.com\/vi\/contact\/distributors-agents\/\" \/>\n<meta property=\"og:locale\" content=\"vi_VN\" \/>\n<meta property=\"og:type\" content=\"article\" \/>\n<meta property=\"og:title\" content=\"Nh\u00e0 ph\u00e2n ph\u1ed1i &amp; \u0110\u1ea1i l\u00fd - Movacolor\" \/>\n<meta property=\"og:description\" content=\"H\u00e3y li\u00ean h\u1ec7 v\u1edbi nh\u00e0 ph\u00e2n ph\u1ed1i ho\u1eb7c \u0111\u1ea1i l\u00fd Movacolor t\u1ea1i \u0111\u1ecba ph\u01b0\u01a1ng c\u1ee7a b\u1ea1n ngay h\u00f4m nay!\" \/>\n<meta property=\"og:url\" content=\"https:\/\/www.movacolor.com\/vi\/contact\/distributors-agents\/\" \/>\n<meta property=\"og:site_name\" content=\"Movacolor\" \/>\n<meta property=\"article:modified_time\" content=\"2024-01-15T07:29:10+00:00\" \/>\n<meta name=\"twitter:card\" content=\"summary_large_image\" \/>\n<meta name=\"twitter:label1\" content=\"Est. reading time\" \/>\n\t<meta name=\"twitter:data1\" content=\"1 minute\" \/>\n<script type=\"application\/ld+json\" class=\"yoast-schema-graph\">{\"@context\":\"https:\/\/schema.org\",\"@graph\":[{\"@type\":\"WebPage\",\"@id\":\"https:\/\/www.movacolor.com\/vi\/contact\/distributors-agents\/\",\"url\":\"https:\/\/www.movacolor.com\/vi\/contact\/distributors-agents\/\",\"name\":\"Nh\u00e0 ph\u00e2n ph\u1ed1i & \u0110\u1ea1i l\u00fd - Movacolor\",\"isPartOf\":{\"@id\":\"https:\/\/www.movacolor.com\/vi\/#website\"},\"datePublished\":\"2023-01-11T07:00:18+00:00\",\"dateModified\":\"2024-01-15T07:29:10+00:00\",\"description\":\"H\u00e3y li\u00ean h\u1ec7 v\u1edbi nh\u00e0 ph\u00e2n ph\u1ed1i ho\u1eb7c \u0111\u1ea1i l\u00fd Movacolor t\u1ea1i \u0111\u1ecba ph\u01b0\u01a1ng c\u1ee7a b\u1ea1n ngay h\u00f4m nay!\",\"breadcrumb\":{\"@id\":\"https:\/\/www.movacolor.com\/vi\/contact\/distributors-agents\/#breadcrumb\"},\"inLanguage\":\"vi-VN\",\"potentialAction\":[{\"@type\":\"ReadAction\",\"target\":[\"https:\/\/www.movacolor.com\/vi\/contact\/distributors-agents\/\"]}]},{\"@type\":\"BreadcrumbList\",\"@id\":\"https:\/\/www.movacolor.com\/vi\/contact\/distributors-agents\/#breadcrumb\",\"itemListElement\":[{\"@type\":\"ListItem\",\"position\":1,\"name\":\"Home\",\"item\":\"https:\/\/www.movacolor.com\/vi\/\"},{\"@type\":\"ListItem\",\"position\":2,\"name\":\"Li\u00ean h\u1ec7\",\"item\":\"https:\/\/www.movacolor.com\/vi\/contact\/\"},{\"@type\":\"ListItem\",\"position\":3,\"name\":\"Nh\u00e0 ph\u00e2n ph\u1ed1i &#038; \u0110\u1ea1i l\u00fd\"}]},{\"@type\":\"WebSite\",\"@id\":\"https:\/\/www.movacolor.com\/vi\/#website\",\"url\":\"https:\/\/www.movacolor.com\/vi\/\",\"name\":\"Movacolor\",\"description\":\"modular dosing solutions\",\"potentialAction\":[{\"@type\":\"SearchAction\",\"target\":{\"@type\":\"EntryPoint\",\"urlTemplate\":\"https:\/\/www.movacolor.com\/vi\/?s={search_term_string}\"},\"query-input\":{\"@type\":\"PropertyValueSpecification\",\"valueRequired\":true,\"valueName\":\"search_term_string\"}}],\"inLanguage\":\"vi-VN\"}]}<\/script>\n<!-- \/ Yoast SEO plugin. -->","yoast_head_json":{"title":"Nh\u00e0 ph\u00e2n ph\u1ed1i & \u0110\u1ea1i l\u00fd - Movacolor","description":"H\u00e3y li\u00ean h\u1ec7 v\u1edbi nh\u00e0 ph\u00e2n ph\u1ed1i ho\u1eb7c \u0111\u1ea1i l\u00fd Movacolor t\u1ea1i \u0111\u1ecba ph\u01b0\u01a1ng c\u1ee7a b\u1ea1n ngay h\u00f4m nay!","robots":{"index":"index","follow":"follow","max-snippet":"max-snippet:-1","max-image-preview":"max-image-preview:large","max-video-preview":"max-video-preview:-1"},"canonical":"https:\/\/www.movacolor.com\/vi\/contact\/distributors-agents\/","og_locale":"vi_VN","og_type":"article","og_title":"Nh\u00e0 ph\u00e2n ph\u1ed1i & \u0110\u1ea1i l\u00fd - Movacolor","og_description":"H\u00e3y li\u00ean h\u1ec7 v\u1edbi nh\u00e0 ph\u00e2n ph\u1ed1i ho\u1eb7c \u0111\u1ea1i l\u00fd Movacolor t\u1ea1i \u0111\u1ecba ph\u01b0\u01a1ng c\u1ee7a b\u1ea1n ngay h\u00f4m nay!","og_url":"https:\/\/www.movacolor.com\/vi\/contact\/distributors-agents\/","og_site_name":"Movacolor","article_modified_time":"2024-01-15T07:29:10+00:00","twitter_card":"summary_large_image","twitter_misc":{"Est. reading time":"1 minute"},"schema":{"@context":"https:\/\/schema.org","@graph":[{"@type":"WebPage","@id":"https:\/\/www.movacolor.com\/vi\/contact\/distributors-agents\/","url":"https:\/\/www.movacolor.com\/vi\/contact\/distributors-agents\/","name":"Nh\u00e0 ph\u00e2n ph\u1ed1i & \u0110\u1ea1i l\u00fd - Movacolor","isPartOf":{"@id":"https:\/\/www.movacolor.com\/vi\/#website"},"datePublished":"2023-01-11T07:00:18+00:00","dateModified":"2024-01-15T07:29:10+00:00","description":"H\u00e3y li\u00ean h\u1ec7 v\u1edbi nh\u00e0 ph\u00e2n ph\u1ed1i ho\u1eb7c \u0111\u1ea1i l\u00fd Movacolor t\u1ea1i \u0111\u1ecba ph\u01b0\u01a1ng c\u1ee7a b\u1ea1n ngay h\u00f4m nay!","breadcrumb":{"@id":"https:\/\/www.movacolor.com\/vi\/contact\/distributors-agents\/#breadcrumb"},"inLanguage":"vi-VN","potentialAction":[{"@type":"ReadAction","target":["https:\/\/www.movacolor.com\/vi\/contact\/distributors-agents\/"]}]},{"@type":"BreadcrumbList","@id":"https:\/\/www.movacolor.com\/vi\/contact\/distributors-agents\/#breadcrumb","itemListElement":[{"@type":"ListItem","position":1,"name":"Home","item":"https:\/\/www.movacolor.com\/vi\/"},{"@type":"ListItem","position":2,"name":"Li\u00ean h\u1ec7","item":"https:\/\/www.movacolor.com\/vi\/contact\/"},{"@type":"ListItem","position":3,"name":"Nh\u00e0 ph\u00e2n ph\u1ed1i &#038; \u0110\u1ea1i l\u00fd"}]},{"@type":"WebSite","@id":"https:\/\/www.movacolor.com\/vi\/#website","url":"https:\/\/www.movacolor.com\/vi\/","name":"Movacolor","description":"modular dosing solutions","potentialAction":[{"@type":"SearchAction","target":{"@type":"EntryPoint","urlTemplate":"https:\/\/www.movacolor.com\/vi\/?s={search_term_string}"},"query-input":{"@type":"PropertyValueSpecification","valueRequired":true,"valueName":"search_term_string"}}],"inLanguage":"vi-VN"}]}},"_links":{"self":[{"href":"https:\/\/www.movacolor.com\/vi\/wp-json\/wp\/v2\/pages\/13056","targetHints":{"allow":["GET"]}}],"collection":[{"href":"https:\/\/www.movacolor.com\/vi\/wp-json\/wp\/v2\/pages"}],"about":[{"href":"https:\/\/www.movacolor.com\/vi\/wp-json\/wp\/v2\/types\/page"}],"author":[{"embeddable":true,"href":"https:\/\/www.movacolor.com\/vi\/wp-json\/wp\/v2\/users\/2"}],"replies":[{"embeddable":true,"href":"https:\/\/www.movacolor.com\/vi\/wp-json\/wp\/v2\/comments?post=13056"}],"version-history":[{"count":2,"href":"https:\/\/www.movacolor.com\/vi\/wp-json\/wp\/v2\/pages\/13056\/revisions"}],"predecessor-version":[{"id":13058,"href":"https:\/\/www.movacolor.com\/vi\/wp-json\/wp\/v2\/pages\/13056\/revisions\/13058"}],"up":[{"embeddable":true,"href":"https:\/\/www.movacolor.com\/vi\/wp-json\/wp\/v2\/pages\/13025"}],"wp:attachment":[{"href":"https:\/\/www.movacolor.com\/vi\/wp-json\/wp\/v2\/media?parent=13056"}],"curies":[{"name":"wp","href":"https:\/\/api.w.org\/{rel}","templated":true}]}}