{"id":11561,"date":"2023-08-16T14:25:34","date_gmt":"2023-08-16T12:25:34","guid":{"rendered":"https:\/\/www.movacolor.com\/tuyen-bo-mien-tru-trach-nhiem\/"},"modified":"2024-01-10T11:30:30","modified_gmt":"2024-01-10T09:30:30","slug":"tuyen-bo-mien-tru-trach-nhiem","status":"publish","type":"page","link":"https:\/\/www.movacolor.com\/vi\/disclaimer\/","title":{"rendered":"Tuy\u00ean b\u1ed1 mi\u1ec5n tr\u1eeb tr\u00e1ch nhi\u1ec7m"},"content":{"rendered":"<section class=\"l-section wpb_row height_medium\"><div class=\"l-section-h i-cf\"><div class=\"g-cols vc_row via_flex valign_top type_default stacking_default\"><div class=\"vc_col-sm-12 wpb_column vc_column_container\"><div class=\"vc_column-inner\"><div class=\"wpb_wrapper\"><div class=\"wpb_text_column\"><div class=\"wpb_wrapper\"><h2>Th\u00f4ng l\u01b0\u1ee3ng MDS Balance<\/h2>\n<p>C\u00f4ng su\u1ea5t t\u1ed1i \u0111a \u0111\u01b0\u1ee3c \u0111\u1ec1 c\u1eadp trong t\u1edd r\u01a1i s\u1ea3n ph\u1ea9m v\u00e0 tr\u00ean trang web c\u1ee7a ch\u00fang t\u00f4i d\u1ef1a tr\u00ean v\u1eadt li\u1ec7u d\u1ea1ng h\u1ea1t c\u00f3 m\u1eadt \u0111\u1ed9 kh\u1ed1i l\u00e0 0,8 kg\/l v\u00e0 c\u00e1c v\u1eadt li\u1ec7u, \u0111i\u1ec1u ki\u1ec7n, c\u00e0i \u0111\u1eb7t v\u00e0 t\u1ef7 l\u1ec7 tr\u1ed9n l\u00fd t\u01b0\u1edfng nh\u1ea5t.<\/p>\n<\/div><\/div><div class=\"w-separator size_medium\"><\/div><div class=\"wpb_text_column\"><div class=\"wpb_wrapper\"><h2>Th\u00f4ng l\u01b0\u1ee3ng MDS (Balance) Ch\u1ea5t l\u1ecfng (v- v\u00e0 g-series)<\/h2>\n<p>C\u00f4ng su\u1ea5t t\u1ed1i \u0111a \u0111\u01b0\u1ee3c \u0111\u1ec1 c\u1eadp trong t\u1edd r\u01a1i s\u1ea3n ph\u1ea9m v\u00e0 tr\u00ean trang web c\u1ee7a ch\u00fang t\u00f4i d\u1ef1a tr\u00ean v\u1eadt li\u1ec7u l\u1ecfng c\u00f3 \u0111\u1ed9 nh\u1edbt 1 mPa (H20) v\u00e0 c\u00e1c v\u1eadt li\u1ec7u, \u0111i\u1ec1u ki\u1ec7n, c\u00e0i \u0111\u1eb7t v\u00e0 t\u1ef7 l\u1ec7 ph\u1ea7n tr\u0103m tr\u1ed9n l\u00fd t\u01b0\u1edfng nh\u1ea5t.<\/p>\n<\/div><\/div><div class=\"w-separator size_medium\"><\/div><div class=\"wpb_text_column\"><div class=\"wpb_wrapper\"><h2>Th\u00f4ng l\u01b0\u1ee3ng b\u1ed9t MDS (Balance) NFF (v- v\u00e0 g-series)<\/h2>\n<p>C\u00f4ng su\u1ea5t t\u1ed1i \u0111a \u0111\u01b0\u1ee3c \u0111\u1ec1 c\u1eadp trong t\u1edd r\u01a1i s\u1ea3n ph\u1ea9m v\u00e0 tr\u00ean trang web c\u1ee7a ch\u00fang t\u00f4i d\u1ef1a tr\u00ean v\u1eadt li\u1ec7u d\u1ea1ng h\u1ea1t c\u00f3 m\u1eadt \u0111\u1ed9 kh\u1ed1i l\u00e0 0,6 kg\/l v\u00e0 c\u00e1c v\u1eadt li\u1ec7u, \u0111i\u1ec1u ki\u1ec7n, c\u00e0i \u0111\u1eb7t v\u00e0 t\u1ef7 l\u1ec7 tr\u1ed9n l\u00fd t\u01b0\u1edfng nh\u1ea5t.<\/p>\n<\/div><\/div><div class=\"w-separator size_medium\"><\/div><div class=\"wpb_text_column\"><div class=\"wpb_wrapper\"><h2>Th\u00f4ng l\u01b0\u1ee3ng MDS HO Balance Powder FF (g-series)<\/h2>\n<p>C\u00f4ng su\u1ea5t t\u1ed1i \u0111a \u0111\u01b0\u1ee3c \u0111\u1ec1 c\u1eadp trong t\u1edd r\u01a1i s\u1ea3n ph\u1ea9m v\u00e0 tr\u00ean trang web c\u1ee7a ch\u00fang t\u00f4i d\u1ef1a tr\u00ean v\u1eadt li\u1ec7u d\u1ea1ng h\u1ea1t c\u00f3 m\u1eadt \u0111\u1ed9 kh\u1ed1i l\u00e0 0,8 kg\/l v\u00e0 c\u00e1c v\u1eadt li\u1ec7u, \u0111i\u1ec1u ki\u1ec7n, c\u00e0i \u0111\u1eb7t v\u00e0 t\u1ef7 l\u1ec7 tr\u1ed9n l\u00fd t\u01b0\u1edfng nh\u1ea5t.<\/p>\n<p>&nbsp;<\/p>\n<\/div><\/div><div class=\"w-separator size_medium\"><\/div><div class=\"wpb_text_column\"><div class=\"wpb_wrapper\"><h2>Th\u00f4ng l\u01b0\u1ee3ng MDS Nexus (o-series)<\/h2>\n<p>C\u00f4ng su\u1ea5t t\u1ed1i \u0111a \u0111\u01b0\u1ee3c \u0111\u1ec1 c\u1eadp trong t\u1edd r\u01a1i s\u1ea3n ph\u1ea9m v\u00e0 tr\u00ean trang web c\u1ee7a ch\u00fang t\u00f4i d\u1ef1a tr\u00ean v\u1eadt li\u1ec7u d\u1ea1ng h\u1ea1t c\u00f3 m\u1eadt \u0111\u1ed9 kh\u1ed1i l\u00e0 0,8 kg\/l v\u00e0 c\u00e1c v\u1eadt li\u1ec7u, \u0111i\u1ec1u ki\u1ec7n, c\u00e0i \u0111\u1eb7t v\u00e0 t\u1ef7 l\u1ec7 tr\u1ed9n l\u00fd t\u01b0\u1edfng nh\u1ea5t.<\/p>\n<\/div><\/div><div class=\"w-separator size_medium\"><\/div><div class=\"wpb_text_column\"><div class=\"wpb_wrapper\"><h2>Th\u00f4ng l\u01b0\u1ee3ng c\u1ee7a B\u1ed9 n\u1ea1p MDS (v-series)<\/h2>\n<p>C\u00f4ng su\u1ea5t t\u1ed1i \u0111a \u0111\u01b0\u1ee3c \u0111\u1ec1 c\u1eadp trong t\u1edd r\u01a1i s\u1ea3n ph\u1ea9m v\u00e0 tr\u00ean trang web c\u1ee7a ch\u00fang t\u00f4i d\u1ef1a tr\u00ean nguy\u00ean li\u1ec7u masterbatch\/nguy\u00ean ch\u1ea5t th\u00f4ng th\u01b0\u1eddng ho\u1eb7c vi m\u00f4 v\u1edbi k\u00edch th\u01b0\u1edbc vi\u00ean kh\u00f4ng \u0111\u1ed5i v\u00e0 c\u00e1c nguy\u00ean li\u1ec7u, \u0111i\u1ec1u ki\u1ec7n, c\u00e0i \u0111\u1eb7t v\u00e0 t\u1ef7 l\u1ec7 tr\u1ed9n l\u00fd t\u01b0\u1edfng nh\u1ea5t.<\/p>\n<\/div><\/div><div class=\"w-separator size_medium\"><\/div><div class=\"wpb_text_column\"><div class=\"wpb_wrapper\"><h2>Th\u00f4ng l\u01b0\u1ee3ng d\u00f2ng MBS<\/h2>\n<p>C\u00f4ng su\u1ea5t t\u1ed1i \u0111a \u0111\u01b0\u1ee3c \u0111\u1ec1 c\u1eadp trong t\u1edd r\u01a1i s\u1ea3n ph\u1ea9m v\u00e0 tr\u00ean trang web c\u1ee7a ch\u00fang t\u00f4i d\u1ef1a tr\u00ean v\u1eadt li\u1ec7u d\u1ea1ng h\u1ea1t c\u00f3 m\u1eadt \u0111\u1ed9 kh\u1ed1i l\u00e0 0,8 kg\/l v\u00e0 c\u00e1c v\u1eadt li\u1ec7u, \u0111i\u1ec1u ki\u1ec7n, c\u00e0i \u0111\u1eb7t v\u00e0 t\u1ef7 l\u1ec7 tr\u1ed9n l\u00fd t\u01b0\u1edfng nh\u1ea5t.<\/p>\n<\/div><\/div><div class=\"w-separator size_medium\"><\/div><div class=\"wpb_text_column\"><div class=\"wpb_wrapper\"><h2>Th\u00f4ng l\u01b0\u1ee3ng d\u00f2ng MHBS<\/h2>\n<p>C\u00f4ng su\u1ea5t t\u1ed1i \u0111a \u0111\u01b0\u1ee3c \u0111\u1ec1 c\u1eadp trong t\u1edd r\u01a1i s\u1ea3n ph\u1ea9m v\u00e0 tr\u00ean trang web c\u1ee7a ch\u00fang t\u00f4i d\u1ef1a tr\u00ean v\u1eadt li\u1ec7u d\u1ea1ng h\u1ea1t c\u00f3 m\u1eadt \u0111\u1ed9 kh\u1ed1i l\u00e0 0,8 kg\/l v\u00e0 c\u00e1c v\u1eadt li\u1ec7u, \u0111i\u1ec1u ki\u1ec7n, c\u00e0i \u0111\u1eb7t v\u00e0 t\u1ef7 l\u1ec7 tr\u1ed9n l\u00fd t\u01b0\u1edfng nh\u1ea5t.<\/p>\n<\/div><\/div><div class=\"w-separator size_medium\"><\/div><div class=\"wpb_text_column\"><div class=\"wpb_wrapper\"><h2>Dung l\u01b0\u1ee3ng lo\u1ea1t tr\u1ecdng l\u01b0\u1ee3ng MMS<\/h2>\n<p>C\u00f4ng su\u1ea5t t\u1ed1i \u0111a \u0111\u01b0\u1ee3c \u0111\u1ec1 c\u1eadp trong t\u1edd r\u01a1i s\u1ea3n ph\u1ea9m v\u00e0 tr\u00ean trang web c\u1ee7a ch\u00fang t\u00f4i d\u1ef1a tr\u00ean v\u1eadt li\u1ec7u d\u1ea1ng h\u1ea1t c\u00f3 m\u1eadt \u0111\u1ed9 kh\u1ed1i l\u00e0 0,8 kg\/l v\u00e0 c\u00e1c v\u1eadt li\u1ec7u, \u0111i\u1ec1u ki\u1ec7n v\u00e0 c\u00e0i \u0111\u1eb7t l\u00fd t\u01b0\u1edfng nh\u1ea5t.<\/p>\n<\/div><\/div><div class=\"w-separator size_medium\"><\/div><div class=\"wpb_text_column\"><div class=\"wpb_wrapper\"><h2>Profibus, Profinet v\u00e0 OPC\/UA<\/h2>\n<p>\u0110\u1ec3 thi\u1ebft l\u1eadp k\u1ebft n\u1ed1i b\u1eb1ng giao th\u1ee9c Profibus ho\u1eb7c Profinet, c\u1ea7n ph\u1ea3i mua th\u00eam c\u00e1c m\u00f4-\u0111un ph\u1ee5 tr\u1ee3. \u0110\u1ec3 thi\u1ebft l\u1eadp k\u1ebft n\u1ed1i b\u1eb1ng giao th\u1ee9c OPC\/UA, c\u1ea7n ph\u1ea3i mua th\u00eam ph\u1ea7n m\u1ec1m.<\/p>\n<\/div><\/div><\/div><\/div><\/div><\/div><\/div><\/section>\n","protected":false},"excerpt":{"rendered":"Th\u00f4ng l\u01b0\u1ee3ng MDS Balance C\u00f4ng su\u1ea5t t\u1ed1i \u0111a \u0111\u01b0\u1ee3c \u0111\u1ec1 c\u1eadp trong t\u1edd r\u01a1i s\u1ea3n ph\u1ea9m v\u00e0 tr\u00ean trang web c\u1ee7a ch\u00fang t\u00f4i d\u1ef1a tr\u00ean v\u1eadt li\u1ec7u d\u1ea1ng h\u1ea1t c\u00f3 m\u1eadt \u0111\u1ed9 kh\u1ed1i l\u00e0 0,8 kg\/l v\u00e0 c\u00e1c v\u1eadt li\u1ec7u, \u0111i\u1ec1u ki\u1ec7n, c\u00e0i \u0111\u1eb7t v\u00e0 t\u1ef7 l\u1ec7 tr\u1ed9n l\u00fd t\u01b0\u1edfng nh\u1ea5t. Th\u00f4ng l\u01b0\u1ee3ng MDS (Balance)...","protected":false},"author":6,"featured_media":0,"parent":0,"menu_order":0,"comment_status":"closed","ping_status":"closed","template":"","meta":{"_acf_changed":false,"footnotes":""},"class_list":["post-11561","page","type-page","status-publish","hentry"],"acf":[],"yoast_head":"<!-- This site is optimized with the Yoast SEO plugin v26.4 - https:\/\/yoast.com\/wordpress\/plugins\/seo\/ -->\n<title>Tuy\u00ean b\u1ed1 mi\u1ec5n tr\u1eeb tr\u00e1ch nhi\u1ec7m - Movacolor<\/title>\n<meta name=\"robots\" content=\"noindex, nofollow\" \/>\n<meta property=\"og:locale\" content=\"vi_VN\" \/>\n<meta property=\"og:type\" content=\"article\" \/>\n<meta property=\"og:title\" content=\"Tuy\u00ean b\u1ed1 mi\u1ec5n tr\u1eeb tr\u00e1ch nhi\u1ec7m - Movacolor\" \/>\n<meta property=\"og:url\" content=\"https:\/\/www.movacolor.com\/vi\/disclaimer\/\" \/>\n<meta property=\"og:site_name\" content=\"Movacolor\" \/>\n<meta property=\"article:modified_time\" content=\"2024-01-10T09:30:30+00:00\" \/>\n<meta name=\"twitter:card\" content=\"summary_large_image\" \/>\n<meta name=\"twitter:label1\" content=\"Est. reading time\" \/>\n\t<meta name=\"twitter:data1\" content=\"4 minutes\" \/>\n<script type=\"application\/ld+json\" class=\"yoast-schema-graph\">{\"@context\":\"https:\/\/schema.org\",\"@graph\":[{\"@type\":\"WebPage\",\"@id\":\"https:\/\/www.movacolor.com\/vi\/disclaimer\/\",\"url\":\"https:\/\/www.movacolor.com\/vi\/disclaimer\/\",\"name\":\"Tuy\u00ean b\u1ed1 mi\u1ec5n tr\u1eeb tr\u00e1ch nhi\u1ec7m - Movacolor\",\"isPartOf\":{\"@id\":\"https:\/\/www.movacolor.com\/vi\/#website\"},\"datePublished\":\"2023-08-16T12:25:34+00:00\",\"dateModified\":\"2024-01-10T09:30:30+00:00\",\"breadcrumb\":{\"@id\":\"https:\/\/www.movacolor.com\/vi\/disclaimer\/#breadcrumb\"},\"inLanguage\":\"vi-VN\",\"potentialAction\":[{\"@type\":\"ReadAction\",\"target\":[\"https:\/\/www.movacolor.com\/vi\/disclaimer\/\"]}]},{\"@type\":\"BreadcrumbList\",\"@id\":\"https:\/\/www.movacolor.com\/vi\/disclaimer\/#breadcrumb\",\"itemListElement\":[{\"@type\":\"ListItem\",\"position\":1,\"name\":\"Home\",\"item\":\"https:\/\/www.movacolor.com\/vi\/\"},{\"@type\":\"ListItem\",\"position\":2,\"name\":\"Tuy\u00ean b\u1ed1 mi\u1ec5n tr\u1eeb tr\u00e1ch nhi\u1ec7m\"}]},{\"@type\":\"WebSite\",\"@id\":\"https:\/\/www.movacolor.com\/vi\/#website\",\"url\":\"https:\/\/www.movacolor.com\/vi\/\",\"name\":\"Movacolor\",\"description\":\"modular dosing solutions\",\"potentialAction\":[{\"@type\":\"SearchAction\",\"target\":{\"@type\":\"EntryPoint\",\"urlTemplate\":\"https:\/\/www.movacolor.com\/vi\/?s={search_term_string}\"},\"query-input\":{\"@type\":\"PropertyValueSpecification\",\"valueRequired\":true,\"valueName\":\"search_term_string\"}}],\"inLanguage\":\"vi-VN\"}]}<\/script>\n<!-- \/ Yoast SEO plugin. -->","yoast_head_json":{"title":"Tuy\u00ean b\u1ed1 mi\u1ec5n tr\u1eeb tr\u00e1ch nhi\u1ec7m - Movacolor","robots":{"index":"noindex","follow":"nofollow"},"og_locale":"vi_VN","og_type":"article","og_title":"Tuy\u00ean b\u1ed1 mi\u1ec5n tr\u1eeb tr\u00e1ch nhi\u1ec7m - Movacolor","og_url":"https:\/\/www.movacolor.com\/vi\/disclaimer\/","og_site_name":"Movacolor","article_modified_time":"2024-01-10T09:30:30+00:00","twitter_card":"summary_large_image","twitter_misc":{"Est. reading time":"4 minutes"},"schema":{"@context":"https:\/\/schema.org","@graph":[{"@type":"WebPage","@id":"https:\/\/www.movacolor.com\/vi\/disclaimer\/","url":"https:\/\/www.movacolor.com\/vi\/disclaimer\/","name":"Tuy\u00ean b\u1ed1 mi\u1ec5n tr\u1eeb tr\u00e1ch nhi\u1ec7m - Movacolor","isPartOf":{"@id":"https:\/\/www.movacolor.com\/vi\/#website"},"datePublished":"2023-08-16T12:25:34+00:00","dateModified":"2024-01-10T09:30:30+00:00","breadcrumb":{"@id":"https:\/\/www.movacolor.com\/vi\/disclaimer\/#breadcrumb"},"inLanguage":"vi-VN","potentialAction":[{"@type":"ReadAction","target":["https:\/\/www.movacolor.com\/vi\/disclaimer\/"]}]},{"@type":"BreadcrumbList","@id":"https:\/\/www.movacolor.com\/vi\/disclaimer\/#breadcrumb","itemListElement":[{"@type":"ListItem","position":1,"name":"Home","item":"https:\/\/www.movacolor.com\/vi\/"},{"@type":"ListItem","position":2,"name":"Tuy\u00ean b\u1ed1 mi\u1ec5n tr\u1eeb tr\u00e1ch nhi\u1ec7m"}]},{"@type":"WebSite","@id":"https:\/\/www.movacolor.com\/vi\/#website","url":"https:\/\/www.movacolor.com\/vi\/","name":"Movacolor","description":"modular dosing solutions","potentialAction":[{"@type":"SearchAction","target":{"@type":"EntryPoint","urlTemplate":"https:\/\/www.movacolor.com\/vi\/?s={search_term_string}"},"query-input":{"@type":"PropertyValueSpecification","valueRequired":true,"valueName":"search_term_string"}}],"inLanguage":"vi-VN"}]}},"_links":{"self":[{"href":"https:\/\/www.movacolor.com\/vi\/wp-json\/wp\/v2\/pages\/11561","targetHints":{"allow":["GET"]}}],"collection":[{"href":"https:\/\/www.movacolor.com\/vi\/wp-json\/wp\/v2\/pages"}],"about":[{"href":"https:\/\/www.movacolor.com\/vi\/wp-json\/wp\/v2\/types\/page"}],"author":[{"embeddable":true,"href":"https:\/\/www.movacolor.com\/vi\/wp-json\/wp\/v2\/users\/6"}],"replies":[{"embeddable":true,"href":"https:\/\/www.movacolor.com\/vi\/wp-json\/wp\/v2\/comments?post=11561"}],"version-history":[{"count":4,"href":"https:\/\/www.movacolor.com\/vi\/wp-json\/wp\/v2\/pages\/11561\/revisions"}],"predecessor-version":[{"id":12385,"href":"https:\/\/www.movacolor.com\/vi\/wp-json\/wp\/v2\/pages\/11561\/revisions\/12385"}],"wp:attachment":[{"href":"https:\/\/www.movacolor.com\/vi\/wp-json\/wp\/v2\/media?parent=11561"}],"curies":[{"name":"wp","href":"https:\/\/api.w.org\/{rel}","templated":true}]}}