{"id":5926,"date":"2023-01-03T12:35:05","date_gmt":"2023-01-03T10:35:05","guid":{"rendered":"https:\/\/www.movacolor.com\/process\/spuitgieten\/"},"modified":"2024-02-09T20:25:19","modified_gmt":"2024-02-09T18:25:19","slug":"spuitgieten","status":"publish","type":"page","link":"https:\/\/www.movacolor.com\/nl\/proces\/spuitgieten\/","title":{"rendered":"Spuitgieten"},"content":{"rendered":"<p>Volumetrische en gravimetrische doseersystemen zijn essentieel bij het spuitgieten. Het spuitgietproces produceert onderdelen van zowel thermoplastische als thermohardende kunststofmaterialen. Vanwege de hoge productiekosten van de matrijzen wordt het spuitgieten voornamelijk gebruikt bij massaproductie waarbij duizenden onderdelen worden geproduceerd.<\/p>\n","protected":false},"excerpt":{"rendered":"<p>Volumetrische en gravimetrische doseersystemen zijn essentieel bij het spuitgieten. Het spuitgietproces produceert onderdelen van zowel thermoplastische als thermohardende kunststofmaterialen. Vanwege de hoge productiekosten van de matrijzen wordt het spuitgieten voornamelijk gebruikt bij massaproductie waarbij duizenden onderdelen worden geproduceerd.<\/p>\n","protected":false},"author":2,"featured_media":4078,"parent":4604,"menu_order":0,"comment_status":"closed","ping_status":"closed","template":"","meta":{"_acf_changed":false,"footnotes":""},"class_list":["post-5926","page","type-page","status-publish","has-post-thumbnail","hentry","us_portfolio_tag-spuitgieten"],"acf":[],"yoast_head":"<!-- This site is optimized with the Yoast SEO plugin v26.4 - https:\/\/yoast.com\/wordpress\/plugins\/seo\/ -->\n<title>Spuitgieten \u00bb Bezoek onze website en lees meer!<\/title>\n<meta name=\"description\" content=\"Optimice su producci\u00f3n de pl\u00e1sticos con soluciones de dosificaci\u00f3n y mezcla exactas de Movacolor. Gravim\u00e9trica, volum\u00e9trica, optom\u00e9trica. \u00a1Desc\u00fabrelos!\" \/>\n<meta name=\"robots\" content=\"index, follow, max-snippet:-1, max-image-preview:large, max-video-preview:-1\" \/>\n<link rel=\"canonical\" href=\"https:\/\/www.movacolor.com\/nl\/proces\/spuitgieten\/\" \/>\n<meta property=\"og:locale\" content=\"nl_NL\" \/>\n<meta property=\"og:type\" content=\"article\" \/>\n<meta property=\"og:title\" content=\"Spuitgieten \u00bb Bezoek onze website en lees meer!\" \/>\n<meta property=\"og:description\" content=\"Optimice su producci\u00f3n de pl\u00e1sticos con soluciones de dosificaci\u00f3n y mezcla exactas de Movacolor. Gravim\u00e9trica, volum\u00e9trica, optom\u00e9trica. \u00a1Desc\u00fabrelos!\" \/>\n<meta property=\"og:url\" content=\"https:\/\/www.movacolor.com\/nl\/proces\/spuitgieten\/\" \/>\n<meta property=\"og:site_name\" content=\"Movacolor\" \/>\n<meta property=\"article:modified_time\" content=\"2024-02-09T18:25:19+00:00\" \/>\n<meta property=\"og:image\" content=\"https:\/\/www.movacolor.com\/wp-content\/uploads\/2023\/03\/Injection_molding.jpg\" \/>\n\t<meta property=\"og:image:width\" content=\"1920\" \/>\n\t<meta property=\"og:image:height\" content=\"1280\" \/>\n\t<meta property=\"og:image:type\" content=\"image\/jpeg\" \/>\n<meta name=\"twitter:card\" content=\"summary_large_image\" \/>\n<meta name=\"twitter:label1\" content=\"Geschatte leestijd\" \/>\n\t<meta name=\"twitter:data1\" content=\"1 minuut\" \/>\n<script type=\"application\/ld+json\" class=\"yoast-schema-graph\">{\"@context\":\"https:\/\/schema.org\",\"@graph\":[{\"@type\":\"WebPage\",\"@id\":\"https:\/\/www.movacolor.com\/nl\/proces\/spuitgieten\/\",\"url\":\"https:\/\/www.movacolor.com\/nl\/proces\/spuitgieten\/\",\"name\":\"Spuitgieten \u00bb Bezoek onze website en lees meer!\",\"isPartOf\":{\"@id\":\"https:\/\/www.movacolor.com\/nl\/#website\"},\"primaryImageOfPage\":{\"@id\":\"https:\/\/www.movacolor.com\/nl\/proces\/spuitgieten\/#primaryimage\"},\"image\":{\"@id\":\"https:\/\/www.movacolor.com\/nl\/proces\/spuitgieten\/#primaryimage\"},\"thumbnailUrl\":\"https:\/\/www.movacolor.com\/wp-content\/uploads\/2023\/03\/Injection_molding.jpg\",\"datePublished\":\"2023-01-03T10:35:05+00:00\",\"dateModified\":\"2024-02-09T18:25:19+00:00\",\"description\":\"Optimice su producci\u00f3n de pl\u00e1sticos con soluciones de dosificaci\u00f3n y mezcla exactas de Movacolor. Gravim\u00e9trica, volum\u00e9trica, optom\u00e9trica. \u00a1Desc\u00fabrelos!\",\"breadcrumb\":{\"@id\":\"https:\/\/www.movacolor.com\/nl\/proces\/spuitgieten\/#breadcrumb\"},\"inLanguage\":\"nl-NL\",\"potentialAction\":[{\"@type\":\"ReadAction\",\"target\":[\"https:\/\/www.movacolor.com\/nl\/proces\/spuitgieten\/\"]}]},{\"@type\":\"ImageObject\",\"inLanguage\":\"nl-NL\",\"@id\":\"https:\/\/www.movacolor.com\/nl\/proces\/spuitgieten\/#primaryimage\",\"url\":\"https:\/\/www.movacolor.com\/wp-content\/uploads\/2023\/03\/Injection_molding.jpg\",\"contentUrl\":\"https:\/\/www.movacolor.com\/wp-content\/uploads\/2023\/03\/Injection_molding.jpg\",\"width\":1920,\"height\":1280,\"caption\":\"Injection Molding\"},{\"@type\":\"BreadcrumbList\",\"@id\":\"https:\/\/www.movacolor.com\/nl\/proces\/spuitgieten\/#breadcrumb\",\"itemListElement\":[{\"@type\":\"ListItem\",\"position\":1,\"name\":\"Home\",\"item\":\"https:\/\/www.movacolor.com\/nl\/\"},{\"@type\":\"ListItem\",\"position\":2,\"name\":\"Proces\",\"item\":\"https:\/\/www.movacolor.com\/nl\/proces\/\"},{\"@type\":\"ListItem\",\"position\":3,\"name\":\"Spuitgieten\"}]},{\"@type\":\"WebSite\",\"@id\":\"https:\/\/www.movacolor.com\/nl\/#website\",\"url\":\"https:\/\/www.movacolor.com\/nl\/\",\"name\":\"Movacolor\",\"description\":\"modular dosing solutions\",\"potentialAction\":[{\"@type\":\"SearchAction\",\"target\":{\"@type\":\"EntryPoint\",\"urlTemplate\":\"https:\/\/www.movacolor.com\/nl\/?s={search_term_string}\"},\"query-input\":{\"@type\":\"PropertyValueSpecification\",\"valueRequired\":true,\"valueName\":\"search_term_string\"}}],\"inLanguage\":\"nl-NL\"}]}<\/script>\n<!-- \/ Yoast SEO plugin. -->","yoast_head_json":{"title":"Spuitgieten \u00bb Bezoek onze website en lees meer!","description":"Optimice su producci\u00f3n de pl\u00e1sticos con soluciones de dosificaci\u00f3n y mezcla exactas de Movacolor. Gravim\u00e9trica, volum\u00e9trica, optom\u00e9trica. \u00a1Desc\u00fabrelos!","robots":{"index":"index","follow":"follow","max-snippet":"max-snippet:-1","max-image-preview":"max-image-preview:large","max-video-preview":"max-video-preview:-1"},"canonical":"https:\/\/www.movacolor.com\/nl\/proces\/spuitgieten\/","og_locale":"nl_NL","og_type":"article","og_title":"Spuitgieten \u00bb Bezoek onze website en lees meer!","og_description":"Optimice su producci\u00f3n de pl\u00e1sticos con soluciones de dosificaci\u00f3n y mezcla exactas de Movacolor. Gravim\u00e9trica, volum\u00e9trica, optom\u00e9trica. \u00a1Desc\u00fabrelos!","og_url":"https:\/\/www.movacolor.com\/nl\/proces\/spuitgieten\/","og_site_name":"Movacolor","article_modified_time":"2024-02-09T18:25:19+00:00","og_image":[{"width":1920,"height":1280,"url":"https:\/\/www.movacolor.com\/wp-content\/uploads\/2023\/03\/Injection_molding.jpg","type":"image\/jpeg"}],"twitter_card":"summary_large_image","twitter_misc":{"Geschatte leestijd":"1 minuut"},"schema":{"@context":"https:\/\/schema.org","@graph":[{"@type":"WebPage","@id":"https:\/\/www.movacolor.com\/nl\/proces\/spuitgieten\/","url":"https:\/\/www.movacolor.com\/nl\/proces\/spuitgieten\/","name":"Spuitgieten \u00bb Bezoek onze website en lees meer!","isPartOf":{"@id":"https:\/\/www.movacolor.com\/nl\/#website"},"primaryImageOfPage":{"@id":"https:\/\/www.movacolor.com\/nl\/proces\/spuitgieten\/#primaryimage"},"image":{"@id":"https:\/\/www.movacolor.com\/nl\/proces\/spuitgieten\/#primaryimage"},"thumbnailUrl":"https:\/\/www.movacolor.com\/wp-content\/uploads\/2023\/03\/Injection_molding.jpg","datePublished":"2023-01-03T10:35:05+00:00","dateModified":"2024-02-09T18:25:19+00:00","description":"Optimice su producci\u00f3n de pl\u00e1sticos con soluciones de dosificaci\u00f3n y mezcla exactas de Movacolor. Gravim\u00e9trica, volum\u00e9trica, optom\u00e9trica. \u00a1Desc\u00fabrelos!","breadcrumb":{"@id":"https:\/\/www.movacolor.com\/nl\/proces\/spuitgieten\/#breadcrumb"},"inLanguage":"nl-NL","potentialAction":[{"@type":"ReadAction","target":["https:\/\/www.movacolor.com\/nl\/proces\/spuitgieten\/"]}]},{"@type":"ImageObject","inLanguage":"nl-NL","@id":"https:\/\/www.movacolor.com\/nl\/proces\/spuitgieten\/#primaryimage","url":"https:\/\/www.movacolor.com\/wp-content\/uploads\/2023\/03\/Injection_molding.jpg","contentUrl":"https:\/\/www.movacolor.com\/wp-content\/uploads\/2023\/03\/Injection_molding.jpg","width":1920,"height":1280,"caption":"Injection Molding"},{"@type":"BreadcrumbList","@id":"https:\/\/www.movacolor.com\/nl\/proces\/spuitgieten\/#breadcrumb","itemListElement":[{"@type":"ListItem","position":1,"name":"Home","item":"https:\/\/www.movacolor.com\/nl\/"},{"@type":"ListItem","position":2,"name":"Proces","item":"https:\/\/www.movacolor.com\/nl\/proces\/"},{"@type":"ListItem","position":3,"name":"Spuitgieten"}]},{"@type":"WebSite","@id":"https:\/\/www.movacolor.com\/nl\/#website","url":"https:\/\/www.movacolor.com\/nl\/","name":"Movacolor","description":"modular dosing solutions","potentialAction":[{"@type":"SearchAction","target":{"@type":"EntryPoint","urlTemplate":"https:\/\/www.movacolor.com\/nl\/?s={search_term_string}"},"query-input":{"@type":"PropertyValueSpecification","valueRequired":true,"valueName":"search_term_string"}}],"inLanguage":"nl-NL"}]}},"_links":{"self":[{"href":"https:\/\/www.movacolor.com\/nl\/wp-json\/wp\/v2\/pages\/5926","targetHints":{"allow":["GET"]}}],"collection":[{"href":"https:\/\/www.movacolor.com\/nl\/wp-json\/wp\/v2\/pages"}],"about":[{"href":"https:\/\/www.movacolor.com\/nl\/wp-json\/wp\/v2\/types\/page"}],"author":[{"embeddable":true,"href":"https:\/\/www.movacolor.com\/nl\/wp-json\/wp\/v2\/users\/2"}],"replies":[{"embeddable":true,"href":"https:\/\/www.movacolor.com\/nl\/wp-json\/wp\/v2\/comments?post=5926"}],"version-history":[{"count":1,"href":"https:\/\/www.movacolor.com\/nl\/wp-json\/wp\/v2\/pages\/5926\/revisions"}],"predecessor-version":[{"id":6244,"href":"https:\/\/www.movacolor.com\/nl\/wp-json\/wp\/v2\/pages\/5926\/revisions\/6244"}],"up":[{"embeddable":true,"href":"https:\/\/www.movacolor.com\/nl\/wp-json\/wp\/v2\/pages\/4604"}],"wp:featuredmedia":[{"embeddable":true,"href":"https:\/\/www.movacolor.com\/nl\/wp-json\/wp\/v2\/media\/4078"}],"wp:attachment":[{"href":"https:\/\/www.movacolor.com\/nl\/wp-json\/wp\/v2\/media?parent=5926"}],"curies":[{"name":"wp","href":"https:\/\/api.w.org\/{rel}","templated":true}]}}