{"id":7476,"date":"2023-01-03T12:35:05","date_gmt":"2023-01-03T10:35:05","guid":{"rendered":"https:\/\/www.movacolor.com\/processus\/moulage-par-injection\/"},"modified":"2024-02-09T22:02:16","modified_gmt":"2024-02-09T20:02:16","slug":"moulage-par-injection","status":"publish","type":"page","link":"https:\/\/www.movacolor.com\/fr\/processus\/moulage-par-injection\/","title":{"rendered":"Moulage par injection"},"content":{"rendered":"<p>Les syst\u00e8mes de dosage volum\u00e9trique et gravim\u00e9trique sont essentiels dans le moulage par injection. Le processus de fabrication du moulage par injection permet de produire des pi\u00e8ces \u00e0 partir de mati\u00e8res plastiques thermoplastiques et thermodurcissables. En raison des co\u00fbts de fabrication \u00e9lev\u00e9s des moules, le moulage par injection est principalement utilis\u00e9 dans la production de masse o\u00f9 des milliers de pi\u00e8ces sont produites.<\/p>\n","protected":false},"excerpt":{"rendered":"<p>Les syst\u00e8mes de dosage volum\u00e9trique et gravim\u00e9trique sont essentiels dans le moulage par injection. Le processus de fabrication du moulage par injection permet de produire des pi\u00e8ces \u00e0 partir de mati\u00e8res plastiques thermoplastiques et thermodurcissables. En raison des co\u00fbts de fabrication \u00e9lev\u00e9s des moules, le moulage par injection est principalement utilis\u00e9 dans la production de&#8230;<\/p>\n","protected":false},"author":2,"featured_media":4079,"parent":7470,"menu_order":0,"comment_status":"closed","ping_status":"closed","template":"","meta":{"_acf_changed":false,"footnotes":""},"class_list":["post-7476","page","type-page","status-publish","has-post-thumbnail","hentry","us_portfolio_tag-moulage-par-injection"],"acf":[],"yoast_head":"<!-- This site is optimized with the Yoast SEO plugin v26.4 - https:\/\/yoast.com\/wordpress\/plugins\/seo\/ -->\n<title>Moulage par injection &quot; Visitez notre site web et lisez plus !<\/title>\n<meta name=\"description\" content=\"Assurez une qualit\u00e9 optimale dans le moulage par injection avec les doseurs gravim\u00e9triques et volum\u00e9triques de Movacolor. Contr\u00f4le maximal et pr\u00e9cision.\" \/>\n<meta name=\"robots\" content=\"index, follow, max-snippet:-1, max-image-preview:large, max-video-preview:-1\" \/>\n<link rel=\"canonical\" href=\"https:\/\/www.movacolor.com\/fr\/processus\/moulage-par-injection\/\" \/>\n<meta property=\"og:locale\" content=\"fr_FR\" \/>\n<meta property=\"og:type\" content=\"article\" \/>\n<meta property=\"og:title\" content=\"Moulage par injection &quot; Visitez notre site web et lisez plus !\" \/>\n<meta property=\"og:description\" content=\"Assurez une qualit\u00e9 optimale dans le moulage par injection avec les doseurs gravim\u00e9triques et volum\u00e9triques de Movacolor. Contr\u00f4le maximal et pr\u00e9cision.\" \/>\n<meta property=\"og:url\" content=\"https:\/\/www.movacolor.com\/fr\/processus\/moulage-par-injection\/\" \/>\n<meta property=\"og:site_name\" content=\"Movacolor\" \/>\n<meta property=\"article:modified_time\" content=\"2024-02-09T20:02:16+00:00\" \/>\n<meta property=\"og:image\" content=\"https:\/\/www.movacolor.com\/wp-content\/uploads\/2023\/03\/Injection_molding.jpg\" \/>\n\t<meta property=\"og:image:width\" content=\"1920\" \/>\n\t<meta property=\"og:image:height\" content=\"1280\" \/>\n\t<meta property=\"og:image:type\" content=\"image\/jpeg\" \/>\n<meta name=\"twitter:card\" content=\"summary_large_image\" \/>\n<meta name=\"twitter:label1\" content=\"Dur\u00e9e de lecture estim\u00e9e\" \/>\n\t<meta name=\"twitter:data1\" content=\"1 minute\" \/>\n<script type=\"application\/ld+json\" class=\"yoast-schema-graph\">{\"@context\":\"https:\/\/schema.org\",\"@graph\":[{\"@type\":\"WebPage\",\"@id\":\"https:\/\/www.movacolor.com\/fr\/processus\/moulage-par-injection\/\",\"url\":\"https:\/\/www.movacolor.com\/fr\/processus\/moulage-par-injection\/\",\"name\":\"Moulage par injection \\\" Visitez notre site web et lisez plus !\",\"isPartOf\":{\"@id\":\"https:\/\/www.movacolor.com\/fr\/#website\"},\"primaryImageOfPage\":{\"@id\":\"https:\/\/www.movacolor.com\/fr\/processus\/moulage-par-injection\/#primaryimage\"},\"image\":{\"@id\":\"https:\/\/www.movacolor.com\/fr\/processus\/moulage-par-injection\/#primaryimage\"},\"thumbnailUrl\":\"https:\/\/www.movacolor.com\/wp-content\/uploads\/2023\/03\/Injection_molding.jpg\",\"datePublished\":\"2023-01-03T10:35:05+00:00\",\"dateModified\":\"2024-02-09T20:02:16+00:00\",\"description\":\"Assurez une qualit\u00e9 optimale dans le moulage par injection avec les doseurs gravim\u00e9triques et volum\u00e9triques de Movacolor. Contr\u00f4le maximal et pr\u00e9cision.\",\"breadcrumb\":{\"@id\":\"https:\/\/www.movacolor.com\/fr\/processus\/moulage-par-injection\/#breadcrumb\"},\"inLanguage\":\"fr-FR\",\"potentialAction\":[{\"@type\":\"ReadAction\",\"target\":[\"https:\/\/www.movacolor.com\/fr\/processus\/moulage-par-injection\/\"]}]},{\"@type\":\"ImageObject\",\"inLanguage\":\"fr-FR\",\"@id\":\"https:\/\/www.movacolor.com\/fr\/processus\/moulage-par-injection\/#primaryimage\",\"url\":\"https:\/\/www.movacolor.com\/wp-content\/uploads\/2023\/03\/Injection_molding.jpg\",\"contentUrl\":\"https:\/\/www.movacolor.com\/wp-content\/uploads\/2023\/03\/Injection_molding.jpg\",\"width\":1920,\"height\":1280,\"caption\":\"Injection Molding\"},{\"@type\":\"BreadcrumbList\",\"@id\":\"https:\/\/www.movacolor.com\/fr\/processus\/moulage-par-injection\/#breadcrumb\",\"itemListElement\":[{\"@type\":\"ListItem\",\"position\":1,\"name\":\"Home\",\"item\":\"https:\/\/www.movacolor.com\/fr\/\"},{\"@type\":\"ListItem\",\"position\":2,\"name\":\"Processus\",\"item\":\"https:\/\/www.movacolor.com\/fr\/processus\/\"},{\"@type\":\"ListItem\",\"position\":3,\"name\":\"Moulage par injection\"}]},{\"@type\":\"WebSite\",\"@id\":\"https:\/\/www.movacolor.com\/fr\/#website\",\"url\":\"https:\/\/www.movacolor.com\/fr\/\",\"name\":\"Movacolor\",\"description\":\"modular dosing solutions\",\"potentialAction\":[{\"@type\":\"SearchAction\",\"target\":{\"@type\":\"EntryPoint\",\"urlTemplate\":\"https:\/\/www.movacolor.com\/fr\/?s={search_term_string}\"},\"query-input\":{\"@type\":\"PropertyValueSpecification\",\"valueRequired\":true,\"valueName\":\"search_term_string\"}}],\"inLanguage\":\"fr-FR\"}]}<\/script>\n<!-- \/ Yoast SEO plugin. -->","yoast_head_json":{"title":"Moulage par injection \" Visitez notre site web et lisez plus !","description":"Assurez une qualit\u00e9 optimale dans le moulage par injection avec les doseurs gravim\u00e9triques et volum\u00e9triques de Movacolor. Contr\u00f4le maximal et pr\u00e9cision.","robots":{"index":"index","follow":"follow","max-snippet":"max-snippet:-1","max-image-preview":"max-image-preview:large","max-video-preview":"max-video-preview:-1"},"canonical":"https:\/\/www.movacolor.com\/fr\/processus\/moulage-par-injection\/","og_locale":"fr_FR","og_type":"article","og_title":"Moulage par injection \" Visitez notre site web et lisez plus !","og_description":"Assurez une qualit\u00e9 optimale dans le moulage par injection avec les doseurs gravim\u00e9triques et volum\u00e9triques de Movacolor. Contr\u00f4le maximal et pr\u00e9cision.","og_url":"https:\/\/www.movacolor.com\/fr\/processus\/moulage-par-injection\/","og_site_name":"Movacolor","article_modified_time":"2024-02-09T20:02:16+00:00","og_image":[{"width":1920,"height":1280,"url":"https:\/\/www.movacolor.com\/wp-content\/uploads\/2023\/03\/Injection_molding.jpg","type":"image\/jpeg"}],"twitter_card":"summary_large_image","twitter_misc":{"Dur\u00e9e de lecture estim\u00e9e":"1 minute"},"schema":{"@context":"https:\/\/schema.org","@graph":[{"@type":"WebPage","@id":"https:\/\/www.movacolor.com\/fr\/processus\/moulage-par-injection\/","url":"https:\/\/www.movacolor.com\/fr\/processus\/moulage-par-injection\/","name":"Moulage par injection \" Visitez notre site web et lisez plus !","isPartOf":{"@id":"https:\/\/www.movacolor.com\/fr\/#website"},"primaryImageOfPage":{"@id":"https:\/\/www.movacolor.com\/fr\/processus\/moulage-par-injection\/#primaryimage"},"image":{"@id":"https:\/\/www.movacolor.com\/fr\/processus\/moulage-par-injection\/#primaryimage"},"thumbnailUrl":"https:\/\/www.movacolor.com\/wp-content\/uploads\/2023\/03\/Injection_molding.jpg","datePublished":"2023-01-03T10:35:05+00:00","dateModified":"2024-02-09T20:02:16+00:00","description":"Assurez une qualit\u00e9 optimale dans le moulage par injection avec les doseurs gravim\u00e9triques et volum\u00e9triques de Movacolor. Contr\u00f4le maximal et pr\u00e9cision.","breadcrumb":{"@id":"https:\/\/www.movacolor.com\/fr\/processus\/moulage-par-injection\/#breadcrumb"},"inLanguage":"fr-FR","potentialAction":[{"@type":"ReadAction","target":["https:\/\/www.movacolor.com\/fr\/processus\/moulage-par-injection\/"]}]},{"@type":"ImageObject","inLanguage":"fr-FR","@id":"https:\/\/www.movacolor.com\/fr\/processus\/moulage-par-injection\/#primaryimage","url":"https:\/\/www.movacolor.com\/wp-content\/uploads\/2023\/03\/Injection_molding.jpg","contentUrl":"https:\/\/www.movacolor.com\/wp-content\/uploads\/2023\/03\/Injection_molding.jpg","width":1920,"height":1280,"caption":"Injection Molding"},{"@type":"BreadcrumbList","@id":"https:\/\/www.movacolor.com\/fr\/processus\/moulage-par-injection\/#breadcrumb","itemListElement":[{"@type":"ListItem","position":1,"name":"Home","item":"https:\/\/www.movacolor.com\/fr\/"},{"@type":"ListItem","position":2,"name":"Processus","item":"https:\/\/www.movacolor.com\/fr\/processus\/"},{"@type":"ListItem","position":3,"name":"Moulage par injection"}]},{"@type":"WebSite","@id":"https:\/\/www.movacolor.com\/fr\/#website","url":"https:\/\/www.movacolor.com\/fr\/","name":"Movacolor","description":"modular dosing solutions","potentialAction":[{"@type":"SearchAction","target":{"@type":"EntryPoint","urlTemplate":"https:\/\/www.movacolor.com\/fr\/?s={search_term_string}"},"query-input":{"@type":"PropertyValueSpecification","valueRequired":true,"valueName":"search_term_string"}}],"inLanguage":"fr-FR"}]}},"_links":{"self":[{"href":"https:\/\/www.movacolor.com\/fr\/wp-json\/wp\/v2\/pages\/7476","targetHints":{"allow":["GET"]}}],"collection":[{"href":"https:\/\/www.movacolor.com\/fr\/wp-json\/wp\/v2\/pages"}],"about":[{"href":"https:\/\/www.movacolor.com\/fr\/wp-json\/wp\/v2\/types\/page"}],"author":[{"embeddable":true,"href":"https:\/\/www.movacolor.com\/fr\/wp-json\/wp\/v2\/users\/2"}],"replies":[{"embeddable":true,"href":"https:\/\/www.movacolor.com\/fr\/wp-json\/wp\/v2\/comments?post=7476"}],"version-history":[{"count":1,"href":"https:\/\/www.movacolor.com\/fr\/wp-json\/wp\/v2\/pages\/7476\/revisions"}],"predecessor-version":[{"id":17132,"href":"https:\/\/www.movacolor.com\/fr\/wp-json\/wp\/v2\/pages\/7476\/revisions\/17132"}],"up":[{"embeddable":true,"href":"https:\/\/www.movacolor.com\/fr\/wp-json\/wp\/v2\/pages\/7470"}],"wp:featuredmedia":[{"embeddable":true,"href":"https:\/\/www.movacolor.com\/fr\/wp-json\/wp\/v2\/media\/4079"}],"wp:attachment":[{"href":"https:\/\/www.movacolor.com\/fr\/wp-json\/wp\/v2\/media?parent=7476"}],"curies":[{"name":"wp","href":"https:\/\/api.w.org\/{rel}","templated":true}]}}