{"id":7475,"date":"2023-01-03T12:35:23","date_gmt":"2023-01-03T10:35:23","guid":{"rendered":"https:\/\/www.movacolor.com\/processus\/extrusion\/"},"modified":"2024-02-08T22:11:57","modified_gmt":"2024-02-08T20:11:57","slug":"extrusion","status":"publish","type":"page","link":"https:\/\/www.movacolor.com\/fr\/processus\/extrusion\/","title":{"rendered":"Extrusion"},"content":{"rendered":"<section class=\"text-with-image\">\n<div class=\"row\">\n<div class=\"content\">\n<p>Le dosage exact est tr\u00e8s important pendant l&#8217;extrusion. Les pi\u00e8ces fabriqu\u00e9es \u00e0 l&#8217;aide de l&#8217;extrudeuse doivent r\u00e9pondre aux exigences de qualit\u00e9 les plus \u00e9lev\u00e9es. Pour teindre la mati\u00e8re principale par le dosage d&#8217;un additif, il est recommand\u00e9 de choisir un syst\u00e8me de dosage adapt\u00e9 au processus d&#8217;extrusion.<\/p>\n<h2>Doseurs gravim\u00e9triques et volum\u00e9triques pour l&#8217;extrusion<\/h2>\n<p>Movacolor d\u00e9veloppe et commercialise des doseurs gravim\u00e9triques et volum\u00e9triques pour toute application d&#8217;extrusion. Le fabricant n&#8217;a besoin que d&#8217;un syst\u00e8me de dosage de haute pr\u00e9cision pour l&#8217;extrusion qui soit \u00e9galement facile \u00e0 utiliser pour toutes les personnes travaillant dans la zone de production d&#8217;un producteur de plastique. Nos syst\u00e8mes de dosage gravim\u00e9trique et volum\u00e9trique pour l&#8217;extrusion fonctionnent silencieusement.<\/p>\n<\/div>\n<\/div>\n<\/section>\n<section class=\"content content-wo-columns\">\n<div class=\"row\">\n<div class=\"column\">\n<div class=\"column\">\n<p>Un syst\u00e8me de dosage qui utilise les colorants et autres additifs co\u00fbteux avec parcimonie et permet ainsi de r\u00e9aliser des \u00e9conomies, tout en contribuant \u00e0 un processus d&#8217;extrusion continu. C&#8217;est pr\u00e9cis\u00e9ment ce type de syst\u00e8me de dosage que Movacolor propose : des doseurs gravim\u00e9triques et volum\u00e9triques de haute pr\u00e9cision pour l&#8217;extrusion. Les doseurs gravim\u00e9triques sont \u00e9galement connus sous le nom de doseurs \u00e0 perte de poids.<\/p>\n<\/div>\n<\/div>\n<\/div>\n<\/section>\n","protected":false},"excerpt":{"rendered":"<p>Le dosage exact est tr\u00e8s important pendant l&#8217;extrusion. Les pi\u00e8ces fabriqu\u00e9es \u00e0 l&#8217;aide de l&#8217;extrudeuse doivent r\u00e9pondre aux exigences de qualit\u00e9 les plus \u00e9lev\u00e9es. Pour teindre la mati\u00e8re principale par le dosage d&#8217;un additif, il est recommand\u00e9 de choisir un syst\u00e8me de dosage adapt\u00e9 au processus d&#8217;extrusion. Doseurs gravim\u00e9triques et volum\u00e9triques pour l&#8217;extrusion Movacolor d\u00e9veloppe&#8230;<\/p>\n","protected":false},"author":2,"featured_media":0,"parent":7470,"menu_order":0,"comment_status":"closed","ping_status":"closed","template":"","meta":{"_acf_changed":false,"footnotes":""},"class_list":["post-7475","page","type-page","status-publish","hentry","us_portfolio_tag-extrusion-fr"],"acf":[],"yoast_head":"<!-- This site is optimized with the Yoast SEO plugin v26.4 - https:\/\/yoast.com\/wordpress\/plugins\/seo\/ -->\n<title>Extrusion &quot; Visitez notre site web et lisez plus !C<\/title>\n<meta name=\"description\" content=\"Un dosage pr\u00e9cis est tr\u00e8s important lors de extrusion. En savoir plus sur extrusion avec un syst\u00e8me de dosage de haute pr\u00e9cision ? Visitez notre site web!\" \/>\n<meta name=\"robots\" content=\"index, follow, max-snippet:-1, max-image-preview:large, max-video-preview:-1\" \/>\n<link rel=\"canonical\" href=\"https:\/\/www.movacolor.com\/fr\/processus\/extrusion\/\" \/>\n<meta property=\"og:locale\" content=\"fr_FR\" \/>\n<meta property=\"og:type\" content=\"article\" \/>\n<meta property=\"og:title\" content=\"Extrusion &quot; Visitez notre site web et lisez plus !C\" \/>\n<meta property=\"og:description\" content=\"Un dosage pr\u00e9cis est tr\u00e8s important lors de extrusion. En savoir plus sur extrusion avec un syst\u00e8me de dosage de haute pr\u00e9cision ? Visitez notre site web!\" \/>\n<meta property=\"og:url\" content=\"https:\/\/www.movacolor.com\/fr\/processus\/extrusion\/\" \/>\n<meta property=\"og:site_name\" content=\"Movacolor\" \/>\n<meta property=\"article:modified_time\" content=\"2024-02-08T20:11:57+00:00\" \/>\n<meta name=\"twitter:card\" content=\"summary_large_image\" \/>\n<meta name=\"twitter:label1\" content=\"Dur\u00e9e de lecture estim\u00e9e\" \/>\n\t<meta name=\"twitter:data1\" content=\"1 minute\" \/>\n<script type=\"application\/ld+json\" class=\"yoast-schema-graph\">{\"@context\":\"https:\/\/schema.org\",\"@graph\":[{\"@type\":\"WebPage\",\"@id\":\"https:\/\/www.movacolor.com\/fr\/processus\/extrusion\/\",\"url\":\"https:\/\/www.movacolor.com\/fr\/processus\/extrusion\/\",\"name\":\"Extrusion \\\" Visitez notre site web et lisez plus !C\",\"isPartOf\":{\"@id\":\"https:\/\/www.movacolor.com\/fr\/#website\"},\"datePublished\":\"2023-01-03T10:35:23+00:00\",\"dateModified\":\"2024-02-08T20:11:57+00:00\",\"description\":\"Un dosage pr\u00e9cis est tr\u00e8s important lors de extrusion. En savoir plus sur extrusion avec un syst\u00e8me de dosage de haute pr\u00e9cision ? Visitez notre site web!\",\"breadcrumb\":{\"@id\":\"https:\/\/www.movacolor.com\/fr\/processus\/extrusion\/#breadcrumb\"},\"inLanguage\":\"fr-FR\",\"potentialAction\":[{\"@type\":\"ReadAction\",\"target\":[\"https:\/\/www.movacolor.com\/fr\/processus\/extrusion\/\"]}]},{\"@type\":\"BreadcrumbList\",\"@id\":\"https:\/\/www.movacolor.com\/fr\/processus\/extrusion\/#breadcrumb\",\"itemListElement\":[{\"@type\":\"ListItem\",\"position\":1,\"name\":\"Home\",\"item\":\"https:\/\/www.movacolor.com\/fr\/\"},{\"@type\":\"ListItem\",\"position\":2,\"name\":\"Processus\",\"item\":\"https:\/\/www.movacolor.com\/fr\/processus\/\"},{\"@type\":\"ListItem\",\"position\":3,\"name\":\"Extrusion\"}]},{\"@type\":\"WebSite\",\"@id\":\"https:\/\/www.movacolor.com\/fr\/#website\",\"url\":\"https:\/\/www.movacolor.com\/fr\/\",\"name\":\"Movacolor\",\"description\":\"modular dosing solutions\",\"potentialAction\":[{\"@type\":\"SearchAction\",\"target\":{\"@type\":\"EntryPoint\",\"urlTemplate\":\"https:\/\/www.movacolor.com\/fr\/?s={search_term_string}\"},\"query-input\":{\"@type\":\"PropertyValueSpecification\",\"valueRequired\":true,\"valueName\":\"search_term_string\"}}],\"inLanguage\":\"fr-FR\"}]}<\/script>\n<!-- \/ Yoast SEO plugin. -->","yoast_head_json":{"title":"Extrusion \" Visitez notre site web et lisez plus !C","description":"Un dosage pr\u00e9cis est tr\u00e8s important lors de extrusion. En savoir plus sur extrusion avec un syst\u00e8me de dosage de haute pr\u00e9cision ? Visitez notre site web!","robots":{"index":"index","follow":"follow","max-snippet":"max-snippet:-1","max-image-preview":"max-image-preview:large","max-video-preview":"max-video-preview:-1"},"canonical":"https:\/\/www.movacolor.com\/fr\/processus\/extrusion\/","og_locale":"fr_FR","og_type":"article","og_title":"Extrusion \" Visitez notre site web et lisez plus !C","og_description":"Un dosage pr\u00e9cis est tr\u00e8s important lors de extrusion. En savoir plus sur extrusion avec un syst\u00e8me de dosage de haute pr\u00e9cision ? Visitez notre site web!","og_url":"https:\/\/www.movacolor.com\/fr\/processus\/extrusion\/","og_site_name":"Movacolor","article_modified_time":"2024-02-08T20:11:57+00:00","twitter_card":"summary_large_image","twitter_misc":{"Dur\u00e9e de lecture estim\u00e9e":"1 minute"},"schema":{"@context":"https:\/\/schema.org","@graph":[{"@type":"WebPage","@id":"https:\/\/www.movacolor.com\/fr\/processus\/extrusion\/","url":"https:\/\/www.movacolor.com\/fr\/processus\/extrusion\/","name":"Extrusion \" Visitez notre site web et lisez plus !C","isPartOf":{"@id":"https:\/\/www.movacolor.com\/fr\/#website"},"datePublished":"2023-01-03T10:35:23+00:00","dateModified":"2024-02-08T20:11:57+00:00","description":"Un dosage pr\u00e9cis est tr\u00e8s important lors de extrusion. En savoir plus sur extrusion avec un syst\u00e8me de dosage de haute pr\u00e9cision ? Visitez notre site web!","breadcrumb":{"@id":"https:\/\/www.movacolor.com\/fr\/processus\/extrusion\/#breadcrumb"},"inLanguage":"fr-FR","potentialAction":[{"@type":"ReadAction","target":["https:\/\/www.movacolor.com\/fr\/processus\/extrusion\/"]}]},{"@type":"BreadcrumbList","@id":"https:\/\/www.movacolor.com\/fr\/processus\/extrusion\/#breadcrumb","itemListElement":[{"@type":"ListItem","position":1,"name":"Home","item":"https:\/\/www.movacolor.com\/fr\/"},{"@type":"ListItem","position":2,"name":"Processus","item":"https:\/\/www.movacolor.com\/fr\/processus\/"},{"@type":"ListItem","position":3,"name":"Extrusion"}]},{"@type":"WebSite","@id":"https:\/\/www.movacolor.com\/fr\/#website","url":"https:\/\/www.movacolor.com\/fr\/","name":"Movacolor","description":"modular dosing solutions","potentialAction":[{"@type":"SearchAction","target":{"@type":"EntryPoint","urlTemplate":"https:\/\/www.movacolor.com\/fr\/?s={search_term_string}"},"query-input":{"@type":"PropertyValueSpecification","valueRequired":true,"valueName":"search_term_string"}}],"inLanguage":"fr-FR"}]}},"_links":{"self":[{"href":"https:\/\/www.movacolor.com\/fr\/wp-json\/wp\/v2\/pages\/7475","targetHints":{"allow":["GET"]}}],"collection":[{"href":"https:\/\/www.movacolor.com\/fr\/wp-json\/wp\/v2\/pages"}],"about":[{"href":"https:\/\/www.movacolor.com\/fr\/wp-json\/wp\/v2\/types\/page"}],"author":[{"embeddable":true,"href":"https:\/\/www.movacolor.com\/fr\/wp-json\/wp\/v2\/users\/2"}],"replies":[{"embeddable":true,"href":"https:\/\/www.movacolor.com\/fr\/wp-json\/wp\/v2\/comments?post=7475"}],"version-history":[{"count":2,"href":"https:\/\/www.movacolor.com\/fr\/wp-json\/wp\/v2\/pages\/7475\/revisions"}],"predecessor-version":[{"id":17090,"href":"https:\/\/www.movacolor.com\/fr\/wp-json\/wp\/v2\/pages\/7475\/revisions\/17090"}],"up":[{"embeddable":true,"href":"https:\/\/www.movacolor.com\/fr\/wp-json\/wp\/v2\/pages\/7470"}],"wp:attachment":[{"href":"https:\/\/www.movacolor.com\/fr\/wp-json\/wp\/v2\/media?parent=7475"}],"curies":[{"name":"wp","href":"https:\/\/api.w.org\/{rel}","templated":true}]}}