{"id":7473,"date":"2023-01-03T12:35:54","date_gmt":"2023-01-03T10:35:54","guid":{"rendered":"https:\/\/www.movacolor.com\/materiau\/regrind\/"},"modified":"2024-02-09T20:39:39","modified_gmt":"2024-02-09T18:39:39","slug":"regrind","status":"publish","type":"page","link":"https:\/\/www.movacolor.com\/fr\/materiau\/regrind\/","title":{"rendered":"Regrind"},"content":{"rendered":"<p>Dans l&#8217;industrie des plastiques, les \u00e9conomies vont de pair avec un processus de production stable et durable. Movacolor a demand\u00e9 \u00e0 ses ing\u00e9nieurs de d\u00e9velopper une machine de dosage capable de doser les chutes et les d\u00e9chets directement en tant que rebroy\u00e9 avec le m\u00e9lange ma\u00eetre ou la poudre libre et de corr\u00e9ler le volume de couleur directement au volume de rebroy\u00e9. Les ing\u00e9nieurs ont r\u00e9pondu avec la <a href=\"https:\/\/www.movacolor.com\/fr\/product-categories\/mcs\/mcs-regrind\/\">MCS Regrind<\/a>, <a href=\"https:\/\/www.movacolor.com\/fr\/product-categories\/mds\/mds-40-ho-balance\/\">MDS HO Balance<\/a> et <a href=\"https:\/\/www.movacolor.com\/fr\/product-categories\/mbs\/mbs-33-blender\/\">MBS 33 Blender R<\/a>.<\/p>\n<h2><strong>Equipement de dosage pour le dosage simultan\u00e9 de m\u00e9lange ma\u00eetre et de rebroy\u00e9<\/strong><\/h2>\n<p>L&#8217;unit\u00e9 de dosage MCS Regrind a \u00e9t\u00e9 sp\u00e9cialement con\u00e7ue pour le traitement du rebroy\u00e9 et se compose de deux unit\u00e9s gravim\u00e9triques MDS Balance. En fonction de la quantit\u00e9 de rebroy\u00e9, le m\u00e9lange-ma\u00eetre est ajout\u00e9 en cons\u00e9quence. Plus de rebroy\u00e9 signifie moins de m\u00e9lange ma\u00eetre et plus de m\u00e9lange ma\u00eetre signifie moins de rebroy\u00e9. Dans la pratique, ce syst\u00e8me sp\u00e9cial de dosage tr\u00e8s pr\u00e9cis du rebroy\u00e9 permet de r\u00e9aliser des \u00e9conomies substantielles de m\u00e9lange-ma\u00eetre et d&#8217;utiliser judicieusement les rejets et les d\u00e9chets.<\/p>\n","protected":false},"excerpt":{"rendered":"<p>Dans l&#8217;industrie des plastiques, les \u00e9conomies vont de pair avec un processus de production stable et durable. Movacolor a demand\u00e9 \u00e0 ses ing\u00e9nieurs de d\u00e9velopper une machine de dosage capable de doser les chutes et les d\u00e9chets directement en tant que rebroy\u00e9 avec le m\u00e9lange ma\u00eetre ou la poudre libre et de corr\u00e9ler le volume&#8230;<\/p>\n","protected":false},"author":2,"featured_media":4063,"parent":7465,"menu_order":0,"comment_status":"closed","ping_status":"closed","template":"","meta":{"_acf_changed":false,"footnotes":""},"class_list":["post-7473","page","type-page","status-publish","has-post-thumbnail","hentry","us_portfolio_tag-regrind-fr"],"acf":[],"yoast_head":"<!-- This site is optimized with the Yoast SEO plugin v26.4 - https:\/\/yoast.com\/wordpress\/plugins\/seo\/ -->\n<title>Regrind - Movacolor<\/title>\n<meta name=\"description\" content=\"Dosez efficacement le rebroy\u00e9 dans votre processus de production de plastique gr\u00e2ce aux syst\u00e8mes de dosage pr\u00e9cis de Movacolor. Performances optimales.\" \/>\n<meta name=\"robots\" content=\"index, follow, max-snippet:-1, max-image-preview:large, max-video-preview:-1\" \/>\n<link rel=\"canonical\" href=\"https:\/\/www.movacolor.com\/fr\/materiau\/regrind\/\" \/>\n<meta property=\"og:locale\" content=\"fr_FR\" \/>\n<meta property=\"og:type\" content=\"article\" \/>\n<meta property=\"og:title\" content=\"Regrind - Movacolor\" \/>\n<meta property=\"og:description\" content=\"Dosez efficacement le rebroy\u00e9 dans votre processus de production de plastique gr\u00e2ce aux syst\u00e8mes de dosage pr\u00e9cis de Movacolor. Performances optimales.\" \/>\n<meta property=\"og:url\" content=\"https:\/\/www.movacolor.com\/fr\/materiau\/regrind\/\" \/>\n<meta property=\"og:site_name\" content=\"Movacolor\" \/>\n<meta property=\"article:modified_time\" content=\"2024-02-09T18:39:39+00:00\" \/>\n<meta property=\"og:image\" content=\"https:\/\/www.movacolor.com\/wp-content\/uploads\/2023\/03\/Regrind.jpg\" \/>\n\t<meta property=\"og:image:width\" content=\"1920\" \/>\n\t<meta property=\"og:image:height\" content=\"1282\" \/>\n\t<meta property=\"og:image:type\" content=\"image\/jpeg\" \/>\n<meta name=\"twitter:card\" content=\"summary_large_image\" \/>\n<meta name=\"twitter:label1\" content=\"Dur\u00e9e de lecture estim\u00e9e\" \/>\n\t<meta name=\"twitter:data1\" content=\"1 minute\" \/>\n<script type=\"application\/ld+json\" class=\"yoast-schema-graph\">{\"@context\":\"https:\/\/schema.org\",\"@graph\":[{\"@type\":\"WebPage\",\"@id\":\"https:\/\/www.movacolor.com\/fr\/materiau\/regrind\/\",\"url\":\"https:\/\/www.movacolor.com\/fr\/materiau\/regrind\/\",\"name\":\"Regrind - Movacolor\",\"isPartOf\":{\"@id\":\"https:\/\/www.movacolor.com\/fr\/#website\"},\"primaryImageOfPage\":{\"@id\":\"https:\/\/www.movacolor.com\/fr\/materiau\/regrind\/#primaryimage\"},\"image\":{\"@id\":\"https:\/\/www.movacolor.com\/fr\/materiau\/regrind\/#primaryimage\"},\"thumbnailUrl\":\"https:\/\/www.movacolor.com\/wp-content\/uploads\/2023\/03\/Regrind.jpg\",\"datePublished\":\"2023-01-03T10:35:54+00:00\",\"dateModified\":\"2024-02-09T18:39:39+00:00\",\"description\":\"Dosez efficacement le rebroy\u00e9 dans votre processus de production de plastique gr\u00e2ce aux syst\u00e8mes de dosage pr\u00e9cis de Movacolor. Performances optimales.\",\"breadcrumb\":{\"@id\":\"https:\/\/www.movacolor.com\/fr\/materiau\/regrind\/#breadcrumb\"},\"inLanguage\":\"fr-FR\",\"potentialAction\":[{\"@type\":\"ReadAction\",\"target\":[\"https:\/\/www.movacolor.com\/fr\/materiau\/regrind\/\"]}]},{\"@type\":\"ImageObject\",\"inLanguage\":\"fr-FR\",\"@id\":\"https:\/\/www.movacolor.com\/fr\/materiau\/regrind\/#primaryimage\",\"url\":\"https:\/\/www.movacolor.com\/wp-content\/uploads\/2023\/03\/Regrind.jpg\",\"contentUrl\":\"https:\/\/www.movacolor.com\/wp-content\/uploads\/2023\/03\/Regrind.jpg\",\"width\":1920,\"height\":1282,\"caption\":\"Regrind\"},{\"@type\":\"BreadcrumbList\",\"@id\":\"https:\/\/www.movacolor.com\/fr\/materiau\/regrind\/#breadcrumb\",\"itemListElement\":[{\"@type\":\"ListItem\",\"position\":1,\"name\":\"Home\",\"item\":\"https:\/\/www.movacolor.com\/fr\/\"},{\"@type\":\"ListItem\",\"position\":2,\"name\":\"Mat\u00e9riau\",\"item\":\"https:\/\/www.movacolor.com\/fr\/materiau\/\"},{\"@type\":\"ListItem\",\"position\":3,\"name\":\"Regrind\"}]},{\"@type\":\"WebSite\",\"@id\":\"https:\/\/www.movacolor.com\/fr\/#website\",\"url\":\"https:\/\/www.movacolor.com\/fr\/\",\"name\":\"Movacolor\",\"description\":\"modular dosing solutions\",\"potentialAction\":[{\"@type\":\"SearchAction\",\"target\":{\"@type\":\"EntryPoint\",\"urlTemplate\":\"https:\/\/www.movacolor.com\/fr\/?s={search_term_string}\"},\"query-input\":{\"@type\":\"PropertyValueSpecification\",\"valueRequired\":true,\"valueName\":\"search_term_string\"}}],\"inLanguage\":\"fr-FR\"}]}<\/script>\n<!-- \/ Yoast SEO plugin. -->","yoast_head_json":{"title":"Regrind - Movacolor","description":"Dosez efficacement le rebroy\u00e9 dans votre processus de production de plastique gr\u00e2ce aux syst\u00e8mes de dosage pr\u00e9cis de Movacolor. Performances optimales.","robots":{"index":"index","follow":"follow","max-snippet":"max-snippet:-1","max-image-preview":"max-image-preview:large","max-video-preview":"max-video-preview:-1"},"canonical":"https:\/\/www.movacolor.com\/fr\/materiau\/regrind\/","og_locale":"fr_FR","og_type":"article","og_title":"Regrind - Movacolor","og_description":"Dosez efficacement le rebroy\u00e9 dans votre processus de production de plastique gr\u00e2ce aux syst\u00e8mes de dosage pr\u00e9cis de Movacolor. Performances optimales.","og_url":"https:\/\/www.movacolor.com\/fr\/materiau\/regrind\/","og_site_name":"Movacolor","article_modified_time":"2024-02-09T18:39:39+00:00","og_image":[{"width":1920,"height":1282,"url":"https:\/\/www.movacolor.com\/wp-content\/uploads\/2023\/03\/Regrind.jpg","type":"image\/jpeg"}],"twitter_card":"summary_large_image","twitter_misc":{"Dur\u00e9e de lecture estim\u00e9e":"1 minute"},"schema":{"@context":"https:\/\/schema.org","@graph":[{"@type":"WebPage","@id":"https:\/\/www.movacolor.com\/fr\/materiau\/regrind\/","url":"https:\/\/www.movacolor.com\/fr\/materiau\/regrind\/","name":"Regrind - Movacolor","isPartOf":{"@id":"https:\/\/www.movacolor.com\/fr\/#website"},"primaryImageOfPage":{"@id":"https:\/\/www.movacolor.com\/fr\/materiau\/regrind\/#primaryimage"},"image":{"@id":"https:\/\/www.movacolor.com\/fr\/materiau\/regrind\/#primaryimage"},"thumbnailUrl":"https:\/\/www.movacolor.com\/wp-content\/uploads\/2023\/03\/Regrind.jpg","datePublished":"2023-01-03T10:35:54+00:00","dateModified":"2024-02-09T18:39:39+00:00","description":"Dosez efficacement le rebroy\u00e9 dans votre processus de production de plastique gr\u00e2ce aux syst\u00e8mes de dosage pr\u00e9cis de Movacolor. Performances optimales.","breadcrumb":{"@id":"https:\/\/www.movacolor.com\/fr\/materiau\/regrind\/#breadcrumb"},"inLanguage":"fr-FR","potentialAction":[{"@type":"ReadAction","target":["https:\/\/www.movacolor.com\/fr\/materiau\/regrind\/"]}]},{"@type":"ImageObject","inLanguage":"fr-FR","@id":"https:\/\/www.movacolor.com\/fr\/materiau\/regrind\/#primaryimage","url":"https:\/\/www.movacolor.com\/wp-content\/uploads\/2023\/03\/Regrind.jpg","contentUrl":"https:\/\/www.movacolor.com\/wp-content\/uploads\/2023\/03\/Regrind.jpg","width":1920,"height":1282,"caption":"Regrind"},{"@type":"BreadcrumbList","@id":"https:\/\/www.movacolor.com\/fr\/materiau\/regrind\/#breadcrumb","itemListElement":[{"@type":"ListItem","position":1,"name":"Home","item":"https:\/\/www.movacolor.com\/fr\/"},{"@type":"ListItem","position":2,"name":"Mat\u00e9riau","item":"https:\/\/www.movacolor.com\/fr\/materiau\/"},{"@type":"ListItem","position":3,"name":"Regrind"}]},{"@type":"WebSite","@id":"https:\/\/www.movacolor.com\/fr\/#website","url":"https:\/\/www.movacolor.com\/fr\/","name":"Movacolor","description":"modular dosing solutions","potentialAction":[{"@type":"SearchAction","target":{"@type":"EntryPoint","urlTemplate":"https:\/\/www.movacolor.com\/fr\/?s={search_term_string}"},"query-input":{"@type":"PropertyValueSpecification","valueRequired":true,"valueName":"search_term_string"}}],"inLanguage":"fr-FR"}]}},"_links":{"self":[{"href":"https:\/\/www.movacolor.com\/fr\/wp-json\/wp\/v2\/pages\/7473","targetHints":{"allow":["GET"]}}],"collection":[{"href":"https:\/\/www.movacolor.com\/fr\/wp-json\/wp\/v2\/pages"}],"about":[{"href":"https:\/\/www.movacolor.com\/fr\/wp-json\/wp\/v2\/types\/page"}],"author":[{"embeddable":true,"href":"https:\/\/www.movacolor.com\/fr\/wp-json\/wp\/v2\/users\/2"}],"replies":[{"embeddable":true,"href":"https:\/\/www.movacolor.com\/fr\/wp-json\/wp\/v2\/comments?post=7473"}],"version-history":[{"count":1,"href":"https:\/\/www.movacolor.com\/fr\/wp-json\/wp\/v2\/pages\/7473\/revisions"}],"predecessor-version":[{"id":17125,"href":"https:\/\/www.movacolor.com\/fr\/wp-json\/wp\/v2\/pages\/7473\/revisions\/17125"}],"up":[{"embeddable":true,"href":"https:\/\/www.movacolor.com\/fr\/wp-json\/wp\/v2\/pages\/7465"}],"wp:featuredmedia":[{"embeddable":true,"href":"https:\/\/www.movacolor.com\/fr\/wp-json\/wp\/v2\/media\/4063"}],"wp:attachment":[{"href":"https:\/\/www.movacolor.com\/fr\/wp-json\/wp\/v2\/media?parent=7473"}],"curies":[{"name":"wp","href":"https:\/\/api.w.org\/{rel}","templated":true}]}}