{"id":7469,"date":"2023-01-03T12:36:44","date_gmt":"2023-01-03T10:36:44","guid":{"rendered":"https:\/\/www.movacolor.com\/materiau\/poudre\/"},"modified":"2023-12-06T09:30:13","modified_gmt":"2023-12-06T07:30:13","slug":"poudre","status":"publish","type":"page","link":"https:\/\/www.movacolor.com\/fr\/materiau\/poudre\/","title":{"rendered":"Poudre"},"content":{"rendered":"<p>Le dosage des poudres dans les applications de moulage par injection ou d&#8217;extrusion est une activit\u00e9 tr\u00e8s sp\u00e9cialis\u00e9e. Nous avons r\u00e9ussi \u00e0 int\u00e9grer l&#8217;exp\u00e9rience des fabricants de poudres et des producteurs de mati\u00e8res plastiques du monde entier dans le processus de d\u00e9veloppement de nos syst\u00e8mes de dosage de poudres. Avec les syst\u00e8mes de dosage de poudre Movacolor, les producteurs de plastique peuvent \u00e9conomiser jusqu&#8217;\u00e0 cinquante pour cent sur les additifs de poudre co\u00fbteux.<\/p>\n<h2><strong>Dosage de poudre avec un doseur gravim\u00e9trique ou volum\u00e9trique<\/strong><\/h2>\n<p>Les poudres non fluides et les poudres lourdes peuvent \u00eatre dos\u00e9es sans probl\u00e8me avec un doseur gravim\u00e9trique ou volum\u00e9trique de Movacolor. La d\u00e9cision de choisir un doseur est de savoir si vous optez pour un petit investissement et choisissez un doseur volum\u00e9trique ou si vous \u00e9conomisez de l&#8217;argent sur le long terme et choisissez un doseur gravim\u00e9trique de haute pr\u00e9cision.<\/p>\n<p>La boucle ferm\u00e9e et la technologie de perte de poids d&#8217;un doseur gravim\u00e9trique offrent un maximum d&#8217;efficacit\u00e9 et d&#8217;\u00e9conomie en mati\u00e8re de dosage de poudre. Les doseurs gravim\u00e9triques et volum\u00e9triques Movacolor pour le dosage des poudres sont tous deux \u00e9quip\u00e9s d&#8217;une spirale simple ou double et entra\u00een\u00e9s par un moteur pas \u00e0 pas. Ce dernier, associ\u00e9 \u00e0 l&#8217;excitation continue dans la tr\u00e9mie polie de haute qualit\u00e9 du syst\u00e8me de dosage de poudre, assure un flux r\u00e9gulier de poudre dans le flux de mat\u00e9riau principal.<\/p>\n<p>La plupart de nos doseurs volum\u00e9triques n\u00e9cessitent un \u00e9talonnage manuel. En revanche, nos doseurs gravim\u00e9triques sont tous \u00e9quip\u00e9s d&#8217;une fonction d&#8217;\u00e9talonnage automatique. Le doseur volum\u00e9trique MDS 6 de Movacolor est une exception par rapport aux autres doseurs volum\u00e9triques et peut \u00eatre pr\u00e9-calibr\u00e9 pour doser en pourcentage.<\/p>\n","protected":false},"excerpt":{"rendered":"<p>Le dosage des poudres dans les applications de moulage par injection ou d&#8217;extrusion est une activit\u00e9 tr\u00e8s sp\u00e9cialis\u00e9e. Nous avons r\u00e9ussi \u00e0 int\u00e9grer l&#8217;exp\u00e9rience des fabricants de poudres et des producteurs de mati\u00e8res plastiques du monde entier dans le processus de d\u00e9veloppement de nos syst\u00e8mes de dosage de poudres. Avec les syst\u00e8mes de dosage de&#8230;<\/p>\n","protected":false},"author":2,"featured_media":4055,"parent":7465,"menu_order":0,"comment_status":"closed","ping_status":"closed","template":"","meta":{"_acf_changed":false,"footnotes":""},"class_list":["post-7469","page","type-page","status-publish","has-post-thumbnail","hentry","us_portfolio_tag-poudre"],"acf":[],"yoast_head":"<!-- This site is optimized with the Yoast SEO plugin v26.4 - https:\/\/yoast.com\/wordpress\/plugins\/seo\/ -->\n<title>Movacolor - Poudre<\/title>\n<meta name=\"description\" content=\"D\u00e9couvrez comment notre concept de dosage modulaire vous permet de configurer votre syst\u00e8me de dosage de poudre pour r\u00e9pondre \u00e0 vos exigences de production\" \/>\n<meta name=\"robots\" content=\"index, follow, max-snippet:-1, max-image-preview:large, max-video-preview:-1\" \/>\n<link rel=\"canonical\" href=\"https:\/\/www.movacolor.com\/fr\/materiau\/poudre\/\" \/>\n<meta property=\"og:locale\" content=\"fr_FR\" \/>\n<meta property=\"og:type\" content=\"article\" \/>\n<meta property=\"og:title\" content=\"Movacolor - Poudre\" \/>\n<meta property=\"og:description\" content=\"D\u00e9couvrez comment notre concept de dosage modulaire vous permet de configurer votre syst\u00e8me de dosage de poudre pour r\u00e9pondre \u00e0 vos exigences de production\" \/>\n<meta property=\"og:url\" content=\"https:\/\/www.movacolor.com\/fr\/materiau\/poudre\/\" \/>\n<meta property=\"og:site_name\" content=\"Movacolor\" \/>\n<meta property=\"article:modified_time\" content=\"2023-12-06T07:30:13+00:00\" \/>\n<meta property=\"og:image\" content=\"https:\/\/www.movacolor.com\/wp-content\/uploads\/2023\/03\/Powder.jpg\" \/>\n\t<meta property=\"og:image:width\" content=\"1920\" \/>\n\t<meta property=\"og:image:height\" content=\"1280\" \/>\n\t<meta property=\"og:image:type\" content=\"image\/jpeg\" \/>\n<meta name=\"twitter:card\" content=\"summary_large_image\" \/>\n<meta name=\"twitter:label1\" content=\"Dur\u00e9e de lecture estim\u00e9e\" \/>\n\t<meta name=\"twitter:data1\" content=\"2 minutes\" \/>\n<script type=\"application\/ld+json\" class=\"yoast-schema-graph\">{\"@context\":\"https:\/\/schema.org\",\"@graph\":[{\"@type\":\"WebPage\",\"@id\":\"https:\/\/www.movacolor.com\/fr\/materiau\/poudre\/\",\"url\":\"https:\/\/www.movacolor.com\/fr\/materiau\/poudre\/\",\"name\":\"Movacolor - Poudre\",\"isPartOf\":{\"@id\":\"https:\/\/www.movacolor.com\/fr\/#website\"},\"primaryImageOfPage\":{\"@id\":\"https:\/\/www.movacolor.com\/fr\/materiau\/poudre\/#primaryimage\"},\"image\":{\"@id\":\"https:\/\/www.movacolor.com\/fr\/materiau\/poudre\/#primaryimage\"},\"thumbnailUrl\":\"https:\/\/www.movacolor.com\/wp-content\/uploads\/2023\/03\/Powder.jpg\",\"datePublished\":\"2023-01-03T10:36:44+00:00\",\"dateModified\":\"2023-12-06T07:30:13+00:00\",\"description\":\"D\u00e9couvrez comment notre concept de dosage modulaire vous permet de configurer votre syst\u00e8me de dosage de poudre pour r\u00e9pondre \u00e0 vos exigences de production\",\"breadcrumb\":{\"@id\":\"https:\/\/www.movacolor.com\/fr\/materiau\/poudre\/#breadcrumb\"},\"inLanguage\":\"fr-FR\",\"potentialAction\":[{\"@type\":\"ReadAction\",\"target\":[\"https:\/\/www.movacolor.com\/fr\/materiau\/poudre\/\"]}]},{\"@type\":\"ImageObject\",\"inLanguage\":\"fr-FR\",\"@id\":\"https:\/\/www.movacolor.com\/fr\/materiau\/poudre\/#primaryimage\",\"url\":\"https:\/\/www.movacolor.com\/wp-content\/uploads\/2023\/03\/Powder.jpg\",\"contentUrl\":\"https:\/\/www.movacolor.com\/wp-content\/uploads\/2023\/03\/Powder.jpg\",\"width\":1920,\"height\":1280,\"caption\":\"Powder\"},{\"@type\":\"BreadcrumbList\",\"@id\":\"https:\/\/www.movacolor.com\/fr\/materiau\/poudre\/#breadcrumb\",\"itemListElement\":[{\"@type\":\"ListItem\",\"position\":1,\"name\":\"Home\",\"item\":\"https:\/\/www.movacolor.com\/fr\/\"},{\"@type\":\"ListItem\",\"position\":2,\"name\":\"Mat\u00e9riau\",\"item\":\"https:\/\/www.movacolor.com\/fr\/materiau\/\"},{\"@type\":\"ListItem\",\"position\":3,\"name\":\"Poudre\"}]},{\"@type\":\"WebSite\",\"@id\":\"https:\/\/www.movacolor.com\/fr\/#website\",\"url\":\"https:\/\/www.movacolor.com\/fr\/\",\"name\":\"Movacolor\",\"description\":\"modular dosing solutions\",\"potentialAction\":[{\"@type\":\"SearchAction\",\"target\":{\"@type\":\"EntryPoint\",\"urlTemplate\":\"https:\/\/www.movacolor.com\/fr\/?s={search_term_string}\"},\"query-input\":{\"@type\":\"PropertyValueSpecification\",\"valueRequired\":true,\"valueName\":\"search_term_string\"}}],\"inLanguage\":\"fr-FR\"}]}<\/script>\n<!-- \/ Yoast SEO plugin. -->","yoast_head_json":{"title":"Movacolor - Poudre","description":"D\u00e9couvrez comment notre concept de dosage modulaire vous permet de configurer votre syst\u00e8me de dosage de poudre pour r\u00e9pondre \u00e0 vos exigences de production","robots":{"index":"index","follow":"follow","max-snippet":"max-snippet:-1","max-image-preview":"max-image-preview:large","max-video-preview":"max-video-preview:-1"},"canonical":"https:\/\/www.movacolor.com\/fr\/materiau\/poudre\/","og_locale":"fr_FR","og_type":"article","og_title":"Movacolor - Poudre","og_description":"D\u00e9couvrez comment notre concept de dosage modulaire vous permet de configurer votre syst\u00e8me de dosage de poudre pour r\u00e9pondre \u00e0 vos exigences de production","og_url":"https:\/\/www.movacolor.com\/fr\/materiau\/poudre\/","og_site_name":"Movacolor","article_modified_time":"2023-12-06T07:30:13+00:00","og_image":[{"width":1920,"height":1280,"url":"https:\/\/www.movacolor.com\/wp-content\/uploads\/2023\/03\/Powder.jpg","type":"image\/jpeg"}],"twitter_card":"summary_large_image","twitter_misc":{"Dur\u00e9e de lecture estim\u00e9e":"2 minutes"},"schema":{"@context":"https:\/\/schema.org","@graph":[{"@type":"WebPage","@id":"https:\/\/www.movacolor.com\/fr\/materiau\/poudre\/","url":"https:\/\/www.movacolor.com\/fr\/materiau\/poudre\/","name":"Movacolor - Poudre","isPartOf":{"@id":"https:\/\/www.movacolor.com\/fr\/#website"},"primaryImageOfPage":{"@id":"https:\/\/www.movacolor.com\/fr\/materiau\/poudre\/#primaryimage"},"image":{"@id":"https:\/\/www.movacolor.com\/fr\/materiau\/poudre\/#primaryimage"},"thumbnailUrl":"https:\/\/www.movacolor.com\/wp-content\/uploads\/2023\/03\/Powder.jpg","datePublished":"2023-01-03T10:36:44+00:00","dateModified":"2023-12-06T07:30:13+00:00","description":"D\u00e9couvrez comment notre concept de dosage modulaire vous permet de configurer votre syst\u00e8me de dosage de poudre pour r\u00e9pondre \u00e0 vos exigences de production","breadcrumb":{"@id":"https:\/\/www.movacolor.com\/fr\/materiau\/poudre\/#breadcrumb"},"inLanguage":"fr-FR","potentialAction":[{"@type":"ReadAction","target":["https:\/\/www.movacolor.com\/fr\/materiau\/poudre\/"]}]},{"@type":"ImageObject","inLanguage":"fr-FR","@id":"https:\/\/www.movacolor.com\/fr\/materiau\/poudre\/#primaryimage","url":"https:\/\/www.movacolor.com\/wp-content\/uploads\/2023\/03\/Powder.jpg","contentUrl":"https:\/\/www.movacolor.com\/wp-content\/uploads\/2023\/03\/Powder.jpg","width":1920,"height":1280,"caption":"Powder"},{"@type":"BreadcrumbList","@id":"https:\/\/www.movacolor.com\/fr\/materiau\/poudre\/#breadcrumb","itemListElement":[{"@type":"ListItem","position":1,"name":"Home","item":"https:\/\/www.movacolor.com\/fr\/"},{"@type":"ListItem","position":2,"name":"Mat\u00e9riau","item":"https:\/\/www.movacolor.com\/fr\/materiau\/"},{"@type":"ListItem","position":3,"name":"Poudre"}]},{"@type":"WebSite","@id":"https:\/\/www.movacolor.com\/fr\/#website","url":"https:\/\/www.movacolor.com\/fr\/","name":"Movacolor","description":"modular dosing solutions","potentialAction":[{"@type":"SearchAction","target":{"@type":"EntryPoint","urlTemplate":"https:\/\/www.movacolor.com\/fr\/?s={search_term_string}"},"query-input":{"@type":"PropertyValueSpecification","valueRequired":true,"valueName":"search_term_string"}}],"inLanguage":"fr-FR"}]}},"_links":{"self":[{"href":"https:\/\/www.movacolor.com\/fr\/wp-json\/wp\/v2\/pages\/7469","targetHints":{"allow":["GET"]}}],"collection":[{"href":"https:\/\/www.movacolor.com\/fr\/wp-json\/wp\/v2\/pages"}],"about":[{"href":"https:\/\/www.movacolor.com\/fr\/wp-json\/wp\/v2\/types\/page"}],"author":[{"embeddable":true,"href":"https:\/\/www.movacolor.com\/fr\/wp-json\/wp\/v2\/users\/2"}],"replies":[{"embeddable":true,"href":"https:\/\/www.movacolor.com\/fr\/wp-json\/wp\/v2\/comments?post=7469"}],"version-history":[{"count":2,"href":"https:\/\/www.movacolor.com\/fr\/wp-json\/wp\/v2\/pages\/7469\/revisions"}],"predecessor-version":[{"id":10484,"href":"https:\/\/www.movacolor.com\/fr\/wp-json\/wp\/v2\/pages\/7469\/revisions\/10484"}],"up":[{"embeddable":true,"href":"https:\/\/www.movacolor.com\/fr\/wp-json\/wp\/v2\/pages\/7465"}],"wp:featuredmedia":[{"embeddable":true,"href":"https:\/\/www.movacolor.com\/fr\/wp-json\/wp\/v2\/media\/4055"}],"wp:attachment":[{"href":"https:\/\/www.movacolor.com\/fr\/wp-json\/wp\/v2\/media?parent=7469"}],"curies":[{"name":"wp","href":"https:\/\/api.w.org\/{rel}","templated":true}]}}