{"id":7468,"date":"2023-01-03T12:37:09","date_gmt":"2023-01-03T10:37:09","guid":{"rendered":"https:\/\/www.movacolor.com\/materiau\/melange-maitre\/"},"modified":"2024-02-09T18:46:21","modified_gmt":"2024-02-09T16:46:21","slug":"melange-maitre","status":"publish","type":"page","link":"https:\/\/www.movacolor.com\/fr\/materiau\/melange-maitre\/","title":{"rendered":"M\u00e9lange-ma\u00eetre"},"content":{"rendered":"<p>Des producteurs de produits en plastique du monde entier participent au d\u00e9veloppement des syst\u00e8mes de dosage de m\u00e9langes-ma\u00eetres tr\u00e8s pr\u00e9cis de Movacolor. Leurs exp\u00e9riences avec les colorants et leur d\u00e9sir de processus de production stables, d&#8217;efficacit\u00e9 \u00e9lev\u00e9e et d&#8217;\u00e9conomies constituent le point de d\u00e9part des innovations de Movacolor en mati\u00e8re de technologie de dosage.<\/p>\n<h2>Syst\u00e8mes de dosage de m\u00e9langes ma\u00eetres avec contr\u00f4le pr\u00e9cis<\/h2>\n<p>Le syst\u00e8me de dosage gravim\u00e9trique en ligne des m\u00e9langes-ma\u00eetres <a href=\"https:\/\/www.movacolor.com\/product-categories\/modular-dosing-solutions\/mds-6-balance\/\">MDS Balance<\/a> garantit une mesure optimale du processus de dosage dans les applications d&#8217;extrusion et de moulage par injection. Le <a href=\"https:\/\/www.movacolor.com\/product-categories\/modular-dosing-solutions\/mds-6-balance\/\">MDS Balance<\/a> peut \u00eatre transform\u00e9 en un syst\u00e8me de dosage multi-composants permettant de doser jusqu&#8217;\u00e0 six additifs simultan\u00e9ment.<\/p>\n<p>Pour les processus \u00e0 haut rendement, le d\u00e9partement d&#8217;ing\u00e9nierie de Movacolor a mis au point le <a href=\"https:\/\/www.movacolor.com\/fr\/product-categories\/mds\/mds-40-ho-balance\/\">MDS HO Balance<\/a>. Ce syst\u00e8me de dosage de m\u00e9langes-ma\u00eetres sp\u00e9cifique a une capacit\u00e9 comprise entre 50 kg\/h et 1 000 kg\/h. Il va de soi que le niveau \u00e9lev\u00e9 de pr\u00e9cision lors du dosage des m\u00e9langes-ma\u00eetres est garanti.<\/p>\n<p>La plus petite capacit\u00e9 de m\u00e9lange ma\u00eetre pouvant \u00eatre dos\u00e9e avec les doseurs en ligne de Movacolor n&#8217;est pas inf\u00e9rieure \u00e0 0,1 kg\/h. Le syst\u00e8me de dosage capable de doser une si petite quantit\u00e9 est le <a href=\"https:\/\/www.movacolor.com\/fr\/product-categories\/mds\/mds-200-nexus\/\">MDS Nexus<\/a>.<\/p>\n","protected":false},"excerpt":{"rendered":"<p>Des producteurs de produits en plastique du monde entier participent au d\u00e9veloppement des syst\u00e8mes de dosage de m\u00e9langes-ma\u00eetres tr\u00e8s pr\u00e9cis de Movacolor. Leurs exp\u00e9riences avec les colorants et leur d\u00e9sir de processus de production stables, d&#8217;efficacit\u00e9 \u00e9lev\u00e9e et d&#8217;\u00e9conomies constituent le point de d\u00e9part des innovations de Movacolor en mati\u00e8re de technologie de dosage. Syst\u00e8mes&#8230;<\/p>\n","protected":false},"author":2,"featured_media":0,"parent":7465,"menu_order":0,"comment_status":"closed","ping_status":"closed","template":"","meta":{"_acf_changed":false,"footnotes":""},"class_list":["post-7468","page","type-page","status-publish","hentry","us_portfolio_tag-melange-maitre"],"acf":[],"yoast_head":"<!-- This site is optimized with the Yoast SEO plugin v26.4 - https:\/\/yoast.com\/wordpress\/plugins\/seo\/ -->\n<title>M\u00e9lange-ma\u00eetre - Movacolor<\/title>\n<meta name=\"description\" content=\"Contr\u00f4le pr\u00e9cis des m\u00e9langes-ma\u00eetres avec les syst\u00e8mes gravim\u00e9triques de Movacolor. Conseils gratuits pour une production plastique stable et efficace.\" \/>\n<meta name=\"robots\" content=\"index, follow, max-snippet:-1, max-image-preview:large, max-video-preview:-1\" \/>\n<link rel=\"canonical\" href=\"https:\/\/www.movacolor.com\/fr\/materiau\/melange-maitre\/\" \/>\n<meta property=\"og:locale\" content=\"fr_FR\" \/>\n<meta property=\"og:type\" content=\"article\" \/>\n<meta property=\"og:title\" content=\"M\u00e9lange-ma\u00eetre - Movacolor\" \/>\n<meta property=\"og:description\" content=\"Contr\u00f4le pr\u00e9cis des m\u00e9langes-ma\u00eetres avec les syst\u00e8mes gravim\u00e9triques de Movacolor. Conseils gratuits pour une production plastique stable et efficace.\" \/>\n<meta property=\"og:url\" content=\"https:\/\/www.movacolor.com\/fr\/materiau\/melange-maitre\/\" \/>\n<meta property=\"og:site_name\" content=\"Movacolor\" \/>\n<meta property=\"article:modified_time\" content=\"2024-02-09T16:46:21+00:00\" \/>\n<meta name=\"twitter:card\" content=\"summary_large_image\" \/>\n<meta name=\"twitter:label1\" content=\"Dur\u00e9e de lecture estim\u00e9e\" \/>\n\t<meta name=\"twitter:data1\" content=\"1 minute\" \/>\n<script type=\"application\/ld+json\" class=\"yoast-schema-graph\">{\"@context\":\"https:\/\/schema.org\",\"@graph\":[{\"@type\":\"WebPage\",\"@id\":\"https:\/\/www.movacolor.com\/fr\/materiau\/melange-maitre\/\",\"url\":\"https:\/\/www.movacolor.com\/fr\/materiau\/melange-maitre\/\",\"name\":\"M\u00e9lange-ma\u00eetre - Movacolor\",\"isPartOf\":{\"@id\":\"https:\/\/www.movacolor.com\/fr\/#website\"},\"datePublished\":\"2023-01-03T10:37:09+00:00\",\"dateModified\":\"2024-02-09T16:46:21+00:00\",\"description\":\"Contr\u00f4le pr\u00e9cis des m\u00e9langes-ma\u00eetres avec les syst\u00e8mes gravim\u00e9triques de Movacolor. Conseils gratuits pour une production plastique stable et efficace.\",\"breadcrumb\":{\"@id\":\"https:\/\/www.movacolor.com\/fr\/materiau\/melange-maitre\/#breadcrumb\"},\"inLanguage\":\"fr-FR\",\"potentialAction\":[{\"@type\":\"ReadAction\",\"target\":[\"https:\/\/www.movacolor.com\/fr\/materiau\/melange-maitre\/\"]}]},{\"@type\":\"BreadcrumbList\",\"@id\":\"https:\/\/www.movacolor.com\/fr\/materiau\/melange-maitre\/#breadcrumb\",\"itemListElement\":[{\"@type\":\"ListItem\",\"position\":1,\"name\":\"Home\",\"item\":\"https:\/\/www.movacolor.com\/fr\/\"},{\"@type\":\"ListItem\",\"position\":2,\"name\":\"Mat\u00e9riau\",\"item\":\"https:\/\/www.movacolor.com\/fr\/materiau\/\"},{\"@type\":\"ListItem\",\"position\":3,\"name\":\"M\u00e9lange-ma\u00eetre\"}]},{\"@type\":\"WebSite\",\"@id\":\"https:\/\/www.movacolor.com\/fr\/#website\",\"url\":\"https:\/\/www.movacolor.com\/fr\/\",\"name\":\"Movacolor\",\"description\":\"modular dosing solutions\",\"potentialAction\":[{\"@type\":\"SearchAction\",\"target\":{\"@type\":\"EntryPoint\",\"urlTemplate\":\"https:\/\/www.movacolor.com\/fr\/?s={search_term_string}\"},\"query-input\":{\"@type\":\"PropertyValueSpecification\",\"valueRequired\":true,\"valueName\":\"search_term_string\"}}],\"inLanguage\":\"fr-FR\"}]}<\/script>\n<!-- \/ Yoast SEO plugin. -->","yoast_head_json":{"title":"M\u00e9lange-ma\u00eetre - Movacolor","description":"Contr\u00f4le pr\u00e9cis des m\u00e9langes-ma\u00eetres avec les syst\u00e8mes gravim\u00e9triques de Movacolor. Conseils gratuits pour une production plastique stable et efficace.","robots":{"index":"index","follow":"follow","max-snippet":"max-snippet:-1","max-image-preview":"max-image-preview:large","max-video-preview":"max-video-preview:-1"},"canonical":"https:\/\/www.movacolor.com\/fr\/materiau\/melange-maitre\/","og_locale":"fr_FR","og_type":"article","og_title":"M\u00e9lange-ma\u00eetre - Movacolor","og_description":"Contr\u00f4le pr\u00e9cis des m\u00e9langes-ma\u00eetres avec les syst\u00e8mes gravim\u00e9triques de Movacolor. Conseils gratuits pour une production plastique stable et efficace.","og_url":"https:\/\/www.movacolor.com\/fr\/materiau\/melange-maitre\/","og_site_name":"Movacolor","article_modified_time":"2024-02-09T16:46:21+00:00","twitter_card":"summary_large_image","twitter_misc":{"Dur\u00e9e de lecture estim\u00e9e":"1 minute"},"schema":{"@context":"https:\/\/schema.org","@graph":[{"@type":"WebPage","@id":"https:\/\/www.movacolor.com\/fr\/materiau\/melange-maitre\/","url":"https:\/\/www.movacolor.com\/fr\/materiau\/melange-maitre\/","name":"M\u00e9lange-ma\u00eetre - Movacolor","isPartOf":{"@id":"https:\/\/www.movacolor.com\/fr\/#website"},"datePublished":"2023-01-03T10:37:09+00:00","dateModified":"2024-02-09T16:46:21+00:00","description":"Contr\u00f4le pr\u00e9cis des m\u00e9langes-ma\u00eetres avec les syst\u00e8mes gravim\u00e9triques de Movacolor. Conseils gratuits pour une production plastique stable et efficace.","breadcrumb":{"@id":"https:\/\/www.movacolor.com\/fr\/materiau\/melange-maitre\/#breadcrumb"},"inLanguage":"fr-FR","potentialAction":[{"@type":"ReadAction","target":["https:\/\/www.movacolor.com\/fr\/materiau\/melange-maitre\/"]}]},{"@type":"BreadcrumbList","@id":"https:\/\/www.movacolor.com\/fr\/materiau\/melange-maitre\/#breadcrumb","itemListElement":[{"@type":"ListItem","position":1,"name":"Home","item":"https:\/\/www.movacolor.com\/fr\/"},{"@type":"ListItem","position":2,"name":"Mat\u00e9riau","item":"https:\/\/www.movacolor.com\/fr\/materiau\/"},{"@type":"ListItem","position":3,"name":"M\u00e9lange-ma\u00eetre"}]},{"@type":"WebSite","@id":"https:\/\/www.movacolor.com\/fr\/#website","url":"https:\/\/www.movacolor.com\/fr\/","name":"Movacolor","description":"modular dosing solutions","potentialAction":[{"@type":"SearchAction","target":{"@type":"EntryPoint","urlTemplate":"https:\/\/www.movacolor.com\/fr\/?s={search_term_string}"},"query-input":{"@type":"PropertyValueSpecification","valueRequired":true,"valueName":"search_term_string"}}],"inLanguage":"fr-FR"}]}},"_links":{"self":[{"href":"https:\/\/www.movacolor.com\/fr\/wp-json\/wp\/v2\/pages\/7468","targetHints":{"allow":["GET"]}}],"collection":[{"href":"https:\/\/www.movacolor.com\/fr\/wp-json\/wp\/v2\/pages"}],"about":[{"href":"https:\/\/www.movacolor.com\/fr\/wp-json\/wp\/v2\/types\/page"}],"author":[{"embeddable":true,"href":"https:\/\/www.movacolor.com\/fr\/wp-json\/wp\/v2\/users\/2"}],"replies":[{"embeddable":true,"href":"https:\/\/www.movacolor.com\/fr\/wp-json\/wp\/v2\/comments?post=7468"}],"version-history":[{"count":1,"href":"https:\/\/www.movacolor.com\/fr\/wp-json\/wp\/v2\/pages\/7468\/revisions"}],"predecessor-version":[{"id":17103,"href":"https:\/\/www.movacolor.com\/fr\/wp-json\/wp\/v2\/pages\/7468\/revisions\/17103"}],"up":[{"embeddable":true,"href":"https:\/\/www.movacolor.com\/fr\/wp-json\/wp\/v2\/pages\/7465"}],"wp:attachment":[{"href":"https:\/\/www.movacolor.com\/fr\/wp-json\/wp\/v2\/media?parent=7468"}],"curies":[{"name":"wp","href":"https:\/\/api.w.org\/{rel}","templated":true}]}}