{"id":7465,"date":"2023-01-03T12:28:18","date_gmt":"2023-01-03T10:28:18","guid":{"rendered":"https:\/\/www.movacolor.com\/materiau\/"},"modified":"2024-02-09T22:00:21","modified_gmt":"2024-02-09T20:00:21","slug":"materiau","status":"publish","type":"page","link":"https:\/\/www.movacolor.com\/fr\/materiau\/","title":{"rendered":"Mat\u00e9riau"},"content":{"rendered":"<section class=\"l-section wpb_row us_custom_645e9f38 us_animate_this height_auto\"><div class=\"l-section-h i-cf\"><div class=\"g-cols vc_row via_flex valign_top type_boxes stacking_default\"><div class=\"vc_col-sm-12 wpb_column vc_column_container\"><div class=\"vc_column-inner us_custom_3d831995\"><div class=\"wpb_wrapper\"><div class=\"wpb_text_column\"><div class=\"wpb_wrapper\"><h1>Mat\u00e9riaux<\/h1>\n<p>La gamme de produits innovants de haute qualit\u00e9 de Movacolor se compose de machines de dosage gravim\u00e9triques, optom\u00e9triques et volum\u00e9triques qui peuvent facilement doser toutes sortes de mat\u00e9riaux tels que le rebroy\u00e9, les m\u00e9langes-ma\u00eetres, les liquides et les poudres. Ces mat\u00e9riaux posent tous des probl\u00e8mes quant \u00e0 la mani\u00e8re de les manipuler au cours du processus de dosage. Movacolor est sp\u00e9cialis\u00e9 dans le dosage de chacun de ces mat\u00e9riaux.<\/p>\n<\/div><\/div><\/div><\/div><\/div><\/div><\/div><\/section><section class=\"l-section wpb_row us_custom_b0c8f7d6 height_auto\"><div class=\"l-section-h i-cf\"><div class=\"g-cols vc_row via_flex valign_top type_default stacking_default\"><div class=\"vc_col-sm-12 wpb_column vc_column_container\"><div class=\"vc_column-inner us_custom_f44b38f2\"><div class=\"wpb_wrapper\"><div class=\"w-post-elm post_image us_custom_6eef1e9e us_animate_this stretched\"><img loading=\"lazy\" decoding=\"async\" width=\"1500\" height=\"800\" src=\"https:\/\/www.movacolor.com\/wp-content\/uploads\/2023\/01\/mvc_materials-1500x800.jpg\" class=\"attachment-us_1500_800_crop size-us_1500_800_crop wp-post-image\" alt=\"\" \/><\/div><\/div><\/div><\/div><\/div><\/div><\/section><section class=\"l-section wpb_row us_custom_2231b372 height_auto\"><div class=\"l-section-h i-cf\"><div class=\"g-cols vc_row via_flex valign_top type_boxes stacking_default\"><div class=\"vc_col-sm-12 wpb_column vc_column_container\"><div class=\"vc_column-inner\"><div class=\"wpb_wrapper\"><div class=\"w-separator size_custom\" style=\"height:7vmin\" id=\"ae56\"><style>@media(max-width:1499px){ #ae56{height:0rem!important}}@media(max-width:1024px){ #ae56{height:0rem!important}}<\/style><\/div><div class=\"wpb_text_column us_custom_60e9caca us_animate_this\"><div class=\"wpb_wrapper\"><h2><strong>Dosage des mati\u00e8res rebroy\u00e9es avec des syst\u00e8mes de dosage gravim\u00e9trique<\/strong><\/h2>\n<p>Dans l&#8217;industrie des plastiques, les \u00e9conomies et le d\u00e9veloppement durable sont au c\u0153ur des pr\u00e9occupations. C&#8217;est pourquoi il devient de plus en plus important de r\u00e9int\u00e9grer les d\u00e9chets dans le processus de production. Les syst\u00e8mes de dosage de Movacolor peuvent facilement doser des mat\u00e9riaux tels que le rebroy\u00e9, le m\u00e9lange ma\u00eetre ou la poudre fluide.<\/p>\n<p>Nous avons d\u00e9velopp\u00e9 plusieurs syst\u00e8mes de dosage innovants qui peuvent traiter facilement le rebroy\u00e9, comme le doseur gravim\u00e9trique MCS Regrind et le m\u00e9langeur gravim\u00e9trique MBS 34 Blender. Le doseur gravim\u00e9trique MDS HO Balance permet \u00e9galement de doser jusqu&#8217;\u00e0 75 % des mat\u00e9riaux difficiles \u00e0 manipuler, tels que les flocons de PET, dans le flux principal de mat\u00e9riaux. Pour en savoir plus sur nos alimentateurs de mati\u00e8res rebroy\u00e9es et sur le dosage des mati\u00e8res rebroy\u00e9es, cliquez sur <a href=\"https:\/\/www.movacolor.com\/fr\/regrind-2\/\">regrind<\/a>.<\/p>\n<h2><strong>Dosage de m\u00e9langes-ma\u00eetres avec des syst\u00e8mes de dosage gravim\u00e9trique, volum\u00e9trique et optom\u00e9trique<\/strong><\/h2>\n<p>Les doseurs gravim\u00e9triques, volum\u00e9triques et optom\u00e9triques de Movacolor sont les plus pr\u00e9cis au monde pour le dosage de mat\u00e9riaux tels que les granul\u00e9s de plastique, \u00e9galement appel\u00e9s m\u00e9langes-ma\u00eetres. Pour le d\u00e9veloppement de nos syst\u00e8mes de dosage innovants, nous nous appuyons sur l&#8217;exp\u00e9rience de nos clients en ce qui concerne l&#8217;utilisation de colorants dans leur processus de production et leur d\u00e9sir d&#8217;un processus de production stable, d&#8217;efficacit\u00e9 et d&#8217;\u00e9conomies \u00e9lev\u00e9es. En savoir plus sur le dosage des mat\u00e9riaux <a href=\"https:\/\/www.movacolor.com\/materials\/master-batch\/\">masterbatch<\/a>.<\/p>\n<h2><strong>Dosage de mati\u00e8res liquides avec des syst\u00e8mes de dosage de liquides<\/strong><\/h2>\n<p><strong>.<br \/>\nLe dosage pr\u00e9cis des mati\u00e8res liquides est toujours un grand d\u00e9fi. Le dosage de mati\u00e8res liquides telles que les colorants est tr\u00e8s courant dans le moulage par injection et l&#8217;extrusion. Le syst\u00e8me innovant de dosage gravim\u00e9trique de haute qualit\u00e9 pour les mati\u00e8res liquides prouve qu&#8217;une utilisation efficace des colorants liquides garantit un processus de production stable. Il en r\u00e9sulte des \u00e9conomies importantes sur les colorants liquides co\u00fbteux et un produit final de haute qualit\u00e9. Pour le dosage de mati\u00e8res telles que les colorants liquides, Movacolor a d\u00e9velopp\u00e9 le syst\u00e8me innovant MDS Balance Liquid. En savoir plus sur le dosage des mati\u00e8res liquides <a href=\"https:\/\/www.movacolor.com\/fr\/liquid-2\/\">ici<\/a>.<\/strong><\/p>\n<h2><strong>Dosage de poudres avec des syst\u00e8mes de dosage de poudres<\/strong><\/h2>\n<p>Le dosage des mat\u00e9riaux en poudre est un travail tr\u00e8s sp\u00e9cialis\u00e9. Gr\u00e2ce aux exp\u00e9riences que les fabricants de poudre et les producteurs de plastique du monde entier partagent avec nous, Movacolor a mis au point un syst\u00e8me de dosage gravim\u00e9trique de haute qualit\u00e9 qui peut doser avec pr\u00e9cision les poudres non fluides ainsi que les poudres lourdes. Gr\u00e2ce \u00e0 nos syst\u00e8mes de dosage de poudre, vous pouvez \u00e9conomiser jusqu&#8217;\u00e0 50 % sur vos additifs en poudre co\u00fbteux. Pour pouvoir g\u00e9rer facilement les additifs en poudre dans votre processus de production, Movacolor a sp\u00e9cialement d\u00e9velopp\u00e9 la gamme MDS Balance Powder. En savoir plus sur ces <a href=\"https:\/\/www.movacolor.com\/fr\/powder-2\/\">poudres<\/a> et sur le dosage des mat\u00e9riaux en poudre.<\/p>\n<\/div><\/div><div class=\"w-separator size_custom\" style=\"height:5vmin\" id=\"z1f1\"><style>@media(max-width:768px){ #z1f1{height:1.5rem!important}}@media(max-width:1024px){ #z1f1{height:0rem!important}}<\/style><\/div><\/div><\/div><\/div><\/div><\/div><\/section><section class=\"l-section wpb_row height_medium\"><div class=\"l-section-h i-cf\"><div class=\"g-cols vc_row via_flex valign_top type_boxes stacking_default\"><div class=\"vc_col-sm-12 wpb_column vc_column_container\"><div class=\"vc_column-inner us_custom_5548ed63\"><div class=\"wpb_wrapper\"><div class=\"wpb_text_column us_custom_60e9caca us_animate_this\"><div class=\"wpb_wrapper\"><h2>Mat\u00e9riaux<\/h2>\n<\/div><\/div><div class=\"w-grid us_grid us_custom_e177aafb us_animate_this type_grid layout_1428 cols_3 preload_style_spinner\" id=\"us_grid_1\" style=\"--columns:3;--gap:0.5rem;\"><style>@media (max-width:1024px){#us_grid_1{--columns:2!important}}@media (max-width:768px){#us_grid_1{--columns:1!important}}.layout_1428 .w-grid-item-h{background:var(--color-content-bg-alt);box-shadow:0 0.08rem 0.15rem rgba(0,0,0,0.1),0 0.25rem 0.75rem rgba(0,0,0,0.1);transition-duration:0.3s}.no-touch .layout_1428 .w-grid-item-h:hover{box-shadow:0 0.03rem 0.06rem rgba(0,0,0,0.1),0 0.1rem 0.3rem rgba(0,0,0,0.15);z-index:4}.layout_1428 .usg_vwrapper_1{height:25vh!important;padding:1.5rem!important}.layout_1428 .usg_btn_1{position:absolute!important;left:1.5rem!important;bottom:1.5rem!important}.layout_1428 .usg_post_custom_field_1{width:3rem!important}@media (min-width:1025px) and (max-width:1280px){.layout_1428 .usg_vwrapper_1{height:15rem!important}}@media (min-width:769px) and (max-width:1024px){.layout_1428 .usg_vwrapper_1{height:15rem!important}}@media (max-width:768px){.layout_1428 .usg_vwrapper_1{height:15rem!important}}<\/style><div class=\"w-grid-list\">\t<article class=\"w-grid-item size_1x1 post-7468 page type-page status-publish hentry us_portfolio_tag-melange-maitre\" data-id=\"7468\">\r\n\t\t<div class=\"w-grid-item-h\">\r\n\t\t\t\t\t\t<div class=\"w-vwrapper usg_vwrapper_1 align_left valign_top\"><div class=\"w-post-elm post_custom_field usg_post_custom_field_1 type_image page_icon color_link_inherit\"><img loading=\"lazy\" decoding=\"async\" width=\"1024\" height=\"1024\" src=\"https:\/\/www.movacolor.com\/wp-content\/uploads\/2023\/01\/material-masterbatch.svg\" class=\"attachment-large size-large\" alt=\"master batch\" \/><\/div><h5 class=\"w-post-elm post_title usg_post_title_1 entry-title color_link_inherit\"><a href=\"https:\/\/www.movacolor.com\/fr\/materiau\/melange-maitre\/\">M\u00e9lange-ma\u00eetre<\/a><\/h5><a class=\"w-btn us-btn-style_5 usg_btn_1\" href=\"https:\/\/www.movacolor.com\/fr\/materiau\/melange-maitre\/\"><span class=\"w-btn-label\">En savoir plus<\/span><\/a><\/div>\t\t<\/div>\r\n\t\t\t<\/article>\r\n\t<article class=\"w-grid-item size_1x1 post-7473 page type-page status-publish has-post-thumbnail hentry us_portfolio_tag-regrind-fr\" data-id=\"7473\">\r\n\t\t<div class=\"w-grid-item-h\">\r\n\t\t\t\t\t\t<div class=\"w-vwrapper usg_vwrapper_1 align_left valign_top\"><div class=\"w-post-elm post_custom_field usg_post_custom_field_1 type_image page_icon color_link_inherit\"><img loading=\"lazy\" decoding=\"async\" width=\"1024\" height=\"1024\" src=\"https:\/\/www.movacolor.com\/wp-content\/uploads\/2023\/01\/material-regrind.svg\" class=\"attachment-large size-large\" alt=\"regrind\" \/><\/div><h5 class=\"w-post-elm post_title usg_post_title_1 entry-title color_link_inherit\"><a href=\"https:\/\/www.movacolor.com\/fr\/materiau\/regrind\/\">Regrind<\/a><\/h5><a class=\"w-btn us-btn-style_5 usg_btn_1\" href=\"https:\/\/www.movacolor.com\/fr\/materiau\/regrind\/\"><span class=\"w-btn-label\">En savoir plus<\/span><\/a><\/div>\t\t<\/div>\r\n\t\t\t<\/article>\r\n\t<article class=\"w-grid-item size_1x1 post-7464 page type-page status-publish has-post-thumbnail hentry us_portfolio_tag-liquide\" data-id=\"7464\">\r\n\t\t<div class=\"w-grid-item-h\">\r\n\t\t\t\t\t\t<div class=\"w-vwrapper usg_vwrapper_1 align_left valign_top\"><div class=\"w-post-elm post_custom_field usg_post_custom_field_1 type_image page_icon color_link_inherit\"><img loading=\"lazy\" decoding=\"async\" width=\"1024\" height=\"1024\" src=\"https:\/\/www.movacolor.com\/wp-content\/uploads\/2023\/01\/material-liquid.svg\" class=\"attachment-large size-large\" alt=\"liquid\" \/><\/div><h5 class=\"w-post-elm post_title usg_post_title_1 entry-title color_link_inherit\"><a href=\"https:\/\/www.movacolor.com\/fr\/materiau\/liquide\/\">Liquide<\/a><\/h5><a class=\"w-btn us-btn-style_5 usg_btn_1\" href=\"https:\/\/www.movacolor.com\/fr\/materiau\/liquide\/\"><span class=\"w-btn-label\">En savoir plus<\/span><\/a><\/div>\t\t<\/div>\r\n\t\t\t<\/article>\r\n\t<article class=\"w-grid-item size_1x1 post-7469 page type-page status-publish has-post-thumbnail hentry us_portfolio_tag-poudre\" data-id=\"7469\">\r\n\t\t<div class=\"w-grid-item-h\">\r\n\t\t\t\t\t\t<div class=\"w-vwrapper usg_vwrapper_1 align_left valign_top\"><div class=\"w-post-elm post_custom_field usg_post_custom_field_1 type_image page_icon color_link_inherit\"><img loading=\"lazy\" decoding=\"async\" width=\"1024\" height=\"1024\" src=\"https:\/\/www.movacolor.com\/wp-content\/uploads\/2023\/01\/material-powder.svg\" class=\"attachment-large size-large\" alt=\"powder\" \/><\/div><h5 class=\"w-post-elm post_title usg_post_title_1 entry-title color_link_inherit\"><a href=\"https:\/\/www.movacolor.com\/fr\/materiau\/poudre\/\">Poudre<\/a><\/h5><a class=\"w-btn us-btn-style_5 usg_btn_1\" href=\"https:\/\/www.movacolor.com\/fr\/materiau\/poudre\/\"><span class=\"w-btn-label\">En savoir plus<\/span><\/a><\/div>\t\t<\/div>\r\n\t\t\t<\/article>\r\n<\/div>\t<div class=\"w-grid-preloader\">\r\n\t\t<div class=\"g-preloader type_1\">\r\n\t\t\t<div><\/div>\r\n\t\t<\/div>\r\n\t<\/div>\r\n\t\t<div class=\"w-grid-json hidden\" onclick='return {&quot;action&quot;:&quot;us_ajax_grid&quot;,&quot;infinite_scroll&quot;:0,&quot;max_num_pages&quot;:1,&quot;pagination&quot;:&quot;none&quot;,&quot;template_vars&quot;:{&quot;columns&quot;:&quot;3&quot;,&quot;exclude_items&quot;:&quot;none&quot;,&quot;img_size&quot;:&quot;default&quot;,&quot;ignore_items_size&quot;:0,&quot;items_layout&quot;:&quot;1428&quot;,&quot;items_offset&quot;:&quot;1&quot;,&quot;load_animation&quot;:&quot;none&quot;,&quot;overriding_link&quot;:&quot;{\\&quot;url\\&quot;:\\&quot;\\&quot;}&quot;,&quot;post_id&quot;:0,&quot;query_args&quot;:{&quot;ignore_sticky_posts&quot;:1,&quot;post_type&quot;:&quot;any&quot;,&quot;post__in&quot;:[&quot;128&quot;,&quot;122&quot;,&quot;130&quot;,&quot;126&quot;],&quot;posts_per_page&quot;:&quot;999&quot;},&quot;orderby_query_args&quot;:{&quot;orderby&quot;:{&quot;post__in&quot;:&quot;ASC&quot;},&quot;order&quot;:&quot;ASC&quot;},&quot;type&quot;:&quot;grid&quot;,&quot;us_grid_post_type&quot;:&quot;ids&quot;,&quot;us_grid_ajax_index&quot;:1,&quot;us_grid_filter_query_string&quot;:null,&quot;us_grid_index&quot;:1,&quot;page_args&quot;:[],&quot;lang&quot;:&quot;fr&quot;}}'><\/div>\r\n\t<\/div><\/div><\/div><\/div><\/div><\/div><\/section><section class=\"l-section wpb_row us_custom_c70c97eb height_medium\"><div class=\"l-section-h i-cf\"><div class=\"g-cols vc_row via_flex valign_top type_boxes stacking_default\"><div class=\"vc_col-sm-12 wpb_column vc_column_container\"><div class=\"vc_column-inner us_custom_5548ed63\"><div class=\"wpb_wrapper\"><section class=\"l-section wpb_row height_auto width_full\"><div class=\"l-section-h i-cf\"><div class=\"g-cols vc_row via_flex valign_top type_default stacking_default\"><div class=\"vc_col-sm-12 wpb_column vc_column_container\"><div class=\"vc_column-inner us_custom_5548ed63\"><div class=\"wpb_wrapper\"><div class=\"wpb_text_column us_custom_60e9caca us_animate_this\"><div class=\"wpb_wrapper\"><h2 class=\"p1\">Tu veux en savoir plus ? Contacte-nous.<\/h2>\n<\/div><\/div><div class=\"g-cols wpb_row us_custom_e177aafb shadow-banner us_animate_this via_flex valign_top type_boxes stacking_default\" style=\"--additional-gap:0.5rem;\"><div class=\"vc_col-sm-6 wpb_column vc_column_container  has_bg_color\"><div class=\"vc_column-inner us_custom_d96e306f us_animate_this\"><div class=\"wpb_wrapper\"><div class=\"wpb_text_column\"><div class=\"wpb_wrapper\"><h4>Contact<\/h4>\n<p>Is your question not listed here? Please feel free to contact us.<\/p>\n<\/div><\/div><div class=\"w-separator size_custom\" style=\"height:5rem\"><\/div><div class=\"w-btn-wrapper align_none\"><a class=\"w-btn us-btn-style_5 us_custom_f1b98e29 icon_atleft\" title=\"Contact\" href=\"\/service\/contact\/\"><i class=\"far fa-phone\"><\/i><span class=\"w-btn-label\">To contact<\/span><\/a><\/div><\/div><\/div><\/div><div class=\"vc_col-sm-6 wpb_column vc_column_container  has_bg_color\"><div class=\"vc_column-inner us_custom_82d545e0 us_animate_this\"><div class=\"wpb_wrapper\"><div class=\"wpb_text_column\"><div class=\"wpb_wrapper\"><h4>Trouver un distributeur<\/h4>\n<p>You can chat with us via the chatbot. We are available to you on weekdays from 7 a.m. to 4:30 p.m.<\/p>\n<\/div><\/div><div class=\"w-separator size_custom\" style=\"height:5rem\"><\/div><div class=\"w-btn-wrapper align_none\"><a class=\"w-btn us-btn-style_5 us_custom_f1b98e29\" href=\"https:\/\/wa.me\/+31615311281?text=I have a question about:\"><span class=\"w-btn-label\">Start conversation<\/span><\/a><\/div><\/div><\/div><\/div><\/div><\/div><\/div><\/div><\/div><\/div><\/section>\n<\/div><\/div><\/div><\/div><\/div><\/section>\n","protected":false},"excerpt":{"rendered":"Le dosage des poudres dans les applications de moulage par injection ou d'extrusion est une activit\u00e9 tr\u00e8s sp\u00e9cialis\u00e9e. Nous avons r\u00e9ussi \u00e0 int\u00e9grer l'exp\u00e9rience des fabricants de poudres et des producteurs de mati\u00e8res plastiques du monde entier dans le processus de d\u00e9veloppement de nos syst\u00e8mes de dosage de poudres. Avec les syst\u00e8mes de dosage de...","protected":false},"author":2,"featured_media":375,"parent":0,"menu_order":0,"comment_status":"closed","ping_status":"closed","template":"","meta":{"_acf_changed":false,"footnotes":""},"class_list":["post-7465","page","type-page","status-publish","has-post-thumbnail","hentry"],"acf":[],"yoast_head":"<!-- This site is optimized with the Yoast SEO plugin v26.4 - https:\/\/yoast.com\/wordpress\/plugins\/seo\/ -->\n<title>Mat\u00e9riau - Movacolor<\/title>\n<meta name=\"description\" content=\"Optimisez le dosage des mat\u00e9riaux, des m\u00e9langes ma\u00eetres, des liquides et des poudres avec les syst\u00e8mes Movacolor. Une \u00e9conomie pour la production.\" \/>\n<meta name=\"robots\" content=\"index, follow, max-snippet:-1, max-image-preview:large, max-video-preview:-1\" \/>\n<link rel=\"canonical\" href=\"https:\/\/www.movacolor.com\/fr\/materiau\/\" \/>\n<meta property=\"og:locale\" content=\"fr_FR\" \/>\n<meta property=\"og:type\" content=\"article\" \/>\n<meta property=\"og:title\" content=\"Mat\u00e9riau - Movacolor\" \/>\n<meta property=\"og:description\" content=\"Optimisez le dosage des mat\u00e9riaux, des m\u00e9langes ma\u00eetres, des liquides et des poudres avec les syst\u00e8mes Movacolor. Une \u00e9conomie pour la production.\" \/>\n<meta property=\"og:url\" content=\"https:\/\/www.movacolor.com\/fr\/materiau\/\" \/>\n<meta property=\"og:site_name\" content=\"Movacolor\" \/>\n<meta property=\"article:modified_time\" content=\"2024-02-09T20:00:21+00:00\" \/>\n<meta property=\"og:image\" content=\"https:\/\/www.movacolor.com\/wp-content\/uploads\/2023\/01\/mvc_materials.jpg\" \/>\n\t<meta property=\"og:image:width\" content=\"1920\" \/>\n\t<meta property=\"og:image:height\" content=\"1280\" \/>\n\t<meta property=\"og:image:type\" content=\"image\/jpeg\" \/>\n<meta name=\"twitter:card\" content=\"summary_large_image\" \/>\n<meta name=\"twitter:label1\" content=\"Dur\u00e9e de lecture estim\u00e9e\" \/>\n\t<meta name=\"twitter:data1\" content=\"3 minutes\" \/>\n<script type=\"application\/ld+json\" class=\"yoast-schema-graph\">{\"@context\":\"https:\/\/schema.org\",\"@graph\":[{\"@type\":\"WebPage\",\"@id\":\"https:\/\/www.movacolor.com\/fr\/materiau\/\",\"url\":\"https:\/\/www.movacolor.com\/fr\/materiau\/\",\"name\":\"Mat\u00e9riau - Movacolor\",\"isPartOf\":{\"@id\":\"https:\/\/www.movacolor.com\/fr\/#website\"},\"primaryImageOfPage\":{\"@id\":\"https:\/\/www.movacolor.com\/fr\/materiau\/#primaryimage\"},\"image\":{\"@id\":\"https:\/\/www.movacolor.com\/fr\/materiau\/#primaryimage\"},\"thumbnailUrl\":\"https:\/\/www.movacolor.com\/wp-content\/uploads\/2023\/01\/mvc_materials.jpg\",\"datePublished\":\"2023-01-03T10:28:18+00:00\",\"dateModified\":\"2024-02-09T20:00:21+00:00\",\"description\":\"Optimisez le dosage des mat\u00e9riaux, des m\u00e9langes ma\u00eetres, des liquides et des poudres avec les syst\u00e8mes Movacolor. Une \u00e9conomie pour la production.\",\"breadcrumb\":{\"@id\":\"https:\/\/www.movacolor.com\/fr\/materiau\/#breadcrumb\"},\"inLanguage\":\"fr-FR\",\"potentialAction\":[{\"@type\":\"ReadAction\",\"target\":[\"https:\/\/www.movacolor.com\/fr\/materiau\/\"]}]},{\"@type\":\"ImageObject\",\"inLanguage\":\"fr-FR\",\"@id\":\"https:\/\/www.movacolor.com\/fr\/materiau\/#primaryimage\",\"url\":\"https:\/\/www.movacolor.com\/wp-content\/uploads\/2023\/01\/mvc_materials.jpg\",\"contentUrl\":\"https:\/\/www.movacolor.com\/wp-content\/uploads\/2023\/01\/mvc_materials.jpg\",\"width\":1920,\"height\":1280},{\"@type\":\"BreadcrumbList\",\"@id\":\"https:\/\/www.movacolor.com\/fr\/materiau\/#breadcrumb\",\"itemListElement\":[{\"@type\":\"ListItem\",\"position\":1,\"name\":\"Home\",\"item\":\"https:\/\/www.movacolor.com\/fr\/\"},{\"@type\":\"ListItem\",\"position\":2,\"name\":\"Mat\u00e9riau\"}]},{\"@type\":\"WebSite\",\"@id\":\"https:\/\/www.movacolor.com\/fr\/#website\",\"url\":\"https:\/\/www.movacolor.com\/fr\/\",\"name\":\"Movacolor\",\"description\":\"modular dosing solutions\",\"potentialAction\":[{\"@type\":\"SearchAction\",\"target\":{\"@type\":\"EntryPoint\",\"urlTemplate\":\"https:\/\/www.movacolor.com\/fr\/?s={search_term_string}\"},\"query-input\":{\"@type\":\"PropertyValueSpecification\",\"valueRequired\":true,\"valueName\":\"search_term_string\"}}],\"inLanguage\":\"fr-FR\"}]}<\/script>\n<!-- \/ Yoast SEO plugin. -->","yoast_head_json":{"title":"Mat\u00e9riau - Movacolor","description":"Optimisez le dosage des mat\u00e9riaux, des m\u00e9langes ma\u00eetres, des liquides et des poudres avec les syst\u00e8mes Movacolor. Une \u00e9conomie pour la production.","robots":{"index":"index","follow":"follow","max-snippet":"max-snippet:-1","max-image-preview":"max-image-preview:large","max-video-preview":"max-video-preview:-1"},"canonical":"https:\/\/www.movacolor.com\/fr\/materiau\/","og_locale":"fr_FR","og_type":"article","og_title":"Mat\u00e9riau - Movacolor","og_description":"Optimisez le dosage des mat\u00e9riaux, des m\u00e9langes ma\u00eetres, des liquides et des poudres avec les syst\u00e8mes Movacolor. Une \u00e9conomie pour la production.","og_url":"https:\/\/www.movacolor.com\/fr\/materiau\/","og_site_name":"Movacolor","article_modified_time":"2024-02-09T20:00:21+00:00","og_image":[{"width":1920,"height":1280,"url":"https:\/\/www.movacolor.com\/wp-content\/uploads\/2023\/01\/mvc_materials.jpg","type":"image\/jpeg"}],"twitter_card":"summary_large_image","twitter_misc":{"Dur\u00e9e de lecture estim\u00e9e":"3 minutes"},"schema":{"@context":"https:\/\/schema.org","@graph":[{"@type":"WebPage","@id":"https:\/\/www.movacolor.com\/fr\/materiau\/","url":"https:\/\/www.movacolor.com\/fr\/materiau\/","name":"Mat\u00e9riau - Movacolor","isPartOf":{"@id":"https:\/\/www.movacolor.com\/fr\/#website"},"primaryImageOfPage":{"@id":"https:\/\/www.movacolor.com\/fr\/materiau\/#primaryimage"},"image":{"@id":"https:\/\/www.movacolor.com\/fr\/materiau\/#primaryimage"},"thumbnailUrl":"https:\/\/www.movacolor.com\/wp-content\/uploads\/2023\/01\/mvc_materials.jpg","datePublished":"2023-01-03T10:28:18+00:00","dateModified":"2024-02-09T20:00:21+00:00","description":"Optimisez le dosage des mat\u00e9riaux, des m\u00e9langes ma\u00eetres, des liquides et des poudres avec les syst\u00e8mes Movacolor. Une \u00e9conomie pour la production.","breadcrumb":{"@id":"https:\/\/www.movacolor.com\/fr\/materiau\/#breadcrumb"},"inLanguage":"fr-FR","potentialAction":[{"@type":"ReadAction","target":["https:\/\/www.movacolor.com\/fr\/materiau\/"]}]},{"@type":"ImageObject","inLanguage":"fr-FR","@id":"https:\/\/www.movacolor.com\/fr\/materiau\/#primaryimage","url":"https:\/\/www.movacolor.com\/wp-content\/uploads\/2023\/01\/mvc_materials.jpg","contentUrl":"https:\/\/www.movacolor.com\/wp-content\/uploads\/2023\/01\/mvc_materials.jpg","width":1920,"height":1280},{"@type":"BreadcrumbList","@id":"https:\/\/www.movacolor.com\/fr\/materiau\/#breadcrumb","itemListElement":[{"@type":"ListItem","position":1,"name":"Home","item":"https:\/\/www.movacolor.com\/fr\/"},{"@type":"ListItem","position":2,"name":"Mat\u00e9riau"}]},{"@type":"WebSite","@id":"https:\/\/www.movacolor.com\/fr\/#website","url":"https:\/\/www.movacolor.com\/fr\/","name":"Movacolor","description":"modular dosing solutions","potentialAction":[{"@type":"SearchAction","target":{"@type":"EntryPoint","urlTemplate":"https:\/\/www.movacolor.com\/fr\/?s={search_term_string}"},"query-input":{"@type":"PropertyValueSpecification","valueRequired":true,"valueName":"search_term_string"}}],"inLanguage":"fr-FR"}]}},"_links":{"self":[{"href":"https:\/\/www.movacolor.com\/fr\/wp-json\/wp\/v2\/pages\/7465","targetHints":{"allow":["GET"]}}],"collection":[{"href":"https:\/\/www.movacolor.com\/fr\/wp-json\/wp\/v2\/pages"}],"about":[{"href":"https:\/\/www.movacolor.com\/fr\/wp-json\/wp\/v2\/types\/page"}],"author":[{"embeddable":true,"href":"https:\/\/www.movacolor.com\/fr\/wp-json\/wp\/v2\/users\/2"}],"replies":[{"embeddable":true,"href":"https:\/\/www.movacolor.com\/fr\/wp-json\/wp\/v2\/comments?post=7465"}],"version-history":[{"count":3,"href":"https:\/\/www.movacolor.com\/fr\/wp-json\/wp\/v2\/pages\/7465\/revisions"}],"predecessor-version":[{"id":17130,"href":"https:\/\/www.movacolor.com\/fr\/wp-json\/wp\/v2\/pages\/7465\/revisions\/17130"}],"wp:featuredmedia":[{"embeddable":true,"href":"https:\/\/www.movacolor.com\/fr\/wp-json\/wp\/v2\/media\/375"}],"wp:attachment":[{"href":"https:\/\/www.movacolor.com\/fr\/wp-json\/wp\/v2\/media?parent=7465"}],"curies":[{"name":"wp","href":"https:\/\/api.w.org\/{rel}","templated":true}]}}