{"id":7464,"date":"2023-01-03T12:37:26","date_gmt":"2023-01-03T10:37:26","guid":{"rendered":"https:\/\/www.movacolor.com\/liquide\/"},"modified":"2023-12-06T09:22:42","modified_gmt":"2023-12-06T07:22:42","slug":"liquide","status":"publish","type":"page","link":"https:\/\/www.movacolor.com\/fr\/materiau\/liquide\/","title":{"rendered":"Liquide"},"content":{"rendered":"<p>Movacolor rend possible le dosage des liquides avec le syst\u00e8me de dosage des liquides <a href=\"https:\/\/www.movacolor.com\/fr\/product-categories\/mds\/mds-balance-liquid\/\">MDS Balance liquid<\/a>. Le <a href=\"https:\/\/www.movacolor.com\/fr\/product-categories\/mds\/mds-balance-liquid\/\">MDS Balance liquid<\/a> permet un dosage pr\u00e9cis des colorants liquides dans les applications de moulage par injection ou d&#8217;extrusion. Ce syst\u00e8me de dosage gravim\u00e9trique prouve qu&#8217;une m\u00e9thode efficace de coloration avec des colorants liquides a un effet positif sur un processus de production stable et de haute qualit\u00e9. Le r\u00e9sultat : des \u00e9conomies importantes sur les colorants liquides et un produit final de qualit\u00e9 sup\u00e9rieure.<\/p>\n<h2><strong>Syst\u00e8me de dosage de liquide avec \u00e9talonnage automatique<\/strong><\/h2>\n<p>L&#8217;une des raisons pour lesquelles les producteurs de plastique choisissent le syst\u00e8me de dosage de liquide <a href=\"https:\/\/www.movacolor.com\/fr\/product-categories\/mds\/mds-balance-liquid\/\">MDS Balance liquid<\/a> est la fonction d&#8217;\u00e9talonnage automatique. La mesure continue de la perte de poids compense automatiquement les variations de viscosit\u00e9 ou les changements de processus.<\/p>\n<p>Le syst\u00e8me de dosage de liquide permet un contr\u00f4le ultime de la qualit\u00e9. Il est facile \u00e0 connecter \u00e0 notre logiciel intelligent pour l&#8217;enregistrement continu des donn\u00e9es, la surveillance et la gestion des mat\u00e9riaux.<\/p>\n","protected":false},"excerpt":{"rendered":"<p>Movacolor rend possible le dosage des liquides avec le syst\u00e8me de dosage des liquides MDS Balance liquid. Le MDS Balance liquid permet un dosage pr\u00e9cis des colorants liquides dans les applications de moulage par injection ou d&#8217;extrusion. Ce syst\u00e8me de dosage gravim\u00e9trique prouve qu&#8217;une m\u00e9thode efficace de coloration avec des colorants liquides a un effet&#8230;<\/p>\n","protected":false},"author":2,"featured_media":4047,"parent":7465,"menu_order":0,"comment_status":"closed","ping_status":"closed","template":"","meta":{"_acf_changed":false,"footnotes":""},"class_list":["post-7464","page","type-page","status-publish","has-post-thumbnail","hentry","us_portfolio_tag-liquide"],"acf":[],"yoast_head":"<!-- This site is optimized with the Yoast SEO plugin v26.4 - https:\/\/yoast.com\/wordpress\/plugins\/seo\/ -->\n<title>Liquide - Movacolor<\/title>\n<meta name=\"description\" content=\"Movacolor rend possible le dosage de liquides avec le syst\u00e8me de dosage de liquides MDS Balance liquid. En savoir plus sur les possibilit\u00e9s.\" \/>\n<meta name=\"robots\" content=\"index, follow, max-snippet:-1, max-image-preview:large, max-video-preview:-1\" \/>\n<link rel=\"canonical\" href=\"https:\/\/www.movacolor.com\/fr\/materiau\/liquide\/\" \/>\n<meta property=\"og:locale\" content=\"fr_FR\" \/>\n<meta property=\"og:type\" content=\"article\" \/>\n<meta property=\"og:title\" content=\"Liquide - Movacolor\" \/>\n<meta property=\"og:description\" content=\"Movacolor rend possible le dosage de liquides avec le syst\u00e8me de dosage de liquides MDS Balance liquid. En savoir plus sur les possibilit\u00e9s.\" \/>\n<meta property=\"og:url\" content=\"https:\/\/www.movacolor.com\/fr\/materiau\/liquide\/\" \/>\n<meta property=\"og:site_name\" content=\"Movacolor\" \/>\n<meta property=\"article:modified_time\" content=\"2023-12-06T07:22:42+00:00\" \/>\n<meta property=\"og:image\" content=\"https:\/\/www.movacolor.com\/wp-content\/uploads\/2023\/03\/Liquid.jpg\" \/>\n\t<meta property=\"og:image:width\" content=\"1920\" \/>\n\t<meta property=\"og:image:height\" content=\"1860\" \/>\n\t<meta property=\"og:image:type\" content=\"image\/jpeg\" \/>\n<meta name=\"twitter:card\" content=\"summary_large_image\" \/>\n<meta name=\"twitter:label1\" content=\"Dur\u00e9e de lecture estim\u00e9e\" \/>\n\t<meta name=\"twitter:data1\" content=\"1 minute\" \/>\n<script type=\"application\/ld+json\" class=\"yoast-schema-graph\">{\"@context\":\"https:\/\/schema.org\",\"@graph\":[{\"@type\":\"WebPage\",\"@id\":\"https:\/\/www.movacolor.com\/fr\/materiau\/liquide\/\",\"url\":\"https:\/\/www.movacolor.com\/fr\/materiau\/liquide\/\",\"name\":\"Liquide - Movacolor\",\"isPartOf\":{\"@id\":\"https:\/\/www.movacolor.com\/fr\/#website\"},\"primaryImageOfPage\":{\"@id\":\"https:\/\/www.movacolor.com\/fr\/materiau\/liquide\/#primaryimage\"},\"image\":{\"@id\":\"https:\/\/www.movacolor.com\/fr\/materiau\/liquide\/#primaryimage\"},\"thumbnailUrl\":\"https:\/\/www.movacolor.com\/wp-content\/uploads\/2023\/03\/Liquid.jpg\",\"datePublished\":\"2023-01-03T10:37:26+00:00\",\"dateModified\":\"2023-12-06T07:22:42+00:00\",\"description\":\"Movacolor rend possible le dosage de liquides avec le syst\u00e8me de dosage de liquides MDS Balance liquid. En savoir plus sur les possibilit\u00e9s.\",\"breadcrumb\":{\"@id\":\"https:\/\/www.movacolor.com\/fr\/materiau\/liquide\/#breadcrumb\"},\"inLanguage\":\"fr-FR\",\"potentialAction\":[{\"@type\":\"ReadAction\",\"target\":[\"https:\/\/www.movacolor.com\/fr\/materiau\/liquide\/\"]}]},{\"@type\":\"ImageObject\",\"inLanguage\":\"fr-FR\",\"@id\":\"https:\/\/www.movacolor.com\/fr\/materiau\/liquide\/#primaryimage\",\"url\":\"https:\/\/www.movacolor.com\/wp-content\/uploads\/2023\/03\/Liquid.jpg\",\"contentUrl\":\"https:\/\/www.movacolor.com\/wp-content\/uploads\/2023\/03\/Liquid.jpg\",\"width\":1920,\"height\":1860,\"caption\":\"Liquid colorant\"},{\"@type\":\"BreadcrumbList\",\"@id\":\"https:\/\/www.movacolor.com\/fr\/materiau\/liquide\/#breadcrumb\",\"itemListElement\":[{\"@type\":\"ListItem\",\"position\":1,\"name\":\"Home\",\"item\":\"https:\/\/www.movacolor.com\/fr\/\"},{\"@type\":\"ListItem\",\"position\":2,\"name\":\"Mat\u00e9riau\",\"item\":\"https:\/\/www.movacolor.com\/fr\/materiau\/\"},{\"@type\":\"ListItem\",\"position\":3,\"name\":\"Liquide\"}]},{\"@type\":\"WebSite\",\"@id\":\"https:\/\/www.movacolor.com\/fr\/#website\",\"url\":\"https:\/\/www.movacolor.com\/fr\/\",\"name\":\"Movacolor\",\"description\":\"modular dosing solutions\",\"potentialAction\":[{\"@type\":\"SearchAction\",\"target\":{\"@type\":\"EntryPoint\",\"urlTemplate\":\"https:\/\/www.movacolor.com\/fr\/?s={search_term_string}\"},\"query-input\":{\"@type\":\"PropertyValueSpecification\",\"valueRequired\":true,\"valueName\":\"search_term_string\"}}],\"inLanguage\":\"fr-FR\"}]}<\/script>\n<!-- \/ Yoast SEO plugin. -->","yoast_head_json":{"title":"Liquide - Movacolor","description":"Movacolor rend possible le dosage de liquides avec le syst\u00e8me de dosage de liquides MDS Balance liquid. En savoir plus sur les possibilit\u00e9s.","robots":{"index":"index","follow":"follow","max-snippet":"max-snippet:-1","max-image-preview":"max-image-preview:large","max-video-preview":"max-video-preview:-1"},"canonical":"https:\/\/www.movacolor.com\/fr\/materiau\/liquide\/","og_locale":"fr_FR","og_type":"article","og_title":"Liquide - Movacolor","og_description":"Movacolor rend possible le dosage de liquides avec le syst\u00e8me de dosage de liquides MDS Balance liquid. En savoir plus sur les possibilit\u00e9s.","og_url":"https:\/\/www.movacolor.com\/fr\/materiau\/liquide\/","og_site_name":"Movacolor","article_modified_time":"2023-12-06T07:22:42+00:00","og_image":[{"width":1920,"height":1860,"url":"https:\/\/www.movacolor.com\/wp-content\/uploads\/2023\/03\/Liquid.jpg","type":"image\/jpeg"}],"twitter_card":"summary_large_image","twitter_misc":{"Dur\u00e9e de lecture estim\u00e9e":"1 minute"},"schema":{"@context":"https:\/\/schema.org","@graph":[{"@type":"WebPage","@id":"https:\/\/www.movacolor.com\/fr\/materiau\/liquide\/","url":"https:\/\/www.movacolor.com\/fr\/materiau\/liquide\/","name":"Liquide - Movacolor","isPartOf":{"@id":"https:\/\/www.movacolor.com\/fr\/#website"},"primaryImageOfPage":{"@id":"https:\/\/www.movacolor.com\/fr\/materiau\/liquide\/#primaryimage"},"image":{"@id":"https:\/\/www.movacolor.com\/fr\/materiau\/liquide\/#primaryimage"},"thumbnailUrl":"https:\/\/www.movacolor.com\/wp-content\/uploads\/2023\/03\/Liquid.jpg","datePublished":"2023-01-03T10:37:26+00:00","dateModified":"2023-12-06T07:22:42+00:00","description":"Movacolor rend possible le dosage de liquides avec le syst\u00e8me de dosage de liquides MDS Balance liquid. En savoir plus sur les possibilit\u00e9s.","breadcrumb":{"@id":"https:\/\/www.movacolor.com\/fr\/materiau\/liquide\/#breadcrumb"},"inLanguage":"fr-FR","potentialAction":[{"@type":"ReadAction","target":["https:\/\/www.movacolor.com\/fr\/materiau\/liquide\/"]}]},{"@type":"ImageObject","inLanguage":"fr-FR","@id":"https:\/\/www.movacolor.com\/fr\/materiau\/liquide\/#primaryimage","url":"https:\/\/www.movacolor.com\/wp-content\/uploads\/2023\/03\/Liquid.jpg","contentUrl":"https:\/\/www.movacolor.com\/wp-content\/uploads\/2023\/03\/Liquid.jpg","width":1920,"height":1860,"caption":"Liquid colorant"},{"@type":"BreadcrumbList","@id":"https:\/\/www.movacolor.com\/fr\/materiau\/liquide\/#breadcrumb","itemListElement":[{"@type":"ListItem","position":1,"name":"Home","item":"https:\/\/www.movacolor.com\/fr\/"},{"@type":"ListItem","position":2,"name":"Mat\u00e9riau","item":"https:\/\/www.movacolor.com\/fr\/materiau\/"},{"@type":"ListItem","position":3,"name":"Liquide"}]},{"@type":"WebSite","@id":"https:\/\/www.movacolor.com\/fr\/#website","url":"https:\/\/www.movacolor.com\/fr\/","name":"Movacolor","description":"modular dosing solutions","potentialAction":[{"@type":"SearchAction","target":{"@type":"EntryPoint","urlTemplate":"https:\/\/www.movacolor.com\/fr\/?s={search_term_string}"},"query-input":{"@type":"PropertyValueSpecification","valueRequired":true,"valueName":"search_term_string"}}],"inLanguage":"fr-FR"}]}},"_links":{"self":[{"href":"https:\/\/www.movacolor.com\/fr\/wp-json\/wp\/v2\/pages\/7464","targetHints":{"allow":["GET"]}}],"collection":[{"href":"https:\/\/www.movacolor.com\/fr\/wp-json\/wp\/v2\/pages"}],"about":[{"href":"https:\/\/www.movacolor.com\/fr\/wp-json\/wp\/v2\/types\/page"}],"author":[{"embeddable":true,"href":"https:\/\/www.movacolor.com\/fr\/wp-json\/wp\/v2\/users\/2"}],"replies":[{"embeddable":true,"href":"https:\/\/www.movacolor.com\/fr\/wp-json\/wp\/v2\/comments?post=7464"}],"version-history":[{"count":2,"href":"https:\/\/www.movacolor.com\/fr\/wp-json\/wp\/v2\/pages\/7464\/revisions"}],"predecessor-version":[{"id":10478,"href":"https:\/\/www.movacolor.com\/fr\/wp-json\/wp\/v2\/pages\/7464\/revisions\/10478"}],"up":[{"embeddable":true,"href":"https:\/\/www.movacolor.com\/fr\/wp-json\/wp\/v2\/pages\/7465"}],"wp:featuredmedia":[{"embeddable":true,"href":"https:\/\/www.movacolor.com\/fr\/wp-json\/wp\/v2\/media\/4047"}],"wp:attachment":[{"href":"https:\/\/www.movacolor.com\/fr\/wp-json\/wp\/v2\/media?parent=7464"}],"curies":[{"name":"wp","href":"https:\/\/api.w.org\/{rel}","templated":true}]}}