{"id":7463,"date":"2023-01-03T12:29:20","date_gmt":"2023-01-03T10:29:20","guid":{"rendered":"https:\/\/www.movacolor.com\/gravimetrique\/"},"modified":"2023-12-21T15:38:03","modified_gmt":"2023-12-21T13:38:03","slug":"gravimetrique","status":"publish","type":"page","link":"https:\/\/www.movacolor.com\/fr\/gravimetrique\/","title":{"rendered":"Gravim\u00e9trique"},"content":{"rendered":"<p>Le dosage gravim\u00e9trique est une m\u00e9thode utilis\u00e9e dans divers domaines, notamment dans l\u2019industrie des plastiques, pour mesurer et distribuer avec pr\u00e9cision des mati\u00e8res en se basant sur leur poids.<\/p>\n<p>Le dosage gravim\u00e9trique consiste \u00e0 mesurer la masse pond\u00e9rale d\u2019une substance et \u00e0 utiliser la technologie de perte de poids pour contr\u00f4ler la dispersion de la mati\u00e8re. Il assure un niveau de pr\u00e9cision et de contr\u00f4le plus \u00e9lev\u00e9 que les <a href=\"https:\/\/www.movacolor.com\/technology\/volumetric\/\">m\u00e9thodes de dosage volum\u00e9trique<\/a>, qui s\u2019appuient uniquement sur la mesure du volume.<\/p>\n<p><strong>Dans le cas du dosage gravim\u00e9trique, le processus se d\u00e9compose g\u00e9n\u00e9ralement comme suit\u00a0: <\/strong><\/p>\n<ol>\n<li><strong>Pes\u00e9e \u2013<\/strong> La substance \u00e0 doser est plac\u00e9e sur une balance de pr\u00e9cision et sa masse est mesur\u00e9e avec une grande exactitude. Cette mesure peut \u00eatre effectu\u00e9e \u00e0 l\u2019aide de diff\u00e9rents types d\u2019\u00e9quipements de pesage, tels que des cellules de charge.<\/li>\n<li><strong>Distribution \u2013<\/strong> En fonction du dosage souhait\u00e9 et du poids de la substance mesur\u00e9, le syst\u00e8me de dosage distribue la quantit\u00e9 de mati\u00e8re requise \u00e0 l\u2019aide de vis sans fin et de cylindres doseurs.<\/li>\n<li><strong>Contr\u00f4le par r\u00e9troaction \u2013<\/strong> Tout au long du processus de dosage, un syst\u00e8me de contr\u00f4le surveille en permanence le poids de la mati\u00e8re distribu\u00e9e. En cas d\u2019\u00e9cart par rapport au dosage souhait\u00e9, le syst\u00e8me de contr\u00f4le ajuste automatiquement le taux de dosage pour que la pr\u00e9cision reste maximale.<\/li>\n<\/ol>\n<p><strong>Le dosage gravim\u00e9trique pr\u00e9sente plusieurs avantages pour votre production\u00a0: <\/strong><\/p>\n<ol>\n<li><strong>Pr\u00e9cision \u2013<\/strong> \u00c9tant donn\u00e9 qu\u2019il se base sur la mesure r\u00e9elle de la masse, le dosage gravim\u00e9trique est extr\u00eamement pr\u00e9cis et moins affect\u00e9 par les variations de densit\u00e9 de mati\u00e8re ou de temp\u00e9rature, ou par d\u2019autres facteurs qui peuvent influencer les mesures bas\u00e9es sur le volume.<\/li>\n<li><strong>Flexibilit\u00e9 \u2013 <\/strong>Le dosage gravim\u00e9trique peut \u00eatre utilis\u00e9 pour une large gamme de mati\u00e8res, des <a href=\"https:\/\/www.movacolor.com\/material\/powder\/\">poudres<\/a> et <a href=\"https:\/\/www.movacolor.com\/material\/masterbatch\/\">granul\u00e9s<\/a> aux <a href=\"https:\/\/www.movacolor.com\/material\/liquid\/\">liquides<\/a>, tant qu\u2019elles peuvent \u00eatre pes\u00e9es de mani\u00e8re fiable.<\/li>\n<li><strong>Uniformit\u00e9 \u2013 <\/strong>Le contr\u00f4le pr\u00e9cis du dosage gravim\u00e9trique garantit que toutes les doses sont identiques, ce qui est crucial dans les industries o\u00f9 la qualit\u00e9 et l\u2019uniformit\u00e9 des produits sont essentielles.<\/li>\n<li><strong>Optimisation des processus \u2013<\/strong> Les syst\u00e8mes de dosage gravim\u00e9trique peuvent \u00eatre int\u00e9gr\u00e9s dans des lignes de production automatis\u00e9es pour que les processus de fabrication soient optimis\u00e9s et plus efficaces, avec le moins de temps d\u2019arr\u00eat possible.<\/li>\n<li><strong>R\u00e9duction des d\u00e9chets \u2013<\/strong> La pr\u00e9cision du dosage permet de r\u00e9duire les pertes de mati\u00e8re et donc de r\u00e9aliser des \u00e9conomies.<\/li>\n<\/ol>\n<h2><strong>R\u00e9duisez vos d\u00e9chets, faites baisser vos co\u00fbts et augmentez la qualit\u00e9 de vos produits gr\u00e2ce aux solutions de dosage et de m\u00e9lange gravim\u00e9triques de Movacolor <\/strong><\/h2>\n<p>Au fil des ans, nous avons d\u00e9velopp\u00e9 une large gamme de syst\u00e8mes de <a href=\"https:\/\/www.movacolor.com\/product-categories\/?filter_range_2187=g-series,3-series,20-series\">dosage et de m\u00e9lange gravim\u00e9triques modulaires de haute pr\u00e9cision<\/a> pour les producteurs de mati\u00e8res plastiques du monde entier, r\u00e9pondant aux exigences de toutes les applications. Que vous cherchiez une tr\u00e9mie par perte de poids ou un <a href=\"https:\/\/www.movacolor.com\/product-categories\/?filter_range_2187=3-series,20-series\">m\u00e9langeur gravim\u00e9trique<\/a>, nous avons ce qu\u2019il vous faut. Nos solutions gravim\u00e9triques sont con\u00e7ues pour vous assurer un contr\u00f4le total et s\u2019adaptent facilement \u00e0 tous les processus, qu\u2019il s\u2019agisse d\u2019extrusion, de moulage par injection ou de moulage par soufflage. En optant pour une solution de dosage gravim\u00e9trique de Movacolor, vous pouvez r\u00e9duire vos co\u00fbts et vos d\u00e9chets, et maximiser l\u2019efficacit\u00e9 de votre production.<\/p>\n<p>Notre concept de dosage modulaire vous permettant de personnaliser votre installation et\/ou de combiner plusieurs unit\u00e9s, vous \u00eates certain(e) de pouvoir mettre en place un syst\u00e8me de dosage adapt\u00e9 \u00e0 vos exigences de production. Si vous avez du mal \u00e0 trouver la bonne solution pour votre processus de production, veuillez laisser vos coordonn\u00e9es dans le formulaire ci-dessous pour entrer en contact avec l\u2019un de nos sp\u00e9cialistes du dosage. Nous nous ferons un plaisir de vous donner des conseils gratuitement\u00a0!<\/p>\n","protected":false},"excerpt":{"rendered":"<p>Le dosage gravim\u00e9trique est une m\u00e9thode utilis\u00e9e dans divers domaines, notamment dans l\u2019industrie des plastiques, pour mesurer et distribuer avec pr\u00e9cision des mati\u00e8res en se basant sur leur poids. Le dosage gravim\u00e9trique consiste \u00e0 mesurer la masse pond\u00e9rale d\u2019une substance et \u00e0 utiliser la technologie de perte de poids pour contr\u00f4ler la dispersion de la&#8230;<\/p>\n","protected":false},"author":2,"featured_media":567,"parent":19573,"menu_order":0,"comment_status":"closed","ping_status":"closed","template":"","meta":{"_acf_changed":false,"footnotes":""},"class_list":["post-7463","page","type-page","status-publish","has-post-thumbnail","hentry","us_portfolio_tag-gravimetrique"],"acf":[],"yoast_head":"<!-- This site is optimized with the Yoast SEO plugin v26.4 - https:\/\/yoast.com\/wordpress\/plugins\/seo\/ -->\n<title>Syst\u00e8mes de dosage gravim\u00e9trique pour tout type d&#039;application<\/title>\n<meta name=\"description\" content=\"Am\u00e9liorez votre processus de production de plastique gr\u00e2ce \u00e0 nos syst\u00e8mes de dosage gravim\u00e9triques. En savoir plus!\" \/>\n<meta name=\"robots\" content=\"index, follow, max-snippet:-1, max-image-preview:large, max-video-preview:-1\" \/>\n<link rel=\"canonical\" href=\"https:\/\/www.movacolor.com\/fr\/gravimetrique\/\" \/>\n<meta property=\"og:locale\" content=\"fr_FR\" \/>\n<meta property=\"og:type\" content=\"article\" \/>\n<meta property=\"og:title\" content=\"Syst\u00e8mes de dosage gravim\u00e9trique pour tout type d&#039;application\" \/>\n<meta property=\"og:description\" content=\"Am\u00e9liorez votre processus de production de plastique gr\u00e2ce \u00e0 nos syst\u00e8mes de dosage gravim\u00e9triques. En savoir plus!\" \/>\n<meta property=\"og:url\" content=\"https:\/\/www.movacolor.com\/fr\/gravimetrique\/\" \/>\n<meta property=\"og:site_name\" content=\"Movacolor\" \/>\n<meta property=\"article:modified_time\" content=\"2023-12-21T13:38:03+00:00\" \/>\n<meta property=\"og:image\" content=\"https:\/\/www.movacolor.com\/wp-content\/uploads\/2023\/01\/Working-in-a-cleanroom-is-balancing-between-the-highest-standards.jpg\" \/>\n\t<meta property=\"og:image:width\" content=\"1500\" \/>\n\t<meta property=\"og:image:height\" content=\"843\" \/>\n\t<meta property=\"og:image:type\" content=\"image\/jpeg\" \/>\n<meta name=\"twitter:card\" content=\"summary_large_image\" \/>\n<meta name=\"twitter:label1\" content=\"Dur\u00e9e de lecture estim\u00e9e\" \/>\n\t<meta name=\"twitter:data1\" content=\"3 minutes\" \/>\n<script type=\"application\/ld+json\" class=\"yoast-schema-graph\">{\"@context\":\"https:\/\/schema.org\",\"@graph\":[{\"@type\":\"WebPage\",\"@id\":\"https:\/\/www.movacolor.com\/fr\/gravimetrique\/\",\"url\":\"https:\/\/www.movacolor.com\/fr\/gravimetrique\/\",\"name\":\"Syst\u00e8mes de dosage gravim\u00e9trique pour tout type d'application\",\"isPartOf\":{\"@id\":\"https:\/\/www.movacolor.com\/fr\/#website\"},\"primaryImageOfPage\":{\"@id\":\"https:\/\/www.movacolor.com\/fr\/gravimetrique\/#primaryimage\"},\"image\":{\"@id\":\"https:\/\/www.movacolor.com\/fr\/gravimetrique\/#primaryimage\"},\"thumbnailUrl\":\"https:\/\/www.movacolor.com\/wp-content\/uploads\/2023\/01\/Working-in-a-cleanroom-is-balancing-between-the-highest-standards.jpg\",\"datePublished\":\"2023-01-03T10:29:20+00:00\",\"dateModified\":\"2023-12-21T13:38:03+00:00\",\"description\":\"Am\u00e9liorez votre processus de production de plastique gr\u00e2ce \u00e0 nos syst\u00e8mes de dosage gravim\u00e9triques. En savoir plus!\",\"breadcrumb\":{\"@id\":\"https:\/\/www.movacolor.com\/fr\/gravimetrique\/#breadcrumb\"},\"inLanguage\":\"fr-FR\",\"potentialAction\":[{\"@type\":\"ReadAction\",\"target\":[\"https:\/\/www.movacolor.com\/fr\/gravimetrique\/\"]}]},{\"@type\":\"ImageObject\",\"inLanguage\":\"fr-FR\",\"@id\":\"https:\/\/www.movacolor.com\/fr\/gravimetrique\/#primaryimage\",\"url\":\"https:\/\/www.movacolor.com\/wp-content\/uploads\/2023\/01\/Working-in-a-cleanroom-is-balancing-between-the-highest-standards.jpg\",\"contentUrl\":\"https:\/\/www.movacolor.com\/wp-content\/uploads\/2023\/01\/Working-in-a-cleanroom-is-balancing-between-the-highest-standards.jpg\",\"width\":1500,\"height\":843},{\"@type\":\"BreadcrumbList\",\"@id\":\"https:\/\/www.movacolor.com\/fr\/gravimetrique\/#breadcrumb\",\"itemListElement\":[{\"@type\":\"ListItem\",\"position\":1,\"name\":\"Home\",\"item\":\"https:\/\/www.movacolor.com\/fr\/\"},{\"@type\":\"ListItem\",\"position\":2,\"name\":\"Gravim\u00e9trique\"}]},{\"@type\":\"WebSite\",\"@id\":\"https:\/\/www.movacolor.com\/fr\/#website\",\"url\":\"https:\/\/www.movacolor.com\/fr\/\",\"name\":\"Movacolor\",\"description\":\"modular dosing solutions\",\"potentialAction\":[{\"@type\":\"SearchAction\",\"target\":{\"@type\":\"EntryPoint\",\"urlTemplate\":\"https:\/\/www.movacolor.com\/fr\/?s={search_term_string}\"},\"query-input\":{\"@type\":\"PropertyValueSpecification\",\"valueRequired\":true,\"valueName\":\"search_term_string\"}}],\"inLanguage\":\"fr-FR\"}]}<\/script>\n<!-- \/ Yoast SEO plugin. -->","yoast_head_json":{"title":"Syst\u00e8mes de dosage gravim\u00e9trique pour tout type d'application","description":"Am\u00e9liorez votre processus de production de plastique gr\u00e2ce \u00e0 nos syst\u00e8mes de dosage gravim\u00e9triques. En savoir plus!","robots":{"index":"index","follow":"follow","max-snippet":"max-snippet:-1","max-image-preview":"max-image-preview:large","max-video-preview":"max-video-preview:-1"},"canonical":"https:\/\/www.movacolor.com\/fr\/gravimetrique\/","og_locale":"fr_FR","og_type":"article","og_title":"Syst\u00e8mes de dosage gravim\u00e9trique pour tout type d'application","og_description":"Am\u00e9liorez votre processus de production de plastique gr\u00e2ce \u00e0 nos syst\u00e8mes de dosage gravim\u00e9triques. En savoir plus!","og_url":"https:\/\/www.movacolor.com\/fr\/gravimetrique\/","og_site_name":"Movacolor","article_modified_time":"2023-12-21T13:38:03+00:00","og_image":[{"width":1500,"height":843,"url":"https:\/\/www.movacolor.com\/wp-content\/uploads\/2023\/01\/Working-in-a-cleanroom-is-balancing-between-the-highest-standards.jpg","type":"image\/jpeg"}],"twitter_card":"summary_large_image","twitter_misc":{"Dur\u00e9e de lecture estim\u00e9e":"3 minutes"},"schema":{"@context":"https:\/\/schema.org","@graph":[{"@type":"WebPage","@id":"https:\/\/www.movacolor.com\/fr\/gravimetrique\/","url":"https:\/\/www.movacolor.com\/fr\/gravimetrique\/","name":"Syst\u00e8mes de dosage gravim\u00e9trique pour tout type d'application","isPartOf":{"@id":"https:\/\/www.movacolor.com\/fr\/#website"},"primaryImageOfPage":{"@id":"https:\/\/www.movacolor.com\/fr\/gravimetrique\/#primaryimage"},"image":{"@id":"https:\/\/www.movacolor.com\/fr\/gravimetrique\/#primaryimage"},"thumbnailUrl":"https:\/\/www.movacolor.com\/wp-content\/uploads\/2023\/01\/Working-in-a-cleanroom-is-balancing-between-the-highest-standards.jpg","datePublished":"2023-01-03T10:29:20+00:00","dateModified":"2023-12-21T13:38:03+00:00","description":"Am\u00e9liorez votre processus de production de plastique gr\u00e2ce \u00e0 nos syst\u00e8mes de dosage gravim\u00e9triques. En savoir plus!","breadcrumb":{"@id":"https:\/\/www.movacolor.com\/fr\/gravimetrique\/#breadcrumb"},"inLanguage":"fr-FR","potentialAction":[{"@type":"ReadAction","target":["https:\/\/www.movacolor.com\/fr\/gravimetrique\/"]}]},{"@type":"ImageObject","inLanguage":"fr-FR","@id":"https:\/\/www.movacolor.com\/fr\/gravimetrique\/#primaryimage","url":"https:\/\/www.movacolor.com\/wp-content\/uploads\/2023\/01\/Working-in-a-cleanroom-is-balancing-between-the-highest-standards.jpg","contentUrl":"https:\/\/www.movacolor.com\/wp-content\/uploads\/2023\/01\/Working-in-a-cleanroom-is-balancing-between-the-highest-standards.jpg","width":1500,"height":843},{"@type":"BreadcrumbList","@id":"https:\/\/www.movacolor.com\/fr\/gravimetrique\/#breadcrumb","itemListElement":[{"@type":"ListItem","position":1,"name":"Home","item":"https:\/\/www.movacolor.com\/fr\/"},{"@type":"ListItem","position":2,"name":"Gravim\u00e9trique"}]},{"@type":"WebSite","@id":"https:\/\/www.movacolor.com\/fr\/#website","url":"https:\/\/www.movacolor.com\/fr\/","name":"Movacolor","description":"modular dosing solutions","potentialAction":[{"@type":"SearchAction","target":{"@type":"EntryPoint","urlTemplate":"https:\/\/www.movacolor.com\/fr\/?s={search_term_string}"},"query-input":{"@type":"PropertyValueSpecification","valueRequired":true,"valueName":"search_term_string"}}],"inLanguage":"fr-FR"}]}},"_links":{"self":[{"href":"https:\/\/www.movacolor.com\/fr\/wp-json\/wp\/v2\/pages\/7463","targetHints":{"allow":["GET"]}}],"collection":[{"href":"https:\/\/www.movacolor.com\/fr\/wp-json\/wp\/v2\/pages"}],"about":[{"href":"https:\/\/www.movacolor.com\/fr\/wp-json\/wp\/v2\/types\/page"}],"author":[{"embeddable":true,"href":"https:\/\/www.movacolor.com\/fr\/wp-json\/wp\/v2\/users\/2"}],"replies":[{"embeddable":true,"href":"https:\/\/www.movacolor.com\/fr\/wp-json\/wp\/v2\/comments?post=7463"}],"version-history":[{"count":2,"href":"https:\/\/www.movacolor.com\/fr\/wp-json\/wp\/v2\/pages\/7463\/revisions"}],"predecessor-version":[{"id":11039,"href":"https:\/\/www.movacolor.com\/fr\/wp-json\/wp\/v2\/pages\/7463\/revisions\/11039"}],"up":[{"embeddable":true,"href":"https:\/\/www.movacolor.com\/fr\/wp-json\/wp\/v2\/pages\/19573"}],"wp:featuredmedia":[{"embeddable":true,"href":"https:\/\/www.movacolor.com\/fr\/wp-json\/wp\/v2\/media\/567"}],"wp:attachment":[{"href":"https:\/\/www.movacolor.com\/fr\/wp-json\/wp\/v2\/media?parent=7463"}],"curies":[{"name":"wp","href":"https:\/\/api.w.org\/{rel}","templated":true}]}}