{"id":7462,"date":"2023-01-03T12:33:35","date_gmt":"2023-01-03T10:33:35","guid":{"rendered":"https:\/\/www.movacolor.com\/volumetrique\/"},"modified":"2024-02-08T22:13:18","modified_gmt":"2024-02-08T20:13:18","slug":"volumetrique","status":"publish","type":"page","link":"https:\/\/www.movacolor.com\/fr\/volumetrique\/","title":{"rendered":"Volum\u00e9trique"},"content":{"rendered":"<p>Le dosage volum\u00e9trique est une technique populaire utilis\u00e9e dans diverses industries pour distribuer des mati\u00e8res en se basant sur le volume et le nombre de tours par minute. Contrairement au <a href=\"https:\/\/www.movacolor.com\/technology\/gravimetric\/\">dosage gravim\u00e9trique<\/a>, qui se base sur la mesure du poids, le dosage volum\u00e9trique consiste essentiellement \u00e0 distribuer un volume de mati\u00e8re en se basant sur le nombre de tours par minute. Bien qu\u2019il n\u2019offre pas le m\u00eame niveau de pr\u00e9cision que les m\u00e9thodes gravim\u00e9triques, le dosage volum\u00e9trique reste un choix pratique dans les cas o\u00f9 la pr\u00e9cision n\u2019est pas forc\u00e9ment cruciale.<\/p>\n<p><strong>Le processus de dosage volum\u00e9trique se d\u00e9compose g\u00e9n\u00e9ralement comme suit\u00a0: <\/strong><\/p>\n<ol>\n<li><strong>Calibrage<\/strong> \u2013 Dans le cas du dosage volum\u00e9trique, le calibrage consiste \u00e0 d\u00e9terminer le volume de mati\u00e8re \u00e0 doser, en se basant sur la vitesse de rotation de l\u2019outil de dosage ainsi que sur le temps de dosage. En s\u2019assurant du bon calibrage, les fabricants peuvent, dans une certaine mesure, obtenir des performances constantes et fiables, et r\u00e9duire le risque de surdosage ou de sous-dosage.<\/li>\n<li><strong>Dosage <\/strong>\u2013 Sur la base du nombre de rotations par minute et du temps de dosage pr\u00e9\u00e9tablis, la mati\u00e8re est distribu\u00e9e pour le processus de production.<\/li>\n<\/ol>\n<p>&nbsp;<\/p>\n<p><strong>Le dosage volum\u00e9trique pr\u00e9sente plusieurs avantages\u00a0: <\/strong><\/p>\n<ol>\n<li><strong>Simplicit\u00e9 <\/strong>\u2013 Les syst\u00e8mes de dosage volum\u00e9trique n\u2019\u00e9tant g\u00e9n\u00e9ralement pas tr\u00e8s complexes, ils sont faciles \u00e0 mettre en place et \u00e0 entretenir.<\/li>\n<li><strong>Int\u00e9r\u00eat \u00e9conomique <\/strong>\u2013 Les installations de dosage volum\u00e9trique sont souvent plus int\u00e9ressantes en termes de co\u00fbts initiaux, ce qui peut \u00eatre avantageux pour les producteurs qui accordent une plus grande importance aux consid\u00e9rations \u00e9conomiques qu\u2019\u00e0 la pr\u00e9cision.<\/li>\n<li><strong>Compatibilit\u00e9 des mati\u00e8res <\/strong>\u2013 Le dosage volum\u00e9trique peut \u00eatre utilis\u00e9 avec une grande vari\u00e9t\u00e9 de mati\u00e8res, tels que <a href=\"https:\/\/www.movacolor.com\/material\/liquid\/\">les liquides,<\/a> <a href=\"https:\/\/www.movacolor.com\/material\/powder\/\">les poudres<\/a> et <a href=\"https:\/\/www.movacolor.com\/material\/masterbatch\/\">les granul\u00e9s<\/a>.<\/li>\n<\/ol>\n<p><a href=\"https:\/\/www.movacolor.com\/knowledge\/volumetric-vs-gravimetric\/\">Par rapport aux m\u00e9thodes gravim\u00e9triques, le dosage volum\u00e9trique<\/a> pr\u00e9sente certaines limites en termes de pr\u00e9cision. Cela s\u2019explique par le fait que le d\u00e9bit et la dur\u00e9e de fonctionnement de l\u2019outil de dosage ne sont pas automatiquement ajust\u00e9s en cas de variation de densit\u00e9 ou de viscosit\u00e9 de la mati\u00e8re, ou de changement de conditions environnementales. Ces facteurs peuvent donner lieu \u00e0 des inexactitudes dans le dosage bas\u00e9 sur le volume, mais notre <a href=\"https:\/\/www.movacolor.com\/balance-technology\/\">technologie d\u2019\u00e9quilibre<\/a> gravim\u00e9trique permet d\u2019\u00e9viter automatiquement ces influences gr\u00e2ce \u00e0 un logiciel avanc\u00e9.<\/p>\n<h2><strong>Gagnez en efficacit\u00e9 gr\u00e2ce aux solutions de dosage volum\u00e9trique de Movacolor <\/strong><\/h2>\n<p>Notre gamme de syst\u00e8mes de dosage volum\u00e9trique int\u00e9gr\u00e9s convient \u00e0 diverses applications de <a href=\"https:\/\/www.movacolor.com\/process\/injection-molding\/\">moulage par injection<\/a> et d\u2019<a href=\"https:\/\/www.movacolor.com\/process\/extrusion\/\">extrusion<\/a>. En optant pour nos solutions de dosage volum\u00e9trique int\u00e9gr\u00e9es, vous pouvez simplifier vos processus, potentiellement r\u00e9duire vos co\u00fbts et am\u00e9liorer l\u2019efficacit\u00e9 de votre production. Surtout si vous m\u00e9langez encore vos mati\u00e8res \u00e0 la main. Tous nos syst\u00e8mes de dosage volum\u00e9trique peuvent \u00eatre \u00e9quip\u00e9s de notre cylindre de dosage \u00e0 haute pr\u00e9cision unique. Ce cylindre de dosage dose l\u2019additif avec un d\u00e9bit r\u00e9gulier directement dans le flux de mati\u00e8re principal, sans pulsations ni interruptions, ce qui garantit un dosage beaucoup plus pr\u00e9cis qu\u2019avec les autres techniques de dosage volum\u00e9trique utilisant une vis sans fin traditionnelle.<\/p>\n<p>Notre concept de dosage modulaire innovant vous permettant de personnaliser votre installation et m\u00eame de combiner plusieurs unit\u00e9s, vous \u00eates certain(e) de pouvoir mettre en place un syst\u00e8me de dosage qui r\u00e9pondra parfaitement \u00e0 vos besoins de production. Si vous vous demandez quelle solution conviendrait le mieux \u00e0 votre processus de production, veuillez nous communiquer vos coordonn\u00e9es dans le formulaire ci-dessous. Notre \u00e9quipe de sp\u00e9cialistes du dosage se fera un plaisir de vous contacter !<\/p>\n","protected":false},"excerpt":{"rendered":"<p>Le dosage volum\u00e9trique est une technique populaire utilis\u00e9e dans diverses industries pour distribuer des mati\u00e8res en se basant sur le volume et le nombre de tours par minute. Contrairement au dosage gravim\u00e9trique, qui se base sur la mesure du poids, le dosage volum\u00e9trique consiste essentiellement \u00e0 distribuer un volume de mati\u00e8re en se basant sur&#8230;<\/p>\n","protected":false},"author":2,"featured_media":2998,"parent":19573,"menu_order":0,"comment_status":"closed","ping_status":"closed","template":"","meta":{"_acf_changed":false,"footnotes":""},"class_list":["post-7462","page","type-page","status-publish","has-post-thumbnail","hentry","us_portfolio_tag-volumetrique"],"acf":[],"yoast_head":"<!-- This site is optimized with the Yoast SEO plugin v26.4 - https:\/\/yoast.com\/wordpress\/plugins\/seo\/ -->\n<title>Syst\u00e8mes de dosage volum\u00e9trique pour le moulage par injection et l&#039;extrusion<\/title>\n<meta name=\"description\" content=\"D\u00e9couvre nos syst\u00e8mes modulaires de dosage volum\u00e9trique pour le moulage par injection et l&#039;extrusion. Apprends-en plus sur eux pour ta production.\" \/>\n<meta name=\"robots\" content=\"index, follow, max-snippet:-1, max-image-preview:large, max-video-preview:-1\" \/>\n<link rel=\"canonical\" href=\"https:\/\/www.movacolor.com\/fr\/volumetrique\/\" \/>\n<meta property=\"og:locale\" content=\"fr_FR\" \/>\n<meta property=\"og:type\" content=\"article\" \/>\n<meta property=\"og:title\" content=\"Syst\u00e8mes de dosage volum\u00e9trique pour le moulage par injection et l&#039;extrusion\" \/>\n<meta property=\"og:description\" content=\"D\u00e9couvre nos syst\u00e8mes modulaires de dosage volum\u00e9trique pour le moulage par injection et l&#039;extrusion. Apprends-en plus sur eux pour ta production.\" \/>\n<meta property=\"og:url\" content=\"https:\/\/www.movacolor.com\/fr\/volumetrique\/\" \/>\n<meta property=\"og:site_name\" content=\"Movacolor\" \/>\n<meta property=\"article:modified_time\" content=\"2024-02-08T20:13:18+00:00\" \/>\n<meta property=\"og:image\" content=\"https:\/\/www.movacolor.com\/wp-content\/uploads\/2023\/03\/Assembly-1-scaled.jpg\" \/>\n\t<meta property=\"og:image:width\" content=\"2560\" \/>\n\t<meta property=\"og:image:height\" content=\"1707\" \/>\n\t<meta property=\"og:image:type\" content=\"image\/jpeg\" \/>\n<meta name=\"twitter:card\" content=\"summary_large_image\" \/>\n<meta name=\"twitter:label1\" content=\"Dur\u00e9e de lecture estim\u00e9e\" \/>\n\t<meta name=\"twitter:data1\" content=\"3 minutes\" \/>\n<script type=\"application\/ld+json\" class=\"yoast-schema-graph\">{\"@context\":\"https:\/\/schema.org\",\"@graph\":[{\"@type\":\"WebPage\",\"@id\":\"https:\/\/www.movacolor.com\/fr\/volumetrique\/\",\"url\":\"https:\/\/www.movacolor.com\/fr\/volumetrique\/\",\"name\":\"Syst\u00e8mes de dosage volum\u00e9trique pour le moulage par injection et l'extrusion\",\"isPartOf\":{\"@id\":\"https:\/\/www.movacolor.com\/fr\/#website\"},\"primaryImageOfPage\":{\"@id\":\"https:\/\/www.movacolor.com\/fr\/volumetrique\/#primaryimage\"},\"image\":{\"@id\":\"https:\/\/www.movacolor.com\/fr\/volumetrique\/#primaryimage\"},\"thumbnailUrl\":\"https:\/\/www.movacolor.com\/wp-content\/uploads\/2023\/03\/Assembly-1-scaled.jpg\",\"datePublished\":\"2023-01-03T10:33:35+00:00\",\"dateModified\":\"2024-02-08T20:13:18+00:00\",\"description\":\"D\u00e9couvre nos syst\u00e8mes modulaires de dosage volum\u00e9trique pour le moulage par injection et l'extrusion. Apprends-en plus sur eux pour ta production.\",\"breadcrumb\":{\"@id\":\"https:\/\/www.movacolor.com\/fr\/volumetrique\/#breadcrumb\"},\"inLanguage\":\"fr-FR\",\"potentialAction\":[{\"@type\":\"ReadAction\",\"target\":[\"https:\/\/www.movacolor.com\/fr\/volumetrique\/\"]}]},{\"@type\":\"ImageObject\",\"inLanguage\":\"fr-FR\",\"@id\":\"https:\/\/www.movacolor.com\/fr\/volumetrique\/#primaryimage\",\"url\":\"https:\/\/www.movacolor.com\/wp-content\/uploads\/2023\/03\/Assembly-1-scaled.jpg\",\"contentUrl\":\"https:\/\/www.movacolor.com\/wp-content\/uploads\/2023\/03\/Assembly-1-scaled.jpg\",\"width\":2560,\"height\":1707},{\"@type\":\"BreadcrumbList\",\"@id\":\"https:\/\/www.movacolor.com\/fr\/volumetrique\/#breadcrumb\",\"itemListElement\":[{\"@type\":\"ListItem\",\"position\":1,\"name\":\"Home\",\"item\":\"https:\/\/www.movacolor.com\/fr\/\"},{\"@type\":\"ListItem\",\"position\":2,\"name\":\"Volum\u00e9trique\"}]},{\"@type\":\"WebSite\",\"@id\":\"https:\/\/www.movacolor.com\/fr\/#website\",\"url\":\"https:\/\/www.movacolor.com\/fr\/\",\"name\":\"Movacolor\",\"description\":\"modular dosing solutions\",\"potentialAction\":[{\"@type\":\"SearchAction\",\"target\":{\"@type\":\"EntryPoint\",\"urlTemplate\":\"https:\/\/www.movacolor.com\/fr\/?s={search_term_string}\"},\"query-input\":{\"@type\":\"PropertyValueSpecification\",\"valueRequired\":true,\"valueName\":\"search_term_string\"}}],\"inLanguage\":\"fr-FR\"}]}<\/script>\n<!-- \/ Yoast SEO plugin. -->","yoast_head_json":{"title":"Syst\u00e8mes de dosage volum\u00e9trique pour le moulage par injection et l'extrusion","description":"D\u00e9couvre nos syst\u00e8mes modulaires de dosage volum\u00e9trique pour le moulage par injection et l'extrusion. Apprends-en plus sur eux pour ta production.","robots":{"index":"index","follow":"follow","max-snippet":"max-snippet:-1","max-image-preview":"max-image-preview:large","max-video-preview":"max-video-preview:-1"},"canonical":"https:\/\/www.movacolor.com\/fr\/volumetrique\/","og_locale":"fr_FR","og_type":"article","og_title":"Syst\u00e8mes de dosage volum\u00e9trique pour le moulage par injection et l'extrusion","og_description":"D\u00e9couvre nos syst\u00e8mes modulaires de dosage volum\u00e9trique pour le moulage par injection et l'extrusion. Apprends-en plus sur eux pour ta production.","og_url":"https:\/\/www.movacolor.com\/fr\/volumetrique\/","og_site_name":"Movacolor","article_modified_time":"2024-02-08T20:13:18+00:00","og_image":[{"width":2560,"height":1707,"url":"https:\/\/www.movacolor.com\/wp-content\/uploads\/2023\/03\/Assembly-1-scaled.jpg","type":"image\/jpeg"}],"twitter_card":"summary_large_image","twitter_misc":{"Dur\u00e9e de lecture estim\u00e9e":"3 minutes"},"schema":{"@context":"https:\/\/schema.org","@graph":[{"@type":"WebPage","@id":"https:\/\/www.movacolor.com\/fr\/volumetrique\/","url":"https:\/\/www.movacolor.com\/fr\/volumetrique\/","name":"Syst\u00e8mes de dosage volum\u00e9trique pour le moulage par injection et l'extrusion","isPartOf":{"@id":"https:\/\/www.movacolor.com\/fr\/#website"},"primaryImageOfPage":{"@id":"https:\/\/www.movacolor.com\/fr\/volumetrique\/#primaryimage"},"image":{"@id":"https:\/\/www.movacolor.com\/fr\/volumetrique\/#primaryimage"},"thumbnailUrl":"https:\/\/www.movacolor.com\/wp-content\/uploads\/2023\/03\/Assembly-1-scaled.jpg","datePublished":"2023-01-03T10:33:35+00:00","dateModified":"2024-02-08T20:13:18+00:00","description":"D\u00e9couvre nos syst\u00e8mes modulaires de dosage volum\u00e9trique pour le moulage par injection et l'extrusion. Apprends-en plus sur eux pour ta production.","breadcrumb":{"@id":"https:\/\/www.movacolor.com\/fr\/volumetrique\/#breadcrumb"},"inLanguage":"fr-FR","potentialAction":[{"@type":"ReadAction","target":["https:\/\/www.movacolor.com\/fr\/volumetrique\/"]}]},{"@type":"ImageObject","inLanguage":"fr-FR","@id":"https:\/\/www.movacolor.com\/fr\/volumetrique\/#primaryimage","url":"https:\/\/www.movacolor.com\/wp-content\/uploads\/2023\/03\/Assembly-1-scaled.jpg","contentUrl":"https:\/\/www.movacolor.com\/wp-content\/uploads\/2023\/03\/Assembly-1-scaled.jpg","width":2560,"height":1707},{"@type":"BreadcrumbList","@id":"https:\/\/www.movacolor.com\/fr\/volumetrique\/#breadcrumb","itemListElement":[{"@type":"ListItem","position":1,"name":"Home","item":"https:\/\/www.movacolor.com\/fr\/"},{"@type":"ListItem","position":2,"name":"Volum\u00e9trique"}]},{"@type":"WebSite","@id":"https:\/\/www.movacolor.com\/fr\/#website","url":"https:\/\/www.movacolor.com\/fr\/","name":"Movacolor","description":"modular dosing solutions","potentialAction":[{"@type":"SearchAction","target":{"@type":"EntryPoint","urlTemplate":"https:\/\/www.movacolor.com\/fr\/?s={search_term_string}"},"query-input":{"@type":"PropertyValueSpecification","valueRequired":true,"valueName":"search_term_string"}}],"inLanguage":"fr-FR"}]}},"_links":{"self":[{"href":"https:\/\/www.movacolor.com\/fr\/wp-json\/wp\/v2\/pages\/7462","targetHints":{"allow":["GET"]}}],"collection":[{"href":"https:\/\/www.movacolor.com\/fr\/wp-json\/wp\/v2\/pages"}],"about":[{"href":"https:\/\/www.movacolor.com\/fr\/wp-json\/wp\/v2\/types\/page"}],"author":[{"embeddable":true,"href":"https:\/\/www.movacolor.com\/fr\/wp-json\/wp\/v2\/users\/2"}],"replies":[{"embeddable":true,"href":"https:\/\/www.movacolor.com\/fr\/wp-json\/wp\/v2\/comments?post=7462"}],"version-history":[{"count":4,"href":"https:\/\/www.movacolor.com\/fr\/wp-json\/wp\/v2\/pages\/7462\/revisions"}],"predecessor-version":[{"id":13161,"href":"https:\/\/www.movacolor.com\/fr\/wp-json\/wp\/v2\/pages\/7462\/revisions\/13161"}],"up":[{"embeddable":true,"href":"https:\/\/www.movacolor.com\/fr\/wp-json\/wp\/v2\/pages\/19573"}],"wp:featuredmedia":[{"embeddable":true,"href":"https:\/\/www.movacolor.com\/fr\/wp-json\/wp\/v2\/media\/2998"}],"wp:attachment":[{"href":"https:\/\/www.movacolor.com\/fr\/wp-json\/wp\/v2\/media?parent=7462"}],"curies":[{"name":"wp","href":"https:\/\/api.w.org\/{rel}","templated":true}]}}