{"id":7461,"date":"2023-01-03T12:34:06","date_gmt":"2023-01-03T10:34:06","guid":{"rendered":"https:\/\/www.movacolor.com\/optometrie\/"},"modified":"2024-02-09T17:52:08","modified_gmt":"2024-02-09T15:52:08","slug":"optometrie","status":"publish","type":"page","link":"https:\/\/www.movacolor.com\/fr\/optometrie\/","title":{"rendered":"Optom\u00e9trie"},"content":{"rendered":"<p>Le dosage optom\u00e9trique, pr\u00e9sent\u00e9 pour la premi\u00e8re fois par Movacolor en 2016, est une m\u00e9thode ultramoderne permettant de mesurer et de distribuer avec pr\u00e9cision des mati\u00e8res plastiques \u00e0 l\u2019aide de la technologie laser. Cette technique est couramment utilis\u00e9e pour les applications de fabrication de plastique n\u00e9cessitant une haute pr\u00e9cision, notamment dans le <a href=\"https:\/\/www.movacolor.com\/industry\/medical\/\">secteur de la sant\u00e9<\/a> et <a href=\"https:\/\/www.movacolor.com\/industry\/automotive\/\">l\u2019industrie automobile<\/a>. Les syst\u00e8mes de dosage optom\u00e9trique se servent d\u2019un disque de dosage et d\u2019un capteur optique pour compter les granul\u00e9s de plastique individuellement, ce qui garantit un taux de pr\u00e9cision remarquable de 100\u00a0%, et permet un contr\u00f4le total du processus de dosage.<\/p>\n<h2><strong>Comment fonctionne le dosage optom\u00e9trique\u00a0? <\/strong><\/h2>\n<p>La technologie de dosage optom\u00e9trique est unique dans le monde du dosage. Mais quel est son principe de fonctionnement\u00a0? Une cartouche d\u2019air cr\u00e9e une d\u00e9pression derri\u00e8re un disque perc\u00e9 de petits trous. Le disque tourne et capte les granul\u00e9s de m\u00e9lange-ma\u00eetre. Un capteur optom\u00e9trique d\u00e9tecte les granul\u00e9s du m\u00e9lange-ma\u00eetre lorsque le signal du capteur est bloqu\u00e9. Gr\u00e2ce \u00e0 cette technique, notre logiciel peut compter les morceaux de m\u00e9lange-ma\u00eetre granul\u00e9 par granul\u00e9. Si la petite cartouche d\u2019air manque un granul\u00e9 du m\u00e9lange-ma\u00eetre ou plus, le capteur du syst\u00e8me de dosage optom\u00e9trique s\u2019en aper\u00e7oit et le disque de dosage compense les granul\u00e9s manquants en tournant un peu plus vite.<\/p>\n<h2><strong>Syst\u00e8mes de dosage optom\u00e9trique pour petits produits finis de haute pr\u00e9cision<\/strong><\/h2>\n<p>&nbsp;<\/p>\n<p>La technologie de dosage optom\u00e9trique a \u00e9t\u00e9 d\u00e9velopp\u00e9e pour les fabricants qui produisent des produits finis de haute pr\u00e9cision sur des micro-presses \u00e0 injecter et\/ou des micro-extrudeuses. L\u2019efficacit\u00e9 de cette technologie est garantie, m\u00eame pour les poids injectables de moins d\u20191 gramme. \u00c9tant donn\u00e9 que les capacit\u00e9s de m\u00e9lange de ces presses \u00e0 mouler par injection et extrudeuses sont limit\u00e9es, et que les produits finis exigent des tol\u00e9rances tr\u00e8s pr\u00e9cises, les mat\u00e9riaux utilis\u00e9s pour ces applications sont g\u00e9n\u00e9ralement pr\u00e9-compos\u00e9s. Cependant, la production de ces mat\u00e9riaux pr\u00e9-compos\u00e9s sp\u00e9ciaux est assez co\u00fbteuse en raison des faibles quantit\u00e9s produites. Pour r\u00e9soudre ce probl\u00e8me, nos ing\u00e9nieurs ont d\u00e9velopp\u00e9 la technologie de dosage optom\u00e9trique. Ces syst\u00e8mes de dosage extr\u00eamement pr\u00e9cis ont l\u2019avantage de r\u00e9duire significativement les co\u00fbts en rendant possible l\u2019utilisation de mati\u00e8re premi\u00e8re vierge standard combin\u00e9e au dosage de m\u00e9lange-ma\u00eetre ou d\u2019additifs.<\/p>\n<p>Notre approche modulaire du dosage vous permettant de personnaliser votre configuration et\/ou d\u2019assembler plusieurs unit\u00e9s, vous \u00eates certain(e) de pouvoir mettre en place un syst\u00e8me de dosage qui r\u00e9pondra parfaitement \u00e0 vos besoins de production. Si vous ne savez pas vraiment quelle solution serait optimale pour votre processus de fabrication, veuillez nous indiquer vos coordonn\u00e9es dans le formulaire ci-dessous. Notre \u00e9quipe d\u2019experts en dosage est pr\u00eate \u00e0 vous conseiller gratuitement!<\/p>\n","protected":false},"excerpt":{"rendered":"<p>Le dosage optom\u00e9trique, pr\u00e9sent\u00e9 pour la premi\u00e8re fois par Movacolor en 2016, est une m\u00e9thode ultramoderne permettant de mesurer et de distribuer avec pr\u00e9cision des mati\u00e8res plastiques \u00e0 l\u2019aide de la technologie laser. Cette technique est couramment utilis\u00e9e pour les applications de fabrication de plastique n\u00e9cessitant une haute pr\u00e9cision, notamment dans le secteur de la&#8230;<\/p>\n","protected":false},"author":2,"featured_media":3012,"parent":19573,"menu_order":0,"comment_status":"closed","ping_status":"closed","template":"","meta":{"_acf_changed":false,"footnotes":""},"class_list":["post-7461","page","type-page","status-publish","has-post-thumbnail","hentry","us_portfolio_tag-optometrie"],"acf":[],"yoast_head":"<!-- This site is optimized with the Yoast SEO plugin v26.4 - https:\/\/yoast.com\/wordpress\/plugins\/seo\/ -->\n<title>Dosage optom\u00e9trique pour le moulage par micro-injection et l&#039;extrusion de haute pr\u00e9cision<\/title>\n<meta name=\"description\" content=\"Optom\u00e9trie Movacolor : Pr\u00e9cision maximale pour les presses \u00e0 injection et les extrudeuses. Configuration flexible et personnalisable.\" \/>\n<meta name=\"robots\" content=\"index, follow, max-snippet:-1, max-image-preview:large, max-video-preview:-1\" \/>\n<link rel=\"canonical\" href=\"https:\/\/www.movacolor.com\/fr\/optometrie\/\" \/>\n<meta property=\"og:locale\" content=\"fr_FR\" \/>\n<meta property=\"og:type\" content=\"article\" \/>\n<meta property=\"og:title\" content=\"Dosage optom\u00e9trique pour le moulage par micro-injection et l&#039;extrusion de haute pr\u00e9cision\" \/>\n<meta property=\"og:description\" content=\"Optom\u00e9trie Movacolor : Pr\u00e9cision maximale pour les presses \u00e0 injection et les extrudeuses. Configuration flexible et personnalisable.\" \/>\n<meta property=\"og:url\" content=\"https:\/\/www.movacolor.com\/fr\/optometrie\/\" \/>\n<meta property=\"og:site_name\" content=\"Movacolor\" \/>\n<meta property=\"article:modified_time\" content=\"2024-02-09T15:52:08+00:00\" \/>\n<meta property=\"og:image\" content=\"https:\/\/www.movacolor.com\/wp-content\/uploads\/2023\/03\/Assembly-3-scaled.jpg\" \/>\n\t<meta property=\"og:image:width\" content=\"2560\" \/>\n\t<meta property=\"og:image:height\" content=\"1707\" \/>\n\t<meta property=\"og:image:type\" content=\"image\/jpeg\" \/>\n<meta name=\"twitter:card\" content=\"summary_large_image\" \/>\n<meta name=\"twitter:label1\" content=\"Dur\u00e9e de lecture estim\u00e9e\" \/>\n\t<meta name=\"twitter:data1\" content=\"3 minutes\" \/>\n<script type=\"application\/ld+json\" class=\"yoast-schema-graph\">{\"@context\":\"https:\/\/schema.org\",\"@graph\":[{\"@type\":\"WebPage\",\"@id\":\"https:\/\/www.movacolor.com\/fr\/optometrie\/\",\"url\":\"https:\/\/www.movacolor.com\/fr\/optometrie\/\",\"name\":\"Dosage optom\u00e9trique pour le moulage par micro-injection et l'extrusion de haute pr\u00e9cision\",\"isPartOf\":{\"@id\":\"https:\/\/www.movacolor.com\/fr\/#website\"},\"primaryImageOfPage\":{\"@id\":\"https:\/\/www.movacolor.com\/fr\/optometrie\/#primaryimage\"},\"image\":{\"@id\":\"https:\/\/www.movacolor.com\/fr\/optometrie\/#primaryimage\"},\"thumbnailUrl\":\"https:\/\/www.movacolor.com\/wp-content\/uploads\/2023\/03\/Assembly-3-scaled.jpg\",\"datePublished\":\"2023-01-03T10:34:06+00:00\",\"dateModified\":\"2024-02-09T15:52:08+00:00\",\"description\":\"Optom\u00e9trie Movacolor : Pr\u00e9cision maximale pour les presses \u00e0 injection et les extrudeuses. Configuration flexible et personnalisable.\",\"breadcrumb\":{\"@id\":\"https:\/\/www.movacolor.com\/fr\/optometrie\/#breadcrumb\"},\"inLanguage\":\"fr-FR\",\"potentialAction\":[{\"@type\":\"ReadAction\",\"target\":[\"https:\/\/www.movacolor.com\/fr\/optometrie\/\"]}]},{\"@type\":\"ImageObject\",\"inLanguage\":\"fr-FR\",\"@id\":\"https:\/\/www.movacolor.com\/fr\/optometrie\/#primaryimage\",\"url\":\"https:\/\/www.movacolor.com\/wp-content\/uploads\/2023\/03\/Assembly-3-scaled.jpg\",\"contentUrl\":\"https:\/\/www.movacolor.com\/wp-content\/uploads\/2023\/03\/Assembly-3-scaled.jpg\",\"width\":2560,\"height\":1707},{\"@type\":\"BreadcrumbList\",\"@id\":\"https:\/\/www.movacolor.com\/fr\/optometrie\/#breadcrumb\",\"itemListElement\":[{\"@type\":\"ListItem\",\"position\":1,\"name\":\"Home\",\"item\":\"https:\/\/www.movacolor.com\/fr\/\"},{\"@type\":\"ListItem\",\"position\":2,\"name\":\"Optom\u00e9trie\"}]},{\"@type\":\"WebSite\",\"@id\":\"https:\/\/www.movacolor.com\/fr\/#website\",\"url\":\"https:\/\/www.movacolor.com\/fr\/\",\"name\":\"Movacolor\",\"description\":\"modular dosing solutions\",\"potentialAction\":[{\"@type\":\"SearchAction\",\"target\":{\"@type\":\"EntryPoint\",\"urlTemplate\":\"https:\/\/www.movacolor.com\/fr\/?s={search_term_string}\"},\"query-input\":{\"@type\":\"PropertyValueSpecification\",\"valueRequired\":true,\"valueName\":\"search_term_string\"}}],\"inLanguage\":\"fr-FR\"}]}<\/script>\n<!-- \/ Yoast SEO plugin. -->","yoast_head_json":{"title":"Dosage optom\u00e9trique pour le moulage par micro-injection et l'extrusion de haute pr\u00e9cision","description":"Optom\u00e9trie Movacolor : Pr\u00e9cision maximale pour les presses \u00e0 injection et les extrudeuses. Configuration flexible et personnalisable.","robots":{"index":"index","follow":"follow","max-snippet":"max-snippet:-1","max-image-preview":"max-image-preview:large","max-video-preview":"max-video-preview:-1"},"canonical":"https:\/\/www.movacolor.com\/fr\/optometrie\/","og_locale":"fr_FR","og_type":"article","og_title":"Dosage optom\u00e9trique pour le moulage par micro-injection et l'extrusion de haute pr\u00e9cision","og_description":"Optom\u00e9trie Movacolor : Pr\u00e9cision maximale pour les presses \u00e0 injection et les extrudeuses. Configuration flexible et personnalisable.","og_url":"https:\/\/www.movacolor.com\/fr\/optometrie\/","og_site_name":"Movacolor","article_modified_time":"2024-02-09T15:52:08+00:00","og_image":[{"width":2560,"height":1707,"url":"https:\/\/www.movacolor.com\/wp-content\/uploads\/2023\/03\/Assembly-3-scaled.jpg","type":"image\/jpeg"}],"twitter_card":"summary_large_image","twitter_misc":{"Dur\u00e9e de lecture estim\u00e9e":"3 minutes"},"schema":{"@context":"https:\/\/schema.org","@graph":[{"@type":"WebPage","@id":"https:\/\/www.movacolor.com\/fr\/optometrie\/","url":"https:\/\/www.movacolor.com\/fr\/optometrie\/","name":"Dosage optom\u00e9trique pour le moulage par micro-injection et l'extrusion de haute pr\u00e9cision","isPartOf":{"@id":"https:\/\/www.movacolor.com\/fr\/#website"},"primaryImageOfPage":{"@id":"https:\/\/www.movacolor.com\/fr\/optometrie\/#primaryimage"},"image":{"@id":"https:\/\/www.movacolor.com\/fr\/optometrie\/#primaryimage"},"thumbnailUrl":"https:\/\/www.movacolor.com\/wp-content\/uploads\/2023\/03\/Assembly-3-scaled.jpg","datePublished":"2023-01-03T10:34:06+00:00","dateModified":"2024-02-09T15:52:08+00:00","description":"Optom\u00e9trie Movacolor : Pr\u00e9cision maximale pour les presses \u00e0 injection et les extrudeuses. Configuration flexible et personnalisable.","breadcrumb":{"@id":"https:\/\/www.movacolor.com\/fr\/optometrie\/#breadcrumb"},"inLanguage":"fr-FR","potentialAction":[{"@type":"ReadAction","target":["https:\/\/www.movacolor.com\/fr\/optometrie\/"]}]},{"@type":"ImageObject","inLanguage":"fr-FR","@id":"https:\/\/www.movacolor.com\/fr\/optometrie\/#primaryimage","url":"https:\/\/www.movacolor.com\/wp-content\/uploads\/2023\/03\/Assembly-3-scaled.jpg","contentUrl":"https:\/\/www.movacolor.com\/wp-content\/uploads\/2023\/03\/Assembly-3-scaled.jpg","width":2560,"height":1707},{"@type":"BreadcrumbList","@id":"https:\/\/www.movacolor.com\/fr\/optometrie\/#breadcrumb","itemListElement":[{"@type":"ListItem","position":1,"name":"Home","item":"https:\/\/www.movacolor.com\/fr\/"},{"@type":"ListItem","position":2,"name":"Optom\u00e9trie"}]},{"@type":"WebSite","@id":"https:\/\/www.movacolor.com\/fr\/#website","url":"https:\/\/www.movacolor.com\/fr\/","name":"Movacolor","description":"modular dosing solutions","potentialAction":[{"@type":"SearchAction","target":{"@type":"EntryPoint","urlTemplate":"https:\/\/www.movacolor.com\/fr\/?s={search_term_string}"},"query-input":{"@type":"PropertyValueSpecification","valueRequired":true,"valueName":"search_term_string"}}],"inLanguage":"fr-FR"}]}},"_links":{"self":[{"href":"https:\/\/www.movacolor.com\/fr\/wp-json\/wp\/v2\/pages\/7461","targetHints":{"allow":["GET"]}}],"collection":[{"href":"https:\/\/www.movacolor.com\/fr\/wp-json\/wp\/v2\/pages"}],"about":[{"href":"https:\/\/www.movacolor.com\/fr\/wp-json\/wp\/v2\/types\/page"}],"author":[{"embeddable":true,"href":"https:\/\/www.movacolor.com\/fr\/wp-json\/wp\/v2\/users\/2"}],"replies":[{"embeddable":true,"href":"https:\/\/www.movacolor.com\/fr\/wp-json\/wp\/v2\/comments?post=7461"}],"version-history":[{"count":2,"href":"https:\/\/www.movacolor.com\/fr\/wp-json\/wp\/v2\/pages\/7461\/revisions"}],"predecessor-version":[{"id":11031,"href":"https:\/\/www.movacolor.com\/fr\/wp-json\/wp\/v2\/pages\/7461\/revisions\/11031"}],"up":[{"embeddable":true,"href":"https:\/\/www.movacolor.com\/fr\/wp-json\/wp\/v2\/pages\/19573"}],"wp:featuredmedia":[{"embeddable":true,"href":"https:\/\/www.movacolor.com\/fr\/wp-json\/wp\/v2\/media\/3012"}],"wp:attachment":[{"href":"https:\/\/www.movacolor.com\/fr\/wp-json\/wp\/v2\/media?parent=7461"}],"curies":[{"name":"wp","href":"https:\/\/api.w.org\/{rel}","templated":true}]}}