{"id":7455,"date":"2023-01-13T15:32:21","date_gmt":"2023-01-13T13:32:21","guid":{"rendered":"https:\/\/www.movacolor.com\/secteur\/fils-et-cables\/"},"modified":"2024-02-09T18:44:54","modified_gmt":"2024-02-09T16:44:54","slug":"fils-et-cables","status":"publish","type":"page","link":"https:\/\/www.movacolor.com\/fr\/secteur\/fils-et-cables\/","title":{"rendered":"Fils et c\u00e2bles"},"content":{"rendered":"<p>Pour le dosage des mati\u00e8res premi\u00e8res telles que la poudre ou les granul\u00e9s dans le processus de production par extrusion des fils et des c\u00e2bles, la technologie de dosage fait la diff\u00e9rence en termes de qualit\u00e9, d&#8217;uniformit\u00e9 et d&#8217;\u00e9conomies. Le dosage constant de la poudre ou des granul\u00e9s est \u00e9galement important pour l&#8217;\u00e9paisseur de la paroi de la couche d&#8217;isolation et joue un r\u00f4le important dans la pr\u00e9vention des probl\u00e8mes. Movacolor propose une gamme compl\u00e8te de syst\u00e8mes de dosage volum\u00e9trique et gravim\u00e9trique qui assurent un contr\u00f4le optimal.<\/p>\n","protected":false},"excerpt":{"rendered":"<p>Pour le dosage des mati\u00e8res premi\u00e8res telles que la poudre ou les granul\u00e9s dans le processus de production par extrusion des fils et des c\u00e2bles, la technologie de dosage fait la diff\u00e9rence en termes de qualit\u00e9, d&#8217;uniformit\u00e9 et d&#8217;\u00e9conomies. Le dosage constant de la poudre ou des granul\u00e9s est \u00e9galement important pour l&#8217;\u00e9paisseur de la&#8230;<\/p>\n","protected":false},"author":2,"featured_media":3265,"parent":7441,"menu_order":0,"comment_status":"closed","ping_status":"closed","template":"","meta":{"_acf_changed":false,"footnotes":""},"class_list":["post-7455","page","type-page","status-publish","has-post-thumbnail","hentry","us_portfolio_tag-cable-fr","us_portfolio_tag-wire-fr"],"acf":[],"yoast_head":"<!-- This site is optimized with the Yoast SEO plugin v26.4 - https:\/\/yoast.com\/wordpress\/plugins\/seo\/ -->\n<title>Fils et c\u00e2bles - Movacolor<\/title>\n<meta name=\"description\" content=\"Dosage pr\u00e9cis pour l&#039;extrusion des fils et c\u00e2bles. \u00c9conomies, uniformit\u00e9 et qualit\u00e9 garanties avec les syst\u00e8mes de dosage Movacolor.\" \/>\n<meta name=\"robots\" content=\"index, follow, max-snippet:-1, max-image-preview:large, max-video-preview:-1\" \/>\n<link rel=\"canonical\" href=\"https:\/\/www.movacolor.com\/fr\/secteur\/fils-et-cables\/\" \/>\n<meta property=\"og:locale\" content=\"fr_FR\" \/>\n<meta property=\"og:type\" content=\"article\" \/>\n<meta property=\"og:title\" content=\"Fils et c\u00e2bles - Movacolor\" \/>\n<meta property=\"og:description\" content=\"Dosage pr\u00e9cis pour l&#039;extrusion des fils et c\u00e2bles. \u00c9conomies, uniformit\u00e9 et qualit\u00e9 garanties avec les syst\u00e8mes de dosage Movacolor.\" \/>\n<meta property=\"og:url\" content=\"https:\/\/www.movacolor.com\/fr\/secteur\/fils-et-cables\/\" \/>\n<meta property=\"og:site_name\" content=\"Movacolor\" \/>\n<meta property=\"article:modified_time\" content=\"2024-02-09T16:44:54+00:00\" \/>\n<meta property=\"og:image\" content=\"https:\/\/www.movacolor.com\/wp-content\/uploads\/2023\/03\/8-cables.jpg\" \/>\n\t<meta property=\"og:image:width\" content=\"567\" \/>\n\t<meta property=\"og:image:height\" content=\"847\" \/>\n\t<meta property=\"og:image:type\" content=\"image\/jpeg\" \/>\n<meta name=\"twitter:card\" content=\"summary_large_image\" \/>\n<meta name=\"twitter:label1\" content=\"Dur\u00e9e de lecture estim\u00e9e\" \/>\n\t<meta name=\"twitter:data1\" content=\"1 minute\" \/>\n<script type=\"application\/ld+json\" class=\"yoast-schema-graph\">{\"@context\":\"https:\/\/schema.org\",\"@graph\":[{\"@type\":\"WebPage\",\"@id\":\"https:\/\/www.movacolor.com\/fr\/secteur\/fils-et-cables\/\",\"url\":\"https:\/\/www.movacolor.com\/fr\/secteur\/fils-et-cables\/\",\"name\":\"Fils et c\u00e2bles - Movacolor\",\"isPartOf\":{\"@id\":\"https:\/\/www.movacolor.com\/fr\/#website\"},\"primaryImageOfPage\":{\"@id\":\"https:\/\/www.movacolor.com\/fr\/secteur\/fils-et-cables\/#primaryimage\"},\"image\":{\"@id\":\"https:\/\/www.movacolor.com\/fr\/secteur\/fils-et-cables\/#primaryimage\"},\"thumbnailUrl\":\"https:\/\/www.movacolor.com\/wp-content\/uploads\/2023\/03\/8-cables.jpg\",\"datePublished\":\"2023-01-13T13:32:21+00:00\",\"dateModified\":\"2024-02-09T16:44:54+00:00\",\"description\":\"Dosage pr\u00e9cis pour l'extrusion des fils et c\u00e2bles. \u00c9conomies, uniformit\u00e9 et qualit\u00e9 garanties avec les syst\u00e8mes de dosage Movacolor.\",\"breadcrumb\":{\"@id\":\"https:\/\/www.movacolor.com\/fr\/secteur\/fils-et-cables\/#breadcrumb\"},\"inLanguage\":\"fr-FR\",\"potentialAction\":[{\"@type\":\"ReadAction\",\"target\":[\"https:\/\/www.movacolor.com\/fr\/secteur\/fils-et-cables\/\"]}]},{\"@type\":\"ImageObject\",\"inLanguage\":\"fr-FR\",\"@id\":\"https:\/\/www.movacolor.com\/fr\/secteur\/fils-et-cables\/#primaryimage\",\"url\":\"https:\/\/www.movacolor.com\/wp-content\/uploads\/2023\/03\/8-cables.jpg\",\"contentUrl\":\"https:\/\/www.movacolor.com\/wp-content\/uploads\/2023\/03\/8-cables.jpg\",\"width\":567,\"height\":847,\"caption\":\"8 cables\"},{\"@type\":\"BreadcrumbList\",\"@id\":\"https:\/\/www.movacolor.com\/fr\/secteur\/fils-et-cables\/#breadcrumb\",\"itemListElement\":[{\"@type\":\"ListItem\",\"position\":1,\"name\":\"Home\",\"item\":\"https:\/\/www.movacolor.com\/fr\/\"},{\"@type\":\"ListItem\",\"position\":2,\"name\":\"Secteur\",\"item\":\"https:\/\/www.movacolor.com\/fr\/secteur\/\"},{\"@type\":\"ListItem\",\"position\":3,\"name\":\"Fils et c\u00e2bles\"}]},{\"@type\":\"WebSite\",\"@id\":\"https:\/\/www.movacolor.com\/fr\/#website\",\"url\":\"https:\/\/www.movacolor.com\/fr\/\",\"name\":\"Movacolor\",\"description\":\"modular dosing solutions\",\"potentialAction\":[{\"@type\":\"SearchAction\",\"target\":{\"@type\":\"EntryPoint\",\"urlTemplate\":\"https:\/\/www.movacolor.com\/fr\/?s={search_term_string}\"},\"query-input\":{\"@type\":\"PropertyValueSpecification\",\"valueRequired\":true,\"valueName\":\"search_term_string\"}}],\"inLanguage\":\"fr-FR\"}]}<\/script>\n<!-- \/ Yoast SEO plugin. -->","yoast_head_json":{"title":"Fils et c\u00e2bles - Movacolor","description":"Dosage pr\u00e9cis pour l'extrusion des fils et c\u00e2bles. \u00c9conomies, uniformit\u00e9 et qualit\u00e9 garanties avec les syst\u00e8mes de dosage Movacolor.","robots":{"index":"index","follow":"follow","max-snippet":"max-snippet:-1","max-image-preview":"max-image-preview:large","max-video-preview":"max-video-preview:-1"},"canonical":"https:\/\/www.movacolor.com\/fr\/secteur\/fils-et-cables\/","og_locale":"fr_FR","og_type":"article","og_title":"Fils et c\u00e2bles - Movacolor","og_description":"Dosage pr\u00e9cis pour l'extrusion des fils et c\u00e2bles. \u00c9conomies, uniformit\u00e9 et qualit\u00e9 garanties avec les syst\u00e8mes de dosage Movacolor.","og_url":"https:\/\/www.movacolor.com\/fr\/secteur\/fils-et-cables\/","og_site_name":"Movacolor","article_modified_time":"2024-02-09T16:44:54+00:00","og_image":[{"width":567,"height":847,"url":"https:\/\/www.movacolor.com\/wp-content\/uploads\/2023\/03\/8-cables.jpg","type":"image\/jpeg"}],"twitter_card":"summary_large_image","twitter_misc":{"Dur\u00e9e de lecture estim\u00e9e":"1 minute"},"schema":{"@context":"https:\/\/schema.org","@graph":[{"@type":"WebPage","@id":"https:\/\/www.movacolor.com\/fr\/secteur\/fils-et-cables\/","url":"https:\/\/www.movacolor.com\/fr\/secteur\/fils-et-cables\/","name":"Fils et c\u00e2bles - Movacolor","isPartOf":{"@id":"https:\/\/www.movacolor.com\/fr\/#website"},"primaryImageOfPage":{"@id":"https:\/\/www.movacolor.com\/fr\/secteur\/fils-et-cables\/#primaryimage"},"image":{"@id":"https:\/\/www.movacolor.com\/fr\/secteur\/fils-et-cables\/#primaryimage"},"thumbnailUrl":"https:\/\/www.movacolor.com\/wp-content\/uploads\/2023\/03\/8-cables.jpg","datePublished":"2023-01-13T13:32:21+00:00","dateModified":"2024-02-09T16:44:54+00:00","description":"Dosage pr\u00e9cis pour l'extrusion des fils et c\u00e2bles. \u00c9conomies, uniformit\u00e9 et qualit\u00e9 garanties avec les syst\u00e8mes de dosage Movacolor.","breadcrumb":{"@id":"https:\/\/www.movacolor.com\/fr\/secteur\/fils-et-cables\/#breadcrumb"},"inLanguage":"fr-FR","potentialAction":[{"@type":"ReadAction","target":["https:\/\/www.movacolor.com\/fr\/secteur\/fils-et-cables\/"]}]},{"@type":"ImageObject","inLanguage":"fr-FR","@id":"https:\/\/www.movacolor.com\/fr\/secteur\/fils-et-cables\/#primaryimage","url":"https:\/\/www.movacolor.com\/wp-content\/uploads\/2023\/03\/8-cables.jpg","contentUrl":"https:\/\/www.movacolor.com\/wp-content\/uploads\/2023\/03\/8-cables.jpg","width":567,"height":847,"caption":"8 cables"},{"@type":"BreadcrumbList","@id":"https:\/\/www.movacolor.com\/fr\/secteur\/fils-et-cables\/#breadcrumb","itemListElement":[{"@type":"ListItem","position":1,"name":"Home","item":"https:\/\/www.movacolor.com\/fr\/"},{"@type":"ListItem","position":2,"name":"Secteur","item":"https:\/\/www.movacolor.com\/fr\/secteur\/"},{"@type":"ListItem","position":3,"name":"Fils et c\u00e2bles"}]},{"@type":"WebSite","@id":"https:\/\/www.movacolor.com\/fr\/#website","url":"https:\/\/www.movacolor.com\/fr\/","name":"Movacolor","description":"modular dosing solutions","potentialAction":[{"@type":"SearchAction","target":{"@type":"EntryPoint","urlTemplate":"https:\/\/www.movacolor.com\/fr\/?s={search_term_string}"},"query-input":{"@type":"PropertyValueSpecification","valueRequired":true,"valueName":"search_term_string"}}],"inLanguage":"fr-FR"}]}},"_links":{"self":[{"href":"https:\/\/www.movacolor.com\/fr\/wp-json\/wp\/v2\/pages\/7455","targetHints":{"allow":["GET"]}}],"collection":[{"href":"https:\/\/www.movacolor.com\/fr\/wp-json\/wp\/v2\/pages"}],"about":[{"href":"https:\/\/www.movacolor.com\/fr\/wp-json\/wp\/v2\/types\/page"}],"author":[{"embeddable":true,"href":"https:\/\/www.movacolor.com\/fr\/wp-json\/wp\/v2\/users\/2"}],"replies":[{"embeddable":true,"href":"https:\/\/www.movacolor.com\/fr\/wp-json\/wp\/v2\/comments?post=7455"}],"version-history":[{"count":1,"href":"https:\/\/www.movacolor.com\/fr\/wp-json\/wp\/v2\/pages\/7455\/revisions"}],"predecessor-version":[{"id":17101,"href":"https:\/\/www.movacolor.com\/fr\/wp-json\/wp\/v2\/pages\/7455\/revisions\/17101"}],"up":[{"embeddable":true,"href":"https:\/\/www.movacolor.com\/fr\/wp-json\/wp\/v2\/pages\/7441"}],"wp:featuredmedia":[{"embeddable":true,"href":"https:\/\/www.movacolor.com\/fr\/wp-json\/wp\/v2\/media\/3265"}],"wp:attachment":[{"href":"https:\/\/www.movacolor.com\/fr\/wp-json\/wp\/v2\/media?parent=7455"}],"curies":[{"name":"wp","href":"https:\/\/api.w.org\/{rel}","templated":true}]}}