{"id":7454,"date":"2023-01-13T15:32:34","date_gmt":"2023-01-13T13:32:34","guid":{"rendered":"https:\/\/www.movacolor.com\/secteur\/medical\/"},"modified":"2024-02-09T19:07:23","modified_gmt":"2024-02-09T17:07:23","slug":"medical","status":"publish","type":"page","link":"https:\/\/www.movacolor.com\/fr\/secteur\/medical\/","title":{"rendered":"M\u00e9dical"},"content":{"rendered":"<p>Les produits m\u00e9dicaux en plastique sont fabriqu\u00e9s \u00e0 la fois par moulage par injection et par extrusion. Les produits m\u00e9dicaux doivent r\u00e9pondre aux normes de qualit\u00e9 les plus \u00e9lev\u00e9es, car des vies peuvent en d\u00e9pendre. Le dosage des additifs est un \u00e9l\u00e9ment important du processus de production, car le personnel m\u00e9dical reconna\u00eet les pi\u00e8ces \u00e0 leur forme et \u00e0 leur couleur.<\/p>\n","protected":false},"excerpt":{"rendered":"<p>Les produits m\u00e9dicaux en plastique sont fabriqu\u00e9s \u00e0 la fois par moulage par injection et par extrusion. Les produits m\u00e9dicaux doivent r\u00e9pondre aux normes de qualit\u00e9 les plus \u00e9lev\u00e9es, car des vies peuvent en d\u00e9pendre. Le dosage des additifs est un \u00e9l\u00e9ment important du processus de production, car le personnel m\u00e9dical reconna\u00eet les pi\u00e8ces \u00e0&#8230;<\/p>\n","protected":false},"author":2,"featured_media":3280,"parent":7441,"menu_order":0,"comment_status":"closed","ping_status":"closed","template":"","meta":{"_acf_changed":false,"footnotes":""},"class_list":["post-7454","page","type-page","status-publish","has-post-thumbnail","hentry","us_portfolio_tag-medical-fr"],"acf":[],"yoast_head":"<!-- This site is optimized with the Yoast SEO plugin v26.4 - https:\/\/yoast.com\/wordpress\/plugins\/seo\/ -->\n<title>M\u00e9dical - Movacolor<\/title>\n<meta name=\"description\" content=\"Produits m\u00e9dicaux plastiques de haute qualit\u00e9 avec dosage pr\u00e9cis. Utilisez les syst\u00e8mes gravim\u00e9triques ou volum\u00e9triques Movacolor pour le contr\u00f4le optimal.\" \/>\n<meta name=\"robots\" content=\"index, follow, max-snippet:-1, max-image-preview:large, max-video-preview:-1\" \/>\n<link rel=\"canonical\" href=\"https:\/\/www.movacolor.com\/fr\/secteur\/medical\/\" \/>\n<meta property=\"og:locale\" content=\"fr_FR\" \/>\n<meta property=\"og:type\" content=\"article\" \/>\n<meta property=\"og:title\" content=\"M\u00e9dical - Movacolor\" \/>\n<meta property=\"og:description\" content=\"Produits m\u00e9dicaux plastiques de haute qualit\u00e9 avec dosage pr\u00e9cis. Utilisez les syst\u00e8mes gravim\u00e9triques ou volum\u00e9triques Movacolor pour le contr\u00f4le optimal.\" \/>\n<meta property=\"og:url\" content=\"https:\/\/www.movacolor.com\/fr\/secteur\/medical\/\" \/>\n<meta property=\"og:site_name\" content=\"Movacolor\" \/>\n<meta property=\"article:modified_time\" content=\"2024-02-09T17:07:23+00:00\" \/>\n<meta property=\"og:image\" content=\"https:\/\/www.movacolor.com\/wp-content\/uploads\/2023\/03\/4-Medical.jpg\" \/>\n\t<meta property=\"og:image:width\" content=\"816\" \/>\n\t<meta property=\"og:image:height\" content=\"588\" \/>\n\t<meta property=\"og:image:type\" content=\"image\/jpeg\" \/>\n<meta name=\"twitter:card\" content=\"summary_large_image\" \/>\n<meta name=\"twitter:label1\" content=\"Dur\u00e9e de lecture estim\u00e9e\" \/>\n\t<meta name=\"twitter:data1\" content=\"1 minute\" \/>\n<script type=\"application\/ld+json\" class=\"yoast-schema-graph\">{\"@context\":\"https:\/\/schema.org\",\"@graph\":[{\"@type\":\"WebPage\",\"@id\":\"https:\/\/www.movacolor.com\/fr\/secteur\/medical\/\",\"url\":\"https:\/\/www.movacolor.com\/fr\/secteur\/medical\/\",\"name\":\"M\u00e9dical - Movacolor\",\"isPartOf\":{\"@id\":\"https:\/\/www.movacolor.com\/fr\/#website\"},\"primaryImageOfPage\":{\"@id\":\"https:\/\/www.movacolor.com\/fr\/secteur\/medical\/#primaryimage\"},\"image\":{\"@id\":\"https:\/\/www.movacolor.com\/fr\/secteur\/medical\/#primaryimage\"},\"thumbnailUrl\":\"https:\/\/www.movacolor.com\/wp-content\/uploads\/2023\/03\/4-Medical.jpg\",\"datePublished\":\"2023-01-13T13:32:34+00:00\",\"dateModified\":\"2024-02-09T17:07:23+00:00\",\"description\":\"Produits m\u00e9dicaux plastiques de haute qualit\u00e9 avec dosage pr\u00e9cis. Utilisez les syst\u00e8mes gravim\u00e9triques ou volum\u00e9triques Movacolor pour le contr\u00f4le optimal.\",\"breadcrumb\":{\"@id\":\"https:\/\/www.movacolor.com\/fr\/secteur\/medical\/#breadcrumb\"},\"inLanguage\":\"fr-FR\",\"potentialAction\":[{\"@type\":\"ReadAction\",\"target\":[\"https:\/\/www.movacolor.com\/fr\/secteur\/medical\/\"]}]},{\"@type\":\"ImageObject\",\"inLanguage\":\"fr-FR\",\"@id\":\"https:\/\/www.movacolor.com\/fr\/secteur\/medical\/#primaryimage\",\"url\":\"https:\/\/www.movacolor.com\/wp-content\/uploads\/2023\/03\/4-Medical.jpg\",\"contentUrl\":\"https:\/\/www.movacolor.com\/wp-content\/uploads\/2023\/03\/4-Medical.jpg\",\"width\":816,\"height\":588,\"caption\":\"Medical\"},{\"@type\":\"BreadcrumbList\",\"@id\":\"https:\/\/www.movacolor.com\/fr\/secteur\/medical\/#breadcrumb\",\"itemListElement\":[{\"@type\":\"ListItem\",\"position\":1,\"name\":\"Home\",\"item\":\"https:\/\/www.movacolor.com\/fr\/\"},{\"@type\":\"ListItem\",\"position\":2,\"name\":\"Secteur\",\"item\":\"https:\/\/www.movacolor.com\/fr\/secteur\/\"},{\"@type\":\"ListItem\",\"position\":3,\"name\":\"M\u00e9dical\"}]},{\"@type\":\"WebSite\",\"@id\":\"https:\/\/www.movacolor.com\/fr\/#website\",\"url\":\"https:\/\/www.movacolor.com\/fr\/\",\"name\":\"Movacolor\",\"description\":\"modular dosing solutions\",\"potentialAction\":[{\"@type\":\"SearchAction\",\"target\":{\"@type\":\"EntryPoint\",\"urlTemplate\":\"https:\/\/www.movacolor.com\/fr\/?s={search_term_string}\"},\"query-input\":{\"@type\":\"PropertyValueSpecification\",\"valueRequired\":true,\"valueName\":\"search_term_string\"}}],\"inLanguage\":\"fr-FR\"}]}<\/script>\n<!-- \/ Yoast SEO plugin. -->","yoast_head_json":{"title":"M\u00e9dical - Movacolor","description":"Produits m\u00e9dicaux plastiques de haute qualit\u00e9 avec dosage pr\u00e9cis. Utilisez les syst\u00e8mes gravim\u00e9triques ou volum\u00e9triques Movacolor pour le contr\u00f4le optimal.","robots":{"index":"index","follow":"follow","max-snippet":"max-snippet:-1","max-image-preview":"max-image-preview:large","max-video-preview":"max-video-preview:-1"},"canonical":"https:\/\/www.movacolor.com\/fr\/secteur\/medical\/","og_locale":"fr_FR","og_type":"article","og_title":"M\u00e9dical - Movacolor","og_description":"Produits m\u00e9dicaux plastiques de haute qualit\u00e9 avec dosage pr\u00e9cis. Utilisez les syst\u00e8mes gravim\u00e9triques ou volum\u00e9triques Movacolor pour le contr\u00f4le optimal.","og_url":"https:\/\/www.movacolor.com\/fr\/secteur\/medical\/","og_site_name":"Movacolor","article_modified_time":"2024-02-09T17:07:23+00:00","og_image":[{"width":816,"height":588,"url":"https:\/\/www.movacolor.com\/wp-content\/uploads\/2023\/03\/4-Medical.jpg","type":"image\/jpeg"}],"twitter_card":"summary_large_image","twitter_misc":{"Dur\u00e9e de lecture estim\u00e9e":"1 minute"},"schema":{"@context":"https:\/\/schema.org","@graph":[{"@type":"WebPage","@id":"https:\/\/www.movacolor.com\/fr\/secteur\/medical\/","url":"https:\/\/www.movacolor.com\/fr\/secteur\/medical\/","name":"M\u00e9dical - Movacolor","isPartOf":{"@id":"https:\/\/www.movacolor.com\/fr\/#website"},"primaryImageOfPage":{"@id":"https:\/\/www.movacolor.com\/fr\/secteur\/medical\/#primaryimage"},"image":{"@id":"https:\/\/www.movacolor.com\/fr\/secteur\/medical\/#primaryimage"},"thumbnailUrl":"https:\/\/www.movacolor.com\/wp-content\/uploads\/2023\/03\/4-Medical.jpg","datePublished":"2023-01-13T13:32:34+00:00","dateModified":"2024-02-09T17:07:23+00:00","description":"Produits m\u00e9dicaux plastiques de haute qualit\u00e9 avec dosage pr\u00e9cis. Utilisez les syst\u00e8mes gravim\u00e9triques ou volum\u00e9triques Movacolor pour le contr\u00f4le optimal.","breadcrumb":{"@id":"https:\/\/www.movacolor.com\/fr\/secteur\/medical\/#breadcrumb"},"inLanguage":"fr-FR","potentialAction":[{"@type":"ReadAction","target":["https:\/\/www.movacolor.com\/fr\/secteur\/medical\/"]}]},{"@type":"ImageObject","inLanguage":"fr-FR","@id":"https:\/\/www.movacolor.com\/fr\/secteur\/medical\/#primaryimage","url":"https:\/\/www.movacolor.com\/wp-content\/uploads\/2023\/03\/4-Medical.jpg","contentUrl":"https:\/\/www.movacolor.com\/wp-content\/uploads\/2023\/03\/4-Medical.jpg","width":816,"height":588,"caption":"Medical"},{"@type":"BreadcrumbList","@id":"https:\/\/www.movacolor.com\/fr\/secteur\/medical\/#breadcrumb","itemListElement":[{"@type":"ListItem","position":1,"name":"Home","item":"https:\/\/www.movacolor.com\/fr\/"},{"@type":"ListItem","position":2,"name":"Secteur","item":"https:\/\/www.movacolor.com\/fr\/secteur\/"},{"@type":"ListItem","position":3,"name":"M\u00e9dical"}]},{"@type":"WebSite","@id":"https:\/\/www.movacolor.com\/fr\/#website","url":"https:\/\/www.movacolor.com\/fr\/","name":"Movacolor","description":"modular dosing solutions","potentialAction":[{"@type":"SearchAction","target":{"@type":"EntryPoint","urlTemplate":"https:\/\/www.movacolor.com\/fr\/?s={search_term_string}"},"query-input":{"@type":"PropertyValueSpecification","valueRequired":true,"valueName":"search_term_string"}}],"inLanguage":"fr-FR"}]}},"_links":{"self":[{"href":"https:\/\/www.movacolor.com\/fr\/wp-json\/wp\/v2\/pages\/7454","targetHints":{"allow":["GET"]}}],"collection":[{"href":"https:\/\/www.movacolor.com\/fr\/wp-json\/wp\/v2\/pages"}],"about":[{"href":"https:\/\/www.movacolor.com\/fr\/wp-json\/wp\/v2\/types\/page"}],"author":[{"embeddable":true,"href":"https:\/\/www.movacolor.com\/fr\/wp-json\/wp\/v2\/users\/2"}],"replies":[{"embeddable":true,"href":"https:\/\/www.movacolor.com\/fr\/wp-json\/wp\/v2\/comments?post=7454"}],"version-history":[{"count":1,"href":"https:\/\/www.movacolor.com\/fr\/wp-json\/wp\/v2\/pages\/7454\/revisions"}],"predecessor-version":[{"id":17113,"href":"https:\/\/www.movacolor.com\/fr\/wp-json\/wp\/v2\/pages\/7454\/revisions\/17113"}],"up":[{"embeddable":true,"href":"https:\/\/www.movacolor.com\/fr\/wp-json\/wp\/v2\/pages\/7441"}],"wp:featuredmedia":[{"embeddable":true,"href":"https:\/\/www.movacolor.com\/fr\/wp-json\/wp\/v2\/media\/3280"}],"wp:attachment":[{"href":"https:\/\/www.movacolor.com\/fr\/wp-json\/wp\/v2\/media?parent=7454"}],"curies":[{"name":"wp","href":"https:\/\/api.w.org\/{rel}","templated":true}]}}