{"id":7453,"date":"2023-01-13T15:32:49","date_gmt":"2023-01-13T13:32:49","guid":{"rendered":"https:\/\/www.movacolor.com\/secteur\/capsules-et-fermetures\/"},"modified":"2024-02-09T20:34:38","modified_gmt":"2024-02-09T18:34:38","slug":"capsules-et-fermetures","status":"publish","type":"page","link":"https:\/\/www.movacolor.com\/fr\/secteur\/capsules-et-fermetures\/","title":{"rendered":"Capsules et fermetures"},"content":{"rendered":"<p>Le temps, c&#8217;est de l&#8217;argent lorsqu&#8217;il s&#8217;agit de produire des bouchons et des capsules. \u00c0 grande vitesse, une machine de moulage par injection ou une extrudeuse produit des milliers de bouchons et de capsules. Un dosage pr\u00e9cis et de haute qualit\u00e9 est donc extr\u00eamement important.<\/p>\n","protected":false},"excerpt":{"rendered":"<p>Le temps, c&#8217;est de l&#8217;argent lorsqu&#8217;il s&#8217;agit de produire des bouchons et des capsules. \u00c0 grande vitesse, une machine de moulage par injection ou une extrudeuse produit des milliers de bouchons et de capsules. Un dosage pr\u00e9cis et de haute qualit\u00e9 est donc extr\u00eamement important.<\/p>\n","protected":false},"author":2,"featured_media":3289,"parent":7441,"menu_order":0,"comment_status":"closed","ping_status":"closed","template":"","meta":{"_acf_changed":false,"footnotes":""},"class_list":["post-7453","page","type-page","status-publish","has-post-thumbnail","hentry","us_portfolio_tag-caps-fr","us_portfolio_tag-closures-fr"],"acf":[],"yoast_head":"<!-- This site is optimized with the Yoast SEO plugin v26.4 - https:\/\/yoast.com\/wordpress\/plugins\/seo\/ -->\n<title>Capsules et fermetures - Movacolor<\/title>\n<meta name=\"description\" content=\"Optimisez la production de bouchons et capsules avec les doseurs Movacolor. Pr\u00e9cision et rentabilit\u00e9 pour des couleurs constantes et des \u00e9conomies.\" \/>\n<meta name=\"robots\" content=\"index, follow, max-snippet:-1, max-image-preview:large, max-video-preview:-1\" \/>\n<link rel=\"canonical\" href=\"https:\/\/www.movacolor.com\/fr\/secteur\/capsules-et-fermetures\/\" \/>\n<meta property=\"og:locale\" content=\"fr_FR\" \/>\n<meta property=\"og:type\" content=\"article\" \/>\n<meta property=\"og:title\" content=\"Capsules et fermetures - Movacolor\" \/>\n<meta property=\"og:description\" content=\"Optimisez la production de bouchons et capsules avec les doseurs Movacolor. Pr\u00e9cision et rentabilit\u00e9 pour des couleurs constantes et des \u00e9conomies.\" \/>\n<meta property=\"og:url\" content=\"https:\/\/www.movacolor.com\/fr\/secteur\/capsules-et-fermetures\/\" \/>\n<meta property=\"og:site_name\" content=\"Movacolor\" \/>\n<meta property=\"article:modified_time\" content=\"2024-02-09T18:34:38+00:00\" \/>\n<meta property=\"og:image\" content=\"https:\/\/www.movacolor.com\/wp-content\/uploads\/2023\/03\/5-Caps-and-closures.jpg\" \/>\n\t<meta property=\"og:image:width\" content=\"851\" \/>\n\t<meta property=\"og:image:height\" content=\"564\" \/>\n\t<meta property=\"og:image:type\" content=\"image\/jpeg\" \/>\n<meta name=\"twitter:card\" content=\"summary_large_image\" \/>\n<meta name=\"twitter:label1\" content=\"Dur\u00e9e de lecture estim\u00e9e\" \/>\n\t<meta name=\"twitter:data1\" content=\"1 minute\" \/>\n<script type=\"application\/ld+json\" class=\"yoast-schema-graph\">{\"@context\":\"https:\/\/schema.org\",\"@graph\":[{\"@type\":\"WebPage\",\"@id\":\"https:\/\/www.movacolor.com\/fr\/secteur\/capsules-et-fermetures\/\",\"url\":\"https:\/\/www.movacolor.com\/fr\/secteur\/capsules-et-fermetures\/\",\"name\":\"Capsules et fermetures - Movacolor\",\"isPartOf\":{\"@id\":\"https:\/\/www.movacolor.com\/fr\/#website\"},\"primaryImageOfPage\":{\"@id\":\"https:\/\/www.movacolor.com\/fr\/secteur\/capsules-et-fermetures\/#primaryimage\"},\"image\":{\"@id\":\"https:\/\/www.movacolor.com\/fr\/secteur\/capsules-et-fermetures\/#primaryimage\"},\"thumbnailUrl\":\"https:\/\/www.movacolor.com\/wp-content\/uploads\/2023\/03\/5-Caps-and-closures.jpg\",\"datePublished\":\"2023-01-13T13:32:49+00:00\",\"dateModified\":\"2024-02-09T18:34:38+00:00\",\"description\":\"Optimisez la production de bouchons et capsules avec les doseurs Movacolor. Pr\u00e9cision et rentabilit\u00e9 pour des couleurs constantes et des \u00e9conomies.\",\"breadcrumb\":{\"@id\":\"https:\/\/www.movacolor.com\/fr\/secteur\/capsules-et-fermetures\/#breadcrumb\"},\"inLanguage\":\"fr-FR\",\"potentialAction\":[{\"@type\":\"ReadAction\",\"target\":[\"https:\/\/www.movacolor.com\/fr\/secteur\/capsules-et-fermetures\/\"]}]},{\"@type\":\"ImageObject\",\"inLanguage\":\"fr-FR\",\"@id\":\"https:\/\/www.movacolor.com\/fr\/secteur\/capsules-et-fermetures\/#primaryimage\",\"url\":\"https:\/\/www.movacolor.com\/wp-content\/uploads\/2023\/03\/5-Caps-and-closures.jpg\",\"contentUrl\":\"https:\/\/www.movacolor.com\/wp-content\/uploads\/2023\/03\/5-Caps-and-closures.jpg\",\"width\":851,\"height\":564,\"caption\":\"5 Caps and closures\"},{\"@type\":\"BreadcrumbList\",\"@id\":\"https:\/\/www.movacolor.com\/fr\/secteur\/capsules-et-fermetures\/#breadcrumb\",\"itemListElement\":[{\"@type\":\"ListItem\",\"position\":1,\"name\":\"Home\",\"item\":\"https:\/\/www.movacolor.com\/fr\/\"},{\"@type\":\"ListItem\",\"position\":2,\"name\":\"Secteur\",\"item\":\"https:\/\/www.movacolor.com\/fr\/secteur\/\"},{\"@type\":\"ListItem\",\"position\":3,\"name\":\"Capsules et fermetures\"}]},{\"@type\":\"WebSite\",\"@id\":\"https:\/\/www.movacolor.com\/fr\/#website\",\"url\":\"https:\/\/www.movacolor.com\/fr\/\",\"name\":\"Movacolor\",\"description\":\"modular dosing solutions\",\"potentialAction\":[{\"@type\":\"SearchAction\",\"target\":{\"@type\":\"EntryPoint\",\"urlTemplate\":\"https:\/\/www.movacolor.com\/fr\/?s={search_term_string}\"},\"query-input\":{\"@type\":\"PropertyValueSpecification\",\"valueRequired\":true,\"valueName\":\"search_term_string\"}}],\"inLanguage\":\"fr-FR\"}]}<\/script>\n<!-- \/ Yoast SEO plugin. -->","yoast_head_json":{"title":"Capsules et fermetures - Movacolor","description":"Optimisez la production de bouchons et capsules avec les doseurs Movacolor. Pr\u00e9cision et rentabilit\u00e9 pour des couleurs constantes et des \u00e9conomies.","robots":{"index":"index","follow":"follow","max-snippet":"max-snippet:-1","max-image-preview":"max-image-preview:large","max-video-preview":"max-video-preview:-1"},"canonical":"https:\/\/www.movacolor.com\/fr\/secteur\/capsules-et-fermetures\/","og_locale":"fr_FR","og_type":"article","og_title":"Capsules et fermetures - Movacolor","og_description":"Optimisez la production de bouchons et capsules avec les doseurs Movacolor. Pr\u00e9cision et rentabilit\u00e9 pour des couleurs constantes et des \u00e9conomies.","og_url":"https:\/\/www.movacolor.com\/fr\/secteur\/capsules-et-fermetures\/","og_site_name":"Movacolor","article_modified_time":"2024-02-09T18:34:38+00:00","og_image":[{"width":851,"height":564,"url":"https:\/\/www.movacolor.com\/wp-content\/uploads\/2023\/03\/5-Caps-and-closures.jpg","type":"image\/jpeg"}],"twitter_card":"summary_large_image","twitter_misc":{"Dur\u00e9e de lecture estim\u00e9e":"1 minute"},"schema":{"@context":"https:\/\/schema.org","@graph":[{"@type":"WebPage","@id":"https:\/\/www.movacolor.com\/fr\/secteur\/capsules-et-fermetures\/","url":"https:\/\/www.movacolor.com\/fr\/secteur\/capsules-et-fermetures\/","name":"Capsules et fermetures - Movacolor","isPartOf":{"@id":"https:\/\/www.movacolor.com\/fr\/#website"},"primaryImageOfPage":{"@id":"https:\/\/www.movacolor.com\/fr\/secteur\/capsules-et-fermetures\/#primaryimage"},"image":{"@id":"https:\/\/www.movacolor.com\/fr\/secteur\/capsules-et-fermetures\/#primaryimage"},"thumbnailUrl":"https:\/\/www.movacolor.com\/wp-content\/uploads\/2023\/03\/5-Caps-and-closures.jpg","datePublished":"2023-01-13T13:32:49+00:00","dateModified":"2024-02-09T18:34:38+00:00","description":"Optimisez la production de bouchons et capsules avec les doseurs Movacolor. Pr\u00e9cision et rentabilit\u00e9 pour des couleurs constantes et des \u00e9conomies.","breadcrumb":{"@id":"https:\/\/www.movacolor.com\/fr\/secteur\/capsules-et-fermetures\/#breadcrumb"},"inLanguage":"fr-FR","potentialAction":[{"@type":"ReadAction","target":["https:\/\/www.movacolor.com\/fr\/secteur\/capsules-et-fermetures\/"]}]},{"@type":"ImageObject","inLanguage":"fr-FR","@id":"https:\/\/www.movacolor.com\/fr\/secteur\/capsules-et-fermetures\/#primaryimage","url":"https:\/\/www.movacolor.com\/wp-content\/uploads\/2023\/03\/5-Caps-and-closures.jpg","contentUrl":"https:\/\/www.movacolor.com\/wp-content\/uploads\/2023\/03\/5-Caps-and-closures.jpg","width":851,"height":564,"caption":"5 Caps and closures"},{"@type":"BreadcrumbList","@id":"https:\/\/www.movacolor.com\/fr\/secteur\/capsules-et-fermetures\/#breadcrumb","itemListElement":[{"@type":"ListItem","position":1,"name":"Home","item":"https:\/\/www.movacolor.com\/fr\/"},{"@type":"ListItem","position":2,"name":"Secteur","item":"https:\/\/www.movacolor.com\/fr\/secteur\/"},{"@type":"ListItem","position":3,"name":"Capsules et fermetures"}]},{"@type":"WebSite","@id":"https:\/\/www.movacolor.com\/fr\/#website","url":"https:\/\/www.movacolor.com\/fr\/","name":"Movacolor","description":"modular dosing solutions","potentialAction":[{"@type":"SearchAction","target":{"@type":"EntryPoint","urlTemplate":"https:\/\/www.movacolor.com\/fr\/?s={search_term_string}"},"query-input":{"@type":"PropertyValueSpecification","valueRequired":true,"valueName":"search_term_string"}}],"inLanguage":"fr-FR"}]}},"_links":{"self":[{"href":"https:\/\/www.movacolor.com\/fr\/wp-json\/wp\/v2\/pages\/7453","targetHints":{"allow":["GET"]}}],"collection":[{"href":"https:\/\/www.movacolor.com\/fr\/wp-json\/wp\/v2\/pages"}],"about":[{"href":"https:\/\/www.movacolor.com\/fr\/wp-json\/wp\/v2\/types\/page"}],"author":[{"embeddable":true,"href":"https:\/\/www.movacolor.com\/fr\/wp-json\/wp\/v2\/users\/2"}],"replies":[{"embeddable":true,"href":"https:\/\/www.movacolor.com\/fr\/wp-json\/wp\/v2\/comments?post=7453"}],"version-history":[{"count":1,"href":"https:\/\/www.movacolor.com\/fr\/wp-json\/wp\/v2\/pages\/7453\/revisions"}],"predecessor-version":[{"id":17124,"href":"https:\/\/www.movacolor.com\/fr\/wp-json\/wp\/v2\/pages\/7453\/revisions\/17124"}],"up":[{"embeddable":true,"href":"https:\/\/www.movacolor.com\/fr\/wp-json\/wp\/v2\/pages\/7441"}],"wp:featuredmedia":[{"embeddable":true,"href":"https:\/\/www.movacolor.com\/fr\/wp-json\/wp\/v2\/media\/3289"}],"wp:attachment":[{"href":"https:\/\/www.movacolor.com\/fr\/wp-json\/wp\/v2\/media?parent=7453"}],"curies":[{"name":"wp","href":"https:\/\/api.w.org\/{rel}","templated":true}]}}