{"id":7451,"date":"2023-01-19T10:53:49","date_gmt":"2023-01-19T08:53:49","guid":{"rendered":"https:\/\/www.movacolor.com\/secteur\/preformes-en-pet\/"},"modified":"2024-02-09T19:11:37","modified_gmt":"2024-02-09T17:11:37","slug":"preformes-en-pet","status":"publish","type":"page","link":"https:\/\/www.movacolor.com\/fr\/secteur\/preformes-en-pet\/","title":{"rendered":"Pr\u00e9formes en PET"},"content":{"rendered":"<p>Les pr\u00e9formes en PET sont un secteur o\u00f9 la qualit\u00e9 est essentielle. Les changements de couleur localis\u00e9s et les pourcentages de couleur tr\u00e8s faibles sont l&#8217;un des probl\u00e8mes auxquels l&#8217;industrie des pr\u00e9formes en PET est confront\u00e9e. De plus, la couleur doit \u00eatre dos\u00e9e dans un flux principal de mati\u00e8re principale s\u00e9ch\u00e9e \u00e0 plus de 160\u00b0C.<\/p>\n","protected":false},"excerpt":{"rendered":"<p>Les pr\u00e9formes en PET sont un secteur o\u00f9 la qualit\u00e9 est essentielle. Les changements de couleur localis\u00e9s et les pourcentages de couleur tr\u00e8s faibles sont l&#8217;un des probl\u00e8mes auxquels l&#8217;industrie des pr\u00e9formes en PET est confront\u00e9e. De plus, la couleur doit \u00eatre dos\u00e9e dans un flux principal de mati\u00e8re principale s\u00e9ch\u00e9e \u00e0 plus de 160\u00b0C.<\/p>\n","protected":false},"author":2,"featured_media":4040,"parent":7441,"menu_order":0,"comment_status":"closed","ping_status":"closed","template":"","meta":{"_acf_changed":false,"footnotes":""},"class_list":["post-7451","page","type-page","status-publish","has-post-thumbnail","hentry","us_portfolio_tag-pet-fr"],"acf":[],"yoast_head":"<!-- This site is optimized with the Yoast SEO plugin v26.4 - https:\/\/yoast.com\/wordpress\/plugins\/seo\/ -->\n<title>Pr\u00e9formes en PET - Movacolor<\/title>\n<meta name=\"description\" content=\"Optimisez la qualit\u00e9 des pr\u00e9formes en PET avec les doseurs pr\u00e9cis de Movacolor. La technologie id\u00e9ale pour une production sur mesure et rentable.\" \/>\n<meta name=\"robots\" content=\"index, follow, max-snippet:-1, max-image-preview:large, max-video-preview:-1\" \/>\n<link rel=\"canonical\" href=\"https:\/\/www.movacolor.com\/fr\/secteur\/preformes-en-pet\/\" \/>\n<meta property=\"og:locale\" content=\"fr_FR\" \/>\n<meta property=\"og:type\" content=\"article\" \/>\n<meta property=\"og:title\" content=\"Pr\u00e9formes en PET - Movacolor\" \/>\n<meta property=\"og:description\" content=\"Optimisez la qualit\u00e9 des pr\u00e9formes en PET avec les doseurs pr\u00e9cis de Movacolor. La technologie id\u00e9ale pour une production sur mesure et rentable.\" \/>\n<meta property=\"og:url\" content=\"https:\/\/www.movacolor.com\/fr\/secteur\/preformes-en-pet\/\" \/>\n<meta property=\"og:site_name\" content=\"Movacolor\" \/>\n<meta property=\"article:modified_time\" content=\"2024-02-09T17:11:37+00:00\" \/>\n<meta property=\"og:image\" content=\"https:\/\/www.movacolor.com\/wp-content\/uploads\/2023\/03\/PET_Preforms2.jpg\" \/>\n\t<meta property=\"og:image:width\" content=\"1920\" \/>\n\t<meta property=\"og:image:height\" content=\"1278\" \/>\n\t<meta property=\"og:image:type\" content=\"image\/jpeg\" \/>\n<meta name=\"twitter:card\" content=\"summary_large_image\" \/>\n<meta name=\"twitter:label1\" content=\"Dur\u00e9e de lecture estim\u00e9e\" \/>\n\t<meta name=\"twitter:data1\" content=\"1 minute\" \/>\n<script type=\"application\/ld+json\" class=\"yoast-schema-graph\">{\"@context\":\"https:\/\/schema.org\",\"@graph\":[{\"@type\":\"WebPage\",\"@id\":\"https:\/\/www.movacolor.com\/fr\/secteur\/preformes-en-pet\/\",\"url\":\"https:\/\/www.movacolor.com\/fr\/secteur\/preformes-en-pet\/\",\"name\":\"Pr\u00e9formes en PET - Movacolor\",\"isPartOf\":{\"@id\":\"https:\/\/www.movacolor.com\/fr\/#website\"},\"primaryImageOfPage\":{\"@id\":\"https:\/\/www.movacolor.com\/fr\/secteur\/preformes-en-pet\/#primaryimage\"},\"image\":{\"@id\":\"https:\/\/www.movacolor.com\/fr\/secteur\/preformes-en-pet\/#primaryimage\"},\"thumbnailUrl\":\"https:\/\/www.movacolor.com\/wp-content\/uploads\/2023\/03\/PET_Preforms2.jpg\",\"datePublished\":\"2023-01-19T08:53:49+00:00\",\"dateModified\":\"2024-02-09T17:11:37+00:00\",\"description\":\"Optimisez la qualit\u00e9 des pr\u00e9formes en PET avec les doseurs pr\u00e9cis de Movacolor. La technologie id\u00e9ale pour une production sur mesure et rentable.\",\"breadcrumb\":{\"@id\":\"https:\/\/www.movacolor.com\/fr\/secteur\/preformes-en-pet\/#breadcrumb\"},\"inLanguage\":\"fr-FR\",\"potentialAction\":[{\"@type\":\"ReadAction\",\"target\":[\"https:\/\/www.movacolor.com\/fr\/secteur\/preformes-en-pet\/\"]}]},{\"@type\":\"ImageObject\",\"inLanguage\":\"fr-FR\",\"@id\":\"https:\/\/www.movacolor.com\/fr\/secteur\/preformes-en-pet\/#primaryimage\",\"url\":\"https:\/\/www.movacolor.com\/wp-content\/uploads\/2023\/03\/PET_Preforms2.jpg\",\"contentUrl\":\"https:\/\/www.movacolor.com\/wp-content\/uploads\/2023\/03\/PET_Preforms2.jpg\",\"width\":1920,\"height\":1278,\"caption\":\"PET Preforms\"},{\"@type\":\"BreadcrumbList\",\"@id\":\"https:\/\/www.movacolor.com\/fr\/secteur\/preformes-en-pet\/#breadcrumb\",\"itemListElement\":[{\"@type\":\"ListItem\",\"position\":1,\"name\":\"Home\",\"item\":\"https:\/\/www.movacolor.com\/fr\/\"},{\"@type\":\"ListItem\",\"position\":2,\"name\":\"Secteur\",\"item\":\"https:\/\/www.movacolor.com\/fr\/secteur\/\"},{\"@type\":\"ListItem\",\"position\":3,\"name\":\"Pr\u00e9formes en PET\"}]},{\"@type\":\"WebSite\",\"@id\":\"https:\/\/www.movacolor.com\/fr\/#website\",\"url\":\"https:\/\/www.movacolor.com\/fr\/\",\"name\":\"Movacolor\",\"description\":\"modular dosing solutions\",\"potentialAction\":[{\"@type\":\"SearchAction\",\"target\":{\"@type\":\"EntryPoint\",\"urlTemplate\":\"https:\/\/www.movacolor.com\/fr\/?s={search_term_string}\"},\"query-input\":{\"@type\":\"PropertyValueSpecification\",\"valueRequired\":true,\"valueName\":\"search_term_string\"}}],\"inLanguage\":\"fr-FR\"}]}<\/script>\n<!-- \/ Yoast SEO plugin. -->","yoast_head_json":{"title":"Pr\u00e9formes en PET - Movacolor","description":"Optimisez la qualit\u00e9 des pr\u00e9formes en PET avec les doseurs pr\u00e9cis de Movacolor. La technologie id\u00e9ale pour une production sur mesure et rentable.","robots":{"index":"index","follow":"follow","max-snippet":"max-snippet:-1","max-image-preview":"max-image-preview:large","max-video-preview":"max-video-preview:-1"},"canonical":"https:\/\/www.movacolor.com\/fr\/secteur\/preformes-en-pet\/","og_locale":"fr_FR","og_type":"article","og_title":"Pr\u00e9formes en PET - Movacolor","og_description":"Optimisez la qualit\u00e9 des pr\u00e9formes en PET avec les doseurs pr\u00e9cis de Movacolor. La technologie id\u00e9ale pour une production sur mesure et rentable.","og_url":"https:\/\/www.movacolor.com\/fr\/secteur\/preformes-en-pet\/","og_site_name":"Movacolor","article_modified_time":"2024-02-09T17:11:37+00:00","og_image":[{"width":1920,"height":1278,"url":"https:\/\/www.movacolor.com\/wp-content\/uploads\/2023\/03\/PET_Preforms2.jpg","type":"image\/jpeg"}],"twitter_card":"summary_large_image","twitter_misc":{"Dur\u00e9e de lecture estim\u00e9e":"1 minute"},"schema":{"@context":"https:\/\/schema.org","@graph":[{"@type":"WebPage","@id":"https:\/\/www.movacolor.com\/fr\/secteur\/preformes-en-pet\/","url":"https:\/\/www.movacolor.com\/fr\/secteur\/preformes-en-pet\/","name":"Pr\u00e9formes en PET - Movacolor","isPartOf":{"@id":"https:\/\/www.movacolor.com\/fr\/#website"},"primaryImageOfPage":{"@id":"https:\/\/www.movacolor.com\/fr\/secteur\/preformes-en-pet\/#primaryimage"},"image":{"@id":"https:\/\/www.movacolor.com\/fr\/secteur\/preformes-en-pet\/#primaryimage"},"thumbnailUrl":"https:\/\/www.movacolor.com\/wp-content\/uploads\/2023\/03\/PET_Preforms2.jpg","datePublished":"2023-01-19T08:53:49+00:00","dateModified":"2024-02-09T17:11:37+00:00","description":"Optimisez la qualit\u00e9 des pr\u00e9formes en PET avec les doseurs pr\u00e9cis de Movacolor. La technologie id\u00e9ale pour une production sur mesure et rentable.","breadcrumb":{"@id":"https:\/\/www.movacolor.com\/fr\/secteur\/preformes-en-pet\/#breadcrumb"},"inLanguage":"fr-FR","potentialAction":[{"@type":"ReadAction","target":["https:\/\/www.movacolor.com\/fr\/secteur\/preformes-en-pet\/"]}]},{"@type":"ImageObject","inLanguage":"fr-FR","@id":"https:\/\/www.movacolor.com\/fr\/secteur\/preformes-en-pet\/#primaryimage","url":"https:\/\/www.movacolor.com\/wp-content\/uploads\/2023\/03\/PET_Preforms2.jpg","contentUrl":"https:\/\/www.movacolor.com\/wp-content\/uploads\/2023\/03\/PET_Preforms2.jpg","width":1920,"height":1278,"caption":"PET Preforms"},{"@type":"BreadcrumbList","@id":"https:\/\/www.movacolor.com\/fr\/secteur\/preformes-en-pet\/#breadcrumb","itemListElement":[{"@type":"ListItem","position":1,"name":"Home","item":"https:\/\/www.movacolor.com\/fr\/"},{"@type":"ListItem","position":2,"name":"Secteur","item":"https:\/\/www.movacolor.com\/fr\/secteur\/"},{"@type":"ListItem","position":3,"name":"Pr\u00e9formes en PET"}]},{"@type":"WebSite","@id":"https:\/\/www.movacolor.com\/fr\/#website","url":"https:\/\/www.movacolor.com\/fr\/","name":"Movacolor","description":"modular dosing solutions","potentialAction":[{"@type":"SearchAction","target":{"@type":"EntryPoint","urlTemplate":"https:\/\/www.movacolor.com\/fr\/?s={search_term_string}"},"query-input":{"@type":"PropertyValueSpecification","valueRequired":true,"valueName":"search_term_string"}}],"inLanguage":"fr-FR"}]}},"_links":{"self":[{"href":"https:\/\/www.movacolor.com\/fr\/wp-json\/wp\/v2\/pages\/7451","targetHints":{"allow":["GET"]}}],"collection":[{"href":"https:\/\/www.movacolor.com\/fr\/wp-json\/wp\/v2\/pages"}],"about":[{"href":"https:\/\/www.movacolor.com\/fr\/wp-json\/wp\/v2\/types\/page"}],"author":[{"embeddable":true,"href":"https:\/\/www.movacolor.com\/fr\/wp-json\/wp\/v2\/users\/2"}],"replies":[{"embeddable":true,"href":"https:\/\/www.movacolor.com\/fr\/wp-json\/wp\/v2\/comments?post=7451"}],"version-history":[{"count":1,"href":"https:\/\/www.movacolor.com\/fr\/wp-json\/wp\/v2\/pages\/7451\/revisions"}],"predecessor-version":[{"id":17116,"href":"https:\/\/www.movacolor.com\/fr\/wp-json\/wp\/v2\/pages\/7451\/revisions\/17116"}],"up":[{"embeddable":true,"href":"https:\/\/www.movacolor.com\/fr\/wp-json\/wp\/v2\/pages\/7441"}],"wp:featuredmedia":[{"embeddable":true,"href":"https:\/\/www.movacolor.com\/fr\/wp-json\/wp\/v2\/media\/4040"}],"wp:attachment":[{"href":"https:\/\/www.movacolor.com\/fr\/wp-json\/wp\/v2\/media?parent=7451"}],"curies":[{"name":"wp","href":"https:\/\/api.w.org\/{rel}","templated":true}]}}