{"id":7450,"date":"2023-03-22T13:57:30","date_gmt":"2023-03-22T11:57:30","guid":{"rendered":"https:\/\/www.movacolor.com\/secteur\/tubes-et-profiles\/"},"modified":"2024-01-08T17:10:44","modified_gmt":"2024-01-08T15:10:44","slug":"tubes-et-profiles","status":"publish","type":"page","link":"https:\/\/www.movacolor.com\/fr\/industry\/pipes-profiles\/","title":{"rendered":"Tubes et profil\u00e9s"},"content":{"rendered":"<p>Vous souhaitez une plus grande stabilit\u00e9 dans le processus de production par extrusion ? Une plus grande efficacit\u00e9 et des \u00e9conomies sur les additifs co\u00fbteux ? Une r\u00e9duction du taux de rebut ? Toutes ces attentes peuvent \u00eatre satisfaites avec un syst\u00e8me de dosage volum\u00e9trique ou gravim\u00e9trique de Movacolor. En utilisant des unit\u00e9s de dosage de haute qualit\u00e9, vous pouvez aussi facilement pr\u00e9venir les variations d&#8217;\u00e9paisseur de paroi, les variations de couleur et les taches dans la production de tuyaux.<\/p>\n","protected":false},"excerpt":{"rendered":"<p>Vous souhaitez une plus grande stabilit\u00e9 dans le processus de production par extrusion ? Une plus grande efficacit\u00e9 et des \u00e9conomies sur les additifs co\u00fbteux ? Une r\u00e9duction du taux de rebut ? Toutes ces attentes peuvent \u00eatre satisfaites avec un syst\u00e8me de dosage volum\u00e9trique ou gravim\u00e9trique de Movacolor. En utilisant des unit\u00e9s de dosage&#8230;<\/p>\n","protected":false},"author":6,"featured_media":3573,"parent":7441,"menu_order":0,"comment_status":"closed","ping_status":"closed","template":"","meta":{"_acf_changed":false,"footnotes":""},"class_list":["post-7450","page","type-page","status-publish","has-post-thumbnail","hentry","us_portfolio_tag-pipes-fr","us_portfolio_tag-profiles-fr"],"acf":[],"yoast_head":"<!-- This site is optimized with the Yoast SEO plugin v26.4 - https:\/\/yoast.com\/wordpress\/plugins\/seo\/ -->\n<title>Tubes et profil\u00e9s - Movacolor<\/title>\n<meta name=\"description\" content=\"Vous avez besoin de plus de stabilit\u00e9, de pr\u00e9cision et de taux de rebut r\u00e9duits pour la production de tubes et de profil\u00e9s ? Explorez les options!\" \/>\n<meta name=\"robots\" content=\"index, follow, max-snippet:-1, max-image-preview:large, max-video-preview:-1\" \/>\n<link rel=\"canonical\" href=\"https:\/\/www.movacolor.com\/fr\/industry\/pipes-profiles\/\" \/>\n<meta property=\"og:locale\" content=\"fr_FR\" \/>\n<meta property=\"og:type\" content=\"article\" \/>\n<meta property=\"og:title\" content=\"Tubes et profil\u00e9s - Movacolor\" \/>\n<meta property=\"og:description\" content=\"Vous avez besoin de plus de stabilit\u00e9, de pr\u00e9cision et de taux de rebut r\u00e9duits pour la production de tubes et de profil\u00e9s ? Explorez les options!\" \/>\n<meta property=\"og:url\" content=\"https:\/\/www.movacolor.com\/fr\/industry\/pipes-profiles\/\" \/>\n<meta property=\"og:site_name\" content=\"Movacolor\" \/>\n<meta property=\"article:modified_time\" content=\"2024-01-08T15:10:44+00:00\" \/>\n<meta property=\"og:image\" content=\"https:\/\/www.movacolor.com\/wp-content\/uploads\/2023\/03\/10-pipes.jpg\" \/>\n\t<meta property=\"og:image:width\" content=\"727\" \/>\n\t<meta property=\"og:image:height\" content=\"660\" \/>\n\t<meta property=\"og:image:type\" content=\"image\/jpeg\" \/>\n<meta name=\"twitter:card\" content=\"summary_large_image\" \/>\n<script type=\"application\/ld+json\" class=\"yoast-schema-graph\">{\"@context\":\"https:\/\/schema.org\",\"@graph\":[{\"@type\":\"WebPage\",\"@id\":\"https:\/\/www.movacolor.com\/fr\/industry\/pipes-profiles\/\",\"url\":\"https:\/\/www.movacolor.com\/fr\/industry\/pipes-profiles\/\",\"name\":\"Tubes et profil\u00e9s - Movacolor\",\"isPartOf\":{\"@id\":\"https:\/\/www.movacolor.com\/fr\/#website\"},\"primaryImageOfPage\":{\"@id\":\"https:\/\/www.movacolor.com\/fr\/industry\/pipes-profiles\/#primaryimage\"},\"image\":{\"@id\":\"https:\/\/www.movacolor.com\/fr\/industry\/pipes-profiles\/#primaryimage\"},\"thumbnailUrl\":\"https:\/\/www.movacolor.com\/wp-content\/uploads\/2023\/03\/10-pipes.jpg\",\"datePublished\":\"2023-03-22T11:57:30+00:00\",\"dateModified\":\"2024-01-08T15:10:44+00:00\",\"description\":\"Vous avez besoin de plus de stabilit\u00e9, de pr\u00e9cision et de taux de rebut r\u00e9duits pour la production de tubes et de profil\u00e9s ? Explorez les options!\",\"breadcrumb\":{\"@id\":\"https:\/\/www.movacolor.com\/fr\/industry\/pipes-profiles\/#breadcrumb\"},\"inLanguage\":\"fr-FR\",\"potentialAction\":[{\"@type\":\"ReadAction\",\"target\":[\"https:\/\/www.movacolor.com\/fr\/industry\/pipes-profiles\/\"]}]},{\"@type\":\"ImageObject\",\"inLanguage\":\"fr-FR\",\"@id\":\"https:\/\/www.movacolor.com\/fr\/industry\/pipes-profiles\/#primaryimage\",\"url\":\"https:\/\/www.movacolor.com\/wp-content\/uploads\/2023\/03\/10-pipes.jpg\",\"contentUrl\":\"https:\/\/www.movacolor.com\/wp-content\/uploads\/2023\/03\/10-pipes.jpg\",\"width\":727,\"height\":660,\"caption\":\"Pipes\"},{\"@type\":\"BreadcrumbList\",\"@id\":\"https:\/\/www.movacolor.com\/fr\/industry\/pipes-profiles\/#breadcrumb\",\"itemListElement\":[{\"@type\":\"ListItem\",\"position\":1,\"name\":\"Home\",\"item\":\"https:\/\/www.movacolor.com\/fr\/\"},{\"@type\":\"ListItem\",\"position\":2,\"name\":\"Secteur\",\"item\":\"https:\/\/www.movacolor.com\/fr\/secteur\/\"},{\"@type\":\"ListItem\",\"position\":3,\"name\":\"Tubes et profil\u00e9s\"}]},{\"@type\":\"WebSite\",\"@id\":\"https:\/\/www.movacolor.com\/fr\/#website\",\"url\":\"https:\/\/www.movacolor.com\/fr\/\",\"name\":\"Movacolor\",\"description\":\"modular dosing solutions\",\"potentialAction\":[{\"@type\":\"SearchAction\",\"target\":{\"@type\":\"EntryPoint\",\"urlTemplate\":\"https:\/\/www.movacolor.com\/fr\/?s={search_term_string}\"},\"query-input\":{\"@type\":\"PropertyValueSpecification\",\"valueRequired\":true,\"valueName\":\"search_term_string\"}}],\"inLanguage\":\"fr-FR\"}]}<\/script>\n<!-- \/ Yoast SEO plugin. -->","yoast_head_json":{"title":"Tubes et profil\u00e9s - Movacolor","description":"Vous avez besoin de plus de stabilit\u00e9, de pr\u00e9cision et de taux de rebut r\u00e9duits pour la production de tubes et de profil\u00e9s ? Explorez les options!","robots":{"index":"index","follow":"follow","max-snippet":"max-snippet:-1","max-image-preview":"max-image-preview:large","max-video-preview":"max-video-preview:-1"},"canonical":"https:\/\/www.movacolor.com\/fr\/industry\/pipes-profiles\/","og_locale":"fr_FR","og_type":"article","og_title":"Tubes et profil\u00e9s - Movacolor","og_description":"Vous avez besoin de plus de stabilit\u00e9, de pr\u00e9cision et de taux de rebut r\u00e9duits pour la production de tubes et de profil\u00e9s ? Explorez les options!","og_url":"https:\/\/www.movacolor.com\/fr\/industry\/pipes-profiles\/","og_site_name":"Movacolor","article_modified_time":"2024-01-08T15:10:44+00:00","og_image":[{"width":727,"height":660,"url":"https:\/\/www.movacolor.com\/wp-content\/uploads\/2023\/03\/10-pipes.jpg","type":"image\/jpeg"}],"twitter_card":"summary_large_image","schema":{"@context":"https:\/\/schema.org","@graph":[{"@type":"WebPage","@id":"https:\/\/www.movacolor.com\/fr\/industry\/pipes-profiles\/","url":"https:\/\/www.movacolor.com\/fr\/industry\/pipes-profiles\/","name":"Tubes et profil\u00e9s - Movacolor","isPartOf":{"@id":"https:\/\/www.movacolor.com\/fr\/#website"},"primaryImageOfPage":{"@id":"https:\/\/www.movacolor.com\/fr\/industry\/pipes-profiles\/#primaryimage"},"image":{"@id":"https:\/\/www.movacolor.com\/fr\/industry\/pipes-profiles\/#primaryimage"},"thumbnailUrl":"https:\/\/www.movacolor.com\/wp-content\/uploads\/2023\/03\/10-pipes.jpg","datePublished":"2023-03-22T11:57:30+00:00","dateModified":"2024-01-08T15:10:44+00:00","description":"Vous avez besoin de plus de stabilit\u00e9, de pr\u00e9cision et de taux de rebut r\u00e9duits pour la production de tubes et de profil\u00e9s ? Explorez les options!","breadcrumb":{"@id":"https:\/\/www.movacolor.com\/fr\/industry\/pipes-profiles\/#breadcrumb"},"inLanguage":"fr-FR","potentialAction":[{"@type":"ReadAction","target":["https:\/\/www.movacolor.com\/fr\/industry\/pipes-profiles\/"]}]},{"@type":"ImageObject","inLanguage":"fr-FR","@id":"https:\/\/www.movacolor.com\/fr\/industry\/pipes-profiles\/#primaryimage","url":"https:\/\/www.movacolor.com\/wp-content\/uploads\/2023\/03\/10-pipes.jpg","contentUrl":"https:\/\/www.movacolor.com\/wp-content\/uploads\/2023\/03\/10-pipes.jpg","width":727,"height":660,"caption":"Pipes"},{"@type":"BreadcrumbList","@id":"https:\/\/www.movacolor.com\/fr\/industry\/pipes-profiles\/#breadcrumb","itemListElement":[{"@type":"ListItem","position":1,"name":"Home","item":"https:\/\/www.movacolor.com\/fr\/"},{"@type":"ListItem","position":2,"name":"Secteur","item":"https:\/\/www.movacolor.com\/fr\/secteur\/"},{"@type":"ListItem","position":3,"name":"Tubes et profil\u00e9s"}]},{"@type":"WebSite","@id":"https:\/\/www.movacolor.com\/fr\/#website","url":"https:\/\/www.movacolor.com\/fr\/","name":"Movacolor","description":"modular dosing solutions","potentialAction":[{"@type":"SearchAction","target":{"@type":"EntryPoint","urlTemplate":"https:\/\/www.movacolor.com\/fr\/?s={search_term_string}"},"query-input":{"@type":"PropertyValueSpecification","valueRequired":true,"valueName":"search_term_string"}}],"inLanguage":"fr-FR"}]}},"_links":{"self":[{"href":"https:\/\/www.movacolor.com\/fr\/wp-json\/wp\/v2\/pages\/7450","targetHints":{"allow":["GET"]}}],"collection":[{"href":"https:\/\/www.movacolor.com\/fr\/wp-json\/wp\/v2\/pages"}],"about":[{"href":"https:\/\/www.movacolor.com\/fr\/wp-json\/wp\/v2\/types\/page"}],"author":[{"embeddable":true,"href":"https:\/\/www.movacolor.com\/fr\/wp-json\/wp\/v2\/users\/6"}],"replies":[{"embeddable":true,"href":"https:\/\/www.movacolor.com\/fr\/wp-json\/wp\/v2\/comments?post=7450"}],"version-history":[{"count":1,"href":"https:\/\/www.movacolor.com\/fr\/wp-json\/wp\/v2\/pages\/7450\/revisions"}],"predecessor-version":[{"id":11899,"href":"https:\/\/www.movacolor.com\/fr\/wp-json\/wp\/v2\/pages\/7450\/revisions\/11899"}],"up":[{"embeddable":true,"href":"https:\/\/www.movacolor.com\/fr\/wp-json\/wp\/v2\/pages\/7441"}],"wp:featuredmedia":[{"embeddable":true,"href":"https:\/\/www.movacolor.com\/fr\/wp-json\/wp\/v2\/media\/3573"}],"wp:attachment":[{"href":"https:\/\/www.movacolor.com\/fr\/wp-json\/wp\/v2\/media?parent=7450"}],"curies":[{"name":"wp","href":"https:\/\/api.w.org\/{rel}","templated":true}]}}