{"id":7449,"date":"2023-03-22T13:58:47","date_gmt":"2023-03-22T11:58:47","guid":{"rendered":"https:\/\/www.movacolor.com\/secteur\/emballage\/"},"modified":"2024-02-09T21:57:07","modified_gmt":"2024-02-09T19:57:07","slug":"emballage","status":"publish","type":"page","link":"https:\/\/www.movacolor.com\/fr\/secteur\/emballage\/","title":{"rendered":"Emballage"},"content":{"rendered":"<div class=\"content\">\n<p>La variation de couleur ou de qualit\u00e9 est un probl\u00e8me assez courant dans les emballages en plastique. Movacolor a la solution. Nous avons plus de vingt ans d&#8217;exp\u00e9rience dans le d\u00e9veloppement et la production de syst\u00e8mes de dosage gravim\u00e9triques et volum\u00e9triques qui emp\u00eachent les variations de couleur. Le contr\u00f4le gravim\u00e9trique offre un contr\u00f4le maximal m\u00eame \u00e0 des pourcentages de dosage extr\u00eamement faibles de 0,01%.<\/p>\n<\/div>\n","protected":false},"excerpt":{"rendered":"<p>La variation de couleur ou de qualit\u00e9 est un probl\u00e8me assez courant dans les emballages en plastique. Movacolor a la solution. Nous avons plus de vingt ans d&#8217;exp\u00e9rience dans le d\u00e9veloppement et la production de syst\u00e8mes de dosage gravim\u00e9triques et volum\u00e9triques qui emp\u00eachent les variations de couleur. Le contr\u00f4le gravim\u00e9trique offre un contr\u00f4le maximal m\u00eame&#8230;<\/p>\n","protected":false},"author":6,"featured_media":3530,"parent":7441,"menu_order":0,"comment_status":"closed","ping_status":"closed","template":"","meta":{"_acf_changed":false,"footnotes":""},"class_list":["post-7449","page","type-page","status-publish","has-post-thumbnail","hentry","us_portfolio_tag-packaging-fr"],"acf":[],"yoast_head":"<!-- This site is optimized with the Yoast SEO plugin v26.4 - https:\/\/yoast.com\/wordpress\/plugins\/seo\/ -->\n<title>Emballage - Movacolor<\/title>\n<meta name=\"description\" content=\"Kontrollieren Sie die Qualit\u00e4t von Kunststoffen mit den Gravim\u00e9trique- und volumetrischen Dosiersystemen von Movacolor. Pr\u00e4zision und Stabilit\u00e4t maximal.\" \/>\n<meta name=\"robots\" content=\"index, follow, max-snippet:-1, max-image-preview:large, max-video-preview:-1\" \/>\n<link rel=\"canonical\" href=\"https:\/\/www.movacolor.com\/fr\/secteur\/emballage\/\" \/>\n<meta property=\"og:locale\" content=\"fr_FR\" \/>\n<meta property=\"og:type\" content=\"article\" \/>\n<meta property=\"og:title\" content=\"Emballage - Movacolor\" \/>\n<meta property=\"og:description\" content=\"Kontrollieren Sie die Qualit\u00e4t von Kunststoffen mit den Gravim\u00e9trique- und volumetrischen Dosiersystemen von Movacolor. Pr\u00e4zision und Stabilit\u00e4t maximal.\" \/>\n<meta property=\"og:url\" content=\"https:\/\/www.movacolor.com\/fr\/secteur\/emballage\/\" \/>\n<meta property=\"og:site_name\" content=\"Movacolor\" \/>\n<meta property=\"article:modified_time\" content=\"2024-02-09T19:57:07+00:00\" \/>\n<meta property=\"og:image\" content=\"https:\/\/www.movacolor.com\/wp-content\/uploads\/2023\/03\/7-packaging.jpg\" \/>\n\t<meta property=\"og:image:width\" content=\"849\" \/>\n\t<meta property=\"og:image:height\" content=\"565\" \/>\n\t<meta property=\"og:image:type\" content=\"image\/jpeg\" \/>\n<meta name=\"twitter:card\" content=\"summary_large_image\" \/>\n<meta name=\"twitter:label1\" content=\"Dur\u00e9e de lecture estim\u00e9e\" \/>\n\t<meta name=\"twitter:data1\" content=\"1 minute\" \/>\n<script type=\"application\/ld+json\" class=\"yoast-schema-graph\">{\"@context\":\"https:\/\/schema.org\",\"@graph\":[{\"@type\":\"WebPage\",\"@id\":\"https:\/\/www.movacolor.com\/fr\/secteur\/emballage\/\",\"url\":\"https:\/\/www.movacolor.com\/fr\/secteur\/emballage\/\",\"name\":\"Emballage - Movacolor\",\"isPartOf\":{\"@id\":\"https:\/\/www.movacolor.com\/fr\/#website\"},\"primaryImageOfPage\":{\"@id\":\"https:\/\/www.movacolor.com\/fr\/secteur\/emballage\/#primaryimage\"},\"image\":{\"@id\":\"https:\/\/www.movacolor.com\/fr\/secteur\/emballage\/#primaryimage\"},\"thumbnailUrl\":\"https:\/\/www.movacolor.com\/wp-content\/uploads\/2023\/03\/7-packaging.jpg\",\"datePublished\":\"2023-03-22T11:58:47+00:00\",\"dateModified\":\"2024-02-09T19:57:07+00:00\",\"description\":\"Kontrollieren Sie die Qualit\u00e4t von Kunststoffen mit den Gravim\u00e9trique- und volumetrischen Dosiersystemen von Movacolor. Pr\u00e4zision und Stabilit\u00e4t maximal.\",\"breadcrumb\":{\"@id\":\"https:\/\/www.movacolor.com\/fr\/secteur\/emballage\/#breadcrumb\"},\"inLanguage\":\"fr-FR\",\"potentialAction\":[{\"@type\":\"ReadAction\",\"target\":[\"https:\/\/www.movacolor.com\/fr\/secteur\/emballage\/\"]}]},{\"@type\":\"ImageObject\",\"inLanguage\":\"fr-FR\",\"@id\":\"https:\/\/www.movacolor.com\/fr\/secteur\/emballage\/#primaryimage\",\"url\":\"https:\/\/www.movacolor.com\/wp-content\/uploads\/2023\/03\/7-packaging.jpg\",\"contentUrl\":\"https:\/\/www.movacolor.com\/wp-content\/uploads\/2023\/03\/7-packaging.jpg\",\"width\":849,\"height\":565,\"caption\":\"Packaging\"},{\"@type\":\"BreadcrumbList\",\"@id\":\"https:\/\/www.movacolor.com\/fr\/secteur\/emballage\/#breadcrumb\",\"itemListElement\":[{\"@type\":\"ListItem\",\"position\":1,\"name\":\"Home\",\"item\":\"https:\/\/www.movacolor.com\/fr\/\"},{\"@type\":\"ListItem\",\"position\":2,\"name\":\"Secteur\",\"item\":\"https:\/\/www.movacolor.com\/fr\/secteur\/\"},{\"@type\":\"ListItem\",\"position\":3,\"name\":\"Emballage\"}]},{\"@type\":\"WebSite\",\"@id\":\"https:\/\/www.movacolor.com\/fr\/#website\",\"url\":\"https:\/\/www.movacolor.com\/fr\/\",\"name\":\"Movacolor\",\"description\":\"modular dosing solutions\",\"potentialAction\":[{\"@type\":\"SearchAction\",\"target\":{\"@type\":\"EntryPoint\",\"urlTemplate\":\"https:\/\/www.movacolor.com\/fr\/?s={search_term_string}\"},\"query-input\":{\"@type\":\"PropertyValueSpecification\",\"valueRequired\":true,\"valueName\":\"search_term_string\"}}],\"inLanguage\":\"fr-FR\"}]}<\/script>\n<!-- \/ Yoast SEO plugin. -->","yoast_head_json":{"title":"Emballage - Movacolor","description":"Kontrollieren Sie die Qualit\u00e4t von Kunststoffen mit den Gravim\u00e9trique- und volumetrischen Dosiersystemen von Movacolor. Pr\u00e4zision und Stabilit\u00e4t maximal.","robots":{"index":"index","follow":"follow","max-snippet":"max-snippet:-1","max-image-preview":"max-image-preview:large","max-video-preview":"max-video-preview:-1"},"canonical":"https:\/\/www.movacolor.com\/fr\/secteur\/emballage\/","og_locale":"fr_FR","og_type":"article","og_title":"Emballage - Movacolor","og_description":"Kontrollieren Sie die Qualit\u00e4t von Kunststoffen mit den Gravim\u00e9trique- und volumetrischen Dosiersystemen von Movacolor. Pr\u00e4zision und Stabilit\u00e4t maximal.","og_url":"https:\/\/www.movacolor.com\/fr\/secteur\/emballage\/","og_site_name":"Movacolor","article_modified_time":"2024-02-09T19:57:07+00:00","og_image":[{"width":849,"height":565,"url":"https:\/\/www.movacolor.com\/wp-content\/uploads\/2023\/03\/7-packaging.jpg","type":"image\/jpeg"}],"twitter_card":"summary_large_image","twitter_misc":{"Dur\u00e9e de lecture estim\u00e9e":"1 minute"},"schema":{"@context":"https:\/\/schema.org","@graph":[{"@type":"WebPage","@id":"https:\/\/www.movacolor.com\/fr\/secteur\/emballage\/","url":"https:\/\/www.movacolor.com\/fr\/secteur\/emballage\/","name":"Emballage - Movacolor","isPartOf":{"@id":"https:\/\/www.movacolor.com\/fr\/#website"},"primaryImageOfPage":{"@id":"https:\/\/www.movacolor.com\/fr\/secteur\/emballage\/#primaryimage"},"image":{"@id":"https:\/\/www.movacolor.com\/fr\/secteur\/emballage\/#primaryimage"},"thumbnailUrl":"https:\/\/www.movacolor.com\/wp-content\/uploads\/2023\/03\/7-packaging.jpg","datePublished":"2023-03-22T11:58:47+00:00","dateModified":"2024-02-09T19:57:07+00:00","description":"Kontrollieren Sie die Qualit\u00e4t von Kunststoffen mit den Gravim\u00e9trique- und volumetrischen Dosiersystemen von Movacolor. Pr\u00e4zision und Stabilit\u00e4t maximal.","breadcrumb":{"@id":"https:\/\/www.movacolor.com\/fr\/secteur\/emballage\/#breadcrumb"},"inLanguage":"fr-FR","potentialAction":[{"@type":"ReadAction","target":["https:\/\/www.movacolor.com\/fr\/secteur\/emballage\/"]}]},{"@type":"ImageObject","inLanguage":"fr-FR","@id":"https:\/\/www.movacolor.com\/fr\/secteur\/emballage\/#primaryimage","url":"https:\/\/www.movacolor.com\/wp-content\/uploads\/2023\/03\/7-packaging.jpg","contentUrl":"https:\/\/www.movacolor.com\/wp-content\/uploads\/2023\/03\/7-packaging.jpg","width":849,"height":565,"caption":"Packaging"},{"@type":"BreadcrumbList","@id":"https:\/\/www.movacolor.com\/fr\/secteur\/emballage\/#breadcrumb","itemListElement":[{"@type":"ListItem","position":1,"name":"Home","item":"https:\/\/www.movacolor.com\/fr\/"},{"@type":"ListItem","position":2,"name":"Secteur","item":"https:\/\/www.movacolor.com\/fr\/secteur\/"},{"@type":"ListItem","position":3,"name":"Emballage"}]},{"@type":"WebSite","@id":"https:\/\/www.movacolor.com\/fr\/#website","url":"https:\/\/www.movacolor.com\/fr\/","name":"Movacolor","description":"modular dosing solutions","potentialAction":[{"@type":"SearchAction","target":{"@type":"EntryPoint","urlTemplate":"https:\/\/www.movacolor.com\/fr\/?s={search_term_string}"},"query-input":{"@type":"PropertyValueSpecification","valueRequired":true,"valueName":"search_term_string"}}],"inLanguage":"fr-FR"}]}},"_links":{"self":[{"href":"https:\/\/www.movacolor.com\/fr\/wp-json\/wp\/v2\/pages\/7449","targetHints":{"allow":["GET"]}}],"collection":[{"href":"https:\/\/www.movacolor.com\/fr\/wp-json\/wp\/v2\/pages"}],"about":[{"href":"https:\/\/www.movacolor.com\/fr\/wp-json\/wp\/v2\/types\/page"}],"author":[{"embeddable":true,"href":"https:\/\/www.movacolor.com\/fr\/wp-json\/wp\/v2\/users\/6"}],"replies":[{"embeddable":true,"href":"https:\/\/www.movacolor.com\/fr\/wp-json\/wp\/v2\/comments?post=7449"}],"version-history":[{"count":1,"href":"https:\/\/www.movacolor.com\/fr\/wp-json\/wp\/v2\/pages\/7449\/revisions"}],"predecessor-version":[{"id":17129,"href":"https:\/\/www.movacolor.com\/fr\/wp-json\/wp\/v2\/pages\/7449\/revisions\/17129"}],"up":[{"embeddable":true,"href":"https:\/\/www.movacolor.com\/fr\/wp-json\/wp\/v2\/pages\/7441"}],"wp:featuredmedia":[{"embeddable":true,"href":"https:\/\/www.movacolor.com\/fr\/wp-json\/wp\/v2\/media\/3530"}],"wp:attachment":[{"href":"https:\/\/www.movacolor.com\/fr\/wp-json\/wp\/v2\/media?parent=7449"}],"curies":[{"name":"wp","href":"https:\/\/api.w.org\/{rel}","templated":true}]}}