{"id":7444,"date":"2023-03-22T14:13:56","date_gmt":"2023-03-22T12:13:56","guid":{"rendered":"https:\/\/www.movacolor.com\/secteur\/jouets\/"},"modified":"2024-02-09T19:02:55","modified_gmt":"2024-02-09T17:02:55","slug":"jouets","status":"publish","type":"page","link":"https:\/\/www.movacolor.com\/fr\/secteur\/jouets\/","title":{"rendered":"Jouets"},"content":{"rendered":"<p>Les fabricants de jouets ont besoin d&#8217;une grande pr\u00e9cision en mati\u00e8re de dosage et de stabilit\u00e9. Des plus petites pi\u00e8ces aux plus grands jouets, ils doivent pouvoir changer de couleur rapidement. Un syst\u00e8me de dosage gravim\u00e9trique, optom\u00e9trique ou volum\u00e9trique permet de changer de couleur en 60 secondes.<\/p>\n","protected":false},"excerpt":{"rendered":"<p>Les fabricants de jouets ont besoin d&#8217;une grande pr\u00e9cision en mati\u00e8re de dosage et de stabilit\u00e9. Des plus petites pi\u00e8ces aux plus grands jouets, ils doivent pouvoir changer de couleur rapidement. Un syst\u00e8me de dosage gravim\u00e9trique, optom\u00e9trique ou volum\u00e9trique permet de changer de couleur en 60 secondes.<\/p>\n","protected":false},"author":6,"featured_media":3547,"parent":7441,"menu_order":0,"comment_status":"closed","ping_status":"closed","template":"","meta":{"_acf_changed":false,"footnotes":""},"class_list":["post-7444","page","type-page","status-publish","has-post-thumbnail","hentry","us_portfolio_tag-toys-fr"],"acf":[],"yoast_head":"<!-- This site is optimized with the Yoast SEO plugin v26.4 - https:\/\/yoast.com\/wordpress\/plugins\/seo\/ -->\n<title>Jouets - Movacolor<\/title>\n<meta name=\"description\" content=\"Pr\u00e9cision et stabilit\u00e9 pour les fabricants de jouets avec les syst\u00e8mes de dosage Movacolor. Changement de couleur rapide, \u00e9conomies garanties!\" \/>\n<meta name=\"robots\" content=\"index, follow, max-snippet:-1, max-image-preview:large, max-video-preview:-1\" \/>\n<link rel=\"canonical\" href=\"https:\/\/www.movacolor.com\/fr\/secteur\/jouets\/\" \/>\n<meta property=\"og:locale\" content=\"fr_FR\" \/>\n<meta property=\"og:type\" content=\"article\" \/>\n<meta property=\"og:title\" content=\"Jouets - Movacolor\" \/>\n<meta property=\"og:description\" content=\"Pr\u00e9cision et stabilit\u00e9 pour les fabricants de jouets avec les syst\u00e8mes de dosage Movacolor. Changement de couleur rapide, \u00e9conomies garanties!\" \/>\n<meta property=\"og:url\" content=\"https:\/\/www.movacolor.com\/fr\/secteur\/jouets\/\" \/>\n<meta property=\"og:site_name\" content=\"Movacolor\" \/>\n<meta property=\"article:modified_time\" content=\"2024-02-09T17:02:55+00:00\" \/>\n<meta property=\"og:image\" content=\"https:\/\/www.movacolor.com\/wp-content\/uploads\/2023\/03\/Playmobil-aquarium.jpg\" \/>\n\t<meta property=\"og:image:width\" content=\"1160\" \/>\n\t<meta property=\"og:image:height\" content=\"1160\" \/>\n\t<meta property=\"og:image:type\" content=\"image\/jpeg\" \/>\n<meta name=\"twitter:card\" content=\"summary_large_image\" \/>\n<meta name=\"twitter:label1\" content=\"Dur\u00e9e de lecture estim\u00e9e\" \/>\n\t<meta name=\"twitter:data1\" content=\"1 minute\" \/>\n<script type=\"application\/ld+json\" class=\"yoast-schema-graph\">{\"@context\":\"https:\/\/schema.org\",\"@graph\":[{\"@type\":\"WebPage\",\"@id\":\"https:\/\/www.movacolor.com\/fr\/secteur\/jouets\/\",\"url\":\"https:\/\/www.movacolor.com\/fr\/secteur\/jouets\/\",\"name\":\"Jouets - Movacolor\",\"isPartOf\":{\"@id\":\"https:\/\/www.movacolor.com\/fr\/#website\"},\"primaryImageOfPage\":{\"@id\":\"https:\/\/www.movacolor.com\/fr\/secteur\/jouets\/#primaryimage\"},\"image\":{\"@id\":\"https:\/\/www.movacolor.com\/fr\/secteur\/jouets\/#primaryimage\"},\"thumbnailUrl\":\"https:\/\/www.movacolor.com\/wp-content\/uploads\/2023\/03\/Playmobil-aquarium.jpg\",\"datePublished\":\"2023-03-22T12:13:56+00:00\",\"dateModified\":\"2024-02-09T17:02:55+00:00\",\"description\":\"Pr\u00e9cision et stabilit\u00e9 pour les fabricants de jouets avec les syst\u00e8mes de dosage Movacolor. Changement de couleur rapide, \u00e9conomies garanties!\",\"breadcrumb\":{\"@id\":\"https:\/\/www.movacolor.com\/fr\/secteur\/jouets\/#breadcrumb\"},\"inLanguage\":\"fr-FR\",\"potentialAction\":[{\"@type\":\"ReadAction\",\"target\":[\"https:\/\/www.movacolor.com\/fr\/secteur\/jouets\/\"]}]},{\"@type\":\"ImageObject\",\"inLanguage\":\"fr-FR\",\"@id\":\"https:\/\/www.movacolor.com\/fr\/secteur\/jouets\/#primaryimage\",\"url\":\"https:\/\/www.movacolor.com\/wp-content\/uploads\/2023\/03\/Playmobil-aquarium.jpg\",\"contentUrl\":\"https:\/\/www.movacolor.com\/wp-content\/uploads\/2023\/03\/Playmobil-aquarium.jpg\",\"width\":1160,\"height\":1160,\"caption\":\"Playmobil aquarium\"},{\"@type\":\"BreadcrumbList\",\"@id\":\"https:\/\/www.movacolor.com\/fr\/secteur\/jouets\/#breadcrumb\",\"itemListElement\":[{\"@type\":\"ListItem\",\"position\":1,\"name\":\"Home\",\"item\":\"https:\/\/www.movacolor.com\/fr\/\"},{\"@type\":\"ListItem\",\"position\":2,\"name\":\"Secteur\",\"item\":\"https:\/\/www.movacolor.com\/fr\/secteur\/\"},{\"@type\":\"ListItem\",\"position\":3,\"name\":\"Jouets\"}]},{\"@type\":\"WebSite\",\"@id\":\"https:\/\/www.movacolor.com\/fr\/#website\",\"url\":\"https:\/\/www.movacolor.com\/fr\/\",\"name\":\"Movacolor\",\"description\":\"modular dosing solutions\",\"potentialAction\":[{\"@type\":\"SearchAction\",\"target\":{\"@type\":\"EntryPoint\",\"urlTemplate\":\"https:\/\/www.movacolor.com\/fr\/?s={search_term_string}\"},\"query-input\":{\"@type\":\"PropertyValueSpecification\",\"valueRequired\":true,\"valueName\":\"search_term_string\"}}],\"inLanguage\":\"fr-FR\"}]}<\/script>\n<!-- \/ Yoast SEO plugin. -->","yoast_head_json":{"title":"Jouets - Movacolor","description":"Pr\u00e9cision et stabilit\u00e9 pour les fabricants de jouets avec les syst\u00e8mes de dosage Movacolor. Changement de couleur rapide, \u00e9conomies garanties!","robots":{"index":"index","follow":"follow","max-snippet":"max-snippet:-1","max-image-preview":"max-image-preview:large","max-video-preview":"max-video-preview:-1"},"canonical":"https:\/\/www.movacolor.com\/fr\/secteur\/jouets\/","og_locale":"fr_FR","og_type":"article","og_title":"Jouets - Movacolor","og_description":"Pr\u00e9cision et stabilit\u00e9 pour les fabricants de jouets avec les syst\u00e8mes de dosage Movacolor. Changement de couleur rapide, \u00e9conomies garanties!","og_url":"https:\/\/www.movacolor.com\/fr\/secteur\/jouets\/","og_site_name":"Movacolor","article_modified_time":"2024-02-09T17:02:55+00:00","og_image":[{"width":1160,"height":1160,"url":"https:\/\/www.movacolor.com\/wp-content\/uploads\/2023\/03\/Playmobil-aquarium.jpg","type":"image\/jpeg"}],"twitter_card":"summary_large_image","twitter_misc":{"Dur\u00e9e de lecture estim\u00e9e":"1 minute"},"schema":{"@context":"https:\/\/schema.org","@graph":[{"@type":"WebPage","@id":"https:\/\/www.movacolor.com\/fr\/secteur\/jouets\/","url":"https:\/\/www.movacolor.com\/fr\/secteur\/jouets\/","name":"Jouets - Movacolor","isPartOf":{"@id":"https:\/\/www.movacolor.com\/fr\/#website"},"primaryImageOfPage":{"@id":"https:\/\/www.movacolor.com\/fr\/secteur\/jouets\/#primaryimage"},"image":{"@id":"https:\/\/www.movacolor.com\/fr\/secteur\/jouets\/#primaryimage"},"thumbnailUrl":"https:\/\/www.movacolor.com\/wp-content\/uploads\/2023\/03\/Playmobil-aquarium.jpg","datePublished":"2023-03-22T12:13:56+00:00","dateModified":"2024-02-09T17:02:55+00:00","description":"Pr\u00e9cision et stabilit\u00e9 pour les fabricants de jouets avec les syst\u00e8mes de dosage Movacolor. Changement de couleur rapide, \u00e9conomies garanties!","breadcrumb":{"@id":"https:\/\/www.movacolor.com\/fr\/secteur\/jouets\/#breadcrumb"},"inLanguage":"fr-FR","potentialAction":[{"@type":"ReadAction","target":["https:\/\/www.movacolor.com\/fr\/secteur\/jouets\/"]}]},{"@type":"ImageObject","inLanguage":"fr-FR","@id":"https:\/\/www.movacolor.com\/fr\/secteur\/jouets\/#primaryimage","url":"https:\/\/www.movacolor.com\/wp-content\/uploads\/2023\/03\/Playmobil-aquarium.jpg","contentUrl":"https:\/\/www.movacolor.com\/wp-content\/uploads\/2023\/03\/Playmobil-aquarium.jpg","width":1160,"height":1160,"caption":"Playmobil aquarium"},{"@type":"BreadcrumbList","@id":"https:\/\/www.movacolor.com\/fr\/secteur\/jouets\/#breadcrumb","itemListElement":[{"@type":"ListItem","position":1,"name":"Home","item":"https:\/\/www.movacolor.com\/fr\/"},{"@type":"ListItem","position":2,"name":"Secteur","item":"https:\/\/www.movacolor.com\/fr\/secteur\/"},{"@type":"ListItem","position":3,"name":"Jouets"}]},{"@type":"WebSite","@id":"https:\/\/www.movacolor.com\/fr\/#website","url":"https:\/\/www.movacolor.com\/fr\/","name":"Movacolor","description":"modular dosing solutions","potentialAction":[{"@type":"SearchAction","target":{"@type":"EntryPoint","urlTemplate":"https:\/\/www.movacolor.com\/fr\/?s={search_term_string}"},"query-input":{"@type":"PropertyValueSpecification","valueRequired":true,"valueName":"search_term_string"}}],"inLanguage":"fr-FR"}]}},"_links":{"self":[{"href":"https:\/\/www.movacolor.com\/fr\/wp-json\/wp\/v2\/pages\/7444","targetHints":{"allow":["GET"]}}],"collection":[{"href":"https:\/\/www.movacolor.com\/fr\/wp-json\/wp\/v2\/pages"}],"about":[{"href":"https:\/\/www.movacolor.com\/fr\/wp-json\/wp\/v2\/types\/page"}],"author":[{"embeddable":true,"href":"https:\/\/www.movacolor.com\/fr\/wp-json\/wp\/v2\/users\/6"}],"replies":[{"embeddable":true,"href":"https:\/\/www.movacolor.com\/fr\/wp-json\/wp\/v2\/comments?post=7444"}],"version-history":[{"count":1,"href":"https:\/\/www.movacolor.com\/fr\/wp-json\/wp\/v2\/pages\/7444\/revisions"}],"predecessor-version":[{"id":17110,"href":"https:\/\/www.movacolor.com\/fr\/wp-json\/wp\/v2\/pages\/7444\/revisions\/17110"}],"up":[{"embeddable":true,"href":"https:\/\/www.movacolor.com\/fr\/wp-json\/wp\/v2\/pages\/7441"}],"wp:featuredmedia":[{"embeddable":true,"href":"https:\/\/www.movacolor.com\/fr\/wp-json\/wp\/v2\/media\/3547"}],"wp:attachment":[{"href":"https:\/\/www.movacolor.com\/fr\/wp-json\/wp\/v2\/media?parent=7444"}],"curies":[{"name":"wp","href":"https:\/\/api.w.org\/{rel}","templated":true}]}}