{"id":7414,"date":"2023-01-11T09:00:18","date_gmt":"2023-01-11T07:00:18","guid":{"rendered":"https:\/\/www.movacolor.com\/contact\/representants\/"},"modified":"2023-11-28T16:51:17","modified_gmt":"2023-11-28T14:51:17","slug":"representants","status":"publish","type":"page","link":"https:\/\/www.movacolor.com\/fr\/contact\/distributeurs-et-agents\/","title":{"rendered":"Distributeurs et agents"},"content":{"rendered":"<section class=\"l-section wpb_row us_custom_60e9caca us_animate_this height_auto\"><div class=\"l-section-h i-cf\"><div class=\"g-cols vc_row via_flex valign_top type_boxes stacking_default\"><div class=\"vc_col-sm-12 wpb_column vc_column_container\"><div class=\"vc_column-inner us_custom_3d831995\"><div class=\"wpb_wrapper\"><div class=\"wpb_text_column\"><div class=\"wpb_wrapper\"><h1>Distributeurs et agents<\/h1>\n<p>Movacolor dispose d&#8217;un r\u00e9seau mondial de distributeurs et d&#8217;agents qui ont une grande exp\u00e9rience dans les domaines du moulage par injection et de l&#8217;extrusion. Chaque repr\u00e9sentant est sp\u00e9cialis\u00e9 dans les applications des syst\u00e8mes de dosage Movacolor et dans les exigences de dosage des producteurs de mati\u00e8res plastiques.<\/p>\n<\/div><\/div><\/div><\/div><\/div><\/div><\/div><\/section><section class=\"l-section wpb_row us_custom_c70c97eb height_auto width_full\"><div class=\"l-section-h i-cf\"><div class=\"g-cols vc_row via_flex valign_top type_boxes stacking_default\"><div class=\"vc_col-sm-12 wpb_column vc_column_container\"><div class=\"vc_column-inner\"><div class=\"wpb_wrapper\"><div class=\"w-html\"><div id=\"wpsl-wrap\">\r\n\t\t<\/div>\r\n\t<\/div>\r\n\t<div id=\"wpsl-gmap\" class=\"wpsl-gmap-canvas\"><\/div>\r\n\t<div id=\"wpsl-result-list\">\r\n\t\t\t<form autocomplete=\"off\">\r\n\t\t\t<div class=\"wpsl-input\">\r\n\t<div class=\"legend-mob\"><div class=\"w-hwrapper align_none valign_top wpsl-cat-wrapper\"><div class=\"w-iconbox iconpos_left style_default color_primary align_left no_text icontype_img\"><div class=\"w-iconbox-icon\" style=\"font-size:2rem;\"><img decoding=\"async\" src=\"https:\/\/www.movacolor.com\/wp-content\/uploads\/2025\/02\/Movacolor-kantoor-aanwijzer-store-locator-.png\" alt=\"Bureau Movacolor\"><\/div><div class=\"w-iconbox-meta\"><div class=\"w-iconbox-title\">Bureau Movacolor<\/div><\/div><\/div><div class=\"w-iconbox iconpos_left style_default color_primary align_left no_text icontype_img\"><div class=\"w-iconbox-icon\" style=\"font-size:2rem;\"><img decoding=\"async\" src=\"https:\/\/www.movacolor.com\/wp-content\/uploads\/2025\/02\/Location-point-store-locator-website-.png\" alt=\"Partenaire Commercial\"><\/div><div class=\"w-iconbox-meta\"><div class=\"w-iconbox-title\">Partenaire Commercial<\/div><\/div><\/div><\/div><\/div>\r\n\t\t\t\t<div><h5><label for=\"wpsl-search-input\">Find your local Channel Partner<\/label><\/h5><\/div>\r\n\t\t\t<div class=\"wpsl-search-wrapper\">\r\n\t\t\t\t<input id=\"wpsl-search-input\" class=\"wpsl-input-field\" type=\"text\" value=\"\" name=\"wpsl-search-input\" placeholder=\"Votre lieu de r\u00e9sidence\" aria-required=\"true\" \/>\r\n\t\t\t\t<input id=\"wpsl-search-btn\" class=\"wpsl-btn fa-input\" type=\"submit\" value=\"&#xf002;\">\r\n\t\t\t<\/div>\r\n\t\t<\/form>\r\n\t\t\t<\/div>\r\n\t\t<div id=\"wpsl-stores\" >\r\n\t\t\t<ul><\/ul>\r\n\t\t<\/div>\r\n\t\t<div id=\"wpsl-direction-details\">\r\n\t\t\t<ul><\/ul>\r\n\t\t<\/div>\r\n\t<\/div>\r\n\t<div class=\"legend\"><div class=\"w-hwrapper align_none valign_top wpsl-cat-wrapper\"><div class=\"w-iconbox iconpos_left style_default color_primary align_left no_text icontype_img\"><div class=\"w-iconbox-icon\" style=\"font-size:2rem;\"><img decoding=\"async\" src=\"https:\/\/www.movacolor.com\/wp-content\/uploads\/2025\/02\/Movacolor-kantoor-aanwijzer-store-locator-.png\" alt=\"Bureau Movacolor\"><\/div><div class=\"w-iconbox-meta\"><div class=\"w-iconbox-title\">Bureau Movacolor<\/div><\/div><\/div><div class=\"w-iconbox iconpos_left style_default color_primary align_left no_text icontype_img\"><div class=\"w-iconbox-icon\" style=\"font-size:2rem;\"><img decoding=\"async\" src=\"https:\/\/www.movacolor.com\/wp-content\/uploads\/2025\/02\/Location-point-store-locator-website-.png\" alt=\"Partenaire Commercial\"><\/div><div class=\"w-iconbox-meta\"><div class=\"w-iconbox-title\">Partenaire Commercial<\/div><\/div><\/div><\/div><\/div>\r\n<\/div>\r\n<\/div><\/div><\/div><\/div><\/div><\/div><\/section>\n","protected":false},"excerpt":{"rendered":"Distributeurs et agents Movacolor dispose d&#8217;un r\u00e9seau mondial de distributeurs et d&#8217;agents qui ont une grande exp\u00e9rience dans les domaines du moulage par injection et de l&#8217;extrusion. Chaque repr\u00e9sentant est sp\u00e9cialis\u00e9 dans les applications des syst\u00e8mes de dosage Movacolor et dans les exigences de dosage des producteurs de mati\u00e8res plastiques. Bureau MovacolorPartenaire Commercial Find your...","protected":false},"author":2,"featured_media":0,"parent":7408,"menu_order":0,"comment_status":"closed","ping_status":"closed","template":"","meta":{"_acf_changed":false,"footnotes":""},"class_list":["post-7414","page","type-page","status-publish","hentry"],"acf":[],"yoast_head":"<!-- This site is optimized with the Yoast SEO plugin v26.4 - https:\/\/yoast.com\/wordpress\/plugins\/seo\/ -->\n<title>Distributeurs et agents - Movacolor<\/title>\n<meta name=\"description\" content=\"Prenez contact avec votre distributeur ou agent Movacolor local d\u00e8s aujourd&#039;hui !\" \/>\n<meta name=\"robots\" content=\"index, follow, max-snippet:-1, max-image-preview:large, max-video-preview:-1\" \/>\n<link rel=\"canonical\" href=\"https:\/\/www.movacolor.com\/fr\/contact\/distributeurs-et-agents\/\" \/>\n<meta property=\"og:locale\" content=\"fr_FR\" \/>\n<meta property=\"og:type\" content=\"article\" \/>\n<meta property=\"og:title\" content=\"Distributeurs et agents - Movacolor\" \/>\n<meta property=\"og:description\" content=\"Prenez contact avec votre distributeur ou agent Movacolor local d\u00e8s aujourd&#039;hui !\" \/>\n<meta property=\"og:url\" content=\"https:\/\/www.movacolor.com\/fr\/contact\/distributeurs-et-agents\/\" \/>\n<meta property=\"og:site_name\" content=\"Movacolor\" \/>\n<meta property=\"article:modified_time\" content=\"2023-11-28T14:51:17+00:00\" \/>\n<meta name=\"twitter:card\" content=\"summary_large_image\" \/>\n<meta name=\"twitter:label1\" content=\"Dur\u00e9e de lecture estim\u00e9e\" \/>\n\t<meta name=\"twitter:data1\" content=\"1 minute\" \/>\n<script type=\"application\/ld+json\" class=\"yoast-schema-graph\">{\"@context\":\"https:\/\/schema.org\",\"@graph\":[{\"@type\":\"WebPage\",\"@id\":\"https:\/\/www.movacolor.com\/fr\/contact\/distributeurs-et-agents\/\",\"url\":\"https:\/\/www.movacolor.com\/fr\/contact\/distributeurs-et-agents\/\",\"name\":\"Distributeurs et agents - Movacolor\",\"isPartOf\":{\"@id\":\"https:\/\/www.movacolor.com\/fr\/#website\"},\"datePublished\":\"2023-01-11T07:00:18+00:00\",\"dateModified\":\"2023-11-28T14:51:17+00:00\",\"description\":\"Prenez contact avec votre distributeur ou agent Movacolor local d\u00e8s aujourd'hui !\",\"breadcrumb\":{\"@id\":\"https:\/\/www.movacolor.com\/fr\/contact\/distributeurs-et-agents\/#breadcrumb\"},\"inLanguage\":\"fr-FR\",\"potentialAction\":[{\"@type\":\"ReadAction\",\"target\":[\"https:\/\/www.movacolor.com\/fr\/contact\/distributeurs-et-agents\/\"]}]},{\"@type\":\"BreadcrumbList\",\"@id\":\"https:\/\/www.movacolor.com\/fr\/contact\/distributeurs-et-agents\/#breadcrumb\",\"itemListElement\":[{\"@type\":\"ListItem\",\"position\":1,\"name\":\"Home\",\"item\":\"https:\/\/www.movacolor.com\/fr\/\"},{\"@type\":\"ListItem\",\"position\":2,\"name\":\"Contact\",\"item\":\"https:\/\/www.movacolor.com\/fr\/contact\/\"},{\"@type\":\"ListItem\",\"position\":3,\"name\":\"Distributeurs et agents\"}]},{\"@type\":\"WebSite\",\"@id\":\"https:\/\/www.movacolor.com\/fr\/#website\",\"url\":\"https:\/\/www.movacolor.com\/fr\/\",\"name\":\"Movacolor\",\"description\":\"modular dosing solutions\",\"potentialAction\":[{\"@type\":\"SearchAction\",\"target\":{\"@type\":\"EntryPoint\",\"urlTemplate\":\"https:\/\/www.movacolor.com\/fr\/?s={search_term_string}\"},\"query-input\":{\"@type\":\"PropertyValueSpecification\",\"valueRequired\":true,\"valueName\":\"search_term_string\"}}],\"inLanguage\":\"fr-FR\"}]}<\/script>\n<!-- \/ Yoast SEO plugin. -->","yoast_head_json":{"title":"Distributeurs et agents - Movacolor","description":"Prenez contact avec votre distributeur ou agent Movacolor local d\u00e8s aujourd'hui !","robots":{"index":"index","follow":"follow","max-snippet":"max-snippet:-1","max-image-preview":"max-image-preview:large","max-video-preview":"max-video-preview:-1"},"canonical":"https:\/\/www.movacolor.com\/fr\/contact\/distributeurs-et-agents\/","og_locale":"fr_FR","og_type":"article","og_title":"Distributeurs et agents - Movacolor","og_description":"Prenez contact avec votre distributeur ou agent Movacolor local d\u00e8s aujourd'hui !","og_url":"https:\/\/www.movacolor.com\/fr\/contact\/distributeurs-et-agents\/","og_site_name":"Movacolor","article_modified_time":"2023-11-28T14:51:17+00:00","twitter_card":"summary_large_image","twitter_misc":{"Dur\u00e9e de lecture estim\u00e9e":"1 minute"},"schema":{"@context":"https:\/\/schema.org","@graph":[{"@type":"WebPage","@id":"https:\/\/www.movacolor.com\/fr\/contact\/distributeurs-et-agents\/","url":"https:\/\/www.movacolor.com\/fr\/contact\/distributeurs-et-agents\/","name":"Distributeurs et agents - Movacolor","isPartOf":{"@id":"https:\/\/www.movacolor.com\/fr\/#website"},"datePublished":"2023-01-11T07:00:18+00:00","dateModified":"2023-11-28T14:51:17+00:00","description":"Prenez contact avec votre distributeur ou agent Movacolor local d\u00e8s aujourd'hui !","breadcrumb":{"@id":"https:\/\/www.movacolor.com\/fr\/contact\/distributeurs-et-agents\/#breadcrumb"},"inLanguage":"fr-FR","potentialAction":[{"@type":"ReadAction","target":["https:\/\/www.movacolor.com\/fr\/contact\/distributeurs-et-agents\/"]}]},{"@type":"BreadcrumbList","@id":"https:\/\/www.movacolor.com\/fr\/contact\/distributeurs-et-agents\/#breadcrumb","itemListElement":[{"@type":"ListItem","position":1,"name":"Home","item":"https:\/\/www.movacolor.com\/fr\/"},{"@type":"ListItem","position":2,"name":"Contact","item":"https:\/\/www.movacolor.com\/fr\/contact\/"},{"@type":"ListItem","position":3,"name":"Distributeurs et agents"}]},{"@type":"WebSite","@id":"https:\/\/www.movacolor.com\/fr\/#website","url":"https:\/\/www.movacolor.com\/fr\/","name":"Movacolor","description":"modular dosing solutions","potentialAction":[{"@type":"SearchAction","target":{"@type":"EntryPoint","urlTemplate":"https:\/\/www.movacolor.com\/fr\/?s={search_term_string}"},"query-input":{"@type":"PropertyValueSpecification","valueRequired":true,"valueName":"search_term_string"}}],"inLanguage":"fr-FR"}]}},"_links":{"self":[{"href":"https:\/\/www.movacolor.com\/fr\/wp-json\/wp\/v2\/pages\/7414","targetHints":{"allow":["GET"]}}],"collection":[{"href":"https:\/\/www.movacolor.com\/fr\/wp-json\/wp\/v2\/pages"}],"about":[{"href":"https:\/\/www.movacolor.com\/fr\/wp-json\/wp\/v2\/types\/page"}],"author":[{"embeddable":true,"href":"https:\/\/www.movacolor.com\/fr\/wp-json\/wp\/v2\/users\/2"}],"replies":[{"embeddable":true,"href":"https:\/\/www.movacolor.com\/fr\/wp-json\/wp\/v2\/comments?post=7414"}],"version-history":[{"count":5,"href":"https:\/\/www.movacolor.com\/fr\/wp-json\/wp\/v2\/pages\/7414\/revisions"}],"predecessor-version":[{"id":10242,"href":"https:\/\/www.movacolor.com\/fr\/wp-json\/wp\/v2\/pages\/7414\/revisions\/10242"}],"up":[{"embeddable":true,"href":"https:\/\/www.movacolor.com\/fr\/wp-json\/wp\/v2\/pages\/7408"}],"wp:attachment":[{"href":"https:\/\/www.movacolor.com\/fr\/wp-json\/wp\/v2\/media?parent=7414"}],"curies":[{"name":"wp","href":"https:\/\/api.w.org\/{rel}","templated":true}]}}