{"id":7399,"date":"2023-03-20T09:25:11","date_gmt":"2023-03-20T07:25:11","guid":{"rendered":"https:\/\/www.movacolor.com\/alimentateur-volumetrique\/"},"modified":"2023-07-24T07:58:18","modified_gmt":"2023-07-24T05:58:18","slug":"alimentateur-volumetrique","status":"publish","type":"page","link":"https:\/\/www.movacolor.com\/fr\/volumetric-feeder\/","title":{"rendered":"Alimentateur volum\u00e9trique"},"content":{"rendered":"<section class=\"l-section wpb_row height_medium\"><div class=\"l-section-h i-cf\"><div class=\"g-cols vc_row via_flex valign_top type_default stacking_default\"><div class=\"vc_col-sm-12 wpb_column vc_column_container\"><div class=\"vc_column-inner\"><div class=\"wpb_wrapper\"><div class=\"wpb_text_column\"><div class=\"wpb_wrapper\"><h2>Doseurs volum\u00e9triques pour l&#8217;extrusion et le moulage par injection<\/h2>\n<p>Le dosage \u00e0 l&#8217;aide d&#8217;un doseur volum\u00e9trique consiste \u00e0 ajouter des m\u00e9langes-ma\u00eetres, des poudres, des rebroy\u00e9s ou des additifs liquides par volume dans un processus de production de mati\u00e8res plastiques. Un doseur volum\u00e9trique doit \u00eatre calibr\u00e9 manuellement car le volume peut varier en raison de facteurs externes. L&#8217;alimentation volum\u00e9trique est utilis\u00e9e \u00e0 la fois pour le moulage par injection et l&#8217;extrusion.<\/p>\n<h2>Doseurs volum\u00e9triques \u00e0 faible investissement<\/h2>\n<p>Dans l&#8217;industrie du moulage par injection, le doseur volum\u00e9trique MDS 6 Feeder (MC12) de Movacolor est bien vendu. Il s&#8217;agit du doseur volum\u00e9trique le moins cher de Movacolor, qui convient \u00e9galement tr\u00e8s bien aux applications d&#8217;extrusion. Pour l&#8217;industrie de l&#8217;extrusion, Movacolor propose le doseur volum\u00e9trique MDS 6 Feeder (MC18), qui s&#8217;adapte automatiquement \u00e0 la vitesse de l&#8217;extrudeuse. Les robustes MC12 Economy et MC18 synchronic ont une capacit\u00e9 de 0,07 \u00e0 180 kg\/h, repr\u00e9sentent un investissement relativement faible, permettent de r\u00e9aliser imm\u00e9diatement des \u00e9conomies importantes et sont faciles \u00e0 utiliser gr\u00e2ce \u00e0 un panneau de commande.<\/p>\n<p>Ces deux doseurs volum\u00e9triques comportent \u00e9galement une version MDS 200 Compact Feeder (MC12) utilis\u00e9e pour les plus petites machines de moulage par injection et capable de doser des m\u00e9langes-ma\u00eetres et des poudres avec une capacit\u00e9 variant de 0,01 \u00e0 1,0 gr\/s. Les producteurs de plastique qui optent pour un chargeur de tr\u00e9mie automatique pour remplir automatiquement la tr\u00e9mie de m\u00e9lange-ma\u00eetre, de poudre ou de rebroy\u00e9 choisissent le doseur MDS 6 (MC18).<\/p>\n<h2>Doseurs volum\u00e9triques avec fonctions suppl\u00e9mentaires<\/h2>\n<p>Est-il toujours n\u00e9cessaire de calibrer un doseur volum\u00e9trique \u00e0 la main ? Non, ce n&#8217;est pas n\u00e9cessaire. Le doseur volum\u00e9trique MDS 6 Feeder (MC30) de Movacolor est \u00e9quip\u00e9 d&#8217;une fonction de calibrage automatique du mat\u00e9riau. Les autres caract\u00e9ristiques du doseur volum\u00e9trique MDS 6 Feebder (MC30) sont les suivantes :<\/p>\n<ul>\n<li>Alimentation pr\u00e9cise par le cylindre de dosage<\/li>\n<li>Vitesse du moteur pas \u00e0 pas de 0,1 \u00e0 200 tr\/min<\/li>\n<li>R\u00e9glage manuel<\/li>\n<li>Capacit\u00e9 de 0,07 \u00e0 180 kg\/h, mesur\u00e9e avec un m\u00e9lange ma\u00eetre granulaire<\/li>\n<li>normal de 0,8 kg\/dm3<\/li>\n<li>Fonction de stockage automatique des recettes<br \/>\nLa commande guid\u00e9e par menu est dot\u00e9e d&#8217;un \u00e9cran graphique LCD r\u00e9tro\u00e9clair\u00e9.<\/li>\n<li>Une sortie d&#8217;avertissement et d&#8217;alarme et une commande int\u00e9gr\u00e9e du chargeur de tr\u00e9mie font \u00e9galement partie de l&#8217;alimentateur MDS 6 (MC30).<\/li>\n<li>Cet alimentateur volum\u00e9trique convient \u00e0 la fois au moulage par injection et \u00e0 l&#8217;extrusion.<\/li>\n<\/ul>\n<p>Alimentation volum\u00e9trique avec un cylindre de dosage de haute pr\u00e9cision<br \/>\nTous nos doseurs volum\u00e9triques sont \u00e9quip\u00e9s d&#8217;un cylindre de dosage Movacolor unique et de haute pr\u00e9cision. Le cylindre de dosage Movacolor dose l&#8217;additif dans un flux r\u00e9gulier directement dans le mat\u00e9riau principal, sans interruption ni pulsation. Le dosage \u00e0 l&#8217;aide d&#8217;un cylindre de dosage Movacolor garantit un dosage beaucoup plus pr\u00e9cis que d&#8217;autres techniques de dosage utilisant une vis, par exemple.<\/p>\n<h2>Quand un doseur volum\u00e9trique est-il la meilleure option?<\/h2>\n<p>Un doseur volum\u00e9trique r\u00e9pond parfaitement aux besoins des entreprises de transformation des mati\u00e8res plastiques qui souhaitent<\/p>\n<ul>\n<li>une r\u00e9duction des co\u00fbts (d&#8217;investissement)<\/li>\n<li>un dosage pr\u00e9cis lorsqu&#8217;il est calibr\u00e9 r\u00e9guli\u00e8rement \u00e0 la main<\/li>\n<li>une alimentation volum\u00e9trique pr\u00e9cise offrant un contr\u00f4le et une surveillance suppl\u00e9mentaires<\/li>\n<li>Une unit\u00e9 de dosage pr\u00e9cise en termes de durabilit\u00e9<\/li>\n<li>une plus grande efficacit\u00e9<\/li>\n<li>Plus grande stabilit\u00e9 dans le processus de production<\/li>\n<\/ul>\n<\/div><\/div><\/div><\/div><\/div><\/div><\/div><\/section>\n","protected":false},"excerpt":{"rendered":"Doseurs volum\u00e9triques pour l&#8217;extrusion et le moulage par injection Le dosage \u00e0 l&#8217;aide d&#8217;un doseur volum\u00e9trique consiste \u00e0 ajouter des m\u00e9langes-ma\u00eetres, des poudres, des rebroy\u00e9s ou des additifs liquides par volume dans un processus de production de mati\u00e8res plastiques. Un doseur volum\u00e9trique doit \u00eatre calibr\u00e9 manuellement car le volume peut varier en raison de facteurs...","protected":false},"author":6,"featured_media":0,"parent":0,"menu_order":0,"comment_status":"closed","ping_status":"closed","template":"","meta":{"_acf_changed":false,"footnotes":""},"class_list":["post-7399","page","type-page","status-publish","hentry"],"acf":[],"yoast_head":"<!-- This site is optimized with the Yoast SEO plugin v26.4 - https:\/\/yoast.com\/wordpress\/plugins\/seo\/ -->\n<title>Distributeur volum\u00e9trique &quot; Visitez notre site web et lisez plus !<\/title>\n<meta name=\"description\" content=\"Quels sont les principaux avantages d&#039;un doseur volum\u00e9trique ? Cette question et bien d&#039;autres encore sont abord\u00e9es sur le site Web de Movacolor.\" \/>\n<meta name=\"robots\" content=\"index, follow, max-snippet:-1, max-image-preview:large, max-video-preview:-1\" \/>\n<link rel=\"canonical\" href=\"https:\/\/www.movacolor.com\/fr\/volumetric-feeder\/\" \/>\n<meta property=\"og:locale\" content=\"fr_FR\" \/>\n<meta property=\"og:type\" content=\"article\" \/>\n<meta property=\"og:title\" content=\"Distributeur volum\u00e9trique &quot; Visitez notre site web et lisez plus !\" \/>\n<meta property=\"og:description\" content=\"Quels sont les principaux avantages d&#039;un doseur volum\u00e9trique ? Cette question et bien d&#039;autres encore sont abord\u00e9es sur le site Web de Movacolor.\" \/>\n<meta property=\"og:url\" content=\"https:\/\/www.movacolor.com\/fr\/volumetric-feeder\/\" \/>\n<meta property=\"og:site_name\" content=\"Movacolor\" \/>\n<meta property=\"article:modified_time\" content=\"2023-07-24T05:58:18+00:00\" \/>\n<meta name=\"twitter:card\" content=\"summary_large_image\" \/>\n<meta name=\"twitter:label1\" content=\"Dur\u00e9e de lecture estim\u00e9e\" \/>\n\t<meta name=\"twitter:data1\" content=\"3 minutes\" \/>\n<script type=\"application\/ld+json\" class=\"yoast-schema-graph\">{\"@context\":\"https:\/\/schema.org\",\"@graph\":[{\"@type\":\"WebPage\",\"@id\":\"https:\/\/www.movacolor.com\/fr\/volumetric-feeder\/\",\"url\":\"https:\/\/www.movacolor.com\/fr\/volumetric-feeder\/\",\"name\":\"Distributeur volum\u00e9trique \\\" Visitez notre site web et lisez plus !\",\"isPartOf\":{\"@id\":\"https:\/\/www.movacolor.com\/fr\/#website\"},\"datePublished\":\"2023-03-20T07:25:11+00:00\",\"dateModified\":\"2023-07-24T05:58:18+00:00\",\"description\":\"Quels sont les principaux avantages d'un doseur volum\u00e9trique ? Cette question et bien d'autres encore sont abord\u00e9es sur le site Web de Movacolor.\",\"breadcrumb\":{\"@id\":\"https:\/\/www.movacolor.com\/fr\/volumetric-feeder\/#breadcrumb\"},\"inLanguage\":\"fr-FR\",\"potentialAction\":[{\"@type\":\"ReadAction\",\"target\":[\"https:\/\/www.movacolor.com\/fr\/volumetric-feeder\/\"]}]},{\"@type\":\"BreadcrumbList\",\"@id\":\"https:\/\/www.movacolor.com\/fr\/volumetric-feeder\/#breadcrumb\",\"itemListElement\":[{\"@type\":\"ListItem\",\"position\":1,\"name\":\"Home\",\"item\":\"https:\/\/www.movacolor.com\/fr\/\"},{\"@type\":\"ListItem\",\"position\":2,\"name\":\"Alimentateur volum\u00e9trique\"}]},{\"@type\":\"WebSite\",\"@id\":\"https:\/\/www.movacolor.com\/fr\/#website\",\"url\":\"https:\/\/www.movacolor.com\/fr\/\",\"name\":\"Movacolor\",\"description\":\"modular dosing solutions\",\"potentialAction\":[{\"@type\":\"SearchAction\",\"target\":{\"@type\":\"EntryPoint\",\"urlTemplate\":\"https:\/\/www.movacolor.com\/fr\/?s={search_term_string}\"},\"query-input\":{\"@type\":\"PropertyValueSpecification\",\"valueRequired\":true,\"valueName\":\"search_term_string\"}}],\"inLanguage\":\"fr-FR\"}]}<\/script>\n<!-- \/ Yoast SEO plugin. -->","yoast_head_json":{"title":"Distributeur volum\u00e9trique \" Visitez notre site web et lisez plus !","description":"Quels sont les principaux avantages d'un doseur volum\u00e9trique ? Cette question et bien d'autres encore sont abord\u00e9es sur le site Web de Movacolor.","robots":{"index":"index","follow":"follow","max-snippet":"max-snippet:-1","max-image-preview":"max-image-preview:large","max-video-preview":"max-video-preview:-1"},"canonical":"https:\/\/www.movacolor.com\/fr\/volumetric-feeder\/","og_locale":"fr_FR","og_type":"article","og_title":"Distributeur volum\u00e9trique \" Visitez notre site web et lisez plus !","og_description":"Quels sont les principaux avantages d'un doseur volum\u00e9trique ? Cette question et bien d'autres encore sont abord\u00e9es sur le site Web de Movacolor.","og_url":"https:\/\/www.movacolor.com\/fr\/volumetric-feeder\/","og_site_name":"Movacolor","article_modified_time":"2023-07-24T05:58:18+00:00","twitter_card":"summary_large_image","twitter_misc":{"Dur\u00e9e de lecture estim\u00e9e":"3 minutes"},"schema":{"@context":"https:\/\/schema.org","@graph":[{"@type":"WebPage","@id":"https:\/\/www.movacolor.com\/fr\/volumetric-feeder\/","url":"https:\/\/www.movacolor.com\/fr\/volumetric-feeder\/","name":"Distributeur volum\u00e9trique \" Visitez notre site web et lisez plus !","isPartOf":{"@id":"https:\/\/www.movacolor.com\/fr\/#website"},"datePublished":"2023-03-20T07:25:11+00:00","dateModified":"2023-07-24T05:58:18+00:00","description":"Quels sont les principaux avantages d'un doseur volum\u00e9trique ? Cette question et bien d'autres encore sont abord\u00e9es sur le site Web de Movacolor.","breadcrumb":{"@id":"https:\/\/www.movacolor.com\/fr\/volumetric-feeder\/#breadcrumb"},"inLanguage":"fr-FR","potentialAction":[{"@type":"ReadAction","target":["https:\/\/www.movacolor.com\/fr\/volumetric-feeder\/"]}]},{"@type":"BreadcrumbList","@id":"https:\/\/www.movacolor.com\/fr\/volumetric-feeder\/#breadcrumb","itemListElement":[{"@type":"ListItem","position":1,"name":"Home","item":"https:\/\/www.movacolor.com\/fr\/"},{"@type":"ListItem","position":2,"name":"Alimentateur volum\u00e9trique"}]},{"@type":"WebSite","@id":"https:\/\/www.movacolor.com\/fr\/#website","url":"https:\/\/www.movacolor.com\/fr\/","name":"Movacolor","description":"modular dosing solutions","potentialAction":[{"@type":"SearchAction","target":{"@type":"EntryPoint","urlTemplate":"https:\/\/www.movacolor.com\/fr\/?s={search_term_string}"},"query-input":{"@type":"PropertyValueSpecification","valueRequired":true,"valueName":"search_term_string"}}],"inLanguage":"fr-FR"}]}},"_links":{"self":[{"href":"https:\/\/www.movacolor.com\/fr\/wp-json\/wp\/v2\/pages\/7399","targetHints":{"allow":["GET"]}}],"collection":[{"href":"https:\/\/www.movacolor.com\/fr\/wp-json\/wp\/v2\/pages"}],"about":[{"href":"https:\/\/www.movacolor.com\/fr\/wp-json\/wp\/v2\/types\/page"}],"author":[{"embeddable":true,"href":"https:\/\/www.movacolor.com\/fr\/wp-json\/wp\/v2\/users\/6"}],"replies":[{"embeddable":true,"href":"https:\/\/www.movacolor.com\/fr\/wp-json\/wp\/v2\/comments?post=7399"}],"version-history":[{"count":2,"href":"https:\/\/www.movacolor.com\/fr\/wp-json\/wp\/v2\/pages\/7399\/revisions"}],"predecessor-version":[{"id":7401,"href":"https:\/\/www.movacolor.com\/fr\/wp-json\/wp\/v2\/pages\/7399\/revisions\/7401"}],"wp:attachment":[{"href":"https:\/\/www.movacolor.com\/fr\/wp-json\/wp\/v2\/media?parent=7399"}],"curies":[{"name":"wp","href":"https:\/\/api.w.org\/{rel}","templated":true}]}}