{"id":7396,"date":"2023-03-20T13:35:05","date_gmt":"2023-03-20T11:35:05","guid":{"rendered":"https:\/\/www.movacolor.com\/mcbalance-mds-6-balance-le-numero-1-mondial-du-dosage-gravimetrique\/"},"modified":"2023-07-24T07:54:15","modified_gmt":"2023-07-24T05:54:15","slug":"mcbalance-mds-6-balance-le-numero-1-mondial-du-dosage-gravimetrique","status":"publish","type":"page","link":"https:\/\/www.movacolor.com\/fr\/mcbalance-mds-6-balance-worlds-number-1-in-gravimetric-dosing\/","title":{"rendered":"MCBalance (MDS 6 Balance) : Le num\u00e9ro 1 mondial du dosage gravim\u00e9trique"},"content":{"rendered":"<section class=\"l-section wpb_row height_medium\"><div class=\"l-section-h i-cf\"><div class=\"g-cols vc_row via_flex valign_top type_default stacking_default\"><div class=\"vc_col-sm-12 wpb_column vc_column_container\"><div class=\"vc_column-inner\"><div class=\"wpb_wrapper\"><div class=\"wpb_text_column\"><div class=\"wpb_wrapper\"><h2>MCBalance (MDS 6 Balance)<\/h2>\n<p>Le doseur gravim\u00e9trique MDS 6 Balance de Movacolor est la norme la plus \u00e9lev\u00e9e en mati\u00e8re de dosage gravim\u00e9trique pour les applications de moulage par injection, de moulage par soufflage et d&#8217;extrusion. Le cylindre de dosage et la technologie de pesage brevet\u00e9e garantissent un dosage extr\u00eamement pr\u00e9cis, m\u00eame lorsque de faibles taux de dosage sont requis. Il est ainsi possible de r\u00e9aliser d&#8217;importantes \u00e9conomies sur les additifs co\u00fbteux.<\/p>\n<h2>Avantages<\/h2>\n<h2>Dosage extr\u00eamement pr\u00e9cis<\/h2>\n<p>La balance MDS 6 de Movacolor est d\u00e9velopp\u00e9e \u00e0 partir d&#8217;une technologie de pesage brevet\u00e9e et est \u00e9quip\u00e9e d&#8217;un cylindre de dosage unique de haute pr\u00e9cision et d&#8217;un moteur pas \u00e0 pas. Le cylindre de dosage lib\u00e8re l&#8217;additif dans un flux r\u00e9gulier sans pulsation. Le moteur pas \u00e0 pas a une vitesse r\u00e9glable de 0,1 \u00e0 200 tr\/min et assure un contr\u00f4le maximal sans interruption. Aucune autre m\u00e9thode de dosage au monde n&#8217;est aussi pr\u00e9cise que celle-ci.<\/p>\n<h2>Syst\u00e8me d&#8217;exploitation convivial<\/h2>\n<p>Tout le monde peut utiliser le MDS 6 Balance. Le contr\u00f4leur \u00e0 \u00e9cran tactile convivial et \u00e0 r\u00e9ponse rapide est dot\u00e9 d&#8217;un \u00e9cran couleur de 8 pouces. Les menus des contr\u00f4leurs \u00e0 \u00e9cran tactile sont explicites et donc faciles \u00e0 utiliser par tout le monde. Les syst\u00e8mes sont \u00e9quip\u00e9s du logiciel MCSmart qui vous permet de contr\u00f4ler toutes vos unit\u00e9s MDS 6 Balance \u00e0 partir d&#8217;un seul ordinateur. Les additifs peuvent \u00eatre chang\u00e9s en moins de 60 secondes et les unit\u00e9s sont faciles \u00e0 nettoyer.<\/p>\n<h2>\nSyst\u00e8me modulaire pour tout type d&#8217;application<\/h2>\n<p>Le MDS 6 Balance fait partie de la gamme de syst\u00e8mes de dosage modulaires de Movacolor et peut \u00eatre configur\u00e9 facilement pour r\u00e9pondre \u00e0 toutes sortes d&#8217;applications dans le moulage par injection, le moulage par soufflage ou l&#8217;extrusion. Ce doseur gravim\u00e9trique de haute pr\u00e9cision peut \u00eatre configur\u00e9 pour doser des mat\u00e9riaux s\u00e9ch\u00e9s, des rebroy\u00e9s, des poudres fluides et peut \u00eatre utilis\u00e9 dans l&#8217;extrusion multi-composants ou avec des chargeurs de tr\u00e9mie int\u00e9gr\u00e9s.<\/p>\n<\/div><\/div><\/div><\/div><\/div><\/div><\/div><\/section>\n","protected":false},"excerpt":{"rendered":"MCBalance (MDS 6 Balance) Le doseur gravim\u00e9trique MDS 6 Balance de Movacolor est la norme la plus \u00e9lev\u00e9e en mati\u00e8re de dosage gravim\u00e9trique pour les applications de moulage par injection, de moulage par soufflage et d&#8217;extrusion. Le cylindre de dosage et la technologie de pesage brevet\u00e9e garantissent un dosage extr\u00eamement pr\u00e9cis, m\u00eame lorsque de faibles...","protected":false},"author":6,"featured_media":0,"parent":0,"menu_order":0,"comment_status":"closed","ping_status":"closed","template":"","meta":{"_acf_changed":false,"footnotes":""},"class_list":["post-7396","page","type-page","status-publish","hentry"],"acf":[],"yoast_head":"<!-- This site is optimized with the Yoast SEO plugin v26.4 - https:\/\/yoast.com\/wordpress\/plugins\/seo\/ -->\n<title>MCBalance (MDS 6 Balance) : Le num\u00e9ro 1 mondial du dosage gravim\u00e9trique - Movacolor<\/title>\n<meta name=\"robots\" content=\"index, follow, max-snippet:-1, max-image-preview:large, max-video-preview:-1\" \/>\n<link rel=\"canonical\" href=\"https:\/\/www.movacolor.com\/fr\/mcbalance-mds-6-balance-worlds-number-1-in-gravimetric-dosing\/\" \/>\n<meta property=\"og:locale\" content=\"fr_FR\" \/>\n<meta property=\"og:type\" content=\"article\" \/>\n<meta property=\"og:title\" content=\"MCBalance (MDS 6 Balance) : Le num\u00e9ro 1 mondial du dosage gravim\u00e9trique - Movacolor\" \/>\n<meta property=\"og:url\" content=\"https:\/\/www.movacolor.com\/fr\/mcbalance-mds-6-balance-worlds-number-1-in-gravimetric-dosing\/\" \/>\n<meta property=\"og:site_name\" content=\"Movacolor\" \/>\n<meta property=\"article:modified_time\" content=\"2023-07-24T05:54:15+00:00\" \/>\n<meta name=\"twitter:card\" content=\"summary_large_image\" \/>\n<meta name=\"twitter:label1\" content=\"Dur\u00e9e de lecture estim\u00e9e\" \/>\n\t<meta name=\"twitter:data1\" content=\"2 minutes\" \/>\n<script type=\"application\/ld+json\" class=\"yoast-schema-graph\">{\"@context\":\"https:\/\/schema.org\",\"@graph\":[{\"@type\":\"WebPage\",\"@id\":\"https:\/\/www.movacolor.com\/fr\/mcbalance-mds-6-balance-worlds-number-1-in-gravimetric-dosing\/\",\"url\":\"https:\/\/www.movacolor.com\/fr\/mcbalance-mds-6-balance-worlds-number-1-in-gravimetric-dosing\/\",\"name\":\"MCBalance (MDS 6 Balance) : Le num\u00e9ro 1 mondial du dosage gravim\u00e9trique - Movacolor\",\"isPartOf\":{\"@id\":\"https:\/\/www.movacolor.com\/fr\/#website\"},\"datePublished\":\"2023-03-20T11:35:05+00:00\",\"dateModified\":\"2023-07-24T05:54:15+00:00\",\"breadcrumb\":{\"@id\":\"https:\/\/www.movacolor.com\/fr\/mcbalance-mds-6-balance-worlds-number-1-in-gravimetric-dosing\/#breadcrumb\"},\"inLanguage\":\"fr-FR\",\"potentialAction\":[{\"@type\":\"ReadAction\",\"target\":[\"https:\/\/www.movacolor.com\/fr\/mcbalance-mds-6-balance-worlds-number-1-in-gravimetric-dosing\/\"]}]},{\"@type\":\"BreadcrumbList\",\"@id\":\"https:\/\/www.movacolor.com\/fr\/mcbalance-mds-6-balance-worlds-number-1-in-gravimetric-dosing\/#breadcrumb\",\"itemListElement\":[{\"@type\":\"ListItem\",\"position\":1,\"name\":\"Home\",\"item\":\"https:\/\/www.movacolor.com\/fr\/\"},{\"@type\":\"ListItem\",\"position\":2,\"name\":\"MCBalance (MDS 6 Balance) : Le num\u00e9ro 1 mondial du dosage gravim\u00e9trique\"}]},{\"@type\":\"WebSite\",\"@id\":\"https:\/\/www.movacolor.com\/fr\/#website\",\"url\":\"https:\/\/www.movacolor.com\/fr\/\",\"name\":\"Movacolor\",\"description\":\"modular dosing solutions\",\"potentialAction\":[{\"@type\":\"SearchAction\",\"target\":{\"@type\":\"EntryPoint\",\"urlTemplate\":\"https:\/\/www.movacolor.com\/fr\/?s={search_term_string}\"},\"query-input\":{\"@type\":\"PropertyValueSpecification\",\"valueRequired\":true,\"valueName\":\"search_term_string\"}}],\"inLanguage\":\"fr-FR\"}]}<\/script>\n<!-- \/ Yoast SEO plugin. -->","yoast_head_json":{"title":"MCBalance (MDS 6 Balance) : Le num\u00e9ro 1 mondial du dosage gravim\u00e9trique - Movacolor","robots":{"index":"index","follow":"follow","max-snippet":"max-snippet:-1","max-image-preview":"max-image-preview:large","max-video-preview":"max-video-preview:-1"},"canonical":"https:\/\/www.movacolor.com\/fr\/mcbalance-mds-6-balance-worlds-number-1-in-gravimetric-dosing\/","og_locale":"fr_FR","og_type":"article","og_title":"MCBalance (MDS 6 Balance) : Le num\u00e9ro 1 mondial du dosage gravim\u00e9trique - Movacolor","og_url":"https:\/\/www.movacolor.com\/fr\/mcbalance-mds-6-balance-worlds-number-1-in-gravimetric-dosing\/","og_site_name":"Movacolor","article_modified_time":"2023-07-24T05:54:15+00:00","twitter_card":"summary_large_image","twitter_misc":{"Dur\u00e9e de lecture estim\u00e9e":"2 minutes"},"schema":{"@context":"https:\/\/schema.org","@graph":[{"@type":"WebPage","@id":"https:\/\/www.movacolor.com\/fr\/mcbalance-mds-6-balance-worlds-number-1-in-gravimetric-dosing\/","url":"https:\/\/www.movacolor.com\/fr\/mcbalance-mds-6-balance-worlds-number-1-in-gravimetric-dosing\/","name":"MCBalance (MDS 6 Balance) : Le num\u00e9ro 1 mondial du dosage gravim\u00e9trique - Movacolor","isPartOf":{"@id":"https:\/\/www.movacolor.com\/fr\/#website"},"datePublished":"2023-03-20T11:35:05+00:00","dateModified":"2023-07-24T05:54:15+00:00","breadcrumb":{"@id":"https:\/\/www.movacolor.com\/fr\/mcbalance-mds-6-balance-worlds-number-1-in-gravimetric-dosing\/#breadcrumb"},"inLanguage":"fr-FR","potentialAction":[{"@type":"ReadAction","target":["https:\/\/www.movacolor.com\/fr\/mcbalance-mds-6-balance-worlds-number-1-in-gravimetric-dosing\/"]}]},{"@type":"BreadcrumbList","@id":"https:\/\/www.movacolor.com\/fr\/mcbalance-mds-6-balance-worlds-number-1-in-gravimetric-dosing\/#breadcrumb","itemListElement":[{"@type":"ListItem","position":1,"name":"Home","item":"https:\/\/www.movacolor.com\/fr\/"},{"@type":"ListItem","position":2,"name":"MCBalance (MDS 6 Balance) : Le num\u00e9ro 1 mondial du dosage gravim\u00e9trique"}]},{"@type":"WebSite","@id":"https:\/\/www.movacolor.com\/fr\/#website","url":"https:\/\/www.movacolor.com\/fr\/","name":"Movacolor","description":"modular dosing solutions","potentialAction":[{"@type":"SearchAction","target":{"@type":"EntryPoint","urlTemplate":"https:\/\/www.movacolor.com\/fr\/?s={search_term_string}"},"query-input":{"@type":"PropertyValueSpecification","valueRequired":true,"valueName":"search_term_string"}}],"inLanguage":"fr-FR"}]}},"_links":{"self":[{"href":"https:\/\/www.movacolor.com\/fr\/wp-json\/wp\/v2\/pages\/7396","targetHints":{"allow":["GET"]}}],"collection":[{"href":"https:\/\/www.movacolor.com\/fr\/wp-json\/wp\/v2\/pages"}],"about":[{"href":"https:\/\/www.movacolor.com\/fr\/wp-json\/wp\/v2\/types\/page"}],"author":[{"embeddable":true,"href":"https:\/\/www.movacolor.com\/fr\/wp-json\/wp\/v2\/users\/6"}],"replies":[{"embeddable":true,"href":"https:\/\/www.movacolor.com\/fr\/wp-json\/wp\/v2\/comments?post=7396"}],"version-history":[{"count":2,"href":"https:\/\/www.movacolor.com\/fr\/wp-json\/wp\/v2\/pages\/7396\/revisions"}],"predecessor-version":[{"id":7398,"href":"https:\/\/www.movacolor.com\/fr\/wp-json\/wp\/v2\/pages\/7396\/revisions\/7398"}],"wp:attachment":[{"href":"https:\/\/www.movacolor.com\/fr\/wp-json\/wp\/v2\/media?parent=7396"}],"curies":[{"name":"wp","href":"https:\/\/api.w.org\/{rel}","templated":true}]}}