{"id":7393,"date":"2023-03-22T15:29:50","date_gmt":"2023-03-22T13:29:50","guid":{"rendered":"https:\/\/www.movacolor.com\/technologie-de-dosage\/"},"modified":"2023-07-24T07:51:02","modified_gmt":"2023-07-24T05:51:02","slug":"technologie-de-dosage","status":"publish","type":"page","link":"https:\/\/www.movacolor.com\/fr\/dosing-technology\/","title":{"rendered":"Technologie de dosage"},"content":{"rendered":"<section class=\"l-section wpb_row height_medium\"><div class=\"l-section-h i-cf\"><div class=\"g-cols vc_row via_flex valign_top type_default stacking_default\"><div class=\"vc_col-sm-12 wpb_column vc_column_container\"><div class=\"vc_column-inner\"><div class=\"wpb_wrapper\"><div class=\"wpb_text_column\"><div class=\"wpb_wrapper\"><h1>Technologie de dosage<\/h1>\n<p>Les entreprises de fabrication de mati\u00e8res plastiques recherchent toutes sortes de qualit\u00e9s dans la technologie de dosage. Certaines cherchent \u00e0 r\u00e9duire les co\u00fbts des colorants. D&#8217;autres recherchent un processus de production plus stable. D&#8217;autres tentent d&#8217;accro\u00eetre l&#8217;efficacit\u00e9 ou d&#8217;am\u00e9liorer la qualit\u00e9. Tous les syst\u00e8mes de dosage de Movacolor pr\u00e9sentent ces avantages sp\u00e9cifiques dans des syst\u00e8mes de dosage modulaires int\u00e9gr\u00e9s pour les applications de moulage par injection et d&#8217;extrusion.<\/p>\n<h2>Une technologie de dosage bas\u00e9e sur les derniers d\u00e9veloppements<\/h2>\n<p>Les ing\u00e9nieurs de Movacolor suivent en permanence les derni\u00e8res \u00e9volutions de l&#8217;industrie plastique et travaillent \u00e0 l&#8217;am\u00e9lioration de la technologie de dosage extr\u00eamement pr\u00e9cise des produits Movacolor. La technologie de dosage de Movacolor est bas\u00e9e sur le dosage en ligne de mat\u00e9riaux tels que les m\u00e9langes ma\u00eetres, les poudres, les mati\u00e8res rebroy\u00e9es ou les colorants liquides dans des mat\u00e9riaux vierges.<\/p>\n<p>Pour les doseurs gravim\u00e9triques et volum\u00e9triques, nous combinons le cylindre de dosage unique Movacolor avec un moteur pas \u00e0 pas afin de garantir un d\u00e9bit constant, ce qui permet d&#8217;obtenir une couleur et une \u00e9paisseur de paroi fiables et un produit final de haute qualit\u00e9. Nos doseurs optom\u00e9triques sont d\u00e9velopp\u00e9s avec une technologie de dosage optom\u00e9trique, bas\u00e9e sur un capteur optique et un disque de dosage sp\u00e9cial. Cette technologie de dosage unique au monde vous permet d&#8217;effectuer un dosage ultra-pr\u00e9cis, granule par granule.<\/p>\n<h2>Technologie de dosage avec un cylindre de dosage<\/h2>\n<p>Le cylindre de dosage unique et extr\u00eamement pr\u00e9cis est une invention exclusive de Movacolor et fait partie de la technologie de dosage Movacolor. Le cylindre de dosage garantit un dosage extr\u00eamement constant, sans pulsation ni interruption, des plus petites doses (0,01 kg\/h) aux plus grandes (1 000 kg\/h). Cela vous permet de doser au plus juste : aucun dosage suppl\u00e9mentaire d&#8217;additifs co\u00fbteux n&#8217;est n\u00e9cessaire pour compenser un dosage ou un m\u00e9lange irr\u00e9gulier. R\u00e9sultat : des \u00e9conomies de 20 \u00e0 50 % sur les additifs co\u00fbteux.<\/p>\n<p>Le cylindre de dosage Movacolor a une plage de capacit\u00e9 incroyablement large pour un seul outil de dosage (0,7 &#8211; 18 kg\/h avec le cylindre de dosage GX). Cet outil de dosage unique et de haute pr\u00e9cision r\u00e9sout les probl\u00e8mes de d\u00e9bit irr\u00e9gulier et d&#8217;arr\u00eats souvent rencontr\u00e9s avec les dispositifs de dosage traditionnels bas\u00e9s sur des vis sans fin ou des disques.<\/p>\n<h2>Technologie de dosage avec un collet et un insert<\/h2>\n<p>Les cols et les inserts de cols font \u00e9galement partie de la technologie de dosage unique de Movacolor. Un ou plusieurs syst\u00e8mes de dosage Movacolor peuvent \u00eatre plac\u00e9s sur la pi\u00e8ce d&#8217;encolure. Les pi\u00e8ces de col et les inserts de pi\u00e8ces de col Movacolor emp\u00eachent la s\u00e9paration des mat\u00e9riaux en introduisant le colorant directement dans la gorge de la machine, ce qui est \u00e9galement connu sous le nom de dosage en ligne. Les ing\u00e9nieurs de Movacolor ont mis au point plusieurs inserts pour pi\u00e8ces de col pour tout type d&#8217;application, ce qui vous permet de doser avec pr\u00e9cision tous les types de mat\u00e9riaux.<\/p>\n<\/div><\/div><\/div><\/div><\/div><\/div><\/div><\/section>\n<p>&nbsp;<\/p>\n","protected":false},"excerpt":{"rendered":"<p>&nbsp;<\/p>\n","protected":false},"author":6,"featured_media":0,"parent":0,"menu_order":0,"comment_status":"closed","ping_status":"closed","template":"","meta":{"_acf_changed":false,"footnotes":""},"class_list":["post-7393","page","type-page","status-publish","hentry"],"acf":[],"yoast_head":"<!-- This site is optimized with the Yoast SEO plugin v26.4 - https:\/\/yoast.com\/wordpress\/plugins\/seo\/ -->\n<title>Technologie de dosage &quot; Visitez notre site web et lisez plus !<\/title>\n<meta name=\"description\" content=\"Vous souhaitez en savoir plus sur la technologie de dosage pr\u00e9cis ? Lisez-en plus sur le site Web de Movacolor !\" \/>\n<meta name=\"robots\" content=\"index, follow, max-snippet:-1, max-image-preview:large, max-video-preview:-1\" \/>\n<link rel=\"canonical\" href=\"https:\/\/www.movacolor.com\/fr\/dosing-technology\/\" \/>\n<meta property=\"og:locale\" content=\"fr_FR\" \/>\n<meta property=\"og:type\" content=\"article\" \/>\n<meta property=\"og:title\" content=\"Technologie de dosage &quot; Visitez notre site web et lisez plus !\" \/>\n<meta property=\"og:description\" content=\"Vous souhaitez en savoir plus sur la technologie de dosage pr\u00e9cis ? Lisez-en plus sur le site Web de Movacolor !\" \/>\n<meta property=\"og:url\" content=\"https:\/\/www.movacolor.com\/fr\/dosing-technology\/\" \/>\n<meta property=\"og:site_name\" content=\"Movacolor\" \/>\n<meta property=\"article:modified_time\" content=\"2023-07-24T05:51:02+00:00\" \/>\n<meta name=\"twitter:card\" content=\"summary_large_image\" \/>\n<meta name=\"twitter:label1\" content=\"Dur\u00e9e de lecture estim\u00e9e\" \/>\n\t<meta name=\"twitter:data1\" content=\"3 minutes\" \/>\n<script type=\"application\/ld+json\" class=\"yoast-schema-graph\">{\"@context\":\"https:\/\/schema.org\",\"@graph\":[{\"@type\":\"WebPage\",\"@id\":\"https:\/\/www.movacolor.com\/fr\/dosing-technology\/\",\"url\":\"https:\/\/www.movacolor.com\/fr\/dosing-technology\/\",\"name\":\"Technologie de dosage \\\" Visitez notre site web et lisez plus !\",\"isPartOf\":{\"@id\":\"https:\/\/www.movacolor.com\/fr\/#website\"},\"datePublished\":\"2023-03-22T13:29:50+00:00\",\"dateModified\":\"2023-07-24T05:51:02+00:00\",\"description\":\"Vous souhaitez en savoir plus sur la technologie de dosage pr\u00e9cis ? Lisez-en plus sur le site Web de Movacolor !\",\"breadcrumb\":{\"@id\":\"https:\/\/www.movacolor.com\/fr\/dosing-technology\/#breadcrumb\"},\"inLanguage\":\"fr-FR\",\"potentialAction\":[{\"@type\":\"ReadAction\",\"target\":[\"https:\/\/www.movacolor.com\/fr\/dosing-technology\/\"]}]},{\"@type\":\"BreadcrumbList\",\"@id\":\"https:\/\/www.movacolor.com\/fr\/dosing-technology\/#breadcrumb\",\"itemListElement\":[{\"@type\":\"ListItem\",\"position\":1,\"name\":\"Home\",\"item\":\"https:\/\/www.movacolor.com\/fr\/\"},{\"@type\":\"ListItem\",\"position\":2,\"name\":\"Technologie de dosage\"}]},{\"@type\":\"WebSite\",\"@id\":\"https:\/\/www.movacolor.com\/fr\/#website\",\"url\":\"https:\/\/www.movacolor.com\/fr\/\",\"name\":\"Movacolor\",\"description\":\"modular dosing solutions\",\"potentialAction\":[{\"@type\":\"SearchAction\",\"target\":{\"@type\":\"EntryPoint\",\"urlTemplate\":\"https:\/\/www.movacolor.com\/fr\/?s={search_term_string}\"},\"query-input\":{\"@type\":\"PropertyValueSpecification\",\"valueRequired\":true,\"valueName\":\"search_term_string\"}}],\"inLanguage\":\"fr-FR\"}]}<\/script>\n<!-- \/ Yoast SEO plugin. -->","yoast_head_json":{"title":"Technologie de dosage \" Visitez notre site web et lisez plus !","description":"Vous souhaitez en savoir plus sur la technologie de dosage pr\u00e9cis ? Lisez-en plus sur le site Web de Movacolor !","robots":{"index":"index","follow":"follow","max-snippet":"max-snippet:-1","max-image-preview":"max-image-preview:large","max-video-preview":"max-video-preview:-1"},"canonical":"https:\/\/www.movacolor.com\/fr\/dosing-technology\/","og_locale":"fr_FR","og_type":"article","og_title":"Technologie de dosage \" Visitez notre site web et lisez plus !","og_description":"Vous souhaitez en savoir plus sur la technologie de dosage pr\u00e9cis ? Lisez-en plus sur le site Web de Movacolor !","og_url":"https:\/\/www.movacolor.com\/fr\/dosing-technology\/","og_site_name":"Movacolor","article_modified_time":"2023-07-24T05:51:02+00:00","twitter_card":"summary_large_image","twitter_misc":{"Dur\u00e9e de lecture estim\u00e9e":"3 minutes"},"schema":{"@context":"https:\/\/schema.org","@graph":[{"@type":"WebPage","@id":"https:\/\/www.movacolor.com\/fr\/dosing-technology\/","url":"https:\/\/www.movacolor.com\/fr\/dosing-technology\/","name":"Technologie de dosage \" Visitez notre site web et lisez plus !","isPartOf":{"@id":"https:\/\/www.movacolor.com\/fr\/#website"},"datePublished":"2023-03-22T13:29:50+00:00","dateModified":"2023-07-24T05:51:02+00:00","description":"Vous souhaitez en savoir plus sur la technologie de dosage pr\u00e9cis ? Lisez-en plus sur le site Web de Movacolor !","breadcrumb":{"@id":"https:\/\/www.movacolor.com\/fr\/dosing-technology\/#breadcrumb"},"inLanguage":"fr-FR","potentialAction":[{"@type":"ReadAction","target":["https:\/\/www.movacolor.com\/fr\/dosing-technology\/"]}]},{"@type":"BreadcrumbList","@id":"https:\/\/www.movacolor.com\/fr\/dosing-technology\/#breadcrumb","itemListElement":[{"@type":"ListItem","position":1,"name":"Home","item":"https:\/\/www.movacolor.com\/fr\/"},{"@type":"ListItem","position":2,"name":"Technologie de dosage"}]},{"@type":"WebSite","@id":"https:\/\/www.movacolor.com\/fr\/#website","url":"https:\/\/www.movacolor.com\/fr\/","name":"Movacolor","description":"modular dosing solutions","potentialAction":[{"@type":"SearchAction","target":{"@type":"EntryPoint","urlTemplate":"https:\/\/www.movacolor.com\/fr\/?s={search_term_string}"},"query-input":{"@type":"PropertyValueSpecification","valueRequired":true,"valueName":"search_term_string"}}],"inLanguage":"fr-FR"}]}},"_links":{"self":[{"href":"https:\/\/www.movacolor.com\/fr\/wp-json\/wp\/v2\/pages\/7393","targetHints":{"allow":["GET"]}}],"collection":[{"href":"https:\/\/www.movacolor.com\/fr\/wp-json\/wp\/v2\/pages"}],"about":[{"href":"https:\/\/www.movacolor.com\/fr\/wp-json\/wp\/v2\/types\/page"}],"author":[{"embeddable":true,"href":"https:\/\/www.movacolor.com\/fr\/wp-json\/wp\/v2\/users\/6"}],"replies":[{"embeddable":true,"href":"https:\/\/www.movacolor.com\/fr\/wp-json\/wp\/v2\/comments?post=7393"}],"version-history":[{"count":2,"href":"https:\/\/www.movacolor.com\/fr\/wp-json\/wp\/v2\/pages\/7393\/revisions"}],"predecessor-version":[{"id":7395,"href":"https:\/\/www.movacolor.com\/fr\/wp-json\/wp\/v2\/pages\/7393\/revisions\/7395"}],"wp:attachment":[{"href":"https:\/\/www.movacolor.com\/fr\/wp-json\/wp\/v2\/media?parent=7393"}],"curies":[{"name":"wp","href":"https:\/\/api.w.org\/{rel}","templated":true}]}}