{"id":7390,"date":"2023-03-22T15:54:14","date_gmt":"2023-03-22T13:54:14","guid":{"rendered":"https:\/\/www.movacolor.com\/melangeurs-gravimetriques\/"},"modified":"2023-07-24T07:48:45","modified_gmt":"2023-07-24T05:48:45","slug":"melangeurs-gravimetriques","status":"publish","type":"page","link":"https:\/\/www.movacolor.com\/fr\/gravimetric-blenders\/","title":{"rendered":"M\u00e9langeurs gravim\u00e9triques"},"content":{"rendered":"<section class=\"l-section wpb_row height_medium\"><div class=\"l-section-h i-cf\"><div class=\"g-cols vc_row via_flex valign_top type_default stacking_default\"><div class=\"vc_col-sm-12 wpb_column vc_column_container\"><div class=\"vc_column-inner\"><div class=\"wpb_wrapper\"><div class=\"wpb_text_column\"><div class=\"wpb_wrapper\"><h1>M\u00e9langeurs gravim\u00e9triques<\/h1>\n<p>Les m\u00e9langeurs gravim\u00e9triques sont utilis\u00e9s dans l&#8217;industrie plastique pour peser avec pr\u00e9cision deux ou plusieurs composants et les m\u00e9langer avant qu&#8217;ils ne soient trait\u00e9s dans une machine de moulage par injection, une extrudeuse ou une machine de moulage par soufflage. Il existe deux types de m\u00e9langeurs gravim\u00e9triques : les m\u00e9langeurs \u00e0 perte de poids et les m\u00e9langeurs \u00e0 gain de poids. Les m\u00e9langeurs gravim\u00e9triques Movacolor peuvent \u00eatre \u00e9quip\u00e9s des deux technologies. Il est ainsi possible de m\u00e9langer et de doser en ligne avec une grande pr\u00e9cision dans un syst\u00e8me hybride unique.<\/p>\n<h2>M\u00e9langeur gravim\u00e9trique bas\u00e9 sur la technologie de la perte de poids<\/h2>\n<p>Un m\u00e9langeur gravim\u00e9trique bas\u00e9 sur la technologie de la perte de poids ou un doseur gravim\u00e9trique tel que le MDS Balance de Movacolor mesure la perte de poids d&#8217;une ou de plusieurs tr\u00e9mies \u00e0 l&#8217;aide d&#8217;une cellule de charge situ\u00e9e sous le cadre de charge sur lequel la tr\u00e9mie est fix\u00e9e. Le mat\u00e9riau est dos\u00e9 \u00e0 l&#8217;aide d&#8217;une vis de dosage \u00e0 partir des tr\u00e9mies ou en ligne \u00e0 l&#8217;aide d&#8217;un cylindre de dosage. Tous les mat\u00e9riaux sont dos\u00e9s ensemble et le taux de dosage de chaque tr\u00e9mie est contr\u00f4l\u00e9 \u00e0 l&#8217;aide d&#8217;un syst\u00e8me de surveillance sp\u00e9cial afin de garantir l&#8217;obtention d&#8217;un m\u00e9lange correct.<\/p>\n<h2>\nM\u00e9langeur gravim\u00e9trique bas\u00e9 sur la technologie de la perte de poids<\/h2>\n<p>Un m\u00e9langeur gravim\u00e9trique bas\u00e9 sur la technologie de la perte de poids comporte deux tr\u00e9mies ou plus, plac\u00e9es au-dessus d&#8217;un bac de pes\u00e9e. Ces tr\u00e9mies contiennent les composants \u00e0 m\u00e9langer. Les composants sont dos\u00e9s un par un dans le bac de pes\u00e9e jusqu&#8217;\u00e0 ce que le poids souhait\u00e9 soit atteint. Ensuite, le lot entier est pes\u00e9 et m\u00e9lang\u00e9 dans la chambre de m\u00e9lange sous-jacente. Lorsque tous les composants ont \u00e9t\u00e9 correctement m\u00e9lang\u00e9s, le m\u00e9lange est lib\u00e9r\u00e9 dans la machine de moulage par injection, l&#8217;extrudeuse ou la machine de moulage par soufflage. Une application typique d&#8217;un m\u00e9langeur gravim\u00e9trique consiste \u00e0 m\u00e9langer des mat\u00e9riaux tels que la mati\u00e8re principale, le rebroy\u00e9 et le m\u00e9lange-ma\u00eetre.<\/p>\n<\/div><\/div><\/div><\/div><\/div><\/div><\/div><\/section>\n","protected":false},"excerpt":{"rendered":"M\u00e9langeurs gravim\u00e9triques Les m\u00e9langeurs gravim\u00e9triques sont utilis\u00e9s dans l&#8217;industrie plastique pour peser avec pr\u00e9cision deux ou plusieurs composants et les m\u00e9langer avant qu&#8217;ils ne soient trait\u00e9s dans une machine de moulage par injection, une extrudeuse ou une machine de moulage par soufflage. Il existe deux types de m\u00e9langeurs gravim\u00e9triques : les m\u00e9langeurs \u00e0 perte de...","protected":false},"author":6,"featured_media":0,"parent":0,"menu_order":0,"comment_status":"closed","ping_status":"closed","template":"","meta":{"_acf_changed":false,"footnotes":""},"class_list":["post-7390","page","type-page","status-publish","hentry"],"acf":[],"yoast_head":"<!-- This site is optimized with the Yoast SEO plugin v26.4 - https:\/\/yoast.com\/wordpress\/plugins\/seo\/ -->\n<title>M\u00e9langeur gravim\u00e9trique &quot; Visitez notre site web et lisez plus !<\/title>\n<meta name=\"description\" content=\"Qu&#039;est-ce qu&#039;un m\u00e9langeur gravim\u00e9trique et quand l&#039;utilise-t-on ? Visitez le site web de Movacolor et obtenez les r\u00e9ponses \u00e0 ces questions !\" \/>\n<meta name=\"robots\" content=\"index, follow, max-snippet:-1, max-image-preview:large, max-video-preview:-1\" \/>\n<link rel=\"canonical\" href=\"https:\/\/www.movacolor.com\/fr\/gravimetric-blenders\/\" \/>\n<meta property=\"og:locale\" content=\"fr_FR\" \/>\n<meta property=\"og:type\" content=\"article\" \/>\n<meta property=\"og:title\" content=\"M\u00e9langeur gravim\u00e9trique &quot; Visitez notre site web et lisez plus !\" \/>\n<meta property=\"og:description\" content=\"Qu&#039;est-ce qu&#039;un m\u00e9langeur gravim\u00e9trique et quand l&#039;utilise-t-on ? Visitez le site web de Movacolor et obtenez les r\u00e9ponses \u00e0 ces questions !\" \/>\n<meta property=\"og:url\" content=\"https:\/\/www.movacolor.com\/fr\/gravimetric-blenders\/\" \/>\n<meta property=\"og:site_name\" content=\"Movacolor\" \/>\n<meta property=\"article:modified_time\" content=\"2023-07-24T05:48:45+00:00\" \/>\n<meta name=\"twitter:card\" content=\"summary_large_image\" \/>\n<meta name=\"twitter:label1\" content=\"Dur\u00e9e de lecture estim\u00e9e\" \/>\n\t<meta name=\"twitter:data1\" content=\"2 minutes\" \/>\n<script type=\"application\/ld+json\" class=\"yoast-schema-graph\">{\"@context\":\"https:\/\/schema.org\",\"@graph\":[{\"@type\":\"WebPage\",\"@id\":\"https:\/\/www.movacolor.com\/fr\/gravimetric-blenders\/\",\"url\":\"https:\/\/www.movacolor.com\/fr\/gravimetric-blenders\/\",\"name\":\"M\u00e9langeur gravim\u00e9trique \\\" Visitez notre site web et lisez plus !\",\"isPartOf\":{\"@id\":\"https:\/\/www.movacolor.com\/fr\/#website\"},\"datePublished\":\"2023-03-22T13:54:14+00:00\",\"dateModified\":\"2023-07-24T05:48:45+00:00\",\"description\":\"Qu'est-ce qu'un m\u00e9langeur gravim\u00e9trique et quand l'utilise-t-on ? Visitez le site web de Movacolor et obtenez les r\u00e9ponses \u00e0 ces questions !\",\"breadcrumb\":{\"@id\":\"https:\/\/www.movacolor.com\/fr\/gravimetric-blenders\/#breadcrumb\"},\"inLanguage\":\"fr-FR\",\"potentialAction\":[{\"@type\":\"ReadAction\",\"target\":[\"https:\/\/www.movacolor.com\/fr\/gravimetric-blenders\/\"]}]},{\"@type\":\"BreadcrumbList\",\"@id\":\"https:\/\/www.movacolor.com\/fr\/gravimetric-blenders\/#breadcrumb\",\"itemListElement\":[{\"@type\":\"ListItem\",\"position\":1,\"name\":\"Home\",\"item\":\"https:\/\/www.movacolor.com\/fr\/\"},{\"@type\":\"ListItem\",\"position\":2,\"name\":\"M\u00e9langeurs gravim\u00e9triques\"}]},{\"@type\":\"WebSite\",\"@id\":\"https:\/\/www.movacolor.com\/fr\/#website\",\"url\":\"https:\/\/www.movacolor.com\/fr\/\",\"name\":\"Movacolor\",\"description\":\"modular dosing solutions\",\"potentialAction\":[{\"@type\":\"SearchAction\",\"target\":{\"@type\":\"EntryPoint\",\"urlTemplate\":\"https:\/\/www.movacolor.com\/fr\/?s={search_term_string}\"},\"query-input\":{\"@type\":\"PropertyValueSpecification\",\"valueRequired\":true,\"valueName\":\"search_term_string\"}}],\"inLanguage\":\"fr-FR\"}]}<\/script>\n<!-- \/ Yoast SEO plugin. -->","yoast_head_json":{"title":"M\u00e9langeur gravim\u00e9trique \" Visitez notre site web et lisez plus !","description":"Qu'est-ce qu'un m\u00e9langeur gravim\u00e9trique et quand l'utilise-t-on ? Visitez le site web de Movacolor et obtenez les r\u00e9ponses \u00e0 ces questions !","robots":{"index":"index","follow":"follow","max-snippet":"max-snippet:-1","max-image-preview":"max-image-preview:large","max-video-preview":"max-video-preview:-1"},"canonical":"https:\/\/www.movacolor.com\/fr\/gravimetric-blenders\/","og_locale":"fr_FR","og_type":"article","og_title":"M\u00e9langeur gravim\u00e9trique \" Visitez notre site web et lisez plus !","og_description":"Qu'est-ce qu'un m\u00e9langeur gravim\u00e9trique et quand l'utilise-t-on ? Visitez le site web de Movacolor et obtenez les r\u00e9ponses \u00e0 ces questions !","og_url":"https:\/\/www.movacolor.com\/fr\/gravimetric-blenders\/","og_site_name":"Movacolor","article_modified_time":"2023-07-24T05:48:45+00:00","twitter_card":"summary_large_image","twitter_misc":{"Dur\u00e9e de lecture estim\u00e9e":"2 minutes"},"schema":{"@context":"https:\/\/schema.org","@graph":[{"@type":"WebPage","@id":"https:\/\/www.movacolor.com\/fr\/gravimetric-blenders\/","url":"https:\/\/www.movacolor.com\/fr\/gravimetric-blenders\/","name":"M\u00e9langeur gravim\u00e9trique \" Visitez notre site web et lisez plus !","isPartOf":{"@id":"https:\/\/www.movacolor.com\/fr\/#website"},"datePublished":"2023-03-22T13:54:14+00:00","dateModified":"2023-07-24T05:48:45+00:00","description":"Qu'est-ce qu'un m\u00e9langeur gravim\u00e9trique et quand l'utilise-t-on ? Visitez le site web de Movacolor et obtenez les r\u00e9ponses \u00e0 ces questions !","breadcrumb":{"@id":"https:\/\/www.movacolor.com\/fr\/gravimetric-blenders\/#breadcrumb"},"inLanguage":"fr-FR","potentialAction":[{"@type":"ReadAction","target":["https:\/\/www.movacolor.com\/fr\/gravimetric-blenders\/"]}]},{"@type":"BreadcrumbList","@id":"https:\/\/www.movacolor.com\/fr\/gravimetric-blenders\/#breadcrumb","itemListElement":[{"@type":"ListItem","position":1,"name":"Home","item":"https:\/\/www.movacolor.com\/fr\/"},{"@type":"ListItem","position":2,"name":"M\u00e9langeurs gravim\u00e9triques"}]},{"@type":"WebSite","@id":"https:\/\/www.movacolor.com\/fr\/#website","url":"https:\/\/www.movacolor.com\/fr\/","name":"Movacolor","description":"modular dosing solutions","potentialAction":[{"@type":"SearchAction","target":{"@type":"EntryPoint","urlTemplate":"https:\/\/www.movacolor.com\/fr\/?s={search_term_string}"},"query-input":{"@type":"PropertyValueSpecification","valueRequired":true,"valueName":"search_term_string"}}],"inLanguage":"fr-FR"}]}},"_links":{"self":[{"href":"https:\/\/www.movacolor.com\/fr\/wp-json\/wp\/v2\/pages\/7390","targetHints":{"allow":["GET"]}}],"collection":[{"href":"https:\/\/www.movacolor.com\/fr\/wp-json\/wp\/v2\/pages"}],"about":[{"href":"https:\/\/www.movacolor.com\/fr\/wp-json\/wp\/v2\/types\/page"}],"author":[{"embeddable":true,"href":"https:\/\/www.movacolor.com\/fr\/wp-json\/wp\/v2\/users\/6"}],"replies":[{"embeddable":true,"href":"https:\/\/www.movacolor.com\/fr\/wp-json\/wp\/v2\/comments?post=7390"}],"version-history":[{"count":2,"href":"https:\/\/www.movacolor.com\/fr\/wp-json\/wp\/v2\/pages\/7390\/revisions"}],"predecessor-version":[{"id":7392,"href":"https:\/\/www.movacolor.com\/fr\/wp-json\/wp\/v2\/pages\/7390\/revisions\/7392"}],"wp:attachment":[{"href":"https:\/\/www.movacolor.com\/fr\/wp-json\/wp\/v2\/media?parent=7390"}],"curies":[{"name":"wp","href":"https:\/\/api.w.org\/{rel}","templated":true}]}}