{"id":7387,"date":"2023-03-28T09:58:55","date_gmt":"2023-03-28T07:58:55","guid":{"rendered":"https:\/\/www.movacolor.com\/politique-en-matiere-de-confidentialite-et-de-cookies\/"},"modified":"2024-02-09T20:37:18","modified_gmt":"2024-02-09T18:37:18","slug":"politique-en-matiere-de-confidentialite-et-de-cookies","status":"publish","type":"page","link":"https:\/\/www.movacolor.com\/fr\/politique-en-matiere-de-confidentialite-et-de-cookies\/","title":{"rendered":"Politique en mati\u00e8re de confidentialit\u00e9 et de cookies"},"content":{"rendered":"<section class=\"l-section wpb_row height_medium\"><div class=\"l-section-h i-cf\"><div class=\"g-cols vc_row via_flex valign_top type_default stacking_default\"><div class=\"vc_col-sm-12 wpb_column vc_column_container\"><div class=\"vc_column-inner\"><div class=\"wpb_wrapper\"><div class=\"wpb_text_column\"><div class=\"wpb_wrapper\"><h1>Politique en mati\u00e8re de confidentialit\u00e9 et de cookies<\/h1>\n<\/div><\/div><div class=\"w-separator size_medium\"><\/div><div class=\"wpb_text_column\"><div class=\"wpb_wrapper\"><p>11 ao\u00fbt 2023 &#8211; Lors du traitement, nous nous conformons aux exigences de la l\u00e9gislation applicable en mati\u00e8re de protection des donn\u00e9es. Cela signifie que nous :<\/p>\n<p>sp\u00e9cifions clairement nos objectifs avant de traiter des donn\u00e9es \u00e0 caract\u00e8re personnel, en utilisant la pr\u00e9sente d\u00e9claration de confidentialit\u00e9 ;<br \/>\nlimitons notre collecte de donn\u00e9es personnelles aux seules donn\u00e9es personnelles n\u00e9cessaires \u00e0 des fins l\u00e9gitimes ;<br \/>\ndemandons d&#8217;abord l&#8217;autorisation explicite de traiter vos donn\u00e9es \u00e0 caract\u00e8re personnel dans les cas o\u00f9 cette autorisation est requise ;<br \/>\nprendre les mesures de s\u00e9curit\u00e9 appropri\u00e9es pour prot\u00e9ger vos donn\u00e9es \u00e0 caract\u00e8re personnel et exiger la m\u00eame chose des parties qui traitent les donn\u00e9es \u00e0 caract\u00e8re personnel en notre nom ;<br \/>\nrespecter votre droit de consulter, de corriger ou de supprimer vos donn\u00e9es personnelles que nous d\u00e9tenons.<\/p>\n<p>Movacolor B.V. est le responsable de l&#8217;ensemble du traitement des donn\u00e9es. Dans cette d\u00e9claration de confidentialit\u00e9, nous expliquons quelles donn\u00e9es personnelles nous collectons et \u00e0 quelles fins. Nous vous recommandons de la lire attentivement.<\/p>\n<p><strong>Acc\u00e8s au portail<\/strong><\/p>\n<p>Notre portail vous permet d&#8217;acc\u00e9der \u00e0 un environnement de gestion dans lequel vous pouvez d\u00e9finir, sp\u00e9cifier et modifier des param\u00e8tres.<\/p>\n<p>\u00c0 cette fin, nous utilisons votre num\u00e9ro de t\u00e9l\u00e9phone, votre adresse \u00e9lectronique, votre adresse IP, votre adresse de facturation et vos nom et adresse. Nous le faisons sur la base de votre consentement. Nous conservons ces informations jusqu&#8217;\u00e0 ce que nos services soient termin\u00e9s.<\/p>\n<p><strong>Formulaire de contact et lettre d&#8217;information<\/strong><\/p>\n<p>Vous pouvez utiliser notre formulaire de contact pour poser des questions ou faire une demande.<\/p>\n<p>\u00c0 cette fin, nous utilisons votre adresse IP, votre nom et vos coordonn\u00e9es, votre num\u00e9ro de t\u00e9l\u00e9phone et votre adresse \u00e9lectronique. Nous avons besoin de ces donn\u00e9es dans le cadre de notre accord avec vous. Nous conservons ces informations jusqu&#8217;\u00e0 ce que nous soyons s\u00fbrs que vous \u00eates satisfait de notre r\u00e9ponse et six mois plus tard. De cette mani\u00e8re, nous pouvons facilement acc\u00e9der \u00e0 ces informations au cas o\u00f9 vous auriez d&#8217;autres questions et am\u00e9liorer encore notre service \u00e0 la client\u00e8le.<\/p>\n<p>Nous avons une lettre d&#8217;information pour informer les personnes int\u00e9ress\u00e9es de nos produits et\/ou services. Chaque lettre d&#8217;information contient un lien permettant de se d\u00e9sinscrire de notre lettre d&#8217;information. Vous pouvez \u00e9galement utiliser notre portail pour ce faire.<br \/>\nVotre adresse \u00e9lectronique est ajout\u00e9e \u00e0 la liste des abonn\u00e9s, uniquement avec votre permission. Nous conservons ces informations jusqu&#8217;\u00e0 ce que vous vous d\u00e9sabonniez.<\/p>\n<p><strong>Traitement de votre commande<\/strong><\/p>\n<p>Nous utiliserons vos donn\u00e9es personnelles pour traiter votre commande. Nous pouvons partager vos donn\u00e9es avec le service de livraison pour que votre commande soit livr\u00e9e. Nous pouvons \u00e9galement obtenir des informations sur votre paiement aupr\u00e8s de votre banque ou de la soci\u00e9t\u00e9 \u00e9mettrice de votre carte de cr\u00e9dit.<\/p>\n<p>\u00c0 cette fin, nous utilisons votre adresse \u00e9lectronique, votre adresse IP, votre num\u00e9ro de t\u00e9l\u00e9phone, votre adresse de facturation et vos nom et adresse. Nous avons besoin de ces donn\u00e9es en raison de l&#8217;accord que nous avons conclu avec vous. Nous conservons ces informations jusqu&#8217;\u00e0 la fin de votre commande et sept ans apr\u00e8s (p\u00e9riode de conservation l\u00e9gale).<\/p>\n<p><strong>Promotion<\/strong><\/p>\n<p>Outre les publicit\u00e9s sur le site web, nous pouvons vous informer sur de nouveaux produits ou services :<\/p>\n<ul>\n<li>par e-mail<\/li>\n<li>via les m\u00e9dias sociaux<\/li>\n<\/ul>\n<p>Vous pouvez vous opposer \u00e0 tout moment \u00e0 cette communication promotionnelle. Chaque e-mail contient un lien d&#8217;annulation. Sur les m\u00e9dias sociaux, vous pouvez nous bloquer ou utiliser l&#8217;option d&#8217;annulation. En outre, vous pouvez nous informer par l&#8217;interm\u00e9diaire du portail.<\/p>\n<p><strong>Fourniture de donn\u00e9es \u00e0 des tiers<\/strong><\/p>\n<p>\u00c0 l&#8217;exception des parties mentionn\u00e9es ci-dessus, nous ne fournissons en aucun cas vos donn\u00e9es personnelles \u00e0 d&#8217;autres entreprises ou organisations, sauf si nous y sommes contraints par la loi (par exemple, lorsque la police demande l&#8217;acc\u00e8s \u00e0 des donn\u00e9es personnelles en cas de suspicion de crime).<\/p>\n<p><strong>Cookies de suivi<\/strong><\/p>\n<p>Notre site web utilise des cookies. Les cookies sont de petits fichiers dans lesquels nous pouvons stocker des informations afin que vous n&#8217;ayez pas \u00e0 les remplir \u00e0 nouveau. Nous pouvons \u00e9galement les utiliser pour savoir si vous revenez nous voir.<\/p>\n<p>Lors de votre premi\u00e8re visite sur notre site web, nous vous montrerons une notification expliquant nos cookies et nous vous demanderons la permission d&#8217;utiliser ces cookies.<\/p>\n<p>Vous pouvez d\u00e9sactiver l&#8217;utilisation des cookies par le biais des param\u00e8tres de votre navigateur, mais certaines parties de notre site web risquent alors de ne pas fonctionner correctement.<\/p>\n<p>Notre site web utilise des cookies de suivi pour am\u00e9liorer l&#8217;exp\u00e9rience de navigation et fournir un contenu et des services personnalis\u00e9s. Ces cookies de suivi recueillent des informations non personnelles sur vos interactions avec notre site web, telles que les pages visit\u00e9es, les liens cliqu\u00e9s et la dur\u00e9e des visites. Ces donn\u00e9es nous aident \u00e0 analyser et \u00e0 am\u00e9liorer les performances de notre site web, \u00e0 adapter le contenu \u00e0 vos int\u00e9r\u00eats et \u00e0 mesurer l&#8217;efficacit\u00e9 de nos campagnes de marketing.<\/p>\n<p>Ces cookies de suivi ne recueillent aucune information personnelle identifiable (PII), telle que votre nom, votre adresse ou vos coordonn\u00e9es. Les informations collect\u00e9es sont utilis\u00e9es uniquement \u00e0 des fins internes et nous ne les partageons pas avec des tiers \u00e0 des fins de publicit\u00e9 ou de marketing.<\/p>\n<p>Vous pouvez d\u00e9sactiver ou g\u00e9rer ces cookies de suivi par le biais des param\u00e8tres de votre navigateur, bien que cela puisse avoir une incidence sur certaines caract\u00e9ristiques et fonctionnalit\u00e9s de notre site web. En continuant \u00e0 utiliser notre site web, vous consentez \u00e0 l&#8217;utilisation de cookies de suivi tels que d\u00e9crits dans la pr\u00e9sente politique de confidentialit\u00e9.<\/p>\n<p><strong>Leadinfo<\/strong><\/p>\n<p>Nous utilisons le service de g\u00e9n\u00e9ration de leads fourni par Leadinfo B.V., Rotterdam, Pays-Bas, qui reconna\u00eet les visites des entreprises sur notre site web sur la base des adresses IP et nous montre des informations connexes accessibles au public, telles que les noms ou les adresses des entreprises. En outre, Leadinfo place deux cookies de premi\u00e8re partie pour assurer la transparence sur la mani\u00e8re dont nos visiteurs utilisent notre site web et l&#8217;outil traite les domaines des entr\u00e9es de formulaire fournies (par exemple &#8220;leadinfo.com&#8221;) pour corr\u00e9ler les adresses IP avec les entreprises et pour am\u00e9liorer ses services. Pour de plus amples informations, veuillez consulter le site www.leadinfo.com. Sur cette page : www.leadinfo.com\/en\/opt-out, vous disposez d&#8217;une option de refus. En cas d&#8217;opt-out, vos donn\u00e9es ne seront plus utilis\u00e9es par Leadinfo.<\/p>\n<p><strong>Google Analytics<\/strong><\/p>\n<p>Nous utilisons Google Analytics pour suivre les visiteurs sur notre site web et pour obtenir des rapports sur la fa\u00e7on dont les visiteurs utilisent le site web. Nous avons accept\u00e9 l&#8217;accord de traitement des donn\u00e9es de Google. Nous n&#8217;autorisons pas Google \u00e0 utiliser les informations obtenues par Analytics pour d&#8217;autres services Google, et nous rendons anonymes les adresses IP.<\/p>\n<p><strong>Microsoft Clarity<\/strong><\/p>\n<p>Nous travaillons en partenariat avec Microsoft Clarity et Microsoft Advertising pour d\u00e9terminer comment vous utilisez et interagissez avec notre site web par le biais de mesures comportementales, de cartes thermiques et de relecture de session afin d&#8217;am\u00e9liorer et de commercialiser nos produits\/services. Les donn\u00e9es relatives \u00e0 l&#8217;utilisation du site web sont saisies \u00e0 l&#8217;aide de cookies de premi\u00e8re et de tierce parties et d&#8217;autres technologies de suivi afin de d\u00e9terminer la popularit\u00e9 des produits\/services et de l&#8217;activit\u00e9 en ligne. En outre, nous utilisons ces informations \u00e0 des fins d&#8217;optimisation du site, de lutte contre la fraude, de s\u00e9curit\u00e9 et de publicit\u00e9. Pour plus d&#8217;informations sur la mani\u00e8re dont Microsoft recueille et utilise vos donn\u00e9es, consultez la d\u00e9claration de confidentialit\u00e9 de Microsoft.<\/p>\n<p><strong>S\u00e9curit\u00e9<\/strong><\/p>\n<p>Nous prenons des mesures de s\u00e9curit\u00e9 pour r\u00e9duire les abus et les acc\u00e8s non autoris\u00e9s aux donn\u00e9es personnelles. Nous prenons notamment les mesures suivantes :<\/p>\n<p>L&#8217;acc\u00e8s aux donn\u00e9es personnelles n\u00e9cessite l&#8217;utilisation d&#8217;un nom d&#8217;utilisateur et d&#8217;un mot de passe<br \/>\nNous utilisons des connexions s\u00e9curis\u00e9es (Secure Sockets Layer ou SSL) pour crypter toutes les informations \u00e9chang\u00e9es entre vous et notre site web lors de la saisie de vos donn\u00e9es personnelles.<br \/>\nModifications de la pr\u00e9sente d\u00e9claration de confidentialit\u00e9<\/p>\n<p>Nous nous r\u00e9servons le droit de modifier la pr\u00e9sente d\u00e9claration. Nous vous recommandons de consulter r\u00e9guli\u00e8rement cette d\u00e9claration afin de rester inform\u00e9 de tout changement.<\/p>\n<p><strong>Consultation et modification de vos donn\u00e9es<\/strong><\/p>\n<p>Vous pouvez toujours nous contacter si vous avez des questions concernant notre politique de confidentialit\u00e9 ou si vous souhaitez consulter, modifier ou supprimer vos donn\u00e9es personnelles.<\/p>\n<p><strong>Vous avez les droits suivants :<\/strong><\/p>\n<p>d&#8217;\u00eatre inform\u00e9 des donn\u00e9es personnelles dont nous disposons et de l&#8217;usage que nous en faisons ;<br \/>\nde consulter les donn\u00e9es personnelles que nous conservons \u00e0 votre sujet<br \/>\nde faire corriger les donn\u00e9es incorrectes<br \/>\nDemander la suppression de donn\u00e9es personnelles obsol\u00e8tes ;<br \/>\nR\u00e9voquer votre consentement ;<br \/>\nS&#8217;opposer \u00e0 certaines utilisations.<\/p>\n<p>Veuillez noter que vous devez toujours indiquer clairement qui vous \u00eates, afin que nous puissions nous assurer que nous ne modifions pas ou ne supprimons pas les donn\u00e9es de la mauvaise personne.<\/p>\n<p><strong>R\u00e9clamations<\/strong><\/p>\n<p>Si vous pensez que nous ne vous aidons pas de la bonne mani\u00e8re, vous avez le droit de d\u00e9poser une plainte aupr\u00e8s de l&#8217;autorit\u00e9 comp\u00e9tente. Pour les Pays-Bas, il s&#8217;agit de l&#8217;Autoriteit Persoonsgegevens.<\/p>\n<p><strong>Coordonn\u00e9es de contact<\/strong><\/p>\n<p>Movacolor B.V.<br \/>\nWolkammersstraat 5<br \/>\n8601 VB Sneek<br \/>\nPays-Bas<br \/>\ninfo@movacolor.com<br \/>\n+31 515 570 020<\/p>\n<\/div><\/div><\/div><\/div><\/div><\/div><\/div><\/section>\n","protected":false},"excerpt":{"rendered":"Politique en mati\u00e8re de confidentialit\u00e9 et de cookies 11 ao\u00fbt 2023 &#8211; Lors du traitement, nous nous conformons aux exigences de la l\u00e9gislation applicable en mati\u00e8re de protection des donn\u00e9es. Cela signifie que nous : sp\u00e9cifions clairement nos objectifs avant de traiter des donn\u00e9es \u00e0 caract\u00e8re personnel, en utilisant la pr\u00e9sente d\u00e9claration de confidentialit\u00e9 ;...","protected":false},"author":2,"featured_media":0,"parent":0,"menu_order":0,"comment_status":"closed","ping_status":"closed","template":"","meta":{"_acf_changed":false,"footnotes":""},"class_list":["post-7387","page","type-page","status-publish","hentry"],"acf":[],"yoast_head":"<!-- This site is optimized with the Yoast SEO plugin v26.4 - https:\/\/yoast.com\/wordpress\/plugins\/seo\/ -->\n<title>Politique en mati\u00e8re de confidentialit\u00e9 et de cookies - Movacolor<\/title>\n<meta name=\"description\" content=\"Prot\u00e9gez votre vie priv\u00e9e avec la politique de confidentialit\u00e9 et de cookies de Movacolor. En conformit\u00e9, nous assurons la s\u00e9curit\u00e9 de vos donn\u00e9es.\" \/>\n<meta name=\"robots\" content=\"index, follow, max-snippet:-1, max-image-preview:large, max-video-preview:-1\" \/>\n<link rel=\"canonical\" href=\"https:\/\/www.movacolor.com\/fr\/politique-en-matiere-de-confidentialite-et-de-cookies\/\" \/>\n<meta property=\"og:locale\" content=\"fr_FR\" \/>\n<meta property=\"og:type\" content=\"article\" \/>\n<meta property=\"og:title\" content=\"Politique en mati\u00e8re de confidentialit\u00e9 et de cookies - Movacolor\" \/>\n<meta property=\"og:description\" content=\"Prot\u00e9gez votre vie priv\u00e9e avec la politique de confidentialit\u00e9 et de cookies de Movacolor. En conformit\u00e9, nous assurons la s\u00e9curit\u00e9 de vos donn\u00e9es.\" \/>\n<meta property=\"og:url\" content=\"https:\/\/www.movacolor.com\/fr\/politique-en-matiere-de-confidentialite-et-de-cookies\/\" \/>\n<meta property=\"og:site_name\" content=\"Movacolor\" \/>\n<meta property=\"article:modified_time\" content=\"2024-02-09T18:37:18+00:00\" \/>\n<meta name=\"twitter:card\" content=\"summary_large_image\" \/>\n<meta name=\"twitter:label1\" content=\"Dur\u00e9e de lecture estim\u00e9e\" \/>\n\t<meta name=\"twitter:data1\" content=\"7 minutes\" \/>\n<script type=\"application\/ld+json\" class=\"yoast-schema-graph\">{\"@context\":\"https:\/\/schema.org\",\"@graph\":[{\"@type\":\"WebPage\",\"@id\":\"https:\/\/www.movacolor.com\/fr\/politique-en-matiere-de-confidentialite-et-de-cookies\/\",\"url\":\"https:\/\/www.movacolor.com\/fr\/politique-en-matiere-de-confidentialite-et-de-cookies\/\",\"name\":\"Politique en mati\u00e8re de confidentialit\u00e9 et de cookies - Movacolor\",\"isPartOf\":{\"@id\":\"https:\/\/www.movacolor.com\/fr\/#website\"},\"datePublished\":\"2023-03-28T07:58:55+00:00\",\"dateModified\":\"2024-02-09T18:37:18+00:00\",\"description\":\"Prot\u00e9gez votre vie priv\u00e9e avec la politique de confidentialit\u00e9 et de cookies de Movacolor. En conformit\u00e9, nous assurons la s\u00e9curit\u00e9 de vos donn\u00e9es.\",\"breadcrumb\":{\"@id\":\"https:\/\/www.movacolor.com\/fr\/politique-en-matiere-de-confidentialite-et-de-cookies\/#breadcrumb\"},\"inLanguage\":\"fr-FR\",\"potentialAction\":[{\"@type\":\"ReadAction\",\"target\":[\"https:\/\/www.movacolor.com\/fr\/politique-en-matiere-de-confidentialite-et-de-cookies\/\"]}]},{\"@type\":\"BreadcrumbList\",\"@id\":\"https:\/\/www.movacolor.com\/fr\/politique-en-matiere-de-confidentialite-et-de-cookies\/#breadcrumb\",\"itemListElement\":[{\"@type\":\"ListItem\",\"position\":1,\"name\":\"Home\",\"item\":\"https:\/\/www.movacolor.com\/fr\/\"},{\"@type\":\"ListItem\",\"position\":2,\"name\":\"Politique en mati\u00e8re de confidentialit\u00e9 et de cookies\"}]},{\"@type\":\"WebSite\",\"@id\":\"https:\/\/www.movacolor.com\/fr\/#website\",\"url\":\"https:\/\/www.movacolor.com\/fr\/\",\"name\":\"Movacolor\",\"description\":\"modular dosing solutions\",\"potentialAction\":[{\"@type\":\"SearchAction\",\"target\":{\"@type\":\"EntryPoint\",\"urlTemplate\":\"https:\/\/www.movacolor.com\/fr\/?s={search_term_string}\"},\"query-input\":{\"@type\":\"PropertyValueSpecification\",\"valueRequired\":true,\"valueName\":\"search_term_string\"}}],\"inLanguage\":\"fr-FR\"}]}<\/script>\n<!-- \/ Yoast SEO plugin. -->","yoast_head_json":{"title":"Politique en mati\u00e8re de confidentialit\u00e9 et de cookies - Movacolor","description":"Prot\u00e9gez votre vie priv\u00e9e avec la politique de confidentialit\u00e9 et de cookies de Movacolor. En conformit\u00e9, nous assurons la s\u00e9curit\u00e9 de vos donn\u00e9es.","robots":{"index":"index","follow":"follow","max-snippet":"max-snippet:-1","max-image-preview":"max-image-preview:large","max-video-preview":"max-video-preview:-1"},"canonical":"https:\/\/www.movacolor.com\/fr\/politique-en-matiere-de-confidentialite-et-de-cookies\/","og_locale":"fr_FR","og_type":"article","og_title":"Politique en mati\u00e8re de confidentialit\u00e9 et de cookies - Movacolor","og_description":"Prot\u00e9gez votre vie priv\u00e9e avec la politique de confidentialit\u00e9 et de cookies de Movacolor. En conformit\u00e9, nous assurons la s\u00e9curit\u00e9 de vos donn\u00e9es.","og_url":"https:\/\/www.movacolor.com\/fr\/politique-en-matiere-de-confidentialite-et-de-cookies\/","og_site_name":"Movacolor","article_modified_time":"2024-02-09T18:37:18+00:00","twitter_card":"summary_large_image","twitter_misc":{"Dur\u00e9e de lecture estim\u00e9e":"7 minutes"},"schema":{"@context":"https:\/\/schema.org","@graph":[{"@type":"WebPage","@id":"https:\/\/www.movacolor.com\/fr\/politique-en-matiere-de-confidentialite-et-de-cookies\/","url":"https:\/\/www.movacolor.com\/fr\/politique-en-matiere-de-confidentialite-et-de-cookies\/","name":"Politique en mati\u00e8re de confidentialit\u00e9 et de cookies - Movacolor","isPartOf":{"@id":"https:\/\/www.movacolor.com\/fr\/#website"},"datePublished":"2023-03-28T07:58:55+00:00","dateModified":"2024-02-09T18:37:18+00:00","description":"Prot\u00e9gez votre vie priv\u00e9e avec la politique de confidentialit\u00e9 et de cookies de Movacolor. En conformit\u00e9, nous assurons la s\u00e9curit\u00e9 de vos donn\u00e9es.","breadcrumb":{"@id":"https:\/\/www.movacolor.com\/fr\/politique-en-matiere-de-confidentialite-et-de-cookies\/#breadcrumb"},"inLanguage":"fr-FR","potentialAction":[{"@type":"ReadAction","target":["https:\/\/www.movacolor.com\/fr\/politique-en-matiere-de-confidentialite-et-de-cookies\/"]}]},{"@type":"BreadcrumbList","@id":"https:\/\/www.movacolor.com\/fr\/politique-en-matiere-de-confidentialite-et-de-cookies\/#breadcrumb","itemListElement":[{"@type":"ListItem","position":1,"name":"Home","item":"https:\/\/www.movacolor.com\/fr\/"},{"@type":"ListItem","position":2,"name":"Politique en mati\u00e8re de confidentialit\u00e9 et de cookies"}]},{"@type":"WebSite","@id":"https:\/\/www.movacolor.com\/fr\/#website","url":"https:\/\/www.movacolor.com\/fr\/","name":"Movacolor","description":"modular dosing solutions","potentialAction":[{"@type":"SearchAction","target":{"@type":"EntryPoint","urlTemplate":"https:\/\/www.movacolor.com\/fr\/?s={search_term_string}"},"query-input":{"@type":"PropertyValueSpecification","valueRequired":true,"valueName":"search_term_string"}}],"inLanguage":"fr-FR"}]}},"_links":{"self":[{"href":"https:\/\/www.movacolor.com\/fr\/wp-json\/wp\/v2\/pages\/7387","targetHints":{"allow":["GET"]}}],"collection":[{"href":"https:\/\/www.movacolor.com\/fr\/wp-json\/wp\/v2\/pages"}],"about":[{"href":"https:\/\/www.movacolor.com\/fr\/wp-json\/wp\/v2\/types\/page"}],"author":[{"embeddable":true,"href":"https:\/\/www.movacolor.com\/fr\/wp-json\/wp\/v2\/users\/2"}],"replies":[{"embeddable":true,"href":"https:\/\/www.movacolor.com\/fr\/wp-json\/wp\/v2\/comments?post=7387"}],"version-history":[{"count":4,"href":"https:\/\/www.movacolor.com\/fr\/wp-json\/wp\/v2\/pages\/7387\/revisions"}],"predecessor-version":[{"id":8033,"href":"https:\/\/www.movacolor.com\/fr\/wp-json\/wp\/v2\/pages\/7387\/revisions\/8033"}],"wp:attachment":[{"href":"https:\/\/www.movacolor.com\/fr\/wp-json\/wp\/v2\/media?parent=7387"}],"curies":[{"name":"wp","href":"https:\/\/api.w.org\/{rel}","templated":true}]}}